{"id":14502,"date":"2019-07-29T17:30:41","date_gmt":"2019-07-29T15:30:41","guid":{"rendered":"http:\/\/spmlodzawy.pl\/?page_id=14502"},"modified":"2019-08-02T09:28:39","modified_gmt":"2019-08-02T07:28:39","slug":"posilek-w-szkole-i-w-domu","status":"publish","type":"page","link":"http:\/\/spmlodzawy.pl\/index.php\/posilek-w-szkole-i-w-domu\/","title":{"rendered":"POSI\u0141EK W SZKOLE I W DOMU"},"content":{"rendered":"<p style=\"text-align: justify;\"><strong><img decoding=\"async\" loading=\"lazy\" class=\" wp-image-14508 alignleft\" src=\"http:\/\/spmlodzawy.pl\/wp-content\/uploads\/2019\/07\/indeks-300x119.jpg\" alt=\"\" width=\"315\" height=\"125\" \/>\u201ePosi\u0142ek w szkole i w domu\u201d <\/strong>to rz\u0105dowy program skierowany do organ\u00f3w prowadz\u0105cych publiczne szko\u0142y podstawowe, w tym szko\u0142y artystyczne realizuj\u0105ce kszta\u0142cenie og\u00f3lne w zakresie szko\u0142y podstawowej.<\/p>\n<p style=\"text-align: justify;\"><strong>W ramach programu uzyskali\u015bmy dofinansowanie w kwocie <span style=\"text-decoration: underline; color: #000000;\">16\u00a0000 z\u0142 <\/span>\u00a0na doposa\u017cenie i popraw\u0119 standardu funkcjonuj\u0105cej w plac\u00f3wce sto\u0142\u00f3wki<\/strong> \u00a0&#8211; w\u0142asnej kuchni i jadalni. Ca\u0142kowity koszt realizowanego zadania <strong>to 20 000 z\u0142<\/strong>.<\/p>\n<p style=\"text-align: justify;\">Uzyskane fundusze przeznaczone zostan\u0105 na zakup stolik\u00f3w do jadalni, gazowej kuchni gastronomicznej, zmywarki z ostatni\u0105 faz\u0105 wyparzania oraz doposa\u017cenie szkolnej kuchni i sto\u0142\u00f3wki w zastaw\u0119 sto\u0142ow\u0105, sztu\u0107ce, garnki, naczynia, w\u00f3zek gastronomiczny, blender, termosy, kosze, wag\u0119 kuchenn\u0105 i akcesoria kuchenne niezb\u0119dne w codziennym u\u017cytkowaniu (drobne AGD).<\/p>\n","protected":false},"excerpt":{"rendered":"<p>\u201ePosi\u0142ek w szkole i w domu\u201d to rz\u0105dowy program skierowany do organ\u00f3w prowadz\u0105cych publiczne szko\u0142y podstawowe, w tym szko\u0142y artystyczne realizuj\u0105ce kszta\u0142cenie og\u00f3lne w zakresie szko\u0142y podstawowej. W ramach programu uzyskali\u015bmy dofinansowanie w kwocie 16\u00a0000 z\u0142 \u00a0na doposa\u017cenie i popraw\u0119 &hellip; <a href=\"http:\/\/spmlodzawy.pl\/index.php\/posilek-w-szkole-i-w-domu\/\">Czytaj dalej <span class=\"meta-nav\">&rarr;<\/span><\/a><\/p>\n","protected":false},"author":1,"featured_media":0,"parent":0,"menu_order":0,"comment_status":"closed","ping_status":"closed","template":"","meta":[],"_links":{"self":[{"href":"http:\/\/spmlodzawy.pl\/index.php\/wp-json\/wp\/v2\/pages\/14502"}],"collection":[{"href":"http:\/\/spmlodzawy.pl\/index.php\/wp-json\/wp\/v2\/pages"}],"about":[{"href":"http:\/\/spmlodzawy.pl\/index.php\/wp-json\/wp\/v2\/types\/page"}],"author":[{"embeddable":true,"href":"http:\/\/spmlodzawy.pl\/index.php\/wp-json\/wp\/v2\/users\/1"}],"replies":[{"embeddable":true,"href":"http:\/\/spmlodzawy.pl\/index.php\/wp-json\/wp\/v2\/comments?post=14502"}],"version-history":[{"count":8,"href":"http:\/\/spmlodzawy.pl\/index.php\/wp-json\/wp\/v2\/pages\/14502\/revisions"}],"predecessor-version":[{"id":14541,"href":"http:\/\/spmlodzawy.pl\/index.php\/wp-json\/wp\/v2\/pages\/14502\/revisions\/14541"}],"wp:attachment":[{"href":"http:\/\/spmlodzawy.pl\/index.php\/wp-json\/wp\/v2\/media?parent=14502"}],"curies":[{"name":"wp","href":"https:\/\/api.w.org\/{rel}","templated":true}]}}