{"id":1496,"date":"2017-10-30T20:39:05","date_gmt":"2017-10-30T19:39:05","guid":{"rendered":"http:\/\/spmlodzawy.pl\/?page_id=1496"},"modified":"2022-03-22T19:37:42","modified_gmt":"2022-03-22T18:37:42","slug":"mfundacja-mamo-tato-matematyka-jest-fajna","status":"publish","type":"page","link":"http:\/\/spmlodzawy.pl\/index.php\/mfundacja-mamo-tato-matematyka-jest-fajna\/","title":{"rendered":"mFundacja &#8222;Mamo, tato, matematyka jest fajna&#8221;"},"content":{"rendered":"<p><img decoding=\"async\" loading=\"lazy\" class=\"wp-image-34422 alignleft\" src=\"http:\/\/spmlodzawy.pl\/wp-content\/uploads\/2017\/10\/indeks.jpg\" alt=\"\" width=\"171\" height=\"132\" \/><\/p>\n<p style=\"text-align: center;\"><em><strong>\u201dMAMO, TATO MATEMATYKA JEST FAJNA\u201d<\/strong><\/em><\/p>\n<p style=\"text-align: center;\"><strong>Projekt matematyczny mFundacji realizowany w ramach IV edycji Programu \u201emPot\u0119ga\u201d.<\/strong><\/p>\n<p>&nbsp;<\/p>\n<p style=\"text-align: center;\"><em><strong>HARMONOGRAM DZIA\u0141A\u0143<\/strong><\/em><\/p>\n<table>\n<tbody>\n<tr>\n<td width=\"614\">\n<p style=\"text-align: center;\"><strong>WRZESIE\u0143<\/strong><\/p>\n<\/td>\n<\/tr>\n<tr>\n<td width=\"614\">1.\u00a0\u00a0\u00a0 Promocja projektu.<\/p>\n<p>2.\u00a0\u00a0\u00a0 Warsztaty \u201eTabliczka mno\u017cenia nie musi by\u0107 trudna\u201d.<\/p>\n<p>3.\u00a0\u00a0\u00a0 Matematyka w moim otoczeniu \u201eMatematyczne podchody\u201d<\/p>\n<p>4.\u00a0\u00a0\u00a0 Matematyka w moim otoczeniu \u201e\u015awiatowy Dzie\u0144 tabliczki mno\u017cenia\u201d<\/td>\n<\/tr>\n<tr>\n<td width=\"614\">\n<p style=\"text-align: center;\"><strong>PA\u0179DZIERNIK<\/strong><\/p>\n<\/td>\n<\/tr>\n<tr>\n<td width=\"614\">1.\u00a0\u00a0\u00a0 Matematyczny J\u0119drzej\u00f3w i Krak\u00f3w \u2013 wycieczka edukacyjna.<\/p>\n<p>2.\u00a0\u00a0\u00a0 Warsztaty \u201eRemont \u2013 po co ucz\u0119 si\u0119 obliczania p\u00f3l figur i obwod\u00f3w?\u201d<\/td>\n<\/tr>\n<tr>\n<td width=\"614\">\n<p style=\"text-align: center;\"><strong>LISTOPAD<\/strong><\/p>\n<\/td>\n<\/tr>\n<tr>\n<td width=\"614\">1.\u00a0\u00a0\u00a0 Warsztaty \u201eIle si\u0119 zmie\u015bci \u2013 obj\u0119to\u015b\u0107 bry\u0142y\u201d, \u201eKulinarne u\u0142amki\u201d.<\/p>\n<p>2.\u00a0\u00a0\u00a0 Matematyka w moim otoczeniu \u201eZakupy i promocje\u201d.<\/p>\n<p>3.\u00a0\u00a0\u00a0 Rozpocz\u0119cie wykonania planu dzia\u0142ki szkolnej i sal lekcyjnych<br \/>\nw okre\u015blonej skali (podzia\u0142 na grupy wiekowe) \u2013 konkurs<br \/>\nz nagrodami.<\/td>\n<\/tr>\n<tr>\n<td width=\"614\">\n<p style=\"text-align: center;\"><strong>GRUDZIE\u0143<\/strong><\/p>\n<\/td>\n<\/tr>\n<tr>\n<td width=\"614\">1.\u00a0\u00a0\u00a0 Warsztaty \u201eDroga, pr\u0119dko\u015b\u0107, czas\u201d.<\/p>\n<p>2.\u00a0\u00a0\u00a0 Doko\u0144czenie planu dzia\u0142ki szkolnej i sal lekcyjnych w okre\u015blonej skali (podzia\u0142 na grupy wiekowe) \u2013 konkurs z nagrodami.<\/p>\n<p>3.\u00a0\u00a0\u00a0 Zako\u0144czenie i podsumowanie projektu podczas \u201eSpotkania op\u0142atkowego\u201d.<\/td>\n<\/tr>\n<\/tbody>\n<\/table>\n<p>&nbsp;<\/p>\n","protected":false},"excerpt":{"rendered":"<p>\u201dMAMO, TATO MATEMATYKA JEST FAJNA\u201d Projekt matematyczny mFundacji realizowany w ramach IV edycji Programu \u201emPot\u0119ga\u201d. &nbsp; HARMONOGRAM DZIA\u0141A\u0143 WRZESIE\u0143 1.\u00a0\u00a0\u00a0 Promocja projektu. 2.\u00a0\u00a0\u00a0 Warsztaty \u201eTabliczka mno\u017cenia nie musi by\u0107 trudna\u201d. 3.\u00a0\u00a0\u00a0 Matematyka w moim otoczeniu \u201eMatematyczne podchody\u201d 4.\u00a0\u00a0\u00a0 Matematyka w &hellip; <a href=\"http:\/\/spmlodzawy.pl\/index.php\/mfundacja-mamo-tato-matematyka-jest-fajna\/\">Czytaj dalej <span class=\"meta-nav\">&rarr;<\/span><\/a><\/p>\n","protected":false},"author":1,"featured_media":0,"parent":0,"menu_order":0,"comment_status":"closed","ping_status":"closed","template":"","meta":[],"_links":{"self":[{"href":"http:\/\/spmlodzawy.pl\/index.php\/wp-json\/wp\/v2\/pages\/1496"}],"collection":[{"href":"http:\/\/spmlodzawy.pl\/index.php\/wp-json\/wp\/v2\/pages"}],"about":[{"href":"http:\/\/spmlodzawy.pl\/index.php\/wp-json\/wp\/v2\/types\/page"}],"author":[{"embeddable":true,"href":"http:\/\/spmlodzawy.pl\/index.php\/wp-json\/wp\/v2\/users\/1"}],"replies":[{"embeddable":true,"href":"http:\/\/spmlodzawy.pl\/index.php\/wp-json\/wp\/v2\/comments?post=1496"}],"version-history":[{"count":3,"href":"http:\/\/spmlodzawy.pl\/index.php\/wp-json\/wp\/v2\/pages\/1496\/revisions"}],"predecessor-version":[{"id":34423,"href":"http:\/\/spmlodzawy.pl\/index.php\/wp-json\/wp\/v2\/pages\/1496\/revisions\/34423"}],"wp:attachment":[{"href":"http:\/\/spmlodzawy.pl\/index.php\/wp-json\/wp\/v2\/media?parent=1496"}],"curies":[{"name":"wp","href":"https:\/\/api.w.org\/{rel}","templated":true}]}}