{"id":15236,"date":"2019-09-19T20:21:29","date_gmt":"2019-09-19T18:21:29","guid":{"rendered":"http:\/\/spmlodzawy.pl\/?page_id=15236"},"modified":"2019-09-19T20:21:29","modified_gmt":"2019-09-19T18:21:29","slug":"wyjazd-w-gory-swietokrzyskie","status":"publish","type":"page","link":"http:\/\/spmlodzawy.pl\/index.php\/wyjazd-w-gory-swietokrzyskie\/","title":{"rendered":"Wyjazd w G\u00f3ry \u015awi\u0119tokrzyskie"},"content":{"rendered":"Gallery with ID 508 doesn't exist.\n","protected":false},"excerpt":{"rendered":"","protected":false},"author":1,"featured_media":0,"parent":0,"menu_order":0,"comment_status":"closed","ping_status":"closed","template":"","meta":[],"_links":{"self":[{"href":"http:\/\/spmlodzawy.pl\/index.php\/wp-json\/wp\/v2\/pages\/15236"}],"collection":[{"href":"http:\/\/spmlodzawy.pl\/index.php\/wp-json\/wp\/v2\/pages"}],"about":[{"href":"http:\/\/spmlodzawy.pl\/index.php\/wp-json\/wp\/v2\/types\/page"}],"author":[{"embeddable":true,"href":"http:\/\/spmlodzawy.pl\/index.php\/wp-json\/wp\/v2\/users\/1"}],"replies":[{"embeddable":true,"href":"http:\/\/spmlodzawy.pl\/index.php\/wp-json\/wp\/v2\/comments?post=15236"}],"version-history":[{"count":1,"href":"http:\/\/spmlodzawy.pl\/index.php\/wp-json\/wp\/v2\/pages\/15236\/revisions"}],"predecessor-version":[{"id":15237,"href":"http:\/\/spmlodzawy.pl\/index.php\/wp-json\/wp\/v2\/pages\/15236\/revisions\/15237"}],"wp:attachment":[{"href":"http:\/\/spmlodzawy.pl\/index.php\/wp-json\/wp\/v2\/media?parent=15236"}],"curies":[{"name":"wp","href":"https:\/\/api.w.org\/{rel}","templated":true}]}}