{"id":15383,"date":"2019-09-20T21:25:17","date_gmt":"2019-09-20T19:25:17","guid":{"rendered":"http:\/\/spmlodzawy.pl\/?page_id=15383"},"modified":"2019-09-20T21:25:17","modified_gmt":"2019-09-20T19:25:17","slug":"swiety-krzyz","status":"publish","type":"page","link":"http:\/\/spmlodzawy.pl\/index.php\/swiety-krzyz\/","title":{"rendered":"\u015awi\u0119ty Krzy\u017c"},"content":{"rendered":"Gallery with ID 511 doesn't exist.\n","protected":false},"excerpt":{"rendered":"","protected":false},"author":1,"featured_media":0,"parent":0,"menu_order":0,"comment_status":"closed","ping_status":"closed","template":"","meta":[],"_links":{"self":[{"href":"http:\/\/spmlodzawy.pl\/index.php\/wp-json\/wp\/v2\/pages\/15383"}],"collection":[{"href":"http:\/\/spmlodzawy.pl\/index.php\/wp-json\/wp\/v2\/pages"}],"about":[{"href":"http:\/\/spmlodzawy.pl\/index.php\/wp-json\/wp\/v2\/types\/page"}],"author":[{"embeddable":true,"href":"http:\/\/spmlodzawy.pl\/index.php\/wp-json\/wp\/v2\/users\/1"}],"replies":[{"embeddable":true,"href":"http:\/\/spmlodzawy.pl\/index.php\/wp-json\/wp\/v2\/comments?post=15383"}],"version-history":[{"count":1,"href":"http:\/\/spmlodzawy.pl\/index.php\/wp-json\/wp\/v2\/pages\/15383\/revisions"}],"predecessor-version":[{"id":15384,"href":"http:\/\/spmlodzawy.pl\/index.php\/wp-json\/wp\/v2\/pages\/15383\/revisions\/15384"}],"wp:attachment":[{"href":"http:\/\/spmlodzawy.pl\/index.php\/wp-json\/wp\/v2\/media?parent=15383"}],"curies":[{"name":"wp","href":"https:\/\/api.w.org\/{rel}","templated":true}]}}