{"id":15429,"date":"2019-09-21T13:00:34","date_gmt":"2019-09-21T11:00:34","guid":{"rendered":"http:\/\/spmlodzawy.pl\/?page_id=15429"},"modified":"2019-10-01T16:17:40","modified_gmt":"2019-10-01T14:17:40","slug":"uniwersytet-dzieci","status":"publish","type":"page","link":"http:\/\/spmlodzawy.pl\/index.php\/uniwersytet-dzieci\/","title":{"rendered":"Uniwersytet Dzieci"},"content":{"rendered":"<p style=\"text-align: justify;\"><strong><em><img decoding=\"async\" loading=\"lazy\" class=\"wp-image-15880 alignleft\" src=\"http:\/\/spmlodzawy.pl\/wp-content\/uploads\/2019\/10\/imageedit_5_7078378070-e1553859279331-300x175.png\" alt=\"\" width=\"240\" height=\"140\" srcset=\"http:\/\/spmlodzawy.pl\/wp-content\/uploads\/2019\/10\/imageedit_5_7078378070-e1553859279331-300x175.png 300w, http:\/\/spmlodzawy.pl\/wp-content\/uploads\/2019\/10\/imageedit_5_7078378070-e1553859279331-768x447.png 768w, http:\/\/spmlodzawy.pl\/wp-content\/uploads\/2019\/10\/imageedit_5_7078378070-e1553859279331.png 853w\" sizes=\"(max-width: 240px) 100vw, 240px\" \/>\u201eUniwersytet Dzieci\u201d<\/em><\/strong> to bezp\u0142atny og\u00f3lnopolski projekt edukacyjny dotycz\u0105cy r\u00f3\u017cnych dziedzin nauki. W roku szkolnym 2019\/20 <strong>nauczyciele i uczniowie klas 1-3 <\/strong>b\u0119d\u0105 uczestniczy\u0107 w jednym z trzynastu projekt\u00f3w edukacyjnych w ramach programu Uniwersytet Dzieci w Klasie. Projekty zawieraj\u0105 gotowe scenariusze lekcji, filmy oraz materia\u0142y edukacyjne do wykorzystania w trakcie zaj\u0119\u0107. Scenariusze powstaj\u0105 we wsp\u00f3\u0142pracy z naukowcami i specjalistami Uniwersytetu Dzieci na podstawie autorskiej Metody Pyta\u0144 i Do\u015bwiadcze\u0144. Nauczyciele, pracuj\u0105c t\u0105 metod\u0105, zmieniaj\u0105 szkolne klasy w prawdziwe centra nauki, a uczni\u00f3w w ciekawych \u015bwiata badaczy!<\/p>\n<p style=\"text-align: justify;\">Ka\u017cdy z projekt\u00f3w sk\u0142ada si\u0119 z cyklu <strong>8 lekcji<\/strong> powi\u0105zanych ze sob\u0105 tematycznie. Tematyka projekt\u00f3w jest r\u00f3\u017cnorodna. Nauczyciele edukacji wczesnoszkolnej zabior\u0105 uczni\u00f3w w fascynuj\u0105c\u0105 podr\u00f3\u017c po \u015bwiecie nowych technologii i programowania <a href=\"https:\/\/wklasie.uniwersytetdzieci.pl\/program\/technologie-z-klasa-czy-wiesz-jak-porozumiewaja-sie-roboty\">(Technologie z klas\u0105)<\/a>, przyrody <a href=\"https:\/\/wklasie.uniwersytetdzieci.pl\/program\/przyroda-z-klasa-czy-wiesz-jak-zyje-jez\">(Przyroda z klas\u0105<\/a>, <a href=\"https:\/\/wklasie.uniwersytetdzieci.pl\/program\/akademia-lesna-jak-tropic-slady-w-przyrodzie\">Akademia Le\u015bna)<\/a>, matematyki <a href=\"https:\/\/wklasie.uniwersytetdzieci.pl\/program\/matematyka-z-klasa-czy-wiesz-ze-matematyka-jest-wszedzie\">(Matematyka z klas\u0105)<\/a>, zagadek detektywistycznych <a href=\"https:\/\/wklasie.uniwersytetdzieci.pl\/program\/mali-detektywi-jak-odroznic-prawde-od-falszu\">(Mali Detektywi)<\/a>, emocji <a href=\"https:\/\/wklasie.uniwersytetdzieci.pl\/program\/lekcje-z-klasa-czy-wiesz-jak-odczytywac-emocje\">(Lekcje z klas\u0105)<\/a>\u00a0oraz ekologii <a href=\"https:\/\/wklasie.uniwersytetdzieci.pl\/program\/klimatyczna-klasa-jaka-role-odgrywaja-drzewa-w-miescie\">(Ekologia. Klimatyczna Klasa)<\/a>. Natomiast dzi\u0119ki projektowi\u00a0<a href=\"https:\/\/wklasie.uniwersytetdzieci.pl\/program\/inspiruje-do-nauki-jak-stworzyc-autorski-cykl-lekcji\">Inspiruj\u0119 do nauki<\/a> pedagodzy wymy\u015bl\u0105 autorski cykl lekcji w oparciu o scenariusze z programu Uniwersytet Dzieci w Klasie.<\/p>\n<p style=\"text-align: justify;\">Z my\u015bl\u0105 o potrzebach uczni\u00f3w <strong>klas 1-3<\/strong> powsta\u0142y r\u00f3wnie\u017c nowe projekty edukacyjne dotycz\u0105ce trzech dziedzin nauki: muzyki, przedsi\u0119biorczo\u015bci i techniki. Realizuj\u0105c scenariusze o tematyce muzycznej <a href=\"https:\/\/wklasie.uniwersytetdzieci.pl\/program\/sztuka-do-czego-inspiruje-nas-muzyka\">(Muzyka. Jak inspiruj\u0105 nas d\u017awi\u0119ki?)<\/a> dzieci dostrzeg\u0105 r\u00f3\u017cnorodno\u015b\u0107 d\u017awi\u0119k\u00f3w oraz dowiedz\u0105 si\u0119, jak wyra\u017ca\u0107 siebie za pomoc\u0105 melodii. W ramach projektu <a href=\"https:\/\/wklasie.uniwersytetdzieci.pl\/program\/przedsiebiorczosc-jak-zrealizowac-pomysl\">Przedsi\u0119biorczo\u015b\u0107. Jak zrealizowa\u0107 pomys\u0142?<\/a> uczniowie naucz\u0105 si\u0119 pracy projektowej i d\u0105\u017cenia do celu. Podczas lekcji z projektu <a href=\"https:\/\/wklasie.uniwersytetdzieci.pl\/program\/technika-czym-mozemy-podrozowac\">Technika. Czy samochody mog\u0105 lata\u0107?<\/a>\u00a0zdob\u0119d\u0105 manualne umiej\u0119tno\u015bci zwi\u0105zane z konstruowaniem modeli r\u00f3\u017cnych pojazd\u00f3w oraz rozbudz\u0105 swoj\u0105 wyobra\u017ani\u0119 przestrzenn\u0105.<\/p>\n<p style=\"text-align: justify;\">Opr\u00f3cz dost\u0119pu do ciekawych scenariuszy zaj\u0119\u0107, film\u00f3w i materia\u0142\u00f3w edukacyjnych uczestnicy projekt\u00f3w otrzymaj\u0105 <strong>interesuj\u0105ce nagrody<\/strong>:<\/p>\n<ul>\n<li style=\"text-align: justify;\">pakiet powitalny dla nowych uczestnik\u00f3w (tabliczka oraz indeksy dla uczni\u00f3w do notowania post\u0119p\u00f3w w projekcie),<\/li>\n<li style=\"text-align: justify;\">list do dyrekcji szko\u0142y informuj\u0105cy o Twoim udziale w projekcie,<\/li>\n<li style=\"text-align: justify;\">mo\u017cliwo\u015b\u0107 udzia\u0142u w drugiej edycji konferencji dla nauczycieli \u201cInspiruj\u0119 do nauki i rozwoju\u201d organizowanej przez Fundacj\u0119 Uniwersytet Dzieci,<\/li>\n<li style=\"text-align: justify;\">wyk\u0142ad dla uczni\u00f3w klas 1-3 o tematyce przyrodniczej lub technicznej poprowadzony przez naukowca na uczelni wy\u017cszej wiosn\u0105 2020 r. (opcjonalna cz\u0119\u015b\u0107 projektu; udzia\u0142 w wyk\u0142adzie p\u0142atny dla uczni\u00f3w),<\/li>\n<li style=\"text-align: justify;\">artyku\u0142y specjalistyczne (strefa wiedzy dla nauczyciela) i inne materia\u0142y dydaktyczne, w tym filmy,<\/li>\n<li style=\"text-align: justify;\">certyfikat dla nauczyciela, dyplom dla klasy oraz dyplom uczestnictwa dla uczni\u00f3w do pobrania po zako\u0144czeniu projektu.<\/li>\n<\/ul>\n<p>&nbsp;<\/p>\n","protected":false},"excerpt":{"rendered":"<p>\u201eUniwersytet Dzieci\u201d to bezp\u0142atny og\u00f3lnopolski projekt edukacyjny dotycz\u0105cy r\u00f3\u017cnych dziedzin nauki. W roku szkolnym 2019\/20 nauczyciele i uczniowie klas 1-3 b\u0119d\u0105 uczestniczy\u0107 w jednym z trzynastu projekt\u00f3w edukacyjnych w ramach programu Uniwersytet Dzieci w Klasie. Projekty zawieraj\u0105 gotowe scenariusze lekcji, &hellip; <a href=\"http:\/\/spmlodzawy.pl\/index.php\/uniwersytet-dzieci\/\">Czytaj dalej <span class=\"meta-nav\">&rarr;<\/span><\/a><\/p>\n","protected":false},"author":1,"featured_media":0,"parent":0,"menu_order":0,"comment_status":"closed","ping_status":"closed","template":"","meta":[],"_links":{"self":[{"href":"http:\/\/spmlodzawy.pl\/index.php\/wp-json\/wp\/v2\/pages\/15429"}],"collection":[{"href":"http:\/\/spmlodzawy.pl\/index.php\/wp-json\/wp\/v2\/pages"}],"about":[{"href":"http:\/\/spmlodzawy.pl\/index.php\/wp-json\/wp\/v2\/types\/page"}],"author":[{"embeddable":true,"href":"http:\/\/spmlodzawy.pl\/index.php\/wp-json\/wp\/v2\/users\/1"}],"replies":[{"embeddable":true,"href":"http:\/\/spmlodzawy.pl\/index.php\/wp-json\/wp\/v2\/comments?post=15429"}],"version-history":[{"count":4,"href":"http:\/\/spmlodzawy.pl\/index.php\/wp-json\/wp\/v2\/pages\/15429\/revisions"}],"predecessor-version":[{"id":15884,"href":"http:\/\/spmlodzawy.pl\/index.php\/wp-json\/wp\/v2\/pages\/15429\/revisions\/15884"}],"wp:attachment":[{"href":"http:\/\/spmlodzawy.pl\/index.php\/wp-json\/wp\/v2\/media?parent=15429"}],"curies":[{"name":"wp","href":"https:\/\/api.w.org\/{rel}","templated":true}]}}