{"id":15997,"date":"2019-10-09T15:06:34","date_gmt":"2019-10-09T13:06:34","guid":{"rendered":"http:\/\/spmlodzawy.pl\/?page_id=15997"},"modified":"2019-10-09T15:09:10","modified_gmt":"2019-10-09T13:09:10","slug":"chcesz-byc-sprawny-trenuj-cialo","status":"publish","type":"page","link":"http:\/\/spmlodzawy.pl\/index.php\/chcesz-byc-sprawny-trenuj-cialo\/","title":{"rendered":"CHCESZ BY\u0106 SPRAWNY \u2013TRENUJ CIA\u0141O!"},"content":{"rendered":"<p style=\"text-align: justify;\"><img decoding=\"async\" loading=\"lazy\" class=\"wp-image-16001 alignleft\" src=\"http:\/\/spmlodzawy.pl\/wp-content\/uploads\/2019\/10\/BGK-fundacja-RGB-01-300x162.png\" alt=\"\" width=\"218\" height=\"118\" srcset=\"http:\/\/spmlodzawy.pl\/wp-content\/uploads\/2019\/10\/BGK-fundacja-RGB-01-300x162.png 300w, http:\/\/spmlodzawy.pl\/wp-content\/uploads\/2019\/10\/BGK-fundacja-RGB-01-768x415.png 768w, http:\/\/spmlodzawy.pl\/wp-content\/uploads\/2019\/10\/BGK-fundacja-RGB-01-1024x554.png 1024w\" sizes=\"(max-width: 218px) 100vw, 218px\" \/>Projekt realizowany przez <strong>Stowarzyszenie Rozwoju M\u0142odzaw \u2013 Nasza Przysz\u0142o\u015b\u0107<\/strong> finansowany ze \u015brodk\u00f3w Fundacji BGK w ramach programu grantowego Moja Ma\u0142a Ojczyzna.<\/p>\n<p style=\"text-align: justify;\">Dzia\u0142ania projektowe skierowane s\u0105 do mieszka\u0144c\u00f3w M\u0142odzaw i okolicznych wsi stanowi\u0105cych obw\u00f3d szkolny Szko\u0142y Podstawowej i Przedszkola w M\u0142odzawach, a odbiorcami s\u0105 przede wszystkim dzieci i m\u0142odzie\u017c w wieku szkolnym, kt\u00f3rzy korzystaj\u0105c z urz\u0105dze\u0144 b\u0119d\u0105 rozwijali swoj\u0105 sprawno\u015b\u0107 fizyczn\u0105.<\/p>\n<p style=\"text-align: justify;\"><strong>Celem realizacji projektu jest:<\/strong><\/p>\n<ol style=\"text-align: justify;\">\n<li>Poprawa przestrzeni publicznej towarzysz\u0105cej zaspokojeniu potrzeb mieszka\u0144c\u00f3w.<\/li>\n<li>Wsparcie infrastruktury Szko\u0142y Podstawowej i Przedszkola w M\u0142odzawach poprzez monta\u017c urz\u0105dze\u0144 sprawno\u015bciowych i rekreacyjnych.<\/li>\n<li>Pobudzenie aktywno\u015bci fizycznej mieszka\u0144c\u00f3w, g\u0142\u00f3wnie dzieci i m\u0142odzie\u017cy, kt\u00f3rzy zyskaj\u0105 sw\u00f3j raj do zabawy.<\/li>\n<li>Integracja mieszka\u0144c\u00f3w.<\/li>\n<\/ol>\n<p style=\"text-align: justify;\">W ramach realizacji zadania na placu przy szkole podstawowej zostan\u0105 zamontowane urz\u0105dzenia:<\/p>\n<ul style=\"text-align: justify;\">\n<li>linarium (sto\u017cek du\u017cy),<\/li>\n<li>linarium (klepsydra),<\/li>\n<li>hu\u015btawka bocianie gniazdo,<\/li>\n<li>2 \u0142awki z metalowym oparciem.<\/li>\n<\/ul>\n<p style=\"text-align: justify;\">Na zako\u0144czenie zaplanowano integracj\u0119 mieszka\u0144c\u00f3w. Zorganizowany b\u0119dzie Piknik Rodzinny z okazji Dnia Dziecka.<\/p>\n<p style=\"text-align: justify;\">Przygotujemy liczne gry, zabawy i konkurencje, podczas kt\u00f3rych wykorzystamy nowe urz\u0105dzenia.<\/p>\n<p style=\"text-align: justify;\">Realizacja zadania w terminie do 30 czerwca 2020 roku.<\/p>\n","protected":false},"excerpt":{"rendered":"<p>Projekt realizowany przez Stowarzyszenie Rozwoju M\u0142odzaw \u2013 Nasza Przysz\u0142o\u015b\u0107 finansowany ze \u015brodk\u00f3w Fundacji BGK w ramach programu grantowego Moja Ma\u0142a Ojczyzna. Dzia\u0142ania projektowe skierowane s\u0105 do mieszka\u0144c\u00f3w M\u0142odzaw i okolicznych wsi stanowi\u0105cych obw\u00f3d szkolny Szko\u0142y Podstawowej i Przedszkola w M\u0142odzawach, &hellip; <a href=\"http:\/\/spmlodzawy.pl\/index.php\/chcesz-byc-sprawny-trenuj-cialo\/\">Czytaj dalej <span class=\"meta-nav\">&rarr;<\/span><\/a><\/p>\n","protected":false},"author":1,"featured_media":0,"parent":0,"menu_order":0,"comment_status":"closed","ping_status":"closed","template":"","meta":[],"_links":{"self":[{"href":"http:\/\/spmlodzawy.pl\/index.php\/wp-json\/wp\/v2\/pages\/15997"}],"collection":[{"href":"http:\/\/spmlodzawy.pl\/index.php\/wp-json\/wp\/v2\/pages"}],"about":[{"href":"http:\/\/spmlodzawy.pl\/index.php\/wp-json\/wp\/v2\/types\/page"}],"author":[{"embeddable":true,"href":"http:\/\/spmlodzawy.pl\/index.php\/wp-json\/wp\/v2\/users\/1"}],"replies":[{"embeddable":true,"href":"http:\/\/spmlodzawy.pl\/index.php\/wp-json\/wp\/v2\/comments?post=15997"}],"version-history":[{"count":4,"href":"http:\/\/spmlodzawy.pl\/index.php\/wp-json\/wp\/v2\/pages\/15997\/revisions"}],"predecessor-version":[{"id":16003,"href":"http:\/\/spmlodzawy.pl\/index.php\/wp-json\/wp\/v2\/pages\/15997\/revisions\/16003"}],"wp:attachment":[{"href":"http:\/\/spmlodzawy.pl\/index.php\/wp-json\/wp\/v2\/media?parent=15997"}],"curies":[{"name":"wp","href":"https:\/\/api.w.org\/{rel}","templated":true}]}}