{"id":16006,"date":"2019-10-09T15:12:11","date_gmt":"2019-10-09T13:12:11","guid":{"rendered":"http:\/\/spmlodzawy.pl\/?page_id=16006"},"modified":"2020-01-20T20:39:09","modified_gmt":"2020-01-20T19:39:09","slug":"odslona-muzyki-w-kulturze","status":"publish","type":"page","link":"http:\/\/spmlodzawy.pl\/index.php\/odslona-muzyki-w-kulturze\/","title":{"rendered":"ODS\u0141ONA MUZYKI W KULTURZE"},"content":{"rendered":"<p style=\"text-align: justify;\"><img decoding=\"async\" loading=\"lazy\" class=\"alignnone wp-image-19163 alignleft\" src=\"http:\/\/spmlodzawy.pl\/wp-content\/uploads\/2019\/10\/p_293_52354_1.jpg\" alt=\"\" width=\"217\" height=\"116\" \/>Projekt realizowany przez <strong>Stowarzyszenie Rozwoju M\u0142odzaw \u00a0\u2013 Nasza Przysz\u0142o\u015b\u0107<\/strong> wsp\u00f3\u0142finansowany ze \u015brodk\u00f3w Fundacji PZU w ramach programu grantowego <strong>PZU z Kultur\u0105.<\/strong><\/p>\n<p style=\"text-align: justify;\">Celem projektu jest zainteresowanie dzieci i m\u0142odzie\u017cy szeroko \u00a0rozumian\u0105 wysok\u0105 kultur\u0105.<\/p>\n<p style=\"text-align: justify;\"><strong><u>Dla uczni\u00f3w Szko\u0142y Podstawowej zorganizujemy: <\/u><\/strong><\/p>\n<ul>\n<li style=\"text-align: justify;\"><strong>CYKLICZNE WARSZTATY TA\u0143CA TOWARZYSKIEGO<\/strong>, prowadzone przez instruktora ta\u0144ca. Podzia\u0142 na 3 grupy wiekowe. Ka\u017cda grupa 6 spotka\u0144 po 2 godziny zaj\u0119\u0107. Warsztaty odbywa\u0107 si\u0119 b\u0119d\u0105 w budynku Szko\u0142y Podstawowej w M\u0142odzawach.<\/li>\n<li style=\"text-align: justify;\"><strong>MIKO\u0141AJKOWE KIELCE <\/strong>Wyjazd edukacyjny dla dzieci w wieku 7-10 lat. 1. Zwiedzanie i warsztaty w Muzeum Narodowym, 2. Udzia\u0142 w koncercie i zwiedzanie Filharmonii \u015awi\u0119tokrzyskiej.<\/li>\n<li style=\"text-align: justify;\"><strong>WEEKENDOWY KRAK\u00d3W<\/strong>. Wyjazd edukacyjny zorganizowany w sobot\u0119 dla dzieci i m\u0142odzie\u017cy w wieku 10-14 lat. 1. Obejrzenie spektaklu w Operze Krakowskiej (balet, opera lub operetka w zale\u017cno\u015bci od repertuaru); 2. Zwiedzanie zabytk\u00f3w: Rynek G\u0142\u00f3wny, Sukiennice, Ko\u015bci\u00f3\u0142 Mariacki.<\/li>\n<li style=\"text-align: justify;\"><strong>KAZIMIERZ DOLNY, LUBLIN, ZAMO\u015a\u0106 &#8211; CIEKAWE MIASTA!<\/strong> Dwudniowy wyjazd edukacyjny. 1. Zwiedzanie zabytk\u00f3w Kazimierza Dolnego m.in.: Zesp\u00f3\u0142 Zamkowy, Synagoga, Dzwonnica; 2. Zwiedzanie zabytk\u00f3w Lublina m.in.: Rynek Starego Miasta, Brama Krakowska, Bazylika Dominikan\u00f3w, Archikatedra Lubelska i Wie\u017ca Trynitarska, Don\u017con; 3. Udzia\u0142 w spektaklu teatralnym w Teatrze Muzycznym w Lublinie; 4. Zwiedzanie zabytk\u00f3w Zamo\u015bcia m.in.: Ratusz, Rynek, Katedra, Pa\u0142ac Zamojskich; 5. Zorganizowanie posi\u0142ku dla uczestnik\u00f3w; 6. Zorganizowanie noclegu dla uczestnik\u00f3w;<\/li>\n<li style=\"text-align: justify;\"><strong>PODSUMOWANIE PROJEKTU.<\/strong> Uczestnicy zaprezentuj\u0105 wybrane i wyuczone ta\u0144ce towarzyskie podczas uroczystego podsumowania, na kt\u00f3re zaprosimy lokalne w\u0142adze, rodzic\u00f3w i spo\u0142eczno\u015b\u0107 lokaln\u0105. Korytarz szkolny ozdobimy galeri\u0105 zdj\u0119\u0107 z przebiegu projektu.<\/li>\n<\/ul>\n<p><strong><em>Czas realizacji projektu: 01.10.2019 \u2013 31.03.2020<\/em><\/strong><\/p>\n","protected":false},"excerpt":{"rendered":"<p>Projekt realizowany przez Stowarzyszenie Rozwoju M\u0142odzaw \u00a0\u2013 Nasza Przysz\u0142o\u015b\u0107 wsp\u00f3\u0142finansowany ze \u015brodk\u00f3w Fundacji PZU w ramach programu grantowego PZU z Kultur\u0105. Celem projektu jest zainteresowanie dzieci i m\u0142odzie\u017cy szeroko \u00a0rozumian\u0105 wysok\u0105 kultur\u0105. Dla uczni\u00f3w Szko\u0142y Podstawowej zorganizujemy: CYKLICZNE WARSZTATY TA\u0143CA &hellip; <a href=\"http:\/\/spmlodzawy.pl\/index.php\/odslona-muzyki-w-kulturze\/\">Czytaj dalej <span class=\"meta-nav\">&rarr;<\/span><\/a><\/p>\n","protected":false},"author":1,"featured_media":0,"parent":0,"menu_order":0,"comment_status":"closed","ping_status":"closed","template":"","meta":[],"_links":{"self":[{"href":"http:\/\/spmlodzawy.pl\/index.php\/wp-json\/wp\/v2\/pages\/16006"}],"collection":[{"href":"http:\/\/spmlodzawy.pl\/index.php\/wp-json\/wp\/v2\/pages"}],"about":[{"href":"http:\/\/spmlodzawy.pl\/index.php\/wp-json\/wp\/v2\/types\/page"}],"author":[{"embeddable":true,"href":"http:\/\/spmlodzawy.pl\/index.php\/wp-json\/wp\/v2\/users\/1"}],"replies":[{"embeddable":true,"href":"http:\/\/spmlodzawy.pl\/index.php\/wp-json\/wp\/v2\/comments?post=16006"}],"version-history":[{"count":6,"href":"http:\/\/spmlodzawy.pl\/index.php\/wp-json\/wp\/v2\/pages\/16006\/revisions"}],"predecessor-version":[{"id":19165,"href":"http:\/\/spmlodzawy.pl\/index.php\/wp-json\/wp\/v2\/pages\/16006\/revisions\/19165"}],"wp:attachment":[{"href":"http:\/\/spmlodzawy.pl\/index.php\/wp-json\/wp\/v2\/media?parent=16006"}],"curies":[{"name":"wp","href":"https:\/\/api.w.org\/{rel}","templated":true}]}}