{"id":16326,"date":"2019-10-18T10:38:35","date_gmt":"2019-10-18T08:38:35","guid":{"rendered":"http:\/\/spmlodzawy.pl\/?page_id=16326"},"modified":"2022-03-22T21:18:14","modified_gmt":"2022-03-22T20:18:14","slug":"program-dla-szkol","status":"publish","type":"page","link":"http:\/\/spmlodzawy.pl\/index.php\/program-dla-szkol\/","title":{"rendered":"Program dla szk\u00f3\u0142"},"content":{"rendered":"<p><img decoding=\"async\" loading=\"lazy\" class=\"alignnone  wp-image-34435 alignleft\" src=\"http:\/\/spmlodzawy.pl\/wp-content\/uploads\/2019\/10\/logo-PDS_png_2-768x253-300x99.png\" alt=\"\" width=\"236\" height=\"78\" srcset=\"http:\/\/spmlodzawy.pl\/wp-content\/uploads\/2019\/10\/logo-PDS_png_2-768x253-300x99.png 300w, http:\/\/spmlodzawy.pl\/wp-content\/uploads\/2019\/10\/logo-PDS_png_2-768x253.png 768w\" sizes=\"(max-width: 236px) 100vw, 236px\" \/>Kolejny rok uczestniczymy w &#8222;Programie dla szk\u00f3\u0142&#8221;. Jest\u201d to unijny program polegaj\u0105cy na dostarczaniu dzieciom owoc\u00f3w i warzyw oraz mleka i produkt\u00f3w mlecznych. To kontynuacja dotychczasowych program\u00f3w \u201eOwoce i warzywa w szkole\u201d i \u201eMleko w szkole\u201d, kt\u00f3re od roku szkolnego 2017\/2018 stanowi\u0105 jedno dzia\u0142anie.<\/p>\n<p style=\"text-align: justify;\">W ramach programu w naszej szkole propagujemy w\u015br\u00f3d uczni\u00f3w klas I-IV zdrowe nawyki \u017cywieniowe. Udost\u0119pniane produkty mleczne oraz owocowo-warzywne maj\u0105 za zadanie sprawi\u0107, by dzieci od najm\u0142odszych lat polubi\u0142y ich naturalny smak. Opr\u00f3cz promowania zdrowej diety program ma r\u00f3wnie\u017c pokaza\u0107 dzieciom sk\u0105d pochodz\u0105 owoce i warzywa oraz produkty mleczne, jak s\u0105 uprawiane i produkowane. Podczas tematycznych dzia\u0142a\u0144 i codziennych zaj\u0119\u0107 \u201ewplatamy\u201d niezwykle wa\u017cn\u0105 dla zdrowia tematyk\u0119 zdrowego od\u017cywiania.<\/p>\n<p style=\"text-align: justify;\">Zach\u0119camy uczni\u00f3w i rodzic\u00f3w do lektury zasad zdrowego od\u017cywiania z \u201e<strong>Ekip\u0105 Chrumasa\u201d.<\/strong><\/p>\n<h3><span style=\"text-decoration: underline;\"><em><strong>Uczniowie:<\/strong><\/em><\/span><\/h3>\n<p><a href=\"http:\/\/www.kowr.gov.pl\/uploads\/pliki\/psd\/Ekipa%20Chrumasa\/Broszura%20dla%20dzieci.pdf\">http:\/\/www.kowr.gov.pl\/uploads\/pliki\/psd\/Ekipa%20Chrumasa\/Broszura%20dla%20dzieci.pdf<\/a><\/p>\n<h3><span style=\"text-decoration: underline;\"><em><strong>Rodzice:<\/strong><\/em><\/span><\/h3>\n<p><a href=\"http:\/\/www.kowr.gov.pl\/uploads\/pliki\/psd\/Ekipa%20Chrumasa\/Poradnik%20dla%20rodzic%C3%B3w.pdf\">http:\/\/www.kowr.gov.pl\/uploads\/pliki\/psd\/Ekipa%20Chrumasa\/Poradnik%20dla%20rodzic%C3%B3w.pdf<\/a><\/p>\n<h3><span style=\"text-decoration: underline;\"><strong>Filmy edukacyjne:<\/strong><\/span><\/h3>\n<p><em><strong>Klasy I-III<\/strong><\/em><\/p>\n<p><a href=\"https:\/\/www.youtube.com\/watch?v=p6XPhvL4b8s\">https:\/\/www.youtube.com\/watch?v=p6XPhvL4b8s<\/a><\/p>\n<p><a href=\"https:\/\/www.youtube.com\/watch?v=VQ8wcAi-hCI\">https:\/\/www.youtube.com\/watch?v=VQ8wcAi-hCI<\/a><\/p>\n<p><em><strong>Klasy IV-VI<\/strong><\/em><\/p>\n<p><a href=\"https:\/\/www.youtube.com\/watch?v=IH4UvVBjiEw\">https:\/\/www.youtube.com\/watch?v=IH4UvVBjiEw<\/a><\/p>\n<p><a href=\"https:\/\/www.youtube.com\/watch?v=1mOdY7I0S_4\">https:\/\/www.youtube.com\/watch?v=1mOdY7I0S_4<\/a><\/p>\n","protected":false},"excerpt":{"rendered":"<p>Kolejny rok uczestniczymy w &#8222;Programie dla szk\u00f3\u0142&#8221;. Jest\u201d to unijny program polegaj\u0105cy na dostarczaniu dzieciom owoc\u00f3w i warzyw oraz mleka i produkt\u00f3w mlecznych. To kontynuacja dotychczasowych program\u00f3w \u201eOwoce i warzywa w szkole\u201d i \u201eMleko w szkole\u201d, kt\u00f3re od roku szkolnego &hellip; <a href=\"http:\/\/spmlodzawy.pl\/index.php\/program-dla-szkol\/\">Czytaj dalej <span class=\"meta-nav\">&rarr;<\/span><\/a><\/p>\n","protected":false},"author":1,"featured_media":0,"parent":0,"menu_order":0,"comment_status":"closed","ping_status":"closed","template":"","meta":[],"_links":{"self":[{"href":"http:\/\/spmlodzawy.pl\/index.php\/wp-json\/wp\/v2\/pages\/16326"}],"collection":[{"href":"http:\/\/spmlodzawy.pl\/index.php\/wp-json\/wp\/v2\/pages"}],"about":[{"href":"http:\/\/spmlodzawy.pl\/index.php\/wp-json\/wp\/v2\/types\/page"}],"author":[{"embeddable":true,"href":"http:\/\/spmlodzawy.pl\/index.php\/wp-json\/wp\/v2\/users\/1"}],"replies":[{"embeddable":true,"href":"http:\/\/spmlodzawy.pl\/index.php\/wp-json\/wp\/v2\/comments?post=16326"}],"version-history":[{"count":4,"href":"http:\/\/spmlodzawy.pl\/index.php\/wp-json\/wp\/v2\/pages\/16326\/revisions"}],"predecessor-version":[{"id":34436,"href":"http:\/\/spmlodzawy.pl\/index.php\/wp-json\/wp\/v2\/pages\/16326\/revisions\/34436"}],"wp:attachment":[{"href":"http:\/\/spmlodzawy.pl\/index.php\/wp-json\/wp\/v2\/media?parent=16326"}],"curies":[{"name":"wp","href":"https:\/\/api.w.org\/{rel}","templated":true}]}}