{"id":20417,"date":"2020-03-15T21:44:01","date_gmt":"2020-03-15T20:44:01","guid":{"rendered":"http:\/\/spmlodzawy.pl\/?page_id=20417"},"modified":"2020-03-19T10:41:26","modified_gmt":"2020-03-19T09:41:26","slug":"cwiczenia-i-zadania-dla-uczniow-klas-i-iii","status":"publish","type":"page","link":"http:\/\/spmlodzawy.pl\/index.php\/cwiczenia-i-zadania-dla-uczniow-klas-i-iii\/","title":{"rendered":"\u0106WICZENIA I ZADANIA DLA UCZNI\u00d3W KLAS I-III"},"content":{"rendered":"<p style=\"text-align: justify;\"><img decoding=\"async\" loading=\"lazy\" class=\"wp-image-20378 alignleft\" src=\"http:\/\/spmlodzawy.pl\/wp-content\/uploads\/2020\/03\/nag\u0142o\u0301wek.jpg\" alt=\"\" width=\"156\" height=\"78\" \/>Drodzy uczniowie! Nauka w domu jest mo\u017cliwa! Mo\u017cecie \u0107wiczy\u0107, rozwija\u0107 zdolno\u015bci i umiej\u0119tno\u015b\u0107 oraz utrwala\u0107 wiedz\u0119 on-line. Poni\u017cej przedstawiamy wybrane strony internetowe, kt\u00f3re Wam w tym pomog\u0105. Klikni\u0119cie w link przeniesie Was od razu do strony. Na ka\u017cdej z nich mo\u017cna znale\u017a\u0107 co\u015b ciekawego dla siebie. Bardzo prosimy \u2013 klikajcie, wybierajcie, korzystajcie z nich, bawcie si\u0119 dobrze zdobywaj\u0105c r\u00f3wnocze\u015bnie wiedz\u0119 \ud83d\ude42<\/p>\n<ul>\n<li><a href=\"https:\/\/matmag.pl\/?fbclid=IwAR1AiF7gMFRkHTmtoPMGnCU8oH-8CORFEmH7CjLYxsOo0_ruPzCmtR22hm4\" data-lynx-mode=\"asynclazy\" data-lynx-uri=\"https:\/\/l.facebook.com\/l.php?u=https%3A%2F%2Fmatmag.pl%2F%3Ffbclid%3DIwAR1AiF7gMFRkHTmtoPMGnCU8oH-8CORFEmH7CjLYxsOo0_ruPzCmtR22hm4&amp;h=AT2hHr_YDGUYllAm-RTt-gY8-rFDvV6iTbnRrMAQ6PAXWSj79NvOlS_69OIRegnE62Jvq8LJ5PQ8mCSMPxZVMKZfZHgGEGf3JiiqsdpFTCq0PRVrNZ0TqBCyLuWMGwp14PqD4qBzGt3NHRTivkZg2A\">https:\/\/matmag.pl\/<\/a><\/li>\n<li><a href=\"https:\/\/szaloneliczby.pl\/?fbclid=IwAR2YyZVETp02wHYce3RTCAQrMowOKox_lYvFH_JG9pw2gXm5WxIBiNy321s\" data-lynx-mode=\"asynclazy\" data-lynx-uri=\"https:\/\/l.facebook.com\/l.php?u=https%3A%2F%2Fszaloneliczby.pl%2F%3Ffbclid%3DIwAR2YyZVETp02wHYce3RTCAQrMowOKox_lYvFH_JG9pw2gXm5WxIBiNy321s&amp;h=AT1CoUuoMHmUT1bLVuusYBmY9fnWSfCUdovatQjcpslwxnjm0IM5Nr4Y5sP9hWUj_1fYEnrfZ4EVd9k-_DlxsI2h7bId-FP-vibOiR2NjW-RNW9QqLczUSAcDpTQJw-RDGeIpG0GM2BuOU6aQ4KtCQ\">https:\/\/szaloneliczby.pl\/<\/a><\/li>\n<li><a href=\"https:\/\/www.digipuzzle.net\/?fbclid=IwAR3Uo3vosl0GjEir3IQM_4mwfpOL0rH5mkhJBOsVeHcBf3WX-qoFKKsUups\" data-lynx-mode=\"asynclazy\" data-lynx-uri=\"https:\/\/l.facebook.com\/l.php?u=https%3A%2F%2Fwww.digipuzzle.net%2F%3Ffbclid%3DIwAR3Uo3vosl0GjEir3IQM_4mwfpOL0rH5mkhJBOsVeHcBf3WX-qoFKKsUups&amp;h=AT2No-Zg1KrNQeJRUIXlJ6pesDQhNXCFS8foww59VM6O5BUwoyiVGipMlvj_4GRgkIlzX157VYM5rjyqGyiWW81zjcvrnSRuXUbIEmOigF8s-mD_vGYglLHxjowluiz7cWjGkvcgHKd9VqhTs8ZjTw\">https:\/\/www.digipuzzle.net\/<\/a><\/li>\n<li><a href=\"http:\/\/matematykadladzieci.pl\/?fbclid=IwAR0C7aqrtQ1Yb20XVnHZs4bbLR4wooWSk2kvJtkMcNVT6aueAIdxfDrhqj0\" data-lynx-mode=\"asynclazy\" data-lynx-uri=\"https:\/\/l.facebook.com\/l.php?u=http%3A%2F%2Fmatematykadladzieci.pl%2F%3Ffbclid%3DIwAR0C7aqrtQ1Yb20XVnHZs4bbLR4wooWSk2kvJtkMcNVT6aueAIdxfDrhqj0&amp;h=AT3dhukB6zZHHKNYO1wqNmHJRI9niktiyiB7QuOqooWJWUIdNCkTsQ8jv1f6HfaNA5QI23TFj5WO_dewvtger9dvGtJYlTxgZiRpTdGC6zYDidE31qJhzVO041C2XyzWLskI1OnRHHiyMmpj4LiNQA\">http:\/\/matematykadladzieci.pl\/<\/a><\/li>\n<li><a href=\"http:\/\/www.pisupisu.pl\/?fbclid=IwAR0AC5iabpPaAbkPN-xw11ao7X6WI0I_ExsC0VDlZndV82yif5-TopeGGyw\" data-lynx-mode=\"asynclazy\" data-lynx-uri=\"https:\/\/l.facebook.com\/l.php?u=http%3A%2F%2Fwww.pisupisu.pl%2F%3Ffbclid%3DIwAR0AC5iabpPaAbkPN-xw11ao7X6WI0I_ExsC0VDlZndV82yif5-TopeGGyw&amp;h=AT3SPw-ypXUPuxpeDoJzuQnvztbyy2WU0lLLXDZYo07ETIs_TOAubUlULYZUmYzv1z4S9SothIrTKenZ2XPe4pLuhtO_DFcgamtmi9l3BJXCsDT-8fpkWa24bWZHsP0bWONoAdSuM_EINvK_zN8JUw\">www.pisupisu.pl<\/a><\/li>\n<li><a href=\"https:\/\/www.eduelo.pl\/?fbclid=IwAR1kvc4EKF1iNMUgMvFgGACwOcoGT_6lbRefaVOIiDLiq0V7N7sKwkmqnhA\" data-lynx-mode=\"asynclazy\" data-lynx-uri=\"https:\/\/l.facebook.com\/l.php?u=https%3A%2F%2Fwww.eduelo.pl%2F%3Ffbclid%3DIwAR1kvc4EKF1iNMUgMvFgGACwOcoGT_6lbRefaVOIiDLiq0V7N7sKwkmqnhA&amp;h=AT2UTdRHTdVMkocG4scV3SFAGjz0jaTnkn6_ogooo2Aoe5YWydXxOikniYHtRUugP4-YS-HBniX80vRhdfToIcIjlm08tC-l36i_9v228yuU-7Omc79wK0ClJK1LuY8fnmGqynMwqtsNNAIfTpsyEw\">https:\/\/www.eduelo.pl\/<\/a><\/li>\n<li><a href=\"http:\/\/www.zyraffa.pl\/?fbclid=IwAR2uO0u14wttfL0t4lCsZinErp5ghlC3pNBScUZoFV54Q7GC9BLn_kalees\" data-lynx-mode=\"asynclazy\" data-lynx-uri=\"https:\/\/l.facebook.com\/l.php?u=http%3A%2F%2Fwww.zyraffa.pl%2F%3Ffbclid%3DIwAR2uO0u14wttfL0t4lCsZinErp5ghlC3pNBScUZoFV54Q7GC9BLn_kalees&amp;h=AT1BuIoaxyL9Ta1jZNdjjgO3hOofK_I54QYehHZIijp8c0bxEt-R8ESRIwR7Eb5GlNOezg9pR0JRPM27rxJJ-2L79b9OkXBDvRj5l3R-QOjk_jbZnmyC9Qnc4snxKBi3baDSdbnyIPDcT5Uqyfq_Tw\">www.zyraffa.pl<\/a><\/li>\n<li><a href=\"http:\/\/www.matzoo.pl\/?fbclid=IwAR1Xy1Ni1-CPwWHNvGmfUq8a-91mqM9gTgk4m9O0cnw2qeSedbMtrM0rsvM\" data-lynx-mode=\"asynclazy\" data-lynx-uri=\"https:\/\/l.facebook.com\/l.php?u=http%3A%2F%2Fwww.matzoo.pl%2F%3Ffbclid%3DIwAR1Xy1Ni1-CPwWHNvGmfUq8a-91mqM9gTgk4m9O0cnw2qeSedbMtrM0rsvM&amp;h=AT3DDdx5StLL6xXd53tb7DYMfVX390ncLl_uGdcywoe2ld_0JVBgB1KehdoWVvh120KZDeZ0WbTWS56EcHl6ArN7PEDR1bBmwe2WMrCNbAzZ2HYh6fOv4OkRhp9Gf89Ala0IvuJqYwVAxRHbAqAuDg\">www.matzoo.pl<\/a><\/li>\n<li><a href=\"http:\/\/www.buliba.pl\/?fbclid=IwAR1evi7qFGOfNtarr8dp67kbOccpDFzxJr-uhdn-3YXBPX8ai9le4d6cKfw\" data-lynx-mode=\"asynclazy\" data-lynx-uri=\"https:\/\/l.facebook.com\/l.php?u=http%3A%2F%2Fwww.buliba.pl%2F%3Ffbclid%3DIwAR1evi7qFGOfNtarr8dp67kbOccpDFzxJr-uhdn-3YXBPX8ai9le4d6cKfw&amp;h=AT3gruEfccsqfcLV4l58-udjewQNgwU676whZ6CQG-pc26k4-99Doj0FfnHzlTAH6NNapGVvMw8mQr_swfwujX--vTpTBYw4LdnhGOwxFC6fF9HZ-Mp5152FMAifp5om0p75kLLOrJ63hXxd9dtqmg\">www.buliba.pl<\/a><\/li>\n<li><a href=\"http:\/\/klasoteka.pl\/?fbclid=IwAR0z8XWZr2eMrCYxYRgHnopxAWgkkImi--ThGrsiXOGnmKI9PV8WYW_KCpQ\" data-lynx-mode=\"asynclazy\" data-lynx-uri=\"https:\/\/l.facebook.com\/l.php?u=http%3A%2F%2Fklasoteka.pl%2F%3Ffbclid%3DIwAR0z8XWZr2eMrCYxYRgHnopxAWgkkImi--ThGrsiXOGnmKI9PV8WYW_KCpQ&amp;h=AT2CupIgsiABB-0LqbFXsJwJKBIdugzrXcRT9b5lwx1GLG8IMQLMcY3aGer4rcdF4JMZXa8io6jjVK0a7JSb1ymGQ0dss5o12UuYoLaeiTQylroU6gGBhwfORKfeph7ejm1s7q7-R3RDFPmYgBZpvA\">http:\/\/klasoteka.pl\/<\/a><\/li>\n<li><a href=\"https:\/\/www.multiplication.com\/?fbclid=IwAR1aloFkqr9UDgZjFg1uYOIlu8qlmkTD8g0G54vc5Z7raW_GXJ13rOyRB1c\" data-lynx-mode=\"async\" data-lynx-uri=\"https:\/\/l.facebook.com\/l.php?u=https%3A%2F%2Fwww.multiplication.com%2F%3Ffbclid%3DIwAR1aloFkqr9UDgZjFg1uYOIlu8qlmkTD8g0G54vc5Z7raW_GXJ13rOyRB1c&amp;h=AT35EOXW44COi8vtChZ6MlmlMqs9X989DrLefpSqXAk-XDKC3BRPYMQ9uHeCdE0CBaeYsaz04b2p0iRdhxT2fskjYmGZ3Etrw5uARm9cEEmuCWzNAoK81YTCCeimazMj7jlcPgHo6F8Jw3u2hojSaP2xl7tqqcb34zc\">https:\/\/www.multiplication.com\/<\/a><\/li>\n<li><a href=\"https:\/\/www.polskieradio.pl\/18,Polskie-Radio-Dzieciom\">https:\/\/www.polskieradiodzieciom.pl\/<\/a><\/li>\n<li><a href=\"https:\/\/www.dyktanda.net\/dyktanda.php?fbclid=IwAR0opzMpn52jBO4JhpDeMlr403uadOobs5-9HIS4lAXqU9um8RgkE8LhAxw\" data-lynx-mode=\"asynclazy\" data-lynx-uri=\"https:\/\/l.facebook.com\/l.php?u=https%3A%2F%2Fwww.dyktanda.net%2Fdyktanda.php%3Ffbclid%3DIwAR0opzMpn52jBO4JhpDeMlr403uadOobs5-9HIS4lAXqU9um8RgkE8LhAxw&amp;h=AT3DhT3b4BkhZyRhu0VEbqhBysC79SXyBn7t7DmonrjXgXqonXLJG5AYKtavUeJrx4qHG6ch-DZQ02hzjdYvC_Lx-xZcZDpIgsQCZoFeHolA8is71zSnnlS6ruS8qcgU6ZjUJH5E2I4j_F-cWlQN_A\">https:\/\/www.dyktanda.net\/dyktanda.php<\/a><\/li>\n<\/ul>\n<h3><span style=\"color: #ff0000;\"><em><strong>KLA<\/strong><\/em><\/span><span style=\"color: #ff0000;\"><em><strong>SA\u00a0 I<\/strong><\/em><\/span><\/h3>\n<p><span style=\"text-decoration: underline; color: #0000ff;\"><em><strong>J\u0118ZYK ANGIELSKI<\/strong><\/em><\/span><\/p>\n<p><strong>Poniedzia\u0142ek 16.03.<\/strong><br \/>\nObejrzyj piosenk\u0119. Wykonaj gimnastyk\u0119, na\u015bladuj\u0105c postacie z nagrania.<\/p>\n<ul>\n<li><a href=\"https:\/\/www.youtube.com\/watch?v=RuqvGiZi0qg\">https:\/\/www.youtube.com\/watch?v=RuqvGiZi0qg<\/a><\/li>\n<\/ul>\n<p><strong>Pi\u0105tek 20. 03.<\/strong><br \/>\nNaucz si\u0119 \u015bpiewa\u0107 piosenk\u0119. Wykonaj gimnastyk\u0119, na\u015bladuj\u0105c postacie z nagrania.<\/p>\n<ul>\n<li><a href=\"https:\/\/www.youtube.com\/watch?v=RuqvGiZi0qg\">https:\/\/www.youtube.com\/watch?v=RuqvGiZi0qg<\/a><\/li>\n<\/ul>\n<p><span style=\"text-decoration: underline; color: #0000ff;\"><em><strong>RELIGIA<\/strong><\/em><\/span><\/p>\n<p><strong>Pi\u0105tek 20. marca <\/strong>-Pomy\u015bl za co przeprosisz Pana Jezusa, a nast\u0119pnie narysuj to na kartce z bloku.<\/p>\n<h3><span style=\"color: #ff0000;\"><em><strong>KLASA\u00a0 II<\/strong><\/em><\/span><\/h3>\n<p><span style=\"text-decoration: underline; color: #0000ff;\"><em><strong>J\u0118ZYK ANGIELSKI<\/strong><\/em><\/span><\/p>\n<p><strong>Poniedzia\u0142ek 16.03.<\/strong><br \/>\nProsz\u0119 przepisa\u0107 do zeszyt\u00f3w s\u0142\u00f3wka ze strony 70 i przet\u0142umaczy\u0107 je na j\u0119zyk polski, korzystaj\u0105c ze s\u0142owniczka znajduj\u0105cego si\u0119 na ko\u0144cu ksi\u0105\u017cki lub s\u0142ownika internetowego:<\/p>\n<ul>\n<li><a href=\"https:\/\/www.diki.pl\/\">https:\/\/www.diki.pl\/<\/a><\/li>\n<\/ul>\n<p>Naucz si\u0119 s\u0142\u00f3wek.<\/p>\n<p style=\"text-align: justify;\">By sprawdzi\u0107 wymow\u0119 s\u0142\u00f3w, skorzystaj z kodu QR zamieszczonego na stronie tytu\u0142owej podr\u0119cznika, z podanej strony internetowej lub podanego s\u0142ownika (je\u015bli b\u0119dziesz korzysta\u0107 ze s\u0142ownika, wymow\u0119 mo\u017cesz sprawdzi\u0107 klikaj\u0105c na symbol g\u0142o\u015bnika). W razie problem\u00f3w popro\u015b o pomoc rodzic\u00f3w.<\/p>\n<h3><span style=\"color: #ff0000;\"><em><strong>KLASA\u00a0 III<\/strong><\/em><\/span><\/h3>\n<p><span style=\"text-decoration: underline; color: #0000ff;\"><em><strong>J\u0118ZYK ANGIELSKI<\/strong><\/em><\/span><\/p>\n<p><strong>Poniedzia\u0142ek 16.03.<\/strong><br \/>\nProsz\u0119 przepisa\u0107 do zeszytu s\u0142\u00f3wka z tabeli ze strony 58 podr\u0119cznika i przet\u0142umaczy\u0107 je za pomoc\u0105 s\u0142owniczka znajduj\u0105cego si\u0119 na ko\u0144cu ksi\u0105\u017cki lub s\u0142ownika internetowego<\/p>\n<ul>\n<li><a href=\"https:\/\/www.diki.pl\/\">https:\/\/www.diki.pl\/<\/a><\/li>\n<\/ul>\n<p style=\"text-align: justify;\">Prosz\u0119 sprawdzi\u0107 prawid\u0142ow\u0105 wymow\u0119 s\u0142\u00f3wek, korzystaj\u0105c z kodu QR znajduj\u0105cego si\u0119 na pierwszej spronie podr\u0119cznika, podanej tam strony internetowej lub wskazanego s\u0142ownika (je\u015bli korzystasz ze s\u0142ownika, wyow\u0119 wyrazu mo\u017cesz sprawdzi\u0107 klikaj\u0105c na symbol g\u0142o\u015bnika).<\/p>\n<p>Naucz si\u0119 s\u0142\u00f3wek.<\/p>\n<p><strong>Czwartek 19.03<\/strong><br \/>\nPrzeczytaj czytank\u0119 na stronie 58. W\u0142\u0105cz nagranie wykorzystuj\u0105c kod QR lub stron\u0119 podan\u0105 w podr\u0119czniku. Je\u015bli czego\u015b nie rozumiesz, skorzystaj z translatora:<\/p>\n<ul>\n<li><a href=\"https:\/\/translate.google.pl\/?hl=pl#view=home&amp;op=translate&amp;sl=en&amp;tl=pl\">https:\/\/translate.google.pl\/?hl=pl#view=home&amp;op=translate&amp;sl=en&amp;tl=pl<\/a><\/li>\n<\/ul>\n<p style=\"text-align: justify;\">Po lewej stronie wpisujemy angielskie zdanie. Po prawej wy\u015bwietla si\u0119 jego t\u0142umaczenie. Je\u015bli b\u0119dziesz u\u017cywa\u0107 translatora, pami\u0119taj by tekst przepisa\u0107 bardzo dok\u0142adnie. W razie problem\u00f3w, popro\u015b o pomoc rodzica.<\/p>\n<p><span style=\"text-decoration: underline; color: #0000ff;\"><em><strong>RELIGIA<\/strong><\/em><\/span><\/p>\n<p><strong>Pi\u0105tek 20. marca &#8211;<\/strong> Przeczytaj z podr\u0119cznika temat 33. Zwr\u00f3\u0107 uwag\u0119 na tekst Ewangelii \u0141k7, 36-38. Naucz si\u0119 co to jest \u017cal doskona\u0142y. Uzupe\u0142nij \u0107wiczenia w zeszycie \u0107wicze\u0144.<\/p>\n<p>&nbsp;<\/p>\n","protected":false},"excerpt":{"rendered":"<p>Drodzy uczniowie! Nauka w domu jest mo\u017cliwa! Mo\u017cecie \u0107wiczy\u0107, rozwija\u0107 zdolno\u015bci i umiej\u0119tno\u015b\u0107 oraz utrwala\u0107 wiedz\u0119 on-line. Poni\u017cej przedstawiamy wybrane strony internetowe, kt\u00f3re Wam w tym pomog\u0105. Klikni\u0119cie w link przeniesie Was od razu do strony. Na ka\u017cdej z nich &hellip; <a href=\"http:\/\/spmlodzawy.pl\/index.php\/cwiczenia-i-zadania-dla-uczniow-klas-i-iii\/\">Czytaj dalej <span class=\"meta-nav\">&rarr;<\/span><\/a><\/p>\n","protected":false},"author":1,"featured_media":0,"parent":0,"menu_order":0,"comment_status":"closed","ping_status":"closed","template":"","meta":[],"_links":{"self":[{"href":"http:\/\/spmlodzawy.pl\/index.php\/wp-json\/wp\/v2\/pages\/20417"}],"collection":[{"href":"http:\/\/spmlodzawy.pl\/index.php\/wp-json\/wp\/v2\/pages"}],"about":[{"href":"http:\/\/spmlodzawy.pl\/index.php\/wp-json\/wp\/v2\/types\/page"}],"author":[{"embeddable":true,"href":"http:\/\/spmlodzawy.pl\/index.php\/wp-json\/wp\/v2\/users\/1"}],"replies":[{"embeddable":true,"href":"http:\/\/spmlodzawy.pl\/index.php\/wp-json\/wp\/v2\/comments?post=20417"}],"version-history":[{"count":11,"href":"http:\/\/spmlodzawy.pl\/index.php\/wp-json\/wp\/v2\/pages\/20417\/revisions"}],"predecessor-version":[{"id":20563,"href":"http:\/\/spmlodzawy.pl\/index.php\/wp-json\/wp\/v2\/pages\/20417\/revisions\/20563"}],"wp:attachment":[{"href":"http:\/\/spmlodzawy.pl\/index.php\/wp-json\/wp\/v2\/media?parent=20417"}],"curies":[{"name":"wp","href":"https:\/\/api.w.org\/{rel}","templated":true}]}}