{"id":20440,"date":"2020-03-15T22:09:57","date_gmt":"2020-03-15T21:09:57","guid":{"rendered":"http:\/\/spmlodzawy.pl\/?page_id=20440"},"modified":"2020-03-17T22:49:06","modified_gmt":"2020-03-17T21:49:06","slug":"zadania-dla-klasy-vii","status":"publish","type":"page","link":"http:\/\/spmlodzawy.pl\/index.php\/zadania-dla-klasy-vii\/","title":{"rendered":"ZADANIA DLA KLASY VII"},"content":{"rendered":"<p><span style=\"text-decoration: underline;\"><span style=\"color: #ff0000;\"><em><strong>J\u0118ZYK\u00a0 POLSKI<\/strong><\/em><\/span><\/span><\/p>\n<p>Prosz\u0119 przeczyta\u0107 \u201eLatarnika\u201d Henryka Sienkiewicza<\/p>\n<p style=\"text-align: justify;\">\u0106wiczenia wykonujecie pisemnie w zeszycie.<\/p>\n<p style=\"text-align: justify;\"><strong>Poniedzia\u0142ek 16. 03.<\/strong><br \/>\nTemat: Czy pragnienie bez t\u0119sknoty jest mo\u017cliwe do spe\u0142nienia?<br \/>\nProsz\u0119 zapozna\u0107 si\u0119 z biogramem Cypriana Norwida oraz przeczyta\u0107 wiersz \u201eMoja piosnka\u201d ze strony 162 podr\u0119cznika.<br \/>\nWykonaj \u0107wiczenia 1, 2, 3, 8 na stronie 163<\/p>\n<p style=\"text-align: justify;\"><strong>Wtorek 17. 03.<\/strong><br \/>\nWykonaj \u0107wiczenie 9 i 12 ze strony 163.<br \/>\nPlakat wykonujecie indywidualnie na kartce formatu A3 (du\u017cy blok).<\/p>\n<p style=\"text-align: justify;\"><strong>\u015aroda 18.03. Czwartek 19.03<\/strong><br \/>\nTemat: Kim jestem? Czym si\u0119 wyr\u00f3\u017cniam? Co mog\u0119 zaoferowa\u0107 innym? \u2013 pytania wsp\u00f3\u0142czesnego Polaka.<br \/>\nProsz\u0119 zapozna\u0107 si\u0119 z tekstem na stronie 171, a nast\u0119pnie wykona\u0107 \u0107wiczenia 1,2, 3.<\/p>\n<p style=\"text-align: justify;\"><strong>Czwartek 19.03<\/strong><br \/>\nProsz\u0119 wykona\u0107 \u0107wiczenia 4,5,6 ze strony 171.<br \/>\n\u0106wiczenie 6 prosz\u0119 wykona\u0107 w miar\u0119 mo\u017cliwo\u015bci wsp\u00f3lnie \u2013 zalecam kontakt przez kt\u00f3ry\u015b z komunikator\u00f3w internetowych.<\/p>\n<p style=\"text-align: justify;\"><strong>Pi\u0105tek 20.03<\/strong><br \/>\nTemat: Jaki powinien by\u0107 patriota XXI wieku<br \/>\nNapisz wypracowanie, w kt\u00f3rym odpowiesz na pytanie: \u201eJaki powinien by\u0107 patriota XXI wieku?\u201d.<\/p>\n<p><span style=\"text-decoration: underline;\"><span style=\"color: #ff0000;\"><em><strong>J\u0118ZYK ANGIELSKI<\/strong><\/em><\/span><\/span><\/p>\n<p style=\"text-align: justify;\"><strong>Wtorek 17.03.<\/strong><br \/>\nPowt\u00f3rzenie wiadomo\u015bci o czasie Present Perfect.<br \/>\nProsz\u0119 ponownie zapozna\u0107 si\u0119 z wiadomo\u015bciami dotycz\u0105cymi czasu Present Perfect na stronie 80 podr\u0119cznika, w sekcji gramatycznej, kt\u00f3ra znajduje si\u0119 z ty\u0142u podr\u0119cznika lub ze strony internetowej:<\/p>\n<ul>\n<li style=\"text-align: justify;\"><a href=\"https:\/\/www.ang.pl\/gramatyka\/czas\/present-perfect\">https:\/\/www.ang.pl\/gramatyka\/czas\/present-perfect<\/a><br \/>\nProsz\u0119 napisa\u0107 notatk\u0119, w kt\u00f3rej uwzgl\u0119dnisz schematy budowy zdania twierdz\u0105cego, pyta\u0144 i przecze\u0144 oraz informacje o tym, kiedy ten czas stosujemy.<\/li>\n<\/ul>\n<p><strong>Czwartek 19. 03.<\/strong><br \/>\nCzas Present Perfect \u2013 \u0107wiczenia gramatyczne.<br \/>\nProsz\u0119 wykona\u0107 \u0107wiczenia: A,B, C, E na stronie 67 \u0107wiczeni\u00f3wki.<\/p>\n<p><span style=\"text-decoration: underline;\"><span style=\"color: #ff0000;\"><strong><em>MATEMATYKA<\/em><\/strong><\/span><\/span><\/p>\n<p style=\"text-align: justify;\">Zadania z matematyki b\u0119d\u0105 dost\u0119pne na stroniewww.learningapps.org, instrukcja do zalogowania dost\u0119pna jest poni\u017cej. Zadania b\u0119d\u0105 dodawane systematycznie, wi\u0119c prosz\u0119 zagl\u0105da\u0107 na platform\u0119 learningapps w dni w kt\u00f3re macie planowo matematyk\u0119 oraz \u00a0prosz\u0119 o systematyczne \u00a0ich rozwi\u0105zywanie. Pierwsze zadania dla klasy VI i VIII z dzisiejszego dnia (PONIEDZIA\u0141EK) s\u0105 ju\u017c dost\u0119pne na platformie learningapps.<\/p>\n<p><strong>INSTRUKCJA DO LOGOWANIA<\/strong><\/p>\n<ol>\n<li>Wejd\u017a na stron\u0119 <a href=\"https:\/\/learningapps.org\"><strong>https:\/\/learningapps.org<\/strong><\/a><\/li>\n<li>Zaloguj si\u0119. Login i has\u0142o otrzymasz od wychowawcy.<\/li>\n<li style=\"text-align: justify;\">Kliknij w Moja Klasa (prawy r\u00f3g).<\/li>\n<li style=\"text-align: justify;\">Kliknij w zadania.<\/li>\n<li style=\"text-align: justify;\">Rozwi\u0105\u017c zadania i naci\u015bnij w prawym dolnym rogu \u201eptaszek\u201d.<\/li>\n<\/ol>\n<p style=\"text-align: justify;\">Je\u017celi zadania zostan\u0105 rozwi\u0105zane \u017ale pod\u015bwietl\u0105 si\u0119 na czerwono, je\u017celi dobrze na zielono.<\/p>\n<ol start=\"6\">\n<li style=\"text-align: justify;\">Po poprawnym rozwi\u0105zaniu wszystkich zada\u0144 naci\u015bnij strza\u0142k\u0119 wstecz na pasku w lewym g\u00f3rnym rogu.<\/li>\n<li style=\"text-align: justify;\">Twoje poprawne rozwi\u0105zania zostan\u0105 przes\u0142ane nauczycielowi i odnotowane jako zrobione.<\/li>\n<li style=\"text-align: justify;\">Je\u017celi co\u015b jest nie jasne mo\u017cesz napisa\u0107 wiadomo\u015b\u0107. Po zalogowaniu na stronie, kliknij w Moje klasy, nast\u0119pnie naci\u015bnij na kopert\u0119 obok nazwiska Edyta Sopel.<\/li>\n<\/ol>\n<p style=\"text-align: justify;\"><span style=\"text-decoration: underline; color: #ff0000;\"><em><strong>HISTORIA<\/strong><\/em><\/span><\/p>\n<p style=\"text-align: justify;\"><strong>16 marca<\/strong> &#8211; przeczyta\u0107 z podr\u0119cznika do historii temat pt. Sprawa polska w czasie I wojny \u015bwiatowej, a nast\u0119pnie rozwi\u0105za\u0107 z podr\u0119cznika \u0107wiczenie 1 strona 183 wpisuj\u0105c odpowied\u017a do zeszytu.<\/p>\n<p style=\"text-align: justify;\"><strong>19 marca<\/strong> &#8211; przeczyta\u0107 z podr\u0119cznika do historii temat pt. \u015awiat po I wojnie \u015bwiatowej, a nast\u0119pnie rozwi\u0105za\u0107 z podr\u0119cznika \u0107wiczenie 1 strona 191 wpisuj\u0105c odpowiedzi do zeszytu.<\/p>\n<p><strong><em><span style=\"text-decoration: underline;\"><span style=\"color: #ff0000; text-decoration: underline;\">GEOGRAFIA<\/span> <\/span><\/em><br \/>\n<\/strong><\/p>\n<p style=\"text-align: justify;\"><strong>Wtorek 17 marca<\/strong><br \/>\nProsz\u0119 opracujcie temat \u201eWarunki rozwoju rolnictwa\u201d i wpiszcie go do zeszytu. Jako notatk\u0119 punkt 1-3 ze strony 145 \u2013 podr\u0119cznik. Odpowiedzcie pisemnie w zeszycie na \u0107w. 3\/127 r\u00f3wnie\u017c z podr\u0119cznika.<br \/>\nObejrzyjcie film:<\/p>\n<ul>\n<li><a href=\"https:\/\/epodreczniki.pl\/a\/film\/DYme56gcX\">https:\/\/epodreczniki.pl\/a\/film\/DYme56gcX<\/a><\/li>\n<li><a href=\"https:\/\/epodreczniki.pl\/a\/interaktywne-cwiczenia-multimedialne\/D1FAe7Gkl\">https:\/\/epodreczniki.pl\/a\/interaktywne-cwiczenia-multimedialne\/D1FAe7Gkl<\/a><\/li>\n<\/ul>\n<p><strong>Czwartek 19 marca<\/strong><br \/>\nProsz\u0119 opracujcie temat \u201eProdukcja ro\u015blinna\u201d i zapiszcie go do zeszytu. Jako notatk\u0119 przepiszcie:<\/p>\n<p>U\u017cytki rolne \u2013 60%<br \/>\nLasy \u2013 30%<br \/>\nPozosta\u0142e grunty \u2013 10%<br \/>\nRazem: Powierzchnia Polski &#8211; 100 %<\/p>\n<p>Podzia\u0142 u\u017cytk\u00f3w rolnych:<\/p>\n<p>&#8211; grunty orne \u2013 44%<br \/>\n&#8211; \u0142\u0105ki \u2013 7%<br \/>\n&#8211; pastwiska \u2013 5%<br \/>\n&#8211; sady 1%<br \/>\n&#8211; pozosta\u0142e u\u017cytki rolne &#8211; 3 %<br \/>\nCa\u0142o\u015b\u0107 u\u017cytk\u00f3w rolnych, czyli 60%<\/p>\n<p>Odpowiedzcie pisemnie w zeszycie na \u0107w. 3\/130 z podr\u0119cznika.<br \/>\nNast\u0119pnie przeanalizuj informacje zawarte w prezentacji<\/p>\n<ul>\n<li><a href=\"https:\/\/prezi.com\/x00hmewm-ooo\/produkcja-roslinna-w-polsce\/\">https:\/\/prezi.com\/x00hmewm-ooo\/produkcja-roslinna-w-polsce\/<\/a><\/li>\n<\/ul>\n<p>W przypadku pyta\u0144 lub trudno\u015bci zach\u0119cam do kontaktu <a href=\"mailto:sobieszczanska606@wp.pl\">sobieszczanska606@wp.pl<\/a><\/p>\n<p><span style=\"text-decoration: underline;\"><span style=\"color: #ff0000;\"><em><strong>J\u0118ZYK NIEMIECKI<\/strong><\/em><\/span><\/span><\/p>\n<p>Prosz\u0119 o zapoznanie si\u0119 ze s\u0142\u00f3wkami dotycz\u0105cymi dyscyplin sportu w ksi\u0105\u017cce na stronie 104 w zadaniu 1.<br \/>\nPonadto prosz\u0119 odpowiedzie\u0107 pe\u0142nymi zdaniami na pytania z \u0107wiczenia 5 na stronie 104 (ksi\u0105\u017cka).<br \/>\nJe\u017celi pytanie brzmi gdzie trenujesz?<br \/>\nprosz\u0119 odpowiedzie\u0107 -Ja trenuj\u0119 \u2026\u2026(tu wybieramy jedno wyra\u017cenie podane w zadaniu)<br \/>\nZadanie mo\u017cna wykona\u0107 w zeszycie.<br \/>\nProsz\u0119 pami\u0119ta\u0107 o odpowiedniej odmianie czasownika<br \/>\nPo zapoznaniu si\u0119 ze s\u0142\u00f3wkami prosz\u0119 wykona\u0107 zadanie 1 w zeszycie \u0107wicze\u0144 na stronie 74.<\/p>\n<p style=\"text-align: justify;\"><strong>czwartek 19.03.2020<\/strong><br \/>\nProsz\u0119 o przeczytanie oraz przet\u0142umaczenie dialogu z ksi\u0105\u017cki na stronie 96.<br \/>\nPonadto prosz\u0119 uzupe\u0142ni\u0107 zdania w \u0107wiczeniu 1 pod tym dialogiem.<br \/>\nZadanie prosz\u0119 wykona\u0107 w zeszycie.<\/p>\n<p><span style=\"text-decoration: underline;\"><span style=\"color: #ff0000;\"><em><strong>CHEMIA<\/strong><\/em><\/span><\/span><\/p>\n<ul>\n<li>opracowa\u0107 tematy: Prawo sta\u0142o\u015bci sk\u0142adu zwi\u0105zku chemicznego oraz rozwi\u0105za\u0107 zadania 1, 2 ze strony 141. Przyk\u0142adowe rozwi\u0105zania zada\u0144 s\u0105 przedstawione w podr\u0119czniku przyk\u0142ad 28 i przyk\u0142ad 31;<\/li>\n<li>opracowa\u0107 temat: Prawo zachowania masy strona 148 oraz rozwi\u0105za\u0107 zadania 1, 2 ze strony 150. Podane zadania rozwi\u0105za\u0107 na podstawie przyk\u0142ad\u00f3w podanych w podr\u0119czniku strona 149 i 150.<\/li>\n<\/ul>\n<p><span style=\"text-decoration: underline; color: #ff0000;\"><em><strong>FIZYKA<\/strong><\/em><\/span><\/p>\n<p>Prosz\u0119 obejrze\u0107 filmy i odpowiedzie\u0107 w zeszycie na pytania:<\/p>\n<ul>\n<li><a href=\"https:\/\/www.youtube.com\/watch?v=ItkC3FEpH_Q\">https:\/\/www.youtube.com\/watch?v=ItkC3FEpH_Q<\/a><\/li>\n<\/ul>\n<p>&#8211; Na czym polega bezw\u0142adno\u015b\u0107?<br \/>\n&#8211; Podaj 2 przyk\u0142ady bezw\u0142adno\u015bci cia\u0142.<br \/>\n&#8211; Co jest miar\u0105 bezw\u0142adno\u015bci?<\/p>\n<ul>\n<li><a href=\"https:\/\/www.youtube.com\/watch?v=XKNBR4s4o_c\">https:\/\/www.youtube.com\/watch?v=XKNBR4s4o_c<\/a><\/li>\n<\/ul>\n<p>&#8211; Na czym polega 2 zasada dynamiki Newtona?<br \/>\n&#8211; Co to jest 1N?<br \/>\n&#8211; Zad. 1 i 2 str. 172<\/p>\n<ul>\n<li><a href=\"https:\/\/www.youtube.com\/watch?v=pH6wkUAjbDY\">https:\/\/www.youtube.com\/watch?v=pH6wkUAjbDY<\/a><\/li>\n<\/ul>\n<p>&#8211; Kiedy cia\u0142o spada swobodnie?<br \/>\n&#8211; Od czego zale\u017cy swobodne spadanie cia\u0142a a co nie ma wp\u0142ywu na nie?<\/p>\n<ul>\n<li><a href=\"https:\/\/www.youtube.com\/watch?v=Iy9HOKLV8QI\">https:\/\/www.youtube.com\/watch?v=Iy9HOKLV8QI<\/a><\/li>\n<\/ul>\n<p>&#8211; Jak brzmi 3 zasada dynamiki Newtona?<br \/>\n&#8211; Na czym polega zjawisko odrzutu? (podaj przyk\u0142ady).<br \/>\nMo\u017cna korzysta\u0107 z podr\u0119cznika i innych materia\u0142\u00f3w dost\u0119pnych w internecie.<\/p>\n<p style=\"text-align: justify;\"><span style=\"text-decoration: underline;\"><em><strong>Zadanie dodatkowe:<\/strong> <\/em><\/span>Wykonaj do\u015bwiadczenie (mo\u017ce by\u0107 kilka) ukazuj\u0105ce s\u0142uszno\u015b\u0107 jednej z 3 zasad dynamiki Newtona. Opisz lub nagraj np. telefonem, kamerk\u0105 w laptopie i przynie\u015b na lekcje. Przyk\u0142ady do\u015bwiadcze\u0144 znajdziesz w podr\u0119czniku lub internecie.<\/p>\n<p><em><strong>W razie potrzeby kontakt mailowy:<\/strong><\/em> <a href=\"mailto:nauczgm2@gmail.com\">nauczgm2@gmail.com<\/a><\/p>\n<p><span style=\"text-decoration: underline;\"><span style=\"color: #ff0000;\"><em><strong>BIOLOGIA<\/strong><\/em><\/span><\/span><\/p>\n<p><em><strong>TEMAT: Budowa i rola obwodowego uk\u0142adu nerwowego.<\/strong> <\/em><br \/>\nOdpowiedz na pytania:<br \/>\n1.Jaka jest rola obwodowego uk\u0142adu nerwowego?<br \/>\n2.Jakie elementy buduj\u0105 ten uk\u0142ad?<br \/>\n3 Definicja odruchu i \u0142uku odruchowego. Z jakich element\u00f3w sk\u0142ada si\u0119 \u0142uk odruchowy?<br \/>\n4.Jak dzielimy odruchy? (przyk\u0142ady).<\/p>\n<p><em><strong> TEMAT: Higiena i choroby uk\u0142adu nerwowego.<\/strong> <\/em><br \/>\nNa podstawie podr\u0119cznika napisz kr\u00f3tk\u0105 notatk\u0119 jak dba\u0107 o uk\u0142ad nerwowy oraz jakie dolegliwo\u015bci s\u0105 z nim zwi\u0105zane.<\/p>\n<p><span style=\"text-decoration: underline;\"><span style=\"color: #ff0000;\"><em><strong>WYCHOWANIE FIZYCZNE<\/strong><\/em><\/span><\/span><\/p>\n<p style=\"text-align: justify;\">Przesy\u0142am Wam zestaw \u0107wicze\u0144 rozci\u0105gaj\u0105cych oraz relaksuj\u0105cych cia\u0142o. Zas\u00f3b \u0107wicze\u0144 mo\u017cna sobie zrobi\u0107 zar\u00f3wno przy \u015bcianie w domu jak i przy barierkach. Przy okazji prosz\u0119 zapozna\u0107 si\u0119 ze szczeg\u00f3\u0142owymi partiami mi\u0119\u015bni i techniki wykonywania \u0107wiczenia w danej pozycji.<\/p>\n<p><a href=\"https:\/\/motywatordietetyczny.pl\/2016\/06\/100-cwiczenia-ktore-rozciagna-wszystkie-miesnie\/\">https:\/\/motywatordietetyczny.pl\/2016\/06\/100-cwiczenia-ktore-rozciagna-wszystkie-miesnie\/<\/a><\/p>\n","protected":false},"excerpt":{"rendered":"<p>J\u0118ZYK\u00a0 POLSKI Prosz\u0119 przeczyta\u0107 \u201eLatarnika\u201d Henryka Sienkiewicza \u0106wiczenia wykonujecie pisemnie w zeszycie. Poniedzia\u0142ek 16. 03. Temat: Czy pragnienie bez t\u0119sknoty jest mo\u017cliwe do spe\u0142nienia? Prosz\u0119 zapozna\u0107 si\u0119 z biogramem Cypriana Norwida oraz przeczyta\u0107 wiersz \u201eMoja piosnka\u201d ze strony 162 podr\u0119cznika. &hellip; <a href=\"http:\/\/spmlodzawy.pl\/index.php\/zadania-dla-klasy-vii\/\">Czytaj dalej <span class=\"meta-nav\">&rarr;<\/span><\/a><\/p>\n","protected":false},"author":1,"featured_media":0,"parent":0,"menu_order":0,"comment_status":"closed","ping_status":"closed","template":"","meta":[],"_links":{"self":[{"href":"http:\/\/spmlodzawy.pl\/index.php\/wp-json\/wp\/v2\/pages\/20440"}],"collection":[{"href":"http:\/\/spmlodzawy.pl\/index.php\/wp-json\/wp\/v2\/pages"}],"about":[{"href":"http:\/\/spmlodzawy.pl\/index.php\/wp-json\/wp\/v2\/types\/page"}],"author":[{"embeddable":true,"href":"http:\/\/spmlodzawy.pl\/index.php\/wp-json\/wp\/v2\/users\/1"}],"replies":[{"embeddable":true,"href":"http:\/\/spmlodzawy.pl\/index.php\/wp-json\/wp\/v2\/comments?post=20440"}],"version-history":[{"count":21,"href":"http:\/\/spmlodzawy.pl\/index.php\/wp-json\/wp\/v2\/pages\/20440\/revisions"}],"predecessor-version":[{"id":20545,"href":"http:\/\/spmlodzawy.pl\/index.php\/wp-json\/wp\/v2\/pages\/20440\/revisions\/20545"}],"wp:attachment":[{"href":"http:\/\/spmlodzawy.pl\/index.php\/wp-json\/wp\/v2\/media?parent=20440"}],"curies":[{"name":"wp","href":"https:\/\/api.w.org\/{rel}","templated":true}]}}