{"id":20441,"date":"2020-03-15T22:09:59","date_gmt":"2020-03-15T21:09:59","guid":{"rendered":"http:\/\/spmlodzawy.pl\/?page_id=20441"},"modified":"2020-03-17T22:47:10","modified_gmt":"2020-03-17T21:47:10","slug":"zadania-dla-klasy-viii","status":"publish","type":"page","link":"http:\/\/spmlodzawy.pl\/index.php\/zadania-dla-klasy-viii\/","title":{"rendered":"ZADANIA DLA KLASY VIII"},"content":{"rendered":"<p><span style=\"text-decoration: underline; color: #ff0000;\"><em><strong>J\u0118ZYK POLSKI<\/strong><\/em><\/span><\/p>\n<p style=\"text-align: justify;\">W ramach przygotowania si\u0119 do egzaminu \u00f3smoklasisty zach\u0119cam wszystkich do przypomnienia sobie w wolnym czasie tre\u015bci lektur obowi\u0105zkowych.<br \/>\nJe\u015bli macie w trakcie wykonywania \u0107wicze\u0144 pojawi\u0105 si\u0119 problemy, prosz\u0119 kontaktowa\u0107 si\u0119 ze mn\u0105 za pomoc\u0105 komunikatora Messenger. Zalecam systematyczn\u0105 prac\u0119 i wykonywanie zada\u0144 zgodnie z zaproponowanym harmonogramem w celu unikni\u0119cia zaleg\u0142o\u015bci i p\u00f3\u017aniejszej konieczno\u015bci nadrabiania wszystkiego na ostatni\u0105 chwil\u0119.<\/p>\n<p><strong>Wtorek 17. 03.<\/strong><br \/>\n<em>Temat: Polska da si\u0119 lubi\u0107<\/em><br \/>\nPrzeczytaj tekst na stronie 155 podr\u0119cznika.<br \/>\nWykonaj pisemnie \u0107wiczenia 1, 4, 5 (w zeszycie)<br \/>\n\u0106wiczenie 5 prosz\u0119 wykona\u0107 w miar\u0119 mo\u017cliwo\u015bci wsp\u00f3lnie \u2013 proponuj\u0119 kontakt przez Messengera \ud83d\ude09 Forma zapisu dowolna \u2013 mo\u017cecie stworzy\u0107 tabelk\u0119, katalog cech, map\u0119 my\u015bli itp.<\/p>\n<p style=\"text-align: justify;\"><strong>\u015aroda 18. 03. Czwartek 19.03<\/strong><br \/>\n<em>Temat: \u017bycie na emigracji.<\/em><br \/>\nProsz\u0119 przeczyta\u0107 biogram Mariana Hemara oraz Piosenk\u0119 o przychodni lekarskiej w<br \/>\nLondynie na stronie 158 podr\u0119cznika.<br \/>\nProsz\u0119 wykona\u0107 \u0107wiczenie 1, 2, 4, 5 (pisemnie, w zeszycie)<br \/>\n<em><strong>UWAGI:<\/strong><\/em><br \/>\nPodczas wykonywania \u0107wiczenia 1 prosz\u0119 zwr\u00f3ci\u0107 uwag\u0119 na to kim jest osoba m\u00f3wi\u0105ca w wierszu, jakie s\u0105 jej uczucia i pragnienia. W jakiej osobie wypowiada si\u0119 podmiot liryczny i o czy to \u015bwiadczy? (Czy podmiot liryczny mo\u017cna uto\u017csami\u0107 z autorem tekstu?).<\/p>\n<p>\u0106wiczenie 2 mo\u017cecie wykona\u0107 wsp\u00f3lnie na grupie. Prosz\u0119 o uzupe\u0142nienie tabelki:<\/p>\n<table style=\"height: 335px;\" width=\"457\">\n<tbody>\n<tr>\n<td width=\"256\"><\/td>\n<td width=\"256\">Rzeczywisto\u015b\u0107 lwowska<\/td>\n<td width=\"256\">Rzeczywisto\u015b\u0107 londy\u0144ska<\/td>\n<\/tr>\n<tr>\n<td width=\"256\">Postacie<\/td>\n<td width=\"256\"><\/td>\n<td width=\"256\"><\/td>\n<\/tr>\n<tr>\n<td width=\"256\">Miejsca<\/td>\n<td width=\"256\"><\/td>\n<td width=\"256\"><\/td>\n<\/tr>\n<tr>\n<td width=\"256\">Potrawy<\/td>\n<td width=\"256\"><\/td>\n<td width=\"256\"><\/td>\n<\/tr>\n<tr>\n<td width=\"256\">Krajobrazy<\/td>\n<td width=\"256\"><\/td>\n<td width=\"256\"><\/td>\n<\/tr>\n<\/tbody>\n<\/table>\n<p style=\"text-align: justify;\"><strong>Czwartek 19.03.<\/strong><br \/>\nProsz\u0119 wykona\u0107 \u0107wiczenia 7 i 8 ze strony 160 podr\u0119cznika (pisemnie, do zeszytu). \u0106wiczenie 7 wykonajcie w miar\u0119 mo\u017cliwo\u015bci wsp\u00f3lnie kontaktuj\u0105c si\u0119 na grupie. O zaletach i wadach emigracji mo\u017cecie podyskutowa\u0107 r\u00f3wnie\u017c w gronie rodzinnym.<\/p>\n<p style=\"text-align: justify;\"><strong>Pi\u0105tek 20. 03. (dwie lekcje)<\/strong><br \/>\nTemat: Jak przemawia\u0107?<br \/>\nProsz\u0119 zapozna\u0107 si\u0119 z tekstem dotycz\u0105cym przem\u00f3wienia na stronie 161 podr\u0119cznika i napisa\u0107 samodzielnie notatk\u0119 o tej formie wypowiedzi.<\/p>\n<p>Prosz\u0119 wykona\u0107 \u0107wiczenie 3 ze strony 163.<\/p>\n<p><span style=\"text-decoration: underline;\"><span style=\"color: #ff0000;\"><em><strong>J\u0118ZYK ANGIELSKI<\/strong><\/em><\/span><\/span><\/p>\n<p style=\"text-align: justify;\">W okresie zawieszenia zaj\u0119\u0107 gor\u0105co zach\u0119cam do samodzielnej pracy i powtarzania materia\u0142u w celu przygotowania si\u0119 da egzaminu \u00f3smoklasisty.<br \/>\nPolecam zajrze\u0107 na stron\u0119 z zagadnieniami gramatycznymi w celu powt\u00f3rzenia wiadomo\u015bci o czasach, stronie biernej, okresach warunkowych:<\/p>\n<ul>\n<li><a href=\"https:\/\/www.ang.pl\/gramatyka\">https:\/\/www.ang.pl\/gramatyka<\/a><\/li>\n<\/ul>\n<p>Polecam r\u00f3wnie\u017c filmy na kanale Rock Your English:<\/p>\n<ul>\n<li><a href=\"https:\/\/www.youtube.com\/channel\/UClrTaxNIXblGc5RNXnP0_4Q\">https:\/\/www.youtube.com\/channel\/UClrTaxNIXblGc5RNXnP0_4Q\u00a0\u00a0<\/a><\/li>\n<\/ul>\n<p>Strony przydatne podczas powtarzania s\u0142ownictwa:<\/p>\n<ul>\n<li><a href=\"https:\/\/www.ang.pl\/slownictwo\">https:\/\/www.ang.pl\/slownictwo<\/a><\/li>\n<li><a href=\"https:\/\/www.ang.pl\/slownictwo\/tematyczne\">https:\/\/www.ang.pl\/slownictwo\/tematyczne<\/a><\/li>\n<\/ul>\n<p style=\"text-align: justify;\">Prosz\u0119 uzupe\u0142nia\u0107 \u0107wiczenia w pr\u00f3bnych arkuszach egzaminacyjnych, kt\u00f3re dostali\u015bcie i przesy\u0142a\u0107 mi ich zdj\u0119cia zgodnie z wyznaczonymi terminami. Wykonujecie r\u00f3wnie\u017c prace pisemne!<\/p>\n<p><strong>Wtorek 17.03<\/strong><br \/>\nPrzesy\u0142acie mi zdj\u0119cia wype\u0142nionego arkusza nr 2.<\/p>\n<p><strong>Czwartek 19.03.<\/strong><br \/>\nProsz\u0119 wykona\u0107 zadania typy egzaminacyjnego A, B, C, D ze stron 68-69. Nagrania mo\u017cna odtworzy\u0107 wykorzystuj\u0105c kod QR z tytu\u0142owej strony podr\u0119cznika lub na stronie internetowej.<\/p>\n<p><strong>Pi\u0105tek 20. 03.<\/strong><br \/>\nUzupe\u0142niacie kolejny arkusz<\/p>\n<p><span style=\"text-decoration: underline; color: #ff0000;\"><em><strong>MATEMATYKA<\/strong><\/em><\/span><\/p>\n<p style=\"text-align: justify;\">Zadania z matematyki b\u0119d\u0105 dost\u0119pne na stroniewww.learningapps.org, instrukcja do zalogowania dost\u0119pna jest poni\u017cej. Zadania b\u0119d\u0105 dodawane systematycznie, wi\u0119c prosz\u0119 zagl\u0105da\u0107 na platform\u0119 learningapps w dni w kt\u00f3re macie planowo matematyk\u0119 oraz \u00a0prosz\u0119 o systematyczne \u00a0ich rozwi\u0105zywanie. Pierwsze zadania dla klasy VI i VIII z dzisiejszego dnia (PONIEDZIA\u0141EK) s\u0105 ju\u017c dost\u0119pne na platformie learningapps.<\/p>\n<p><strong>INSTRUKCJA DO LOGOWANIA<\/strong><\/p>\n<ol>\n<li>Wejd\u017a na stron\u0119 <a href=\"https:\/\/learningapps.org\"><strong>https:\/\/learningapps.org<\/strong><\/a><\/li>\n<li style=\"text-align: justify;\">Zaloguj si\u0119. Login i has\u0142o otrzymasz od wychowawcy.<\/li>\n<li style=\"text-align: justify;\">Kliknij w Moja Klasa (prawy r\u00f3g).<\/li>\n<li style=\"text-align: justify;\">Kliknij w zadania.<\/li>\n<li style=\"text-align: justify;\">Rozwi\u0105\u017c zadania i naci\u015bnij w prawym dolnym rogu \u201eptaszek\u201d.<\/li>\n<\/ol>\n<p style=\"text-align: justify;\">Je\u017celi zadania zostan\u0105 rozwi\u0105zane \u017ale pod\u015bwietl\u0105 si\u0119 na czerwono, je\u017celi dobrze na zielono.<\/p>\n<ol start=\"6\">\n<li style=\"text-align: justify;\">Po poprawnym rozwi\u0105zaniu wszystkich zada\u0144 naci\u015bnij strza\u0142k\u0119 wstecz na pasku w lewym g\u00f3rnym rogu.<\/li>\n<li style=\"text-align: justify;\">Twoje poprawne rozwi\u0105zania zostan\u0105 przes\u0142ane nauczycielowi i odnotowane jako zrobione.<\/li>\n<li style=\"text-align: justify;\">Je\u017celi co\u015b jest nie jasne mo\u017cesz napisa\u0107 wiadomo\u015b\u0107. Po zalogowaniu na stronie, kliknij w Moje klasy, nast\u0119pnie naci\u015bnij na kopert\u0119 obok nazwiska Edyta Sopel.<\/li>\n<\/ol>\n<p><span style=\"text-decoration: underline; color: #ff0000;\"><em><strong>HISTORIA<\/strong><\/em><\/span><\/p>\n<p style=\"text-align: justify;\"><strong>16 marca<\/strong><em> &#8211;<\/em> przeczyta\u0107 z podr\u0119cznika do historii temat pt. PRL w latach 1956-1970, a nast\u0119pnie rozwi\u0105za\u0107 z podr\u0119cznika \u0107wiczenie 2 strona 192 wpisuj\u0105c odpowied\u017a do zeszytu.<\/p>\n<p style=\"text-align: justify;\"><strong>19 marca &#8211;<\/strong> przeczyta\u0107 z podr\u0119cznika do historii temat pt. Polska w latach 70. XX wieku, a nast\u0119pnie rozwi\u0105za\u0107 z podr\u0119cznika \u0107wiczenie 1 strona 197 wpisuj\u0105c odpowiedzi do zeszytu.<\/p>\n<p><span style=\"text-decoration: underline; color: #ff0000;\"><em><strong>WOS<\/strong><\/em><\/span><\/p>\n<p style=\"text-align: justify;\"><strong>16 marca<\/strong> &#8211; przeczyta\u0107 z podr\u0119cznika do wos-u temat pt. Prezydent i Rada Ministr\u00f3w, a nast\u0119pnie rozwi\u0105za\u0107 z podr\u0119cznika \u0107wiczenie 2 strona 145 wpisuj\u0105c odpowied\u017a do zeszytu.<\/p>\n<p style=\"text-align: justify;\"><strong>19 marca <\/strong>&#8211; przeczyta\u0107 z podr\u0119cznika do wos-u temat pt. S\u0105dy i trybuna\u0142y, a nast\u0119pnie rozwi\u0105za\u0107 z podr\u0119cznika \u0107wiczenie 2,6 strona 150-151 wpisuj\u0105c odpowiedzi do zeszytu.<\/p>\n<p><span style=\"text-decoration: underline; color: #ff0000;\"><em><strong>GEOGRAFIA<\/strong><\/em><\/span><\/p>\n<p style=\"text-align: justify;\"><strong>Czwartek 19 marca<\/strong><br \/>\nProsz\u0119 opracujcie temat \u201ew Amazonii\u201d i zapiszcie go do zeszytu. Jako notatk\u0119 uzupe\u0142nijcie tabel\u0119:<br \/>\nKorzystaj\u0105c z dost\u0119pnych \u017ar\u00f3de\u0142, przeanalizuj problem nadmiernej wycinki wilgotnych las\u00f3w r\u00f3wnikowych w Amazonii i zapisz propozycje jego rozwi\u0105zania w postaci metaplanu.<\/p>\n<table>\n<tbody>\n<tr>\n<td colspan=\"2\" width=\"697\">\n<p style=\"text-align: center;\"><strong>Problem: Nadmierna wycinka las\u00f3w Amazonii<\/strong><\/p>\n<\/td>\n<\/tr>\n<tr>\n<td width=\"375\">\n<p style=\"text-align: center;\"><strong><em>Jak jest?<\/em><\/strong><\/p>\n<\/td>\n<td width=\"322\">\n<p style=\"text-align: center;\"><strong><em>Jak powinno by\u0107?<\/em><\/strong><\/p>\n<\/td>\n<\/tr>\n<tr>\n<td width=\"375\"><\/td>\n<td width=\"322\"><\/td>\n<\/tr>\n<tr>\n<td colspan=\"2\" width=\"697\">\n<p style=\"text-align: center;\"><strong><em>Dlaczego nie jest tak, jak powinno by\u0107?<\/em><\/strong><\/p>\n<\/td>\n<\/tr>\n<tr>\n<td colspan=\"2\" width=\"697\"><\/td>\n<\/tr>\n<tr>\n<td colspan=\"2\" width=\"697\">\n<p style=\"text-align: center;\"><strong><em>Wnioski \u2013 propozycje rozwi\u0105zania problemu<\/em><\/strong><\/p>\n<\/td>\n<\/tr>\n<tr>\n<td colspan=\"2\" width=\"697\"><\/td>\n<\/tr>\n<\/tbody>\n<\/table>\n<p>Prosz\u0119 obejrzyjcie film:<\/p>\n<ul>\n<li><a href=\"https:\/\/www.youtube.com\/watch?v=DY7_kV4yawE\">https:\/\/www.youtube.com\/watch?v=DY7_kV4yawE<\/a><\/li>\n<\/ul>\n<p>dla ch\u0119tnych jeszcze jeden: <a href=\"https:\/\/vod.tvp.pl\/video\/boso-przez-swiat,zycie-codzienne-indian,18024506\">https:\/\/vod.tvp.pl\/video\/boso-przez-swiat,zycie-codzienne-indian,18024506<\/a><\/p>\n<p>W przypadku pyta\u0144 lub trudno\u015bci zach\u0119cam do kontaktu <a href=\"mailto:sobieszczanska606@wp.pl\">sobieszczanska606@wp.pl<\/a><\/p>\n<p><span style=\"text-decoration: underline; color: #ff0000;\"><em><strong>J\u0118ZYK NIEMIECKI<\/strong><\/em><\/span><\/p>\n<p>Prosz\u0119 o zapoznanie si\u0119 ze s\u0142\u00f3wkami dotycz\u0105cymi nazw odzie\u017cy w ksi\u0105\u017cce na stronie 102<br \/>\nw zadaniu 1<br \/>\noraz z wyra\u017ceniami w zadaniu 2 (tylko wyra\u017cenia z pogrubionym drukiem).<br \/>\nPo zapoznaniu si\u0119 ze s\u0142\u00f3wkami prosz\u0119 o wype\u0142nienie \u0107wiczenia 1 oraz 2 na stronie 74 w zeszycie \u0107wicze\u0144.<\/p>\n<p style=\"text-align: justify;\"><strong>czwartek 19.03.2020<\/strong><br \/>\nProsz\u0119 o przeczytanie dialogu na stronie 94 w ksi\u0105\u017cce oraz wykonanie zadania 2 pod dialogiem.<br \/>\nW zadaniu tym mamy do podanych odpowiedzi utworzy\u0107 pytania.<\/p>\n<p><span style=\"text-decoration: underline;\"><span style=\"color: #ff0000;\"><em><strong>CHEMIA<\/strong><\/em><\/span><\/span><\/p>\n<p><em>Uczniowie powinni opracowa\u0107:<\/em><\/p>\n<ul>\n<li>Por\u00f3wnanie w\u0142a\u015bciwo\u015bci alkan\u00f3w, alken\u00f3w, alkin\u00f3w oraz rozwi\u0105za\u0107 zadania do tego tematu podane w podr\u0119czniku,<\/li>\n<li>powt\u00f3rzenie dzia\u0142u W\u0119glowodory i rozwi\u0105zanie zada\u0144 po dziale sprawd\u017a, czy wiesz&#8230; sprawd\u017a czy umiesz&#8230;.<br \/>\nRozwi\u0105zane zadania b\u0119d\u0105 sprawdzone i ocenione.<\/li>\n<\/ul>\n<p><span style=\"text-decoration: underline; color: #ff0000;\"><em><strong>FIZYKA<\/strong><\/em><\/span><\/p>\n<p>Prosz\u0119 obejrze\u0107 film i odpowiedzie\u0107 w zeszycie na pytania:<\/p>\n<ul>\n<li><a href=\"https:\/\/www.youtube.com\/watch?v=x8tJGv8sNQA\">https:\/\/www.youtube.com\/watch?v=x8tJGv8sNQA<\/a><\/li>\n<\/ul>\n<p style=\"text-align: justify;\">&#8211; Sk\u0105d si\u0119 bior\u0105 fale elektromagnetyczne?<br \/>\n&#8211; Wymie\u0144 rodzaje fal elektromagnetycznych i podaj chocia\u017c jedno zastosowanie ka\u017cdej z nich.<br \/>\nNie b\u0119dzie w szkole powt\u00f3rzenia z fal i drga\u0144. Wykonaj samodzielnie testy dost\u0119pne w podr\u0119czniku na str. 204-206.<\/p>\n<p><em><strong>W razie potrzeby kontakt mailowy:<\/strong><\/em> <a href=\"mailto:nauczgm2@gmail.com\">nauczgm2@gmail.com<\/a><\/p>\n<p><span style=\"text-decoration: underline;\"><span style=\"color: #ff0000;\"><em><strong>BIOLOGIA<\/strong><\/em><\/span><\/span><\/p>\n<p><em><strong>TEMAT: Ro\u015blino\u017cerno\u015b\u0107.<\/strong> <\/em><br \/>\nW oparciu o podr\u0119cznik odpowiedz na pytania:<br \/>\n1.Na czym polega drapie\u017cnictwo ro\u015blin i jakim rodzajem oddzia\u0142ywania jest ro\u015blino\u017cerno\u015b\u0107?<br \/>\n2.Znaczenie ro\u015blino\u017cerc\u00f3w.<br \/>\n3.Jak ro\u015bliny broni\u0105 si\u0119 przed zjedzeniem?<br \/>\n4.Jak organizmy przystosowa\u0142y si\u0119 do ro\u015blino\u017cerno\u015bci?<br \/>\nNapisz kr\u00f3tk\u0105 notatk\u0119.<\/p>\n<p><span style=\"text-decoration: underline;\"><span style=\"color: #ff0000;\"><em><strong>WYCHOWANIE FIZYCZNE<\/strong><\/em><\/span><\/span><\/p>\n<p style=\"text-align: justify;\">Przesy\u0142am Wam zestaw \u0107wicze\u0144 rozci\u0105gaj\u0105cych oraz relaksuj\u0105cych cia\u0142o. Zas\u00f3b \u0107wicze\u0144 mo\u017cna sobie zrobi\u0107 zar\u00f3wno przy \u015bcianie w domu jak i przy barierkach. Przy okazji prosz\u0119 zapozna\u0107 si\u0119 ze szczeg\u00f3\u0142owymi partiami mi\u0119\u015bni i techniki wykonywania \u0107wiczenia w danej pozycji.<\/p>\n<p><a href=\"https:\/\/motywatordietetyczny.pl\/2016\/06\/100-cwiczenia-ktore-rozciagna-wszystkie-miesnie\/\">https:\/\/motywatordietetyczny.pl\/2016\/06\/100-cwiczenia-ktore-rozciagna-wszystkie-miesnie\/<\/a><\/p>\n","protected":false},"excerpt":{"rendered":"<p>J\u0118ZYK POLSKI W ramach przygotowania si\u0119 do egzaminu \u00f3smoklasisty zach\u0119cam wszystkich do przypomnienia sobie w wolnym czasie tre\u015bci lektur obowi\u0105zkowych. Je\u015bli macie w trakcie wykonywania \u0107wicze\u0144 pojawi\u0105 si\u0119 problemy, prosz\u0119 kontaktowa\u0107 si\u0119 ze mn\u0105 za pomoc\u0105 komunikatora Messenger. Zalecam systematyczn\u0105 &hellip; <a href=\"http:\/\/spmlodzawy.pl\/index.php\/zadania-dla-klasy-viii\/\">Czytaj dalej <span class=\"meta-nav\">&rarr;<\/span><\/a><\/p>\n","protected":false},"author":1,"featured_media":0,"parent":0,"menu_order":0,"comment_status":"closed","ping_status":"closed","template":"","meta":[],"_links":{"self":[{"href":"http:\/\/spmlodzawy.pl\/index.php\/wp-json\/wp\/v2\/pages\/20441"}],"collection":[{"href":"http:\/\/spmlodzawy.pl\/index.php\/wp-json\/wp\/v2\/pages"}],"about":[{"href":"http:\/\/spmlodzawy.pl\/index.php\/wp-json\/wp\/v2\/types\/page"}],"author":[{"embeddable":true,"href":"http:\/\/spmlodzawy.pl\/index.php\/wp-json\/wp\/v2\/users\/1"}],"replies":[{"embeddable":true,"href":"http:\/\/spmlodzawy.pl\/index.php\/wp-json\/wp\/v2\/comments?post=20441"}],"version-history":[{"count":24,"href":"http:\/\/spmlodzawy.pl\/index.php\/wp-json\/wp\/v2\/pages\/20441\/revisions"}],"predecessor-version":[{"id":20544,"href":"http:\/\/spmlodzawy.pl\/index.php\/wp-json\/wp\/v2\/pages\/20441\/revisions\/20544"}],"wp:attachment":[{"href":"http:\/\/spmlodzawy.pl\/index.php\/wp-json\/wp\/v2\/media?parent=20441"}],"curies":[{"name":"wp","href":"https:\/\/api.w.org\/{rel}","templated":true}]}}