{"id":20829,"date":"2020-03-23T17:09:25","date_gmt":"2020-03-23T16:09:25","guid":{"rendered":"http:\/\/spmlodzawy.pl\/?page_id=20829"},"modified":"2020-04-01T16:35:41","modified_gmt":"2020-04-01T14:35:41","slug":"klasa-iv-30-marca-3-kwietnia","status":"publish","type":"page","link":"http:\/\/spmlodzawy.pl\/index.php\/klasa-iv-30-marca-3-kwietnia\/","title":{"rendered":"KLASA IV (30 MARCA &#8211; 3 KWIETNIA)"},"content":{"rendered":"<div class=\"entry-content\">\n<h2 style=\"text-align: center;\"><span style=\"color: #003366;\"><strong>PONIEDZIA\u0141EK<\/strong><\/span><\/h2>\n<hr \/>\n<p><span style=\"text-decoration: underline;\"><em><strong><span style=\"color: #ff0000; text-decoration: underline;\">RELIGIA<\/span><\/strong><\/em><\/span><\/p>\n<p><strong><em>Temat: Ogr\u00f3d oliwny &#8211; najtrudniejsza modlitwa.<\/em><\/strong><br \/>\n<em>Cele:<\/em><br \/>\n<em>-Poznasz fragment Ewangelii o modlitwie Jezusa w Ogrodzie Oliwnym.<\/em><br \/>\n<em>&#8211; Nauczysz si\u0119 modli\u0107 w intencji os\u00f3b prze\u017cywaj\u0105cych trudno\u015bci.<\/em><\/p>\n<p>Zadanie: Przeczytaj temat z podr\u0119cznika i wykonaj zadania w zeszycie \u0107wicze\u0144.<br \/>\n(Wykonane zadania prze\u015blij na maila: <a href=\"mailto:biedor@op.pl\">biedor@op.pl<\/a>)<\/p>\n<p><span style=\"text-decoration: underline;\"><em><strong><span style=\"color: #ff0000; text-decoration: underline;\">J\u0118ZYK POLSKI<\/span><\/strong><\/em><\/span><\/p>\n<p><strong><em>Temat: Dobro\u0107 zostaje nagrodzona.<\/em><\/strong><\/p>\n<p><em>Cel: rozpoznajemy czytany utw\u00f3r jako ba\u015b\u0144<\/em><\/p>\n<p>Zapoznaj si\u0119 z ba\u015bni\u0105 <em>Kopciuszek. <\/em>Podr\u0119cznik strona 200.Wykonaj \u0107wiczenie 2 strona 205 do zeszytu. Praca domowa: Naucz si\u0119 czyta\u0107 poznan\u0105 ba\u015b\u0144.<\/p>\n<p><span style=\"text-decoration: underline;\"><em><strong><span style=\"color: #ff0000; text-decoration: underline;\">HISTORIA<\/span><\/strong><\/em><\/span><\/p>\n<p><strong><em>Temat: Podsumowanie wiadomo\u015bci z rozdzia\u0142u III.<\/em><\/strong><br \/>\n<em>Cel lekcji: utrwalenie wiadomo\u015bci z III rozdzia\u0142u ,,Wojny i upadek Rzeczypospolitej\u201d.<\/em><\/p>\n<p>Dla sprawdzenia swojej wiedzy wykonaj w zeszycie \u0107wicze\u0144 zadania 1,2,3,4,5 str. 68-69.<\/p>\n<p style=\"text-align: justify;\"><strong>Wykonaj zdj\u0119cie zeszytu z zawarto\u015bci\u0105 wykonanych zada\u0144 i \u0107wicze\u0144 np. telefonem kom\u00f3rkowym i prze\u015blij na adres mailowy: <\/strong><a href=\"mailto:sopris2000@interia.pl\">sopris2000@interia.pl<\/a><strong> Zadane \u0107wiczenia b\u0119d\u0105 podlega\u0107 ocenie.<\/strong><\/p>\n<p><span style=\"text-decoration: underline;\"><em><strong><span style=\"color: #ff0000; text-decoration: underline;\">TECHNIKA<\/span><\/strong><\/em><\/span><\/p>\n<p><strong><em>Temat: Podstawowe manewry na drodze<\/em><\/strong><br \/>\n<em>cel:<\/em><br \/>\n<em>&#8211; zapoznanie si\u0119 z podstawowymi definicjami w ruchu drogowym<\/em><br \/>\n<em>&#8211; przygotowanie do egz. na kart\u0119 rowerow\u0105.<\/em><\/p>\n<p>Obejrzyj film <a href=\"https:\/\/www.youtube.com\/watch?v=8vAmzV90ScY\">https:\/\/www.youtube.com\/watch?v=8vAmzV90ScY<\/a><br \/>\nPomocna mo\u017ce okaza\u0107 si\u0119 strona<\/p>\n<p><a href=\"https:\/\/brd.edu.pl\/\">https:\/\/brd.edu.pl\/<\/a>Naucz si\u0119 definicji:<br \/>\n<strong><em>&#8211; omijanie<\/em><\/strong><br \/>\n<strong><em>&#8211; wyprzedzanie<\/em><\/strong><br \/>\n<strong><em>&#8211; wymijanie<\/em><\/strong><br \/>\n<strong><em>&#8211; w\u0142\u0105czanie si\u0119 do ruchu.<\/em><\/strong><br \/>\ni przepisz i odpowiedz w zeszycie na pytania:<br \/>\n1. Co na czym polega omijanie?<br \/>\n2. Jaka jest r\u00f3\u017cnica mi\u0119dzy wyprzedzaniem a wymijaniem?<br \/>\n3. Kiedy w\u0142\u0105czamy si\u0119 do ruchu?<\/p>\n<p>\u0106wicz i wype\u0142niaj testy na kart\u0119 rowerow\u0105.<\/p>\n<p><span style=\"text-decoration: underline;\"><em><strong><span style=\"color: #ff0000; text-decoration: underline;\">MATEMATYKA<\/span><\/strong><\/em><\/span><\/p>\n<p><em><strong>TEMAT LEKCJI: \u00a0<u>Dodawanie i odejmowanie u\u0142amk\u00f3w o jednakowych mianownikach.<\/u> (zapisz w zeszycie)<\/strong><\/em><\/p>\n<p><em><strong>Cel lekcji:<\/strong> Na tej lekcji naucz\u0119 si\u0119: dodawa\u0107 i odejmowa\u0107 u\u0142amki o jednakowych mianownikach, dodawa\u0107 u\u0142amki do ca\u0142o\u015bci,\u00a0 odejmowa\u0107 u\u0142amki od ca\u0142o\u015bci oraz <\/em><em>dodawa\u0107 i odejmowa\u0107 liczby mieszane o\u00a0jednakowych mianownikach.<\/em><\/p>\n<p><em><strong>Lekcja on-line za po\u015brednictwem Skype o godz. 11.00<\/strong><\/em><\/p>\n<ol>\n<li><strong>Podr\u0119cznik str. 94 &#8211; 95<\/strong><\/li>\n<li><strong>Wykonamy wsp\u00f3lnie zadania z podr\u0119cznika:<\/strong><\/li>\n<\/ol>\n<p><strong>\u00a0\u00a0\u00a0\u00a0\u00a0 \u2013 zadanie 1 str. 96 (poziom A, B, C, D) <\/strong><\/p>\n<p><em>\u00a0\u00a0\u00a0\u00a0\u00a0 \u2013 <\/em><em>zadanie 2 str. 96-97 <\/em><strong>(poziom A, B)<\/strong><\/p>\n<ol>\n<li><em><u>Pr. domowa: Wykonaj prac\u0119 w zeszycie \u0107wicze\u0144:<\/u><\/em><em><br \/>\nDodawanie i odejmowanie u\u0142amk\u00f3w: \u00a0\u0107wicz. 3,4 str. 115, \u0107wicz. 5 str. 116<\/em><\/li>\n<li>Dla sprawdzenia swoich umiej\u0119tno\u015bci zaloguj si\u0119 na stronie <a href=\"http:\/\/www.learningapps.org\/\">learningapps.org<\/a><\/li>\n<\/ol>\n<p><strong>Kontakt z nauczycielem (email: <a href=\"mailto:i_modrzew@wp.pl\">i_modrzew@wp.pl<\/a>, Skype, Messenger)<\/strong><\/p>\n<p><span style=\"text-decoration: underline;\"><em><strong><span style=\"color: #ff0000; text-decoration: underline;\">J\u0118ZYK ANGIELSKI<\/span><\/strong><\/em><\/span><\/p>\n<p><strong><em>Temat: Kiedy stosowa\u0107 \u201eany\u201d w zdaniach?<\/em><\/strong><br \/>\n<em>Cel lekcji:<\/em><br \/>\n<em>&#8211; dowiesz si\u0119, kiedy stosowa\u0107 okre\u015blenie \u201eany\u201d w zdaniu.<\/em><\/p>\n<p style=\"text-align: justify;\">Przeczytaj informacje o tym, co oznacza s\u0142owo \u201eany\u201d i kiedy si\u0119 je stosuje ze 126 strony \u0107wiczeni\u00f3wki. Przepisz je do zeszytu.<\/p>\n<p style=\"text-align: justify;\">W razie pyta\u0144 mo\u017cna si\u0119 ze mn\u0105 skontaktowa\u0107 poprzez aplikacj\u0119 Messenger lub wysy\u0142aj\u0105c wiadomo\u015b\u0107 e-mail na adres <a href=\"mailto:m.willow@wp.pl\">m.willow@wp.pl<\/a><\/p>\n<hr \/>\n<\/div>\n<h2 style=\"text-align: center;\"><span style=\"color: #000080;\"><strong>WTOREK<\/strong><\/span><\/h2>\n<hr \/>\n<p><em><strong><span style=\"text-decoration: underline;\"><span style=\"color: #ff0000; text-decoration: underline;\">J\u0118ZYK ANGIELSKI<\/span><\/span><\/strong><\/em><\/p>\n<p><strong><em>Temat lekcji: Utrwalamy wiadomo\u015bci o \u201esome\u201d i \u201eany\u201d. \u0106wiczenia gramatyczne.<\/em><\/strong><br \/>\n<em>Cele lekcji:<\/em><br \/>\n<em>&#8211; powt\u00f3rzysz wiadomo\u015bci o tym, kiedy stosowa\u0107 \u201esome i \u201eany\u201d w zdaniach,<\/em><br \/>\n<em>&#8211; utrwalisz nazwy produkt\u00f3w spo\u017cywczych<\/em><\/p>\n<p>Przypomnij sobie, kiedy stosujemy \u201esome\u201d i \u201eany\u201d w zdaniach. Wykonaj \u0107wiczenie 7 i 8 ze strony 61 w \u0107wiczeni\u00f3wce.<\/p>\n<p>W razie pyta\u0144 mo\u017cna si\u0119 ze mn\u0105 skontaktowa\u0107 poprzez aplikacj\u0119 Messenger lub wysy\u0142aj\u0105c wiadomo\u015b\u0107 e-mail na adres <a href=\"mailto:m.willow@wp.pl\">m.willow@wp.pl<\/a><\/p>\n<p><em><strong><span style=\"text-decoration: underline;\"><span style=\"color: #ff0000; text-decoration: underline;\">PRZYRODA<\/span><\/span><\/strong><\/em><\/p>\n<p><strong>Lekcja on-line we wtorek o godzinie 10:00<br \/>\n<em>Temat: Sprawdzian wiadomo\u015bci i umiej\u0119tno\u015bci z dzia\u0142u \u201eOdkrywamy tajemnice cia\u0142a cz\u0142owieka\u201d.<\/em><br \/>\n<\/strong><em>Cele lekcji: Badanie stopnia opanowania tre\u015bci nauczania uj\u0119tych w podstawie programowej.<\/em><\/p>\n<p>Prosz\u0119 przygotowa\u0107 si\u0119 do ustnego sprawdzianu z zakresu materia\u0142u z podr\u0119cznika ze stron 84-112. POWODZENIA!<br \/>\nZach\u0119cam do kontaktu przez grup\u0119 na Messengerze i mail <a href=\"mailto:paniwiosna606@wp.pl\">paniwiosna606@wp.pl<\/a><\/p>\n<p><em><strong><span style=\"text-decoration: underline;\"><span style=\"color: #ff0000; text-decoration: underline;\">INFORMATYKA<\/span><\/span><\/strong><\/em><\/p>\n<p><strong><em>Temat: Udoskonalamy nasze gry.<\/em><\/strong><\/p>\n<p><em>Cel: Na tej lekcji udoskonalisz swoja gr\u0119: dodasz skrypt okre\u015blaj\u0105cy obr\u00f3t i podskok ma\u0142pki oraz skrypt znikni\u0119cia banan\u00f3w.<\/em><\/p>\n<ol>\n<li>Przeczytaj z podr\u0119cznika str. 84 \u2013 86. Otw\u00f3rz zapisane skrypty z ostatniej lekcji w programie Scratch na stronie internetowej <a href=\"http:\/\/scratch.mit.edu\">http:\/\/scratch.mit.edu<\/a><\/li>\n<li>Dodaj skrypt dzi\u0119ki, kt\u00f3remu ma\u0142pka b\u0119dzie wykonywa\u0142a obr\u00f3t oraz skrypt podskoku mapki. Dodaj dla banan\u00f3w skrypt znikni\u0119cia po dotkni\u0119ciu przez ma\u0142pk\u0119. Wszystkie potrzebne informacje oraz skrypty znajdziesz w podr\u0119czniku. Zapisz gr\u0119 poda nazw\u0105 \u201eMoja gra\u201d i wy\u015blij na adres: <a href=\"mailto:edypawlik@gmail.com\">edypawlik@gmail.com<\/a><\/li>\n<\/ol>\n<p>W razie jakichkolwiek problem\u00f3w prosz\u0119 o kontakt: <a href=\"mailto:edypawlik@gmail.com\">edypawlik@gmail.com<\/a>, lub przez Messenger.<\/p>\n<p class=\"entry-content\"><em><strong><span style=\"text-decoration: underline;\"><span style=\"color: #ff0000; text-decoration: underline;\">MUZYKA<\/span><\/span><\/strong><\/em><\/p>\n<p><em><strong>Temat<\/strong>: <strong>Ludowa zabawa. Narodowe ta\u0144ce polskie: mazur<\/strong><\/em><\/p>\n<p><em>\u00a0Cel: wyja\u015bniamy, czym jest folklor, potrafimy wymieni\u0107 polskie ta\u0144ce narodowe.<\/em><\/p>\n<p>Zapoznajcie si\u0119 z tematem z ksi\u0105\u017cki, a nast\u0119pnie przejd\u017acie na stron\u0119: <a href=\"https:\/\/epodreczniki.pl\/b\/tance-i-charakterystyczne-rytmy\/P1TzI5xre\">https:\/\/epodreczniki.pl\/b\/tance-i-charakterystyczne-rytmy\/P1TzI5xre<\/a><\/p>\n<p><em><strong><span style=\"text-decoration: underline;\"><span style=\"color: #ff0000; text-decoration: underline;\">J\u0118ZYK POLSKI<\/span><\/span><\/strong><\/em><\/p>\n<p><strong><em>Temat: Dlaczego utw\u00f3r Kopciuszek to ba\u015b\u0144?<\/em><\/strong><\/p>\n<p><em>Cel: Potrafimy rozpozna\u0107 \u00a0ba\u015b\u0144 i wskaza\u0107 jego cechy charakterystyczne.<\/em><\/p>\n<p>Wyszukaj w tek\u015bcie wszystkie informacje na temat g\u0142\u00f3wnej bohaterki, a nast\u0119pnie wykonaj \u0107wiczenie 4 ze strony 205.<\/p>\n<p>Kontakt z nauczycielem: e-mail: <a href=\"mailto:grazyna_kupis@wp.pl\">grazyna_kupis@wp.pl<\/a><\/p>\n<p><em><strong><span style=\"text-decoration: underline;\"><span style=\"color: #ff0000; text-decoration: underline;\">WYCHOWANIE FIZYCZNE<\/span><\/span><\/strong><\/em><\/p>\n<p style=\"text-align: justify;\"><span style=\"color: #000080;\"><strong>Witam. Podaj\u0119 tematy zaj\u0119\u0107 WF na bie\u017c\u0105cy tydzie\u0144. Prosz\u0119 sobie przygotowa\u0107 kartki oraz d\u0142ugopisy w celu zapisania najwa\u017cniejszych informacji dotycz\u0105cych danego zasobu \u0107wicze\u0144.<\/strong><\/span><\/p>\n<p><strong><em>Temat: &#8222;Lekcja z elementami inspirowana pomys\u0142ami uczni\u00f3w &#8211; gimnastyka&#8221;. <\/em><\/strong><\/p>\n<p><em>Cel &#8211; utrwalenie oraz postawa w\u0142a\u015bciwej sylwetki ucznia podczas wykonywanego \u0107wiczenia.<\/em><\/p>\n<p>Zaj\u0119cia on-line messenger (video-rozmowa)<\/p>\n<hr \/>\n<h2 style=\"text-align: center;\"><span style=\"color: #000080;\"><strong>\u015aRODA<\/strong><\/span><\/h2>\n<hr \/>\n<p><em><strong><span style=\"text-decoration: underline;\"><span style=\"color: #ff0000; text-decoration: underline;\">MATEMATYKA<\/span><\/span><\/strong><\/em><\/p>\n<p><em><strong>TEMAT LEKCJI:\u00a0 <u>Dodawanie i odejmowanie u\u0142amk\u00f3w o jednakowych mianownikach &#8211; \u0107wiczenia.<\/u> (zapisz w zeszycie)<\/strong><\/em><\/p>\n<p><em><strong>Cel lekcji:<\/strong> Na tej lekcji utrwal\u0119\u00a0 dodawanie i odejmowanie u\u0142amk\u00f3w o jednakowych mianownikach, dodawanie\u00a0 u\u0142amk\u00f3w do ca\u0142o\u015bci,\u00a0 odejmowanie\u00a0 u\u0142amk\u00f3w od ca\u0142o\u015bci oraz <\/em><em>dodawanie i odejmowanie liczb mieszanych o\u00a0jednakowych mianownikach.<\/em><\/p>\n<p><em><strong>Lekcja on-line za po\u015brednictwem Skype o godz. 11.00<\/strong><\/em><\/p>\n<ol>\n<li><strong>Wykonamy wsp\u00f3lnie zadania z podr\u0119cznika:<\/strong> <strong>\u00a0<\/strong><\/li>\n<\/ol>\n<p><em>\u00a0\u00a0\u00a0\u00a0\u00a0 \u2013 <\/em><em>zadanie 2 str. 96-97 <\/em><strong>(poziom C, D, E)<\/strong><\/p>\n<p><em>\u00a0\u00a0\u00a0\u00a0\u00a0 \u2013 <\/em><em>zadanie 3 str. 97<\/em><\/p>\n<ol>\n<li><em><u>Pr. domowa: Wykonaj prac\u0119 w zeszycie \u0107wicze\u0144:<\/u><\/em><em><br \/>\nDodawanie i odejmowanie u\u0142amk\u00f3w:\u00a0 \u0107wicz. 6, 7, 8 str. 116<\/em><\/li>\n<li>Dla sprawdzenia swoich umiej\u0119tno\u015bci zaloguj si\u0119 na stronie <a href=\"http:\/\/www.learningapps.org\/\">learningapps.org<\/a><\/li>\n<\/ol>\n<p><strong>Kontakt z nauczycielem (email: <a href=\"mailto:i_modrzew@wp.pl\">i_modrzew@wp.pl<\/a>, Skype, Messenger)<\/strong><\/p>\n<p><em><strong><span style=\"text-decoration: underline;\"><span style=\"color: #ff0000; text-decoration: underline;\">J\u0118ZYK ANGIELSKI <\/span><\/span><\/strong><\/em><\/p>\n<p><strong><em>Temat: Zabawne fakty o jedzeniu. Praca z tekstem.<\/em><\/strong><br \/>\n<em>Cele lekcji:<\/em><br \/>\n<em>&#8211; poznasz ciekawostki dotycz\u0105ce jedzenie,<\/em><br \/>\n<em>&#8211; rozwiniesz umiej\u0119tno\u015b\u0107 czytania ze zrozumieniem.<\/em><\/p>\n<p>Pos\u0142uchaj nagrania i przeczytaj dialogi na stronie 64 podr\u0119cznika. W celu ods\u0142uchania nagrania zeskanuj kod QR z pierwszej strony podr\u0119cznika, lub wejd\u017a na podan\u0105 tam stron\u0119 internetow\u0105.<\/p>\n<p>W razie pyta\u0144 mo\u017cna si\u0119 ze mn\u0105 skontaktowa\u0107 poprzez aplikacj\u0119 Messenger lub wysy\u0142aj\u0105c wiadomo\u015b\u0107 e-mail na adres <a href=\"mailto:m.willow@wp.pl\">m.willow@wp.pl<\/a><\/p>\n<p><em><strong><span style=\"text-decoration: underline;\"><span style=\"color: #ff0000; text-decoration: underline;\">RELIGIA<\/span><\/span><\/strong><\/em><\/p>\n<p><strong><em>Temat: Dziedziniec Pi\u0142ata<\/em><\/strong><br \/>\n<em> Cele:<\/em><br \/>\n<em>&#8211; Opiszesz proces Jezusa<\/em><br \/>\n<em>&#8211; Dowiesz si\u0119, \u017ce prawda i mi\u0142o\u015b\u0107 s\u0105 podstaw\u0105 \u017cycia chrze\u015bcija\u0144skiego.<\/em><\/p>\n<p>Zadanie: Przeczytaj temat 44 w podr\u0119czniku a nast\u0119pnie wykonaj zadania w zeszycie \u0107wicze\u0144.<br \/>\n(Wykonane zadania prze\u015blij na maila: <a href=\"mailto:biedor@op.pl\">biedor@op.pl<\/a>)<\/p>\n<p><em><strong><span style=\"text-decoration: underline;\"><span style=\"color: #ff0000; text-decoration: underline;\">J\u0118ZYK POLSKI<\/span><\/span><\/strong><\/em><\/p>\n<p><em><strong>Temat: Gdy u panny brudna n\u00f3\u017cka, nie b\u0119dzie kr\u00f3lewny z Kopciuszka<\/strong><\/em><\/p>\n<p><em>Cel: Potrafimy wskaza\u0107 r\u00f3\u017cnice mi\u0119dzy dialogiem, a monologiem oraz podobie\u0144stwa i r\u00f3\u017cnice mi\u0119dzy tekstem Perraulta i Chotomskiej.<\/em><\/p>\n<p>Zapoznaj si\u0119 z tematem i wykonaj \u0107wiczenia: <a href=\"https:\/\/epodreczniki.pl\/a\/nie-pomoze-dobra-wrozka\/D6N0E4gZa\">https:\/\/epodreczniki.pl\/a\/nie-pomoze-dobra-wrozka\/D6N0E4gZa<\/a><\/p>\n<p>Zapisz w zeszycie co to jest dialog, a co monolog? Zapami\u0119taj now\u0105 wiadomo\u015b\u0107.<\/p>\n<p><em><strong><span style=\"text-decoration: underline;\"><span style=\"color: #ff0000; text-decoration: underline;\">WYCHOWANIE FIZYCZNE<\/span><\/span><\/strong><\/em><\/p>\n<p><em><b>Temat: &#8222;\u0106wiczenia koordynacyjne&#8221;. <\/b><\/em><\/p>\n<p><em><b>Cel &#8211; usprawnianie sylwetki naszego cia\u0142a oraz koordynacji. <\/b><\/em><\/p>\n<p>Zaj\u0119cia on-line messenger (video-rozmowa)<\/p>\n<p>&nbsp;<\/p>\n<hr \/>\n<h2 style=\"text-align: center;\"><span style=\"color: #000080;\"><strong>CZWARTEK<\/strong><\/span><\/h2>\n<hr \/>\n<p><em><strong><span style=\"text-decoration: underline;\"><span style=\"color: #ff0000; text-decoration: underline;\">MATEMATYKA<\/span><\/span><\/strong><\/em><\/p>\n<p><em><strong>TEMAT LEKCJI:\u00a0 <u>Dodawanie i odejmowanie u\u0142amk\u00f3w o jednakowych mianownikach \u2013 rozwi\u0105zywanie zada\u0144<\/u> (zapisz w zeszycie)<\/strong><\/em><\/p>\n<p><em><strong>Cel lekcji:<\/strong> Na tej lekcji naucz\u0119 si\u0119<\/em> <em>rozwi\u0105zywa\u0107 zadania tekstowe z zastosowaniem dodawania i\u00a0odejmowania u\u0142amk\u00f3w zwyk\u0142ych o\u00a0jednakowych mianownikach<\/em><em> oraz utrwal\u0119\u00a0 dodawanie i odejmowanie u\u0142amk\u00f3w o jednakowych mianownikach.<\/em><\/p>\n<p><em><strong>Lekcja on-line za po\u015brednictwem Skype o godz. 11.00<\/strong><\/em><\/p>\n<ol>\n<li><strong>Wykonamy wsp\u00f3lnie zadania z podr\u0119cznika:<\/strong><\/li>\n<\/ol>\n<p><strong>\u00a0\u00a0\u00a0\u00a0\u00a0 \u2013 zadanie 5 str. 97 <\/strong><\/p>\n<p><em>\u00a0\u00a0\u00a0\u00a0\u00a0 \u2013 <\/em><em>zadanie 7, 9, 11,12 str. 98 &#8211; 99<\/em><\/p>\n<ol>\n<li><em><u>Pr. domowa: Wykonaj prac\u0119 w zeszycie \u0107wicze\u0144:<\/u><\/em><em><br \/>\nDodawanie i odejmowanie u\u0142amk\u00f3w: \u0107wicz. 9,10 str. 117.<\/em><\/li>\n<li>Dla sprawdzenia swoich umiej\u0119tno\u015bci zaloguj si\u0119 na stronie <a href=\"http:\/\/www.learningapps.org\/\">learningapps.org<\/a><\/li>\n<\/ol>\n<p><strong>Kontakt z nauczycielem (email: <a href=\"mailto:i_modrzew@wp.pl\">i_modrzew@wp.pl<\/a>, Skype, Messenger)<\/strong><\/p>\n<p><em><strong><span style=\"text-decoration: underline;\"><span style=\"color: #ff0000; text-decoration: underline;\">WYCHOWANIE FIZYCZNE<\/span><\/span><\/strong><\/em><\/p>\n<p><em><b>Temat: &#8222;Drabinka koordynacyjna, zas\u00f3b \u0107wicze\u0144 koordynuj\u0105cych nasze cia\u0142o. \u0106wiczenia te b\u0119d\u0105 podlega\u0107 ocenie. <\/b><\/em><\/p>\n<p><em>Cel &#8211; sprawno\u015b\u0107 koordynacyjna poprzez gimnastyk\u0119 podstawow\u0105.\u00a0<\/em><\/p>\n<p>Zaj\u0119cia on-line messenger (video-rozmowa)<\/p>\n<div><\/div>\n<p><em><strong><span style=\"text-decoration: underline;\"><span style=\"color: #ff0000; text-decoration: underline;\">PRZYRODA<\/span><\/span><\/strong><\/em><\/p>\n<p style=\"text-align: justify;\"><strong>Lekcja on-line w czwartek o godzinie 10:00<\/strong><br \/>\n<em><strong>Temat: Zdrowy styl \u017cycia<\/strong><\/em><br \/>\n<em>Cele lekcji: Dowiesz si\u0119 na czym polega zdrowy styl \u017cycia i poznasz szczeg\u00f3\u0142owo jego zasady.<\/em><br \/>\nBardzo prosz\u0119 o zapoznanie si\u0119 z informacjami w podr\u0119czniku ze stron 114\u2014118.<br \/>\nPomocne materia\u0142y i filmy dla chc\u0105cych wiedzie\u0107 wi\u0119cej:<\/p>\n<ul>\n<li style=\"text-align: justify;\"><a href=\"https:\/\/epodreczniki.pl\/a\/dbamy-o-zywnosc\/DI0rD7wvb\">https:\/\/epodreczniki.pl\/a\/dbamy-o-zywnosc\/DI0rD7wvb<\/a><\/li>\n<li style=\"text-align: justify;\"><a href=\"https:\/\/epodreczniki.pl\/a\/spedzamy-dzien-przyjemnie-i-pozytecznie\/DUoCPbA06\">https:\/\/epodreczniki.pl\/a\/spedzamy-dzien-przyjemnie-i-pozytecznie\/DUoCPbA06<\/a><\/li>\n<li style=\"text-align: justify;\"><a href=\"https:\/\/epodreczniki.pl\/a\/ruch-to-zdrowie\/DSKiubk4z\">https:\/\/epodreczniki.pl\/a\/ruch-to-zdrowie\/DSKiubk4z<\/a><\/li>\n<\/ul>\n<p style=\"text-align: justify;\">Praca domowa: Wypisz w punktach\u00a0 w zeszycie zasady zdrowego stylu \u017cycia.<\/p>\n<p><strong>Zach\u0119cam do kontaktu przez grup\u0119 na Messengerze i mail <a href=\"mailto:paniwiosna606@wp.pl\">paniwiosna606@wp.pl<\/a> <\/strong><\/p>\n<p><em><strong><span style=\"text-decoration: underline;\"><span style=\"color: #ff0000; text-decoration: underline;\">J\u0118ZYK POLSKI<\/span><\/span><\/strong><\/em><\/p>\n<p><strong><em>Temat: Jak napisa\u0107 zaproszenie?<\/em><\/strong><\/p>\n<p><em>Cel: Potrafimy redagowa\u0107 zaproszenia.<\/em><\/p>\n<p>Zapoznaj si\u0119 z informacjami :<\/p>\n<p>&#8211; Co to jest zaproszenie?<\/p>\n<p>&#8211; Jak je napisa\u0107?<\/p>\n<p>&#8211; Jakie informacje musz\u0105 si\u0119 w nim znale\u017a\u0107?<\/p>\n<p>Wykonaj \u0107w. 3 ze str. 210<\/p>\n<p>Poczytaj w celu utrwalenia nowej wiadomo\u015bci: <a href=\"http:\/\/aleklasa.pl\/gimnazjum\/c268-prace-pisemne\/c312-formy-wypracowan\/zaproszenie-2\">http:\/\/aleklasa.pl\/gimnazjum\/c268-prace-pisemne\/c312-formy-wypracowan\/zaproszenie-2<\/a><\/p>\n<p>Kontakt z nauczycielem: e-mail: <a href=\"mailto:grazyna_kupis@wp.pl\">grazyna_kupis@wp.pl<\/a><\/p>\n<hr \/>\n<h2 style=\"text-align: center;\"><span style=\"color: #000080;\"><strong>PI\u0104TEK<\/strong><\/span><\/h2>\n<hr \/>\n<p><strong><em><span style=\"text-decoration: underline; color: #ff0000;\">WYCHOWANIE FIZYCZNE<\/span><\/em><\/strong><\/p>\n<p><em><b>Temat: Gimnastyka &#8211; aktywno\u015b\u0107 ruchowa poprzez wykonywaniem \u0107wicze\u0144&#8221;. <\/b><\/em><\/p>\n<p><em>Cele &#8211; poznawanie r\u00f3\u017cnych form aktywno\u015bci fizycznej i umo\u017cliwienie wyboru najbardziej odpowiedniej.<\/em><b> <\/b><\/p>\n<p>Zaj\u0119cia on-line messenger (video-rozmowa)<\/p>\n<p><strong><em><span style=\"text-decoration: underline; color: #ff0000;\">J\u0118ZYK POLSKI<\/span><\/em><\/strong><\/p>\n<p><strong><em>Temat: Do czego potrzebny nam przyimek?<\/em><\/strong><\/p>\n<p><em>Cel: Poznajemy now\u0105 cz\u0119\u015b\u0107 mowy. Rozpoznajemy przyimki i wyra\u017cenia przyimkowe.<\/em><\/p>\n<p style=\"text-align: justify;\">Zapoznaj si\u0119 z now\u0105 wiadomo\u015bci\u0105 na temat przyimka i wyra\u017cenia przyimkowego. Zapisz now\u0105 wiadomo\u015b\u0107 do zeszytu i zapami\u0119taj. Wykonaj w zeszycie \u0107wicze\u0144 (\u0107w.1,2,3,4 ze str.35 \u2013 36) Po\u0107wicz i utrwal poznane wiadomo\u015b\u0107 przechodz\u0105c na stron\u0119: <a href=\"https:\/\/epodreczniki.pl\/a\/bez-przyimka-ani-rusz\/DNRhSSVkH\">https:\/\/epodreczniki.pl\/a\/bez-przyimka-ani-rusz\/DNRhSSVkH<\/a><\/p>\n<p>Kontakt z nauczycielem: e-mail: <a href=\"mailto:grazyna_kupis@wp.pl\">grazyna_kupis@wp.pl<\/a><\/p>\n<p><strong><em><span style=\"text-decoration: underline; color: #ff0000;\">PLASTYKA<\/span><\/em><\/strong><\/p>\n<p><em><strong>Temat<\/strong>: <strong>Technika pastelowa<\/strong><\/em><\/p>\n<p><em>Cel: poznajemy cechy charakterystyczne techniki pastelowej, rodzaje pasteli, narz\u0119dzia i pod\u0142o\u017ca stosowane w technice pastelowej.<\/em><\/p>\n<p>Zapoznaj si\u0119 z tematem z podr\u0119cznika, a nast\u0119pnie wykonaj pastelami prac\u0119 na temat: <strong>M\u00f3j widok z okna.<\/strong><\/p>\n<p>Kontakt z nauczycielem: e-mail: <a href=\"mailto:grazyna_kupis@wp.pl\">grazyna_kupis@wp.pl<\/a><\/p>\n<p><strong><em><span style=\"text-decoration: underline; color: #ff0000;\">MATEMATYKA<\/span><\/em><\/strong><\/p>\n<p><em><strong>TEMAT LEKCJI:\u00a0 <u>Mno\u017cenie u\u0142amka przez liczb\u0119 naturaln\u0105.<\/u> (zapisz w zeszycie)<\/strong><\/em><\/p>\n<p><em>Cel lekcji: Na tej lekcji naucz\u0119 si\u0119<\/em> <em>mno\u017cy\u0107 u\u0142amki przez liczby naturalne.<\/em><\/p>\n<p><em><strong>Lekcja on-line za po\u015brednictwem Skype o godz. 11.00<\/strong><\/em><\/p>\n<ol>\n<li><em>Przed przyst\u0105pieniem do lekcji obejrzyj, prosz\u0119 filmy\u00a0 na stronie <\/em><strong><a href=\"https:\/\/epodreczniki.pl\/a\/mnozenie-ulamka-przez-liczbe-naturalna\/DcGXWPB4g\">https:\/\/epodreczniki.pl\/a\/mnozenie-ulamka-przez-liczbe-naturalna\/DcGXWPB4g<\/a><\/strong><\/li>\n<\/ol>\n<p><em>\u00a0\u00a0\u00a0\u00a0\u00a0 (bez wykonywania \u0107wicze\u0144 tam zawartych)<\/em><\/p>\n<ol>\n<li><strong>Wykonamy wsp\u00f3lnie zadania z podr\u0119cznika:<\/strong><\/li>\n<\/ol>\n<p><strong>\u00a0\u00a0\u00a0\u00a0\u00a0 \u2013 zadanie 1 str. 101 \u2013 102 \u00a0(poziom A, B, C, D) <\/strong><\/p>\n<ol>\n<li><em><u>Pr. domowa: Wykonaj prac\u0119 w zeszycie \u0107wicze\u0144:<\/u><\/em><em><br \/>\nMno\u017cenie u\u0142amka przez liczb\u0119 naturaln\u0105: \u0107wicz. 2, 3, 4,5\u00a0 str. 118.<\/em><\/li>\n<li>Dla sprawdzenia swoich umiej\u0119tno\u015bci zaloguj si\u0119 na stronie <a href=\"http:\/\/www.learningapps.org\/\">learningapps.org<\/a><\/li>\n<\/ol>\n<p><strong>Kontakt z nauczycielem (email: <a href=\"mailto:i_modrzew@wp.pl\">i_modrzew@wp.pl<\/a>, Skype, Messenger)<\/strong><\/p>\n","protected":false},"excerpt":{"rendered":"<p>PONIEDZIA\u0141EK RELIGIA Temat: Ogr\u00f3d oliwny &#8211; najtrudniejsza modlitwa. Cele: -Poznasz fragment Ewangelii o modlitwie Jezusa w Ogrodzie Oliwnym. &#8211; Nauczysz si\u0119 modli\u0107 w intencji os\u00f3b prze\u017cywaj\u0105cych trudno\u015bci. Zadanie: Przeczytaj temat z podr\u0119cznika i wykonaj zadania w zeszycie \u0107wicze\u0144. (Wykonane zadania &hellip; <a href=\"http:\/\/spmlodzawy.pl\/index.php\/klasa-iv-30-marca-3-kwietnia\/\">Czytaj dalej <span class=\"meta-nav\">&rarr;<\/span><\/a><\/p>\n","protected":false},"author":1,"featured_media":0,"parent":0,"menu_order":0,"comment_status":"closed","ping_status":"closed","template":"","meta":[],"_links":{"self":[{"href":"http:\/\/spmlodzawy.pl\/index.php\/wp-json\/wp\/v2\/pages\/20829"}],"collection":[{"href":"http:\/\/spmlodzawy.pl\/index.php\/wp-json\/wp\/v2\/pages"}],"about":[{"href":"http:\/\/spmlodzawy.pl\/index.php\/wp-json\/wp\/v2\/types\/page"}],"author":[{"embeddable":true,"href":"http:\/\/spmlodzawy.pl\/index.php\/wp-json\/wp\/v2\/users\/1"}],"replies":[{"embeddable":true,"href":"http:\/\/spmlodzawy.pl\/index.php\/wp-json\/wp\/v2\/comments?post=20829"}],"version-history":[{"count":21,"href":"http:\/\/spmlodzawy.pl\/index.php\/wp-json\/wp\/v2\/pages\/20829\/revisions"}],"predecessor-version":[{"id":21186,"href":"http:\/\/spmlodzawy.pl\/index.php\/wp-json\/wp\/v2\/pages\/20829\/revisions\/21186"}],"wp:attachment":[{"href":"http:\/\/spmlodzawy.pl\/index.php\/wp-json\/wp\/v2\/media?parent=20829"}],"curies":[{"name":"wp","href":"https:\/\/api.w.org\/{rel}","templated":true}]}}