{"id":21011,"date":"2020-03-27T16:14:04","date_gmt":"2020-03-27T15:14:04","guid":{"rendered":"http:\/\/spmlodzawy.pl\/?page_id=21011"},"modified":"2020-04-06T05:42:37","modified_gmt":"2020-04-06T03:42:37","slug":"zadania-klasa-iv-30-marca-3-kwietnia","status":"publish","type":"page","link":"http:\/\/spmlodzawy.pl\/index.php\/zadania-klasa-iv-30-marca-3-kwietnia\/","title":{"rendered":"ZADANIA DLA KLASY IV (6 &#8211; 8 KWIETNIA)"},"content":{"rendered":"<div class=\"entry-content\">\n<h2 style=\"text-align: center;\"><strong><span style=\"color: #000080;\">PONIEDZIA\u0141EK<\/span><\/strong><\/h2>\n<hr \/>\n<p><span style=\"text-decoration: underline;\"><strong><em><span style=\"color: #ff0000; text-decoration: underline;\">RELIGIA<\/span><\/em><\/strong><\/span><\/p>\n<p style=\"text-align: justify;\"><strong><em>Temat 45 \u2013<span style=\"text-decoration: underline;\"> Ulice Jerozolimy \u2013 ostatnia droga.<\/span><\/em><\/strong><br \/>\n<em> Cele:<\/em><br \/>\n<em>&#8211; Poznasz stacje drogi krzy\u017cowej.<\/em><br \/>\n<em>&#8211; B\u0119dziesz potrafi\u0142 odnie\u015b\u0107 wydarzenia drogi krzy\u017cowej Jezusa do swoich \u201ekrzy\u017cy\u2019.<\/em><\/p>\n<p style=\"text-align: justify;\">Zadanie: Przeczytaj temat 45 z ksi\u0105\u017cki a nast\u0119pnie zr\u00f3b polecenia w zeszycie \u0107wicze\u0144.<br \/>\nPrace prosz\u0119 przes\u0142a\u0107 na maila: <a href=\"mailto:biedor@op.pl\">biedor@op.pl<\/a><\/p>\n<p><span style=\"text-decoration: underline;\"><strong><em><span style=\"color: #ff0000; text-decoration: underline;\">J\u0118ZYK POLSKI<\/span><\/em><\/strong><\/span><\/p>\n<p><strong><em>Temat: <span style=\"text-decoration: underline;\">Pokonanie z\u0142a wymaga wysi\u0142ku i wsp\u00f3\u0142pracy.<\/span><\/em><\/strong><br \/>\n<em>Cel: Potrafimy wskaza\u0107 elementy i motywy charakterystyczne dla ba\u015bni, w tym magiczne przedmioty.<\/em><\/p>\n<p style=\"text-align: justify;\">Drodzy uczniowie zapoznajcie si\u0119 z ba\u015bni\u0105 Kryszta\u0142owa kula, a nast\u0119pnie wykonaj \u0107wiczenie 2 i 6 ze str. 217 do zeszytu. Nauczcie si\u0119 pi\u0119knie czyta\u0107 ba\u015b\u0144. Zapytam Was we wtorek czytania przez telefon po wcze\u015bniejszym kontakcie email.<\/p>\n<p><span style=\"text-decoration: underline;\"><strong><em><span style=\"color: #ff0000; text-decoration: underline;\">HISTORIA<\/span><\/em><\/strong><\/span><\/p>\n<p><strong><em>Temat: <span style=\"text-decoration: underline;\">J\u00f3zef Pi\u0142sudski i niepodleg\u0142a Polska.<\/span><\/em><\/strong><br \/>\n<em>Cel lekcji: poznajemy kiedy i w jakich okoliczno\u015bciach Polska odzyska\u0142a niepodleg\u0142o\u015b\u0107 oraz jaka w tym by\u0142a rola J\u00f3zefa Pi\u0142sudskiego.<\/em><\/p>\n<p>Wykonaj w zeszycie \u0107wicze\u0144 zadania 1,2,4,5,6,7a,8 str. 70-72.<\/p>\n<p style=\"text-align: justify;\"><strong>Dotyczy historii i wos-u:wykonaj zdj\u0119cie zeszytu z zawarto\u015bci\u0105 wykonanych zada\u0144 i \u0107wicze\u0144 np. telefonem kom\u00f3rkowym i prze\u015blij na adres mailowy: <\/strong><a href=\"mailto:sopris2000@interia.pl\">sopris2000@interia.pl<\/a><strong> Zadane \u0107wiczenia b\u0119d\u0105 podlega\u0107 ocenie.<\/strong><\/p>\n<p><span style=\"text-decoration: underline;\"><strong><em><span style=\"color: #ff0000; text-decoration: underline;\">TECHNIKA<\/span><\/em><\/strong><\/span><\/p>\n<p><strong><em>Temat: <span style=\"text-decoration: underline;\">W\u0142\u0105czanie si\u0119 do ruchu.<\/span><\/em><\/strong><br \/>\n<em>cel:<\/em><br \/>\n<em>&#8211; poznanie zasad w\u0142\u0105czania si\u0119 do ruchu<\/em><br \/>\n<em>&#8211; bezpiecze\u0144stwo na drodze<\/em><br \/>\n<em>&#8211; przygotowanie do egzaminu na kart\u0119 rowerow\u0105<\/em><\/p>\n<p>Polecenia w karcie pracy na dzienniku.<\/p>\n<p><span style=\"text-decoration: underline;\"><strong><em><span style=\"color: #ff0000; text-decoration: underline;\">MATEMATYKA<\/span><\/em><\/strong><\/span><em><br \/>\n<\/em><\/p>\n<\/div>\n<p style=\"text-align: justify;\"><em><strong>TEMAT LEKCJI:<span style=\"text-decoration: underline;\"> Mno\u017cenie u\u0142amka przez liczb\u0119 naturaln\u0105 &#8211; \u0107wiczenia.<\/span> (zapisz w zeszycie)<\/strong><\/em><br \/>\n<em>Cel lekcji: Na tej lekcji utrwal\u0119 mno\u017cenie u\u0142amk\u00f3w przez liczby naturalne oraz rozwi\u0105zywa\u0107 proste zadania tekstowe z zastosowaniem mno\u017cenia u\u0142amk\u00f3w przez liczby naturalne.<\/em><\/p>\n<p style=\"text-align: justify;\"><em><strong>Lekcja on-line za po\u015brednictwem Skype o godz. 11.00<\/strong><\/em><br \/>\n1. Wykonamy wsp\u00f3lnie zadania z podr\u0119cznika:<br \/>\n\u2013 zadanie 1 str. 102 (poziom D),<br \/>\n\u2013 zadanie 2, 3, 4 str. 102<br \/>\n\u2013 zadanie 7, 8 str. 103<br \/>\n<em>2. <span style=\"text-decoration: underline;\">Pr. domowa: Wykonaj prac\u0119 w zeszycie \u0107wicze\u0144:<\/span><\/em><br \/>\n<em>Mno\u017cenie u\u0142amka przez liczb\u0119 naturaln\u0105: \u0107wicz. 6, 8 str. 119.<\/em><br \/>\n3. Dla sprawdzenia swoich umiej\u0119tno\u015bci zaloguj si\u0119 na stronie <a href=\"http:\/\/www.learningapps.org\/\">learningapps.org<\/a><br \/>\n<em><strong>Kontakt z nauczycielem (email: <a href=\"mailto:i_modrzew@wp.pl\">i_modrzew@wp.pl<\/a>, Skype, Messenger)<\/strong><\/em><\/p>\n<div class=\"entry-content\">\n<p><span style=\"text-decoration: underline;\"><strong><em><span style=\"color: #ff0000; text-decoration: underline;\">J\u0118ZYK ANGIELSKI<\/span><\/em><\/strong><\/span><\/p>\n<p><strong>Lekcja on-line. Spotykamy si\u0119 o godzinie 9:00 na Messengerze. Prosz\u0119 przygotowa\u0107 podr\u0119cznik, \u0107wiczeni\u00f3wk\u0119, zeszyt, d\u0142ugopis oraz zadba\u0107 o wygodne miejsce pracy.<\/strong><\/p>\n<p><strong><em>Temat: <span style=\"text-decoration: underline;\">Poznaj\u0119 zwroty u\u017cywane przy proponowaniu i zamawianiu jedzenia. \u0106wiczenia w m\u00f3wieniu.<\/span> (zapisz w zeszycie)<\/em><\/strong><\/p>\n<p><em>Cele lekcji: <\/em><br \/>\n<em>&#8211; dowiesz si\u0119 jak zaproponowa\u0107 komu\u015b jedzenie,<\/em><br \/>\n<em>&#8211; nauczysz si\u0119 zamawia\u0107 jedzenie w restauracji,<\/em><br \/>\n<em>&#8211; rozwiniesz umiej\u0119tno\u015b\u0107 m\u00f3wienia.<\/em><\/p>\n<p style=\"text-align: justify;\">Na lekcji nauczysz si\u0119, co oznaczaj\u0105 zwroty z tabelki \u201ePhrase book\u201d na stronie 64 podr\u0119cznika. W oparciu o poznane zwroty przeprowadzisz kr\u00f3tki dialog z koleg\u0105\/kole\u017cank\u0105 z klasy.<\/p>\n<p style=\"text-align: justify;\">Wsp\u00f3lnie wykonamy \u0107wiczenie 1 i 2 na stronie 62 \u0107wiczeni\u00f3wki.<\/p>\n<p style=\"text-align: justify;\">Praca domowa: Powt\u00f3rz s\u0142ownictwo nazywaj\u0105ce jedzenie oraz zasady stosowania \u201esome\u201d i \u201eany\u201d w zdaniach. Na nast\u0119pnej lekcji b\u0119dziecie uk\u0142adali zdania na ocen\u0119.<\/p>\n<p style=\"text-align: justify;\">W razie pyta\u0144 prosz\u0119 kontaktowa\u0107 si\u0119, pisz\u0105c na e-mail na <a href=\"mailto:m.willow@wp.pl\">m.willow@wp.pl<\/a> lub poprzez Messenger.<\/p>\n<hr \/>\n<\/div>\n<h2 style=\"text-align: center;\"><strong><span style=\"color: #000080;\">WTOREK<\/span><\/strong><\/h2>\n<hr \/>\n<p><span style=\"text-decoration: underline;\"><strong><em><span style=\"color: #ff0000; text-decoration: underline;\">J\u0118ZYK ANGIELSKI<\/span><\/em><\/strong><\/span><\/p>\n<p><strong>Lekcja on-line. Spotykamy si\u0119 o godzinie 9:00 na Messengerze. Prosz\u0119 przygotowa\u0107 podr\u0119cznik, \u0107wiczeni\u00f3wk\u0119, zeszyt, d\u0142ugopis oraz zadba\u0107 o wygodne miejsce pracy.<\/strong><\/p>\n<p><em><strong>Temat: <span style=\"text-decoration: underline;\">Czasownik \u201ecan\u201d \u2013 formu\u0142ujemy pro\u015bby i pytania o pozwolenie.<\/span> (zapisz w zeszycie)<\/strong><\/em><\/p>\n<p><em>Cele lekcji:<\/em><br \/>\n<em>&#8211; nauczysz si\u0119 formu\u0142owa\u0107 pro\u015bby,<\/em><br \/>\n<em>&#8211; dowiesz si\u0119, jak prosi\u0107 o pozwolenie,<\/em><br \/>\n<em>&#8211; udoskonalisz umiej\u0119tno\u015b\u0107 m\u00f3wienia.<\/em><\/p>\n<p style=\"text-align: justify;\">Na lekcji b\u0119dziesz prowadzi\u0142 prost\u0105 rozmow\u0119 z koleg\u0105\/kole\u017cank\u0105. B\u0119dziesz formu\u0142owa\u0142 pro\u015bby i prosi\u0142 o pozwolenie, b\u0119dziesz formu\u0142owa\u0142 na nie odpowiedzi.<br \/>\nWsp\u00f3lnie wykonamy \u0107wiczenie 3 i 4 na stronie 62 \u0107wiczeni\u00f3wki.<\/p>\n<p style=\"text-align: justify;\">Praca domowa: Naucz si\u0119, jak pyta\u0107 o pozwolenie i formu\u0142owa\u0107 pro\u015bby.<br \/>\nW razie pyta\u0144 prosz\u0119 kontaktowa\u0107 si\u0119, pisz\u0105c na e-mail na <a href=\"mailto:m.willow@wp.pl\">m.willow@wp.pl<\/a> lub poprzez Messenger.<\/p>\n<p><span style=\"text-decoration: underline;\"><strong><em><span style=\"color: #ff0000; text-decoration: underline;\">PRZYRODA<\/span><\/em><\/strong><\/span><\/p>\n<p><strong>Lekcja on-line we wtorek o godzinie 10:00<\/strong><\/p>\n<p><em><strong>Temat:<span style=\"text-decoration: underline;\"> Choroby, kt\u00f3rymi mo\u017cna si\u0119 zarazi\u0107<\/span>.<\/strong><\/em><\/p>\n<p><em>Cele lekcji: Poznasz przyczyny i drogi wnikania czynnik\u00f3w chorobotw\u00f3rczych do organizmu cz\u0142owieka oraz sposoby zapobiegania chorobom.<\/em><\/p>\n<p>Prosz\u0119 przeczyta\u0107 temat z podr\u0119cznika (str. 119 -123). Nast\u0119pnie zapozna\u0107 si\u0119 z materia\u0142ami:<br \/>\n<a href=\"https:\/\/epodreczniki.pl\/a\/zdrowie-i-choroba\/D1BcOMZ6X\">https:\/\/epodreczniki.pl\/a\/zdrowie-i-choroba\/D1BcOMZ6X<\/a><\/p>\n<p><a href=\"https:\/\/epodreczniki.pl\/a\/co-nam-zagraza\/DouzngUMP\">https:\/\/epodreczniki.pl\/a\/co-nam-zagraza\/DouzngUMP<\/a><\/p>\n<p><a href=\"https:\/\/epodreczniki.pl\/a\/co-zrobic-aby-sie-nie-zarazic\/D19eDSX2a\">https:\/\/epodreczniki.pl\/a\/co-zrobic-aby-sie-nie-zarazic\/D19eDSX2a<\/a><\/p>\n<p>Praca domowa: Wykonaj pisemnie w zeszycie zadanie 2 str. 123 \u2013 podr\u0119cznik. Prze\u015blij do dnia 15 kwietnia na maila.<\/p>\n<p>Zach\u0119cam do kontaktu przez grup\u0119 na Messengerze i mail <a href=\"mailto:paniwiosna606@wp.pl\">paniwiosna606@wp.pl<\/a><\/p>\n<p><span style=\"text-decoration: underline;\"><strong><em><span style=\"color: #ff0000; text-decoration: underline;\">INFORMATYKA<\/span><\/em><\/strong><\/span><\/p>\n<p style=\"text-align: justify;\"><strong><em>Temat: <span style=\"text-decoration: underline;\">Przygotowujemy t\u0142o, tworzymy zmienne i uruchamiamy gr\u0119.<\/span> (zapisz w zeszycie).<\/em><\/strong><br \/>\n<em>Cel: Na tej lekcji nauczysz si\u0119 jak tworzy\u0107 zmienne w programie Scratch, zbudujesz skrypt okre\u015blaj\u0105cy dzia\u0142anie gry oraz stworzysz skrypt gry \u201eTabliczka mno\u017cenia\u201d.<\/em><\/p>\n<p style=\"text-align: justify;\">1. Przeczytaj temat: \u201eNiech wygra najlepszy\u2026\u201d str. 88 \u2013 94 podr\u0119cznik.<br \/>\n2. Utw\u00f3rz t\u0142o gry \u201eTabliczka mno\u017cenia\u201d, utw\u00f3rz zmienne potrzebne do stworzenia skryptu gry oraz zbuduj skrypt gry \u201eTabliczka mno\u017cenia\u201d. Wszystkie potrzebne informacje wraz ze skryptami znajdziesz w podr\u0119czniku przy tym temacie.<br \/>\n3. Gotow\u0105 gr\u0119 zapisz pod nazw\u0105 \u201eTabliczka mno\u017cenia\u201d i wy\u015blij na adres: <a href=\"mailto:edypawlik@gmail.com\">edypawlik@gmail.com<\/a><br \/>\nW razie jakichkolwiek problem\u00f3w prosz\u0119 o kontakt: <a href=\"mailto:edypawlik@gmail.com\">edypawlik@gmail.com<\/a>, lub przez Messenger.<\/p>\n<p class=\"entry-content\"><span style=\"text-decoration: underline;\"><strong><em><span style=\"color: #ff0000; text-decoration: underline;\">MUZYKA<\/span><\/em><\/strong><\/span><\/p>\n<p><strong><em>Temat:<span style=\"text-decoration: underline;\"> Muzyczne powitanie wiosny<\/span> <\/em><\/strong><br \/>\n<em>Cel: Rozbudzamy wyobra\u017ani\u0119 muzyczn\u0105, uczymy si\u0119 piosenki na powitanie wiosny.<\/em><\/p>\n<p>Drodzy uczniowie dzisiaj nauczymy si\u0119 \u015bpiewa\u0107 piosenk\u0119 Wszystko kwitnie wko\u0142o. Poni\u017cej mamy stron\u0119 , kt\u00f3ra nam w tym pomo\u017ce.<br \/>\n<a href=\"https:\/\/www.youtube.com\/watch?v=RvOaIABDeJI\">https:\/\/www.youtube.com\/watch?v=RvOaIABDeJI<\/a><\/p>\n<p>A teraz co\u015b dla relaksu. Zabawa przy muzyce Modesta Musorgskiego, \u201eTaniec kurcz\u0105t w skorupkach\u201d z cyklu \u201eObrazki z wystawy\u201d <a href=\"https:\/\/www.youtube.com\/watch?v=e2ziz9Z6G84\">https:\/\/www.youtube.com\/watch?v=e2ziz9Z6G84<\/a><\/p>\n<p style=\"text-align: justify;\">Siadamy na pod\u0142odze. Utw\u00f3r sk\u0142ada si\u0119 z trzech cz\u0119\u015bci: A, B, A1. Do ka\u017cdej cz\u0119\u015bci wykonujemy inny uk\u0142ad ruchowy.<br \/>\n<em><strong>Cz\u0119\u015b\u0107 A (powt\u00f3rzona dwa razy):<\/strong> <\/em><br \/>\n\u2013 osiem razy dotykanie palcami do kciuk\u00f3w (na wz\u00f3r ptasiego dzi\u00f3bka),<br \/>\n\u2013 osiem razy machanie zgi\u0119tymi w \u0142okciach r\u0119kami (na wz\u00f3r skrzyde\u0142 kwoki),<br \/>\n\u2013 osiem razy dotykanie palcami do kciuk\u00f3w (jw.),<br \/>\n\u2013 osiem razy machanie zgi\u0119tymi w \u0142okciach r\u0119kami (jw.),<br \/>\n\u2013 dwa razy dotykanie palcami do kciuk\u00f3w (jw.),<br \/>\n\u2013 dwa razy machanie zgi\u0119tymi w \u0142okciach r\u0119kami (jw.),<br \/>\n\u2013 dwa razy dotykanie palcami do kciuk\u00f3w (jw.),<br \/>\n\u2013 dwa razy machanie zgi\u0119tymi w \u0142okciach r\u0119kami (jw.),<br \/>\n\u2013 jeden raz stopniowe opuszczanie r\u0105k z rozstawionymi i zgi\u0119tymi palcami (na wz\u00f3r kocich pazurk\u00f3w).<br \/>\n<em><strong>Cz\u0119\u015b\u0107 B:<\/strong> <\/em><br \/>\n\u2013 na\u015bladowanie biegaj\u0105cych kurczak\u00f3w<br \/>\n\u2013 podczas zmiany melodii (na synkopowan\u0105 kojarz\u0105c\u0105 si\u0119 z kwok\u0105)<br \/>\n\u2013 szesna\u015bcie razy naprzemienne uderzanie w kolana, potem szesna\u015bcie razy delikatne klaskanie w d\u0142onie (samymi palcami).<br \/>\n<strong>Cz\u0119\u015b\u0107 A1:<\/strong> podobnie jak w cz\u0119\u015bci A, lecz ze zmian\u0105 zako\u0144czenia: zamiast jednego \u201ekociego drapni\u0119cia pazurkami\u201d nale\u017cy wykona\u0107 dwa, a nast\u0119pnie raz klasn\u0105\u0107 i po\u0142o\u017cy\u0107 obie d\u0142onie na kolanach.<\/p>\n<p><span style=\"text-decoration: underline;\"><strong><em><span style=\"color: #ff0000; text-decoration: underline;\">J\u0118ZYK POLSKI<\/span><\/em><\/strong><\/span><\/p>\n<p><strong><em>Temat: <span style=\"text-decoration: underline;\">Po co komu sp\u00f3jnik?<\/span><\/em><\/strong><br \/>\n<em>Cel: Uczymy si\u0119 rozpoznawa\u0107 sp\u00f3jniki i rozumie\u0107 jak\u0105 pe\u0142ni\u0105 rol\u0119.<\/em><\/p>\n<p style=\"text-align: justify;\">Dzisiaj poznamy cz\u0119\u015b\u0107 mowy jak\u0105 jest sp\u00f3jnik, w tym celu zapoznajcie si\u0119 z now\u0105 wiadomo\u015bci\u0105 ( str. 218). Wykonaj \u0107wiczenie1 i 2 do zeszytu. Zapami\u0119taj now\u0105 wiadomo\u015b\u0107 .<br \/>\nKontakt z nauczycielem (e-mail: <a href=\"mailto:grazyna_kupis@wp.pl\">grazyna_kupis@wp.pl<\/a>)<\/p>\n<p><strong><em><span style=\"text-decoration: underline;\"><span style=\"color: #ff0000; text-decoration: underline;\">WYCHOWANIE FIZYCZNE<\/span><\/span><\/em><\/strong><\/p>\n<p><b><span style=\"text-decoration: underline;\"><em>Temat:\u00a0&#8222;Gimnastyka podstawowa z akcentem na g\u00f3rne partie mi\u0119\u015bni&#8221;.<\/em><\/span> <\/b><\/p>\n<p><em>Cel &#8211; kszta\u0142towanie sylwetki oraz postawy ucznia poprzez \u0107wiczenia gimnastyczne.\u00a0<\/em><\/p>\n<p><span class=\"highlight\"><span class=\"colour\"><span class=\"font\"><span class=\"size\">Zaj\u0119cia on-line messenger (video-rozmowa)<\/span><\/span><\/span><\/span><b>.<\/b><\/p>\n<hr \/>\n<h2 style=\"text-align: center;\"><strong><span style=\"color: #000080;\">\u015aRODA<\/span><\/strong><\/h2>\n<hr \/>\n<p><span style=\"text-decoration: underline;\"><em><strong><span style=\"color: #ff0000; text-decoration: underline;\">MATEMATYKA<\/span><\/strong><\/em><\/span><\/p>\n<p style=\"text-align: justify;\"><strong><em>TEMAT LEKCJI: <span style=\"text-decoration: underline;\">U\u0142amki zwyk\u0142e &#8211; powt\u00f3rzenie.<\/span> (zapisz w zeszycie)<\/em><\/strong><br \/>\n<em>Cel lekcji: Na tej lekcji powt\u00f3rz\u0119 poznane wiadomo\u015bci i utrwal\u0119 umiej\u0119tno\u015bci z u\u0142amk\u00f3w zwyk\u0142ych.<\/em><\/p>\n<p style=\"text-align: justify;\"><strong><em>Lekcja on-line za po\u015brednictwem Skype o godz. 11.00<\/em><\/strong><br \/>\n1. Wykonamy wsp\u00f3lnie zadania z podr\u0119cznika:<br \/>\n\u2013 zadanie 1, 2, 3, 4, 5, 6, 7, 8, 9, 10 str. 104 -105<br \/>\n2. <em><span style=\"text-decoration: underline;\">Pr. domowa: Wykonaj prac\u0119 w zeszycie \u0107wicze\u0144<\/span><\/em>:<br \/>\n<em>U\u0142amki zwyk\u0142e. Powt\u00f3rzenie: \u0107wicz. 1,2,3,4,5 str. 120<\/em><br \/>\n3. Dla sprawdzenia swoich umiej\u0119tno\u015bci zaloguj si\u0119 na stronie <a href=\"http:\/\/www.learningapps.org\/\">learningapps.org<\/a><br \/>\n<strong>Kontakt z nauczycielem (email: <a href=\"mailto:i_modrzew@wp.pl\">i_modrzew@wp.pl<\/a>, Skype, Messenger)<\/strong><\/p>\n<p><span style=\"text-decoration: underline;\"><em><strong><span style=\"color: #ff0000; text-decoration: underline;\">J\u0118ZYK ANGIELSKI <\/span><\/strong><\/em><\/span><\/p>\n<p style=\"text-align: justify;\"><strong><em>Lekcja on-line. Spotykamy si\u0119 o godzinie 9:00 na Messengerze. Prosz\u0119 przygotowa\u0107 podr\u0119cznik, \u0107wiczeni\u00f3wk\u0119, zeszyt, d\u0142ugopis oraz zadba\u0107 o wygodne miejsce pracy.<\/em><\/strong><\/p>\n<p style=\"text-align: justify;\"><strong><em>Temat: <span style=\"text-decoration: underline;\">Piszemy zaproszenie na przyj\u0119cie urodzinowe.<\/span> (zapisz w zeszycie)<\/em><\/strong><br \/>\n<em>Cele lekcji:<\/em><br \/>\n<em>&#8211; napiszesz zaproszenie na przyjecie urodzinowe,<\/em><br \/>\n<em>&#8211; rozwiniesz umiej\u0119tno\u015b\u0107 czytania ze zrozumieniem.<\/em><\/p>\n<p style=\"text-align: justify;\">Na lekcji przeczytasz tekst zaproszenia na urodziny, nast\u0119pnie odpowiesz na pytania dotycz\u0105ce w\u0142a\u015bnie przeczytanego tekstu.<\/p>\n<p style=\"text-align: justify;\">Wsp\u00f3lnie u\u0142o\u017cymy zaproszenie na urodziny.<\/p>\n<p style=\"text-align: justify;\">W razie pyta\u0144 prosz\u0119 kontaktowa\u0107 si\u0119, pisz\u0105c na e-mail na <a href=\"mailto:m.willow@wp.pl\">m.willow@wp.pl <\/a>lub poprzez Messenger.<\/p>\n<p><span style=\"text-decoration: underline;\"><em><strong><span style=\"color: #ff0000; text-decoration: underline;\">RELIGIA<\/span><\/strong><\/em><\/span><\/p>\n<p style=\"text-align: justify;\"><strong><em>Temat 46 \u2013 <span style=\"text-decoration: underline;\">Golgota \u2013 cena zbawienia.<\/span><\/em><\/strong><br \/>\n<em>Cele:<\/em><br \/>\n<em>&#8211; Poznasz fragment Ewangelii o \u015bmierci Jezusa.<\/em><br \/>\n<em>&#8211; B\u0119dziesz prezentowa\u0142 postaw\u0119 szacunku wobec krzy\u017ca jako znaku wiary i ofiary Jezusa.<\/em><\/p>\n<p style=\"text-align: justify;\">Zadanie: przeczytaj temat z ksi\u0105\u017cki a nast\u0119pnie wykonaj polecenia w zeszycie \u0107wicze\u0144.<br \/>\nPrace prosz\u0119 przes\u0142a\u0107 na maila: <a href=\"mailto:biedor@op.pl\">biedor@op.pl<\/a><\/p>\n<p><span style=\"text-decoration: underline;\"><em><strong><span style=\"color: #ff0000; text-decoration: underline;\">J\u0118ZYK POLSKI<\/span><\/strong><\/em><\/span><\/p>\n<p><strong><em>Temat: <span style=\"text-decoration: underline;\">Kiedy postawi\u0107 przecinek?<\/span><\/em><\/strong><br \/>\n<em>Cel: Na tej lekcji nauczymy si\u0119 , przed kt\u00f3rym sp\u00f3jnikiem nale\u017cy zastosowa\u0107 przecinek.<\/em><\/p>\n<p style=\"text-align: justify;\">Zapoznajcie si\u0119 z now\u0105 wiadomo\u015bci\u0105, zapami\u0119tajcie przed jakimi sp\u00f3jnikami musimy postawi\u0107 przecinek, a przed jakimi nie. W celu utrwalenia poznanych wiadomo\u015bci wykonajcie do zeszytu \u0107wiczenie 1 i 3 ze strony 230.<br \/>\nKontakt z nauczycielem (e mail: <a href=\"mailto:grazyna_kupis@wp.pl\">grazyna_kupis@wp.pl<\/a>)<\/p>\n<p><span style=\"text-decoration: underline;\"><em><strong><span style=\"color: #ff0000; text-decoration: underline;\">WYCHOWANIE FIZYCZNE<\/span><\/strong><\/em><\/span><\/p>\n<p><em><b>Temat:\u00a0<span style=\"text-decoration: underline;\">&#8222;Gimnastyka podstawowa z akcentem na dolne partie mi\u0119\u015bni&#8221;.\u00a0<\/span><\/b><\/em><\/p>\n<p><em>Cel &#8211; kszta\u0142towanie sylwetki oraz postawy ucznia poprzez \u0107wiczenia gimnastyczne.\u00a0<\/em><\/p>\n<p><span class=\"highlight\"><span class=\"colour\"><span class=\"font\"><span class=\"size\">Zaj\u0119cia on-line messenger (video-rozmowa)<\/span><\/span><\/span><\/span>.<\/p>\n","protected":false},"excerpt":{"rendered":"<p>PONIEDZIA\u0141EK RELIGIA Temat 45 \u2013 Ulice Jerozolimy \u2013 ostatnia droga. Cele: &#8211; Poznasz stacje drogi krzy\u017cowej. &#8211; B\u0119dziesz potrafi\u0142 odnie\u015b\u0107 wydarzenia drogi krzy\u017cowej Jezusa do swoich \u201ekrzy\u017cy\u2019. Zadanie: Przeczytaj temat 45 z ksi\u0105\u017cki a nast\u0119pnie zr\u00f3b polecenia w zeszycie \u0107wicze\u0144. &hellip; <a href=\"http:\/\/spmlodzawy.pl\/index.php\/zadania-klasa-iv-30-marca-3-kwietnia\/\">Czytaj dalej <span class=\"meta-nav\">&rarr;<\/span><\/a><\/p>\n","protected":false},"author":1,"featured_media":0,"parent":0,"menu_order":0,"comment_status":"closed","ping_status":"closed","template":"","meta":[],"_links":{"self":[{"href":"http:\/\/spmlodzawy.pl\/index.php\/wp-json\/wp\/v2\/pages\/21011"}],"collection":[{"href":"http:\/\/spmlodzawy.pl\/index.php\/wp-json\/wp\/v2\/pages"}],"about":[{"href":"http:\/\/spmlodzawy.pl\/index.php\/wp-json\/wp\/v2\/types\/page"}],"author":[{"embeddable":true,"href":"http:\/\/spmlodzawy.pl\/index.php\/wp-json\/wp\/v2\/users\/1"}],"replies":[{"embeddable":true,"href":"http:\/\/spmlodzawy.pl\/index.php\/wp-json\/wp\/v2\/comments?post=21011"}],"version-history":[{"count":28,"href":"http:\/\/spmlodzawy.pl\/index.php\/wp-json\/wp\/v2\/pages\/21011\/revisions"}],"predecessor-version":[{"id":21342,"href":"http:\/\/spmlodzawy.pl\/index.php\/wp-json\/wp\/v2\/pages\/21011\/revisions\/21342"}],"wp:attachment":[{"href":"http:\/\/spmlodzawy.pl\/index.php\/wp-json\/wp\/v2\/media?parent=21011"}],"curies":[{"name":"wp","href":"https:\/\/api.w.org\/{rel}","templated":true}]}}