{"id":21037,"date":"2020-03-27T16:36:30","date_gmt":"2020-03-27T15:36:30","guid":{"rendered":"http:\/\/spmlodzawy.pl\/?page_id=21037"},"modified":"2020-04-07T08:20:02","modified_gmt":"2020-04-07T06:20:02","slug":"zadania-dla-klasy-iv-6-10-kwietnia","status":"publish","type":"page","link":"http:\/\/spmlodzawy.pl\/index.php\/zadania-dla-klasy-iv-6-10-kwietnia\/","title":{"rendered":"ZADANIA DLA KLASY VI (6-8 KWIETNIA)"},"content":{"rendered":"<h2 style=\"text-align: center;\"><strong><span style=\"color: #0000ff;\">PONIEDZIA\u0141EK<\/span><\/strong><\/h2>\n<hr \/>\n<p><em><strong><span style=\"text-decoration: underline; color: #ff0000;\">J\u0118ZYK POLSKI<\/span><\/strong><\/em><\/p>\n<p><strong><em>Temat: <span style=\"text-decoration: underline;\">Czas na podsumowanie.<\/span><\/em><\/strong><br \/>\n<em>Cel: Przypomnienie i utrwalenie poznanych wiadomo\u015bci.<\/em><\/p>\n<p style=\"text-align: justify;\">Drodzy uczniowie przed nami powt\u00f3rzenie wiadomo\u015bci z ostatniego dzia\u0142u. Prosz\u0119 przypomnijcie sobie i utrwalcie wiadomo\u015bci o kt\u00f3rych si\u0119 uczyli\u015bmy (Podsumowanie str.234). Sprawd\u017acie swoj\u0105 wiedz\u0119 i umiej\u0119tno\u015bci ustnie odpowiadaj\u0105c na pytania zawarte w te\u015bcie z podr\u0119cznika ze strony235. Powodzenia.<\/p>\n<p style=\"text-align: justify;\">Dzisiaj te\u017c ka\u017cdy na skrzynk\u0119 otrzyma test do rozwi\u0105zania w dniu jutrzejszym. Jutro te\u017c czekam na rozwi\u0105zane czytelnie testy do sprawdzenia i oceny. Kontakt z nauczycielem (e-mail: <a href=\"mailto:grazyna_kupis@wp.pl\">grazyna_kupis@wp.pl<\/a>)<\/p>\n<p><em><strong><span style=\"text-decoration: underline; color: #ff0000;\">HISTORIA<\/span><\/strong><\/em><\/p>\n<p><strong><em>Temat: <span style=\"text-decoration: underline;\">Rewolucja francuska.<\/span><\/em><\/strong><br \/>\n<em>Cel lekcji: poznajemy przyczyny, przebieg i nast\u0119pstwa rewolucji francuskiej.<\/em><\/p>\n<p>Wykonaj w zeszycie z podr\u0119cznika \u0107wiczenie 3 str. 189.<\/p>\n<p style=\"text-align: justify;\"><strong><em>Dotyczy historii i wos-u:wykonaj zdj\u0119cie zeszytu z zawarto\u015bci\u0105 wykonanych zada\u0144 i \u0107wicze\u0144 np. telefonem kom\u00f3rkowym i prze\u015blij na adres mailowy: <\/em><\/strong><a href=\"mailto:sopris2000@interia.pl\"><em>sopris2000@interia.pl<\/em><\/a><strong><em> Zadane \u0107wiczenia b\u0119d\u0105 podlega\u0107 ocenie.<\/em><\/strong><\/p>\n<p><em><strong><span style=\"text-decoration: underline; color: #ff0000;\">PLASTYKA<\/span><\/strong><\/em><\/p>\n<p><strong><em>Temat: <span style=\"text-decoration: underline;\">W \u015bwi\u0105tecznym nastroju. Stroik \u015bwi\u0105teczny<\/span><\/em><\/strong><br \/>\n<em>Cel: Rozbudzanie wyobra\u017ani tw\u00f3rczej.<\/em><\/p>\n<p>Wykonaj z dost\u0119pnych w domu materia\u0142\u00f3w stroik \u015bwi\u0105teczny. Zdj\u0119cie Twojej pracy prze\u015blij do oceny (e-mail: <a href=\"mailto:grazyna_kupis@wp.pl\">grazyna_kupis@wp.pl<\/a>)<\/p>\n<p><em><strong><span style=\"text-decoration: underline; color: #ff0000;\">J\u0118ZYK ANGIELSKI<\/span><\/strong><\/em><\/p>\n<p><em><strong>Lekcja on-line na Messengerze. Przygotuj podr\u0119cznik, \u0107wiczeni\u00f3wk\u0119 , zeszyt i d\u0142ugopis. Zadbaj o wygodne miejsce do pracy.<\/strong><\/em><br \/>\nGrupa 2 \u2013 11:00<br \/>\nGrupa 1 \u2013 12:00<\/p>\n<p style=\"text-align: justify;\"><strong><em>Temat:<span style=\"text-decoration: underline;\"> Czas Future Simple \u2013 okre\u015blenia czasu.<\/span> (zapisz w zeszycie)<\/em><\/strong><br \/>\n<em>Cele lekcji:<\/em><br \/>\n<em>&#8211; poznasz okre\u015blenia czasu charakterystyczne dla czasu przysz\u0142ego Future Simple,<\/em><br \/>\n<em>&#8211; utrwalisz wiadomo\u015bci dotycz\u0105ce budowy zda\u0144 w czasie przysz\u0142ym,<\/em><br \/>\n<em>&#8211; rozwiniesz umiej\u0119tno\u015b\u0107 wypowiadania si\u0119.<\/em><\/p>\n<p style=\"text-align: justify;\">Zapiszecie w zeszycie okre\u015blenia czasu charakterystyczne dla Futer Simple i napiszecie ich t\u0142umaczenie. Ka\u017cdy samodzielnie u\u0142o\u017cy co najmniej jedno zdanie z wykorzystaniem poznanego s\u0142ownictwa. Wsp\u00f3lnie wykonamy \u0107wiczenie 6 i 7 na stronie 79 podr\u0119cznika oraz \u0107wiczenie 7 ze strony 59 \u0107wiczeni\u00f3wki.<\/p>\n<p style=\"text-align: justify;\">Praca domowa: Powt\u00f3rz wiadomo\u015bci o czasie Future Simple. Naucz si\u0119 okre\u015ble\u0144 czasu z dzisiejszej lekcji.<\/p>\n<p style=\"text-align: justify;\">W razie pyta\u0144 prosz\u0119 kontaktowa\u0107 si\u0119, pisz\u0105c na e-mail na <a href=\"mailto:m.willow@wp.pl\">m.willow@wp.pl<\/a> lub poprzez Messenger.<\/p>\n<p><em><strong><span style=\"text-decoration: underline; color: #ff0000;\">MATEMATYKA<\/span><\/strong><\/em><\/p>\n<p style=\"text-align: justify;\"><strong>Lekcja on-line na Messengerze gr. I godz. 11.00, gr. II godz. 12.00<\/strong><br \/>\n<strong><em>Temat: <span style=\"text-decoration: underline;\">Rozwi\u0105zujemy zadania tekstowe za pomoc\u0105 r\u00f3wna\u0144.<\/span> (zapisz w zeszycie)<\/em><\/strong><br \/>\n<em>Cele: Na tej lekcji nauczysz si\u0119 zapisywa\u0107 niewiadom\u0105, wypisywa\u0107 dane z zadania, uk\u0142ada\u0107 r\u00f3wnanie oraz je rozwi\u0105zywa\u0107.<\/em><\/p>\n<p style=\"text-align: justify;\">1. Wsp\u00f3lnie rozwi\u0105\u017cemy zad. 1, 2, 3 str. 96, 97 podr\u0119cznik.<br \/>\n2. Praca domowa \u0107w. 1, 2 str. 104 Zeszyt \u0107wicze\u0144.<br \/>\n3. Dla sprawdzenia swojej wiedzy wykonaj zadania na learningapps.<\/p>\n<p style=\"text-align: justify;\">W razie jakichkolwiek problem\u00f3w prosz\u0119 o kontakt: <a href=\"mailto:edypawlik@gmail.com\">edypawlik@gmail.com<\/a>, lub przez Messenger.<\/p>\n<p><em><strong><span style=\"text-decoration: underline; color: #ff0000;\">INFORMATYKA GR I<\/span><\/strong><\/em><\/p>\n<p style=\"text-align: justify;\"><strong><em>Temat:<span style=\"text-decoration: underline;\"> Do\u0142\u0105czamy do spo\u0142eczno\u015bci Scratch.<\/span> (zapisz w zeszycie)<\/em><\/strong><br \/>\n<em>Ce: Na tej lekcji poznasz jak do\u0142\u0105czy\u0107 do spo\u0142eczno\u015bci Scratch aby mo\u017cliwe by\u0142o wystawianie swoich skrypt\u00f3w oraz przegl\u0105danie projekt\u00f3w dodanych przez innych.<\/em><\/p>\n<p style=\"text-align: justify;\">1. Przeczytaj temat \u201eRazem mo\u017cemy wi\u0119cej\u201d str. 87 &#8211; 92 podr\u0119cznik.<br \/>\n2. Spr\u00f3buj do\u0142\u0105czy\u0107 do spo\u0142eczno\u015bci Scratch, przejrzyj zamieszczone tam projekty<\/p>\n<p>W razie jakichkolwiek problem\u00f3w prosz\u0119 o kontakt: <a href=\"mailto:edypawlik@gmail.com\">edypawlik@gmail.com<\/a>, lub przez Messenger.<\/p>\n<p><em><strong><span style=\"text-decoration: underline; color: #ff0000;\">TECHNIKA<\/span><\/strong><\/em><\/p>\n<p><strong><em>Temat: Konstrukcja i wykonanie bry\u0142y.<\/em><\/strong><br \/>\n<em>Cel:<\/em><br \/>\n<em>&#8211; kszta\u0142towanie wyobra\u017ani w perspektywie 3D<\/em><br \/>\n<em>&#8211; doskonalenie rzutowania<\/em><\/p>\n<p>Polecenia w karcie na dzienniku.<\/p>\n<hr \/>\n<h2 style=\"text-align: center;\"><strong><span style=\"color: #0000ff;\">WTOREK<\/span><\/strong><\/h2>\n<hr \/>\n<p><em><strong><span style=\"text-decoration: underline; color: #ff0000;\">J\u0118ZYK ANGIELSKI<\/span><\/strong><\/em><\/p>\n<p><em><strong>Lekcja on-line na Messengerze. Przygotuj podr\u0119cznik, \u0107wiczeni\u00f3wk\u0119 , zeszyt i d\u0142ugopis. Zadbaj o wygodne miejsce do pracy.<\/strong><\/em><br \/>\nGrupa 1\u2013 10:00<br \/>\nGrupa 2 \u2013 11:00<\/p>\n<p style=\"text-align: justify;\"><strong><em>Temat: <span style=\"text-decoration: underline;\">Jaki b\u0119dzie \u015bwiat w przysz\u0142o\u015bci? Praca z tekstem.<\/span> (zapisz w zeszycie)<\/em><\/strong><br \/>\n<em>Cele lekcji:<\/em><br \/>\n<em>&#8211; udoskonalisz umiej\u0119tno\u015b\u0107 czytania oraz b\u0119dziesz wyszukiwa\u0142 informacje w przeczytanym tek\u015bcie,<\/em><br \/>\n<em>&#8211; rozwiniesz umiej\u0119tno\u015b\u0107 wypowiadania si\u0119,<\/em><br \/>\n<em>&#8211; poznasz wyra\u017cenia, dzi\u0119ki kt\u00f3rym b\u0119dziesz m\u00f3g\u0142 wyrazi\u0107 swoj\u0105 opini\u0119.<\/em><\/p>\n<p style=\"text-align: justify;\">Na lekcji przeczytamy tekst na stronie 80 podr\u0119cznika, wypiszemy i przet\u0142umaczymy nieznane s\u0142ownictwo. Nast\u0119pnie b\u0119dziecie odpowiadali na pytania dotycz\u0105ce przeczytanego tekstu.<\/p>\n<p style=\"text-align: justify;\">Zapiszecie w zeszycie wyra\u017cenia z tabelki \u201ePhrase book\u201d oraz ich t\u0142umaczenie. Ka\u017cdy u\u0142o\u017cy co najmniej jedno zdanie, w kt\u00f3rym zastosuje nowo poznane wyra\u017cenie.<br \/>\nWsp\u00f3lnie wykonamy \u0107wiczenie 1 na stronie 60 \u0107wiczeni\u00f3wki.<\/p>\n<p style=\"text-align: justify;\">W razie pyta\u0144 prosz\u0119 kontaktowa\u0107 si\u0119, pisz\u0105c na e-mail na <a href=\"mailto:m.willow@wp.pl\">m.willow@wp.pl<\/a> lub poprzez Messenger.<\/p>\n<p><em><strong><span style=\"text-decoration: underline; color: #ff0000;\">J\u0118ZYK POLSKI<\/span><\/strong><\/em><\/p>\n<p><em><strong>Temat: <span style=\"text-decoration: underline;\">Test podsumowuj\u0105cy V rozdzia\u0142 \u201eNa skrzyd\u0142ach fantazji\u201d.<\/span><\/strong> <\/em><br \/>\n<em>Cel: Utrwalenie poznanych wiadomo\u015bci. Pami\u0119taj o samodyscyplinie. <\/em><\/p>\n<p>Kontakt z nauczycielem (e-mail: <a href=\"mailto:grazyna_kupis@wp.pl\">grazyna_kupis@wp.pl<\/a>)<\/p>\n<p><em><strong><span style=\"text-decoration: underline; color: #ff0000;\">MATEMATYKA<\/span><\/strong><\/em><\/p>\n<p style=\"text-align: justify;\"><strong>Lekcja on-line na Messengerze gr. I godz. 12.00, gr. II godz. 13.00<\/strong><br \/>\n<strong><em>Temat: <span style=\"text-decoration: underline;\">Rozwi\u0105zujemy zadania tekstowe.<\/span> (zapisz w zeszycie)<\/em><\/strong><br \/>\n<em>Cel: Na tej lekcji utrwalisz umiej\u0119tno\u015b\u0107 zapisywania niewiadomej, wypisywania danych, uk\u0142adania i rozwi\u0105zywania r\u00f3wna\u0144.<\/em><\/p>\n<p style=\"text-align: justify;\">1. Wsp\u00f3lnie rozwi\u0105\u017cemy Zad. 4, 5, 6 str. 97podr\u0119cznik.<br \/>\n2. Praca domowa \u0107w. 3, 4 str. 105 Zeszyt \u0106wicze\u0144<br \/>\n3. Dla sprawdzenia swojej wiedzy wykonaj zadania na learningapps.<\/p>\n<p>W razie jakichkolwiek problem\u00f3w prosz\u0119 o kontakt: <a href=\"mailto:edypawlik@gmail.com\">edypawlik@gmail.com<\/a>, lub przez Messenger.<\/p>\n<p><em><strong><span style=\"text-decoration: underline; color: #ff0000;\">INFORMATYKA GR II<\/span><\/strong><\/em><\/p>\n<p style=\"text-align: justify;\"><strong><em>Temat: <span style=\"text-decoration: underline;\">Jak znale\u017a\u0107 najmniejsz\u0105 i najwi\u0119ksz\u0105 liczb\u0119? Tworzymy list\u0119.<\/span> (zapisz w zeszycie)<\/em><\/strong><\/p>\n<p style=\"text-align: justify;\"><em>Cel: Na tej lekcji nauczysz si\u0119 jak tworzy\u0107 listy w programie Scratch<\/em><\/p>\n<p style=\"text-align: justify;\">Przeczytaj temat na str. Co jest naj\u2026 str. 73-76 podr\u0119cznik.<br \/>\nSpr\u00f3buj zbudowa\u0107 dowolna list\u0119 w programie Scratch.<\/p>\n<p style=\"text-align: justify;\">W razie jakichkolwiek problem\u00f3w prosz\u0119 o kontakt: <a href=\"mailto:edypawlik@gmail.com\">edypawlik@gmail.com<\/a>, lub przez Messenger.<\/p>\n<p><em><strong><span style=\"text-decoration: underline; color: #ff0000;\">MUZYKA<\/span><\/strong><\/em><\/p>\n<p><em><strong>Temat: <span style=\"text-decoration: underline;\">Z dziej\u00f3w muzyki \u2013 barok. Jan Sebastian Bach<\/span><\/strong><\/em><br \/>\n<em>Cel: Poznajemy muzyk\u0119 baroku, potrafimy charakteryzowa\u0107 \u017cycie i tw\u00f3rczo\u015b\u0107 J.S. Bacha<\/em><\/p>\n<p>Zapoznaj si\u0119 z nowym tematem z podr\u0119cznika i zr\u00f3b kr\u00f3tk\u0105 notatk\u0119 do zeszytu. Szczeg\u00f3ln\u0105 uwag\u0119 zwr\u00f3\u0107 na znaczenie termin\u00f3w: polifonia, fuga.<br \/>\nTeraz nauczymy si\u0119 piosenki Zacznij od Bach<br \/>\n<a href=\"https:\/\/www.youtube.com\/watch?v=zoT_cWFh9bA\">https:\/\/www.youtube.com\/watch?v=zoT_cWFh9bA<\/a><\/p>\n<p>Aby przybli\u017cy\u0107 Wam tw\u00f3rczo\u015b\u0107 Jana Sebastiana Bacha wys\u0142uchajcie nagrania utworu Toccata i fuga d-moll (kompozycj\u0119 najbardziej kojarz\u0105c\u0105 si\u0119 z Bachem i wykonan\u0105 na organach). <a href=\"https:\/\/www.youtube.com\/watch?v=Nnuq9PXbywA\">https:\/\/www.youtube.com\/watch?v=Nnuq9PXbywA<\/a><\/p>\n<p>Zadanie domowe: Przygotuj album lub prezentacj\u0119 o \u017cyciu i tw\u00f3rczo\u015bci Jana Sebastiana Bacha. Kontakt z nauczycielem (e-mail: <a href=\"mailto:grazyna_kupis@wp.pl\">grazyna_kupis@wp.pl<\/a>)<\/p>\n<p><em><strong><span style=\"text-decoration: underline; color: #ff0000;\">WYCHOWANIE FIZYCZNE<\/span><\/strong><\/em><\/p>\n<p style=\"text-align: justify;\"><b><em>Temat: <span style=\"text-decoration: underline;\">&#8222;Mini pi\u0142ka r\u0119czna &#8211; doskonalenie poda\u0107 oraz chwyt\u00f3w&#8221;, zaliczenie.<\/span>\u00a0<\/em><\/b><\/p>\n<p style=\"text-align: justify;\"><b>\u0106wiczenie to b\u0119dzie podlega\u0107 ocenie (technika oraz poprawno\u015b\u0107 wykonania \u0107wiczenia). <\/b><\/p>\n<p style=\"text-align: justify;\"><em>Cel &#8211; podporz\u0105dkowanie si\u0119 okre\u015blonym regu\u0142om dzia\u0142ania w zespole.\u00a0<\/em><\/p>\n<p style=\"text-align: justify;\"><span class=\"highlight\"><span class=\"colour\"><span class=\"font\"><span class=\"size\">Zaj\u0119cia on-line messenger (video-rozmowa)<\/span><\/span><\/span><\/span>.<\/p>\n<hr \/>\n<h2 style=\"text-align: center;\"><strong><span style=\"color: #0000ff;\">\u015aRODA<\/span><\/strong><\/h2>\n<hr \/>\n<p><em><strong><span style=\"text-decoration: underline; color: #ff0000;\">BIOLOGIA<\/span><\/strong><\/em><\/p>\n<p><strong><em>Temat: <span style=\"text-decoration: underline;\">Ptaki-kr\u0119gowce zdolne do lotu.<\/span><\/em><\/strong><br \/>\n<em>Celem lekcji jest zapoznanie si\u0119 ze \u015brodowiskiem \u017cycia, budow\u0105 i przystosowaniem ptak\u00f3w do lotu.<\/em><\/p>\n<p>Na podstawie tekstu ze str.119-121 wykonaj notatk\u0119:<br \/>\n1.Wyja\u015bnij poj\u0119cie sta\u0142ocieplno\u015bci.<br \/>\n2.Wymie\u0144 w punktach przystosowania ptaka do lotu.<br \/>\n3.Narysuj graf przedstawiaj\u0105cy podzia\u0142 pi\u00f3r i ich rol\u0119.<br \/>\n4.Jak ptaki przystosowa\u0142y si\u0119 do lotu w procesie oddychania? (prac\u0119 wysy\u0142aj\u0105 mailem tylko osoby zagro\u017cone).<\/p>\n<p>Kontakt na e-mail: <a href=\"mailto:annafarmas21@gmail.com\">annafarmas21@gmail.com<\/a><\/p>\n<p><em><strong><span style=\"text-decoration: underline; color: #ff0000;\">WYCHOWANIE FIZYCZNE<\/span><\/strong><\/em><\/p>\n<p><b><em>Temat: <span style=\"text-decoration: underline;\">&#8222;Mini pi\u0142ka no\u017cna, zasady gry oraz om\u00f3wienie regulaminu gry&#8221;, &#8222;Gimnastyka podstawowa, wzmacnianie poszczeg\u00f3lnych partii mi\u0119\u015bni&#8221;.<\/span><\/em><br \/>\n<\/b><\/p>\n<p>Znajomo\u015b\u0107 zasad w tej dyscyplinie b\u0119dzie podlega\u0107 ocenie.<\/p>\n<p style=\"text-align: justify;\"><em>Cel &#8211; znajomo\u015b\u0107 zasad gry w poszczeg\u00f3lnych dziedzinach dyscyplin sportowych.<\/em><br \/>\n<em>Cel &#8211; praca nad w\u0142asn\u0105 sylwetk\u0105 cia\u0142a poprzez \u0107wiczenia gimnastyczne.<\/em><\/p>\n<p>Zaj\u0119cia on-line messenger (video-rozmowa).<\/p>\n<p><em><strong><span style=\"text-decoration: underline; color: #ff0000;\">MATEMATYKA<\/span><\/strong><\/em><\/p>\n<p style=\"text-align: justify;\"><strong>Lekcja on-line na Messengerze gr. I godz. 12.30, gr. II godz. 13.15<\/strong><br \/>\n<strong><em>Temat: <span style=\"text-decoration: underline;\">Rozwi\u0105zywanie zada\u0144 tekstowych z r\u00f3wnaniami \u2013 \u0107wiczenia.<\/span> (zapisz w zeszycie)<\/em><\/strong><\/p>\n<p style=\"text-align: justify;\"><em>Cel: Na tej lekcji utrwalisz umiej\u0119tno\u015b\u0107 zapisywania niewiadomej, wypisywania danych, uk\u0142adania i rozwi\u0105zywania r\u00f3wna\u0144.<\/em><\/p>\n<p style=\"text-align: justify;\">1. Wsp\u00f3lnie rozwi\u0105\u017cemy Zad. 7, 8, str. 97, 98 podr\u0119cznik.<br \/>\n2. Praca domowa \u0106w. 5, 6 str. 106 Zeszyt \u0106wicze\u0144 (prosz\u0119 przes\u0142a\u0107 zdj\u0119cia rozwi\u0105za\u0144 Zad. 1-6 str. 104-106 Zeszyt \u0106wicze\u0144 na maila lub Messengera)<br \/>\n3. Dla sprawdzenia swojej wiedzy wykonaj zadania na learningapps.<\/p>\n<p>W razie jakichkolwiek problem\u00f3w prosz\u0119 o kontakt: <a href=\"mailto:edypawlik@gmail.com\">edypawlik@gmail.com<\/a>, lub przez Messenger.<\/p>\n<p><em><strong><span style=\"text-decoration: underline; color: #ff0000;\">J\u0118ZYK POLSKI<\/span><\/strong><\/em><\/p>\n<p><strong><em>Temat: <span style=\"text-decoration: underline;\">Pisownia wyraz\u00f3w z rz i \u017c<\/span><\/em><\/strong><br \/>\n<em>Cel: Przypominamy i utrwalamy pisowni\u0119 wyraz\u00f3w z rz i \u017c<\/em><\/p>\n<p style=\"text-align: justify;\">Drodzy uczniowie dzisiaj po\u0107wiczymy ortografi\u0119, w tym celu wykonajcie dyktanda, a uzyskane wyniki zapiszcie w zeszycie. Powodzenia.<br \/>\n<a href=\"https:\/\/www.dyktanda.net\/ortografia-26.php\">https:\/\/www.dyktanda.net\/ortografia-26.php <\/a><br \/>\n<a href=\"https:\/\/www.dyktanda.net\/ortografia-35.php\">https:\/\/www.dyktanda.net\/ortografia-35.php <\/a><\/p>\n<p><em><strong><span style=\"text-decoration: underline; color: #ff0000;\">RELIGIA<\/span><\/strong><\/em><\/p>\n<p style=\"text-align: justify;\"><strong><em>Temat 36 \u2013 <span style=\"text-decoration: underline;\">Chrzcielnica \u2013 zanurzy\u0107 si\u0119 w m\u0119k\u0119, \u015bmier\u0107 i zmartwychwstanie Chrystusa.<\/span><\/em><\/strong><br \/>\n<em>Cele:<\/em><br \/>\n<em>&#8211; Pog\u0142\u0119bisz wiadomo\u015bci o chrzcie i przypomnisz sobie dat\u0119 swojego chrztu.<\/em><br \/>\n<em>&#8211; Pomodlisz si\u0119 za rodzic\u00f3w i rodzic\u00f3w chrzestnych.<\/em><\/p>\n<p style=\"text-align: justify;\">Zadanie: Przeczytaj temat z ksi\u0105\u017cki i wykonaj polecenia z zeszytu \u0107wicze\u0144.<br \/>\nPrace prosz\u0119 przes\u0142a\u0107 na maila: <a href=\"mailto:biedor@op.pl\">biedor@op.pl<\/a><\/p>\n","protected":false},"excerpt":{"rendered":"<p>PONIEDZIA\u0141EK J\u0118ZYK POLSKI Temat: Czas na podsumowanie. Cel: Przypomnienie i utrwalenie poznanych wiadomo\u015bci. Drodzy uczniowie przed nami powt\u00f3rzenie wiadomo\u015bci z ostatniego dzia\u0142u. Prosz\u0119 przypomnijcie sobie i utrwalcie wiadomo\u015bci o kt\u00f3rych si\u0119 uczyli\u015bmy (Podsumowanie str.234). Sprawd\u017acie swoj\u0105 wiedz\u0119 i umiej\u0119tno\u015bci ustnie &hellip; <a href=\"http:\/\/spmlodzawy.pl\/index.php\/zadania-dla-klasy-iv-6-10-kwietnia\/\">Czytaj dalej <span class=\"meta-nav\">&rarr;<\/span><\/a><\/p>\n","protected":false},"author":1,"featured_media":0,"parent":0,"menu_order":0,"comment_status":"closed","ping_status":"closed","template":"","meta":[],"_links":{"self":[{"href":"http:\/\/spmlodzawy.pl\/index.php\/wp-json\/wp\/v2\/pages\/21037"}],"collection":[{"href":"http:\/\/spmlodzawy.pl\/index.php\/wp-json\/wp\/v2\/pages"}],"about":[{"href":"http:\/\/spmlodzawy.pl\/index.php\/wp-json\/wp\/v2\/types\/page"}],"author":[{"embeddable":true,"href":"http:\/\/spmlodzawy.pl\/index.php\/wp-json\/wp\/v2\/users\/1"}],"replies":[{"embeddable":true,"href":"http:\/\/spmlodzawy.pl\/index.php\/wp-json\/wp\/v2\/comments?post=21037"}],"version-history":[{"count":24,"href":"http:\/\/spmlodzawy.pl\/index.php\/wp-json\/wp\/v2\/pages\/21037\/revisions"}],"predecessor-version":[{"id":21348,"href":"http:\/\/spmlodzawy.pl\/index.php\/wp-json\/wp\/v2\/pages\/21037\/revisions\/21348"}],"wp:attachment":[{"href":"http:\/\/spmlodzawy.pl\/index.php\/wp-json\/wp\/v2\/media?parent=21037"}],"curies":[{"name":"wp","href":"https:\/\/api.w.org\/{rel}","templated":true}]}}