{"id":21043,"date":"2020-03-27T16:42:12","date_gmt":"2020-03-27T15:42:12","guid":{"rendered":"http:\/\/spmlodzawy.pl\/?page_id=21043"},"modified":"2020-04-07T08:19:31","modified_gmt":"2020-04-07T06:19:31","slug":"zadania-dla-klasy-vii-6-10-kwietnia","status":"publish","type":"page","link":"http:\/\/spmlodzawy.pl\/index.php\/zadania-dla-klasy-vii-6-10-kwietnia\/","title":{"rendered":"ZADANIA DLA KLASY VII (6-8 KWIETNIA)"},"content":{"rendered":"<h2 style=\"text-align: center;\"><strong><span style=\"color: #000080;\">PONIEDZIA\u0141EK<\/span><\/strong><\/h2>\n<hr \/>\n<p><em><strong><span style=\"text-decoration: underline;\"><span style=\"color: #ff0000; text-decoration: underline;\">CHEMIA<\/span><\/span><\/strong><\/em><\/p>\n<p style=\"text-align: justify;\"><strong><em>Temat lekcji: <span style=\"text-decoration: underline;\">St\u0119\u017cenie procentowe roztworu<\/span>.<\/em><\/strong><br \/>\n<em>Cele lekcji: Ucze\u0144 poznaje poj\u0119cie st\u0119\u017cenia procentowego roztworu; oblicza st\u0119\u017cenia procentowe roztworu z wykorzystaniem wzoru.<\/em><\/p>\n<p style=\"text-align: justify;\">Temat opracuj zgodnie z punktami:<br \/>\n1.Co to jest st\u0119\u017cenie procentowe roztwory?<br \/>\n2. Jak obliczamy st\u0119\u017cenie procentowe roztworu (wz\u00f3r na st\u0119\u017cenie procentowe roztworu).<br \/>\nRozwi\u0105\u017c zadania 1,2 str.191<\/p>\n<p style=\"text-align: justify;\">Podczas pracy z tym tematem skorzystaj ze strony <a href=\"https:\/\/epodreczniki.pl\/a\/stezenie-proDBs4CnWwGcentowe-roztworu\/\">https:\/\/epodreczniki.pl\/a\/stezenie-proDBs4CnWwGcentowe-roztworu\/<\/a><\/p>\n<p><em><strong><span style=\"text-decoration: underline;\"><span style=\"color: #ff0000; text-decoration: underline;\">J\u0118ZYK\u00a0 POLSKI<\/span><\/span><\/strong><\/em><\/p>\n<p><strong>Lekcja on-line na Messengerze. Przygotuj podr\u0119cznik, zeszyt i d\u0142ugopis. Zadbaj o wygodne miejsce do pracy.<\/strong><br \/>\n<strong>Godzina 13:00<\/strong><\/p>\n<p style=\"text-align: justify;\"><strong><em>Temat: <span style=\"text-decoration: underline;\">W \u015bwiecie rze\u017aby.<\/span><\/em><\/strong><br \/>\n<em>Cele lekcji:<\/em><br \/>\n<em>&#8211; poznasz histori\u0119 rozwoju rze\u017aby,<\/em><br \/>\n<em>-wyszukasz potrzebne informacje w tek\u015bcie,<\/em><br \/>\n<em>&#8211; dokonasz oceny dzie\u0142a rze\u017abiarskiego.<\/em><\/p>\n<p style=\"text-align: justify;\">W trakcie lekcji przeczytamy teks dotycz\u0105cy rze\u017aby na stronach 188-190. Dowiesz si\u0119 jak ocenia\u0107 rze\u017ab\u0119, a nast\u0119pnie opiszesz jedn\u0105 z przedstawionych w tym rozdziale, wykorzystuj\u0105c zdobyt\u0105 wiedz\u0119.<\/p>\n<p style=\"text-align: justify;\">W razie pyta\u0144 prosz\u0119 kontaktowa\u0107 si\u0119, pisz\u0105c na e-mail na <a href=\"mailto:m.willow@wp.pl\">m.willow@wp.pl <\/a>lub poprzez Messenger.<\/p>\n<p><em><strong><span style=\"text-decoration: underline;\"><span style=\"color: #ff0000; text-decoration: underline;\">J\u0118ZYK ANGIELSKI<\/span><\/span><\/strong><\/em><\/p>\n<p><strong>Lekcja on-line na Messengerze. Przygotuj podr\u0119cznik , zeszyt i d\u0142ugopis. Zadbaj o wygodne miejsce do pracy.<\/strong><br \/>\n<strong>Widzimy si\u0119 o godzinie 10:00<\/strong><\/p>\n<p style=\"text-align: justify;\"><strong><em>Temat: <span style=\"text-decoration: underline;\">Piszemy notatk\u0119.<\/span><\/em><\/strong><br \/>\n<em>Cele lekcji:<\/em><br \/>\n<em>&#8211; napiszesz notatk\u0119 na zadany temat.,<\/em><br \/>\n<em>&#8211; udoskonalisz umiej\u0119tno\u015b\u0107 czytania i wyszukiwania informacji w tek\u015bcie.<\/em><\/p>\n<p style=\"text-align: justify;\">Wsp\u00f3lnie wykonamy \u0107wiczenie D na stronie 84 podr\u0119cznika. Napiszemy modelow\u0105 notatk\u0119 wykonuj\u0105c \u0107wiczenie E na stronie 84 podr\u0119cznika.<\/p>\n<p style=\"text-align: justify;\">Praca domowa (na ocen\u0119). Twoja mama poprosi\u0142a Ci\u0119, \u017ceby\u015b zrobi\u0142 kilka rzeczy, kiedy nie b\u0119dzie jej w domu. Napisz notatk\u0119, w kt\u00f3rej uwzgl\u0119dnisz nast\u0119puj\u0105ce punkty:<br \/>\n&#8211; sprz\u0105tanie pokoju (+)<br \/>\n&#8211; nakarmienie psa i wys\u0142anie kartki urodzinowej do cioci Dominiki (+)<br \/>\n&#8211; kupienie chleba i mas\u0142a ( &#8211; )<\/p>\n<p style=\"text-align: justify;\">Wyja\u015bnij, dlaczego nie zrobi\u0142e\u015b zakup\u00f3w. Twoja praca powinna liczy\u0107 od 50 do 100 s\u0142\u00f3w. Zdj\u0119cie notatki wy\u015blij mi poprzez aplikacj\u0119 Messenger najp\u00f3\u017aniej w \u015brod\u0119 wieczorem.<\/p>\n<p style=\"text-align: justify;\">W razie pyta\u0144 prosz\u0119 kontaktowa\u0107 si\u0119, pisz\u0105c na e-mail na <a href=\"mailto:m.willow@wp.pl\">m.willow@wp.pl<\/a> lub poprzez Messenger.<\/p>\n<p><em><strong><span style=\"text-decoration: underline;\"><span style=\"color: #ff0000; text-decoration: underline;\">HISTORIA<\/span><\/span><\/strong><\/em><\/p>\n<p><strong><em>Temat: <span style=\"text-decoration: underline;\">Podsumowanie wiadomo\u015bci z rozdzia\u0142u VI.<\/span><\/em><\/strong><br \/>\n<em>Cel lekcji: utrwalenie wiadomo\u015bci z VI rozdzia\u0142u ,,\u015awiat w okresie mi\u0119dzywojennym\u201d.<\/em><br \/>\nPrzeczytaj z podr\u0119cznika podsumowanie rozdzia\u0142u VI str. 214-215. Dla sprawdzenia swojej wiedzy spr\u00f3buj odpowiedzie\u0107 na \u0107wiczenia z podr\u0119cznika ze str. 216.<\/p>\n<p style=\"text-align: justify;\"><strong><em>Dotyczy historii i wos-u:wykonaj zdj\u0119cie zeszytu z zawarto\u015bci\u0105 wykonanych zada\u0144 i \u0107wicze\u0144 np. telefonem kom\u00f3rkowym i prze\u015blij na adres mailowy: <\/em><\/strong><a href=\"mailto:sopris2000@interia.pl\"><em>sopris2000@interia.pl<\/em><\/a><strong><em> Zadane \u0107wiczenia b\u0119d\u0105 podlega\u0107 ocenie.<\/em><\/strong><\/p>\n<p><em><strong><span style=\"text-decoration: underline;\"><span style=\"color: #ff0000; text-decoration: underline;\">RELIGIA<\/span><\/span><\/strong><\/em><\/p>\n<p style=\"text-align: justify;\"><strong><em>Temat 31 &#8211;<span style=\"text-decoration: underline;\">Jak \u015bwi\u0119towa\u0107? \u015awi\u0119towanie w rodzinie.<\/span><\/em><\/strong><br \/>\n<em>Cele:<\/em><br \/>\n<em>&#8211; Poznasz sens \u015bwi\u0119towania rodzinnych uroczysto\u015bci.<\/em><br \/>\n<em>&#8211; B\u0119dziesz pami\u0119ta\u0142 o swoich bliskich, szczeg\u00f3lnie w dni, kt\u00f3re s\u0105 dla nich wa\u017cne.<\/em><\/p>\n<p style=\"text-align: justify;\">Zadanie. Przeczytaj temat z ksi\u0105\u017cki i wpisz go do zeszytu. Napisz na czym polega \u015bwi\u0119towanie w rodzinie? Przy odpowiedzi uwzgl\u0119dnij fragment Pisma \u015aw. (Kol 3, 12-16) oraz tre\u015bci w podr\u0119czniku.<br \/>\nPrace prosz\u0119 przes\u0142a\u0107 na maila: <a href=\"mailto:biedor@op.pl\">biedor@op.pl<\/a><\/p>\n<p><em><strong><span style=\"text-decoration: underline;\"><span style=\"color: #ff0000; text-decoration: underline;\">FIZYKA<\/span><\/span><\/strong><\/em><\/p>\n<p><strong><em>Temat: <span style=\"text-decoration: underline;\">Dynamika w zadaniach.<\/span><\/em><\/strong><br \/>\n<em>Cel:<\/em><br \/>\n<em>&#8211; doskonalenie umiej\u0119tno\u015bci rozwi\u0105zywania zada\u0144 z dynamiki<\/em><br \/>\n<em>&#8211; utrwalenie wiadomo\u015bci.<\/em><br \/>\n<em>Polecenia w karcie na dzienniku.<\/em><br \/>\n<strong>Lekcja online.<\/strong><\/p>\n<p><em><strong><span style=\"text-decoration: underline;\"><span style=\"color: #ff0000; text-decoration: underline;\">WD\u017b<\/span><\/span><\/strong><\/em><\/p>\n<p>Polecenia wraz za\u0142\u0105cznikami znajdziesz przy przedmiocie WD\u017b po zalogowaniu si\u0119 do <a href=\"https:\/\/spdmlodzawy.eszkola24.pl\/login\">edziennika<\/a>.<\/p>\n<p><strong>Kontakt z nauczycielem (email: <a href=\"mailto:i_modrzew@wp.pl\">i_modrzew@wp.pl<\/a>, Skype, Messenger)<\/strong><\/p>\n<hr \/>\n<h2 style=\"text-align: center;\"><strong><span style=\"color: #000080;\">WTOREK<\/span><\/strong><\/h2>\n<hr \/>\n<p><span style=\"text-decoration: underline;\"><em><strong><span style=\"color: #ff0000; text-decoration: underline;\">MATEMATYKA<\/span><\/strong><\/em><\/span><\/p>\n<p style=\"text-align: justify;\"><strong>Lekcja za po\u015brednictwem Messengera godz. 9.00<\/strong><br \/>\n<strong><em>Temat: <span style=\"text-decoration: underline;\">Powt\u00f3rzenie wiadomo\u015bci z dzia\u0142u \u201eR\u00f3wnania\u201d.<\/span> (zapisz w zeszycie).<\/em><\/strong><br \/>\n<em>Cel: Na tej lekcji powt\u00f3rzysz wiadomo\u015bci dotycz\u0105ce: sprawdzania kt\u00f3ra liczba spe\u0142nia r\u00f3wnanie, rozwi\u0105zywania r\u00f3wna\u0144, zapisywania r\u00f3wna\u0144 odpowiadaj\u0105cych tre\u015bci zadania, przekszta\u0142cania wzor\u00f3w.<\/em><\/p>\n<p style=\"text-align: justify;\">1.Wsp\u00f3lnie rozwi\u0105\u017cemy Zad. 1, 3, 4, 7, 8 str. 255 podr\u0119cznik.<br \/>\n2. Praca domowa \u0106w. 1-8 str. 94 Zeszyt \u0106wicze\u0144. (Prosz\u0119 przes\u0142a\u0107 zdj\u0119cia rozwi\u0105zanych zada\u0144 na adres edypawlik@gmail.com albo na Messengera).<br \/>\n3. Sprawd\u017a swoje umiej\u0119tno\u015bci na learningapps.<\/p>\n<p>W razie jakichkolwiek problem\u00f3w prosz\u0119 o kontakt: <a href=\"mailto:edypawlik@gmail.com\">edypawlik@gmail.com<\/a>, lub przez Messenger.<\/p>\n<p><span style=\"text-decoration: underline;\"><em><strong><span style=\"color: #ff0000; text-decoration: underline;\">BIOLOGIA<\/span><\/strong><\/em><\/span><\/p>\n<p><em><strong>Temat: <span style=\"text-decoration: underline;\">Ucho-narz\u0105d s\u0142uchu i r\u00f3wnowagi.<\/span><\/strong> <\/em><br \/>\n<em>Celem lekcji jest zapoznanie si\u0119 z budow\u0105 ucha.<\/em><\/p>\n<p style=\"text-align: justify;\">Na podstawie tekstu ze str.200-201 wymie\u0144 elementy budowy ucha.Wykonaj to zadanie w postaci tabeli. (wy\u015blij jak wcze\u015bniej)<\/p>\n<p>Kontakt na e-mail: <a href=\"mailto:annafarmas21@gmail.com\">annafarmas21@gmail.com<\/a><\/p>\n<p><span style=\"text-decoration: underline;\"><em><strong><span style=\"color: #ff0000; text-decoration: underline;\">GEOGRAFIA<\/span><\/strong><\/em><\/span><\/p>\n<p><strong>Lekcja on-line w czwartek o godzinie 10:30<\/strong><\/p>\n<p><strong><em>Temat: <span style=\"text-decoration: underline;\">Sprawdzian wiadomo\u015bci i umiej\u0119tno\u015bci z dzia\u0142u \u201eRolnictwo i przemys\u0142 Polski\u201d.<\/span><\/em><\/strong><\/p>\n<p style=\"text-align: justify;\"><em>Cele lekcji: Badanie stopnia opanowania tre\u015bci nauczania uj\u0119tych w podstawie programowej.<\/em><\/p>\n<p style=\"text-align: justify;\">Prosz\u0119 przygotowa\u0107 si\u0119 do ustnego sprawdzianu z zakresu materia\u0142u z podr\u0119cznika ze stron 124-144. POWODZENIA!<\/p>\n<p style=\"text-align: justify;\">Praca domowa: Prosz\u0119 wykona\u0107 podsumowanie wiadomo\u015bci z przes\u0142anych kart pracy do dnia 06 kwietnia.<\/p>\n<p style=\"text-align: justify;\">Zach\u0119cam do kontaktu przez grup\u0119 na Messengerze i mail <a href=\"mailto:paniwiosna606@wp.pl\">paniwiosna606@wp.pl<\/a><\/p>\n<p><span style=\"text-decoration: underline;\"><em><strong><span style=\"color: #ff0000; text-decoration: underline;\">J\u0118ZYK POLSKI<\/span><\/strong><\/em><\/span><\/p>\n<p><strong>Lekcja on-line na Messengerze. Przygotuj podr\u0119cznik, zeszyt i d\u0142ugopis. Zadbaj o wygodne miejsce do pracy.<\/strong><br \/>\n<strong>Godzina 13:00<\/strong><\/p>\n<p><em><strong>Temat: <span style=\"text-decoration: underline;\">Zdanie z\u0142o\u017cone &#8211; powt\u00f3rzenie wiadomo\u015bci.<\/span><\/strong><\/em><\/p>\n<p style=\"text-align: justify;\"><em>Cele lekcji:<\/em><br \/>\n<em>&#8211; powt\u00f3rzysz budow\u0119 sk\u0142adniow\u0105 zdania z\u0142o\u017conego ,<\/em><br \/>\n<em>&#8211; nauczysz si\u0119 rozr\u00f3\u017cnia\u0107 zdania z\u0142o\u017cone wsp\u00f3\u0142rz\u0119dnie i podrz\u0119dnie.<\/em><\/p>\n<p style=\"text-align: justify;\">Na lekcji przypomnicie sobie wiadomo\u015bci o budowie zda\u0144 z\u0142o\u017conych ze strony 192.<br \/>\nWsp\u00f3lnie wykonamy \u0107wiczenia 1,2,3 ze strony 193 podr\u0119cznika.<\/p>\n<p style=\"text-align: justify;\">W razie pyta\u0144 prosz\u0119 kontaktowa\u0107 si\u0119, pisz\u0105c na e-mail na <a href=\"mailto:m.willow@wp.pl\">m.willow@wp.pl<\/a> lub poprzez Messenger.<\/p>\n<p><span style=\"text-decoration: underline;\"><em><strong><span style=\"color: #ff0000; text-decoration: underline;\">WYCHOWANIE FIZYCZNE<\/span><\/strong><\/em><\/span><\/p>\n<p><span style=\"color: #000000;\"><em><b>Temat: <\/b><b><span style=\"text-decoration: underline;\">&#8222;Pi\u0142ka siatkowa &#8211; doskonalenie zbicia pi\u0142ki przez siatk\u0119&#8221;<\/span><\/b><span style=\"text-decoration: underline;\"><b>, zaliczen<\/b><b><\/b><\/span><\/em><\/span><b><span style=\"color: #000000;\"><em><span style=\"text-decoration: underline;\">ie.<\/span><\/em><\/span> \u0106wiczenie to b\u0119dzie podlega\u0107 ocenie (technika oraz poprawno\u015b\u0107 wykonania \u0107wiczenia). <\/b><\/p>\n<p><em>Cel &#8211; podporz\u0105dkowanie si\u0119 okre\u015blonym regu\u0142om dzia\u0142ania w zespole.\u00a0<\/em><\/p>\n<p><span class=\"highlight\"><span class=\"colour\"><span class=\"font\"><span class=\"size\">Zaj\u0119cia on-line messenger (video-rozmowa)<\/span><\/span><\/span><\/span>.<\/p>\n<p><span style=\"text-decoration: underline;\"><em><strong><span style=\"color: #ff0000; text-decoration: underline;\">J\u0118ZYK ANGIELSKI<\/span><\/strong><\/em><\/span><\/p>\n<p><strong>Lekcja on-line na Messengerze. Przygotuj podr\u0119cznik , zeszyt i d\u0142ugopis. Zadbaj o wygodne miejsce do pracy.<\/strong><br \/>\n<strong>Widzimy si\u0119 o godzinie 10:00<\/strong><\/p>\n<p><strong><em>Temat: <span style=\"text-decoration: underline;\">Powt\u00f3rzenie wiadomo\u015bci z rozdzia\u0142u 5 \u2013 s\u0142ownictwo.<\/span><\/em><\/strong><br \/>\n<em>Cele lekcji:<\/em><br \/>\n<em>&#8211; powt\u00f3rzysz s\u0142ownictwo i wyra\u017cenia zwi\u0105zane z domem oraz obowi\u0105zkami domowymi,<\/em><br \/>\n<em>&#8211; udoskonalisz umiej\u0119tno\u015b\u0107 czytania.<\/em><\/p>\n<p>Wsp\u00f3lnie b\u0119dziemy wykonywali \u0107wiczenia ze strony 66 w \u0107wiczeni\u00f3wce.<\/p>\n<p>W razie pyta\u0144 prosz\u0119 kontaktowa\u0107 si\u0119, pisz\u0105c na e-mail na <a href=\"mailto:m.willow@wp.pl\">m.willow@wp.pl<\/a> lub poprzez Messenger.<\/p>\n<p><span style=\"text-decoration: underline;\"><em><strong><span style=\"color: #ff0000; text-decoration: underline;\">J\u0118ZYK NIEMIECKI<\/span><\/strong><\/em><\/span><\/p>\n<p><strong><em>Temat: <span style=\"text-decoration: underline;\">Sk\u0105d pochodzi zaj\u0105czek wielkanocny?<\/span><\/em><\/strong><br \/>\n<em>Cel- uczniowie poznaj\u0105 s\u0142ownictwo oraz zwyczaje zwi\u0105zane ze \u015awi\u0119tami Wielkanocnymi<\/em><\/p>\n<p>1. Zapoznanie si\u0119 ze s\u0142ownictwem.<br \/>\n2. Praca z tekstem o Wielkanocy.<\/p>\n<p><strong>Praca domowa<\/strong><br \/>\n1. Odpowiedz na pytania do tekstu.<br \/>\n2. Uzupe\u0142nij kart\u0119 pracy (podanymi wyrazami).<\/p>\n<p><strong>Lekcja zdalna godzina 13.30<\/strong><\/p>\n<hr \/>\n<h2 style=\"text-align: center;\"><strong><span style=\"color: #000080;\">\u015aRODA<\/span><\/strong><\/h2>\n<hr \/>\n<p><span style=\"text-decoration: underline;\"><strong><em><span style=\"color: #ff0000; text-decoration: underline;\">CHEMIA<\/span><\/em><\/strong><\/span><\/p>\n<p><span style=\"text-decoration: underline;\"><strong><em>Temat lekcji: St\u0119\u017cenie procentowe roztworu- zadania.<\/em><\/strong><\/span><br \/>\n<em>Cele lekcji: Ucze\u0144 wykonuje obliczenia st\u0119\u017cenie procentowe roztworu z wykorzystaniem wzoru oraz proporcji.<\/em><\/p>\n<p>Rozwi\u0105\u017c kart\u0119 pracy st\u0119\u017cenie procentowe roztworu (wybierz jedn\u0105 z grup A lub B, rozwi\u0105\u017c zadania i wy\u015blij na mojego maila <a href=\"mailto:malgorzata-cedro@wp.pl\">malgorzata-cedro@wp.pl<\/a>)<\/p>\n<p><span style=\"text-decoration: underline;\"><em><strong><span style=\"color: #ff0000; text-decoration: underline;\">BIOLOGIA<\/span><\/strong><\/em><\/span><\/p>\n<p><strong><em>Temat: <span style=\"text-decoration: underline;\">Funkcjonowanie ucha.<\/span> <\/em><\/strong><\/p>\n<p><em>Celem lekcji jest zapoznanie z mechanizmem funkcjonowania ucha jako narz\u0105du s\u0142uchu i r\u00f3wnowagi.<\/em><\/p>\n<p style=\"text-align: justify;\">Na podstawie tekstu ze str.201 przedstaw w punktach kolejno\u015b\u0107 przebiegu bod\u017aca s\u0142uchowego (informacja w punkcie&#8221;Odbieranie d\u017awi\u0119k\u00f3w&#8221;).<\/p>\n<p style=\"text-align: justify;\">Na podstawie tekstu ze str.202 zapoznaj si\u0119 z mechanizmem funkcjonowania ucha jako narz\u0105du r\u00f3wnowagi.<\/p>\n<p>Kontakt na e-mail: <a href=\"mailto:annafarmas21@gmail.com\">annafarmas21@gmail.com<\/a><\/p>\n<p><span style=\"text-decoration: underline;\"><em><strong><span style=\"color: #ff0000; text-decoration: underline;\">MATEMATYKA <\/span><\/strong><\/em><\/span><\/p>\n<p style=\"text-align: justify;\"><strong><em>Temat: <span style=\"text-decoration: underline;\">Praca klasowa z dzia\u0142u \u201eR\u00f3wnania\u201d.<\/span>(zapisz w zeszycie).<\/em><\/strong><br \/>\n<em>Cel: Na tej lekcji poprzez prac\u0119 klasow\u0105 sprawdzisz stopie\u0144 opanowania tre\u015bci uj\u0119tych w podstawie programowej.<\/em><br \/>\n<strong>Lekcja za po\u015brednictwem Skype o godz. 11.30<\/strong><\/p>\n<p style=\"text-align: justify;\">1. Zadania z pracy klasowej otrzymacie na grupowego Messengera na pocz\u0105tku lekcji, po rozwi\u0105zaniu zada\u0144 zdj\u0119cie napisanej pracy klasowej przesy\u0142acie na adres edypawlik@gmail.com lub na Messengera.<br \/>\n2. Sprawd\u017a swoje umiej\u0119tno\u015bci na learningapps.<\/p>\n<p>W razie jakichkolwiek problem\u00f3w prosz\u0119 o kontakt: edypawlik@gmail.com, lub przez Messenger.<\/p>\n<p><span style=\"text-decoration: underline;\"><em><strong><span style=\"color: #ff0000; text-decoration: underline;\">FIZYKA<\/span><\/strong><\/em><\/span><\/p>\n<p style=\"text-align: justify;\"><span style=\"text-decoration: underline;\"><em><strong><span style=\"color: #ff0000; text-decoration: underline;\">WYCHOWANIE FIZYCZNE <\/span><\/strong><\/em><\/span><\/p>\n<p style=\"text-align: justify;\"><em><b>Temat: <span style=\"text-decoration: underline;\">&#8222;Om\u00f3wienie zasad gry oraz regulaminu w pi\u0142ce r\u0119cznej&#8221;<\/span>. <\/b><\/em><\/p>\n<p style=\"text-align: justify;\"><em><b>Znajomo\u015b\u0107 wiedzy z tego tematu b\u0119dzie podlega\u0107 ocenie. Cel &#8211; znajomo\u015b\u0107 zasad gry w poszczeg\u00f3lnych dyscyplinach sportowych.\u00a0<\/b><\/em><\/p>\n<p><span class=\"highlight\"><span class=\"colour\"><span class=\"font\"><span class=\"size\">Zaj\u0119cia on-line messenger (video-rozmowa).<\/span><\/span><\/span><\/span><\/p>\n<p><span style=\"text-decoration: underline;\"><em><strong><span style=\"color: #ff0000; text-decoration: underline;\">J\u0118ZYK POLSKI<\/span><\/strong><\/em><\/span><\/p>\n<p><strong>Lekcja on-line na Messengerze. Przygotuj podr\u0119cznik, \u0107wiczeni\u00f3wk\u0119, zeszyt i d\u0142ugopis. Zadbaj o wygodne miejsce do pracy.<\/strong><br \/>\n<strong>Godzina 13:00<\/strong><\/p>\n<p><em><strong>Temat: <span style=\"text-decoration: underline;\">Wykres sk\u0142adniowy zdania z\u0142o\u017conego.<\/span><\/strong><\/em><br \/>\n<em>Cele lekcji:<\/em><br \/>\n<em>&#8211; nauczysz si\u0119 tworzy\u0107 wykres sk\u0142adniowy zdania z\u0142o\u017conego wsp\u00f3\u0142rz\u0119dnie i podrz\u0119dnie,<\/em><br \/>\n<em>&#8211; b\u0119dziesz uk\u0142ada\u0107 zdania z\u0142o\u017cone wsp\u00f3\u0142rz\u0119dnie i podrz\u0119dnie.<\/em><\/p>\n<p>Zapoznasz si\u0119 z informacjami dotycz\u0105cymi tworzenia wykres\u00f3w zda\u0144 z\u0142o\u017conych, nast\u0119pnie wsp\u00f3lnie wykonamy \u0107wiczenia 4 ze strony 194 podr\u0119cznika oraz \u0107wiczenie 3,4 ze strony 32 i \u0107wiczenie 8 ze strony 34 \u0107wiczeni\u00f3wki.<\/p>\n<p>W razie pyta\u0144 prosz\u0119 kontaktowa\u0107 si\u0119, pisz\u0105c na e-mail na <a href=\"mailto:m.willow@wp.pl\">m.willow@wp.pl<\/a> lub poprzez Messenger.<\/p>\n<p><span style=\"text-decoration: underline;\"><em><strong><span style=\"color: #ff0000; text-decoration: underline;\">DORADZTWO ZAWODOWE<\/span><\/strong><\/em><\/span><\/p>\n<p style=\"text-align: justify;\"><strong><em>Temat: <span style=\"text-decoration: underline;\">Czym si\u0119 kierowa\u0107 w wyborze zawodu i przy wyborze szko\u0142y?<\/span><\/em><\/strong><br \/>\n<em>Cel: Dowiesz si\u0119 czym kierowa\u0107 si\u0119 przy wyborze szko\u0142y i zawodu. Na jakie pytania m. in. trzeba sobie odpowiedzie\u0107 wybieraj\u0105c szko\u0142\u0119 i zaw\u00f3d.<\/em><\/p>\n<p style=\"text-align: justify;\">1. Obejrzyj prezentacj\u0119:<br \/>\n<a href=\"https:\/\/drive.google.com\/file\/d\/1VhUatD-8sxJiftEselHMakgwvLqXA6tm\/view?usp=sharing\">https:\/\/drive.google.com\/file\/d\/1VhUatD-8sxJiftEselHMakgwvLqXA6tm\/view?usp=sharing<\/a><br \/>\n2. Odpowiedz na pytania zamieszczone na ko\u0144cu prezentacji.<br \/>\nW razie jakichkolwiek pyta\u0144 prosz\u0119 o kontakt: <a href=\"mailto:edypawlik@gmail.com\">edypawlik@gmail.com<\/a>, lub przez Messenger.<\/p>\n<p><span style=\"text-decoration: underline;\"><em><strong><span style=\"color: #ff0000; text-decoration: underline;\">RELIGIA<\/span><\/strong><\/em><\/span><\/p>\n<p><strong><em>Temat 60 \u2013 <span style=\"text-decoration: underline;\">Wielkanoc \u2013 szatan pokonany.<\/span><\/em><\/strong><br \/>\n<em>Cele:<\/em><br \/>\n<em>&#8211; Poznasz znaczenie zmartwychwstania Jezusa oraz znak\u00f3w i symboli liturgii paschalnej.<\/em><br \/>\n<em>&#8211; Dowiesz si\u0119 na czym polega chrze\u015bcija\u0144skie \u015bwi\u0119towanie Wielkanocy.<\/em><\/p>\n<p style=\"text-align: justify;\">Zadanie: Przeczytaj temat z podr\u0119cznika i wpisz go do zeszytu. Na podstawie fragmentu Ewangelii odpowiedz na pytania:<br \/>\n1. Jak\u0105 prawd\u0119 poznajemy z przeczytanego fragmentu?<br \/>\n2. Jakie znaczenie ma dla nas zmartwychwstanie Jezusa?<br \/>\n3. Co to znaczy \u015bwi\u0119towa\u0107 Wielkanoc\/ ( tekst ze str. 195)<br \/>\nPrace prosz\u0119 przes\u0142a\u0107 na maila: <a href=\"mailto:biedor@op.pl\">biedor@op.pl<\/a><\/p>\n","protected":false},"excerpt":{"rendered":"<p>PONIEDZIA\u0141EK CHEMIA Temat lekcji: St\u0119\u017cenie procentowe roztworu. Cele lekcji: Ucze\u0144 poznaje poj\u0119cie st\u0119\u017cenia procentowego roztworu; oblicza st\u0119\u017cenia procentowe roztworu z wykorzystaniem wzoru. Temat opracuj zgodnie z punktami: 1.Co to jest st\u0119\u017cenie procentowe roztwory? 2. Jak obliczamy st\u0119\u017cenie procentowe roztworu (wz\u00f3r &hellip; <a href=\"http:\/\/spmlodzawy.pl\/index.php\/zadania-dla-klasy-vii-6-10-kwietnia\/\">Czytaj dalej <span class=\"meta-nav\">&rarr;<\/span><\/a><\/p>\n","protected":false},"author":1,"featured_media":0,"parent":0,"menu_order":0,"comment_status":"closed","ping_status":"closed","template":"","meta":[],"_links":{"self":[{"href":"http:\/\/spmlodzawy.pl\/index.php\/wp-json\/wp\/v2\/pages\/21043"}],"collection":[{"href":"http:\/\/spmlodzawy.pl\/index.php\/wp-json\/wp\/v2\/pages"}],"about":[{"href":"http:\/\/spmlodzawy.pl\/index.php\/wp-json\/wp\/v2\/types\/page"}],"author":[{"embeddable":true,"href":"http:\/\/spmlodzawy.pl\/index.php\/wp-json\/wp\/v2\/users\/1"}],"replies":[{"embeddable":true,"href":"http:\/\/spmlodzawy.pl\/index.php\/wp-json\/wp\/v2\/comments?post=21043"}],"version-history":[{"count":23,"href":"http:\/\/spmlodzawy.pl\/index.php\/wp-json\/wp\/v2\/pages\/21043\/revisions"}],"predecessor-version":[{"id":21347,"href":"http:\/\/spmlodzawy.pl\/index.php\/wp-json\/wp\/v2\/pages\/21043\/revisions\/21347"}],"wp:attachment":[{"href":"http:\/\/spmlodzawy.pl\/index.php\/wp-json\/wp\/v2\/media?parent=21043"}],"curies":[{"name":"wp","href":"https:\/\/api.w.org\/{rel}","templated":true}]}}