{"id":21046,"date":"2020-03-27T16:43:41","date_gmt":"2020-03-27T15:43:41","guid":{"rendered":"http:\/\/spmlodzawy.pl\/?page_id=21046"},"modified":"2020-04-07T08:20:38","modified_gmt":"2020-04-07T06:20:38","slug":"zadania-dla-klasy-viii-6-10-kwietnia","status":"publish","type":"page","link":"http:\/\/spmlodzawy.pl\/index.php\/zadania-dla-klasy-viii-6-10-kwietnia\/","title":{"rendered":"ZADANIA DLA KLASY VIII (6-8 KWIETNIA)"},"content":{"rendered":"<h2 style=\"text-align: center;\"><strong><span style=\"color: #000080;\">PONIEDZIA\u0141EK<\/span><\/strong><\/h2>\n<hr \/>\n<p><span style=\"text-decoration: underline;\"><strong><em><span style=\"color: #ff0000; text-decoration: underline;\">HISTORIA<\/span><\/em><\/strong><\/span><\/p>\n<p><strong><em>Temat: <span style=\"text-decoration: underline;\">Rozpad bloku wschodniego.<\/span><\/em><\/strong><br \/>\n<em>Cel lekcji: poznajemy proces rozpadu ZSRS oraz zmiany sytuacji mi\u0119dzynarodowej w latach 80-tych XX wieku.<\/em><\/p>\n<p>Wykonaj w zeszycie z podr\u0119cznika \u0107wiczenie 3 str. 225.<\/p>\n<p style=\"text-align: justify;\"><em><strong>Dotyczy historii i wos-u:wykonaj zdj\u0119cie zeszytu z zawarto\u015bci\u0105 wykonanych zada\u0144 i \u0107wicze\u0144 np. telefonem kom\u00f3rkowym i prze\u015blij na adres mailowy: <\/strong><a href=\"mailto:sopris2000@interia.pl\">sopris2000@interia.pl<\/a><strong> Zadane \u0107wiczenia b\u0119d\u0105 podlega\u0107 ocenie.<\/strong><\/em><\/p>\n<p><span style=\"text-decoration: underline;\"><strong><em><span style=\"color: #ff0000; text-decoration: underline;\">CHEMIA<\/span><\/em><\/strong><\/span><\/p>\n<p style=\"text-align: justify;\"><span style=\"text-decoration: underline;\"><strong><em>Temat lekcji: Por\u00f3wnanie w\u0142a\u015bciwo\u015bci alkoholi.<\/em><\/strong><\/span><br \/>\n<em>Cele lekcji: Ucze\u0144 omawia zmiany w\u0142a\u015bciwo\u015bci alkoholi w zale\u017cno\u015bci od d\u0142ugo\u015bci \u0142a\u0144cucha w\u0119glowego; zapisuje r\u00f3wnania reakcji spalania alkoholi.<\/em><\/p>\n<p style=\"text-align: justify;\">Temat opracuj zgodnie z punktami:<br \/>\n1. Zale\u017cno\u015b\u0107 mi\u0119dzy w\u0142a\u015bciwo\u015bciami alkoholi a liczb\u0105 atom\u00f3w w\u0119gla w cz\u0105steczce alkoholu.<br \/>\n2. Reakcje spalania alkoholi(pisanie r\u00f3wna\u0144 reakcji).<\/p>\n<p style=\"text-align: justify;\">Rozwi\u0105\u017c do\u0142\u0105czon\u0105 kart\u0119 pracy(wybierz jedn\u0105 z grup A lub B, rozwi\u0105\u017c zadania i wy\u015blij na mojego maila <a href=\"mailto:malgorzata-cedro@wp.pl\">malgorzata-cedro@wp.pl<\/a>).<\/p>\n<p><span style=\"text-decoration: underline;\"><strong><em><span style=\"color: #ff0000; text-decoration: underline;\">RELIGIA<\/span><\/em><\/strong><\/span><\/p>\n<p style=\"text-align: justify;\"><strong><em>Temat 37 \u2013 <span style=\"text-decoration: underline;\">Chrystianizacja Europy.<\/span><\/em><\/strong><br \/>\n<em> Cele:<\/em><br \/>\n<em>&#8211; Poznasz kolejno\u015b\u0107 chrystianizacji poszczeg\u00f3lnych lud\u00f3w i terytori\u00f3w Europy oraz misjonarzy nios\u0105cych Ewangeli\u0119.<\/em><br \/>\n<em>&#8211; Ukszta\u0142tujesz przekonanie o potrzebie obrony warto\u015bci chrze\u015bcija\u0144skich, na kt\u00f3rych zbudowana jest europejska cywilizacja.<\/em><\/p>\n<p style=\"text-align: justify;\">Zadanie: Przeczytaj temat z podr\u0119cznika i wpisz go do zeszytu. Napisz w punktach zarys przyjmowania chrztu przez poszczeg\u00f3lne ludy i terytoria Europy.<br \/>\nOdpowiedz w zeszycie na pytanie: Jakie zagro\u017cenia niesie \u017cycie bez Boga?<\/p>\n<p>Zadanie dla Oli: Narysuj w zeszycie krzy\u017c.<br \/>\nPrace prosz\u0119 przes\u0142a\u0107 na maila:<a href=\"mailto:biedor@op.pl\"> biedor@op.pl <\/a>\u2013 zaleg\u0142e te\u017c!<\/p>\n<p><span style=\"text-decoration: underline;\"><strong><em><span style=\"color: #ff0000; text-decoration: underline;\">MATEMATYKA<\/span><\/em><\/strong><\/span><\/p>\n<p style=\"text-align: justify;\"><strong>Lekcja on-line na Messengerze godz. 10.00<\/strong><br \/>\n<em><strong>Temat: <span style=\"text-decoration: underline;\">R\u00f3wnania i proporcjonalno\u015b\u0107 prosta &#8211; powt\u00f3rzenie.<\/span> (zapisz w zeszycie)<\/strong><\/em><br \/>\n<em>Cele: Na tej lekcji udoskonalisz umiej\u0119tno\u015b\u0107 rozwi\u0105zywania r\u00f3wna\u0144, uk\u0142adania i rozwi\u0105zywania r\u00f3wna\u0144 do tre\u015bci zadania, <\/em><\/p>\n<p style=\"text-align: justify;\">1. Wsp\u00f3lnie wykonamy Zad. 1-9 str. 241, 242 podr\u0119cznik.<br \/>\n2. Praca domowa Zad. 10, 11 str. 242, 243 podr\u0119cznik (zdj\u0119cia rozwi\u0105zanych zada\u0144 prze\u015blij na Messengera lub maila edypawlik@gmail.com )<br \/>\nDla sprawdzenia swojej wiedzy wykonaj zadania na learningapps.<\/p>\n<p>W razie jakichkolwiek problem\u00f3w prosz\u0119 o kontakt: <a href=\"mailto:edypawlik@gmail.com\">edypawlik@gmail.com<\/a>, lub przez Messenger.<\/p>\n<p><span style=\"text-decoration: underline;\"><strong><em><span style=\"color: #ff0000; text-decoration: underline;\">FIZYKA<\/span><\/em><\/strong><\/span><\/p>\n<p><strong><em>Temat: <span style=\"text-decoration: underline;\">Sprawdzian wiadomo\u015bci z dzia\u0142u &#8222;Drgania i fale&#8221;<\/span><\/em><\/strong><\/p>\n<p><em>Cel:<\/em><br \/>\n<em>&#8211; utrwalenie sprawdzenie poziomu opanowania wiedzy z dzia\u0142u &#8222;Drgania i fale&#8221;<\/em><\/p>\n<p><strong>Lekcja online. Polecenia na \u017cywo.<\/strong><\/p>\n<p><span style=\"text-decoration: underline;\"><strong><em><span style=\"color: #ff0000; text-decoration: underline;\">WOS<\/span><\/em><\/strong><\/span><\/p>\n<p><strong><em>Temat: <span style=\"text-decoration: underline;\">Organizacje mi\u0119dzynarodowe.<\/span><\/em><\/strong><br \/>\n<em>Cel lekcji: poznajemy organizacje mi\u0119dzynarodowe (ONZ i NATO) oraz ich zadania i kompetencje.<\/em><\/p>\n<p>Wykonaj w zeszycie z podr\u0119cznika \u0107wiczenie 2,3,6 str. 172-173.<\/p>\n<p style=\"text-align: justify;\"><em><strong>Dotyczy historii i wos-u:wykonaj zdj\u0119cie zeszytu z zawarto\u015bci\u0105 wykonanych zada\u0144 i \u0107wicze\u0144 np. telefonem kom\u00f3rkowym i prze\u015blij na adres mailowy: <\/strong><a href=\"mailto:sopris2000@interia.pl\">sopris2000@interia.pl<\/a><strong> Zadane \u0107wiczenia b\u0119d\u0105 podlega\u0107 ocenie.<\/strong><\/em><\/p>\n<p><span style=\"text-decoration: underline;\"><strong><em><span style=\"color: #ff0000; text-decoration: underline;\">EDB<\/span><\/em><\/strong><\/span><\/p>\n<p><em><strong>Temat: <span style=\"text-decoration: underline;\">Pierwsza pomoc przy utracie przytomno\u015bci.<\/span><\/strong><\/em><br \/>\n<a href=\"https:\/\/www.youtube.com\/watch?v=IzUxodZkVz8\">https:\/\/www.youtube.com\/watch?v=IzUxodZkVz8<\/a><\/p>\n<hr \/>\n<h2 style=\"text-align: center;\"><strong><span style=\"color: #000080;\">WTOREK<\/span><\/strong><em><strong><br \/>\n<\/strong><\/em><\/h2>\n<hr \/>\n<p><span style=\"text-decoration: underline;\"><strong><em><span style=\"color: #ff0000; text-decoration: underline;\">BIOLOGIA<\/span><\/em><\/strong><\/span><\/p>\n<p style=\"text-align: justify;\"><strong><em>Temat:<span style=\"text-decoration: underline;\">Czym jest ekosystem?<\/span><\/em><\/strong><br \/>\n<em>Celem lekcji jest zapoznanie si\u0119 z poj\u0119ciem, struktur\u0105, rodzajami i funkcjonowaniem ekosystemu.<\/em><\/p>\n<p style=\"text-align: justify;\">Na podstawie tekstu z podr\u0119cznika(str.116-120)odpowiedz na pytania:<br \/>\n1.Podaj definicj\u0119 ekosystemu i przedstaw w postaci grafu z jakich element\u00f3w si\u0119 sk\u0142ada. 2.Jak dzielimy ekosystemy? (przyk\u0142ady)<br \/>\n3.Do czego wykorzystujemy ekosystemy?(podaj w punktach).<br \/>\n4.Wyja\u015bnij poj\u0119cie sukcesji ekologicznej.<\/p>\n<p style=\"text-align: justify;\">Narysuj graf przedstawiaj\u0105cy podzia\u0142 sukcesji i podaj przyk\u0142ady. Notatk\u0119 wykonaj w zeszycie oraz wy\u015blij na maila.<\/p>\n<p>Kontakt na e-mail: <a href=\"mailto:annafarmas21@gmail.com\">annafarmas21@gmail.com<\/a><\/p>\n<p><span style=\"text-decoration: underline;\"><strong><em><span style=\"color: #ff0000; text-decoration: underline;\">MATEMATYKA<\/span><\/em><\/strong><\/span><\/p>\n<p style=\"text-align: justify;\"><strong>Lekcja on-line na Messengerze godz. 10.00 <\/strong><br \/>\n<strong><em>Temat: <span style=\"text-decoration: underline;\">Figury p\u0142askie \u2013 \u0107wiczenia.<\/span> (zapisz w zeszycie)<\/em><\/strong><br \/>\n<em>Cel: na tej lekcji utrwalisz wiadomo\u015bci dotycz\u0105ce figur p\u0142askich: obliczanie p\u00f3l, wyznaczania poszczeg\u00f3lnych bok\u00f3w figur.<\/em><\/p>\n<p style=\"text-align: justify;\">1. Wsp\u00f3lnie wykonamy Zad. 1-9 str. 245, 246 podr\u0119cznik.<br \/>\n2. Praca domowa zad. 11, 12 str. 247 podr\u0119cznik (zdj\u0119cia rozwi\u0105zanych zada\u0144 prze\u015blij na Messengera lub maila edypawlik@gmail.com )<br \/>\nDla sprawdzenia swojej wiedzy wykonaj zadania na learningapps.<\/p>\n<p style=\"text-align: justify;\">W razie jakichkolwiek problem\u00f3w prosz\u0119 o kontakt: <a href=\"mailto:edypawlik@gmail.com\">edypawlik@gmail.com<\/a>, lub przez Messenger.<\/p>\n<p><span style=\"text-decoration: underline;\"><strong><em><span style=\"color: #ff0000; text-decoration: underline;\">J\u0118ZYK ANGIELSKI<\/span><\/em><\/strong><\/span><\/p>\n<p><strong>Lekcja on-line na Messengerze. Przygotuj podr\u0119cznik, zeszyt i d\u0142ugopis. Zadbaj o wygodne miejsce do pracy.<\/strong><br \/>\n<strong>Godzina 12:00<\/strong><\/p>\n<p><em><strong>Temat: <span style=\"text-decoration: underline;\">Kolokacje i wyra\u017cenia przyimkowe zwi\u0105zane z \u017cyciem rodzinnym oraz odczuciami.<\/span><\/strong><\/em><\/p>\n<p style=\"text-align: justify;\"><em>Cel lekcji:<\/em><br \/>\n<em>&#8211; poznasz nowe wyra\u017cenia przyimkowe zwi\u0105zane z \u017cyciem rodzinnym i odczuciami, nauczysz si\u0119 u\u017cywa\u0107 ich w zdaniach<\/em><\/p>\n<p style=\"text-align: justify;\">Na pocz\u0105tku lekcji zapiszecie w zeszycie kolokacje oraz wyra\u017cenia przyimkowe zwi\u0105zane z \u017cyciem rodzinnym oraz odczuciami. Nast\u0119pnie wykonamy wsp\u00f3lnie \u0107wiczenia B i C na stronie 80 podr\u0119cznika. Ka\u017cdy u\u0142o\u017cy przynajmniej jedno zdanie z nowo poznanym wyra\u017ceniem.<\/p>\n<p style=\"text-align: justify;\">Praca domowa. Naucz si\u0119 poznanych dzi\u015b na lekcji wyra\u017ce\u0144.<\/p>\n<p style=\"text-align: justify;\">W razie pyta\u0144 prosz\u0119 kontaktowa\u0107 si\u0119, pisz\u0105c na e-mail na <a href=\"mailto:m.willow@wp.pl\">m.willow@wp.pl<\/a> lub poprzez Messenger.<\/p>\n<p><span style=\"text-decoration: underline;\"><strong><em><span style=\"color: #ff0000; text-decoration: underline;\">WYCHOWANIE FIZYCZNE<\/span><\/em><\/strong><\/span><\/p>\n<p style=\"text-align: justify;\"><b><em>Temat:<span style=\"text-decoration: underline;\"> &#8222;Pi\u0142ka siatkowa &#8211; doskonalenie zbicia pi\u0142ki przez siatk\u0119&#8221;, zaliczenie.<\/span> <\/em>\u0106wiczenie to b\u0119dzie podlega\u0107 ocenie (technika oraz poprawno\u015b\u0107 wykonania \u0107wiczenia). <\/b><\/p>\n<p style=\"text-align: justify;\"><em>Cel &#8211; podporz\u0105dkowanie si\u0119 okre\u015blonym regu\u0142om dzia\u0142ania w zespole.\u00a0<\/em><\/p>\n<p style=\"text-align: justify;\"><span class=\"highlight\"><span class=\"colour\"><span class=\"font\"><span class=\"size\">Zaj\u0119cia on-line messenger (video-rozmowa)<\/span><\/span><\/span><\/span>.<\/p>\n<p>\u00a0<span style=\"text-decoration: underline;\"><strong><em><span style=\"color: #ff0000; text-decoration: underline;\">J\u0118ZYK NIEMIECKI<\/span><\/em><\/strong><\/span><\/p>\n<p><strong>Temat: <span style=\"text-decoration: underline;\">Wielkanoc- \u015bwi\u0119ta z wieloma tradycjami.<\/span><\/strong><br \/>\n<em><strong>Ce l- uczniowie poznaj\u0105 s\u0142ownictwo oraz zwyczaje zwi\u0105zane ze \u015awi\u0119tami Wielkanocnymi<\/strong><\/em><\/p>\n<p>1.Zapoznaj si\u0119 z prezentacj\u0105 o Wielkanocy.<br \/>\n2. Wypisz do zeszytu wyrazy zwi\u0105zane z Wielkanoc\u0105 oraz podaj ich znaczenie.<\/p>\n<p><strong>Praca domowa<\/strong><br \/>\n1. Uzupe\u0142nij kart\u0119 pracy.<br \/>\n2. Wykonaj kartk\u0119 Wielkanocn\u0105 i zapisz \u017cyczenia.<\/p>\n<p><span style=\"text-decoration: underline;\"><strong><em><span style=\"color: #ff0000; text-decoration: underline;\">J\u0118ZYK POLSKI<\/span><\/em><\/strong><\/span><\/p>\n<p><strong><em>Temat:<span style=\"text-decoration: underline;\"> Szko\u0142a pod zaborami<\/span><\/em><\/strong><br \/>\n<em>Cel lekcji:<\/em><br \/>\n<em>&#8211; wyszukasz w tek\u015bcie potrzebne informacje,<\/em><br \/>\n<em>&#8211; udoskonalisz umiej\u0119tno\u015b\u0107 analizy tekstu literackiego.<\/em><\/p>\n<p>Wykonaj w zeszycie \u0107wiczenie 3 ze strony 152 podr\u0119cznika. \u0106wiczenie zostanie ocenione. Prosz\u0119 o przes\u0142anie zdj\u0119\u0107 wykonanej tabelki poprzez aplikacj\u0119 Messenger.<\/p>\n<p>W razie pyta\u0144 prosz\u0119 kontaktowa\u0107 si\u0119, pisz\u0105c na e-mail na <a href=\"mailto:m.willow@wp.pl\">m.willow@wp.pl<\/a> lub poprzez Messenger.<\/p>\n<hr \/>\n<h2 style=\"text-align: center;\"><strong><span style=\"color: #000080;\">\u015aRODA<\/span><\/strong><\/h2>\n<hr \/>\n<p><strong><em><span style=\"text-decoration: underline; color: #ff0000;\">RELIGIA<\/span><\/em><\/strong><\/p>\n<p style=\"text-align: justify;\"><strong><em>Temat 60 \u2013 <span style=\"text-decoration: underline;\">Wielkanoc -pusty gr\u00f3b<\/span><\/em><\/strong><br \/>\n<em>Cele:<\/em><br \/>\n<em>&#8211; Poznasz tekst biblijny o zmartwychwstaniu Jezusa oraz znaczenie tego faktu.<\/em><br \/>\n<em>&#8211; Dowiesz si\u0119 na czym polega chrze\u015bcija\u0144skie \u015bwi\u0119towanie Wielkanocy.<\/em><\/p>\n<p style=\"text-align: justify;\">Zadanie: Przeczytaj temat z ksi\u0105\u017cki i wpisz go do zeszytu. Opisz jeden ze zwyczaj\u00f3w wielkanocnych. W zeszycie doko\u0144cz modlitw\u0119:<br \/>\nBo\u017ce, Ty w dniu dzisiejszym przez Twojego Syna pokona\u0142e\u015b \u015bmier\u0107 i otworzy\u0142e\u015b nam bramy \u017cycia wiecznego, spraw\u2026<\/p>\n<p>Zadanie dla Oli: Narysuj lub wklej jeden ze symboli wielkanocnych.<br \/>\nPrace prosz\u0119 przes\u0142a\u0107 na maila: <a href=\"mailto:biedor@op.pl\">biedor@op.pl<\/a><\/p>\n<p><strong><em><span style=\"text-decoration: underline; color: #ff0000;\">CHEMIA<\/span><\/em><\/strong><\/p>\n<p style=\"text-align: justify;\"><em><strong><span style=\"text-decoration: underline;\">Temat lekcji: Szereg homologiczny kwas\u00f3w karboksylowych.<\/span><\/strong><\/em><br \/>\n<em>Cele lekcji: Ucze\u0144 poznaje poj\u0119cia kwasu karboksylowego i grupy karboksylowej; poznaje nazwy oraz wzory sumaryczne, strukturalne, grupowe kwas\u00f3w karboksylowych; poznaje kwasy zawieraj\u0105ce kilka grup karboksylowych- kwas szczawiowy, malonowy, bursztynowy.<\/em><\/p>\n<p style=\"text-align: justify;\">Temat opracuj zgodnie z punktami:<br \/>\n1. Co to s\u0105 kwasy karboksylowe?<br \/>\n2. Grupa karboksylowa(wz\u00f3r sumaryczny i strukturalny).<br \/>\n3. Szereg homologiczny kwas\u00f3w karboksylowych(wzory kwas\u00f3w i ich nazwy)- tabela 13 str.158.<br \/>\n4. Og\u00f3lny wz\u00f3r kwas\u00f3w karboksylowych.<br \/>\n5. Kwasy karboksylowe zawieraj\u0105ce kilka grup karboksylowych.<\/p>\n<p>Podczas pracy z tym tematem skorzystaj ze strony<a href=\"https:\/\/epodreczniki.pl\/a\/kwasy-karboksylowe---budowa\/DH3YxmeJx\"> https:\/\/epodreczniki.pl\/a\/kwasy-karboksylowe&#8212;budowa\/DH3YxmeJx<\/a><\/p>\n<p><strong><em><span style=\"text-decoration: underline; color: #ff0000;\">FIZYKA<\/span><\/em><\/strong><\/p>\n<p><strong><em><span style=\"text-decoration: underline; color: #ff0000;\">J\u0118ZYK POLSKI<\/span><\/em><\/strong><\/p>\n<p style=\"text-align: justify;\"><strong><em>Temat: <span style=\"text-decoration: underline;\">Dlaczego powie\u015b\u0107 Stefana \u017beromskiego nosi tytu\u0142 \u201eSyzyfowe prace\u201d?<\/span><\/em><\/strong><br \/>\n<em>&#8211; wyszukasz w tek\u015bcie potrzebne informacje,<\/em><br \/>\n<em>&#8211; udoskonalisz umiej\u0119tno\u015b\u0107 analizy tekstu literackiego,<\/em><br \/>\n<em>&#8211; udoskonalisz umiej\u0119tno\u015b\u0107 argumentowania,<\/em><br \/>\n<em>&#8211; wyja\u015bnisz znaczenie tytu\u0142u \u201eSyzyfowych prac\u201d.<\/em><\/p>\n<p style=\"text-align: justify;\">Przypomnij sobie mit o Syzyfie. Jak my\u015blisz, dlaczego Stefan \u017beromski zdecydowa\u0142 si\u0119 nada\u0107 swojej powie\u015bci tytu\u0142 \u201eSyzyfowe prace\u201d? Napisz na ten temat notatk\u0119 w zeszycie. Pami\u0119taj, by w swojej pracy odwo\u0142a\u0107 si\u0119 do tre\u015bci mitu.<\/p>\n<p style=\"text-align: justify;\">Zdj\u0119cie wykonanej pracy prze\u015blij za pomoc\u0105 aplikacji Messenger.<\/p>\n<p>W razie pyta\u0144 prosz\u0119 kontaktowa\u0107 si\u0119, pisz\u0105c na e-mail na <a href=\"mailto:m.willow@wp.pl\">m.willow@wp.pl<\/a> lub poprzez Messenger.<\/p>\n<p><strong><em><span style=\"text-decoration: underline; color: #ff0000;\">WYCHOWANIE FIZYCZNE<\/span><\/em><\/strong><\/p>\n<p><strong><em>Temat: <span style=\"text-decoration: underline;\">&#8222;Om\u00f3wienie zasad gry oraz regulaminu w pi\u0142ce r\u0119cznej&#8221;.<\/span> <\/em><\/strong><\/p>\n<p><strong><em>Znajomo\u015b\u0107 wiedzy z tego tematu b\u0119dzie podlega\u0107 ocenie. <\/em><\/strong><\/p>\n<p><em>Cel &#8211; znajomo\u015b\u0107 zasad gry w poszczeg\u00f3lnych dyscyplinach sportowych.\u00a0<\/em><\/p>\n<p><span class=\"highlight\"><span class=\"colour\"><span class=\"font\"><span class=\"size\">Zaj\u0119cia on-line messenger (video-rozmowa).<\/span><\/span><\/span><\/span><\/p>\n<p><strong><em><span style=\"text-decoration: underline; color: #ff0000;\">MATEMATYKA<\/span><\/em><\/strong><\/p>\n<p style=\"text-align: justify;\"><strong>Lekcja on-line na Messengerze godz. 14.00<\/strong><br \/>\n<strong><em>Temat: <span style=\"text-decoration: underline;\">K\u0105ty i figury p\u0142askie &#8211; \u0107wiczenia.<\/span> (zapisz w zeszycie).<\/em><\/strong><br \/>\n<em>Cel: Na tej lekcji powt\u00f3rzysz i uporz\u0105dkujesz wiadomo\u015bci zwi\u0105zane z k\u0105tami, przystawaniem figur oraz wielok\u0105tami foremnymi i ich k\u0105tami.<\/em><\/p>\n<p style=\"text-align: justify;\">1. Wsp\u00f3lnie rozwi\u0105\u017cemy Zad. 1-7 str. 249 podr\u0119cznik.<br \/>\n3. Dla sprawdzenia swojej wiedzy wykonaj zadania na learningapps.<\/p>\n<p style=\"text-align: justify;\">W razie jakichkolwiek problem\u00f3w prosz\u0119 o kontakt: <a href=\"mailto:edypawlik@gmail.com\">edypawlik@gmail.com<\/a>, lub przez Messenger.<\/p>\n","protected":false},"excerpt":{"rendered":"<p>PONIEDZIA\u0141EK HISTORIA Temat: Rozpad bloku wschodniego. Cel lekcji: poznajemy proces rozpadu ZSRS oraz zmiany sytuacji mi\u0119dzynarodowej w latach 80-tych XX wieku. Wykonaj w zeszycie z podr\u0119cznika \u0107wiczenie 3 str. 225. Dotyczy historii i wos-u:wykonaj zdj\u0119cie zeszytu z zawarto\u015bci\u0105 wykonanych zada\u0144 &hellip; <a href=\"http:\/\/spmlodzawy.pl\/index.php\/zadania-dla-klasy-viii-6-10-kwietnia\/\">Czytaj dalej <span class=\"meta-nav\">&rarr;<\/span><\/a><\/p>\n","protected":false},"author":1,"featured_media":0,"parent":0,"menu_order":0,"comment_status":"closed","ping_status":"closed","template":"","meta":[],"_links":{"self":[{"href":"http:\/\/spmlodzawy.pl\/index.php\/wp-json\/wp\/v2\/pages\/21046"}],"collection":[{"href":"http:\/\/spmlodzawy.pl\/index.php\/wp-json\/wp\/v2\/pages"}],"about":[{"href":"http:\/\/spmlodzawy.pl\/index.php\/wp-json\/wp\/v2\/types\/page"}],"author":[{"embeddable":true,"href":"http:\/\/spmlodzawy.pl\/index.php\/wp-json\/wp\/v2\/users\/1"}],"replies":[{"embeddable":true,"href":"http:\/\/spmlodzawy.pl\/index.php\/wp-json\/wp\/v2\/comments?post=21046"}],"version-history":[{"count":20,"href":"http:\/\/spmlodzawy.pl\/index.php\/wp-json\/wp\/v2\/pages\/21046\/revisions"}],"predecessor-version":[{"id":21349,"href":"http:\/\/spmlodzawy.pl\/index.php\/wp-json\/wp\/v2\/pages\/21046\/revisions\/21349"}],"wp:attachment":[{"href":"http:\/\/spmlodzawy.pl\/index.php\/wp-json\/wp\/v2\/media?parent=21046"}],"curies":[{"name":"wp","href":"https:\/\/api.w.org\/{rel}","templated":true}]}}