{"id":21049,"date":"2020-03-27T16:46:18","date_gmt":"2020-03-27T15:46:18","guid":{"rendered":"http:\/\/spmlodzawy.pl\/?page_id=21049"},"modified":"2020-04-07T09:13:08","modified_gmt":"2020-04-07T07:13:08","slug":"zadania-dla-klas-i-iii-6-10-kwietnia","status":"publish","type":"page","link":"http:\/\/spmlodzawy.pl\/index.php\/zadania-dla-klas-i-iii-6-10-kwietnia\/","title":{"rendered":"ZADANIA DLA KLAS I-III (6-8 KWIETNIA)"},"content":{"rendered":"<ul>\n<li>Zach\u0119camy Was do korzystania ze stron edukacyjnych, kt\u00f3re podali\u015bmy wcze\u015bniej.<\/li>\n<li style=\"text-align: justify;\">W tym tygodniu proponuj\u0119\u00a0 obejrzenie kr\u00f3tkiej prezentacji przedstawiaj\u0105cej polskie tradycje zwi\u0105zane ze \u015awi\u0119tami Wielkanocnymi <a href=\"https:\/\/www.youtube.com\/watch?v=r-to1UXYMUA\"><em><strong>&#8222;ZWYCZAJE WIELKANOCNE&#8221;<\/strong><\/em><em>.<\/em><\/a><\/li>\n<li style=\"text-align: justify;\">Pos\u0142uchajcie, a mo\u017ce nawet spr\u00f3bujcie nauczy\u0107 si\u0119 bardzo melodyjnej i nastrojowej piosenki <a href=\"https:\/\/www.youtube.com\/watch?v=geKeKKmHA3U\"><em><strong>\u201eS\u0104 TAKIE \u015aWI\u0118TA WIELKANOCNE\u201d.<\/strong><\/em><\/a><\/li>\n<li>Mo\u017cecie te\u017c poeksperymentowa\u0107 i stworzy\u0107 <a href=\"https:\/\/www.youtube.com\/watch?v=rjeG_CQLLmg\"><em><strong>&#8222;GUMOWE JAJO&#8221;.<\/strong><\/em><\/a><\/li>\n<li style=\"text-align: justify;\">Obejrzyjcie film <a href=\"https:\/\/www.youtube.com\/watch?v=LKyZtocE9u0&amp;list=PLmpOttHtLreuXkDx1nSSaDMDJCuSmjhZ6\"><em><strong>PANI NUTKA-<\/strong><\/em><em><strong>RYTM<\/strong><\/em><\/a>, dzi\u0119ki kt\u00f3remu w ciekawy i przyst\u0119pny spos\u00f3b zaprezentowane s\u0105\u00a0 zagadnienia zwi\u0105zane z warto\u015bciami rytmicznymi nut.<\/li>\n<li style=\"text-align: justify;\">Zapraszam Was r\u00f3wnie\u017c na zabawy ruchowe &#8211;\u00a0 <a href=\"https:\/\/www.youtube.com\/watch?v=NNq5aOwdM-g\"><strong><em>LEKCJA W-F W DOMU.<\/em><\/strong><\/a><\/li>\n<li style=\"text-align: justify;\">Proponuj\u0119 te\u017c stronk\u0119 <a href=\"https:\/\/view.genial.ly\/5c94f6f3e1906b76bf5ffe66\/interactive-content-wielkanoc?fbclid=IwAR03nZARfn44fN6fVvJXhq3k4qM9woW3Xr6By7v6mAJ9klZyee3G0mwhlAE\"><strong><em>\u201eWIELKANOC\u201d<\/em><\/strong><\/a>. Znajdziecie tam gry rozwijaj\u0105ce i utrwalaj\u0105ce Wasze wiadomo\u015bci i umiej\u0119tno\u015bci: memory, matematyk\u0119 z jajkiem, czytanie, puzzle i zagadki. S\u0105 te\u017c propozycje, jak w prosty spos\u00f3b wykona\u0107 kurczaka i kartk\u0119 wielkanocn\u0105. Na koniec zapraszam wszystkich w podr\u00f3\u017c po wystawie, podczas kt\u00f3rej szczeg\u00f3\u0142owo zapoznacie si\u0119 ze\u00a0 zwyczajami zwi\u0105zanych ze zbli\u017caj\u0105cymi si\u0119 \u015bwi\u0119tami.<\/li>\n<\/ul>\n<p style=\"text-align: justify;\"><em><strong>Bie\u017c\u0105ce zadania i \u0107wiczenia nauczyciele ustalaj\u0105 z rodzicami i uczniami przez Messengera, telefonicznie, b\u0105d\u017a na adres e-mail:<\/strong><\/em><\/p>\n<ul>\n<li><em>wychowawca klasy<\/em> <em>I e-mail<\/em>: <a href=\"mailto:tomcug@poczta.fm\"><em>tomcug@poczta.fm<\/em><\/a><\/li>\n<li><em>wychowawca klasy II e-mail: <a href=\"mailto:agroaga@o2.pl\">agroaga@o2.pl<\/a><\/em><\/li>\n<li><em>wychowawca klasy III e-mail: <a href=\"mailto:renata.basag@gmail.com\">renata.basag@gmail.com<\/a><\/em><\/li>\n<li><em>nauczyciel j\u0119zyka angielskiego<\/em> <em>e-mail<\/em>: <i><a href=\"mailto:m.willow@wp.pl\">m.willow@wp.pl<\/a>\u00a0<\/i><\/li>\n<li><em>nauczyciel religii e-mail: <a href=\"mailto:biedor@op.pl\">biedor@op.pl<\/a><\/em><\/li>\n<\/ul>\n<p><em><strong>Poni\u017cej przedstawiamy zadania z j\u0119zyka angielskiego i religii na nadchodz\u0105ce dni<br \/>\n<\/strong><\/em><\/p>\n<hr \/>\n<h2 style=\"text-align: center;\"><strong><span style=\"color: #000080;\">KLASA I<\/span><\/strong><\/h2>\n<hr \/>\n<h2><strong><span style=\"color: #ff00ff;\">PONIEDZIA\u0141EK<\/span><\/strong><\/h2>\n<p><span style=\"text-decoration: underline;\"><em><strong><span style=\"color: #ff0000; text-decoration: underline;\">RELIGIA<\/span><\/strong><\/em><\/span><\/p>\n<p style=\"text-align: justify;\"><em><strong>Temat 37- <span style=\"text-decoration: underline;\">Jezus chce by\u0107 ukryty w chlebie \u2013 Ostatnia Wieczerza.<\/span><\/strong><\/em><br \/>\n<em>Cele:<\/em><br \/>\n<em>&#8211; Dowiesz si\u0119, \u017ce Pan Jezus przemieni\u0142 chleb w swoje Cia\u0142o a wino w swoj\u0105 Krew podczas Ostatniej wieczerzy w Wielki Czwartek.<\/em><br \/>\n<em>&#8211; B\u0119dziesz wyra\u017ca\u0107 szacunek wobec Pana Jezusa obecnego w Naj\u015bwi\u0119tszym Sakramencie.<\/em><\/p>\n<ul>\n<li style=\"text-align: justify;\">Zadanie: Dzieci, kt\u00f3re maj\u0105 zeszyty \u0107wicze\u0144 w domu wykonuj\u0105 zadania z \u0107wiczeni\u00f3wki. Dla dzieci, kt\u00f3re nie maj\u0105 \u0107wiczeni\u00f3wek: narysuj na kartce z bloku chleb i Hosti\u0119 u\u017cywaj\u0105c w\u0142a\u015bciwych kolor\u00f3w lub pokoloruj obrazek ze strony:<br \/>\n<a href=\"https:\/\/www.jednosc.com.pl\/strefakatechety\/images\/zdalne-lekcje-religii\/sp1\/zad_kl_1-2_SP_Ksiega_biblijnych_zagadek-Ostatnia_Wieczerza.pdf.\">https:\/\/www.jednosc.com.pl\/strefakatechety\/images\/zdalne-lekcje-religii\/sp1\/zad_kl_1-2_SP_Ksiega_biblijnych_zagadek-Ostatnia_Wieczerza.pdf.<\/a><\/li>\n<li style=\"text-align: justify;\">Naucz si\u0119 modlitwy: Niechaj b\u0119dzie pochwalony Przenaj\u015bwi\u0119tszy Sakrament, teraz zawsze i na wieki wiek\u00f3w. Amen.<\/li>\n<\/ul>\n<p>Prace prosz\u0119 przes\u0142a\u0107 na maila: <a href=\"mailto:biedor@op.pl\">biedor@op.pl<\/a><\/p>\n<h2><strong><span style=\"color: #ff00ff;\">WTOREK<\/span><\/strong><\/h2>\n<p><span style=\"text-decoration: underline;\"><strong><em><span style=\"color: #ff0000; text-decoration: underline;\">J\u0118ZYK ANGIELSKI<\/span><\/em><\/strong><\/span><\/p>\n<p><em>Cele lekcji:<\/em><br \/>\n<em>&#8211; poznasz s\u0142ownictwo zwi\u0105zane ze \u015bwi\u0119tami wielkanocnymi.<\/em><\/p>\n<ul>\n<li style=\"text-align: justify;\">Zapoznaj si\u0119 ze s\u0142\u00f3wkami ze strony 109 podr\u0119cznika. Mo\u017cesz obejrze\u0107 filmik, by dowiedzie\u0107 si\u0119, jak poprawnie wymawia\u0107 wyrazy:<br \/>\n<a href=\"https:\/\/www.youtube.com\/watch?v=RaGTQEBDh7g\">https:\/\/www.youtube.com\/watch?v=RaGTQEBDh7g<\/a><br \/>\nUWAGA! W nagraniu znajduje si\u0119 wi\u0119cej wyraz\u00f3w ni\u017c w ksi\u0105\u017cce. Dzieci z I klasy powinny opanowa\u0107 wymow\u0119 pi\u0119ciu z nich: Easter, Easter egg, Easter bunny, basket, chick.<\/li>\n<li style=\"text-align: justify;\">Wykonaj \u0107wiczenie 2 na 131 stronie \u0107wiczeni\u00f3wki.<\/li>\n<\/ul>\n<p>W razie pyta\u0144 prosz\u0119 kontaktowa\u0107 si\u0119, pisz\u0105c na e-mail na <a href=\"mailto:m.willow@wp.pl\">m.willow@wp.pl<\/a> lub poprzez Messenger.<\/p>\n<hr \/>\n<h2 style=\"text-align: center;\"><strong><span style=\"color: #000080;\">KLASA\u00a0 II<\/span><\/strong><\/h2>\n<hr \/>\n<h2><strong><span style=\"color: #ff00ff;\">PONIEDZIA\u0141EK<\/span><\/strong><\/h2>\n<p><span style=\"text-decoration: underline;\"><em><strong><span style=\"color: #ff0000; text-decoration: underline;\">J\u0118ZYK ANGIELSKI<\/span><\/strong><\/em><\/span><\/p>\n<p><em>Cele lekcji:<\/em><br \/>\n<em>&#8211; poznasz brytyjskie zwyczaje wielkanocne,<\/em><br \/>\n<em>&#8211; poznasz s\u0142ownictwo zwi\u0105zane z Wielkanoc\u0105,<\/em><br \/>\n<em>-wykonasz s\u0142owniczek obrazkowy.<\/em><\/p>\n<ul>\n<li>Obejrzyj film, by pozna\u0107 angielskie tradycje \u015bwi\u0105teczne:<br \/>\n<a href=\"https:\/\/www.youtube.com\/watch?v=4zscSH5Gfdk&amp;t=282s\">https:\/\/www.youtube.com\/watch?v=4zscSH5Gfdk&amp;t=282s<\/a><\/li>\n<li style=\"text-align: justify;\">Wykonaj w zeszycie s\u0142owniczek obrazkowy, w kt\u00f3rym znajd\u0105 si\u0119 wyrazy zwi\u0105zane z Wielkanoc\u0105. Praca zostanie oceniona. Prosz\u0119 o wys\u0142anie zdj\u0119\u0107 wykonanego s\u0142owniczka przez Messenger lub na e-mail: <a href=\"mailto:m.willow@wp.pl\">m.willow@wp.pl<\/a><\/li>\n<\/ul>\n<p>U g\u00f3ry napisz: Easter \u2013 Wielkanoc<br \/>\nPod napisem wykonaj rysunki i podpisz je w\u0142a\u015bciwymi s\u0142\u00f3wkami.<br \/>\nEaster egg \u2013 pisanka<br \/>\nEaster bunny \u2013 zaj\u0105czek wielkanocny<br \/>\nlamb \u2013 baranek<br \/>\nhot cross bun \u2013 bu\u0142eczka z krzy\u017cem<br \/>\nbasket &#8211; koszyk<\/p>\n<p style=\"text-align: justify;\"><i>W razie pyta\u0144 lub w\u0105tpliwo\u015bci dotycz\u0105cych sposobu wykonania \u0107wicze\u0144 z j\u0119zyka angielskiego rodzice mog\u0105 kontaktowa\u0107 si\u0119 z pani\u0105 Milen\u0105 Wierzb\u0105 poprzez\u00a0 wys\u0142anie wiadomo\u015bci e-mail na adres <a href=\"mailto:m.willow@wp.pl\">m.willow@wp.pl<\/a>\u00a0<\/i><\/p>\n<p><span style=\"text-decoration: underline;\"><strong><em><span style=\"color: #ff0000; text-decoration: underline;\">RELIGIA<\/span><\/em><\/strong><\/span><\/p>\n<p><strong><em>Temat 32 \u2013 <span style=\"text-decoration: underline;\">Niedziela Palmowa \u2013 zapowied\u017a m\u0119ki i zmartwychwstania Pana Jezusa.<\/span> <\/em><\/strong><br \/>\n<em>Cele:<\/em><br \/>\n<em>&#8211; Dowiesz si\u0119 co znaczy okre\u015blenie \u201eNiedziela Palmowa\u201d<\/em><br \/>\n<em>&#8211; Potrafisz przyozdobi\u0107 palm\u0119.<\/em><\/p>\n<ul>\n<li style=\"text-align: justify;\">Zadanie: Uczniowie, kt\u00f3rzy maj\u0105 zeszyty \u0107wicze\u0144 w domu, to wykonuj\u0105 zadania z tematu 32.<br \/>\nDla tych co nie maj\u0105 \u0107wiczeni\u00f3wek: narysuj na kartce z bloku palm\u0119 i ozd\u00f3b j\u0105 lub pokoloruj rysunek ze strony: <a href=\"https:\/\/www.jednosc.com.pl\/strefakatechety\/images\/zdalne-lekcje-religii\/sp1\/zad_kl_1-2_SP_Wielka_ksiega_biblijnych_lamiglowek-Niedziela_Palmowa.pdf\">https:\/\/www.jednosc.com.pl\/strefakatechety\/images\/zdalne-lekcje-religii\/sp1\/zad_kl_1-2_SP_Wielka_ksiega_biblijnych_lamiglowek-Niedziela_Palmowa.pdf<\/a><\/li>\n<li style=\"text-align: justify;\">Naucz si\u0119 s\u0142\u00f3w pie\u015bni: Chrystus Wodzem, Chrystus Kr\u00f3lem, Chrystus Zbawc\u0105 nam.<\/li>\n<\/ul>\n<p>Prace prosz\u0119 przes\u0142a\u0107 na maila: <a href=\"mailto:biedor@op.pl\">biedor@op.pl<\/a><\/p>\n<h2><strong><span style=\"color: #ff00ff;\">\u015aRODA<\/span><\/strong><\/h2>\n<p><span style=\"text-decoration: underline;\"><strong><em><span style=\"color: #ff0000; text-decoration: underline;\">RELIGIA<\/span><\/em><\/strong><\/span><\/p>\n<p style=\"text-align: justify;\"><strong><em>Temat 33 \u2013 <span style=\"text-decoration: underline;\">Wielki Czwartek \u2013 Dzie\u0144 Mszy \u015aw. i Kap\u0142a\u0144stwa.<\/span><\/em><\/strong><br \/>\n<em>Cele:<\/em><br \/>\n<em>&#8211; Potrafisz opowiedzie\u0107 o wydarzeniach Wielkiego Czwartku.<\/em><br \/>\n<em>&#8211; B\u0119dziesz dzi\u0119kowa\u0142 Jezusowi za ustanowienie Mszy \u015aw.<\/em><\/p>\n<ul>\n<li>Zadanie: Uczniowie, kt\u00f3rzy maj\u0105 zeszyty \u0107wicze\u0144 w domu, to wykonuj\u0105 zadania z tematu 33.<br \/>\nDla tych co nie maj\u0105 \u0107wiczeni\u00f3wek : narysuj na kartce z bloku Kielich i Hosti\u0119 lub pokoloruj obrazek ze strony: <a href=\"https:\/\/www.jednosc.com.pl\/strefakatechety\/images\/zdalne-lekcje-religii\/sp2\/zad_kl_1-2_SP_Wielka_ksiega_biblijnych_lamiglowek-Ostatnia_Wieczerza.pdf\">https:\/\/www.jednosc.com.pl\/strefakatechety\/images\/zdalne-lekcje-religii\/sp2\/zad_kl_1-2_SP_Wielka_ksiega_biblijnych_lamiglowek-Ostatnia_Wieczerza.pdf<\/a><\/li>\n<li>Porozmawiaj z rodzicami o wydarzeniach Wielkiego Czwartku.<\/li>\n<\/ul>\n<p>Prace prosz\u0119 przes\u0142a\u0107 na maila: <a href=\"mailto:biedor@op.pl\">biedor@op.pl<\/a><\/p>\n<hr \/>\n<h2 style=\"text-align: center;\"><strong><span style=\"color: #000080;\">KLASA\u00a0 III<\/span><\/strong><\/h2>\n<hr \/>\n<h2><strong><span style=\"color: #ff00ff;\">PONIEDZIA\u0141EK<\/span><\/strong><\/h2>\n<p><em><strong><span style=\"text-decoration: underline; color: #ff0000;\">J\u0118ZYK ANGIELSKI<\/span><\/strong><\/em><\/p>\n<p style=\"text-align: justify;\"><em>Cele lekcji:<\/em><br \/>\n<em>&#8211; poznasz s\u0142ownictwo opisuj\u0105ce codzienne czynno\u015bci.<\/em><\/p>\n<p style=\"text-align: justify;\">Przepisz do zeszytu s\u0142\u00f3wka z tabelki na stronie 60 podr\u0119cznika, przet\u0142umacz je za pomoc\u0105 s\u0142owniczka, kt\u00f3ry znajduje si\u0119 z ty\u0142u ksi\u0105\u017cki. Naucz si\u0119 nowych s\u0142\u00f3wek.<\/p>\n<p style=\"text-align: justify;\">W razie pyta\u0144 prosz\u0119 kontaktowa\u0107 si\u0119, pisz\u0105c na e-mail na<a href=\"mailto:m.willow@wp.pl\"> m.willow@wp.pl<\/a> lub poprzez Messenger.<\/p>\n<h2><strong><span style=\"color: #ff00ff;\">\u015aRODA<\/span><\/strong><\/h2>\n<p><span style=\"text-decoration: underline;\"><strong><em><span style=\"color: #ff0000; text-decoration: underline;\">J\u0118ZYK ANGIELSKI<\/span><\/em><\/strong><\/span><\/p>\n<p><em>Cele lekcji:<\/em><br \/>\n<em>&#8211; poznasz brytyjskie zwyczaje wielkanocne,<\/em><br \/>\n<em>&#8211; poznasz s\u0142ownictwo zwi\u0105zane z Wielkanoc\u0105,<\/em><br \/>\n<em>-wykonasz s\u0142owniczek obrazkowy.<\/em><\/p>\n<ul>\n<li>Obejrzyj film, by pozna\u0107 angielskie tradycje \u015bwi\u0105teczne:<\/li>\n<li><a href=\"https:\/\/www.youtube.com\/watch?v=4zscSH5Gfdk&amp;t=282s\">https:\/\/www.youtube.com\/watch?v=4zscSH5Gfdk&amp;t=282s<\/a><\/li>\n<li>Wykonaj w zeszycie s\u0142owniczek obrazkowy, w kt\u00f3rym znajd\u0105 si\u0119 wyrazy zwi\u0105zane z Wielkanoc\u0105. Praca zostanie oceniona. Prosz\u0119 o wys\u0142anie zdj\u0119\u0107 wykonanego s\u0142owniczka przez Messenger lub na e-mail: <a href=\"mailto:m.willow@wp.pl\">m.willow@wp.pl<\/a><\/li>\n<\/ul>\n<p>U g\u00f3ry napisz: Easter \u2013 Wielkanoc<br \/>\nPod napisem wykonaj rysunki i podpisz je w\u0142a\u015bciwymi s\u0142\u00f3wkami.<br \/>\nEaster egg \u2013 pisanka<br \/>\nEaster bunny \u2013 zaj\u0105czek wielkanocny<br \/>\nlamb \u2013 baranek<br \/>\nhot cross bun \u2013 bu\u0142eczka z krzy\u017cem<br \/>\nbasket \u2013 koszyk<br \/>\nEaster bonnet \u2013 wielkanocny kapelusz<br \/>\ncatkins \u2013 bazie<br \/>\nchocolate \u2013 czekolada<\/p>\n<p>W razie pyta\u0144 prosz\u0119 kontaktowa\u0107 si\u0119, pisz\u0105c na e-mail na <a href=\"mailto:m.willow@wp.pl\">m.willow@wp.pl<\/a> lub poprzez Messenger.<\/p>\n<p><span style=\"text-decoration: underline;\"><strong><em><span style=\"color: #ff0000; text-decoration: underline;\">RELIGIA<\/span><\/em><\/strong><\/span><\/p>\n<p><strong><em>Temat 38 &#8211; <span style=\"text-decoration: underline;\">\u201eBierzcie i jedzcie, to jest Cia\u0142o moje\u201d &#8211; ustanowienie Eucharystii.<\/span><\/em><\/strong><br \/>\n<em>Cele:<\/em><br \/>\n<em>&#8211; Poznasz okoliczno\u015bci i cel ustanowienia Eucharystii.<\/em><br \/>\n<em>&#8211; B\u0119dziesz wyra\u017ca\u0142 wdzi\u0119czno\u015b\u0107 Panu Bogu za dar Eucharystii.<\/em><\/p>\n<ul>\n<li>Zadanie: Przeczytaj temat 38. Wykonaj zadania z zeszytu \u0107wicze\u0144.<\/li>\n<li>Zapami\u0119taj s\u0142owa Jezusa: \u201eBierzcie i jedzcie, to jest Cia\u0142o moje\u201d, \u201ePijcie z niego wszyscy, bo to jest moja Krew Przymierza, kt\u00f3ra za wielu b\u0119dzie wylana na odpuszczenie grzech\u00f3w.\u201d<\/li>\n<\/ul>\n<p>Prace prosz\u0119 przes\u0142a\u0107 na maila: <a href=\"mailto:biedor@op.pl\">biedor@op.pl<\/a><\/p>\n","protected":false},"excerpt":{"rendered":"<p>Zach\u0119camy Was do korzystania ze stron edukacyjnych, kt\u00f3re podali\u015bmy wcze\u015bniej. W tym tygodniu proponuj\u0119\u00a0 obejrzenie kr\u00f3tkiej prezentacji przedstawiaj\u0105cej polskie tradycje zwi\u0105zane ze \u015awi\u0119tami Wielkanocnymi &#8222;ZWYCZAJE WIELKANOCNE&#8221;. Pos\u0142uchajcie, a mo\u017ce nawet spr\u00f3bujcie nauczy\u0107 si\u0119 bardzo melodyjnej i nastrojowej piosenki \u201eS\u0104 TAKIE &hellip; <a href=\"http:\/\/spmlodzawy.pl\/index.php\/zadania-dla-klas-i-iii-6-10-kwietnia\/\">Czytaj dalej <span class=\"meta-nav\">&rarr;<\/span><\/a><\/p>\n","protected":false},"author":1,"featured_media":0,"parent":0,"menu_order":0,"comment_status":"closed","ping_status":"closed","template":"","meta":[],"_links":{"self":[{"href":"http:\/\/spmlodzawy.pl\/index.php\/wp-json\/wp\/v2\/pages\/21049"}],"collection":[{"href":"http:\/\/spmlodzawy.pl\/index.php\/wp-json\/wp\/v2\/pages"}],"about":[{"href":"http:\/\/spmlodzawy.pl\/index.php\/wp-json\/wp\/v2\/types\/page"}],"author":[{"embeddable":true,"href":"http:\/\/spmlodzawy.pl\/index.php\/wp-json\/wp\/v2\/users\/1"}],"replies":[{"embeddable":true,"href":"http:\/\/spmlodzawy.pl\/index.php\/wp-json\/wp\/v2\/comments?post=21049"}],"version-history":[{"count":37,"href":"http:\/\/spmlodzawy.pl\/index.php\/wp-json\/wp\/v2\/pages\/21049\/revisions"}],"predecessor-version":[{"id":21351,"href":"http:\/\/spmlodzawy.pl\/index.php\/wp-json\/wp\/v2\/pages\/21049\/revisions\/21351"}],"wp:attachment":[{"href":"http:\/\/spmlodzawy.pl\/index.php\/wp-json\/wp\/v2\/media?parent=21049"}],"curies":[{"name":"wp","href":"https:\/\/api.w.org\/{rel}","templated":true}]}}