{"id":21193,"date":"2020-04-01T16:46:33","date_gmt":"2020-04-01T14:46:33","guid":{"rendered":"http:\/\/spmlodzawy.pl\/?page_id=21193"},"modified":"2020-04-14T14:26:26","modified_gmt":"2020-04-14T12:26:26","slug":"zadania-dla-klasy-iv-15-17-kwietnia","status":"publish","type":"page","link":"http:\/\/spmlodzawy.pl\/index.php\/zadania-dla-klasy-iv-15-17-kwietnia\/","title":{"rendered":"ZADANIA DLA KLASY IV (15 &#8211; 17 KWIETNIA)"},"content":{"rendered":"<hr \/>\n<h2 style=\"text-align: center;\"><strong><span style=\"color: #000080;\">\u015aRODA<\/span><\/strong><\/h2>\n<hr \/>\n<p><span style=\"text-decoration: underline;\"><strong><em><span style=\"color: #ff0000; text-decoration: underline;\">MATEMATYKA<\/span><\/em><\/strong><\/span><\/p>\n<p><em><strong>TEMAT LEKCJI:\u00a0 <u>U\u0142amki zwyk\u0142e\u00a0 &#8211; powt\u00f3rzenie.<\/u> (zapisz w zeszycie)<\/strong><\/em><\/p>\n<p><em><strong>Cel lekcji:<\/strong> Na tej lekcji powt\u00f3rz\u0119 poznane wiadomo\u015bci i utrwal\u0119 umiej\u0119tno\u015bci z u\u0142amk\u00f3w zwyk\u0142ych. <\/em><\/p>\n<p><em><strong>Lekcja on-line za po\u015brednictwem Skype o godz. 11.00<\/strong><\/em><\/p>\n<ol>\n<li><strong>Wykonamy wsp\u00f3lnie zadania z podr\u0119cznika:<\/strong> <strong>\u00a0<\/strong><\/li>\n<\/ol>\n<p><em>\u00a0\u00a0\u00a0\u00a0\u00a0 \u2013 <\/em><em>zadanie 10 -20 \u00a0str. 105 -106 <\/em><\/p>\n<ol>\n<li><em><u>Pr. domowa: <\/u><\/em><em><br \/>\nPrzygotuj si\u0119 do sprawdzianu.<br \/>\nWykonaj prac\u0119 w zeszycie \u0107wicze\u0144:<\/em><em> U\u0142amki zwyk\u0142e \u2013 powt\u00f3rzenie:\u00a0 \u0107wicz. 6-11 str. 121<\/em><\/li>\n<\/ol>\n<p><strong>Kontakt z nauczycielem (email: <a href=\"mailto:i_modrzew@wp.pl\">i_modrzew@wp.pl<\/a>, Skype, Messenger)<\/strong><\/p>\n<p><span style=\"text-decoration: underline;\"><strong><em><span style=\"color: #ff0000; text-decoration: underline;\">J\u0118ZYK ANGIELSKI <\/span><\/em><\/strong><\/span><\/p>\n<p><span style=\"text-decoration: underline;\"><em><strong>Temat: Powtarzamy s\u0142ownictwo z rozdzia\u0142u 5. (zapisz w zeszycie)<\/strong><\/em><\/span><\/p>\n<p style=\"text-align: justify;\"><strong>Lekcja on-line. Spotykamy si\u0119 o godzinie 9:00 na Messengerze. Prosz\u0119 przygotowa\u0107 podr\u0119cznik, \u0107wiczeni\u00f3wk\u0119, zeszyt, d\u0142ugopis oraz zadba\u0107 o wygodne miejsce pracy.<\/strong><\/p>\n<p style=\"text-align: justify;\"><em>Cel e lekcji:<\/em><br \/>\n<em>&#8211; powt\u00f3rzysz i utrwalisz nazwy produkt\u00f3w spo\u017cywczych oraz czasowniki zwi\u0105zane z przygotowywaniem posi\u0142k\u00f3w.<\/em><\/p>\n<p style=\"text-align: justify;\">Na pocz\u0105tku lekcji przypomnicie sobie s\u0142ownictwo z rozdzia\u0142u 5, nast\u0119pnie Wykonamy \u0107wiczenia 2 i 3 ze strony 64 \u0107wiczeni\u00f3wki.<br \/>\nPraca domowa. Wykonaj \u0107wiczenie 1 ze strony 64 \u0107wiczeni\u00f3wki.<\/p>\n<p style=\"text-align: justify;\">W razie pyta\u0144 prosz\u0119 si\u0119 ze mn\u0105 kontaktowa\u0107 przez Messenger lub pisz\u0105c na e-mail: <a href=\"mailto:m.willow@wp.pl\">m.willow@wp.pl<\/a><\/p>\n<p><span style=\"text-decoration: underline;\"><strong><em><span style=\"color: #ff0000; text-decoration: underline;\">RELIGIA<\/span><\/em><\/strong><\/span><\/p>\n<p><span style=\"text-decoration: underline;\"><strong><em>Temat 47 &#8211; Gr\u00f3b Jezusa \u2013 sobotnie czuwanie.<\/em><\/strong><\/span><br \/>\n<em> Cele: <\/em><br \/>\n<em>&#8211; Poznasz fragment biblijny o z\u0142o\u017ceniu Jezusa do grobu oraz dowiesz si\u0119 o sposobie grzebania umar\u0142ych w czasach Jezusa.<\/em><br \/>\n<em>&#8211; B\u0119dziesz potrafi\u0142 uzasadni\u0107 chrze\u015bcija\u0144sk\u0105 tradycj\u0119 czuwania przy grobie Pana Jezusa.<\/em><\/p>\n<p>Zadanie: Przeczytaj temat z podr\u0119cznika.<br \/>\nWykonaj polecenia z zeszytu \u0107wicze\u0144.<\/p>\n<p>Prace prosz\u0119 przes\u0142a\u0107 na maila: <a href=\"mailto:biedor@op.pl\">biedor@op.pl<\/a><\/p>\n<p><span style=\"text-decoration: underline;\"><strong><em><span style=\"color: #ff0000; text-decoration: underline;\">J\u0118ZYK POLSKI<\/span><\/em><\/strong><\/span><\/p>\n<p><span style=\"text-decoration: underline;\"><em>Temat: <strong>Odkrywamy tajemnice z\u0142otej rybki.<\/strong><\/em><\/span><\/p>\n<p><em>Cel: Umiemy oceni\u0107 post\u0119powanie bohater\u00f3w poznanej ba\u015bni.<\/em><\/p>\n<p>Zapoznajcie si\u0119 z tekstem ze strony 221.Opowiedzcie rodzicom poznan\u0105 ba\u015b\u0144. U\u0142\u00f3\u017ccie ramowy plan\u00a0 wydarze\u0144 , a nast\u0119pnie wykonajcie \u0107wiczenie 3 ze strony 227.<\/p>\n<p>email: <a href=\"mailto:grazyna_kupis@wp.pl\">grazyna_kupis@wp.pl<\/a><\/p>\n<p><span style=\"text-decoration: underline;\"><strong><em><span style=\"color: #ff0000; text-decoration: underline;\">WYCHOWANIE FIZYCZNE<\/span><\/em><\/strong><\/span><\/p>\n<p><em><strong><span style=\"text-decoration: underline;\">Temat: &#8222;\u0106wiczenia na g\u00f3rne partie mi\u0119\u015bni&#8221;. Cel &#8211; usprawnianie sylwetki naszego cia\u0142a oraz koordynacji. <\/span><\/strong><\/em><\/p>\n<p>\u0106wiczenie to b\u0119dzie podlega\u0107 ocenie (sprawdzian praktyczny).<\/p>\n<p>Zaj\u0119cia on-line messenger (video-rozmowa)<\/p>\n<hr \/>\n<h2 style=\"text-align: center;\"><strong><span style=\"color: #000080;\">CZWARTEK<\/span><\/strong><\/h2>\n<hr \/>\n<p><span style=\"text-decoration: underline;\"><em><strong><span style=\"color: #ff0000; text-decoration: underline;\">MATEMATYKA<\/span><\/strong><\/em><\/span><\/p>\n<p style=\"text-align: justify;\"><em><strong>TEMAT LEKCJI:\u00a0 <u>Praca klasowa nr 5 \u2013 u\u0142amki zwyk\u0142e.<\/u> (zapisz w zeszycie)<\/strong><\/em><\/p>\n<p style=\"text-align: justify;\"><em><strong>Cel lekcji:<\/strong> Na tej lekcji sprawdz\u0119 swoje\u00a0 wiadomo\u015bci i\u00a0 umiej\u0119tno\u015bci z u\u0142amk\u00f3w zwyk\u0142ych. <\/em><\/p>\n<p style=\"text-align: justify;\"><em><strong>Lekcja on-line za po\u015brednictwem Skype o godz. 11.00<\/strong><\/em><\/p>\n<p><strong>Kontakt z nauczycielem (email: <a href=\"mailto:i_modrzew@wp.pl\">i_modrzew@wp.pl<\/a>, Skype, Messenger)<\/strong><\/p>\n<p><strong>\u00a0<\/strong><\/p>\n<p><span style=\"text-decoration: underline;\"><em><strong><span style=\"color: #ff0000; text-decoration: underline;\">WYCHOWANIE FIZYCZNE<\/span><\/strong><\/em><\/span><\/p>\n<p style=\"text-align: justify;\"><span style=\"text-decoration: underline;\"><em><strong>Temat: &#8222;Gimnastyka &#8211; \u0107wiczenia na dolne partie mi\u0119\u015bni&#8221;.<\/strong><\/em><b> <\/b><\/span>\u0106wiczenia te b\u0119d\u0105 podlega\u0107 ocenie.<\/p>\n<p><em>Cel &#8211; sprawno\u015b\u0107 koordynacyjna poprzez gimnastyk\u0119 podstawow\u0105.\u00a0<\/em><\/p>\n<p><strong>Zaj\u0119cia on-line messenger (video-rozmowa).<\/strong><\/p>\n<p><span style=\"text-decoration: underline;\"><em><strong><span style=\"color: #ff0000; text-decoration: underline;\">PRZYRODA<\/span><\/strong><\/em><\/span><\/p>\n<p><strong>Lekcja on-line w czwartek o godzinie 10:00<\/strong><\/p>\n<p><em><strong><u>Temat: Jak sobie radzi\u0107 w niebezpiecznych sytuacjach?<\/u><\/strong><\/em><\/p>\n<p style=\"text-align: justify;\"><em>Cele lekcji: Dowiesz si\u0119, jak unika\u0107 niebezpiecznych sytuacji w naszym otoczeniu oraz ja post\u0119powa\u0107 kiedy wyst\u0105pi\u0105 np. burza, truj\u0105ce ro\u015bliny i grzyby oraz jadowite zwierz\u0119ta<\/em><\/p>\n<p style=\"text-align: justify;\">Bardzo prosz\u0119 o zapoznanie si\u0119 z informacjami w podr\u0119czniku ze stron 124\u2014129.<\/p>\n<p style=\"text-align: justify;\">Pomocne materia\u0142y i filmy dla chc\u0105cych wiedzie\u0107 wi\u0119cej:<\/p>\n<ul style=\"text-align: justify;\">\n<li><a href=\"https:\/\/epodreczniki.pl\/a\/bezpieczenstwo-w-domu\/D1BLFOsji\">https:\/\/epodreczniki.pl\/a\/bezpieczenstwo-w-domu\/D1BLFOsji<\/a><\/li>\n<li><a href=\"https:\/\/epodreczniki.pl\/a\/pierwsza-pomoc\/DLisKIuTs\">https:\/\/epodreczniki.pl\/a\/pierwsza-pomoc\/DLisKIuTs<\/a><\/li>\n<\/ul>\n<p style=\"text-align: justify;\"><u>Praca domowa: <\/u>Wypisz po jednej nazwie \u015brodka czysto\u015bci u\u017cywanym w twoim domu na kt\u00f3rym znajduj\u0105 si\u0119 znaki ostrzegawcze podane w podr\u0119czniku na stronie 128.<\/p>\n<p><strong>Zach\u0119cam do kontaktu przez grup\u0119 na Messengerze i mail <a href=\"mailto:paniwiosna606@wp.pl\">paniwiosna606@wp.pl<\/a> <\/strong><\/p>\n<p><span style=\"text-decoration: underline;\"><em><strong><span style=\"color: #ff0000; text-decoration: underline;\">J\u0118ZYK POLSKI<\/span><\/strong><\/em><\/span><\/p>\n<p><span style=\"text-decoration: underline;\"><em>Temat: <strong>Tworzymy komiks o z\u0142otej rybce.<\/strong><\/em><\/span><\/p>\n<p><em>Cel: Rozwijamy kreatywno\u015b\u0107 i samodzielno\u015b\u0107.<\/em><\/p>\n<p style=\"text-align: justify;\">Drodzy\u00a0 Uczniowie przypomnijcie sobie poznan\u0105 wczoraj ba\u015b\u0144, a nast\u0119pnie wykonajcie na kartce z bloku do niej komiks. Zamie\u015bcie w nim najwa\u017cniejsze wydarzenia, a w dymkach umie\u015b\u0107cie s\u0142owa rybki, staruchy i rybaka. Powodzenia, Zdj\u0119cia waszych komiks\u00f3w prze\u015blijcie na m\u00f3j \u00a0email: <a href=\"mailto:grazyna_kupis@wp.pl\">grazyna_kupis@wp.pl<\/a><\/p>\n<hr \/>\n<h2 style=\"text-align: center;\"><strong><span style=\"color: #000080;\">PI\u0104TEK<\/span><\/strong><\/h2>\n<hr \/>\n<p><em><strong><span style=\"text-decoration: underline;\"><span style=\"color: #ff0000; text-decoration: underline;\">WYCHOWANIE FIZYCZNE<\/span><\/span><\/strong><\/em><\/p>\n<p><span style=\"text-decoration: underline;\"><b><em>Temat: Gimnastyka podstawowa &#8211; aktywno\u015b\u0107 ruchowa, \u0107wiczenia koordynacyjne przy pomocy r\u00f3\u017cnych przyrz\u0105d\u00f3w&#8221;.<\/em> <\/b><\/span><\/p>\n<p><em>Cele &#8211; poznawanie r\u00f3\u017cnych form aktywno\u015bci fizycznej oraz praca nad r\u00f3wnowag\u0105 cia\u0142a.<\/em><\/p>\n<p><b>Zaj\u0119cia on-line messenger (video-rozmowa)<\/b><\/p>\n<p><em><strong><span style=\"text-decoration: underline;\"><span style=\"color: #ff0000; text-decoration: underline;\">J\u0118ZYK POLSKI<\/span><\/span><\/strong><\/em><\/p>\n<p><span style=\"text-decoration: underline;\"><em>Temat: <strong>Pisownia wyraz\u00f3w z \u00f3 i u<\/strong><\/em><\/span><\/p>\n<p><em>Cel: Przypominamy i utrwalamy pisowni\u0119 wyraz\u00f3w z \u00f3 i u<\/em><\/p>\n<p style=\"text-align: justify;\">Drodzy uczniowie dzisiaj po\u0107wiczymy ortografi\u0119, w tym celu wykonajcie\u00a0 dyktanda, a uzyskane wyniki zapiszcie w zeszycie.\u00a0 Powodzenia.<\/p>\n<p><a href=\"https:\/\/www.dyktanda.net\/ortografia-34.php\">https:\/\/www.dyktanda.net\/ortografia-34.php<\/a><\/p>\n<p><a href=\"https:\/\/www.dyktanda.net\/ortografia-33.php\">https:\/\/www.dyktanda.net\/ortografia-33.php<\/a><\/p>\n<p><em><strong><span style=\"text-decoration: underline;\"><span style=\"color: #ff0000; text-decoration: underline;\">PLASTYKA<\/span><\/span><\/strong><\/em><\/p>\n<p><span style=\"text-decoration: underline;\"><em>Temat: <strong>Z\u0142ota rybka<\/strong><\/em><\/span><\/p>\n<p><em>Cel: Rozwijanie kreatywno\u015bci i pomys\u0142owo\u015bci<\/em><\/p>\n<p style=\"text-align: justify;\">Przygotuj tekturk\u0119, no\u017cyczki, patyczki do szasz\u0142yk\u00f3w b\u0105d\u017a ga\u0142\u0105zki z drzewa\u00a0 Wykonuj tekturowe rybki i ozd\u00f3b je wed\u0142ug uznania. Przy pyszczku ka\u017cdej zr\u00f3b ma\u0142\u0105 dziurk\u0119 i przewlecz przez ni\u0105 spinacz. Do ka\u017cdego patyka \/ w\u0119dki przywi\u0105\u017c kawa\u0142ek nitki z przyczepionym na ko\u0144cu magnesem ( popro\u015b tat\u0119, na pewno w swojej skrzynce z narz\u0119dziami co\u015b znajdzie). Gotowe? W\u0119dkowanie czas zacz\u0105\u0107. Zapro\u015b do zabawy rodze\u0144stwo. Wygrywa ten, kto z\u0142owi wi\u0119cej ryb!<\/p>\n<p>e-mail: <a href=\"mailto:grazyna_kupis@wp.pl\">grazyna_kupis@wp.pl<\/a><\/p>\n<p><em><strong><span style=\"text-decoration: underline;\"><span style=\"color: #ff0000; text-decoration: underline;\">MATEMATYKA<\/span><\/span><\/strong><\/em><\/p>\n<p><em><strong>TEMAT LEKCJI:\u00a0 <u>Om\u00f3wienie i poprawa pracy klasowej nr 5.<\/u> (zapisz w zeszycie)<\/strong><\/em><\/p>\n<p><em><strong>Cel lekcji:<\/strong> Na tej lekcji zweryfikuj\u0119\/ sprawdz\u0119 swoje\u00a0 wiadomo\u015bci i\u00a0 umiej\u0119tno\u015bci z u\u0142amk\u00f3w zwyk\u0142ych \u2013 dowiem si\u0119 nad czym jeszcze musz\u0119 popracowa\u0107, co powt\u00f3rzy\u0107 i po\u0107wiczy\u0107.<\/em><\/p>\n<p><em><strong>Lekcja on-line za po\u015brednictwem Skype o godz. 11.00<\/strong><\/em><\/p>\n<p><strong>Kontakt z nauczycielem (email: <a href=\"mailto:i_modrzew@wp.pl\">i_modrzew@wp.pl<\/a>, Skype, Messenger)<\/strong><\/p>\n","protected":false},"excerpt":{"rendered":"<p>\u015aRODA MATEMATYKA TEMAT LEKCJI:\u00a0 U\u0142amki zwyk\u0142e\u00a0 &#8211; powt\u00f3rzenie. (zapisz w zeszycie) Cel lekcji: Na tej lekcji powt\u00f3rz\u0119 poznane wiadomo\u015bci i utrwal\u0119 umiej\u0119tno\u015bci z u\u0142amk\u00f3w zwyk\u0142ych. Lekcja on-line za po\u015brednictwem Skype o godz. 11.00 Wykonamy wsp\u00f3lnie zadania z podr\u0119cznika: \u00a0 \u00a0\u00a0\u00a0\u00a0\u00a0 &hellip; <a href=\"http:\/\/spmlodzawy.pl\/index.php\/zadania-dla-klasy-iv-15-17-kwietnia\/\">Czytaj dalej <span class=\"meta-nav\">&rarr;<\/span><\/a><\/p>\n","protected":false},"author":1,"featured_media":0,"parent":0,"menu_order":0,"comment_status":"closed","ping_status":"closed","template":"","meta":[],"_links":{"self":[{"href":"http:\/\/spmlodzawy.pl\/index.php\/wp-json\/wp\/v2\/pages\/21193"}],"collection":[{"href":"http:\/\/spmlodzawy.pl\/index.php\/wp-json\/wp\/v2\/pages"}],"about":[{"href":"http:\/\/spmlodzawy.pl\/index.php\/wp-json\/wp\/v2\/types\/page"}],"author":[{"embeddable":true,"href":"http:\/\/spmlodzawy.pl\/index.php\/wp-json\/wp\/v2\/users\/1"}],"replies":[{"embeddable":true,"href":"http:\/\/spmlodzawy.pl\/index.php\/wp-json\/wp\/v2\/comments?post=21193"}],"version-history":[{"count":14,"href":"http:\/\/spmlodzawy.pl\/index.php\/wp-json\/wp\/v2\/pages\/21193\/revisions"}],"predecessor-version":[{"id":21520,"href":"http:\/\/spmlodzawy.pl\/index.php\/wp-json\/wp\/v2\/pages\/21193\/revisions\/21520"}],"wp:attachment":[{"href":"http:\/\/spmlodzawy.pl\/index.php\/wp-json\/wp\/v2\/media?parent=21193"}],"curies":[{"name":"wp","href":"https:\/\/api.w.org\/{rel}","templated":true}]}}