{"id":21197,"date":"2020-04-01T16:49:26","date_gmt":"2020-04-01T14:49:26","guid":{"rendered":"http:\/\/spmlodzawy.pl\/?page_id=21197"},"modified":"2020-04-14T14:29:47","modified_gmt":"2020-04-14T12:29:47","slug":"zadania-dla-klasy-vi-15-17-kwietnia","status":"publish","type":"page","link":"http:\/\/spmlodzawy.pl\/index.php\/zadania-dla-klasy-vi-15-17-kwietnia\/","title":{"rendered":"ZADANIA DLA KLASY VI (15-17 KWIETNIA)"},"content":{"rendered":"<hr \/>\n<h2 style=\"text-align: center;\"><strong><span style=\"color: #000080;\">\u015aRODA<\/span><\/strong><\/h2>\n<hr \/>\n<p><span style=\"text-decoration: underline;\"><em><strong><span style=\"color: #ff0000; text-decoration: underline;\">BIOLOGIA<\/span><\/strong><\/em><\/span><\/p>\n<p><span style=\"text-decoration: underline;\"><strong><em>Temat: Rozmna\u017canie si\u0119 i rozw\u00f3j ptak\u00f3w.\u00a0<\/em><\/strong><\/span><\/p>\n<p><em>Celem lekcji jest zapoznanie si\u0119 z procesem rozmna\u017cania, rozwoju i opiek\u0105 nad potomstwem u ptak\u00f3w.<\/em><\/p>\n<p>Wykorzystuj\u0105c\u00a0tekst ze str.122-123 wyja\u015bnij:<\/p>\n<p>1.Co to s\u0105 toki?<\/p>\n<p>2.Na jakie grupy dzielimy ptaki pod wzgl\u0119dem opieki nad potomstwem?<\/p>\n<p>3.Narysuj schemat budowy jaja ptaka.<\/p>\n<p><span style=\"text-decoration: underline;\"><em><strong><span style=\"color: #ff0000; text-decoration: underline;\">WYCHOWANIE FIZYCZNE<\/span><\/strong><\/em><\/span><\/p>\n<p style=\"text-align: justify;\">\u00a0<span style=\"text-decoration: underline;\"><b><em>Temat: &#8222;Pi\u0142ka siatkowa, poruszanie si\u0119 po boisku oraz przyj\u0119cie pi\u0142ki dolnym sposobem&#8221;, &#8222;Zasady gry w pi\u0142k\u0119 r\u0119czn\u0105, om\u00f3wienie regulaminu gry.<\/em> <\/b><\/span><\/p>\n<p style=\"text-align: justify;\"><em>Cel &#8211; wsp\u00f3\u0142dzia\u0142anie z partnerem oraz znajomo\u015b\u0107 przepis\u00f3w gier w poszczeg\u00f3lnych dyscyplinach. \u0106wiczenie b\u0119dzie podlega\u0107 ocenie.\u00a0<\/em><\/p>\n<p style=\"text-align: justify;\"><strong>2 godziny lekcyjne, zaj\u0119cia on-line messenger (video-rozmowa)<\/strong><\/p>\n<p><span style=\"text-decoration: underline;\"><em><strong><span style=\"color: #ff0000; text-decoration: underline;\">MATEMATYKA<\/span><\/strong><\/em><\/span><\/p>\n<p style=\"text-align: justify;\"><strong>Lekcja on-line na Messengerze gr. I godz. 12.30, gr. II godz. 13.15<\/strong><\/p>\n<p style=\"text-align: justify;\"><em><span style=\"text-decoration: underline;\"><strong>Temat: Powt\u00f3rzenie wiadomo\u015bci z dzia\u0142u \u201eR\u00f3wnania\u201d. (zapisz w zeszycie)<\/strong><\/span><\/em><br \/>\n<em>Cele: Na tej lekcji powt\u00f3rzysz i utrwalisz wiadomo\u015bci dotycz\u0105ce r\u00f3wna\u0144: sprawdzanie czy dana liczba jest rozwi\u0105zaniem r\u00f3wnania, rozwi\u0105zywanie r\u00f3wna\u0144, uk\u0142adanie r\u00f3wna\u0144 do tre\u015bci zadania oraz ich rozwi\u0105zywanie, sprawdzanie ile rozwi\u0105za\u0144 ma r\u00f3wnanie.<\/em><\/p>\n<p style=\"text-align: justify;\">1. Wsp\u00f3lnie rozwi\u0105\u017cemy zad. 1-9 str. 100 podr\u0119cznik.<br \/>\n2. Praca domowa \u0107w. 1-10 str. 109, 110 Zeszyt \u0107wicze\u0144. (Prosz\u0119 przes\u0142a\u0107 zdj\u0119cia rozwi\u0105zanych zada\u0144 na adres edypawlik@gmail.com albo na Messengera).<br \/>\n3. Dla sprawdzenia swojej wiedzy wykonaj zadania na learningapps.<\/p>\n<p style=\"text-align: justify;\">W razie jakichkolwiek problem\u00f3w prosz\u0119 o kontakt: <a href=\"mailto:edypawlik@gmail.com\">edypawlik@gmail.com<\/a>, lub przez Messenger.<\/p>\n<p style=\"text-align: justify;\"><span style=\"text-decoration: underline;\"><em><strong><span style=\"color: #ff0000; text-decoration: underline;\">J\u0118ZYK POLSKI<\/span><\/strong><\/em><\/span><\/p>\n<p><span style=\"text-decoration: underline;\"><em>Temat: <strong>By\u0107 w mocy dobrych uczynk\u00f3w.<\/strong><\/em><\/span><\/p>\n<p style=\"text-align: justify;\"><em>Cel: Potrafimy opisa\u0107 scen\u0119 przedstawion\u0105 na obrazie.<\/em><\/p>\n<p style=\"text-align: justify;\">Drodzy Uczniowie przed nami nowe wyzwania. Rozpoczynamy nowy rozdzia\u0142 od om\u00f3wienia obrazu na stronie 237.<\/p>\n<p style=\"text-align: justify;\">Opiszcie obraz przedstawiony na podanej stronie i prze\u015blijcie go do oceny.<\/p>\n<p>Kontakt z nauczycielem (email: <a href=\"mailto:grazyna_kupis@wp.pl\">grazyna_kupis@wp.pl<\/a>)<\/p>\n<p style=\"text-align: justify;\"><span style=\"text-decoration: underline;\"><em><strong><span style=\"color: #ff0000; text-decoration: underline;\">RELIGIA<\/span><\/strong><\/em><\/span><\/p>\n<p style=\"text-align: justify;\"><span style=\"text-decoration: underline;\"><strong><em>Temat 37 \u2013 Jezu ufam Tobie \u2013 w obliczu mi\u0142osierdzia.<\/em><\/strong><\/span><br \/>\n<em>Cele:<\/em><br \/>\n<em>&#8211; B\u0119dziesz potrafi\u0142 okre\u015bli\u0107, na czym polega Bo\u017ce mi\u0142osierdzie.<\/em><br \/>\n<em>&#8211; B\u0119dziesz umia\u0142 wyja\u015bni\u0107 symbolik\u0119 obrazu i interpretacj\u0119 podpisu \u201eJezu ufam Tobie\u201d<\/em><\/p>\n<p>Zadanie : Przeczytaj temat z podr\u0119cznika.<br \/>\nWykonaj polecenia z zeszytu \u0107wicze\u0144.<\/p>\n<p>Prace prosz\u0119 przes\u0142a\u0107 na maila: <a href=\"mailto:biedor@op.pl\">biedor@op.pl<\/a><\/p>\n<hr \/>\n<h2 style=\"text-align: center;\"><strong><span style=\"color: #000080;\">CZWARTEK<\/span><\/strong><\/h2>\n<hr \/>\n<p><span style=\"text-decoration: underline;\"><strong><em><span style=\"color: #ff0000; text-decoration: underline;\">MATEMATYKA<\/span><\/em><\/strong><\/span><\/p>\n<p style=\"text-align: justify;\"><strong>Lekcja on-line na Messengerze gr. I godz. 9.00, gr. II godz. 10.00<\/strong><\/p>\n<p style=\"text-align: justify;\"><span style=\"text-decoration: underline;\"><em><strong>Temat: Praca klasowa z dzia\u0142u \u201eR\u00f3wnania\u201d. (zapisz w zeszycie)<\/strong><\/em><\/span><br \/>\n<em>Cel:Na tej lekcji poprzez prac\u0119 klasow\u0105 sprawdzisz stopie\u0144 opanowania tre\u015bci uj\u0119tych w podstawie programowej.<\/em><\/p>\n<p style=\"text-align: justify;\">1. Zadania z pracy klasowej otrzymacie na pocz\u0105tku lekcji online, po rozwi\u0105zaniu zada\u0144 zdj\u0119cie napisanej pracy klasowej przesy\u0142acie na adres edypawlik@gmail.com lub na Messengera.<br \/>\n2. Dla sprawdzenia swojej wiedzy wykonaj zadania na learningapps.<\/p>\n<p style=\"text-align: justify;\">W razie jakichkolwiek problem\u00f3w prosz\u0119 o kontakt: <a href=\"mailto:edypawlik@gmail.com\">edypawlik@gmail.com<\/a>, lub przez Messenger.<\/p>\n<p><span style=\"text-decoration: underline;\"><strong><em><span style=\"color: #ff0000; text-decoration: underline;\">HISTORIA<\/span><\/em><\/strong><\/span><\/p>\n<p style=\"text-align: justify;\"><span style=\"text-decoration: underline;\"><strong><em>Temat: Republika Francuska.<\/em><\/strong><\/span><br \/>\n<em>Cel lekcji: poznajemy w jakich okoliczno\u015bciach dosz\u0142o do ustanowienia Republiki Francuskiej.<\/em><\/p>\n<p style=\"text-align: justify;\">Wykonaj w zeszycie z podr\u0119cznika \u0107wiczenie 1,2 str. 193.<\/p>\n<p style=\"text-align: justify;\">Dotyczy historii i wos-u:wykonaj zdj\u0119cie zeszytu z zawarto\u015bci\u0105 wykonanych zada\u0144 i \u0107wicze\u0144 np. telefonem kom\u00f3rkowym i prze\u015blij na adres mailowy: <a href=\"mailto:sopris2000@interia.pl\">sopris2000@interia.pl <\/a>Zadane \u0107wiczenia b\u0119d\u0105 podlega\u0107 ocenie.<\/p>\n<p><span style=\"text-decoration: underline;\"><strong><em><span style=\"color: #ff0000; text-decoration: underline;\">J\u0118ZYK POLSKI<\/span><\/em><\/strong><\/span><\/p>\n<p><span style=\"text-decoration: underline;\"><em>Temat: <strong>Biblijny pocz\u0105tek \u015bwiata.<\/strong><\/em><\/span><\/p>\n<p style=\"text-align: justify;\"><em>Cel: Czytamy tekst ze zrozumieniem, porz\u0105dkuj\u0105c i analizuj\u0105c czynno\u015bci Boga w trakcie tworzenia \u015bwiata.<\/em><\/p>\n<p style=\"text-align: justify;\">Zapoznajcie si\u0119 z tekstem str. 238-240, \u00a0a nast\u0119pnie wykonajcie \u0107wiczenie 1 ze str. 240 do zeszytu. Na zako\u0144czenie przejd\u017a na podan\u0105 poni\u017cej stron\u0119 i wykonaj zadania.<\/p>\n<p><a href=\"https:\/\/epodreczniki.pl\/a\/swiat-stworzony-przez-boga\/DAc3y29Ts\">https:\/\/epodreczniki.pl\/a\/swiat-stworzony-przez-boga\/DAc3y29Ts<\/a><\/p>\n<p>email: <a href=\"mailto:grazyna_kupis@wp.pl\">grazyna_kupis@wp.pl<\/a><\/p>\n<p><span style=\"text-decoration: underline;\"><strong><em><span style=\"color: #ff0000; text-decoration: underline;\">GEOGRAFIA<\/span><\/em><\/strong><\/span><\/p>\n<p style=\"text-align: justify;\"><strong>Lekcja on-line w czwartek w dw\u00f3ch grupach:\u00a0 gr. 1 &#8211; 11:00\u00a0\u00a0\u00a0 gr.2 &#8211; gr.11:30<\/strong><\/p>\n<p style=\"text-align: justify;\"><em><strong><u>Temat: Energetyka w Europie.<\/u><\/strong><\/em><\/p>\n<p style=\"text-align: justify;\"><em>Cele lekcji: Poznasz odnawialne i nieodnawiane \u017ar\u00f3d\u0142a energii. Dowiesz si\u0119, jakie s\u0105 rodzaje elektrowni w r\u00f3\u017cnych krajach Europy oraz jakie maja zalety i wady.<\/em><\/p>\n<p style=\"text-align: justify;\">Bardzo prosz\u0119 o zapoznanie si\u0119 z informacjami w podr\u0119czniku ze stron 114\u2014119.<\/p>\n<p style=\"text-align: justify;\">Zapoznaj si\u0119 z informacjami i filmami pod linkiem:<\/p>\n<p style=\"text-align: justify;\"><a href=\"https:\/\/view.genial.ly\/5e81ca703fea8d0db0dc21cf\/presentation-energetyka-w-europie-copy?fbclid=IwAR3Oa6WlWV_1bKDpz-Ai480YSiZHP0T7XqSzyszDWCS-rujfCW46Q2VVFT8\">https:\/\/view.genial.ly\/5e81ca703fea8d0db0dc21cf\/presentation-energetyka-w-europie-copy?fbclid=IwAR3Oa6WlWV_1bKDpz-Ai480YSiZHP0T7XqSzyszDWCS-rujfCW46Q2VVFT8<\/a><\/p>\n<p><u>Praca domowa: <\/u>\u00a0zeszyt \u0107wicze\u0144 \u2013 \u0107w. 4 strona 74.<strong> lub<\/strong> zadanie 3 z podr\u0119cznika strona 119<\/p>\n<p><strong>Zach\u0119cam do kontaktu przez grup\u0119 na Messengerze i mail <a href=\"mailto:paniwiosna606@wp.pl\">paniwiosna606@wp.pl<\/a> <\/strong><\/p>\n<p><span style=\"text-decoration: underline;\"><strong><em><span style=\"color: #ff0000; text-decoration: underline;\">J\u0118ZYK ANGIELSKI<\/span><\/em><\/strong><\/span><\/p>\n<p><strong>Lekcja on-line na Messengerze. Przygotuj podr\u0119cznik, zeszyt i d\u0142ugopis. Zadbaj o wygodne miejsce do pracy.<\/strong><br \/>\n<strong>Grupa 2 \u2013 11:00<\/strong><br \/>\n<strong>Grupa 1 \u2013 12:00<\/strong><\/p>\n<p><span style=\"text-decoration: underline;\"><strong><em>Temat: Moje przewidywania dotycz\u0105ce przysz\u0142o\u015bci. \u0106wiczymy pisanie. (zapisz w zeszycie)<\/em><\/strong><\/span><br \/>\n<em>Cele lekcji:<\/em><br \/>\n<em>&#8211; utrwalisz zasady tworzenia zda\u0144 w czasie Future Simple,<\/em><br \/>\n<em>-nauczysz si\u0119 opowiada\u0107 o tym, jak wed\u0142ug ciebie b\u0119dzie wygl\u0105da\u0142a przysz\u0142o\u015b\u0107,<\/em><br \/>\n<em>&#8211; napiszesz kr\u00f3tki tekst na zadany temat.<\/em><\/p>\n<p style=\"text-align: justify;\">Na pocz\u0105tku lekcji przypomnicie sobie, jak budowa\u0107 zdania w czasie Future Simple oraz powt\u00f3rzycie wyra\u017cenia z ostatnich lekcji, uk\u0142adaj\u0105c z nimi zdania. Nast\u0119pnie razem zastanowimy si\u0119, jak mo\u017ce wygl\u0105da\u0107 nasza przysz\u0142o\u015b\u0107 &#8211; porozmawiamy o tym wykorzystuj\u0105c zwroty wyra\u017caj\u0105ce opinie, kt\u00f3re poznali\u015bcie na wcze\u015bniejszych lekcjach.<br \/>\nWsp\u00f3lnie napiszemy tekst dotycz\u0105cy tego, jak w przysz\u0142o\u015bci b\u0119dzie wygl\u0105da\u0142o \u017cycie na Ziemi.<\/p>\n<p style=\"text-align: justify;\">W razie pyta\u0144 prosz\u0119 si\u0119 ze mn\u0105 kontaktowa\u0107 przez Messenger lub pisz\u0105c na e-mail: <a href=\"mailto:m.willow@wp.pl\">m.willow@wp.pl<\/a><\/p>\n<hr \/>\n<h2 style=\"text-align: center;\"><strong><span style=\"color: #000080;\">PI\u0104TEK<\/span><\/strong><\/h2>\n<hr \/>\n<p><span style=\"text-decoration: underline;\"><em><strong><span style=\"color: #ff0000; text-decoration: underline;\">J\u0118ZYK POLSKI<\/span><\/strong><\/em><\/span><\/p>\n<p><span style=\"text-decoration: underline;\"><strong><em>Temat\u00a0:Po co B\u00f3g stworzy\u0142 cz\u0142owieka\u00a0?<\/em><\/strong><\/span><\/p>\n<p style=\"text-align: justify;\"><em><strong>Cel :<\/strong> przeczytam i przemy\u015bl\u0119 wiersz Joanny Kulmowej\u00a0Cz\u0142owiek \u017ceby patrza\u0142.<\/em><\/p>\n<p style=\"text-align: justify;\"><strong>Na co b\u0119dziemy zwraca\u0107 uwag\u0119:\u00a0<\/strong>czytam tekst ze zrozumieniem, wskazuj\u0119\u00a0epitety i okre\u015blam ich funkcj\u0119 w utworze, zastanawiam si\u0119 nad sensem wiersza, wyja\u015bniam, czym kierowa\u0142 si\u0119 B\u00f3g, stwarzaj\u0105c cz\u0142owieka,\u00a0wymieniam elementy nazwane cudami.<\/p>\n<p><span style=\"text-decoration: underline;\"><em><strong><span style=\"color: #ff0000; text-decoration: underline;\">RELIGIA<\/span><\/strong><\/em><\/span><\/p>\n<p><span style=\"text-decoration: underline;\"><strong><em>Temat 38 &#8211; Niedziela \u2013 czas na refleksj\u0119.<\/em><\/strong><\/span><br \/>\n<em> Cele:<\/em><br \/>\n<em>&#8211; Poznasz, dlaczego \u015bwi\u0119tujemy niedziel\u0119, jako pierwszy dzie\u0144 tygodnia.<\/em><br \/>\n<em>&#8211; Pog\u0142\u0119bisz wiedz\u0119, \u017ce niedziela jest dniem wolnym od pracy, a po\u015bwi\u0119conym na spotkanie z Bogiem.<\/em><\/p>\n<p>Zadanie: Przeczytaj temat z podr\u0119cznika.<br \/>\nWykonaj polecenia z zeszytu \u0107wicze\u0144.<\/p>\n<p>Prace prosz\u0119 przes\u0142a\u0107 na maila: <a href=\"mailto:biedor@op.pl\">biedor@op.pl<\/a><\/p>\n<p><span style=\"text-decoration: underline;\"><em><strong><span style=\"color: #ff0000; text-decoration: underline;\">WYCHOWANIE FIZYCZNE<\/span><\/strong><\/em><\/span><\/p>\n<p><span style=\"text-decoration: underline;\"><em><b>Temat: &#8222;Pi\u0142ka siatkowa, doskonalenie przyj\u0119cia pi\u0142ki dolnym sposobem&#8221;<\/b><b>. <\/b><\/em><\/span><\/p>\n<p><em>Cel &#8211; kszta\u0142towanie umiej\u0119tno\u015bci gry w pi\u0142k\u0119 siatkow\u0105.\u00a0<\/em><\/p>\n<p>Zaj\u0119cia on-line messenger (video-rozmowa)<\/p>\n","protected":false},"excerpt":{"rendered":"<p>\u015aRODA BIOLOGIA Temat: Rozmna\u017canie si\u0119 i rozw\u00f3j ptak\u00f3w.\u00a0 Celem lekcji jest zapoznanie si\u0119 z procesem rozmna\u017cania, rozwoju i opiek\u0105 nad potomstwem u ptak\u00f3w. Wykorzystuj\u0105c\u00a0tekst ze str.122-123 wyja\u015bnij: 1.Co to s\u0105 toki? 2.Na jakie grupy dzielimy ptaki pod wzgl\u0119dem opieki nad &hellip; <a href=\"http:\/\/spmlodzawy.pl\/index.php\/zadania-dla-klasy-vi-15-17-kwietnia\/\">Czytaj dalej <span class=\"meta-nav\">&rarr;<\/span><\/a><\/p>\n","protected":false},"author":1,"featured_media":0,"parent":0,"menu_order":0,"comment_status":"closed","ping_status":"closed","template":"","meta":[],"_links":{"self":[{"href":"http:\/\/spmlodzawy.pl\/index.php\/wp-json\/wp\/v2\/pages\/21197"}],"collection":[{"href":"http:\/\/spmlodzawy.pl\/index.php\/wp-json\/wp\/v2\/pages"}],"about":[{"href":"http:\/\/spmlodzawy.pl\/index.php\/wp-json\/wp\/v2\/types\/page"}],"author":[{"embeddable":true,"href":"http:\/\/spmlodzawy.pl\/index.php\/wp-json\/wp\/v2\/users\/1"}],"replies":[{"embeddable":true,"href":"http:\/\/spmlodzawy.pl\/index.php\/wp-json\/wp\/v2\/comments?post=21197"}],"version-history":[{"count":14,"href":"http:\/\/spmlodzawy.pl\/index.php\/wp-json\/wp\/v2\/pages\/21197\/revisions"}],"predecessor-version":[{"id":21524,"href":"http:\/\/spmlodzawy.pl\/index.php\/wp-json\/wp\/v2\/pages\/21197\/revisions\/21524"}],"wp:attachment":[{"href":"http:\/\/spmlodzawy.pl\/index.php\/wp-json\/wp\/v2\/media?parent=21197"}],"curies":[{"name":"wp","href":"https:\/\/api.w.org\/{rel}","templated":true}]}}