{"id":21209,"date":"2020-04-01T16:56:46","date_gmt":"2020-04-01T14:56:46","guid":{"rendered":"http:\/\/spmlodzawy.pl\/?page_id=21209"},"modified":"2020-04-14T11:38:10","modified_gmt":"2020-04-14T09:38:10","slug":"zadania-dla-klas-i-iii-15-17-kwietnia","status":"publish","type":"page","link":"http:\/\/spmlodzawy.pl\/index.php\/zadania-dla-klas-i-iii-15-17-kwietnia\/","title":{"rendered":"ZADANIA DLA KLAS I-III (15-17 KWIETNIA)"},"content":{"rendered":"<p style=\"text-align: justify;\">Jak zawsze &#8211; zach\u0119camy Was do korzystania ze stron edukacyjnych, kt\u00f3re podali\u015bmy w poprzednich\u00a0 tygodniach.<\/p>\n<p style=\"text-align: justify;\">W tym tygodniu proponuj\u0119 zaj\u0105\u0107 si\u0119 tematyk\u0105 naszego bezpiecze\u0144stwa &#8211; przypomnimy i utrwalimy sobie zasady bezpiecze\u0144stwa w kontaktach z nieznajomymi i w domu.\u00a0 Obejrzyjmy film edukacyjny: <a href=\"https:\/\/www.youtube.com\/watch?v=es000BRePBs\"><strong><em>&#8222;W\u0141\u0104CZ OSTRO\u017bNO\u015a\u0106&#8221;<\/em><\/strong>,<\/a> dzi\u0119ki kt\u00f3remu ustrze\u017cesz si\u0119 przed trudnymi i niebezpiecznymi sytuacjami zwi\u0105zanymi\u00a0 z obs\u0142ug\u0105 urz\u0105dze\u0144 elektrycznych w domu. Potem zobaczcie film <strong><em><a href=\"https:\/\/www.youtube.com\/watch?v=YZOw6JvT5Ug&amp;list=PLM3XE_qe1cx0bgCigC6IqTyalDONEStJw\">&#8222;BEZPIECZNE ZACHOWANIA&#8221;<\/a><\/em><\/strong>, kt\u00f3ry przypomni nam, jak dzwoni\u0107 na numery alarmowe i kiedy nale\u017cy to robi\u0107. Na koniec podsumujemy wiadomo\u015bci kr\u00f3ciutkim filmikiem <a href=\"https:\/\/www.youtube.com\/watch?v=9MzNdsvFHOc\"><strong><em>&#8222;BEZPIECZNI W DOMU I MIESZKANIU&#8221;.<\/em><\/strong><\/a><\/p>\n<p style=\"text-align: justify;\">Pos\u0142uchajcie te\u017c m\u0105drej piosenki Ma\u0142ej Orkiestry Dni Naszych: <a href=\"https:\/\/www.youtube.com\/watch?v=g1hb2iXPaoo\"><strong><em>&#8222;PIOSENKA O OGRANICZONYM ZAUFANIU&#8221;.<\/em><\/strong><\/a><\/p>\n<p>Nie zapomnijcie te\u017c o ruchu &#8211; w tym tygodniu proponuj\u0119 <a href=\"https:\/\/www.youtube.com\/watch?v=VNtWgtAf8Pc&amp;t=411s\"><strong><em>&#8222;WF &#8211; LEKCJA ON-LINE W DOMU&#8221;<\/em><\/strong><\/a>.<\/p>\n<p>Bie\u017c\u0105ce zadania i \u0107wiczenia nauczyciele ustalaj\u0105 z rodzicami i uczniami przez Messengera, telefonicznie, b\u0105d\u017a na adres e-mail:<\/p>\n<ul>\n<li><em>wychowawca klasy I e-mail: <a href=\"mailto:tomcug@poczta.fm\">tomcug@poczta.fm<\/a><\/em><\/li>\n<li><em>wychowawca klasy II e-mail: <a href=\"mailto:agroaga@o2.pl\">agroaga@o2.pl<\/a><\/em><\/li>\n<li><em>wychowawca klasy III e-mail: <a href=\"mailto:renata.basag@gmail.com\">renata.basag@gmail.com<\/a><\/em><\/li>\n<li><em>nauczyciel j\u0119zyka angielskiego e-mail: <a href=\"mailto:m.willow@wp.pl\">m.willow@wp.pl<\/a><\/em><\/li>\n<li><em>nauczyciel religii e-mail: <a href=\"mailto:biedor@op.pl\">biedor@op.pl<\/a><\/em><\/li>\n<\/ul>\n<p>Poni\u017cej przedstawiamy zadania z j\u0119zyka angielskiego i religii na nadchodz\u0105ce dni.<\/p>\n<hr \/>\n<h2 style=\"text-align: center;\"><strong><span style=\"color: #000080;\">KLASA I<\/span><\/strong><\/h2>\n<hr \/>\n<h2><strong><span style=\"color: #ff00ff;\">PI\u0104TEK<br \/>\n<\/span><\/strong><\/h2>\n<p><span style=\"text-decoration: underline;\"><strong><em><span style=\"color: #ff0000; text-decoration: underline;\">J\u0118ZYK ANGIELSKI<\/span><\/em><\/strong><\/span><\/p>\n<p style=\"text-align: justify;\"><em>Cele lekcji:<\/em><br \/>\n<em>&#8211; rozwiniesz umiej\u0119tno\u015b\u0107 s\u0142uchania i czytania.<\/em><\/p>\n<p style=\"text-align: justify;\">Spr\u00f3buj po\u0107wiczy\u0107 czytanie.<br \/>\nOtw\u00f3rz podr\u0119cznik na stronie 70, w\u0142\u0105cz nagranie 2\/19 o smutnym klaunie. S\u0142uchaj nagrania i wskazuj palcem w\u0142a\u015bciwe obrazki z historyjki. Spr\u00f3buj przeczyta\u0107 na g\u0142os fragmenty historyjki zamieszczone w podr\u0119czniku.<br \/>\nTranskrypcja i t\u0142umaczenie nagrania:<br \/>\n<a href=\"https:\/\/drive.google.com\/file\/d\/1gqjLMHiCqRXgWWFEXJDlUXm6NAHHie3c\/view?usp=sharing\">https:\/\/drive.google.com\/file\/d\/1gqjLMHiCqRXgWWFEXJDlUXm6NAHHie3c\/view?usp=sharing<\/a><\/p>\n<p>W razie pyta\u0144 prosz\u0119 si\u0119 ze mn\u0105 kontaktowa\u0107 przez Messenger lub pisz\u0105c na e-mail: <a href=\"mailto:m.willow@wp.pl\">m.willow@wp.pl<\/a><\/p>\n<p><span style=\"text-decoration: underline;\"><strong><em><span style=\"color: #ff0000; text-decoration: underline;\">RELIGIA<\/span><\/em><\/strong><\/span><\/p>\n<p><strong><span style=\"text-decoration: underline;\"><em>Temat 38 \u2013 Pan Jezus umiera na krzy\u017cu z mi\u0142o\u015bci do nas.<\/em><\/span><\/strong><br \/>\n<em>Cele:<\/em><br \/>\n<em>&#8211; Dowiesz si\u0119, \u017ce Pan Jezus umar\u0142 na krzy\u017cu w Wielki Pi\u0105tek.<\/em><br \/>\n<em>&#8211; B\u0119dziesz okazywa\u0142 szacunek krzy\u017cowi.<\/em><\/p>\n<p>Zadanie: Wykonaj polecenia z zeszytu \u0107wicze\u0144.<br \/>\nPorozmawiaj z rodzicami o wydarzeniach Wielkiego Pi\u0105tku.<\/p>\n<p>Prace prosz\u0119 przes\u0142a\u0107 na maila: <a href=\"mailto:biedor@op.pl\">biedor@op.pl<\/a><\/p>\n<hr \/>\n<h2 style=\"text-align: center;\"><strong><span style=\"color: #000080;\">KLASA II<\/span><\/strong><\/h2>\n<hr \/>\n<h2><strong><span style=\"color: #ff00ff;\">\u015aRODA<\/span><\/strong><\/h2>\n<p><span style=\"text-decoration: underline;\"><strong><em><span style=\"color: #ff0000; text-decoration: underline;\">RELIGIA<\/span><\/em><\/strong><\/span><\/p>\n<p><span style=\"text-decoration: underline;\"><strong><em>Temat &#8211; Wigilia Paschalna pocz\u0105tkiem rado\u015bci zmartwychwstania.<\/em><\/strong><\/span><br \/>\n<em>Cele:<\/em><br \/>\n<em>&#8211; Potrafisz wymieni\u0107 pokarmy niesione do po\u015bwi\u0119cenia.<\/em><br \/>\n<em>&#8211; B\u0119dziesz umia\u0142 opisa\u0107 jak wygl\u0105da gr\u00f3b Pana Jezusa.<\/em><\/p>\n<p>Zadanie: Wykonaj polecenia z zeszytu \u0107wicze\u0144.<br \/>\nPorozmawiaj z rodzicami o Wigilii Paschalnej.<\/p>\n<p>Prace prosz\u0119 przes\u0142a\u0107 na maila: <a href=\"mailto:biedor@op.pl\">biedor@op.pl<\/a><\/p>\n<h2><strong><span style=\"color: #ff00ff;\">CZWARTEK<\/span><\/strong><\/h2>\n<p><span style=\"text-decoration: underline;\"><strong><em><span style=\"color: #ff0000; text-decoration: underline;\">J\u0118ZYK ANGIELSKI<\/span><\/em><\/strong><\/span><\/p>\n<p><em>Cele lekcji:<\/em><br \/>\n<em>&#8211; poznasz s\u0142ownictwo nazywaj\u0105ce czynno\u015bci wykonywane w czasie wolnym,<\/em><br \/>\n<em>&#8211; po\u0107wiczysz pisanie.<\/em><\/p>\n<p style=\"text-align: justify;\">Przepisz do zeszytu wyra\u017cenia z ramki na stronie 72 podr\u0119cznika. Przet\u0142umacz je za pomoc\u0105 s\u0142owniczka, kt\u00f3ry znajduje si\u0119 z ty\u0142u ksi\u0105\u017cki.<br \/>\nNaucz si\u0119 tych wyra\u017ce\u0144.<br \/>\nWykonaj \u0107wiczenie 1 na stronie 88 \u0107wiczeni\u00f3wki.<\/p>\n<p style=\"text-align: justify;\">W razie pyta\u0144 prosz\u0119 si\u0119 ze mn\u0105 kontaktowa\u0107 przez Messenger lub pisz\u0105c na e-mail: <a href=\"mailto:m.willow@wp.pl\">m.willow@wp.pl<\/a><\/p>\n<hr \/>\n<h2 style=\"text-align: center;\"><strong><span style=\"color: #000080;\">KLASA III<\/span><\/strong><\/h2>\n<hr \/>\n<h2><strong><span style=\"color: #ff00ff;\">\u015aRODA<\/span><\/strong><\/h2>\n<p><span style=\"text-decoration: underline;\"><strong><em><span style=\"color: #ff0000; text-decoration: underline;\">J\u0118ZYK ANGIELSKI<\/span><\/em><\/strong><\/span><\/p>\n<p><em>Cele lekcji:<\/em><br \/>\n<em>&#8211; rozwiniesz umiej\u0119tno\u015b\u0107 czytania i s\u0142uchania ze rozumieniem,<\/em><br \/>\n<em>&#8211; utrwalisz nazwy codziennych czynno\u015bci.<\/em><\/p>\n<p style=\"text-align: justify;\">Otw\u00f3rz podr\u0119cznik na stronie 60.<br \/>\nW\u0142\u0105cz nagranie 2\/23, korzystaj\u0105c z kodu QR na tytu\u0142owej stronie podr\u0119cznika lub wchodz\u0105c na podan\u0105 stron\u0119 internetow\u0105. S\u0142uchaj nagrania, \u015bledz\u0105c tekst dialogu \u2013 mo\u017cesz powt\u00f3rzy\u0107 t\u0119 czynno\u015b\u0107 kilka razy.<br \/>\nSpr\u00f3buj przeczyta\u0107 na g\u0142os tekst z \u0107wiczenia 2 na stronie 60 podr\u0119cznika.<br \/>\nT\u0142umaczenie dialogu:<br \/>\n<a href=\"https:\/\/drive.google.com\/file\/d\/1zbf32ex7WIXV3gbbwx7wcGjtezKdi4-Z\/view?usp=sharing\">https:\/\/drive.google.com\/file\/d\/1zbf32ex7WIXV3gbbwx7wcGjtezKdi4-Z\/view?usp=sharing<\/a><\/p>\n<p style=\"text-align: justify;\">Wykonaj \u0107wiczenie 1 i 2 na stronie 74 \u0107wiczeni\u00f3wki. Uwaga! \u0106wiczenie 2 mo\u017cesz uzupe\u0142ni\u0107 na podstawie czytanki, nie musisz s\u0142ucha\u0107 nagrania.<br \/>\nW razie pyta\u0144 prosz\u0119 si\u0119 ze mn\u0105 kontaktowa\u0107 przez Messenger lub pisz\u0105c na e-mail: <a href=\"mailto:m.willow@wp.pl\">m.willow@wp.pl<\/a><\/p>\n<p><span style=\"text-decoration: underline;\"><strong><em><span style=\"color: #ff0000; text-decoration: underline;\">RELIGIA<\/span><\/em><\/strong><\/span><\/p>\n<p><span style=\"text-decoration: underline;\"><strong><em>Temat 53 \u2013 Zmartwychwstanie Jezusa zapowiedzi\u0105 naszego zmartwychwstania.<\/em><\/strong><\/span><br \/>\n<em>Cele:<\/em><br \/>\n<em>&#8211; Poznasz znaczenie symboli zwi\u0105zanych ze zmartwychwstaniem Jezusa.<\/em><br \/>\n<em>&#8211; B\u0119dziesz potrafi\u0142 opisa\u0107, na czym polega zmartwychwstanie Jezusa.<\/em><\/p>\n<p>Zadanie: Przeczytaj temat z podr\u0119cznika.<br \/>\nWykonaj polecenia z zeszytu \u0107wicze\u0144.<\/p>\n<p>Prace prosz\u0119 przes\u0142a\u0107 na maila: <a href=\"mailto:biedor@op.pl\">biedor@op.pl<\/a><\/p>\n<h2><strong><span style=\"color: #ff00ff;\">PI\u0104TEK<\/span><\/strong><\/h2>\n<p><span style=\"text-decoration: underline;\"><em><strong><span style=\"color: #ff0000; text-decoration: underline;\">RELIGIA<\/span><\/strong><\/em><\/span><\/p>\n<p><span style=\"text-decoration: underline;\"><strong><em>Temat 52 \u2013 \u015awiadome podj\u0119cie zobowi\u0105za\u0144 chrztu \u015bwi\u0119tego \u2013 odnowienie przyrzecze\u0144 chrzcielnych.<\/em><\/strong><\/span><br \/>\n<em>Cele:<\/em><br \/>\n<em>&#8211; B\u0119dziesz potrafi\u0142 wymieni\u0107, czego dotycz\u0105 przyrzeczenie chrzcielne.<\/em><br \/>\n<em>&#8211; Podzi\u0119kujesz Bogu i rodzicom za chrzest.<\/em><\/p>\n<p>Zadanie: Przeczytaj temat z podr\u0119cznika.<br \/>\nWykonaj polecenia z zeszytu \u0107wicze\u0144.<\/p>\n<p>Prace prosz\u0119 przes\u0142a\u0107 na maila: <a href=\"mailto:biedor@op.pl\">biedor@op.pl <\/a><\/p>\n","protected":false},"excerpt":{"rendered":"<p>Jak zawsze &#8211; zach\u0119camy Was do korzystania ze stron edukacyjnych, kt\u00f3re podali\u015bmy w poprzednich\u00a0 tygodniach. W tym tygodniu proponuj\u0119 zaj\u0105\u0107 si\u0119 tematyk\u0105 naszego bezpiecze\u0144stwa &#8211; przypomnimy i utrwalimy sobie zasady bezpiecze\u0144stwa w kontaktach z nieznajomymi i w domu.\u00a0 Obejrzyjmy film &hellip; <a href=\"http:\/\/spmlodzawy.pl\/index.php\/zadania-dla-klas-i-iii-15-17-kwietnia\/\">Czytaj dalej <span class=\"meta-nav\">&rarr;<\/span><\/a><\/p>\n","protected":false},"author":1,"featured_media":0,"parent":0,"menu_order":0,"comment_status":"closed","ping_status":"closed","template":"","meta":[],"_links":{"self":[{"href":"http:\/\/spmlodzawy.pl\/index.php\/wp-json\/wp\/v2\/pages\/21209"}],"collection":[{"href":"http:\/\/spmlodzawy.pl\/index.php\/wp-json\/wp\/v2\/pages"}],"about":[{"href":"http:\/\/spmlodzawy.pl\/index.php\/wp-json\/wp\/v2\/types\/page"}],"author":[{"embeddable":true,"href":"http:\/\/spmlodzawy.pl\/index.php\/wp-json\/wp\/v2\/users\/1"}],"replies":[{"embeddable":true,"href":"http:\/\/spmlodzawy.pl\/index.php\/wp-json\/wp\/v2\/comments?post=21209"}],"version-history":[{"count":18,"href":"http:\/\/spmlodzawy.pl\/index.php\/wp-json\/wp\/v2\/pages\/21209\/revisions"}],"predecessor-version":[{"id":21514,"href":"http:\/\/spmlodzawy.pl\/index.php\/wp-json\/wp\/v2\/pages\/21209\/revisions\/21514"}],"wp:attachment":[{"href":"http:\/\/spmlodzawy.pl\/index.php\/wp-json\/wp\/v2\/media?parent=21209"}],"curies":[{"name":"wp","href":"https:\/\/api.w.org\/{rel}","templated":true}]}}