{"id":21214,"date":"2020-04-01T17:00:49","date_gmt":"2020-04-01T15:00:49","guid":{"rendered":"http:\/\/spmlodzawy.pl\/?page_id=21214"},"modified":"2020-04-20T17:02:30","modified_gmt":"2020-04-20T15:02:30","slug":"zadania-dla-klas-i-iii-20-24-kwietnia","status":"publish","type":"page","link":"http:\/\/spmlodzawy.pl\/index.php\/zadania-dla-klas-i-iii-20-24-kwietnia\/","title":{"rendered":"ZADANIA DLA KLAS I-III (20-24 KWIETNIA)"},"content":{"rendered":"<p style=\"text-align: justify;\">Tradycyjnie, zach\u0119camy Was do korzystania ze stron edukacyjnych, kt\u00f3re podali\u015bmy w poprzednich tygodniach.<\/p>\n<p style=\"text-align: justify;\">W tym tygodniu b\u0119dziemy rozmawia\u0107 o zwierz\u0119tach hodowlanych. Edukacj\u0119 proponuj\u0119 rozpocz\u0105\u0107 od dw\u00f3ch film\u00f3w edukacyjnych, kt\u00f3re przybli\u017c\u0105 nam t\u0119 tematyk\u0119. Odpowiecie sobie napytanie, dlaczego hodujemy zwierz\u0119ta?\u00a0 Utrwalicie nazwy zwierz\u0105t hodowlanych i ich m\u0142odych, nazwy zabudowa\u0144 w gospodarstwie wiejskim, dowiecie si\u0119 te\u017c, czym te zwierz\u0119ta si\u0119 od\u017cywiaj\u0105.<\/p>\n<p><a href=\"https:\/\/www.youtube.com\/watch?v=CpcmvJTO5G4\"><em><strong>ZWIERZ\u0118TA HODOWLANE &#8211; 1\u00a0<\/strong><\/em><\/a> \u00a0 \u00a0 \u00a0 \u00a0 \u00a0 \u00a0\u00a0 \u00a0\u00a0 <strong><em><a href=\"https:\/\/www.youtube.com\/watch?v=xrgowwp1V-U\">ZWIERZ\u0118TA HODOWLANE &#8211;\u00a0 2<\/a><\/em><\/strong><\/p>\n<p>Pami\u0119tajcie te\u017c o ruchu &#8211; oto kilka propozycji:<\/p>\n<ul>\n<li><span class=\"js-activity-title-value\" dir=\"auto\"><a href=\"https:\/\/wordwall.net\/pl\/resource\/1335757\/sport-zdrowie\"><em><strong>SPORT TO ZDROWIE! &#8211; ruletka<\/strong><\/em><\/a><\/span><\/li>\n<li><strong><em><a href=\"https:\/\/wordwall.net\/pl\/resource\/1241721\/wiosenna-gimnastyka\">WIOSENNA GIMNASTYKA &#8211; ruletka<\/a><\/em><\/strong><\/li>\n<li><a href=\"https:\/\/wordwall.net\/pl\/resource\/908096\/wf\/wf-kl1-sp-zabawy-na%C5%9Bladowcze\"><strong><em>ZABAWY NA\u015aLADOWCZE &#8211; ruletka<\/em><\/strong><\/a><\/li>\n<\/ul>\n<p style=\"text-align: justify;\">Zapraszam Was do s\u0142uchania i \u015bpiewania weso\u0142ej i melodyjnej piosenki <a href=\"https:\/\/www.youtube.com\/watch?v=QPqALIknKwY\"><strong><em>&#8222;GDACZE KURA: KO KO KO&#8221;.\u00a0<\/em><\/strong><\/a>Utrwalicie r\u00f3wnie\u017c wiedz\u0119 o warto\u015bciach rytmicznych w oparciu o bardzo ciekawy filmik, kt\u00f3ry jasno i przejrzy\u015bcie\u00a0 wyja\u015bnia to zagadnienie &#8211; zobaczcie! <a href=\"https:\/\/www.youtube.com\/watch?v=ADRQMF9zrto\"><em><strong>WARTO\u015aCI RYTMICZNE<\/strong><\/em><\/a><\/p>\n<p style=\"text-align: justify;\">Dla utrwalenia nazw zwierz\u0105t hodowlanych i domowych proponuj\u0119 \u0142atw\u0105 i przyjemn\u0105 gr\u0119 edukacyjn\u0105 <a href=\"https:\/\/www.miniminiplus.pl\/kochane-zwierzaki\/gry\/zwierzeta-hodowlane-i-domowe\"><em><strong>ZWIERZAKI.<\/strong><\/em><\/a>\u00a0 Dla ambitnych &#8211; mo\u017cecie r\u00f3wnie\u017c spr\u00f3bowa\u0107 u\u0142o\u017cy\u0107 nie\u0142atwe\u00a0 <strong><em><a href=\"https:\/\/puzzlefactory.pl\/pl\/kategorie\/zwierzeta\">PUZZLE<\/a><\/em><\/strong> ze zwierzakami<em>.<\/em><\/p>\n<p>A mo\u017ce wykonasz bardzo prost\u0105 prac\u0119 &#8211; <em><strong><a href=\"https:\/\/www.youtube.com\/watch?v=UwYO6IcGNe4\">KURKA Z PLASTIKOWEJ \u0141Y\u017bKI?<\/a><\/strong><\/em><\/p>\n<p style=\"text-align: justify;\"><strong><em><span style=\"color: #ff0000;\">KOCHANI! PODAM JESZCZE LINK DO ZAJ\u0118\u0106 KOREKCYJNO \u2013 KOMPENSACYJNYCH. TO ZADANIE NA BIE\u017b\u0104CY TYDZIE\u0143 PRZYGOTOWA\u0141A DLA WAS PANI IZA!\u00a0 <a href=\"http:\/\/spmlodzawy.pl\/wp-content\/uploads\/2020\/04\/Zadania-dla-uczni\u00f3w-I-III.pdf\">ZADANIE<\/a><\/span><\/em><em> <span style=\"color: #008000;\"><a href=\"http:\/\/spmlodzawy.pl\/wp-content\/uploads\/2020\/04\/Zadania-dla-uczni\u00f3w-I-III.pdf\"><\/a><\/span><\/em><\/strong><\/p>\n<p style=\"text-align: justify;\"><em><strong>Bie\u017c\u0105ce zadania i \u0107wiczenia nauczyciele ustalaj\u0105 z rodzicami i uczniami przez Messengera, telefonicznie, b\u0105d\u017a na adres e-mail:<\/strong><\/em><br \/>\n<em>wychowawca klasy I e-mail: <a href=\"mailto:tomcug@poczta.fm\">tomcug@poczta.fm<\/a><\/em><br \/>\n<em> wychowawca klasy II e-mail: <a href=\"mailto:agroaga@o2.pl\">agroaga@o2.pl<\/a><\/em><br \/>\n<em> wychowawca klasy III e-mail: <a href=\"mailto:renata.basag@gmail.com\">renata.basag@gmail.com<\/a><\/em><br \/>\n<em> nauczyciel j\u0119zyka angielskiego e-mail: <a href=\"mailto:m.willow@wp.pl\">m.willow@wp.pl<\/a><\/em><br \/>\n<em> nauczyciel religii e-mail: <a href=\"mailto:biedor@op.pl\">biedor@op.pl<\/a><\/em><\/p>\n<p style=\"text-align: justify;\"><strong>Poni\u017cej przedstawiamy zadania z j\u0119zyka angielskiego i religii na nadchodz\u0105ce dni<\/strong><\/p>\n<hr \/>\n<h2 style=\"text-align: center;\"><em><strong><span style=\"color: #000080;\">KLASA I<\/span><\/strong><\/em><\/h2>\n<hr \/>\n<h2 style=\"text-align: center;\"><strong><span style=\"color: #ff00ff;\">PONIEDZIA\u0141EK<\/span><\/strong><\/h2>\n<p><span style=\"text-decoration: underline;\"><em><strong><span style=\"color: #ff0000; text-decoration: underline;\">RELIGIA<\/span><\/strong><\/em><\/span><\/p>\n<p><span style=\"text-decoration: underline;\"><strong><em>Temat 39 \u2013 W Wielk\u0105 Sobot\u0119 odwiedzamy Jezusa.<\/em><\/strong><\/span><\/p>\n<p><em>Cele:<\/em><br \/>\n<em>&#8211; Poznasz prawd\u0119, \u017ce w Wielka Sobot\u0119 Pan Jezus spoczywa\u0142 w grobie.<\/em><br \/>\n<em>&#8211; Podzi\u0119kujesz Bogu za zmartwychwstanie Jezusa.<\/em><\/p>\n<ul>\n<li>Zadanie: Wykonaj polecenia z zeszytu \u0107wicze\u0144.<\/li>\n<li>Porozmawiaj z rodzicami o zwyczajach Wielkiej Soboty.<\/li>\n<\/ul>\n<p>Prace prosz\u0119 przes\u0142a\u0107 na maila: <a href=\"mailto:biedor@op.pl\">biedor@op.pl<\/a><\/p>\n<h2 style=\"text-align: center;\"><strong><span style=\"color: #ff00ff;\">WTOREK<\/span><\/strong><\/h2>\n<p><span style=\"text-decoration: underline;\"><em><strong><span style=\"color: #ff0000; text-decoration: underline;\">J\u0118ZYK ANGIELSKI<\/span><\/strong><\/em><\/span><\/p>\n<p><em>Cele lekcji:<\/em><\/p>\n<ul>\n<li><em>powt\u00f3rzysz nazwy cz\u0119\u015bci cia\u0142a, kolory i liczebniki,<\/em><\/li>\n<li><em>nauczysz si\u0119, jak m\u00f3wi\u0107, \u017ce co\u015b masz.<\/em><\/li>\n<\/ul>\n<p>Otw\u00f3rz \u0107wiczeni\u00f3wk\u0119 na stronie 84 i wykonaj \u0107wiczenie 2. Przyjrzyj si\u0119 ilustracji klauna i zakre\u015bl, w\u0142a\u015bciwy wyraz.<\/p>\n<p>I\u2019ve got\u2026.. \u2013 Ja mam\u2026\u2026. (w miejscu kropek wpisujemy nazw\u0119 rzeczy, kt\u00f3r\u0105 mamy. Tego zdania mo\u017cemy u\u017cy\u0107 r\u00f3wnie\u017c do opisania cz\u0119\u015bci cia\u0142a).<\/p>\n<p>Przyk\u0142adowe zdania:<\/p>\n<p>I\u2019ve got small hands \u2013 Ja mam ma\u0142e r\u0119ce.<\/p>\n<p>I\u2019ve got a kite. \u2013 Ja mam latawiec.<\/p>\n<p style=\"text-align: justify;\">Wykonaj \u0107wiczenie 4 na stronie 84. Przypomnij sobie jak liczymy do 10. Policz cz\u0119\u015bci cia\u0142a potwork\u00f3w i napisz w\u0142a\u015bciw\u0105 liczb\u0119. Napisz wyrazy po \u015bladzie.<\/p>\n<p style=\"text-align: justify;\">W razie pyta\u0144 prosz\u0119 si\u0119 ze mn\u0105 kontaktowa\u0107 przez Messenger lub pisz\u0105c na e-mail: <a href=\"mailto:m.willow@wp.pl\">m.willow@wp.pl<\/a><\/p>\n<h2 style=\"text-align: center;\"><strong><span style=\"color: #ff00ff;\">PI\u0104TEK<\/span><\/strong><\/h2>\n<p><span style=\"text-decoration: underline;\"><em><strong><span style=\"color: #ff0000; text-decoration: underline;\">J\u0118ZYK ANGIELSKI<\/span><\/strong><\/em><\/span><\/p>\n<p><em>Cele lekcji:<\/em><\/p>\n<ul>\n<li><em>powt\u00f3rzysz nazwy kolor\u00f3w i cz\u0119\u015bci cia\u0142a,<\/em><\/li>\n<li style=\"text-align: justify;\"><em>nauczysz si\u0119 tworzy\u0107 proste wypowiedzi.<\/em><\/li>\n<\/ul>\n<p style=\"text-align: justify;\">Wykonaj \u0107wiczenie 3 ze strony 85 \u0107wiczeni\u00f3wki.<\/p>\n<p style=\"text-align: justify;\">Znajd\u017a na ko\u0144cu \u0107wiczeni\u00f3wki obrazki z kartami pokazanymi w \u0107wiczeniu i je wytnij. U\u0142\u00f3\u017c karty obrazkami do do\u0142u. Obracaj obrazki i m\u00f3w, co wylosowa\u0142e\u015b, korzystaj\u0105c ze zdania <strong>I\u2019ve got \u2026.. \u2013 ja mam\u2026..<\/strong><\/p>\n<p style=\"text-align: justify;\">W razie pyta\u0144 prosz\u0119 si\u0119 ze mn\u0105 kontaktowa\u0107 przez Messenger lub pisz\u0105c na e-mail: <a href=\"mailto:m.willow@wp.pl\">m.willow@wp.pl<\/a><\/p>\n<p><span style=\"text-decoration: underline;\"><em><strong><span style=\"color: #ff0000; text-decoration: underline;\">RELIGIA<\/span><\/strong><\/em><\/span><\/p>\n<p><span style=\"text-decoration: underline;\"><strong><em>Temat 40 \u2013 \u015awi\u0119tujemy zmartwychwstanie Jezusa.<\/em><\/strong><\/span><\/p>\n<p><em>Cele: <\/em><br \/>\n<em>&#8211; Poznasz prawd\u0119, \u017ce \u015bwi\u0119ta wielkanocne i ka\u017cda niedziela s\u0105 pami\u0105tk\u0105 zmartwychwstania Jezusa.<\/em><br \/>\n<em>&#8211; Potrafisz wymieni\u0107 znaki zmartwychwsta\u0142ego Jezusa.<\/em><\/p>\n<ul>\n<li>Zadanie: Wykonaj polecenia z zeszytu \u0107wicze\u0144.<\/li>\n<li><span style=\"text-decoration: underline;\">Dla ch\u0119tnych: Naucz si\u0119 wierszyka:<\/span><\/li>\n<\/ul>\n<p><em><strong>Dzwoni\u0105 dzwony w ca\u0142ym mie\u015bcie,<\/strong><\/em><br \/>\n<em><strong> Pan Jezus zmartwychwsta\u0142.<\/strong><\/em><br \/>\n<em><strong> \u015amier\u0107 zwyci\u0119\u017cy\u0142 ju\u017c na wieki,<\/strong><\/em><br \/>\n<em><strong> z Ojcem nas pojedna\u0142.<\/strong><\/em><\/p>\n<p>Prace prosz\u0119 przes\u0142a\u0107 na maila: <a href=\"mailto:biedor@op.pl\">biedor@op.pl<\/a><\/p>\n<hr \/>\n<h2 style=\"text-align: center;\"><em><strong><span style=\"color: #000080;\">KLASA II<\/span><\/strong><\/em><\/h2>\n<hr \/>\n<h2 style=\"text-align: center;\"><strong><span style=\"color: #ff00ff;\">PONIEDZIA\u0141EK<\/span><\/strong><\/h2>\n<p><span style=\"text-decoration: underline;\"><em><strong><span style=\"color: #ff0000; text-decoration: underline;\">J\u0118ZYK ANGIELSKI<\/span><\/strong><\/em><\/span><\/p>\n<p><em>Cele lekcji:<\/em><\/p>\n<p><em>&#8211; udoskonalisz umiej\u0119tno\u015b\u0107 czytania i s\u0142uchania.<\/em><\/p>\n<p>Otw\u00f3rz podr\u0119cznik na stornie 72.<\/p>\n<p>W\u0142\u0105cz\u00a0 nagranie 2\/24, korzystaj\u0105c z kodu QR na tytu\u0142owej stronie podr\u0119cznika, wchodz\u0105c na podan\u0105 stron\u0119 internetow\u0105 lub korzystaj\u0105c z linku:<\/p>\n<p><a href=\"https:\/\/drive.google.com\/file\/d\/1L7K0fFzV55mM2u9noWatWB2IToSgnqGb\/view?usp=sharing\">https:\/\/drive.google.com\/file\/d\/1L7K0fFzV55mM2u9noWatWB2IToSgnqGb\/view?usp=sharing<\/a><\/p>\n<p style=\"text-align: justify;\">S\u0142uchaj nagrania, \u015bledz\u0105c tekst dialogu \u2013 mo\u017cesz powt\u00f3rzy\u0107 t\u0119 czynno\u015b\u0107 kilka razy.<\/p>\n<p style=\"text-align: justify;\">Spr\u00f3buj przeczyta\u0107 fragmenty dialogu zamieszczone w podr\u0119czniku\u00a0 na g\u0142os.<\/p>\n<p style=\"text-align: justify;\">Transkrypcja i t\u0142umaczenie dialogu:<\/p>\n<p style=\"text-align: justify;\"><a href=\"https:\/\/drive.google.com\/file\/d\/1U-NtFRGnmGr9vF4X_qKhz3yoEJ4L7Cau\/view?usp=sharing\">https:\/\/drive.google.com\/file\/d\/1U-NtFRGnmGr9vF4X_qKhz3yoEJ4L7Cau\/view?usp=sharing<\/a><\/p>\n<p style=\"text-align: justify;\"><strong>Uwaga! Nagrania s\u0105 w\u0142asno\u015bci\u0105 Wydawnictwa Nowa Era i s\u0105 obj\u0119te ochron\u0105 prawno- autorsk\u0105,. Wydawnictwo umo\u017cliwi\u0142o udost\u0119pnienie\u00a0 ich dla uczniom i rodzicom, by mogli pracowa\u0107 zdalnie.<\/strong><\/p>\n<p style=\"text-align: justify;\"><strong>Zabronione jest <\/strong><strong>pobieranie materia\u0142\u00f3w w celu ich sprzeda\u017cy, rozprowadzania w\u015br\u00f3d os\u00f3b trzecich, publicznego prezentowania, udost\u0119pnianie materia\u0142\u00f3w na innych portalach internetowych.<\/strong><\/p>\n<p style=\"text-align: justify;\">W razie pyta\u0144 prosz\u0119 si\u0119 ze mn\u0105 kontaktowa\u0107 przez Messenger lub pisz\u0105c na e-mail: <a href=\"mailto:m.willow@wp.pl\">m.willow@wp.pl<\/a><\/p>\n<p><span style=\"text-decoration: underline;\"><strong><em><span style=\"color: #ff0000; text-decoration: underline;\">RELIGIA<\/span><\/em><\/strong><\/span><\/p>\n<p><span style=\"text-decoration: underline;\"><strong><em>Temat 36 \u2013 Wielkanoc- Niedziela Zmartwychwstania.<\/em><\/strong><\/span><\/p>\n<p><em>Cele:<\/em><br \/>\n<em>&#8211; Potrafisz wymieni\u0107 znaki i symbole wielkanocne i ich znaczenie.<\/em><br \/>\n<em>&#8211; B\u0119dziesz wyra\u017ca\u0142 wdzi\u0119czno\u015b\u0107 Jezusowi za Jego zmartwychwstanie i otwart\u0105 drog\u0119 do nieba.<\/em><\/p>\n<ul>\n<li>Zadanie: Wykonaj polecenia z zeszytu \u00a0\u0107wicze\u0144.<\/li>\n<\/ul>\n<p>Prace prosz\u0119 przes\u0142a\u0107 na maila: <a href=\"mailto:biedor@op.pl\">biedor@op.pl<\/a><\/p>\n<h2 style=\"text-align: center;\"><strong><span style=\"color: #ff00ff;\">\u015aRODA<\/span><\/strong><\/h2>\n<p><span style=\"text-decoration: underline;\"><em><strong><span style=\"color: #ff0000; text-decoration: underline;\">RELIGIA<\/span><\/strong><\/em><\/span><\/p>\n<p><span style=\"text-decoration: underline;\"><strong><em>Temat 37 \u2013 W ka\u017cd\u0105 niedziel\u0119 cieszymy si\u0119 zmartwychwstaniem Jezusa.<\/em><\/strong><\/span><\/p>\n<p><em>Cele: &#8211; Poznasz prawd\u0119, \u017ce niedziela jest pami\u0105tk\u0105 zmartwychwstania Jezusa.<\/em><br \/>\n<em> &#8211; B\u0119dziesz systematycznie uczestniczy\u0142 w niedzielnej Mszy \u015bw.<\/em><\/p>\n<ul>\n<li>Zadanie: Wykonaj polecenia z zeszytu \u0107wicze\u0144.<\/li>\n<li>Porozmawiaj z rodzicami \u201eCo w niedziel\u0119 powinno by\u0107 najwa\u017cniejsze dla dziecka Bo\u017cego?\u201d<\/li>\n<\/ul>\n<p>Prace prosz\u0119 przes\u0142a\u0107 na maila: <a href=\"mailto:biedor@op.pl\">biedor@op.pl<\/a><\/p>\n<h2 style=\"text-align: center;\"><strong><span style=\"color: #ff00ff;\"> CZWARTEK<\/span><\/strong><\/h2>\n<p><span style=\"text-decoration: underline;\"><em><strong><span style=\"color: #ff0000; text-decoration: underline;\">J\u0118ZYK ANGIELSKI<\/span><\/strong><\/em><\/span><\/p>\n<p><em>Cele:<\/em><\/p>\n<ul>\n<li style=\"text-align: justify;\"><em>utrwalisz s\u0142ownictwo zwi\u0105zane ze sp\u0119dzaniem czasu wolnego,<\/em><\/li>\n<li style=\"text-align: justify;\"><em>udoskonalisz umiej\u0119tno\u015b\u0107 czytania ze zrozumieniem.<\/em><\/li>\n<\/ul>\n<p style=\"text-align: justify;\">Przypomnij sobie s\u0142ownictwo ze strony 72. Wykonaj \u0107wiczenia 1, 2, i 3 na stronach 88-89. Praca zostanie oceniona.<\/p>\n<p>Nagranie 2.25 znajdziesz tutaj:<\/p>\n<p style=\"text-align: justify;\"><a href=\"https:\/\/drive.google.com\/file\/d\/1L7K0fFzV55mM2u9noWatWB2IToSgnqGb\/view?usp=sharing\">https:\/\/drive.google.com\/file\/d\/1L7K0fFzV55mM2u9noWatWB2IToSgnqGb\/view?usp=sharing<\/a><\/p>\n<p style=\"text-align: justify;\"><strong>Uwaga! Nagrania s\u0105 w\u0142asno\u015bci\u0105 Wydawnictwa Nowa Era i s\u0105 obj\u0119te ochron\u0105 prawno- autorsk\u0105,. Wydawnictwo umo\u017cliwi\u0142o udost\u0119pnienie\u00a0 ich dla uczniom i rodzicom, by mogli pracowa\u0107 zdalnie.<\/strong><\/p>\n<p style=\"text-align: justify;\"><strong>Zabronione jest <\/strong><strong>pobieranie materia\u0142\u00f3w w celu ich sprzeda\u017cy, rozprowadzania w\u015br\u00f3d os\u00f3b trzecich, publicznego prezentowania, udost\u0119pnianie materia\u0142\u00f3w na innych portalach internetowych.<\/strong><\/p>\n<p style=\"text-align: justify;\">Zdj\u0119cie wykonanych \u0107wicze\u0144 prosz\u0119 wys\u0142a\u0107 \u00a0na e-mail: <a href=\"mailto:m.willow@wp.pl\">m.willow@wp.pl<\/a> do ko\u0144ca tygodnia.<\/p>\n<hr \/>\n<h2 style=\"text-align: center;\"><em><strong><span style=\"color: #000080;\">KLASA III<\/span><\/strong><\/em><\/h2>\n<hr \/>\n<h2 style=\"text-align: center;\"><strong><span style=\"color: #ff00ff;\">PONIEDZIA\u0141EK<\/span><\/strong><\/h2>\n<p><span style=\"text-decoration: underline;\"><em><strong><span style=\"color: #ff0000; text-decoration: underline;\">J\u0118ZYK ANGIELSKI<\/span><\/strong><\/em><\/span><\/p>\n<p><em>Cele lekcji:<\/em><\/p>\n<p style=\"text-align: justify;\"><em>&#8211; nauczysz si\u0119 piosenki.<\/em><\/p>\n<p style=\"text-align: justify;\">Odtw\u00f3rz nagranie 2\/24 i naucz si\u0119 piosenki:<\/p>\n<p style=\"text-align: justify;\"><a href=\"https:\/\/drive.google.com\/file\/d\/1hCovs3nhUWAxbFMFrNfI_bQxPryp2mRQ\/view?usp=sharing\">https:\/\/drive.google.com\/file\/d\/1hCovs3nhUWAxbFMFrNfI_bQxPryp2mRQ\/view?usp=sharing<\/a><\/p>\n<p style=\"text-align: justify;\">Tekst i t\u0142umaczenie piosenki:<\/p>\n<p style=\"text-align: justify;\"><a href=\"https:\/\/drive.google.com\/file\/d\/1obJ2jxfxjV9FXEEb1ppYFwrJBNmgi4cJ\/view?usp=sharing\">https:\/\/drive.google.com\/file\/d\/1obJ2jxfxjV9FXEEb1ppYFwrJBNmgi4cJ\/view?usp=sharing<\/a><\/p>\n<p style=\"text-align: justify;\">W razie pyta\u0144 prosz\u0119 si\u0119 ze mn\u0105 kontaktowa\u0107 przez Messenger lub pisz\u0105c na e-mail: <a href=\"mailto:m.willow@wp.pl\">m.willow@wp.pl<\/a><\/p>\n<h2 style=\"text-align: center;\"><strong><span style=\"color: #ff00ff;\">\u015aRODA<\/span><\/strong><\/h2>\n<p><span style=\"text-decoration: underline;\"><em><strong><span style=\"color: #ff0000; text-decoration: underline;\">J\u0118ZYK ANGIELSKI<\/span><\/strong><\/em><\/span><\/p>\n<p><em>Cele lekcji:<\/em><\/p>\n<ul>\n<li><em>nauczysz si\u0119 uk\u0142ada\u0107 pytania typy Would you like\u2026? \u2013 Czy chcia\u0142by\u015b\u2026?,<\/em><\/li>\n<li><em>utrwalisz poznane s\u0142ownictwo.<\/em><\/li>\n<\/ul>\n<p>Przypomnij sobie piosenk\u0119 z ostatniej lekcji, nast\u0119pnie wykonaj \u0107wiczenie 4 na stronie 75 \u0107wiczeni\u00f3wki.<\/p>\n<p>Zapisz w zeszycie zdania:<\/p>\n<ul>\n<li>Would you like\u2026\u2026\u2026\u2026 in the morning? \u2013 Czy chcia\u0142by\u015b \u2026\u2026\u2026\u2026rano?<\/li>\n<li>Would you like\u2026\u2026\u2026.. in the evening? \u2013 Czy chcia\u0142by\u015b\u2026\u2026\u2026\u2026\u2026 wieczorem?<\/li>\n<li>Yes, I wolud. \u2013 Tak, chcia\u0142bym<\/li>\n<li>No, I wouldn\u2019t. \u2013 Nie, nie chcia\u0142bym.<\/li>\n<\/ul>\n<p>W miejscu kropek wpisz dowoln\u0105 nazw\u0119 czynno\u015bci, kt\u00f3re pozna\u0142e\u015b w tym rozdziale. Po\u0107wicz uk\u0142adanie pyta\u0144 i odpowiadanie na nie.<\/p>\n<p>Prosz\u0119 o wys\u0142anie zdj\u0119\u0107 wykonanego \u0107wiczenia przez Messenger lub pisz\u0105c na e-mail: <a href=\"mailto:m.willow@wp.pl\">m.willow@wp.pl<\/a><\/p>\n<p><span style=\"text-decoration: underline;\"><em><strong><span style=\"color: #ff0000; text-decoration: underline;\">RELIGIA<\/span><\/strong><\/em><\/span><\/p>\n<p>Temat 39 \u2013 M\u00f3j czynny i \u015bwiadomy udzia\u0142 we Mszy \u015bw.<br \/>\nCele:<br \/>\n&#8211; Potrafisz wymieni\u0107 cz\u0119\u015bci Mszy \u015bw.<br \/>\n&#8211; B\u0119dziesz aktywnie uczestniczy\u0142 we Mszy \u015bw.<\/p>\n<ul>\n<li>Zadanie: Przeczytaj temat ksi\u0105\u017cki.<\/li>\n<li>Wykonaj polecenia z zeszytu \u0107wicze\u0144.<\/li>\n<\/ul>\n<p>Prace prosz\u0119 przes\u0142a\u0107 na maila: <a href=\"mailto:biedor@op.pl\">biedor@op.pl<\/a><\/p>\n<h2 style=\"text-align: center;\"><strong><span style=\"color: #ff00ff;\">PI\u0104TEK<\/span><\/strong><\/h2>\n<p><span style=\"text-decoration: underline;\"><em><strong><span style=\"color: #ff0000; text-decoration: underline;\">RELIGIA<\/span><\/strong><\/em><\/span><\/p>\n<p><span style=\"text-decoration: underline;\"><strong><em>Temat 40 \u2013 We wsp\u00f3lnocie Ko\u015bcio\u0142a przepraszamy Boga i ludzi.<\/em><\/strong><\/span><br \/>\n<em>Cele:<\/em><br \/>\n<em>&#8211; Zrozumiesz istot\u0119 spowiedzi powszechnej we Mszy \u015bw.<\/em><br \/>\n<em>&#8211; B\u0119dziesz ch\u0119tnie przeprasza\u0142 Boga i ludzi.<\/em><\/p>\n<ul>\n<li>Zadanie: Przeczytaj temat z ksi\u0105\u017cki.<\/li>\n<li>Wykonaj polecenia z zeszytu \u0107wicze\u0144.<\/li>\n<\/ul>\n<p>Prace prosz\u0119 przes\u0142a\u0107 na maila: <a href=\"mailto:biedor@op.pl\">biedor@op.pl<\/a><\/p>\n","protected":false},"excerpt":{"rendered":"<p>Tradycyjnie, zach\u0119camy Was do korzystania ze stron edukacyjnych, kt\u00f3re podali\u015bmy w poprzednich tygodniach. W tym tygodniu b\u0119dziemy rozmawia\u0107 o zwierz\u0119tach hodowlanych. Edukacj\u0119 proponuj\u0119 rozpocz\u0105\u0107 od dw\u00f3ch film\u00f3w edukacyjnych, kt\u00f3re przybli\u017c\u0105 nam t\u0119 tematyk\u0119. Odpowiecie sobie napytanie, dlaczego hodujemy zwierz\u0119ta?\u00a0 Utrwalicie &hellip; <a href=\"http:\/\/spmlodzawy.pl\/index.php\/zadania-dla-klas-i-iii-20-24-kwietnia\/\">Czytaj dalej <span class=\"meta-nav\">&rarr;<\/span><\/a><\/p>\n","protected":false},"author":1,"featured_media":0,"parent":0,"menu_order":0,"comment_status":"closed","ping_status":"closed","template":"","meta":[],"_links":{"self":[{"href":"http:\/\/spmlodzawy.pl\/index.php\/wp-json\/wp\/v2\/pages\/21214"}],"collection":[{"href":"http:\/\/spmlodzawy.pl\/index.php\/wp-json\/wp\/v2\/pages"}],"about":[{"href":"http:\/\/spmlodzawy.pl\/index.php\/wp-json\/wp\/v2\/types\/page"}],"author":[{"embeddable":true,"href":"http:\/\/spmlodzawy.pl\/index.php\/wp-json\/wp\/v2\/users\/1"}],"replies":[{"embeddable":true,"href":"http:\/\/spmlodzawy.pl\/index.php\/wp-json\/wp\/v2\/comments?post=21214"}],"version-history":[{"count":39,"href":"http:\/\/spmlodzawy.pl\/index.php\/wp-json\/wp\/v2\/pages\/21214\/revisions"}],"predecessor-version":[{"id":21768,"href":"http:\/\/spmlodzawy.pl\/index.php\/wp-json\/wp\/v2\/pages\/21214\/revisions\/21768"}],"wp:attachment":[{"href":"http:\/\/spmlodzawy.pl\/index.php\/wp-json\/wp\/v2\/media?parent=21214"}],"curies":[{"name":"wp","href":"https:\/\/api.w.org\/{rel}","templated":true}]}}