{"id":21501,"date":"2020-04-14T11:17:58","date_gmt":"2020-04-14T09:17:58","guid":{"rendered":"http:\/\/spmlodzawy.pl\/?page_id=21501"},"modified":"2020-04-14T11:18:57","modified_gmt":"2020-04-14T09:18:57","slug":"zadania-dla-dzieci-z-przedszkola-15-17-kwietnia","status":"publish","type":"page","link":"http:\/\/spmlodzawy.pl\/index.php\/zadania-dla-dzieci-z-przedszkola-15-17-kwietnia\/","title":{"rendered":"ZADANIA DLA DZIECI Z PRZEDSZKOLA (15-17 KWIETNIA)"},"content":{"rendered":"<p><span style=\"text-decoration: underline;\"><em><strong><span style=\"color: #ff0000; text-decoration: underline;\">RELIGIA<\/span><\/strong><\/em><\/span><\/p>\n<p>Mo\u017cna skorzysta\u0107 ze strony internetowej (wydrukowa\u0107 i pokolorowa\u0107 temat 31):<br \/>\n<a href=\"https:\/\/www.jednosc.com.pl\/strefakatechety\/images\/zdalne-lekcje-religii\/przedszkole\/tem_30_56_Podrecznik_szesciolatki_Kocham_dobrego_Boga.pdf\">https:\/\/www.jednosc.com.pl\/strefakatechety\/images\/zdalne-lekcje-religii\/przedszkole\/tem_30_56_Podrecznik_szesciolatki_Kocham_dobrego_Boga.pdf <\/a><br \/>\nKto ma zeszyt \u0107wicze\u0144 koloruje temat 31.<\/p>\n<p>W razie pyta\u0144 prosz\u0119 o kontakt: <a href=\"mailto:biedor@op.pl\">biedor@op.pl<\/a><\/p>\n","protected":false},"excerpt":{"rendered":"<p>RELIGIA Mo\u017cna skorzysta\u0107 ze strony internetowej (wydrukowa\u0107 i pokolorowa\u0107 temat 31): https:\/\/www.jednosc.com.pl\/strefakatechety\/images\/zdalne-lekcje-religii\/przedszkole\/tem_30_56_Podrecznik_szesciolatki_Kocham_dobrego_Boga.pdf Kto ma zeszyt \u0107wicze\u0144 koloruje temat 31. W razie pyta\u0144 prosz\u0119 o kontakt: biedor@op.pl<\/p>\n","protected":false},"author":1,"featured_media":0,"parent":0,"menu_order":0,"comment_status":"closed","ping_status":"closed","template":"","meta":[],"_links":{"self":[{"href":"http:\/\/spmlodzawy.pl\/index.php\/wp-json\/wp\/v2\/pages\/21501"}],"collection":[{"href":"http:\/\/spmlodzawy.pl\/index.php\/wp-json\/wp\/v2\/pages"}],"about":[{"href":"http:\/\/spmlodzawy.pl\/index.php\/wp-json\/wp\/v2\/types\/page"}],"author":[{"embeddable":true,"href":"http:\/\/spmlodzawy.pl\/index.php\/wp-json\/wp\/v2\/users\/1"}],"replies":[{"embeddable":true,"href":"http:\/\/spmlodzawy.pl\/index.php\/wp-json\/wp\/v2\/comments?post=21501"}],"version-history":[{"count":2,"href":"http:\/\/spmlodzawy.pl\/index.php\/wp-json\/wp\/v2\/pages\/21501\/revisions"}],"predecessor-version":[{"id":21505,"href":"http:\/\/spmlodzawy.pl\/index.php\/wp-json\/wp\/v2\/pages\/21501\/revisions\/21505"}],"wp:attachment":[{"href":"http:\/\/spmlodzawy.pl\/index.php\/wp-json\/wp\/v2\/media?parent=21501"}],"curies":[{"name":"wp","href":"https:\/\/api.w.org\/{rel}","templated":true}]}}