{"id":21617,"date":"2020-04-18T21:11:13","date_gmt":"2020-04-18T19:11:13","guid":{"rendered":"http:\/\/spmlodzawy.pl\/?page_id=21617"},"modified":"2020-04-23T10:48:29","modified_gmt":"2020-04-23T08:48:29","slug":"zadania-dla-dzieci-z-przedszkola-20-24-kwietnia","status":"publish","type":"page","link":"http:\/\/spmlodzawy.pl\/index.php\/zadania-dla-dzieci-z-przedszkola-20-24-kwietnia\/","title":{"rendered":"ZADANIA DLA DZIECI Z PRZEDSZKOLA (20-24 kwietnia)"},"content":{"rendered":"<p style=\"text-align: justify;\"><span style=\"text-decoration: underline;\"><strong><em><span style=\"color: #ff0000; text-decoration: underline;\">RELIGIA<\/span><\/em><\/strong><\/span><\/p>\n<ul>\n<li style=\"text-align: justify;\">Mo\u017cna skorzysta\u0107 ze strony internetowej (wydrukowa\u0107 i wykona\u0107 polecenia z tematu 32):<br \/>\n<a href=\"https:\/\/www.jednosc.com.pl\/strefakatechety\/images\/zdalne-lekcje-religii\/przedszkole\/tem_30_56_Podrecznik_szesciolatki_Kocham_dobrego_Boga.pdf\">https:\/\/www.jednosc.com.pl\/strefakatechety\/images\/zdalne-lekcje-religii\/przedszkole\/tem_30_56_Podrecznik_szesciolatki_Kocham_dobrego_Boga.pdf<\/a><\/li>\n<li style=\"text-align: justify;\">Kto ma zeszyt \u0107wicze\u0144 wykonuje polecenia z tematu 32.<\/li>\n<\/ul>\n<p>Prace mo\u017cna przes\u0142a\u0107 na maila: <a href=\"mailto:biedor@op.pl\">biedor@op.pl<\/a><\/p>\n<p><span style=\"text-decoration: underline;\"><em><strong><span style=\"color: #ff0000; text-decoration: underline;\">J\u0118ZYK ANGIELSKI<\/span><\/strong><\/em><\/span><\/p>\n<p style=\"text-align: justify;\">W tym tygodniu spr\u00f3bujcie nauczy\u0107 si\u0119 nazw zabawek oraz za\u015bpiewacie piosenk\u0119 o sprz\u0105taniu.<\/p>\n<div>\n<p style=\"text-align: justify;\">Obejrzyj piosenk\u0119 i zgadnij jaka zabawka kryje si\u0119 pod kwadracikami. W trakcie ogl\u0105dania nagrania powtarzaj nazwy pojawiaj\u0105cych si\u0119 zabawek.<\/p>\n<p style=\"text-align: justify;\"><a href=\"https:\/\/www.youtube.com\/watch?v=8-SWzpdcl6E\">https:\/\/www.youtube.com\/watch?v=8-SWzpdcl6E<\/a><\/p>\n<p style=\"text-align: justify;\">Po zabawie trzeba koniecznie posprz\u0105ta\u0107. Jak my\u015blisz, dlaczego zabawki trzeba od\u0142o\u017cy\u0107 na ich miejsce? W odpowiedzi mo\u017ce pom\u00f3c Ci obejrzenie i wys\u0142uchanie piosenki. Spr\u00f3buj j\u0105 za\u015bpiewa\u0107.<\/p>\n<p><a href=\"https:\/\/www.youtube.com\/watch?v=-h8ej3PWcgY\">https:\/\/www.youtube.com\/watch?v=-h8ej3PWcgY<\/a><\/p>\n<p><em><span style=\"text-decoration: underline;\"><strong><span style=\"color: #ff0000; text-decoration: underline;\">ZAJ\u0118CIA SPORTOWE<\/span><\/strong><\/span><\/em><\/p>\n<p><iframe loading=\"lazy\" width=\"640\" height=\"360\" src=\"https:\/\/www.youtube.com\/embed\/2BQCcIjudZ8?feature=oembed\" frameborder=\"0\" allow=\"accelerometer; autoplay; encrypted-media; gyroscope; picture-in-picture\" allowfullscreen><\/iframe><\/p>\n<\/div>\n","protected":false},"excerpt":{"rendered":"<p>RELIGIA Mo\u017cna skorzysta\u0107 ze strony internetowej (wydrukowa\u0107 i wykona\u0107 polecenia z tematu 32): https:\/\/www.jednosc.com.pl\/strefakatechety\/images\/zdalne-lekcje-religii\/przedszkole\/tem_30_56_Podrecznik_szesciolatki_Kocham_dobrego_Boga.pdf Kto ma zeszyt \u0107wicze\u0144 wykonuje polecenia z tematu 32. Prace mo\u017cna przes\u0142a\u0107 na maila: biedor@op.pl J\u0118ZYK ANGIELSKI W tym tygodniu spr\u00f3bujcie nauczy\u0107 si\u0119 nazw zabawek oraz &hellip; <a href=\"http:\/\/spmlodzawy.pl\/index.php\/zadania-dla-dzieci-z-przedszkola-20-24-kwietnia\/\">Czytaj dalej <span class=\"meta-nav\">&rarr;<\/span><\/a><\/p>\n","protected":false},"author":1,"featured_media":0,"parent":0,"menu_order":0,"comment_status":"closed","ping_status":"closed","template":"","meta":[],"_links":{"self":[{"href":"http:\/\/spmlodzawy.pl\/index.php\/wp-json\/wp\/v2\/pages\/21617"}],"collection":[{"href":"http:\/\/spmlodzawy.pl\/index.php\/wp-json\/wp\/v2\/pages"}],"about":[{"href":"http:\/\/spmlodzawy.pl\/index.php\/wp-json\/wp\/v2\/types\/page"}],"author":[{"embeddable":true,"href":"http:\/\/spmlodzawy.pl\/index.php\/wp-json\/wp\/v2\/users\/1"}],"replies":[{"embeddable":true,"href":"http:\/\/spmlodzawy.pl\/index.php\/wp-json\/wp\/v2\/comments?post=21617"}],"version-history":[{"count":5,"href":"http:\/\/spmlodzawy.pl\/index.php\/wp-json\/wp\/v2\/pages\/21617\/revisions"}],"predecessor-version":[{"id":21778,"href":"http:\/\/spmlodzawy.pl\/index.php\/wp-json\/wp\/v2\/pages\/21617\/revisions\/21778"}],"wp:attachment":[{"href":"http:\/\/spmlodzawy.pl\/index.php\/wp-json\/wp\/v2\/media?parent=21617"}],"curies":[{"name":"wp","href":"https:\/\/api.w.org\/{rel}","templated":true}]}}