{"id":22260,"date":"2020-05-14T20:42:56","date_gmt":"2020-05-14T18:42:56","guid":{"rendered":"http:\/\/spmlodzawy.pl\/?page_id=22260"},"modified":"2020-05-25T13:43:50","modified_gmt":"2020-05-25T11:43:50","slug":"zadania-dla-klas-i-iii-24-29-maja","status":"publish","type":"page","link":"http:\/\/spmlodzawy.pl\/index.php\/zadania-dla-klas-i-iii-24-29-maja\/","title":{"rendered":"ZADANIA DLA KLAS I-III (24-29 maja)"},"content":{"rendered":"<p>Tematem wiod\u0105cym tego tygodnia jest <strong><em>MAMA, RODZINA.<\/em><\/strong><\/p>\n<p style=\"text-align: justify;\">Na pocz\u0105tku wzruszaj\u0105ce filmiki z \u017cyczeniami, kt\u00f3re chocia\u017c cz\u0119\u015bciowo wyra\u017c\u0105 podzi\u0119kowanie za ka\u017cdy dzie\u0144, za ka\u017cdy trud, za&#8230; wszystko, co dajecie swoim dzieciom, kochane Mamy.??\u200d\u2764\ufe0f\u200d?<\/p>\n<p><iframe loading=\"lazy\" width=\"640\" height=\"360\" src=\"https:\/\/www.youtube.com\/embed\/ueZ1vWjjYTY?feature=oembed\" frameborder=\"0\" allow=\"accelerometer; autoplay; encrypted-media; gyroscope; picture-in-picture\" allowfullscreen><\/iframe><\/p>\n<p style=\"text-align: center;\"><a href=\"https:\/\/biteable.com\/watch\/dzie-matki-copy-2558199?fbclid=IwAR2u3V5whlAKgB3ftvTcmgwChK9_bOiR7H7gfWM0baDHGSjyyhk_hTK4j_M\"><em><strong>DLA KOCHANEJ MAMY! <\/strong><\/em><strong>?\u2764?<\/strong><\/a><\/p>\n<p style=\"text-align: justify;\">Teraz zaprosz\u0119 Was na film <em><strong>&#8222;Zabawy z mam\u0105&#8221;,<\/strong><\/em> podczas kt\u00f3rego zostaniecie zach\u0119ceni do ro\u017cnego rodzaju aktywno\u015bci i wiele si\u0119 nauczycie.<\/p>\n<p><iframe loading=\"lazy\" width=\"640\" height=\"360\" src=\"https:\/\/www.youtube.com\/embed\/LYGVeCDoFOc?feature=oembed\" frameborder=\"0\" allow=\"accelerometer; autoplay; encrypted-media; gyroscope; picture-in-picture\" allowfullscreen><\/iframe><\/p>\n<p>Do pos\u0142uchania proponuj\u0119 piosenk\u0119 o rodzince: ?\u200d?\u200d?\u200d?<\/p>\n<p><iframe loading=\"lazy\" width=\"640\" height=\"480\" src=\"https:\/\/www.youtube.com\/embed\/9CAEhPUDlA4?feature=oembed\" frameborder=\"0\" allow=\"accelerometer; autoplay; encrypted-media; gyroscope; picture-in-picture\" allowfullscreen><\/iframe><\/p>\n<p><strong>Natomiast do nauki b\u0119dzie <em><a href=\"https:\/\/drive.google.com\/file\/d\/1dY221B1TEojeQb15nNEaXYMg7owXFhmE\/view\">&#8222;Polonez o mamie&#8221;<\/a>.<\/em>?\u200d\u2640\ufe0f<\/strong><\/p>\n<p style=\"text-align: justify;\">Drogie dzieci. Popro\u015bcie tat\u0119, babci\u0119, cioci\u0119 i razem wykonajcie upominek dla waszej Mamy &#8211; <strong><em>&#8222;<\/em><\/strong><span class=\"oi732d6d ik7dh3pa d2edcug0 qv66sw1b c1et5uql a8c37x1j s89635nw ew0dbk1b a5q79mjw g1cxx5fr lrazzd5p oo9gr5id\" dir=\"auto\"><span class=\"oi732d6d ik7dh3pa d2edcug0 qv66sw1b c1et5uql a5q79mjw g1cxx5fr ekzkrbhg oo9gr5id a8c37x1j ni8dbmo4 stjgntxs ltmttdrg g0qnabr5\"><strong><em>Kwiatki na Dzie\u0144 Matki z wykorzystaniem patyczk\u00f3w higienicznych&#8221;<\/em><\/strong>.<\/span><\/span> ?B\u0119dzie bardzo szcz\u0119\u015bliwa!<\/p>\n<p style=\"text-align: center;\"><strong><em><a href=\"https:\/\/www.facebook.com\/szkolneinspiracje\/videos\/1192583374203678\/UzpfSTgxMDEwMDY1NTc4NTI4NzoyODgwNzE3NDEyMDU2OTI0\/\"> LINK DO FILMIKU &#8211; &#8222;KWIATKI NA DZIE\u0143 MATKI&#8221; <\/a><\/em><a href=\"https:\/\/www.facebook.com\/szkolneinspiracje\/videos\/1192583374203678\/UzpfSTgxMDEwMDY1NTc4NTI4NzoyODgwNzE3NDEyMDU2OTI0\/\">??<\/a><\/strong><\/p>\n<p>No i oczywi\u015bcie nie zapominamy o zabawach i \u0107wiczeniach. Oto propozycje:<\/p>\n<p><iframe loading=\"lazy\" width=\"640\" height=\"360\" src=\"https:\/\/www.youtube.com\/embed\/Xh6wmRAVdVg?feature=oembed\" frameborder=\"0\" allow=\"accelerometer; autoplay; encrypted-media; gyroscope; picture-in-picture\" allowfullscreen><\/iframe><\/p>\n<p class=\"title-and-badge style-scope ytd-video-renderer\"><em><strong>&#8222;WF Online w domu III &#8211; dla klas 1-3 na 5 dni tygodnia&#8221; <\/strong><\/em><strong>\u26f9\ufe0f\u200d\u2642\ufe0f<\/strong><em><strong><br \/>\n<\/strong><\/em><\/p>\n<p><iframe loading=\"lazy\" width=\"640\" height=\"360\" src=\"https:\/\/www.youtube.com\/embed\/O9FIhGaJFdk?feature=oembed\" frameborder=\"0\" allow=\"accelerometer; autoplay; encrypted-media; gyroscope; picture-in-picture\" allowfullscreen><\/iframe><\/p>\n<p class=\"title style-scope ytd-video-primary-info-renderer\"><em><strong>&#8222;W-F w DomU &#8211; Zabawy ruchowe z BALONEM&#8221; <\/strong><\/em><strong>?\u200d\u2642\ufe0f<\/strong><em><strong><br \/>\n<\/strong><\/em><\/p>\n<p><iframe loading=\"lazy\" width=\"640\" height=\"360\" src=\"https:\/\/www.youtube.com\/embed\/g0cPDe6X_ik?feature=oembed\" frameborder=\"0\" allow=\"accelerometer; autoplay; encrypted-media; gyroscope; picture-in-picture\" allowfullscreen><\/iframe><\/p>\n<p style=\"text-align: justify;\"><em><strong>\u201eWF w domu cz. VI. \u0106wiczenia z nietypowym przyborem &#8211; papier toaletowy\u201d.?\u200d\u2640\ufe0f<\/strong><\/em><\/p>\n<p>Bie\u017c\u0105ce zadania i \u0107wiczenia nauczyciele ustalaj\u0105 z rodzicami i uczniami przez Messengera, telefonicznie, b\u0105d\u017a na adres e-mail:<br \/>\n<em>wychowawca klasy I e-mail: <a href=\"mailto:tomcug@poczta.fm\">tomcug@poczta.fm<\/a><\/em><br \/>\n<em> wychowawca klasy II e-mail: <a href=\"mailto:agroaga@o2.pl\">agroaga@o2.pl<\/a><\/em><br \/>\n<em> wychowawca klasy III e-mail: <a href=\"mailto:renata.basag@gmail.com\">renata.basag@gmail.com<\/a><\/em><br \/>\n<em> nauczyciel j\u0119zyka angielskiego e-mail: <a href=\"mailto:m.willow@wp.pl\">m.willow@wp.pl<\/a><\/em><br \/>\n<em> nauczyciel religii e-mail: <a href=\"mailto:biedor@op.pl\">biedor@op.pl<\/a><\/em><\/p>\n<p style=\"text-align: justify;\"><em><span style=\"text-decoration: underline;\"><span style=\"color: #d13b08; text-decoration: underline;\">KOCHANI! PODAM JESZCZE LINK DO ZAJ\u0118\u0106 KOREKCYJNO \u2013 KOMPENSACYJNYCH. TO ZADANIE NA BIE\u017b\u0104CY TYDZIE\u0143 PRZYGOTOWA\u0141A DLA WAS PANI IZA!<strong>\u00a0 <\/strong><a href=\"http:\/\/spmlodzawy.pl\/wp-content\/uploads\/2020\/05\/Zadania-dla-uczni\u00f3w-25.05-29.05.pdf\"><strong>ZADANIE<\/strong><\/a><\/span><\/span><\/em><\/p>\n<p>Poni\u017cej przedstawiamy zadania z j\u0119zyka angielskiego i religii na nadchodz\u0105ce dni<\/p>\n<hr \/>\n<h2 style=\"text-align: center;\"><strong><span style=\"color: #0000ff;\">KLASA I<\/span><\/strong><\/h2>\n<hr \/>\n<h2 style=\"text-align: center;\"><strong><span style=\"color: #0b470b;\">PONIEDZIA\u0141EK<\/span><\/strong><\/h2>\n<p><span style=\"text-decoration: underline;\"><strong><em><span style=\"color: #ff0000; text-decoration: underline;\">RELIGIA<\/span><\/em><\/strong><\/span><\/p>\n<p style=\"text-align: justify;\"><strong><em>Temat 45 \u2013<span style=\"text-decoration: underline;\"> Jezus zmartwychwsta\u0142y zaprasza nas do swego sto\u0142u.<\/span><\/em><\/strong><br \/>\n<strong><em>Cele:<\/em><\/strong><br \/>\n<em>&#8211; B\u0119dziesz pami\u0119ta\u0142, \u017ce Pan Jezus jest obecny na o\u0142tarzu w znakach chleba i wina.<\/em><br \/>\n<em>&#8211; Potrafisz wykona\u0107 znak pokoju.<\/em><\/p>\n<p style=\"text-align: justify;\"><span style=\"text-decoration: underline;\"><strong>Zadanie:<\/strong><\/span><br \/>\nWykonaj polecenia z zeszytu \u0107wicze\u0144.<br \/>\nPorozmawiaj z rodzicami: Co oznacza podanie d\u0142oni w czasie Mszy \u015bw.?<br \/>\nPod jakimi postaciami Pan Jezus ukry\u0142 swoje Cia\u0142o i swoj\u0105 Krew?<\/p>\n<p style=\"text-align: justify;\">Prace prosz\u0119 przes\u0142a\u0107 na maila: <a href=\"mailto:biedor@op.pl\">biedor@op.pl<\/a><\/p>\n<h2 style=\"text-align: center;\"><strong><span style=\"color: #0b470b;\"> WTOREK<\/span><\/strong><\/h2>\n<p><span style=\"text-decoration: underline;\"><strong><em><span style=\"color: #ff0000; text-decoration: underline;\">J\u0118ZYK ANGIELSKI<\/span><\/em><\/strong><\/span><\/p>\n<p><strong><em>Cele lekcji:<\/em><\/strong><\/p>\n<ul>\n<li><em>nauczysz si\u0119 nazw ubra\u0144.<\/em><\/li>\n<\/ul>\n<p>Naucz si\u0119 s\u0142\u00f3wek nazywaj\u0105cych ubrania z tabelki na stronie 86 podr\u0119cznika. Pos\u0142uchaj nagrania, by pozna\u0107 ich wymow\u0119.<\/p>\n<p><a href=\"https:\/\/drive.google.com\/open?id=1SSvITDnUdLKiH9VvsNdJHCxcc3dDyQ0u\">https:\/\/drive.google.com\/open?id=1SSvITDnUdLKiH9VvsNdJHCxcc3dDyQ0u<\/a><\/p>\n<p>Wykonaj ustnie \u0107wiczenie 1 na stronie 86. Pos\u0142uchaj nagrania. Powiedz, na kt\u00f3rej fotografii znajduje si\u0119 Bill, a na kt\u00f3rej Tim.<\/p>\n<p><a href=\"https:\/\/drive.google.com\/open?id=1Y_94S3s21k6Xy6Fdp_76xr-OyzwR1BpM\">https:\/\/drive.google.com\/open?id=1Y_94S3s21k6Xy6Fdp_76xr-OyzwR1BpM<\/a><\/p>\n<p>Wykonaj \u0107wiczenie 1 na stronie 104 i 4 na stronie 105 \u00a0\u0107wiczeni\u00f3wki.<\/p>\n<p style=\"text-align: justify;\">W razie pyta\u0144 prosz\u0119 si\u0119 ze mn\u0105 kontaktowa\u0107 przez Messenger lub pisz\u0105c na e-mail: <a href=\"mailto:m.willow@wp.pl\">m.willow@wp.pl<\/a><\/p>\n<h2 style=\"text-align: center;\"><strong><span style=\"color: #0b470b;\">PI\u0104TEK<\/span><\/strong><\/h2>\n<p><span style=\"text-decoration: underline;\"><strong><em><span style=\"color: #ff0000; text-decoration: underline;\">J\u0118ZYK ANGIELSKI<\/span><\/em><\/strong><\/span><\/p>\n<p style=\"text-align: justify;\"><strong><em>Cele lekcji:<\/em><\/strong><\/p>\n<ul style=\"text-align: justify;\">\n<li><em>utrwalisz nazwy ubra\u0144,<\/em><\/li>\n<li><em>po\u0107wiczysz m\u00f3wienie.<\/em><\/li>\n<\/ul>\n<p style=\"text-align: justify;\">Wykonaj \u0107wiczenie 2 na stronie 104.<\/p>\n<p style=\"text-align: justify;\">Wytnij karty z obrazkami ubra\u0144, kt\u00f3re znajduj\u0105 si\u0119 z ty\u0142u \u0107wiczeni\u00f3wki. Pos\u0142uchaj nagrania i u\u0142\u00f3\u017c karty we w\u0142a\u015bciwej kolejno\u015bci.<\/p>\n<p style=\"text-align: justify;\"><a href=\"https:\/\/drive.google.com\/open?id=1AnI7Y4CXKrOJ4iPIwhROasLw0sfw3i3b\">https:\/\/drive.google.com\/open?id=1AnI7Y4CXKrOJ4iPIwhROasLw0sfw3i3b<\/a><\/p>\n<p style=\"text-align: justify;\">Mo\u017cesz pobawi\u0107 si\u0119 kartami w gr\u0119 memory. Po\u0142\u00f3\u017c je obrazkami w d\u00f3\u0142 i wymieszaj. Spr\u00f3buj znale\u017a\u0107 dwa obrazki z takim samym ubraniem lub kolorem. M\u00f3w na g\u0142os nazwy ubra\u0144 i kolor\u00f3w, kiedy odkrywasz karty.<\/p>\n<p>Wykonaj \u0107wiczenie 3 ze strony 105. Opowiedz, co maj\u0105 na sobie dzieci.<\/p>\n<p>Przyk\u0142adowe zdania:<\/p>\n<p style=\"text-align: justify;\"><strong>She has got<\/strong> blue hat and green sweter. \u2013 <strong>Ona ma<\/strong> niebiesk\u0105 czapk\u0119 i zielony sweter.<\/p>\n<p style=\"text-align: justify;\"><strong>He has got<\/strong> yellow T-shirt. \u2013 <strong>On ma<\/strong> \u017c\u00f3\u0142ty podkoszulek.<\/p>\n<p style=\"text-align: justify;\">W razie pyta\u0144 prosz\u0119 si\u0119 ze mn\u0105 kontaktowa\u0107 przez Messenger lub pisz\u0105c na e-mail: <a href=\"mailto:m.willow@wp.pl\">m.willow@wp.pl<\/a><\/p>\n<p><span style=\"text-decoration: underline;\"><strong><em><span style=\"color: #ff0000; text-decoration: underline;\">RELIGIA<\/span><\/em><\/strong><\/span><\/p>\n<p style=\"text-align: justify;\"><strong><em>Temat: <span style=\"text-decoration: underline;\">\u201eBrat Franciszek. Co to jest Eucharystia czyli Komunia \u015bw.\u201d &#8211; film.<\/span><\/em><\/strong><br \/>\n<strong><em>Cele:<\/em><\/strong><br \/>\n<em>&#8211; Pog\u0142\u0119bisz wiadomo\u015bci o Eucharystii i Komunii \u015bwi\u0119tej.<\/em><\/p>\n<p style=\"text-align: justify;\"><span style=\"text-decoration: underline;\"><strong>Zadanie:<\/strong><\/span><br \/>\nProsz\u0119 obejrze\u0107 film ze strony: <a href=\"https:\/\/youtu.be\/DI6Uet4pmzs\">https:\/\/youtu.be\/DI6Uet4pmzs<\/a><\/p>\n<p style=\"text-align: justify;\">W razie pyta\u0144 prosz\u0119 o kontakt: <a href=\"mailto:biedor@op.pl\">biedor@op.pl<\/a><\/p>\n<hr \/>\n<h2 style=\"text-align: center;\"><strong><span style=\"color: #0000ff;\">KLASA II<\/span><\/strong><\/h2>\n<hr \/>\n<h2 style=\"text-align: center;\"><strong><span style=\"color: #045204;\">PONIEDZIA\u0141EK<\/span><\/strong><\/h2>\n<p><span style=\"text-decoration: underline;\"><strong><em><span style=\"color: #ff0000; text-decoration: underline;\">J\u0118ZYK ANGIELSKI<\/span><\/em><\/strong><\/span><\/p>\n<p style=\"text-align: justify;\"><strong><em>Cele lekcji:<\/em><\/strong><\/p>\n<ul style=\"text-align: justify;\">\n<li><em>poznasz nazwy sport\u00f3w zimowych<\/em><\/li>\n<\/ul>\n<p style=\"text-align: justify;\">Otw\u00f3rz podr\u0119cznik na stronie 84. Przepisz do zeszytu i przet\u0142umacz s\u0142\u00f3wka z tabelki na g\u00f3rze strony, korzystaj\u0105c ze s\u0142owniczka, kt\u00f3ry znajduje si\u0119 z ty\u0142u ksi\u0105\u017cki. Pos\u0142uchaj nagrania, by nauczy\u0107 si\u0119 w\u0142a\u015bciwej wymowy.<\/p>\n<p style=\"text-align: justify;\"><a href=\"https:\/\/drive.google.com\/open?id=1w6N022YWYWw5E24FmL1-RqqKjJlT8fJD\">https:\/\/drive.google.com\/open?id=1w6N022YWYWw5E24FmL1-RqqKjJlT8fJD<\/a><\/p>\n<p style=\"text-align: justify;\">Naucz si\u0119 wyraz\u00f3w.<\/p>\n<p style=\"text-align: justify;\">Wykonaj \u0107wiczenie 1 i 2 ze strony 104 \u0107wiczeni\u00f3wki<\/p>\n<p style=\"text-align: justify;\">\u00a0Zdj\u0119cia wykonanych \u0107wicze\u0144 prze\u015blij przez Messenger lub pisz\u0105c na e-mail: <a href=\"mailto:m.willow@wp.pl\">m.willow@wp.pl<\/a><\/p>\n<p><span style=\"text-decoration: underline;\"><strong><em><span style=\"color: #ff0000; text-decoration: underline;\">RELIGIA<\/span><\/em><\/strong><\/span><\/p>\n<p style=\"text-align: justify;\"><strong><em>Temat 42 \u2013 <span style=\"text-decoration: underline;\">Razem z Jezusem sk\u0142adamy Bogu ofiar\u0119.<\/span><\/em><\/strong><br \/>\n<strong><em>Cele:<\/em><\/strong><br \/>\n<em>&#8211; Poznasz, \u017ce Pan Jezus podczas Mszy \u015bw. ofiaruje si\u0119 za nas Bogu Ojcu.<\/em><br \/>\n<em>&#8211; Postarasz si\u0119 z wi\u0119kszym skupieniem uczestniczy\u0107 we Mszy \u015bwi\u0119tej.<\/em><\/p>\n<p style=\"text-align: justify;\"><span style=\"text-decoration: underline;\"><strong>Zadanie:<\/strong><\/span><br \/>\nPrzeczytaj tekst ze str. 86.<br \/>\nWykonaj polecenia z zeszytu \u0107wicze\u0144.<br \/>\nNaucz si\u0119 piosenki ze strony 87. Mo\u017cna skorzysta\u0107 ze strony:<a href=\"https:\/\/www.youtube.com\/watch?v=Pdhg49qAYCw\">https:\/\/www.youtube.com\/watch?v=Pdhg49qAYCw<\/a><\/p>\n<p style=\"text-align: justify;\">Prace prosz\u0119 przes\u0142a\u0107 na maila: <a href=\"mailto:biedor@op.pl\">biedor@op.pl<\/a><\/p>\n<h2 style=\"text-align: center;\"><strong><span style=\"color: #045204;\">\u015aRODA<\/span><\/strong><\/h2>\n<p><span style=\"text-decoration: underline;\"><strong><em><span style=\"color: #ff0000; text-decoration: underline;\">RELIGIA<\/span><\/em><\/strong><\/span><\/p>\n<p><strong><em>Temat:<span style=\"text-decoration: underline;\"> \u201eBrat Franciszek. Co to jest Eucharystia czyli Msza \u015bw.?\u201d<\/span><\/em><\/strong><br \/>\n<strong><em>Cele:<\/em><\/strong><br \/>\n<em>-Pog\u0142\u0119bisz wiadomo\u015bci o Eucharystii i Komunii \u015bwi\u0119tej.<\/em><\/p>\n<p><span style=\"text-decoration: underline;\"><strong>Zadanie:<\/strong><\/span><br \/>\nProsz\u0119 obejrze\u0107 film ze strony: <a href=\"https:\/\/youtu.be\/DI6Uet4pmzs\">https:\/\/youtu.be\/DI6Uet4pmzs<\/a><br \/>\nW razie pyta\u0144 prosz\u0119 o kontakt: <a href=\"mailto:biedor@op.pl\">biedor@op.pl<\/a><\/p>\n<h2 style=\"text-align: center;\"><strong><span style=\"color: #045204;\">CZWARTEK<\/span><\/strong><\/h2>\n<p><em><strong><span style=\"text-decoration: underline;\"><span style=\"color: #ff0000; text-decoration: underline;\">J\u0118ZYK ANGIELSKI<\/span><\/span><\/strong><\/em><\/p>\n<p><strong><em>Cele lekcji:<\/em><\/strong><\/p>\n<ul>\n<li style=\"text-align: justify;\"><em>utrwalisz nazwy sport\u00f3w zimowych,<\/em><\/li>\n<li style=\"text-align: justify;\"><em>udoskonalisz umiej\u0119tno\u015b\u0107 s\u0142uchania i czytania.<\/em><\/li>\n<\/ul>\n<p style=\"text-align: justify;\">Wykonaj \u0107wiczenie 1 na stronie 84 w podr\u0119czniku. Pos\u0142uchaj nagrania i wska\u017c w\u0142a\u015bciwe obrazki. Przeczytaj na g\u0142os fragmenty wypowiedzi dzieci.<\/p>\n<p style=\"text-align: justify;\"><a href=\"https:\/\/drive.google.com\/open?id=1WRp1PO35n70hb4oaZg287i4d_DkvFfSi\">https:\/\/drive.google.com\/open?id=1WRp1PO35n70hb4oaZg287i4d_DkvFfSi<\/a><\/p>\n<p style=\"text-align: justify;\">Tekst i t\u0142uaczenie:<\/p>\n<p style=\"text-align: justify;\"><a href=\"https:\/\/drive.google.com\/open?id=1C72C9r5df8Msp0LXcw2WTN4nidG0srCh\">https:\/\/drive.google.com\/open?id=1C72C9r5df8Msp0LXcw2WTN4nidG0srCh<\/a><\/p>\n<p style=\"text-align: justify;\">Wykonaj \u0107wiczenie 3 na 105 stronie \u0107wiczeni\u00f3wki.<\/p>\n<p style=\"text-align: justify;\">W razie pyta\u0144 prosz\u0119 si\u0119 ze mn\u0105 kontaktowa\u0107 przez Messenger lub pisz\u0105c na e-mail: <a href=\"mailto:m.willow@wp.pl\">m.willow@wp.pl<\/a><\/p>\n<hr \/>\n<h2 style=\"text-align: center;\"><strong><span style=\"color: #0000ff;\">KLASA III<\/span><\/strong><\/h2>\n<hr \/>\n<h2 style=\"text-align: center;\"><strong><span style=\"color: #045204;\">PONIEDZIA\u0141EK<\/span><\/strong><\/h2>\n<p><span style=\"text-decoration: underline;\"><strong><em><span style=\"color: #ff0000; text-decoration: underline;\">J\u0118ZYK ANGIELSKI<\/span><\/em><\/strong><\/span><\/p>\n<p><strong><em>Cele lekcji:<\/em><\/strong><\/p>\n<ul>\n<li><em>nauczysz si\u0119 por\u00f3wnywa\u0107 ze sob\u0105 r\u00f3\u017cne rzecz.<\/em><\/li>\n<\/ul>\n<p>Przepisz do zeszytu przymiotniki i ich t\u0142umaczenia:<\/p>\n<p>bigger \u2013 wi\u0119kszy<\/p>\n<p>smaller \u2013 mniejszy<\/p>\n<p>shorter \u2013 kr\u00f3tszy<\/p>\n<p>longer \u2013 d\u0142u\u017cszy<\/p>\n<p>slower \u2013 wolniejszy<\/p>\n<p>faster \u2013 szybszy<\/p>\n<p>colder \u2013 zimniejszy<\/p>\n<p>warmer \u2013 cieplejszy<\/p>\n<p>higher \u2013 wy\u017cszy<\/p>\n<p>lower &#8211; ni\u017cszy<\/p>\n<p>Naucz si\u0119 s\u0142\u00f3wek.<\/p>\n<p style=\"text-align: justify;\">Pos\u0142uchaj piosenki, by dowiedzie\u0107 si\u0119, jak prawid\u0142owo wymawia\u0107 wyrazy:<\/p>\n<p style=\"text-align: justify;\">\u00a0<a href=\"https:\/\/www.youtube.com\/watch?v=f7ph7zh7em4\">https:\/\/www.youtube.com\/watch?v=f7ph7zh7em4<\/a><\/p>\n<p style=\"text-align: justify;\">Wykonaj w zeszycie \u0107wiczenie 4 ze strony <strong><u>73<\/u><\/strong> podr\u0119cznika. Przepisz zdania do zeszytu i uzupe\u0142nij je w\u0142a\u015bciwym przymiotnikiem z ramki.<\/p>\n<p style=\"text-align: justify;\">Po\u0107wicz uk\u0142adanie zda\u0144, w kt\u00f3rych por\u00f3wnujesz ze sob\u0105 dwie rzeczy, wykorzystuj\u0105c poznane przymiotniki (u\u0142\u00f3\u017c minimum 5 zda\u0144). \u00a0\u0106wiczenie wykonaj ustnie. Je\u015bli istnieje taka mo\u017cliwo\u015b\u0107, prosz\u0119 o nagranie filmiku (mo\u017cna nagra\u0107 r\u00f3wnie\u017c sam d\u017awi\u0119k), na kt\u00f3rym dziecko uk\u0142ada zdania, w kt\u00f3rym por\u00f3wnuje dwie rzeczy \u00a0i przes\u0142anie go przez aplikacj\u0119 Messenger lub na podany mail do ko\u0144ca tygodnia.<\/p>\n<p style=\"text-align: justify;\">Osoby, kt\u00f3re nie maj\u0105 mo\u017cliwo\u015bci wys\u0142ania filmu b\u0119d\u0105 mog\u0142y zda\u0107 to \u0107wiczenie na konsultacjach, kt\u00f3re b\u0119d\u0105 prowadzone w szkole od 1 czerwca. Termin podam w przysz\u0142ym tygodniu.<\/p>\n<p style=\"text-align: justify;\"><strong>\u0106wiczenie b\u0119dzie oceniane.<\/strong><\/p>\n<p style=\"text-align: justify;\">Przyk\u0142adowe zdanie:<\/p>\n<p style=\"text-align: justify;\">A snail <strong>is smaller than<\/strong> a fox. \u2013 \u015alimak <strong>jest mniejszy ni\u017c<\/strong> lis.<\/p>\n<p style=\"text-align: justify;\">W razie pyta\u0144 prosz\u0119 si\u0119 ze mn\u0105 kontaktowa\u0107 przez Messenger lub pisz\u0105c na e-mail: <a href=\"mailto:m.willow@wp.pl\">m.willow@wp.pl<\/a><\/p>\n<h2 style=\"text-align: center;\"><strong><span style=\"color: #045204;\">\u015aRODA<\/span><\/strong><\/h2>\n<p><span style=\"text-decoration: underline;\"><strong><em><span style=\"color: #ff0000; text-decoration: underline;\">J\u0118ZYK ANGIELSKI<\/span><\/em><\/strong><\/span><\/p>\n<p style=\"text-align: justify;\"><strong><em>Cele lekcji:<\/em><\/strong><\/p>\n<ul style=\"text-align: justify;\">\n<li><em>powt\u00f3rzysz wiadomo\u015bci z rozdzia\u0142u \u201eMoja ulubiona pora roku\u201d.<\/em><\/li>\n<\/ul>\n<p>Przypomnij sobie, czego uczy\u0142e\u015b\/a\u015b si\u0119 w rozdziale 6. Wykonaj \u0107wiczenia na stronie <b><u>92<\/u><\/b> \u0107wiczeni\u00f3wki, uzupe\u0142nij s\u0142owniczek na stronie 93.<\/p>\n<p style=\"text-align: justify;\"><strong>\u0106wiczenia zostan\u0105 ocenione.<\/strong><\/p>\n<p style=\"text-align: justify;\">Prosz\u0119 o przes\u0142anie zdj\u0119\u0107 wykonanych \u0107wicze\u0144 \u00a0przez Messenger lub pisz\u0105c na e-mail: <a href=\"mailto:m.willow@wp.pl\">m.willow@wp.pl<\/a><\/p>\n<p><span style=\"text-decoration: underline;\"><strong><em><span style=\"color: #ff0000; text-decoration: underline;\">RELIGIA<\/span><\/em><\/strong><\/span><\/p>\n<p style=\"text-align: justify;\"><strong><em>Temat 44 \u2013 <span style=\"text-decoration: underline;\">Pan Jezus jednoczy nas w Komunii \u015bwi\u0119tej.<\/span><\/em><\/strong><br \/>\n<strong><em>Cele:<\/em><\/strong><br \/>\n<em>&#8211; Poznasz prawd\u0119, \u017ce Msza \u015bw. to uczta ofiarna Pana Jezusa.<\/em><br \/>\n<em>&#8211; Potrafisz dostrzec owoce Komunii \u015bw. w swoim \u017cyciu.<\/em><\/p>\n<p><span style=\"text-decoration: underline;\"><strong>Zadanie:<\/strong><\/span><br \/>\nPrzeczytaj temat z podr\u0119cznika.<br \/>\nWykonaj polecenia z zeszytu \u0107wicze\u0144.<br \/>\nPom\u00f3dl si\u0119 modlitw\u0105 ze str. 104 w podr\u0119czniku.<\/p>\n<p style=\"text-align: justify;\">\u201eChc\u0119, by\u015b w moim sercu Panie Jezu go\u015bci\u0142,<br \/>\nprowadz\u0105c mnie drog\u0105 wiary i mi\u0142o\u015bci.<br \/>\nPowierzam Ci Panie ca\u0142e \u017cycie moje,<br \/>\nbo odt\u0105d me serce b\u0119dzie zawsze Twoje\u201d.<\/p>\n<p>Prace prosz\u0119 przes\u0142a\u0107 na maila: <a href=\"mailto:biedor@op.pl\">biedor@op.pl<\/a><\/p>\n<h2 style=\"text-align: center;\"><strong><span style=\"color: #045204;\">PI\u0104TEK<\/span><\/strong><\/h2>\n<p><em><span style=\"text-decoration: underline;\"><strong><span style=\"color: #ff0000; text-decoration: underline;\">RELIGIA<\/span><\/strong><\/span><\/em><\/p>\n<p style=\"text-align: justify;\"><strong><em>Temat: <span style=\"text-decoration: underline;\">\u201eKarol \u2013 Jan Pawe\u0142 II\u201d &#8211; film.<\/span><\/em><\/strong><br \/>\n<strong><em>Cele:<\/em><\/strong><br \/>\n<em>&#8211; Poznasz osob\u0119 wielkiego Polaka papie\u017ca \u015bw. Jana Paw\u0142a II.<\/em><\/p>\n<p style=\"text-align: justify;\"><span style=\"text-decoration: underline;\"><strong>Zadanie:<\/strong><\/span><br \/>\nProsz\u0119 obejrze\u0107 film ze strony: <a href=\"https:\/\/youtu.be\/buDL5VSYW1M\">https:\/\/youtu.be\/buDL5VSYW1M<\/a><\/p>\n<p style=\"text-align: justify;\">W razie pyta\u0144 prosz\u0119 o kontakt: <a href=\"mailto:biedor@op.pl\">biedor@op.pl<\/a><\/p>\n","protected":false},"excerpt":{"rendered":"<p>Tematem wiod\u0105cym tego tygodnia jest MAMA, RODZINA. Na pocz\u0105tku wzruszaj\u0105ce filmiki z \u017cyczeniami, kt\u00f3re chocia\u017c cz\u0119\u015bciowo wyra\u017c\u0105 podzi\u0119kowanie za ka\u017cdy dzie\u0144, za ka\u017cdy trud, za&#8230; wszystko, co dajecie swoim dzieciom, kochane Mamy.??\u200d\u2764\ufe0f\u200d? DLA KOCHANEJ MAMY! ?\u2764? Teraz zaprosz\u0119 Was na &hellip; <a href=\"http:\/\/spmlodzawy.pl\/index.php\/zadania-dla-klas-i-iii-24-29-maja\/\">Czytaj dalej <span class=\"meta-nav\">&rarr;<\/span><\/a><\/p>\n","protected":false},"author":1,"featured_media":0,"parent":0,"menu_order":0,"comment_status":"closed","ping_status":"closed","template":"","meta":[],"_links":{"self":[{"href":"http:\/\/spmlodzawy.pl\/index.php\/wp-json\/wp\/v2\/pages\/22260"}],"collection":[{"href":"http:\/\/spmlodzawy.pl\/index.php\/wp-json\/wp\/v2\/pages"}],"about":[{"href":"http:\/\/spmlodzawy.pl\/index.php\/wp-json\/wp\/v2\/types\/page"}],"author":[{"embeddable":true,"href":"http:\/\/spmlodzawy.pl\/index.php\/wp-json\/wp\/v2\/users\/1"}],"replies":[{"embeddable":true,"href":"http:\/\/spmlodzawy.pl\/index.php\/wp-json\/wp\/v2\/comments?post=22260"}],"version-history":[{"count":29,"href":"http:\/\/spmlodzawy.pl\/index.php\/wp-json\/wp\/v2\/pages\/22260\/revisions"}],"predecessor-version":[{"id":22654,"href":"http:\/\/spmlodzawy.pl\/index.php\/wp-json\/wp\/v2\/pages\/22260\/revisions\/22654"}],"wp:attachment":[{"href":"http:\/\/spmlodzawy.pl\/index.php\/wp-json\/wp\/v2\/media?parent=22260"}],"curies":[{"name":"wp","href":"https:\/\/api.w.org\/{rel}","templated":true}]}}