{"id":22457,"date":"2020-05-20T18:09:00","date_gmt":"2020-05-20T16:09:00","guid":{"rendered":"http:\/\/spmlodzawy.pl\/?page_id=22457"},"modified":"2020-05-24T12:11:16","modified_gmt":"2020-05-24T10:11:16","slug":"zabawy-i-zadania-dla-dzieci-z-przedszkola-2","status":"publish","type":"page","link":"http:\/\/spmlodzawy.pl\/index.php\/zabawy-i-zadania-dla-dzieci-z-przedszkola-2\/","title":{"rendered":"ZABAWY I ZADANIA DLA DZIECI Z PRZEDSZKOLA"},"content":{"rendered":"<p><em><span style=\"text-decoration: underline;\"><strong><span style=\"color: #ff0000; text-decoration: underline;\">J\u0118ZYK ANGIELSKI<\/span><\/strong><\/span><\/em><\/p>\n<div dir=\"ltr\">\n<p style=\"text-align: justify;\">Pos\u0142uchaj piosenki, by nauczy\u0107 si\u0119 nazw zwierz\u0105t i dowiedzie\u0107 si\u0119, co potrafi\u0105 robi\u0107, a czego nie. Spr\u00f3buj j\u0105 za\u015bpiewa\u0107<\/p>\n<p><iframe loading=\"lazy\" width=\"640\" height=\"360\" src=\"https:\/\/www.youtube.com\/embed\/_Ir0Mc6Qilo?feature=oembed\" frameborder=\"0\" allow=\"accelerometer; autoplay; encrypted-media; gyroscope; picture-in-picture\" allowfullscreen><\/iframe><\/p>\n<p style=\"text-align: justify;\">Obejrzyj filmik z nazwami zwierz\u0105t mieszkaj\u0105cych w Afryce. Powt\u00f3rz je\u00a0 na g\u0142os.<\/p>\n<p><iframe loading=\"lazy\" width=\"640\" height=\"360\" src=\"https:\/\/www.youtube.com\/embed\/wI0BeLWajNE?feature=oembed\" frameborder=\"0\" allow=\"accelerometer; autoplay; encrypted-media; gyroscope; picture-in-picture\" allowfullscreen><\/iframe><\/p>\n<p style=\"text-align: justify;\">Kt\u00f3re zwierz\u0105tko najbardziej Ci si\u0119 spodoba\u0142o? Narysuj je i powied\u017a po angielsku, jak si\u0119 nazywa.<\/p>\n<\/div>\n<p><em><span style=\"text-decoration: underline;\"><strong><span style=\"color: #ff0000; text-decoration: underline;\">RELIGIA<\/span><\/strong><\/span><\/em><\/p>\n<p style=\"text-align: justify;\">Prosz\u0119 w miar\u0119 mo\u017cliwo\u015bci wykona\u0107 polecenia z tematu 52 i 53.<\/p>\n<p style=\"text-align: justify;\"><strong><em>Cele:<\/em><\/strong><br \/>\n<em>&#8211; B\u0119dziesz pami\u0119ta\u0107, \u017ce Maryja jest Matk\u0105 Jezusa i nasz\u0105 Matk\u0105.<\/em><br \/>\n<em>&#8211; B\u0119dziesz dzi\u0119kowa\u0107 swoim rodzicom za ich opiek\u0119, wychowanie i trosk\u0119.<\/em><\/p>\n<p style=\"text-align: justify;\">Mo\u017cna skorzysta\u0107 ze strony:<\/p>\n<ul>\n<li style=\"text-align: justify;\"><a href=\"https:\/\/drive.google.com\/open?id=1IfLgRTJ2JpBR6i7ENdygoZWn1hPtN5Bs\">https:\/\/drive.google.com\/open?id=1IfLgRTJ2JpBR6i7ENdygoZWn1hPtN5Bs<\/a><\/li>\n<li style=\"text-align: justify;\"><a href=\"https:\/\/drive.google.com\/open?id=1of5ngpkYjx9RMc2kkUwnp28IjsZk8my3\">https:\/\/drive.google.com\/open?id=1of5ngpkYjx9RMc2kkUwnp28IjsZk8my3<\/a><\/li>\n<li style=\"text-align: justify;\"><a href=\"https:\/\/drive.google.com\/open?id=1xi_v6TinseZqbj9XSfY0qXPEBC4z2wxk\">https:\/\/drive.google.com\/open?id=1xi_v6TinseZqbj9XSfY0qXPEBC4z2wxk<\/a><\/li>\n<li style=\"text-align: justify;\"><a href=\"https:\/\/drive.google.com\/open?id=13CXTHlL0Rbq8CB__ygur7D4uLT7lwOtJ\">https:\/\/drive.google.com\/open?id=13CXTHlL0Rbq8CB__ygur7D4uLT7lwOtJ <\/a><\/li>\n<\/ul>\n<p>Prace prosz\u0119 przes\u0142a\u0107 na maila: <a href=\"mailto:biedor@op.pl\">biedor@op.pl<\/a><\/p>\n<p><em><span style=\"text-decoration: underline;\"><strong><span style=\"color: #ff0000; text-decoration: underline;\">ZABAWY RUCHOWE<\/span><\/strong><\/span><\/em><\/p>\n<p><iframe loading=\"lazy\" width=\"640\" height=\"360\" src=\"https:\/\/www.youtube.com\/embed\/Xw7aNr4vTbc?feature=oembed\" frameborder=\"0\" allow=\"accelerometer; autoplay; encrypted-media; gyroscope; picture-in-picture\" allowfullscreen><\/iframe><\/p>\n","protected":false},"excerpt":{"rendered":"<p>J\u0118ZYK ANGIELSKI Pos\u0142uchaj piosenki, by nauczy\u0107 si\u0119 nazw zwierz\u0105t i dowiedzie\u0107 si\u0119, co potrafi\u0105 robi\u0107, a czego nie. Spr\u00f3buj j\u0105 za\u015bpiewa\u0107 Obejrzyj filmik z nazwami zwierz\u0105t mieszkaj\u0105cych w Afryce. Powt\u00f3rz je\u00a0 na g\u0142os. Kt\u00f3re zwierz\u0105tko najbardziej Ci si\u0119 spodoba\u0142o? Narysuj &hellip; <a href=\"http:\/\/spmlodzawy.pl\/index.php\/zabawy-i-zadania-dla-dzieci-z-przedszkola-2\/\">Czytaj dalej <span class=\"meta-nav\">&rarr;<\/span><\/a><\/p>\n","protected":false},"author":1,"featured_media":0,"parent":0,"menu_order":0,"comment_status":"closed","ping_status":"closed","template":"","meta":[],"_links":{"self":[{"href":"http:\/\/spmlodzawy.pl\/index.php\/wp-json\/wp\/v2\/pages\/22457"}],"collection":[{"href":"http:\/\/spmlodzawy.pl\/index.php\/wp-json\/wp\/v2\/pages"}],"about":[{"href":"http:\/\/spmlodzawy.pl\/index.php\/wp-json\/wp\/v2\/types\/page"}],"author":[{"embeddable":true,"href":"http:\/\/spmlodzawy.pl\/index.php\/wp-json\/wp\/v2\/users\/1"}],"replies":[{"embeddable":true,"href":"http:\/\/spmlodzawy.pl\/index.php\/wp-json\/wp\/v2\/comments?post=22457"}],"version-history":[{"count":8,"href":"http:\/\/spmlodzawy.pl\/index.php\/wp-json\/wp\/v2\/pages\/22457\/revisions"}],"predecessor-version":[{"id":22599,"href":"http:\/\/spmlodzawy.pl\/index.php\/wp-json\/wp\/v2\/pages\/22457\/revisions\/22599"}],"wp:attachment":[{"href":"http:\/\/spmlodzawy.pl\/index.php\/wp-json\/wp\/v2\/media?parent=22457"}],"curies":[{"name":"wp","href":"https:\/\/api.w.org\/{rel}","templated":true}]}}