{"id":22623,"date":"2020-05-24T14:14:53","date_gmt":"2020-05-24T12:14:53","guid":{"rendered":"http:\/\/spmlodzawy.pl\/?page_id=22623"},"modified":"2020-06-13T21:57:22","modified_gmt":"2020-06-13T19:57:22","slug":"zadania-dla-klas-i-iii-8-12-czerwca","status":"publish","type":"page","link":"http:\/\/spmlodzawy.pl\/index.php\/zadania-dla-klas-i-iii-8-12-czerwca\/","title":{"rendered":"ZADANIA DLA KLAS I-III (8-10 czerwca)"},"content":{"rendered":"<div class=\"entry-content\">\n<p>Drodzy uczniowie!<\/p>\n<p style=\"text-align: justify;\">Przez kolejne 2 tygodnie b\u0119dziemy podr\u00f3\u017cowa\u0107 po Polsce i zwiedza\u0107 ciekawe zak\u0105tki. Poznamy te\u017c histori\u0119, zabytki i ciekawe obiekty niekt\u00f3rych miast. Zapoznacie si\u0119 te\u017c z map\u0105 Polski.<\/p>\n<p style=\"text-align: justify;\">Na pocz\u0105tek przypomnimy sobie jakie pojazdy\u00a0poruszaj\u0105 si\u0119 na l\u0105dzie, w powietrzu i na wodzie. Obejrzyjcie bajk\u0119 <strong><em>&#8222;\u015arodki transportu&#8221;.<\/em><\/strong><\/p>\n<p><iframe loading=\"lazy\" width=\"640\" height=\"360\" src=\"https:\/\/www.youtube.com\/embed\/Mss394U8tJg?feature=oembed\" frameborder=\"0\" allow=\"accelerometer; autoplay; encrypted-media; gyroscope; picture-in-picture\" allowfullscreen><\/iframe><\/p>\n<p>A teraz zagadki s\u0142uchowe zwi\u0105zane z ro\u017cnego rodzaju pojazdami <strong><em>&#8222;\u015arodki lokomocji&#8221;.<\/em> <\/strong>Pobawcie si\u0119 w zgadywanki!<\/p>\n<p><iframe loading=\"lazy\" width=\"640\" height=\"360\" src=\"https:\/\/www.youtube.com\/embed\/kShLSH-J81A?feature=oembed\" frameborder=\"0\" allow=\"accelerometer; autoplay; encrypted-media; gyroscope; picture-in-picture\" allowfullscreen><\/iframe><\/p>\n<p>Do pos\u0142uchania polecam rytmiczn\u0105 piosenk\u0119 <em><strong>&#8222;Podr\u00f3\u017ce ma\u0142e i du\u017ce&#8221;.<\/strong><\/em><\/p>\n<p><iframe loading=\"lazy\" width=\"640\" height=\"360\" src=\"https:\/\/www.youtube.com\/embed\/bugTfbGPzJ4?feature=oembed\" frameborder=\"0\" allow=\"accelerometer; autoplay; encrypted-media; gyroscope; picture-in-picture\" allowfullscreen><\/iframe><\/p>\n<p>Zapraszam Was do \u0107wicze\u0144 ruchowych. Propozycja pierwsza <em><strong>&#8222;\u0106wiczenia z koszulk\u0105&#8221;.<\/strong><\/em><\/p>\n<p><iframe loading=\"lazy\" width=\"640\" height=\"360\" src=\"https:\/\/www.youtube.com\/embed\/F60Y1eElcsY?start=48&#038;feature=oembed\" frameborder=\"0\" allow=\"accelerometer; autoplay; encrypted-media; gyroscope; picture-in-picture\" allowfullscreen><\/iframe><\/p>\n<p>A mo\u017ce <em><strong>&#8222;\u0106wiczenia z miot\u0142\u0105&#8221;?<\/strong><\/em><\/p>\n<p><iframe loading=\"lazy\" width=\"640\" height=\"360\" src=\"https:\/\/www.youtube.com\/embed\/TymplLnUEcg?feature=oembed\" frameborder=\"0\" allow=\"accelerometer; autoplay; encrypted-media; gyroscope; picture-in-picture\" allowfullscreen><\/iframe><\/p>\n<p>Bie\u017c\u0105ce zadania i \u0107wiczenia nauczyciele ustalaj\u0105 z rodzicami i uczniami przez Messengera, telefonicznie, b\u0105d\u017a na adres e-mail:<br \/>\n<em>wychowawca klasy I e-mail: <a href=\"mailto:tomcug@poczta.fm\">tomcug@poczta.fm<\/a><\/em><br \/>\n<em> wychowawca klasy II e-mail: <a href=\"mailto:agroaga@o2.pl\">agroaga@o2.pl<\/a><\/em><br \/>\n<em> wychowawca klasy III e-mail: <a href=\"mailto:renata.basag@gmail.com\">renata.basag@gmail.com<\/a><\/em><br \/>\n<em> nauczyciel j\u0119zyka angielskiego e-mail: <a href=\"mailto:m.willow@wp.pl\">m.willow@wp.pl<\/a><\/em><br \/>\n<em> nauczyciel religii e-mail: <a href=\"mailto:biedor@op.pl\">biedor@op.pl<\/a><\/em><\/p>\n<p style=\"text-align: justify;\"><span style=\"color: #0000ff;\"><em>KOCHANI! PODAM JESZCZE LINK DO ZAJ\u0118\u0106 KOREKCYJNO \u2013 KOMPENSACYJNYCH. TO ZADANIE NA BIE\u017b\u0104CY TYDZIE\u0143 PRZYGOTOWA\u0141A DLA WAS PANI IZA!<strong>\u00a0 <\/strong><a href=\"http:\/\/spmlodzawy.pl\/wp-content\/uploads\/2020\/06\/Zadania-dla-uczni\u00f3w-1-3.pdf\"><strong>ZADANIE<\/strong><\/a><\/em><\/span><\/p>\n<p>Poni\u017cej przedstawiamy zadania z j\u0119zyka angielskiego i religii na nadchodz\u0105ce dni<\/p>\n<hr \/>\n<h2 style=\"text-align: center;\"><strong><span style=\"color: #0000ff;\">KLASA I<\/span><\/strong><\/h2>\n<hr \/>\n<h2 style=\"text-align: center;\"><strong><span style=\"color: #054505;\">PONIEDZIA\u0141EK<\/span><\/strong><\/h2>\n<p><em><span style=\"text-decoration: underline;\"><strong><span style=\"color: #ff0000; text-decoration: underline;\">RELIGIA<\/span><\/strong><\/span><\/em><\/p>\n<p><strong><em>Temat 46 \u2013 <span style=\"text-decoration: underline;\">Pan Jezus wst\u0119puje do nieba.<\/span><\/em><\/strong><br \/>\n<strong><em>Cele:<\/em><\/strong><br \/>\n<em>&#8211; Poznasz prawd\u0119, \u017ce Pan Jezus wst\u0105pi\u0142 do nieba.<\/em><br \/>\n<em>&#8211; B\u0119dziesz na\u015bladowa\u0142 Jezusa, czyni\u0105c dobro.<\/em><\/p>\n<p><span style=\"text-decoration: underline;\"><strong>Zadanie:<\/strong><\/span><br \/>\nWykonaj polecenia z zeszytu \u0107wicze\u0144.<br \/>\nPrace prosz\u0119 przes\u0142a\u0107: <a href=\"mailto:biedor@op.pl\">biedor@op.pl<\/a><\/p>\n<h2 style=\"text-align: center;\"><strong><span style=\"color: #054505;\"> WTOREK<\/span><\/strong><\/h2>\n<p><em><span style=\"text-decoration: underline;\"><strong><span style=\"color: #ff0000; text-decoration: underline;\">J\u0118ZYK ANGIELSKI<\/span><\/strong><\/span><\/em><\/p>\n<p><strong><em>Cele lekcji:<\/em><\/strong><br \/>\n<em>&#8211; poznasz nowe s\u0142owa opisuj\u0105ce jedzenie,<\/em><br \/>\n<em>&#8211; dowiesz si\u0119, jak pyta\u0107 innych o to, co lubi\u0105 je\u015b\u0107.<\/em><\/p>\n<ul>\n<li style=\"text-align: justify;\">Otw\u00f3rz podr\u0119cznik na stronie 94. Pos\u0142uchaj nagrania i powt\u00f3rz wyrazy. Spr\u00f3buj samodzielnie przeczyta\u0107 nazwy produkt\u00f3w spo\u017cywczych w tabelce u g\u00f3ry strony.<br \/>\n<a href=\"https:\/\/drive.google.com\/file\/d\/1d_WMtcFtEPaPs9Acj841YeXHHwtZa7NL\/view?usp=sharing\">https:\/\/drive.google.com\/file\/d\/1d_WMtcFtEPaPs9Acj841YeXHHwtZa7NL\/view?usp=sharing<\/a><\/li>\n<li style=\"text-align: justify;\">Pos\u0142uchaj nagrania. Powt\u00f3rz zdania:<br \/>\n<a href=\"https:\/\/drive.google.com\/file\/d\/19mYvGZ0b3Ewq47twzPaGnsGZ_6zJ-fVr\/view?usp=sharing\">https:\/\/drive.google.com\/file\/d\/19mYvGZ0b3Ewq47twzPaGnsGZ_6zJ-fVr\/view?usp=sharing<\/a><br \/>\nT\u0142umaczenie nagrania:<br \/>\n<a href=\"https:\/\/drive.google.com\/file\/d\/1oZkjho8qFbuutu_Ls4NbZzQInNjkwtb-\/view?usp=sharing\">https:\/\/drive.google.com\/file\/d\/1oZkjho8qFbuutu_Ls4NbZzQInNjkwtb-\/view?usp=sharing<\/a><\/li>\n<li style=\"text-align: justify;\">Wykonaj \u0107wiczenie 2 na stronie 118 i 3 na stronie 119 w \u0107wiczeni\u00f3wce.<\/li>\n<\/ul>\n<p style=\"text-align: justify;\">W razie pyta\u0144 prosz\u0119 si\u0119 ze mn\u0105 kontaktowa\u0107 przez Messenger lub pisz\u0105c na e-mail: <a href=\"mailto:m.willow@wp.pl\">m.willow@wp.pl<\/a><\/p>\n<h2 style=\"text-align: center;\"><strong><span style=\"color: #0000ff;\">KLASA II<\/span><\/strong><\/h2>\n<hr \/>\n<h2 style=\"text-align: center;\"><strong><span style=\"color: #054505;\">PONIEDZIA\u0141EK<\/span><\/strong><\/h2>\n<p><em><span style=\"text-decoration: underline;\"><strong><span style=\"color: #ff0000; text-decoration: underline;\">J\u0118ZYK ANGIELSKI<\/span><\/strong><\/span><\/em><\/p>\n<p><strong><em>Cele lekcji:<\/em><\/strong><br \/>\n<em> &#8211; nauczysz si\u0119 nowych s\u0142\u00f3w zwi\u0105zanych z okre\u015blaniem samopoczucia,<\/em><br \/>\n<em> &#8211; przeczytasz historyjk\u0119<\/em><\/p>\n<ul>\n<li>Otw\u00f3rz podr\u0119cznik na stronie 92. Przepisz do zeszyty i przet\u0142umacz s\u0142\u00f3wka z ramki u g\u00f3ry strony z pomoc\u0105 s\u0142owniczka na ko\u0144cu ksi\u0105\u017cki.<\/li>\n<li>Pos\u0142uchaj nagrania, by nauczy\u0107 si\u0119 w\u0142a\u015bciwej wymowy wyraz\u00f3w:<\/li>\n<li><a href=\"https:\/\/drive.google.com\/file\/d\/1Hx-iK1tTReal4kQ9gzUkrwdBDrBSDzmh\/view?usp=sharing\">https:\/\/drive.google.com\/file\/d\/1Hx-iK1tTReal4kQ9gzUkrwdBDrBSDzmh\/view?usp=sharing<\/a><\/li>\n<li>Pos\u0142uchaj historyjki z \u0107wiczenia 1. Spr\u00f3buj samodzielnie przeczyta\u0107 zdania:<br \/>\nNagranie:<br \/>\n<a href=\"https:\/\/drive.google.com\/file\/d\/1Ng2eqbVhAIcz2l-3hxNS7I7E8UnTuuBb\/view?usp=sharing\">https:\/\/drive.google.com\/file\/d\/1Ng2eqbVhAIcz2l-3hxNS7I7E8UnTuuBb\/view?usp=sharing<\/a><br \/>\nT\u0142umaczenie:<br \/>\n<a href=\"https:\/\/drive.google.com\/file\/d\/14JM4wkgs9l8mORaelisoBdby8Aw4nZxX\/view?usp=sharing\">https:\/\/drive.google.com\/file\/d\/14JM4wkgs9l8mORaelisoBdby8Aw4nZxX\/view?usp=sharing<\/a><\/li>\n<li>Wykonaj \u0107wiczenie 1 na stronie 116 i 3 na stronie 117 w \u0107wiczeni\u00f3wce.<\/li>\n<\/ul>\n<p>W razie pyta\u0144 prosz\u0119 kontaktowa\u0107 si\u0119 przez Messenger lub pisz\u0105c na e-mail: <a href=\"mailto:m.willow@wp.pl\">m.willow@wp.pl<\/a><\/p>\n<p><em><span style=\"text-decoration: underline;\"><strong><span style=\"color: #ff0000; text-decoration: underline;\">RELIGIA<\/span><\/strong><\/span><\/em><\/p>\n<p style=\"text-align: justify;\"><em><strong>Temat 44 \u2013 <span style=\"text-decoration: underline;\">Wzajemna pomoc drog\u0105 do spotkania z Jezusem.<\/span><\/strong><\/em><br \/>\n<em><strong>Cele:<\/strong><\/em><br \/>\n<em>&#8211; Poznasz tre\u015b\u0107 fragmentu biblijnego Dz 2, 42-47<\/em><br \/>\n<em>&#8211; B\u0119dziesz got\u00f3w nie\u015b\u0107 pomoc innym.<\/em><\/p>\n<p style=\"text-align: justify;\"><span style=\"text-decoration: underline;\"><strong>Zadanie:<\/strong><\/span><br \/>\nPrzeczytaj z tematu 44 fragment biblijny Dz 2,42-47. (str 90)<br \/>\nWykonaj polecenia z zeszytu \u0107wicze\u0144.<br \/>\nPrace prosz\u0119 przes\u0142a\u0107: <a href=\"mailto:biedor@op.pl\">biedor@op.pl<\/a><\/p>\n<h2 style=\"text-align: center;\"><strong><span style=\"color: #054505;\">\u015aRODA<\/span><\/strong><\/h2>\n<p><em><span style=\"text-decoration: underline;\"><strong><span style=\"color: #ff0000; text-decoration: underline;\">RELIGIA<\/span><\/strong><\/span><\/em><\/p>\n<p style=\"text-align: justify;\"><strong><em>Temat 45 \u2013 <span style=\"text-decoration: underline;\">Wniebowst\u0105pienie- z Jezusem idziemy do Ojca.<\/span><\/em><\/strong><br \/>\n<strong><em>Cele:<\/em><\/strong><br \/>\n<em>&#8211; Poznasz biblijny opis wniebowst\u0105pienia Pana Jezusa.<\/em><br \/>\n<em>&#8211; Potrafisz powiedzie\u0107 co to jest niebo.<\/em><\/p>\n<p style=\"text-align: justify;\"><strong><span style=\"text-decoration: underline;\">Zadanie:<\/span><\/strong><br \/>\nPrzeczytaj fragmenty biblijne dotycz\u0105ce wniebowst\u0105pienia Jezusa (Dz 1,9), (Dz 1,11). (str. 92)<br \/>\nWykonaj polecenia z zeszytu \u0107wicze\u0144.<br \/>\nMo\u017cesz nauczy\u0107 si\u0119 piosenki (str. 93) korzystaj\u0105c ze strony internetowej:<br \/>\n<a href=\"https:\/\/www.youtube.com\/watch?v=ND0AdLCmdvA\">https:\/\/www.youtube.com\/watch?v=ND0AdLCmdvA<\/a><br \/>\nPrace prosz\u0119 przes\u0142a\u0107: <a href=\"mailto:biedor@op.pl\">biedor@op.pl<\/a><\/p>\n<p>&nbsp;<\/p>\n<hr \/>\n<h2 style=\"text-align: center;\"><strong><span style=\"color: #0000ff;\">KLASA III<\/span><\/strong><\/h2>\n<hr \/>\n<h2 style=\"text-align: center;\"><strong><span style=\"color: #054505;\">PONIEDZIA\u0141EK<\/span><\/strong><\/h2>\n<p><em><span style=\"text-decoration: underline;\"><strong><span style=\"color: #ff0000; text-decoration: underline;\">J\u0118ZYK ANGIELSKI<\/span><\/strong><\/span><\/em><\/p>\n<p style=\"text-align: justify;\"><strong><em>Cele lekcji:<\/em><\/strong><br \/>\n<em> &#8211; nauczysz si\u0119 pyta\u0107 o czas i podawa\u0107 godzin\u0119.<\/em><\/p>\n<p style=\"text-align: justify;\"><span style=\"text-decoration: underline;\">Przepisz do zeszytu:<\/span><br \/>\nWhat time is it? \u2013 Kt\u00f3ra jest godzina?<br \/>\nIt\u2019s one o\u2019clock. \u2013 Jest pierwsza.<br \/>\nIt\u2019s half past seven \u2013 Jest p\u00f3\u0142 godziny po si\u00f3dmej.<br \/>\nPo\u0107wicz podawanie godzin pe\u0142nych i takich, w kt\u00f3rych u\u017cyjesz wyra\u017cenia \u201ehalf past\u201d.<br \/>\nWykonaj \u0107wiczenie 3 na stronie 103 \u0107wiczeni\u00f3wki.<\/p>\n<p>W razie pyta\u0144 prosz\u0119 kontaktowa\u0107 si\u0119 przez Messenger lub pisz\u0105c na e-mail: <a href=\"mailto:m.willow@wp.pl\">m.willow@wp.pl<\/a><\/p>\n<h2 style=\"text-align: center;\"><strong><span style=\"color: #054505;\">\u015aRODA<\/span><\/strong><\/h2>\n<p><em><span style=\"text-decoration: underline;\"><strong><span style=\"color: #ff0000; text-decoration: underline;\">J\u0118ZYK ANGIELSKI<\/span><\/strong><\/span><\/em><\/p>\n<p><strong><em>Cele lekcji:<\/em><\/strong><br \/>\n<em>&#8211; poznasz nowe s\u0142owa zwi\u0105zane z podr\u00f3\u017c\u0105 do Egiptu,<\/em><br \/>\n<em>&#8211; przeczytasz tekst o wyje\u017adzie do Egiptu.<\/em><\/p>\n<ul>\n<li>Przeczytaj i powt\u00f3rz s\u0142\u00f3wka z ramki na stronie 82 podr\u0119cznika. Naucz si\u0119 ich.<\/li>\n<li>Pos\u0142uchaj nagrania, by pozna\u0107 w\u0142a\u015bciw\u0105 wymow\u0119:<\/li>\n<li style=\"text-align: justify;\"><a href=\"https:\/\/drive.google.com\/file\/d\/1VZrsDmf4NT4AWAiNBE9BCEBTRrOX8Rxu\/view?usp=sharing\">https:\/\/drive.google.com\/file\/d\/1VZrsDmf4NT4AWAiNBE9BCEBTRrOX8Rxu\/view?usp=sharing<\/a><\/li>\n<li style=\"text-align: justify;\">Przeczytaj na g\u0142os czytank\u0119 z \u0107wiczenia 1. Pos\u0142uchaj nagrania, by nauczy\u0107 si\u0119 prawid\u0142owej wymowy:<br \/>\n<a href=\"https:\/\/drive.google.com\/file\/d\/1W4B9L2L4etE4oZMBe9lmm8rMcOTpfxSL\/view?usp=sharing\">https:\/\/drive.google.com\/file\/d\/1W4B9L2L4etE4oZMBe9lmm8rMcOTpfxSL\/view?usp=sharing<\/a><\/li>\n<\/ul>\n<p style=\"text-align: left;\">T\u0142umaczenie tekstu:<a href=\"https:\/\/drive.google.com\/file\/d\/1edib8t9qBLgj2cl4pwu0Ysczr-OASpkR\/view?usp=sharing\">\u00a0https:\/\/drive.google.com\/file\/d\/1edib8t9qBLgj2cl4pwu0Ysczr-OASpkR\/view?usp=sharing<\/a><\/p>\n<ul>\n<li style=\"text-align: justify;\">Wykonaj w zeszycie \u0107wiczenie 3 ze strony 83. Zapisz zdania zast\u0119puj\u0105c znaki w\u0142a\u015bciwym wyrazem.<\/li>\n<\/ul>\n<p>W razie pyta\u0144 prosz\u0119 kontaktowa\u0107 si\u0119 przez Messenger lub pisz\u0105c na e-mail: <a href=\"mailto:m.willow@wp.pl\">m.willow@wp.pl<\/a><\/p>\n<p><em><span style=\"text-decoration: underline;\"><strong><span style=\"color: #ff0000; text-decoration: underline;\">RELIGIA<\/span><\/strong><\/span><\/em><\/p>\n<p><strong><em>Temat 56 \u2013 <span style=\"text-decoration: underline;\">Pan Jezus idzie ulicami naszych miast i wsi \u2013 Bo\u017ce Cia\u0142o.<\/span><\/em><\/strong><br \/>\n<strong><em>Cele:<\/em><\/strong><br \/>\n<em>&#8211; Pog\u0142\u0119bisz wiadomo\u015bci, \u017ce Pan Jezus przebywa w\u015br\u00f3d nas w Naj\u015bwi\u0119tszym Sakramencie.<\/em><br \/>\n<em>&#8211; Aktywnie w\u0142\u0105czysz si\u0119 w procesj\u0119 Bo\u017cego Cia\u0142a.<\/em><\/p>\n<p><strong><span style=\"text-decoration: underline;\">Zadanie:<\/span><\/strong><br \/>\nPrzeczytaj temat z podr\u0119cznika.<br \/>\nWykonaj polecenia z zeszytu \u0107wicze\u0144.<br \/>\nPrace prosz\u0119 przes\u0142a\u0107: biedor@op.pl<\/p>\n<\/div>\n","protected":false},"excerpt":{"rendered":"<p>Drodzy uczniowie! Przez kolejne 2 tygodnie b\u0119dziemy podr\u00f3\u017cowa\u0107 po Polsce i zwiedza\u0107 ciekawe zak\u0105tki. Poznamy te\u017c histori\u0119, zabytki i ciekawe obiekty niekt\u00f3rych miast. Zapoznacie si\u0119 te\u017c z map\u0105 Polski. Na pocz\u0105tek przypomnimy sobie jakie pojazdy\u00a0poruszaj\u0105 si\u0119 na l\u0105dzie, w powietrzu &hellip; <a href=\"http:\/\/spmlodzawy.pl\/index.php\/zadania-dla-klas-i-iii-8-12-czerwca\/\">Czytaj dalej <span class=\"meta-nav\">&rarr;<\/span><\/a><\/p>\n","protected":false},"author":1,"featured_media":0,"parent":0,"menu_order":0,"comment_status":"closed","ping_status":"closed","template":"","meta":[],"_links":{"self":[{"href":"http:\/\/spmlodzawy.pl\/index.php\/wp-json\/wp\/v2\/pages\/22623"}],"collection":[{"href":"http:\/\/spmlodzawy.pl\/index.php\/wp-json\/wp\/v2\/pages"}],"about":[{"href":"http:\/\/spmlodzawy.pl\/index.php\/wp-json\/wp\/v2\/types\/page"}],"author":[{"embeddable":true,"href":"http:\/\/spmlodzawy.pl\/index.php\/wp-json\/wp\/v2\/users\/1"}],"replies":[{"embeddable":true,"href":"http:\/\/spmlodzawy.pl\/index.php\/wp-json\/wp\/v2\/comments?post=22623"}],"version-history":[{"count":29,"href":"http:\/\/spmlodzawy.pl\/index.php\/wp-json\/wp\/v2\/pages\/22623\/revisions"}],"predecessor-version":[{"id":23008,"href":"http:\/\/spmlodzawy.pl\/index.php\/wp-json\/wp\/v2\/pages\/22623\/revisions\/23008"}],"wp:attachment":[{"href":"http:\/\/spmlodzawy.pl\/index.php\/wp-json\/wp\/v2\/media?parent=22623"}],"curies":[{"name":"wp","href":"https:\/\/api.w.org\/{rel}","templated":true}]}}