{"id":22626,"date":"2020-05-24T14:15:45","date_gmt":"2020-05-24T12:15:45","guid":{"rendered":"http:\/\/spmlodzawy.pl\/?page_id=22626"},"modified":"2020-06-07T12:36:32","modified_gmt":"2020-06-07T10:36:32","slug":"zadania-na-dni-8-12-czerwca","status":"publish","type":"page","link":"http:\/\/spmlodzawy.pl\/index.php\/zadania-na-dni-8-12-czerwca\/","title":{"rendered":"ZADANIA DLA KLASY IV NA DNI 8-10 czerwca"},"content":{"rendered":"<div class=\"entry-content\">\n<h2 style=\"text-align: center;\"><strong><span style=\"color: #0000ff;\">PONIEDZIA\u0141EK<\/span><\/strong><\/h2>\n<hr \/>\n<p><em><span style=\"text-decoration: underline;\"><strong><span style=\"color: #ff0000; text-decoration: underline;\">RELIGIA<\/span><\/strong><\/span><\/em><\/p>\n<p style=\"text-align: justify;\"><strong><em>Temat 55 \u2013 <span style=\"text-decoration: underline;\">Na rozstaju dr\u00f3g \u2013 przydro\u017cne krzy\u017ce i kapliczki.<\/span><\/em><\/strong><br \/>\n<strong><em>Cele:<\/em><\/strong><br \/>\n<em>&#8211; Poznasz znaczenie przydro\u017cnych krzy\u017cy i kapliczek dla religijno\u015bci Polak\u00f3w.<\/em><br \/>\n<em>&#8211; B\u0119dziesz si\u0119 ch\u0119tnie modli\u0142 si\u0119 przy kapliczkach i dba\u0142 o ich pi\u0119kno.<\/em><\/p>\n<p style=\"text-align: justify;\">Zadanie:<br \/>\nPrzeczytaj temat z podr\u0119cznika.<br \/>\nWykonaj polecenia z zeszytu \u0107wicze\u0144.<br \/>\nPrace prosz\u0119 przes\u0142a\u0107: <a href=\"mailto:biedor@op.pl\">biedor@op.pl<\/a><\/p>\n<p><em><span style=\"text-decoration: underline;\"><strong><span style=\"color: #ff0000; text-decoration: underline;\">J\u0118ZYK POLSKI<\/span><\/strong><\/span><\/em><\/p>\n<p><em><strong>Temat:<\/strong> <span style=\"text-decoration: underline;\"><strong>Jeszcze raz, czyli powtarzamy.<\/strong><\/span><\/em><\/p>\n<p><em><strong>Cel:<\/strong> Przypomnienie i utrwalenie poznanych wiadomo\u015bci.<\/em><\/p>\n<p style=\"text-align: justify;\">Drodzy uczniowie przed nami koniec kolejnego dzia\u0142u. Prosz\u0119 przypomnijcie sobie i utrwalcie wiadomo\u015bci o kt\u00f3rych si\u0119 uczyli\u015bmy (Podsumowanie str.286). Przeczytajcie tekst ze strony 287 &#8222;Nazywam si\u0119 &#8230;Maria Sk\u0142odowska &#8211; Curie&#8221;. Sprawd\u017acie swoj\u0105 wiedz\u0119 i umiej\u0119tno\u015bci ustnie odpowiadaj\u0105c na pytania zawarte w te\u015bcie z podr\u0119cznika ze strony 288. Przypomnijcie sobie zasady redagowania podzi\u0119kowania (str. 254 &#8211; 255), nast\u0119pnie wykonajcie w zeszycie \u0107wiczenie 11 ze strony 288 i przy\u015blijcie na mojego maila\u00a0 Powodzenia. Jutro\u00a0 ka\u017cdy na skrzynk\u0119 otrzyma test do rozwi\u0105zania. Jutro te\u017c czekam na rozwi\u0105zane czytelnie testy do sprawdzenia i oceny do godziny 16.00<\/p>\n<p><em><span style=\"text-decoration: underline;\"><strong><span style=\"color: #ff0000; text-decoration: underline;\">HISTORIA<\/span><\/strong><\/span><\/em><\/p>\n<p><strong><em>Temat: <span style=\"text-decoration: underline;\">Pisemny sprawdzian wiadomo\u015bci.<\/span><\/em><\/strong><\/p>\n<p><strong><em>Cel lekcji:<\/em><\/strong><em> sprawdzenie wiadomo\u015bci z rozdzia\u0142u IV ,,Ku wsp\u00f3\u0142czesnej Polsce\u201d.<\/em><\/p>\n<p>Wykonaj w zeszycie z podr\u0119cznika \u0107wiczenia 1,2,3,4,5,6,7,8,9 str. 148 (nale\u017cy przes\u0142a\u0107 do 8 czerwca).<\/p>\n<p style=\"text-align: justify;\"><strong>Wykonaj zdj\u0119cie zeszytu z zawarto\u015bci\u0105 wykonanych zada\u0144 i \u0107wicze\u0144 np. telefonem kom\u00f3rkowym i prze\u015blij na adres mailowy: <\/strong><a href=\"mailto:sopris2000@interia.pl\">sopris2000@interia.pl<\/a><strong> Zadane \u0107wiczenia b\u0119d\u0105 podlega\u0107 ocenie.W razie pyta\u0144 i konsultacji prosz\u0119 o kontakt przez Edziennik lub maila: <\/strong><a href=\"mailto:sopris2000@interia.pl\">sopris2000@interia.pl<\/a><\/p>\n<p><em><span style=\"text-decoration: underline;\"><strong><span style=\"color: #ff0000; text-decoration: underline;\">TECHNIKA<\/span><\/strong><\/span><\/em><\/p>\n<p style=\"text-align: justify;\"><em><strong>Temat: <span style=\"text-decoration: underline;\">Rozwi\u0105zywanie test\u00f3w z przepis\u00f3w ruchu drogowego.<\/span><\/strong><\/em><br \/>\n<strong>Lekcja &#8211; online<\/strong><\/p>\n<p style=\"text-align: justify;\">Na ocen\u0119 b\u0119d\u0105 trzy pierwsze testy ze strony brd.edu.pl z zak\u0142adki &#8222;Testy na kart\u0119 rowerow\u0105&#8221;.<\/p>\n<p style=\"text-align: justify;\">W razie braku lub trudno\u015bci po\u0142\u0105czenia na platformie prosz\u0119 o tel. na nr 602 507 591 do godz. 15.00.<\/p>\n<p><em><span style=\"text-decoration: underline;\"><strong><span style=\"color: #ff0000; text-decoration: underline;\">MATEMATYKA<\/span><\/strong><\/span><\/em><\/p>\n<p style=\"text-align: justify;\"><strong><em>TEMAT LEKCJI: <span style=\"text-decoration: underline;\">Obliczanie obj\u0119to\u015bci bry\u0142y?<\/span> (zapisz w zeszycie)<\/em><\/strong><br \/>\n<em><strong>Cel lekcji:<\/strong> Na tej lekcji utrwal\u0119 umiej\u0119tno\u015b\u0107:<\/em><br \/>\n<em>\u02d7 nazywania podstawowych jednostek obj\u0119to\u015bci,<\/em><br \/>\n<em>\u02d7 szacowanie i mierzenie pojemno\u015b\u0107 r\u00f3\u017cnych naczy\u0144,<\/em><br \/>\n<em>\u02d7 mierzenie obj\u0119to\u015bci sze\u015bcianu sze\u015bcianem jednostkowym.<\/em><br \/>\n<em>Na tej lekcji naucz\u0119 si\u0119:<\/em><br \/>\n<em>&#8211; rozwi\u0105zywa\u0107 zadania tekstowe z zastosowaniem obj\u0119to\u015bci prostopad\u0142o\u015bcianu.<\/em><\/p>\n<p style=\"text-align: justify;\"><em><span style=\"text-decoration: underline;\"><strong>Lekcja on-line za po\u015brednictwem Skype o godz. 11.30<\/strong><\/span><\/em><br \/>\n1. Wykonamy wsp\u00f3lnie zadania z podr\u0119cznika:<br \/>\n\u2013 zadanie 6,7,8 str. 174<br \/>\n2. Wykonamy wsp\u00f3lnie \u0107wiczenia w zeszycie \u0107wicze\u0144:<br \/>\n\u2013 \u0107wicz. 5 str. 153<br \/>\n<span style=\"text-decoration: underline;\">3. Pr. domowa:<\/span> Wykonaj prac\u0119 w zeszycie \u0107wicze\u0144:<br \/>\nObj\u0119to\u015b\u0107: \u0107wicz. 6 str. 154<\/p>\n<p><strong>Kontakt z nauczycielem (email:<\/strong> <a href=\"mailto:i_modrzew@wp.pl\">i_modrzew@wp.pl<\/a>, <strong>Skype, Messenger)<\/strong><\/p>\n<p><em><span style=\"text-decoration: underline;\"><strong><span style=\"color: #ff0000; text-decoration: underline;\">J\u0118ZYK ANGIELSKI<\/span><\/strong><\/span><\/em><\/p>\n<p style=\"text-align: justify;\"><strong>Lekcja on-line. Prosz\u0119 przygotowa\u0107 zeszyt i d\u0142ugopis. Zadbaj o wygodne miejsce do pracy.<\/strong><br \/>\n<strong>Spotykamy si\u0119 o godzinie 12:30 na Messengerze.<\/strong><\/p>\n<p style=\"text-align: justify;\"><strong><em>Temat: <span style=\"text-decoration: underline;\">Sprawdzian wiadomo\u015bci z rozdzia\u0142u \u201eCo robisz w wolnym czasie?\u201d.<\/span><\/em><\/strong><br \/>\n<strong><em>Cele lekcji:<\/em><\/strong><br \/>\n<em>&#8211; sprawdzisz w jakim stopniu opanowa\u0142e\u015b materia\u0142 przerabiany w rozdziale 6.<\/em><\/p>\n<ul style=\"text-align: justify;\">\n<li>Na pocz\u0105tku lekcji otrzymacie link do testu.<\/li>\n<li>W zeszycie do j\u0119zyka angielskiego zapiszecie odpowiedzi na poszczeg\u00f3lne zadania, nast\u0119pnie prze\u015blecie mi ich zdj\u0119cia.<\/li>\n<\/ul>\n<p style=\"text-align: justify;\">W razie pyta\u0144 prosz\u0119 kontaktowa\u0107 si\u0119, pisz\u0105c na e-mail na m.willow@wp.pl lub poprzez Messenger.<\/p>\n<p><em><span style=\"text-decoration: underline;\"><strong><span style=\"color: #800080; text-decoration: underline;\">ZAJ\u0118CIA KOREKCYJNO \u2013 KOMPENSACYJNE<\/span><\/strong><\/span><\/em><\/p>\n<ul>\n<li><a href=\"http:\/\/spmlodzawy.pl\/wp-content\/uploads\/2020\/06\/Dokument2.pdf\"><strong><em>ZADANIA<\/em><\/strong><\/a><\/li>\n<\/ul>\n<hr \/>\n<\/div>\n<h2 style=\"text-align: center;\"><strong><span style=\"color: #0000ff;\">WTOREK<\/span><\/strong><\/h2>\n<hr \/>\n<p><em><span style=\"text-decoration: underline;\"><strong><span style=\"color: #ff0000; text-decoration: underline;\">J\u0118ZYK ANGIELSKI<\/span><\/strong><\/span><\/em><\/p>\n<p><strong>Lekcja on-line. Prosz\u0119 przygotowa\u0107 podr\u0119cznik, zeszyt, \u0107wiczeni\u00f3wk\u0119, d\u0142ugopis. Zadbaj o wygodne miejsce pracy.<\/strong><br \/>\n<strong>Spotykamy si\u0119 o godzinie 8:00 na Messengerze.<\/strong><\/p>\n<p style=\"text-align: justify;\"><em><strong>Temat: <span style=\"text-decoration: underline;\">Poznajemy przys\u0142\u00f3wki cz\u0119stotliwo\u015bci.<\/span><\/strong><\/em><br \/>\n<em><strong>Cele lekcji:<\/strong><\/em><br \/>\n&#8211; dowiesz si\u0119, co to s\u0105 przys\u0142\u00f3wki cz\u0119stotliwo\u015bci,<br \/>\n&#8211; nauczysz si\u0119 stosowa\u0107 przys\u0142\u00f3wki cz\u0119stotliwo\u015bci w zdaniach,<br \/>\n&#8211; udoskonalisz umiej\u0119tno\u015b\u0107 czytania i m\u00f3wienia w j\u0119zyku angielskim.<\/p>\n<ul style=\"text-align: justify;\">\n<li>Odczytacie przyk\u0142adowe zdania, w kt\u00f3rych znajduj\u0105 si\u0119 przys\u0142\u00f3wki cz\u0119stotliwo\u015bci, na ich podstawie spr\u00f3bujecie okre\u015bli\u0107, gdzie w zdaniu powinni\u015bcie wstawia\u0107 te wyrazy.<\/li>\n<li>Zapiszecie w zeszycie przys\u0142\u00f3wki cz\u0119stotliwo\u015bci i ich t\u0142umaczenie.<\/li>\n<li>B\u0119dziecie uk\u0142adali zdania, w kt\u00f3rych b\u0119dziecie m\u00f3wili, jak cz\u0119sto co\u015b robicie.<\/li>\n<li>Wsp\u00f3lnie wykonamy \u0107wiczenie 8 na stronie 83 \u0107wiczeni\u00f3wki.<\/li>\n<\/ul>\n<p style=\"text-align: justify;\">W razie pyta\u0144 prosz\u0119 kontaktowa\u0107 si\u0119, pisz\u0105c na e-mail na <a href=\"mailto:m.willow@wp.pl\">m.willow@wp.pl <\/a>lub poprzez Messenger.<\/p>\n<p><em><span style=\"text-decoration: underline;\"><strong><span style=\"color: #ff0000; text-decoration: underline;\">PRZYRODA<\/span><\/strong><\/span><\/em><\/p>\n<p style=\"text-align: justify;\"><strong>Lekcja on-line we wtorek o godzinie o 8:50<\/strong><\/p>\n<p style=\"text-align: justify;\"><em><strong>Temat:<u> Jakie drzewa rosn\u0105 w lesie ?<\/u><\/strong><\/em><\/p>\n<p style=\"text-align: justify;\"><strong><em>Cele lekcji:<\/em><\/strong> Poznasz typy las\u00f3w w Polsce, charakterystyczne gatunki drzew li\u015bciastych i iglastych wraz z cechami.<\/p>\n<p style=\"text-align: justify;\">Bardzo prosz\u0119 o zapoznanie si\u0119 z informacjami w podr\u0119czniku ze stron 187\u2014192<\/p>\n<p style=\"text-align: justify;\">oraz prosz\u0119 zapozna\u0107 si\u0119 z materia\u0142ami i obejrze\u0107 filmiki:<\/p>\n<ul style=\"text-align: justify;\">\n<li><a href=\"https:\/\/www.youtube.com\/watch?v=3Y7E82n0k5w\">https:\/\/www.youtube.com\/watch?v=3Y7E82n0k5w<\/a><\/li>\n<li><a href=\"https:\/\/www.youtube.com\/watch?v=kb4G-Cj9vqE\">https:\/\/www.youtube.com\/watch?v=kb4G-Cj9vqE<\/a><\/li>\n<\/ul>\n<p style=\"text-align: justify;\">Pomocne materia\u0142y i filmy dla chc\u0105cych wiedzie\u0107 wi\u0119cej:<\/p>\n<ul>\n<li style=\"text-align: justify;\"><a href=\"https:\/\/epodreczniki.pl\/a\/rosliny-dookola-nas\/D1EsR3UsN\">https:\/\/epodreczniki.pl\/a\/rosliny-dookola-nas\/D1EsR3UsN<\/a><\/li>\n<li><a href=\"https:\/\/www.youtube.com\/watch?v=zJnswL1sxXg\">https:\/\/www.youtube.com\/watch?v=zJnswL1sxXg<\/a><\/li>\n<li><a href=\"https:\/\/www.youtube.com\/watch?v=BOu29zArcho\">https:\/\/www.youtube.com\/watch?v=BOu29zArcho<\/a><\/li>\n<\/ul>\n<p><strong>Zach\u0119cam do kontaktu przez grup\u0119 na Messengerze i mail <\/strong><a href=\"mailto:paniwiosna606@wp.pl\">paniwiosna606@wp.pl<\/a><\/p>\n<p><em><span style=\"text-decoration: underline;\"><strong><span style=\"color: #ff0000; text-decoration: underline;\">INFORMATYKA<\/span><\/strong><\/span><\/em><\/p>\n<p style=\"text-align: justify;\"><strong><em>Temat: <span style=\"text-decoration: underline;\">Powtarzamy wiadomo\u015bci z dzia\u0142u \u201e Klawiatura zamiast pi\u00f3ra\u2026\u201d.<\/span>(zapisz w zeszycie)<\/em><\/strong><\/p>\n<p style=\"text-align: justify;\"><strong><em>Cel: <\/em><\/strong><em>Na tej lekcji utrwalisz i uporz\u0105dkujesz wiadomo\u015bci dotycz\u0105ce formatowania tekstu, numerowania, dodawania listy wielopoziomowej w edytorze tekstu.<\/em><\/p>\n<ol style=\"text-align: justify;\">\n<li>Przeczytaj zadania zamieszczone a str. 120 podr\u0119cznik.<\/li>\n<li>Wybierz dwa z nich i wykonaj je w programie MS Word. Gotowe zadania prze\u015blij na adres <a href=\"mailto:edypawlik@gmail.com\">edypawlik@gmail.com<\/a>.<\/li>\n<\/ol>\n<p style=\"text-align: justify;\">W razie jakichkolwiek problem\u00f3w prosz\u0119 o kontakt: <a href=\"mailto:edypawlik@gmail.com\">edypawlik@gmail.com<\/a>, lub przez Messenger.<\/p>\n<p class=\"entry-content\"><em><span style=\"text-decoration: underline;\"><strong><span style=\"color: #ff0000; text-decoration: underline;\">MUZYKA<\/span><\/strong><\/span><\/em><\/p>\n<p style=\"text-align: justify;\"><em><strong>Temat: <span style=\"text-decoration: underline;\">Piosenki i\u00a0zabawy dzieci z\u00a0r\u00f3\u017cnych stron \u015bwiata<\/span><\/strong><\/em><\/p>\n<p style=\"text-align: justify;\">Podr\u0119cznik \u2013 lekcja 29: \u201eNiech \u017cyj\u0105 wszystkie dzieci!\u201d Za\u015bpiewajmy razem\u00a0\u00a0 piosenk\u0119 Kolorowe dzieci<\/p>\n<ul style=\"text-align: justify;\">\n<li><a href=\"https:\/\/www.youtube.com\/watch?v=Y_kIVuTfVk4\">https:\/\/www.youtube.com\/watch?v=Y_kIVuTfVk4<\/a><\/li>\n<li><a href=\"https:\/\/www.youtube.com\/watch?v=99i3Qnt5UeA\">https:\/\/www.youtube.com\/watch?v=99i3Qnt5UeA<\/a><\/li>\n<\/ul>\n<p style=\"text-align: justify;\">Wsp\u00f3lnie\u00a0 uczestniczmy w\u00a0zabawach\u00a0 dzieci\u0119cych z\u00a0r\u00f3\u017cnych stron \u015bwiata. Zabawa \u201ePingwinek\u201d <a href=\"https:\/\/www.youtube.com\/watch?v=NrH8Q8bxLOY\">https:\/\/www.youtube.com\/watch?v=NrH8Q8bxLOY<\/a> i jeszcze zabawa meksyka\u0144ska: \u00a0<a href=\"https:\/\/www.youtube.com\/watch?v=AcozWLwprUI\">https:\/\/www.youtube.com\/watch?v=AcozWLwprUI<\/a><\/p>\n<p><em><span style=\"text-decoration: underline;\"><strong><span style=\"color: #ff0000; text-decoration: underline;\">J\u0118ZYK POLSKI<\/span><\/strong><\/span><\/em><\/p>\n<p><em><strong>Temat: \u00a0<span style=\"text-decoration: underline;\">Test podsumowuj\u0105cy VI rozdzia\u0142 \u201eCo jest w \u017cyciu wa\u017cne? \u201d.<\/span><\/strong><\/em><br \/>\n<em><strong>Cel:<\/strong> Utrwalenie poznanych wiadomo\u015bci. Pami\u0119taj o samodyscyplinie. <\/em><\/p>\n<p>Prosz\u0119 rozwi\u0105za\u0107 test czytelnie i przes\u0142a\u0107 do sprawdzenia i oceny dzisiaj, do godziny 17.00.Powodzenia. Prac\u0119 prze\u015blijcie na mojego <strong>maila <\/strong><\/p>\n<p><em><span style=\"text-decoration: underline;\"><strong><span style=\"color: #ff0000; text-decoration: underline;\">WYCHOWANIE FIZYCZNE<\/span><\/strong><\/span><\/em><\/p>\n<p style=\"text-align: justify;\"><em><b>Temat: <span style=\"text-decoration: underline;\">Zabawy bie\u017cne oraz wieloskoki w miejscu.<\/span> <\/b><\/em><\/p>\n<p style=\"text-align: justify;\"><em><b>Cel. <\/b><\/em><b>Wyzwalanie i przygotowanie do radosnych, spontanicznych zachowa\u0144 poprzez zabawy.\u00a0<\/b><\/p>\n<p><strong><span class=\"highlight\"><span class=\"colour\"><span class=\"font\"><span class=\"size\">Zaj\u0119cia on-line messenger (video-rozmowa)<\/span><\/span><\/span><\/span>. Godzina &#8211; 12.30<\/strong><\/p>\n<hr \/>\n<h2 style=\"text-align: center;\"><strong><span style=\"color: #0000ff;\">\u015aRODA<\/span><\/strong><\/h2>\n<hr \/>\n<p><em><span style=\"text-decoration: underline;\"><strong><span style=\"color: #ff0000; text-decoration: underline;\">MATEMATYKA<\/span><\/strong><\/span><\/em><\/p>\n<p><strong><em>TEMAT LEKCJI: <span style=\"text-decoration: underline;\">Figury geometryczne &#8211; powt\u00f3rzenie.<\/span> (zapisz w zeszycie)<\/em><\/strong><br \/>\n<em><strong> Cel lekcji:<\/strong> Na tej lekcji powt\u00f3rz\u0119 poznane wiadomo\u015bci i utrwal\u0119 umiej\u0119tno\u015bci z figur geometrycznych: pola figur p\u0142askich, pole i obw\u00f3d prostok\u0105ta, jednostki pola, figury przestrzenne, obj\u0119to\u015b\u0107.<\/em><\/p>\n<p><span style=\"text-decoration: underline;\"><em><strong>Lekcja on-line za po\u015brednictwem Skype o godz. 8.00<\/strong><\/em><\/span><br \/>\n1. Wykonamy wsp\u00f3lnie zadania z podr\u0119cznika:<br \/>\n\u2013 zadanie 1-5 str. 176,<br \/>\n\u2013 zadanie 12-16 str.177<br \/>\n<span style=\"text-decoration: underline;\">2. Pr. domowa:<\/span><br \/>\nZeszyt \u0107wicze\u0144: \u0106wicz. 1-14 str. 155-156<\/p>\n<p><strong>Kontakt z nauczycielem (email:<\/strong> <a href=\"mailto:i_modrzew@wp.pl\">i_modrzew@wp.pl<\/a>, <strong>Skype, Messenger)<\/strong><\/p>\n<p><em><span style=\"text-decoration: underline;\"><strong><span style=\"color: #ff0000; text-decoration: underline;\">J\u0118ZYK ANGIELSKI <\/span><\/strong><\/span><\/em><\/p>\n<p><strong>Lekcja on-line. Prosz\u0119 przygotowa\u0107 podr\u0119cznik, zeszyt i d\u0142ugopis. Zadbaj o wygodne miejsce do pracy.<\/strong><br \/>\n<strong>Spotykamy si\u0119 o godzinie 8:50 na Messengerze.<\/strong><\/p>\n<p style=\"text-align: justify;\"><strong><em>Temat: <span style=\"text-decoration: underline;\">M\u00f3j zestaw sportowy. Praca z tekstem.<\/span><\/em><\/strong><br \/>\n<strong><em>Cele lekcji:<\/em><\/strong><br \/>\n<em>&#8211; udoskonalisz umiej\u0119tno\u015b\u0107 czytania i wypowiadania si\u0119 w j\u0119zyku angielskim,<\/em><br \/>\n<em>&#8211; nauczysz si\u0119 nowych s\u0142\u00f3w zwi\u0105zanych ze sportem<\/em><\/p>\n<ul style=\"text-align: justify;\">\n<li>Odczytacie tekst ch\u0142opcu trenuj\u0105cym baseball na stronie 86. Wyt\u0142umacz\u0119 nieznane s\u0142ownictwo, nast\u0119pnie b\u0119dziecie odpowiadali na pytania dotycz\u0105ce tekstu.<\/li>\n<li>Wykonacie \u0107wiczenie 5 na stronie 87.<\/li>\n<\/ul>\n<p><span style=\"text-decoration: underline;\">Praca domowa:<\/span> Wykonaj \u0107wiczenie 3 na stronie 84 w \u0107wiczeni\u00f3wce<\/p>\n<p style=\"text-align: justify;\">W razie pyta\u0144 prosz\u0119 kontaktowa\u0107 si\u0119, pisz\u0105c na e-mail na <a href=\"mailto:m.willow@wp.pl\">m.willow@wp.pl<\/a> lub poprzez Messenger.<\/p>\n<p><em><span style=\"text-decoration: underline;\"><strong><span style=\"color: #ff0000; text-decoration: underline;\">RELIGIA<\/span><\/strong><\/span><\/em><\/p>\n<p><strong><em>Temat 56 &#8211; <span style=\"text-decoration: underline;\">Cz\u0119stochowa \u2013 niezwyk\u0142a wycieczka.<\/span><\/em><\/strong><br \/>\n<strong><em>Cele:<\/em><\/strong><br \/>\n<em>&#8211; B\u0119dziesz rozpoznawa\u0142 Jasna G\u00f3r\u0119 oraz obraz Matki Bo\u017cej Cz\u0119stochowskiej.<\/em><br \/>\n<em>&#8211; Dowiesz si\u0119, \u017ce do Cz\u0119stochowy w\u0119druj\u0105 liczne grupy pielgrzym\u00f3w.<\/em><\/p>\n<p>Zadanie:<br \/>\nPrzeczytaj temat z podr\u0119cznika.<br \/>\nWykonaj polecenia z zeszytu \u0107wicze\u0144.<br \/>\nPrace prosz\u0119 przes\u0142a\u0107: <a href=\"mailto:biedor@op.pl\">biedor@op.pl<\/a><\/p>\n<p><em><span style=\"text-decoration: underline;\"><strong><span style=\"color: #ff0000; text-decoration: underline;\">J\u0118ZYK POLSKI<\/span><\/strong><\/span><\/em><\/p>\n<p style=\"text-align: justify;\"><strong><em>Temat: <span style=\"text-decoration: underline;\">Marzenia o Z\u0142otym Talonie<\/span><\/em><\/strong><\/p>\n<p style=\"text-align: justify;\"><strong><em>Cel: <\/em><\/strong><em>Potrafimy okre\u015bli\u0107 tematyk\u0119 i problematyk\u0119 poznanego utworu, odmieniamy rzeczowniki przez przypadki i oddzielamy przecinkiem wyrazy w zdaniu pojedynczym.<\/em><\/p>\n<ul>\n<li style=\"text-align: justify;\">Zapoznajcie si\u0119 z biogramem Roalda Dahl ze str. 290<\/li>\n<li style=\"text-align: justify;\">Przeczytajcie tekst &#8222;Charlie i fabryka czekolady&#8221; ze str. 290 &#8211; 293<\/li>\n<li style=\"text-align: justify;\">Po przeczytaniu ustnie wykonajcie \u0107wiczenia 1 str.293 i 5 str.293<\/li>\n<li style=\"text-align: justify;\">Zapiszcie w zeszycie \u0107wiczenie 8 str. 293<\/li>\n<\/ul>\n<p style=\"text-align: justify;\">Podpowied\u017a: D. (kogo? czego?) &#8211; kraju, W. (o!) &#8211; dziadku; Msc. (o kim? o czym?) &#8211; tygodniu; C. (komu? czemu?) &#8211; Charliemu;<\/p>\n<ul>\n<li>Zapoznajcie si\u0119 z ciekawostk\u0105 ze str. 294<\/li>\n<\/ul>\n<p><span style=\"text-decoration: underline;\">Na prac\u0119 domow\u0105.<\/span> Nauczcie si\u0119 pi\u0119knie czyta\u0107 tekst &#8222;Charlie i fabryka czekolady&#8221;.<\/p>\n<p><em><span style=\"text-decoration: underline;\"><strong><span style=\"color: #ff0000; text-decoration: underline;\">WYCHOWANIE FIZYCZNE<\/span><\/strong><\/span><\/em><\/p>\n<p><em><strong><b>Temat: <span style=\"text-decoration: underline;\">Biegi oraz przej\u015bcie do marszobiegu w miejscu.<\/span> <\/b><\/strong><\/em><\/p>\n<p><em><strong><b>Cel. <\/b><\/strong>Rozwijanie pi\u0119kna i estetyki ruchu.\u00a0<\/em><\/p>\n<p><strong><span class=\"highlight\"><span class=\"colour\"><span class=\"font\"><span class=\"size\">Zaj\u0119cia on-line messenger (video-rozmowa)<\/span><\/span><\/span><\/span><b>. Godzina &#8211; 12.30<\/b><\/strong><\/p>\n","protected":false},"excerpt":{"rendered":"<p>PONIEDZIA\u0141EK RELIGIA Temat 55 \u2013 Na rozstaju dr\u00f3g \u2013 przydro\u017cne krzy\u017ce i kapliczki. Cele: &#8211; Poznasz znaczenie przydro\u017cnych krzy\u017cy i kapliczek dla religijno\u015bci Polak\u00f3w. &#8211; B\u0119dziesz si\u0119 ch\u0119tnie modli\u0142 si\u0119 przy kapliczkach i dba\u0142 o ich pi\u0119kno. Zadanie: Przeczytaj temat &hellip; <a href=\"http:\/\/spmlodzawy.pl\/index.php\/zadania-na-dni-8-12-czerwca\/\">Czytaj dalej <span class=\"meta-nav\">&rarr;<\/span><\/a><\/p>\n","protected":false},"author":1,"featured_media":0,"parent":0,"menu_order":0,"comment_status":"closed","ping_status":"closed","template":"","meta":[],"_links":{"self":[{"href":"http:\/\/spmlodzawy.pl\/index.php\/wp-json\/wp\/v2\/pages\/22626"}],"collection":[{"href":"http:\/\/spmlodzawy.pl\/index.php\/wp-json\/wp\/v2\/pages"}],"about":[{"href":"http:\/\/spmlodzawy.pl\/index.php\/wp-json\/wp\/v2\/types\/page"}],"author":[{"embeddable":true,"href":"http:\/\/spmlodzawy.pl\/index.php\/wp-json\/wp\/v2\/users\/1"}],"replies":[{"embeddable":true,"href":"http:\/\/spmlodzawy.pl\/index.php\/wp-json\/wp\/v2\/comments?post=22626"}],"version-history":[{"count":18,"href":"http:\/\/spmlodzawy.pl\/index.php\/wp-json\/wp\/v2\/pages\/22626\/revisions"}],"predecessor-version":[{"id":23009,"href":"http:\/\/spmlodzawy.pl\/index.php\/wp-json\/wp\/v2\/pages\/22626\/revisions\/23009"}],"wp:attachment":[{"href":"http:\/\/spmlodzawy.pl\/index.php\/wp-json\/wp\/v2\/media?parent=22626"}],"curies":[{"name":"wp","href":"https:\/\/api.w.org\/{rel}","templated":true}]}}