{"id":22636,"date":"2020-05-24T14:19:53","date_gmt":"2020-05-24T12:19:53","guid":{"rendered":"http:\/\/spmlodzawy.pl\/?page_id=22636"},"modified":"2020-06-07T12:36:57","modified_gmt":"2020-06-07T10:36:57","slug":"zadania-dla-klasy-viii-na-dni-8-12-czerwca","status":"publish","type":"page","link":"http:\/\/spmlodzawy.pl\/index.php\/zadania-dla-klasy-viii-na-dni-8-12-czerwca\/","title":{"rendered":"ZADANIA DLA KLASY VIII NA DNI 8-10 czerwca"},"content":{"rendered":"<h2 style=\"text-align: center;\"><strong><span style=\"color: #0000ff;\">PONIEDZIA\u0141EK<\/span><\/strong><\/h2>\n<hr \/>\n<p><em><span style=\"text-decoration: underline;\"><strong><span style=\"color: #ff0000; text-decoration: underline;\">HISTORIA<\/span><\/strong><\/span><\/em><\/p>\n<p><strong><em>Temat: <span style=\"text-decoration: underline;\">Utrwalenie wiadomo\u015bci z II p\u00f3\u0142rocza.<\/span><\/em><\/strong><\/p>\n<p><strong><em>Cel lekcji:<\/em><\/strong><em> powtarzamy wiadomo\u015bci z II p\u00f3\u0142rocza.<\/em><\/p>\n<p><em><span style=\"text-decoration: underline;\"><strong><span style=\"color: #ff0000; text-decoration: underline;\">CHEMIA<\/span><\/strong><\/span><\/em><\/p>\n<p style=\"text-align: justify;\"><strong><em>Temat lekcji: <span style=\"text-decoration: underline;\">Sacharydy.<\/span><\/em><\/strong><br \/>\n<strong><em>Cele lekcji:<\/em><\/strong> <em>wprowadzenie poj\u0119cia sacharyd, badanie sk\u0142adu pierwiastkowego sacharyd\u00f3w, przedstawienie podzia\u0142u sacharyd\u00f3w.<\/em><\/p>\n<p style=\"text-align: justify;\">1. Sk\u0142ad pierwiastkowy sacharyd\u00f3w.<br \/>\n2. Og\u00f3lny wz\u00f3r sacharyd\u00f3w.<br \/>\n3. Rodzaje sacharyd\u00f3w.<\/p>\n<p><em><span style=\"text-decoration: underline;\"><strong><span style=\"color: #ff0000; text-decoration: underline;\">RELIGIA<\/span><\/strong><\/span><\/em><\/p>\n<p style=\"text-align: justify;\"><strong><em>Temat 51 \u2013 <span style=\"text-decoration: underline;\">Za ka\u017cdym razem widz\u0119 siebie inaczej. Przyjmowanie opinii innych o sobie.<\/span><\/em><\/strong><br \/>\n<strong><em>Cele;<\/em><\/strong><br \/>\n<em>&#8211; Potrafisz wymieni\u0107 swoje zdolno\u015bci oraz pozytywne cechy charakteru.<\/em><br \/>\n<em>&#8211; Z godno\u015bci\u0105 i spokojem przyjmiesz opinie innych na sw\u00f3j temat.<\/em><\/p>\n<p>Zadanie:<br \/>\nPrzeczytaj temat z podr\u0119cznika.<br \/>\nPrzygotuj opini\u0119 o sobie samym.<\/p>\n<table>\n<tbody>\n<tr>\n<td width=\"402\">Nazwisko i imi\u0119<\/td>\n<td width=\"402\"><\/td>\n<\/tr>\n<tr>\n<td width=\"402\">Miejsce urodzenia<\/td>\n<td width=\"402\"><\/td>\n<\/tr>\n<tr>\n<td width=\"402\">Posiadane umiej\u0119tno\u015bci<\/td>\n<td width=\"402\"><\/td>\n<\/tr>\n<tr>\n<td width=\"402\">Zainteresowania<\/td>\n<td width=\"402\"><\/td>\n<\/tr>\n<tr>\n<td width=\"402\">Cechy charakteru<\/td>\n<td width=\"402\"><\/td>\n<\/tr>\n<tr>\n<td width=\"402\">Moja opinia o mnie samym<\/td>\n<td width=\"402\"><\/td>\n<\/tr>\n<tr>\n<td width=\"402\">Opinia kole\u017canki lub kolegi<\/td>\n<td width=\"402\"><\/td>\n<\/tr>\n<\/tbody>\n<\/table>\n<p><strong>Lekcja na platformie TEAMS godz. 9:40-10:10<\/strong><\/p>\n<p><em><span style=\"text-decoration: underline;\"><strong><span style=\"color: #ff0000; text-decoration: underline;\">MATEMATYKA<\/span><\/strong><\/span><\/em><\/p>\n<p style=\"text-align: justify;\"><strong><em>Temat: <span style=\"text-decoration: underline;\">Praca klasowa z dzia\u0142u \u201eRachunek prawdopodobie\u0144stwa\u201d.<\/span> (zapisz w zeszycie)<\/em><\/strong><\/p>\n<p style=\"text-align: justify;\"><em><strong>Cel:<\/strong> Na tej lekcji poprzez prac\u0119 klasow\u0105 sprawdzisz stopie\u0144 opanowanych tre\u015bci uj\u0119tych w podstawie programowej.<\/em><\/p>\n<ol style=\"text-align: justify;\">\n<li>Zadania z pracy klasowej otrzymacie na pocz\u0105tku lekcji online, po rozwi\u0105zaniu zada\u0144 zdj\u0119cie pracy klasowej przesy\u0142acie na adres: <a href=\"mailto:edypawlik@gmail.com\">edypawlik@gmail.com<\/a><\/li>\n<\/ol>\n<p style=\"text-align: justify;\"><strong><u>Lekcja on-line na Messengerze godz. 10.30<\/u><\/strong><\/p>\n<p style=\"text-align: justify;\">W razie jakichkolwiek problem\u00f3w prosz\u0119 o kontakt: <a href=\"mailto:edypawlik@gmail.com\">edypawlik@gmail.com<\/a>, lub przez Messenger.<\/p>\n<p><em><span style=\"text-decoration: underline;\"><strong><span style=\"color: #ff0000; text-decoration: underline;\">FIZYKA<\/span><\/strong><\/span><\/em><\/p>\n<p><em><strong>Temat: <span style=\"text-decoration: underline;\">Sprawdzian wiadomo\u015bci &#8222;Optyka&#8221;<\/span><\/strong><\/em><\/p>\n<p>Sprawdzian &#8211; indywidualna odpowied\u017a ustna przy w\u0142\u0105czonej kamerce.<\/p>\n<p><em><span style=\"text-decoration: underline;\"><strong><span style=\"color: #ff0000; text-decoration: underline;\">WOS<\/span><\/strong><\/span><\/em><\/p>\n<p><strong><em>Temat: <span style=\"text-decoration: underline;\">Utrwalenie wiadomo\u015bci z II p\u00f3\u0142rocza.<\/span><\/em><\/strong><\/p>\n<p><strong><em>Cel lekcji: <\/em><\/strong><em>powtarzamy wiadomo\u015bci z II p\u00f3\u0142rocza.<\/em><\/p>\n<p><em><span style=\"text-decoration: underline;\"><strong><span style=\"color: #ff0000; text-decoration: underline;\">EDB<\/span><\/strong><\/span><\/em><\/p>\n<p><em><span style=\"text-decoration: underline;\"><strong><span style=\"color: #800080; text-decoration: underline;\">KO\u0141O MATEMATYCZNE<\/span><\/strong><\/span><\/em><strong><em><br \/>\n<\/em><\/strong><\/p>\n<p><strong><u>Konsultacje godz. 14.00<\/u><\/strong><\/p>\n<hr \/>\n<h2 style=\"text-align: center;\"><strong><span style=\"color: #0000ff;\">WTOREK<\/span><\/strong><em><strong><br \/>\n<\/strong><\/em><\/h2>\n<hr \/>\n<p><em><span style=\"text-decoration: underline;\"><strong><span style=\"color: #ff0000; text-decoration: underline;\">BIOLOGIA<\/span><\/strong><\/span><\/em><\/p>\n<p style=\"text-align: justify;\"><strong><em>Temat:<span style=\"text-decoration: underline;\">Racjonalne gospodarowanie zasobami przyrody.<\/span><\/em><\/strong><br \/>\n<em><strong>Celem lekcji<\/strong> jest zapoznanie si\u0119 z podzia\u0142em zasob\u00f3w przyrody,okre\u015blenie w jaki spos\u00f3b odtwarzaj\u0105 si\u0119 zasoby odnawialne,zapoznanie si\u0119 z poj\u0119ciem zr\u00f3wnowa\u017conego rozwoju<\/em><\/p>\n<p style=\"text-align: justify;\">Na podstawie tekstu ze str.152-156 odpowiedz w zeszycie na pytania:<br \/>\n1.Wyja\u015bnij poj\u0119cie zasob\u00f3w przyrody.<br \/>\n2.Jak dzielimy zasoby przyrody?<br \/>\n3.Jak odtwarzaj\u0105 si\u0119 zasoby odnawialne?<br \/>\n4.Wymie\u0144 w punktach skutki niew\u0142a\u015bciwej eksploatacji zasob\u00f3w przyrody.<br \/>\n5.Wyja\u015bnij poj\u0119cie zr\u00f3wnowa\u017conego rozwoju.<br \/>\n6.Wymie\u0144 w punktach sposoby racjonalnego wykorzystania zasob\u00f3w.<\/p>\n<p><em><span style=\"text-decoration: underline;\"><strong><span style=\"color: #ff0000; text-decoration: underline;\">MATEMATYKA<\/span><\/strong><\/span><\/em><\/p>\n<p style=\"text-align: justify;\"><strong><em>Temat: <span style=\"text-decoration: underline;\">Ostatnia prosta przed egzaminem \u2013 powt\u00f3rzenie wiadomo\u015bci.<\/span>(zapisz w zeszycie)<\/em><\/strong><\/p>\n<p style=\"text-align: justify;\"><em><strong>Cel:<\/strong> Na tej lekcji powt\u00f3rzysz wiadomo\u015bci z matematyki ze szko\u0142y podstawowej poprzez rozwi\u0105zanie przyk\u0142adowych zada\u0144 egzaminacyjnych.<\/em><\/p>\n<p style=\"text-align: justify;\">1.Wsp\u00f3lnie rozwi\u0105\u017cemy kart\u0119 pracy przes\u0142an\u0105 podczas lekcji.<\/p>\n<ol style=\"text-align: justify;\" start=\"2\">\n<li>Praca domowa zadania z karty pracy.<\/li>\n<\/ol>\n<p style=\"text-align: justify;\"><strong><u>Lekcja on-line na Messengerze godz. 8.50<\/u><\/strong><\/p>\n<p style=\"text-align: justify;\">W razie jakichkolwiek problem\u00f3w prosz\u0119 o kontakt: <a href=\"mailto:edypawlik@gmail.com\">edypawlik@gmail.com<\/a>, lub przez Messenger.<\/p>\n<p><em><span style=\"text-decoration: underline;\"><strong><span style=\"color: #ff0000; text-decoration: underline;\">J\u0118ZYK ANGIELSKI<\/span><\/strong><\/span><\/em><\/p>\n<p style=\"text-align: justify;\"><strong>Lekcja on-line na Messengerze. Przygotuj podr\u0119cznik, zeszyt i d\u0142ugopis. Zadbaj o wygodne miejsce do pracy.<\/strong><br \/>\n<strong>Godzina 9:40<\/strong><\/p>\n<p style=\"text-align: justify;\"><strong><em>Temat: <span style=\"text-decoration: underline;\">Ale g\u00f3ra \u015bmieci! Praca z tekstem<\/span><\/em><\/strong><br \/>\n<strong><em>Cele lekcji: <\/em><\/strong><br \/>\n<em>&#8211; powt\u00f3rzysz przyimki,<\/em><br \/>\n<em>&#8211; przeczytasz artyku\u0142 o zanieczyszczeniach,<\/em><br \/>\n<em>&#8211; dowiesz si\u0119 czym jest \u201eGreat Pacific Garbage Patch\u201d<\/em><\/p>\n<p style=\"text-align: justify;\">Na pocz\u0105tku lekcji przypomnicie sobie popularne przyimki, u\u0142o\u017cycie z nimi zdania.<br \/>\nPrzeczytacie artyku\u0142 o zanieczyszczeniu \u015brodowiska, uzupe\u0142nicie tekst w\u0142a\u015bciwymi przyimkami.<\/p>\n<p style=\"text-align: justify;\">W razie pyta\u0144 prosz\u0119 si\u0119 ze mn\u0105 kontaktowa\u0107 przez Messenger lub pisz\u0105c na e-mail: <a href=\"mailto:m.willow@wp.pl\">m.willow@wp.pl<\/a><\/p>\n<p><em><span style=\"text-decoration: underline;\"><strong><span style=\"color: #ff0000; text-decoration: underline;\">WYCHOWANIE FIZYCZNE<\/span><\/strong><\/span><\/em><\/p>\n<p style=\"text-align: justify;\"><em><b>Temat: <span style=\"text-decoration: underline;\">Mini gry i zabawy z pomoc\u0105 r\u00f3\u017cnych przybor\u00f3w.<\/span> <\/b><\/em><\/p>\n<p style=\"text-align: justify;\"><em><b>Cel. <\/b>Przygotowanie do samodzielnych zachowa\u0144 utylitarnych.<\/em><\/p>\n<p style=\"text-align: justify;\">\u00a0<strong><span class=\"highlight\"><span class=\"colour\"><span class=\"font\"><span class=\"size\">Zaj\u0119cia on-line messenger (video-rozmowa)<\/span><\/span><\/span><\/span>. Godzina &#8211; 11.50\u00a0<\/strong><\/p>\n<p><em><span style=\"text-decoration: underline;\"><strong><span style=\"color: #ff0000; text-decoration: underline;\">J\u0118ZYK NIEMIECKI<\/span><\/strong><\/span><\/em><\/p>\n<p style=\"text-align: justify;\"><strong><em>Temat: <span style=\"text-decoration: underline;\">Gwiazdy Hollywood pochodzenia niemieckiego.<\/span><\/em><\/strong><br \/>\n<strong><em>Cel lekcji:<\/em><\/strong><em>P<\/em><em>otrafi\u0119 opowiedzie\u0107 o pochodzeniu wybranych gwiazd Hollywood.<\/em><\/p>\n<p style=\"text-align: justify;\">1. Czytamy i t\u0142umaczymy zadanie 1 strona 129 w ksi\u0105\u017cce. Nast\u0119pnie poprawiamy zdania z zadania 2 (strona 129) i przepisujemy je do zeszytu.<br \/>\n2. Odpowiadamy ustnie na pytania w zadaniu 3.<br \/>\n3. Opowiadamy co dowiedzieli\u015bmy si\u0119 o gwiazdach Hollywood.<\/p>\n<p style=\"text-align: justify;\"><span style=\"text-decoration: underline;\">Praca domowa<\/span><br \/>\nUzupe\u0142niamy stron\u0119 97 z \u0107wiczeni\u00f3wki<\/p>\n<p><em><span style=\"text-decoration: underline;\"><strong><span style=\"color: #ff0000; text-decoration: underline;\">J\u0118ZYK POLSKI<\/span><\/strong><\/span><\/em><\/p>\n<p style=\"text-align: justify;\"><strong>Lekcja online przez Messenger. Przygotuj podr\u0119cznik, zeszyt i d\u0142ugopis. Zadbaj o wygodne miejsce do pracy.<\/strong><br \/>\n<strong>Godzina 13:20<\/strong><\/p>\n<p style=\"text-align: justify;\"><strong><em>Temat: <span style=\"text-decoration: underline;\">Sprawdzian z rozdzia\u0142u \u201e\u017byciowe wybory\u201d.<\/span><\/em><\/strong><br \/>\n<em><strong>Cele lekcji:<\/strong> <\/em><br \/>\n<em>&#8211; sprawdzisz swoj\u0105 wiedz\u0119 i umiej\u0119tno\u015bci.<\/em><\/p>\n<p style=\"text-align: justify;\">Na pocz\u0105tku lekcji otrzymacie link do sprawdzianu. Odpowiedzi na pytania zawarte w sprawdzanie zapiszecie w zeszycie do j\u0119zyka polskiego. Po wykonaniu \u0107wicze\u0144 zr\u00f3bcie ich zdj\u0119cia i wy\u015blijcie je na e-mail.<\/p>\n<p style=\"text-align: justify;\">W razie pyta\u0144 prosz\u0119 si\u0119 ze mn\u0105 kontaktowa\u0107 przez Messenger lub pisz\u0105c na e-mail: <a href=\"mailto:m.willow@wp.pl\">m.willow@wp.pl<\/a><\/p>\n<hr \/>\n<h2 style=\"text-align: center;\"><strong><span style=\"color: #0000ff;\">\u015aRODA<\/span><\/strong><\/h2>\n<hr \/>\n<p><em><span style=\"text-decoration: underline;\"><strong><span style=\"color: #ff0000; text-decoration: underline;\">RELIGIA<\/span><\/strong><\/span><\/em><\/p>\n<p><strong><em>Temat 52 \u2013 <span style=\"text-decoration: underline;\">Kto jest za tym, \u017ce nie ma s\u0142o\u0144ca? Normy moralne.<\/span><\/em><\/strong><br \/>\n<strong><em>Cele:<\/em><\/strong><br \/>\n<em>&#8211; Poznasz obiektywne normy moralne.<\/em><br \/>\n<em>&#8211; B\u0119dziesz respektowa\u0142 obiektywne normy moralne.<\/em><\/p>\n<p><span style=\"text-decoration: underline;\">Zadanie:<\/span><br \/>\nPrzeczytaj temat z podr\u0119cznika.<br \/>\nWyja\u015bnij poj\u0119cie: normy moralne.<br \/>\n<strong>Uzupe\u0142nij tabel\u0119.<\/strong><\/p>\n<table>\n<tbody>\n<tr>\n<td width=\"402\">Przekroczenie norm<\/td>\n<td width=\"402\">Co mog\u0105 zrobi\u0107: m\u0142odzi, ich bliscy, koledzy, instytucje, pa\u0144stwo&#8230;<\/td>\n<\/tr>\n<tr>\n<td width=\"402\">narkotyki<\/td>\n<td width=\"402\"><\/td>\n<\/tr>\n<tr>\n<td width=\"402\">eutanazja<\/td>\n<td width=\"402\"><\/td>\n<\/tr>\n<tr>\n<td width=\"402\">agresja<\/td>\n<td width=\"402\"><\/td>\n<\/tr>\n<tr>\n<td width=\"402\">aborcja<\/td>\n<td width=\"402\"><\/td>\n<\/tr>\n<tr>\n<td width=\"402\">zwi\u0105zki partnerskie<\/td>\n<td width=\"402\"><\/td>\n<\/tr>\n<tr>\n<td width=\"402\">\u201er\u00f3bta, co chceta\u201d<\/td>\n<td width=\"402\"><\/td>\n<\/tr>\n<tr>\n<td width=\"402\">hejt<\/td>\n<td width=\"402\"><\/td>\n<\/tr>\n<\/tbody>\n<\/table>\n<p>Prace prosz\u0119 przes\u0142a\u0107: <a href=\"mailto:biedor@op.pl\">biedor@op.pl<\/a><\/p>\n<p><em><span style=\"text-decoration: underline;\"><strong><span style=\"color: #ff0000; text-decoration: underline;\">CHEMIA<\/span><\/strong><\/span><\/em><\/p>\n<p><em><strong>Temat lekcji: <span style=\"text-decoration: underline;\">Glukoza i fruktoza- monosacharydy.<\/span><\/strong><\/em><\/p>\n<p><em><strong>Cele lekcji:<\/strong> przedstawienie wyst\u0119powania, w\u0142a\u015bciwo\u015bci i zastosowania glukozy i fruktozy.<br \/>\n<\/em><\/p>\n<p><em><span style=\"text-decoration: underline;\"><strong><span style=\"color: #ff0000; text-decoration: underline;\">FIZYKA<\/span><\/strong><\/span><\/em><\/p>\n<p><em><strong>Temat: <span style=\"text-decoration: underline;\">Wzory, symbole, jednostki &#8211; powt\u00f3rzenie.<\/span><\/strong><\/em><\/p>\n<p><strong>Lekcja &#8211; online<\/strong><\/p>\n<p><em><span style=\"text-decoration: underline;\"><strong><span style=\"color: #ff0000; text-decoration: underline;\">J\u0118ZYK POLSKI<\/span><\/strong><\/span><\/em><\/p>\n<p style=\"text-align: justify;\"><strong>Lekcja online przez Messenger. Przygotuj podr\u0119cznik, zeszyt i d\u0142ugopis. Zadbaj o wygodne miejsce do pracy.<\/strong><br \/>\n<strong>Godzina 10:30<\/strong><\/p>\n<p style=\"text-align: justify;\"><em><strong>Temat: <span style=\"text-decoration: underline;\">Jak napisa\u0107 list motywacyjny?<\/span><\/strong><\/em><br \/>\n<em><strong>Cele lekcji:<\/strong><\/em><br \/>\n<em>&#8211; dowiesz si\u0119 jak napisa\u0107 list motywacyjny,<\/em><br \/>\n<em>&#8211; napiszesz list motywacyjny.<\/em><\/p>\n<p style=\"text-align: justify;\">Przeczytacie tekst o tym, jak napisa\u0107 list motywacyjne na stronie 280 podr\u0119cznika oraz przyk\u0142adowy list motywacyjny.<br \/>\nWsp\u00f3lnie zredagujemy list motywacyjny, b\u0119d\u0105cy odpowiedzi\u0105 na jedno z og\u0142osze\u0144 z \u0107wiczenia 5 na stronie 283 podr\u0119cznika.<\/p>\n<p style=\"text-align: justify;\">W razie pyta\u0144 prosz\u0119 si\u0119 ze mn\u0105 kontaktowa\u0107 przez Messenger lub pisz\u0105c na e-mail: <a href=\"mailto:m.willow@wp.pl\">m.willow@wp.pl<\/a><\/p>\n<p><em><span style=\"text-decoration: underline;\"><strong><span style=\"color: #ff0000; text-decoration: underline;\">WYCHOWANIE FIZYCZNE<\/span><\/strong><\/span><\/em><\/p>\n<p><em><b>Temat: <span style=\"text-decoration: underline;\">Wykorzystanie mo\u017cliwo\u015bci motorycznych oraz stabilizacyjnych &#8211; \u0107wiczenia.<\/span> <\/b><\/em><\/p>\n<p><em><b>Cel.\u00a0<\/b>Praca nad w\u0142asna sylwetk\u0105 cia\u0142a.\u00a0<\/em><\/p>\n<p><strong><span class=\"highlight\"><span class=\"colour\"><span class=\"font\"><span class=\"size\">Zaj\u0119cia on-line messenger (video-rozmowa).\u00a0Godzina &#8211; 11.40\u00a0<\/span><\/span><\/span><\/span><\/strong><\/p>\n<p><em><span style=\"text-decoration: underline;\"><strong><span style=\"color: #ff0000; text-decoration: underline;\">MATEMATYKA<\/span><\/strong><\/span><\/em><\/p>\n<p style=\"text-align: justify;\"><strong><em>Temat: <span style=\"text-decoration: underline;\">Powt\u00f3rzenie &#8211; rozwi\u0105zywanie przyk\u0142adowych zada\u0144 egzaminacyjnych. <\/span>(zapisz w zeszycie)<\/em><\/strong><\/p>\n<p style=\"text-align: justify;\"><em><strong>Cel:<\/strong> Na tej lekcji powt\u00f3rzysz wiadomo\u015bci z matematyki poprzez rozwi\u0105zanie przyk\u0142adowych zada\u0144 egzaminacyjnych.<\/em><\/p>\n<ol style=\"text-align: justify;\">\n<li>Wsp\u00f3lnie rozwi\u0105\u017cemy kart\u0119 pracy przes\u0142an\u0105 podczas lekcji.<\/li>\n<li>Praca domowa zadania z karty pracy.<\/li>\n<\/ol>\n<p style=\"text-align: justify;\"><strong><u>Lekcja on-line na Messengerze godz. 12.30<\/u><\/strong><\/p>\n<p style=\"text-align: justify;\">W razie jakichkolwiek problem\u00f3w prosz\u0119 o kontakt: <a href=\"mailto:edypawlik@gmail.com\">edypawlik@gmail.com<\/a>, lub przez Messenger.<\/p>\n<p><strong><em><span style=\"text-decoration: underline;\"><span style=\"color: #800080; text-decoration: underline;\">KO\u0141O J\u0118ZYKA\u00a0 ANGIELSKIEGO<\/span><\/span><br \/>\n<\/em><\/strong><\/p>\n","protected":false},"excerpt":{"rendered":"<p>PONIEDZIA\u0141EK HISTORIA Temat: Utrwalenie wiadomo\u015bci z II p\u00f3\u0142rocza. Cel lekcji: powtarzamy wiadomo\u015bci z II p\u00f3\u0142rocza. CHEMIA Temat lekcji: Sacharydy. Cele lekcji: wprowadzenie poj\u0119cia sacharyd, badanie sk\u0142adu pierwiastkowego sacharyd\u00f3w, przedstawienie podzia\u0142u sacharyd\u00f3w. 1. Sk\u0142ad pierwiastkowy sacharyd\u00f3w. 2. Og\u00f3lny wz\u00f3r sacharyd\u00f3w. 3. &hellip; <a href=\"http:\/\/spmlodzawy.pl\/index.php\/zadania-dla-klasy-viii-na-dni-8-12-czerwca\/\">Czytaj dalej <span class=\"meta-nav\">&rarr;<\/span><\/a><\/p>\n","protected":false},"author":1,"featured_media":0,"parent":0,"menu_order":0,"comment_status":"closed","ping_status":"closed","template":"","meta":[],"_links":{"self":[{"href":"http:\/\/spmlodzawy.pl\/index.php\/wp-json\/wp\/v2\/pages\/22636"}],"collection":[{"href":"http:\/\/spmlodzawy.pl\/index.php\/wp-json\/wp\/v2\/pages"}],"about":[{"href":"http:\/\/spmlodzawy.pl\/index.php\/wp-json\/wp\/v2\/types\/page"}],"author":[{"embeddable":true,"href":"http:\/\/spmlodzawy.pl\/index.php\/wp-json\/wp\/v2\/users\/1"}],"replies":[{"embeddable":true,"href":"http:\/\/spmlodzawy.pl\/index.php\/wp-json\/wp\/v2\/comments?post=22636"}],"version-history":[{"count":21,"href":"http:\/\/spmlodzawy.pl\/index.php\/wp-json\/wp\/v2\/pages\/22636\/revisions"}],"predecessor-version":[{"id":23012,"href":"http:\/\/spmlodzawy.pl\/index.php\/wp-json\/wp\/v2\/pages\/22636\/revisions\/23012"}],"wp:attachment":[{"href":"http:\/\/spmlodzawy.pl\/index.php\/wp-json\/wp\/v2\/media?parent=22636"}],"curies":[{"name":"wp","href":"https:\/\/api.w.org\/{rel}","templated":true}]}}