{"id":22699,"date":"2020-05-28T06:20:50","date_gmt":"2020-05-28T04:20:50","guid":{"rendered":"http:\/\/spmlodzawy.pl\/?page_id=22699"},"modified":"2020-06-14T09:45:05","modified_gmt":"2020-06-14T07:45:05","slug":"zabawy-i-zadania-zadania-na-dni-15-19-czerwca","status":"publish","type":"page","link":"http:\/\/spmlodzawy.pl\/index.php\/zabawy-i-zadania-zadania-na-dni-15-19-czerwca\/","title":{"rendered":"ZABAWY I ZADANIA ZADANIA NA DNI 15-19 czerwca"},"content":{"rendered":"<p><span style=\"text-decoration: underline;\"><strong><em><span style=\"color: #ff0000; text-decoration: underline;\">J\u0118ZYK ANGIELSKI<\/span><\/em><\/strong><\/span><\/p>\n<p>Przypomnij\u00a0sobie, jak liczy\u0107 do dziesi\u0119ciu, s\u0142uchaj\u0105c piosenki o marszuj\u0105cych\u00a0mr\u00f3wkach. Spr\u00f3buj za\u015bpiewa\u0107 piosenk\u0119.<\/p>\n<p><iframe loading=\"lazy\" width=\"640\" height=\"360\" src=\"https:\/\/www.youtube.com\/embed\/2S__fbCGwOM?feature=oembed\" frameborder=\"0\" allow=\"accelerometer; autoplay; encrypted-media; gyroscope; picture-in-picture\" allowfullscreen><\/iframe><\/p>\n<p>Pos\u0142uchaj piosenki o pszczo\u0142ach. Policz ile pszcz\u00f3\u0142 chowa si\u0119 w ulu.<\/p>\n<p><iframe loading=\"lazy\" width=\"640\" height=\"360\" src=\"https:\/\/www.youtube.com\/embed\/V5Bs9xydba0?feature=oembed\" frameborder=\"0\" allow=\"accelerometer; autoplay; encrypted-media; gyroscope; picture-in-picture\" allowfullscreen><\/iframe><\/p>\n<p><span style=\"text-decoration: underline;\"><strong><em><span style=\"color: #ff0000; text-decoration: underline;\">RELIGIA<\/span><\/em><\/strong><\/span><\/p>\n<p>Prosz\u0119 wykona\u0107 polecenia z tematu 45.<br \/>\nMo\u017cna skorzysta\u0107 ze strony:<\/p>\n<ul>\n<li><a href=\"https:\/\/drive.google.com\/file\/d\/1RdrIM5TN8dHlNZiHgVv4X0D5mS-XrMgi\/view?usp=sharing\">https:\/\/drive.google.com\/file\/d\/1RdrIM5TN8dHlNZiHgVv4X0D5mS-XrMgi\/view?usp=sharing<\/a><\/li>\n<li><a href=\"https:\/\/drive.google.com\/file\/d\/12KlLsL7LksKVpy8efbSgpfAw9hzDEtwy\/view?usp=sharing\">https:\/\/drive.google.com\/file\/d\/12KlLsL7LksKVpy8efbSgpfAw9hzDEtwy\/view?usp=sharing<\/a><\/li>\n<\/ul>\n<p>Prace mo\u017cna przes\u0142a\u0107 na maila: <a href=\"mailto:biedor@op.pl\">biedor@op.pl<\/a><\/p>\n","protected":false},"excerpt":{"rendered":"<p>J\u0118ZYK ANGIELSKI Przypomnij\u00a0sobie, jak liczy\u0107 do dziesi\u0119ciu, s\u0142uchaj\u0105c piosenki o marszuj\u0105cych\u00a0mr\u00f3wkach. Spr\u00f3buj za\u015bpiewa\u0107 piosenk\u0119. Pos\u0142uchaj piosenki o pszczo\u0142ach. Policz ile pszcz\u00f3\u0142 chowa si\u0119 w ulu. RELIGIA Prosz\u0119 wykona\u0107 polecenia z tematu 45. Mo\u017cna skorzysta\u0107 ze strony: https:\/\/drive.google.com\/file\/d\/1RdrIM5TN8dHlNZiHgVv4X0D5mS-XrMgi\/view?usp=sharing https:\/\/drive.google.com\/file\/d\/12KlLsL7LksKVpy8efbSgpfAw9hzDEtwy\/view?usp=sharing Prace mo\u017cna &hellip; <a href=\"http:\/\/spmlodzawy.pl\/index.php\/zabawy-i-zadania-zadania-na-dni-15-19-czerwca\/\">Czytaj dalej <span class=\"meta-nav\">&rarr;<\/span><\/a><\/p>\n","protected":false},"author":1,"featured_media":0,"parent":0,"menu_order":0,"comment_status":"closed","ping_status":"closed","template":"","meta":[],"_links":{"self":[{"href":"http:\/\/spmlodzawy.pl\/index.php\/wp-json\/wp\/v2\/pages\/22699"}],"collection":[{"href":"http:\/\/spmlodzawy.pl\/index.php\/wp-json\/wp\/v2\/pages"}],"about":[{"href":"http:\/\/spmlodzawy.pl\/index.php\/wp-json\/wp\/v2\/types\/page"}],"author":[{"embeddable":true,"href":"http:\/\/spmlodzawy.pl\/index.php\/wp-json\/wp\/v2\/users\/1"}],"replies":[{"embeddable":true,"href":"http:\/\/spmlodzawy.pl\/index.php\/wp-json\/wp\/v2\/comments?post=22699"}],"version-history":[{"count":6,"href":"http:\/\/spmlodzawy.pl\/index.php\/wp-json\/wp\/v2\/pages\/22699\/revisions"}],"predecessor-version":[{"id":23077,"href":"http:\/\/spmlodzawy.pl\/index.php\/wp-json\/wp\/v2\/pages\/22699\/revisions\/23077"}],"wp:attachment":[{"href":"http:\/\/spmlodzawy.pl\/index.php\/wp-json\/wp\/v2\/media?parent=22699"}],"curies":[{"name":"wp","href":"https:\/\/api.w.org\/{rel}","templated":true}]}}