{"id":22702,"date":"2020-05-28T06:21:51","date_gmt":"2020-05-28T04:21:51","guid":{"rendered":"http:\/\/spmlodzawy.pl\/?page_id=22702"},"modified":"2020-06-14T13:08:19","modified_gmt":"2020-06-14T11:08:19","slug":"zadania-na-dni-15-19-czerwca","status":"publish","type":"page","link":"http:\/\/spmlodzawy.pl\/index.php\/zadania-na-dni-15-19-czerwca\/","title":{"rendered":"ZADANIA DLA KLAS I-III NA DNI 15 i 19 czerwca"},"content":{"rendered":"<p style=\"text-align: justify;\">Zapraszam was do obejrzenia filmu, <em><strong>&#8222;Polska &#8211; moja ojczyzna&#8221;, <\/strong><\/em>kt\u00f3ry w bardzo przyst\u0119pny i ciekawy spos\u00f3b opowie Wam o wa\u017cnych miastach naszego kraju. Zwr\u00f3\u0107cie szczeg\u00f3ln\u0105 uwag\u0119 na <em><strong><span style=\"color: #ff0000;\">KRAK\u00d3W i WARSZAW\u0118!<\/span><\/strong><\/em><\/p>\n<p><iframe loading=\"lazy\" width=\"640\" height=\"360\" src=\"https:\/\/www.youtube.com\/embed\/JPB6tA0U214?start=26&#038;feature=oembed\" frameborder=\"0\" allow=\"accelerometer; autoplay; encrypted-media; gyroscope; picture-in-picture\" allowfullscreen><\/iframe><\/p>\n<p style=\"text-align: justify;\">My\u015bl\u0119, \u017ce to \u015bwietna okazja do przypomnienia sobie symboli Polski, ale nie tylko. Zobaczcie film <em><strong>&#8222;<\/strong><strong>POLSKA &#8211; Moja ojczyzna cz.1&#8243;<\/strong><\/em>, przypomnijcie sobie wa\u017cne informacje o naszej ojczy\u017anie i zabawcie si\u0119 w quiz o Polsce.<\/p>\n<p><iframe loading=\"lazy\" width=\"640\" height=\"360\" src=\"https:\/\/www.youtube.com\/embed\/Xv7DNwMDoAM?start=19&#038;feature=oembed\" frameborder=\"0\" allow=\"accelerometer; autoplay; encrypted-media; gyroscope; picture-in-picture\" allowfullscreen><\/iframe><\/p>\n<p>Do pos\u0142uchania polecam pi\u0119kn\u0105 piosenk\u0119 zach\u0119caj\u0105c\u0105 do poznawania naszej ojczyzny i jej historii &#8211;<em><strong> &#8222;Niezwyk\u0142e Lekcje Rytmiki &#8211; Jestem Polakiem&#8221;.<\/strong><\/em><\/p>\n<p><iframe loading=\"lazy\" width=\"640\" height=\"360\" src=\"https:\/\/www.youtube.com\/embed\/plug6OIrxRM?feature=oembed\" frameborder=\"0\" allow=\"accelerometer; autoplay; encrypted-media; gyroscope; picture-in-picture\" allowfullscreen><\/iframe><\/p>\n<p>Nasz kraj jest cz\u0119\u015bci\u0105 Unii Europejskiej. Jakie kraje nale\u017c\u0105 do unii i jaki jest jej hymn oraz inne symbole? Zobaczcie film: <em><strong>&#8222;Unia Europejska dla dzieci&#8221;.<\/strong><\/em><\/p>\n<p><iframe loading=\"lazy\" width=\"640\" height=\"360\" src=\"https:\/\/www.youtube.com\/embed\/Dxy1Z-8dV8M?feature=oembed\" frameborder=\"0\" allow=\"accelerometer; autoplay; encrypted-media; gyroscope; picture-in-picture\" allowfullscreen><\/iframe><\/p>\n<p>A tu piosenka w wykonaniu dzieci o Unii Europejskiej.<\/p>\n<p><iframe loading=\"lazy\" width=\"640\" height=\"360\" src=\"https:\/\/www.youtube.com\/embed\/5VVAotBHuiM?feature=oembed\" frameborder=\"0\" allow=\"accelerometer; autoplay; encrypted-media; gyroscope; picture-in-picture\" allowfullscreen><\/iframe><\/p>\n<p>Propozycje zaj\u0119\u0107 i zabaw ruchowych:<\/p>\n<p><strong>\u201eWF w domu. \u00a0Trenuj z nami na weso\u0142o \u2013 4\u201d<\/strong><\/p>\n<p><iframe loading=\"lazy\" width=\"640\" height=\"360\" src=\"https:\/\/www.youtube.com\/embed\/7s_bPh45Mqw?feature=oembed\" frameborder=\"0\" allow=\"accelerometer; autoplay; encrypted-media; gyroscope; picture-in-picture\" allowfullscreen><\/iframe><\/p>\n<p>Bie\u017c\u0105ce zadania i \u0107wiczenia nauczyciele ustalaj\u0105 z rodzicami i uczniami przez Messengera, telefonicznie, b\u0105d\u017a na adres e-mail:<br \/>\n<em>wychowawca klasy I e-mail: <a href=\"mailto:tomcug@poczta.fm\">tomcug@poczta.fm<\/a><\/em><br \/>\n<em> wychowawca klasy II e-mail: <a href=\"mailto:agroaga@o2.pl\">agroaga@o2.pl<\/a><\/em><br \/>\n<em> wychowawca klasy III e-mail: <a href=\"mailto:renata.basag@gmail.com\">renata.basag@gmail.com<\/a><\/em><br \/>\n<em> nauczyciel j\u0119zyka angielskiego e-mail: <a href=\"mailto:m.willow@wp.pl\">m.willow@wp.pl<\/a><\/em><br \/>\n<em> nauczyciel religii e-mail: <a href=\"mailto:biedor@op.pl\">biedor@op.pl<\/a><\/em><\/p>\n<p style=\"text-align: justify;\"><em><span style=\"color: #0000ff;\">KOCHANI! PODAM JESZCZE LINK DO ZAJ\u0118\u0106 KOREKCYJNO \u2013 KOMPENSACYJNYCH. TO ZADANIE NA BIE\u017b\u0104CY TYDZIE\u0143 PRZYGOTOWA\u0141A DLA WAS PANI IZA!\u00a0 <a href=\"http:\/\/spmlodzawy.pl\/wp-content\/uploads\/2020\/06\/Zadania-dla-uczni\u00f3w-klas-15.06-19.06.pdf\"><strong>ZADANIE<\/strong><\/a><\/span><\/em><\/p>\n<p>Poni\u017cej przedstawiamy zadania z j\u0119zyka angielskiego i religii na nadchodz\u0105ce dni<\/p>\n<hr \/>\n<h2 style=\"text-align: center;\"><strong><span style=\"color: #0000ff;\">KLASA I<\/span><\/strong><\/h2>\n<hr \/>\n<h2 style=\"text-align: center;\"><strong><span style=\"color: #0a660a;\">PONIEDZIA\u0141EK<\/span><\/strong><\/h2>\n<p><em><span style=\"text-decoration: underline;\"><strong><span style=\"color: #ff0000; text-decoration: underline;\">RELIGIA<\/span><\/strong><\/span><\/em><\/p>\n<p><strong><em>Temat 47- <span style=\"text-decoration: underline;\">Z Panem Jezusem idziemy przez miasta i wsie \u2013 Bo\u017ce Cia\u0142o.<\/span><\/em><\/strong><br \/>\n<strong><em>Cele:<\/em><\/strong><br \/>\n&#8211; Poznasz poj\u0119cia: procesja, monstrancja.<br \/>\n&#8211; Opowiesz jak wygl\u0105da procesja Bo\u017cego Cia\u0142a.<\/p>\n<p><strong>Zadanie:<\/strong><br \/>\nWykonaj polecenia z zeszytu \u0107wicze\u0144.<br \/>\nPostaraj si\u0119 narysowa\u0107 jak najwi\u0119cej kwiat\u00f3w na drodze po kt\u00f3rej przeszli ludzie podczas procesji.<br \/>\nPrace mo\u017cna przes\u0142a\u0107 na maila: <a href=\"mailto:biedor@op.pl\">biedor@op.pl<\/a><\/p>\n<p>&nbsp;<\/p>\n<h2 style=\"text-align: center;\"><strong><span style=\"color: #0a660a;\">PI\u0104TEK<\/span><\/strong><\/h2>\n<p><em><span style=\"text-decoration: underline;\"><strong><span style=\"color: #ff0000; text-decoration: underline;\">RELIGIA<\/span><\/strong><\/span><\/em><\/p>\n<p><strong><em>Temat 55 \u2013 <span style=\"text-decoration: underline;\">Serce Jezusa \u017ar\u00f3d\u0142em mi\u0142o\u015bci i dobroci.<\/span><\/em><\/strong><br \/>\n<strong><em>Cele:<\/em><\/strong><br \/>\n&#8211; Dowiesz si\u0119, \u017ce kocha\u0107 to by\u0107 dobrym dla innych.<br \/>\n&#8211; B\u0119dziesz stara\u0142 si\u0119 by\u0107 dobry dla koleg\u00f3w.<\/p>\n<p><strong>Zadanie:<\/strong><br \/>\nWykonaj polecenia z zeszytu \u0107wicze\u0144.<br \/>\nZwr\u00f3\u0107 uwag\u0119 na Jezusa, kt\u00f3ry okazywa\u0142 ludziom dobro\u0107.<br \/>\nPrace mo\u017cna przes\u0142a\u0107 na maila: <a href=\"mailto:biedor@op.pl\">biedor@op.pl<\/a><\/p>\n<p><em><span style=\"text-decoration: underline;\"><strong><span style=\"color: #ff0000; text-decoration: underline;\">J\u0118ZYK ANGIELSKI<\/span><\/strong><\/span><\/em><\/p>\n<p style=\"text-align: justify;\"><strong><em>Cele lekcji:<\/em><\/strong><br \/>\n<em>&#8211; poznasz nowe s\u0142owa zwi\u0105zane z urodzinami,<\/em><br \/>\n<em>&#8211; pos\u0142uchasz historyjki o urodzinach Chatty<\/em><\/p>\n<ul>\n<li style=\"text-align: justify;\">Otw\u00f3rz podr\u0119cznik na stronie 98. Pos\u0142uchaj nagrania i powt\u00f3rz wyrazy. Spr\u00f3buj samodzielnie przeczyta\u0107 nazwy produkt\u00f3w spo\u017cywczych w tabelce u g\u00f3ry strony.<br \/>\nNagranie:<a href=\"https:\/\/drive.google.com\/file\/d\/1Sj1iALvlu33H_rnTtjCs5V2X4vBjtf1R\/view?usp=sharing\">https:\/\/drive.google.com\/file\/d\/1Sj1iALvlu33H_rnTtjCs5V2X4vBjtf1R\/view?usp=sharing<\/a><\/li>\n<li style=\"text-align: justify;\">Pos\u0142uchaj nagrania o urodzinach Chatty. W trakcie s\u0142uchania wska\u017c palcem w\u0142a\u015bciwe obrazki w \u0107wiczeniu 1 na stronie 98.<br \/>\n<a href=\"https:\/\/drive.google.com\/file\/d\/1VwZnb2JCfxIU3p43ZQeOHBBr1U_PqKiF\/view?usp=sharing\">https:\/\/drive.google.com\/file\/d\/1VwZnb2JCfxIU3p43ZQeOHBBr1U_PqKiF\/view?usp=sharing<\/a><br \/>\nT\u0142umaczenie nagrania:<\/li>\n<li style=\"text-align: justify;\"><a href=\"https:\/\/drive.google.com\/file\/d\/1hPGDAdDA7nuQy3rVl_O21TvxBEpwjBij\/view?usp=sharing\">https:\/\/drive.google.com\/file\/d\/1hPGDAdDA7nuQy3rVl_O21TvxBEpwjBij\/view?usp=sharing<\/a>Wykonaj \u0107wiczenia 1,2,3,4 na stronach 120-121 w \u0107wiczeni\u00f3wce<\/li>\n<\/ul>\n<p>W razie pyta\u0144 prosz\u0119 si\u0119 ze mn\u0105 kontaktowa\u0107 przez Messenger lub pisz\u0105c na e-mail: <a href=\"mailto:m.willow@wp.pl\">m.willow@wp.pl<\/a><\/p>\n<hr \/>\n<h2 style=\"text-align: center;\"><strong><span style=\"color: #0000ff;\">KLASA II<\/span><\/strong><\/h2>\n<hr \/>\n<h2 style=\"text-align: center;\"><strong><span style=\"color: #0a660a;\">PONIEDZIA\u0141EK<\/span><\/strong><\/h2>\n<p><em><span style=\"text-decoration: underline;\"><strong><span style=\"color: #ff0000; text-decoration: underline;\">J\u0118ZYK ANGIELSKI<\/span><\/strong><\/span><\/em><\/p>\n<p><strong><em>Cele lekcji:<\/em><\/strong><br \/>\n<em>&#8211; poznasz s\u0142owa zwi\u0105zane z chorobami,<\/em><br \/>\n<em>&#8211; przeczytasz czytank\u0119 o Minako.<\/em><\/p>\n<ul>\n<li style=\"text-align: justify;\">Otw\u00f3rz podr\u0119cznik na stronie 94. Przepisz do zeszyty i przet\u0142umacz s\u0142\u00f3wka z ramki u g\u00f3ry strony z pomoc\u0105 s\u0142owniczka na ko\u0144cu ksi\u0105\u017cki.<\/li>\n<li>Pos\u0142uchaj nagrania, by nauczy\u0107 si\u0119 w\u0142a\u015bciwej wymowy wyraz\u00f3w:<br \/>\n<a href=\"https:\/\/drive.google.com\/file\/d\/1COmv8omAOX0xU3Hap72Il6DVGsQNa2o7\/view?usp=sharing\">https:\/\/drive.google.com\/file\/d\/1COmv8omAOX0xU3Hap72Il6DVGsQNa2o7\/view?usp=sharing<\/a><\/li>\n<li style=\"text-align: justify;\">Przeczytaj czytank\u0119 z \u0107wiczenia 1. Pos\u0142uchaj nagrania, by nauczy\u0107 si\u0119 w\u0142a\u015bciwej wymowy zda\u0144:<br \/>\nNagranie:<br \/>\n<a href=\"https:\/\/drive.google.com\/file\/d\/1zi0lFWIVsq0FeAHez1vIRQa6JvjHo-BF\/view?usp=sharing\">https:\/\/drive.google.com\/file\/d\/1zi0lFWIVsq0FeAHez1vIRQa6JvjHo-BF\/view?usp=sharing<\/a><br \/>\nT\u0142umaczenie:<br \/>\n<a href=\"https:\/\/drive.google.com\/file\/d\/1t1QDvXRMnB77KJxMTUk4SPwNys1ajAcp\/view?usp=sharing\">https:\/\/drive.google.com\/file\/d\/1t1QDvXRMnB77KJxMTUk4SPwNys1ajAcp\/view?usp=sharing<\/a><\/li>\n<\/ul>\n<ul>\n<li style=\"text-align: justify;\">Wykonaj \u0107wiczenie 1 i 2 na stronie 118 w \u0107wiczeni\u00f3wce.<\/li>\n<\/ul>\n<p style=\"text-align: justify;\">W razie pyta\u0144 prosz\u0119 kontaktowa\u0107 si\u0119 przez Messenger lub pisz\u0105c na e-mail: <a href=\"mailto:m.willow@wp.pl\">m.willow@wp.pl<\/a><\/p>\n<p><em><span style=\"text-decoration: underline;\"><strong><span style=\"color: #ff0000; text-decoration: underline;\">RELIGIA<\/span><\/strong><\/span><\/em><\/p>\n<p><strong><em>Temat 47 \u2013 <span style=\"text-decoration: underline;\">Duch \u015awi\u0119ty \u2013 pierwszy dar uwielbionego Jezusa.<\/span><\/em><\/strong><br \/>\n<strong><em>Cele:<\/em><\/strong><br \/>\n<em>&#8211; Poznasz znaki Ducha \u015awi\u0119tego.<\/em><br \/>\n<em>&#8211; Potrafisz opowiedzie\u0107 o zes\u0142aniu Ducha \u015awi\u0119tego.<\/em><\/p>\n<p><strong>Zadanie:<\/strong><br \/>\nWykonaj polecenia z zeszytu \u0107wicze\u0144.<br \/>\nPami\u0119taj, \u017ce znakami Ducha \u015awi\u0119tego s\u0105: wiatr, ogie\u0144 i go\u0142\u0119bica.<br \/>\nPrace mo\u017cna przes\u0142a\u0107 na maila: <a href=\"mailto:biedor@op.pl\">biedor@op.pl<\/a><\/p>\n<hr \/>\n<h2 style=\"text-align: center;\"><strong><span style=\"color: #0000ff;\">KLASA III<\/span><\/strong><\/h2>\n<hr \/>\n<h2 style=\"text-align: center;\"><strong><span style=\"color: #0a660a;\">PONIEDZIA\u0141EK<\/span><\/strong><\/h2>\n<p><em><span style=\"text-decoration: underline;\"><strong><span style=\"color: #ff0000; text-decoration: underline;\">J\u0118ZYK ANGIELSKI<\/span><\/strong><\/span><\/em><\/p>\n<p style=\"text-align: justify;\"><strong><em>Cele lekcji:<\/em><\/strong><br \/>\n<em>&#8211; poznasz nowe s\u0142owa zwi\u0105zane z podr\u00f3\u017cowaniem,<\/em><br \/>\n<em>&#8211; przeczytasz rozmow\u0119 Jane z mam\u0105 dotycz\u0105c\u0105 wyjazdu.<\/em><\/p>\n<ul>\n<li style=\"text-align: justify;\">Przeczytaj i powt\u00f3rz s\u0142\u00f3wka z ramki na stronie 84 podr\u0119cznika. Naucz si\u0119 ich.<br \/>\nPos\u0142uchaj nagrania, by pozna\u0107 w\u0142a\u015bciw\u0105 wymow\u0119:<\/li>\n<li style=\"text-align: justify;\"><a href=\"https:\/\/drive.google.com\/file\/d\/1WBU1dfaEj--2ML3pjtAQbbLF1_Splnu-\/view?usp=sharing\">https:\/\/drive.google.com\/file\/d\/1WBU1dfaEj&#8211;2ML3pjtAQbbLF1_Splnu-\/view?usp=sharing<\/a><\/li>\n<li style=\"text-align: justify;\">Przeczytaj dialog z \u0107wiczenia 1 na stronie 84. Pos\u0142uchaj nagrania, by nauczy\u0107 si\u0119 w\u0142a\u015bciwej wymowy zda\u0144:<br \/>\n<a href=\"https:\/\/drive.google.com\/file\/d\/1gP4XOqk4Mdvk4KCEx0ROnp2KcqSmq4J7\/view?usp=sharing\">https:\/\/drive.google.com\/file\/d\/1gP4XOqk4Mdvk4KCEx0ROnp2KcqSmq4J7\/view?usp=sharing<\/a><br \/>\nT\u0142umaczenie tekstu:<\/li>\n<li style=\"text-align: justify;\"><a href=\"https:\/\/drive.google.com\/file\/d\/1ad0cUrnVkPp2zVX5b2irAgUkYwR2TzOS\/view?usp=sharing\">https:\/\/drive.google.com\/file\/d\/1ad0cUrnVkPp2zVX5b2irAgUkYwR2TzOS\/view?usp=sharing<\/a><\/li>\n<li style=\"text-align: justify;\">Wykonaj \u0107wiczenie 1 na stronie 106 i \u0107wiczenie 3 na stronie 107 w \u0107wiczeni\u00f3wce.<\/li>\n<\/ul>\n<p>W razie pyta\u0144 prosz\u0119 kontaktowa\u0107 si\u0119 przez Messenger lub pisz\u0105c na e-mail: <a href=\"mailto:m.willow@wp.pl\">m.willow@wp.pl<\/a><\/p>\n<h2 style=\"text-align: center;\"><strong><span style=\"color: #0a660a;\">PI\u0104TEK<\/span><\/strong><\/h2>\n<p><em><span style=\"text-decoration: underline;\"><strong><span style=\"color: #ff0000; text-decoration: underline;\">RELIGIA<\/span><\/strong><\/span><\/em><\/p>\n<p><strong><em>Temat: <span style=\"text-decoration: underline;\">\u201eSpowied\u017a\u201d film<\/span><\/em><\/strong><br \/>\n<strong><em>Cele:<\/em><\/strong><br \/>\n<em>&#8211; Pog\u0142\u0119bisz wiadomo\u015bci o spowiedzi.<\/em><br \/>\n<em>&#8211; Ch\u0119tnie przyst\u0105pisz do pierwszej spowiedzi.<\/em><\/p>\n<p><strong>Zadanie:<\/strong><br \/>\nObejrzy film ze strony: <a href=\"https:\/\/youtu.be\/Z7GWi51Hjv8\">https:\/\/youtu.be\/Z7GWi51Hjv8<\/a><br \/>\nW razie pyta\u0144 prosz\u0119 o kontakt: <a href=\"mailto:biedor@op.pl\">biedor@op.pl<\/a><\/p>\n<p><span class=\"edit-link\"><a class=\"post-edit-link\" href=\"http:\/\/spmlodzawy.pl\/wp-admin\/post.php?post=22432&amp;action=edit\">Edytuj<\/a><\/span><\/p>\n","protected":false},"excerpt":{"rendered":"<p>Zapraszam was do obejrzenia filmu, &#8222;Polska &#8211; moja ojczyzna&#8221;, kt\u00f3ry w bardzo przyst\u0119pny i ciekawy spos\u00f3b opowie Wam o wa\u017cnych miastach naszego kraju. Zwr\u00f3\u0107cie szczeg\u00f3ln\u0105 uwag\u0119 na KRAK\u00d3W i WARSZAW\u0118! My\u015bl\u0119, \u017ce to \u015bwietna okazja do przypomnienia sobie symboli Polski, &hellip; <a href=\"http:\/\/spmlodzawy.pl\/index.php\/zadania-na-dni-15-19-czerwca\/\">Czytaj dalej <span class=\"meta-nav\">&rarr;<\/span><\/a><\/p>\n","protected":false},"author":1,"featured_media":0,"parent":0,"menu_order":0,"comment_status":"closed","ping_status":"closed","template":"","meta":[],"_links":{"self":[{"href":"http:\/\/spmlodzawy.pl\/index.php\/wp-json\/wp\/v2\/pages\/22702"}],"collection":[{"href":"http:\/\/spmlodzawy.pl\/index.php\/wp-json\/wp\/v2\/pages"}],"about":[{"href":"http:\/\/spmlodzawy.pl\/index.php\/wp-json\/wp\/v2\/types\/page"}],"author":[{"embeddable":true,"href":"http:\/\/spmlodzawy.pl\/index.php\/wp-json\/wp\/v2\/users\/1"}],"replies":[{"embeddable":true,"href":"http:\/\/spmlodzawy.pl\/index.php\/wp-json\/wp\/v2\/comments?post=22702"}],"version-history":[{"count":27,"href":"http:\/\/spmlodzawy.pl\/index.php\/wp-json\/wp\/v2\/pages\/22702\/revisions"}],"predecessor-version":[{"id":23090,"href":"http:\/\/spmlodzawy.pl\/index.php\/wp-json\/wp\/v2\/pages\/22702\/revisions\/23090"}],"wp:attachment":[{"href":"http:\/\/spmlodzawy.pl\/index.php\/wp-json\/wp\/v2\/media?parent=22702"}],"curies":[{"name":"wp","href":"https:\/\/api.w.org\/{rel}","templated":true}]}}