{"id":22714,"date":"2020-05-28T06:26:31","date_gmt":"2020-05-28T04:26:31","guid":{"rendered":"http:\/\/spmlodzawy.pl\/?page_id=22714"},"modified":"2020-06-14T21:21:59","modified_gmt":"2020-06-14T19:21:59","slug":"zadania-dla-klasy-viii-na-dni-15-19-czerwca","status":"publish","type":"page","link":"http:\/\/spmlodzawy.pl\/index.php\/zadania-dla-klasy-viii-na-dni-15-19-czerwca\/","title":{"rendered":"ZADANIA DLA KLASY VIII NA DNI 15-19 czerwca"},"content":{"rendered":"<hr \/>\n<h2 style=\"text-align: center;\"><strong><span style=\"color: #0000ff;\">PONIEDZIA\u0141EK<\/span><\/strong><\/h2>\n<hr \/>\n<p><em><span style=\"text-decoration: underline;\"><strong><span style=\"color: #ff0000; text-decoration: underline;\">HISTORIA<\/span><\/strong><\/span><\/em><\/p>\n<p style=\"text-align: justify;\"><strong><em>Temat: <span style=\"text-decoration: underline;\">Prelekcja nt. Narodowego Dnia Pami\u0119ci Ofiar Niemieckich Nazistowskich Oboz\u00f3w Koncentracyjnych i Oboz\u00f3w Zag\u0142ady obchodzonego 14 czerwca.<\/span><\/em><\/strong><\/p>\n<p style=\"text-align: justify;\"><em><strong>Cel lekcji:<\/strong> poznajemy genez\u0119 i znaczenie obchodzonych wydarze\u0144 zwi\u0105zanych z ofiarami niemieckich nazistowskich oboz\u00f3w koncentracyjnych i oboz\u00f3w zag\u0142ady.<\/em><\/p>\n<p>Prosz\u0119 o zapoznanie si\u0119 z filmami zamieszczonymi pod linkami:<\/p>\n<ul>\n<li><a href=\"https:\/\/www.youtube.com\/watch?v=T1fNOL6nGSo\">https:\/\/www.youtube.com\/watch?v=T1fNOL6nGSo<\/a><\/li>\n<li><a href=\"https:\/\/www.youtube.com\/watch?v=gozc4HgHD98\">https:\/\/www.youtube.com\/watch?v=gozc4HgHD98<\/a><\/li>\n<\/ul>\n<p><em><span style=\"text-decoration: underline;\"><strong><span style=\"color: #ff0000; text-decoration: underline;\">CHEMIA<\/span><\/strong><\/span><\/em><\/p>\n<p><strong><em>Diagnoza po kl.8<\/em><\/strong><br \/>\n<em><strong>Cele lekcji:<\/strong> Sprawdzenie stopnia opanowania materia\u0142u om\u00f3wionego w klasie 8.<\/em><\/p>\n<p><em><span style=\"text-decoration: underline;\"><strong><span style=\"color: #ff0000; text-decoration: underline;\">RELIGIA<\/span><\/strong><\/span><\/em><\/p>\n<p><em><strong>Temat 53 \u2013 <span style=\"text-decoration: underline;\">Dlaczego m\u0105dry a nie inteligentny i bogaty? M\u0105dro\u015b\u0107 Salomona.<\/span><\/strong><\/em><br \/>\n<em><strong>Cele:<\/strong><\/em><br \/>\n<em>&#8211; Poznasz fakty z \u017cycia Salomona.<\/em><br \/>\n<em>&#8211; Postarasz si\u0119 dokonywa\u0107 m\u0105drych , zgodnych z wol\u0105 Bo\u017c\u0105 wybor\u00f3w.<\/em><\/p>\n<p><strong>Zadanie:<\/strong><br \/>\nPrzeczytaj temat z podr\u0119cznika.<br \/>\nZapoznaj si\u0119 z fragmentem 1 Krl 3, 5-15 i odpowiedz na pytania:<br \/>\nO co Salomon m\u00f3g\u0142 prosi\u0107 Boga?<br \/>\nO co Salomon Go prosi\u0142?<br \/>\nDlaczego prosi\u0142 o m\u0105dro\u015b\u0107?<br \/>\nNa czym polega m\u0105dro\u015b\u0107 wed\u0142ug Salomona?<br \/>\nCo to znaczy mie\u0107 serce pe\u0142ne rozs\u0105dku do s\u0105dzenia ludu?<\/p>\n<p>Wyja\u015bnij co to jest m\u0105dro\u015b\u0107 i inteligencja?<br \/>\n<strong>Lekcja na platformie TEAMS godz. 9:40<\/strong><\/p>\n<p><em><span style=\"text-decoration: underline;\"><strong><span style=\"color: #ff0000; text-decoration: underline;\">MATEMATYKA<\/span><\/strong><\/span><\/em><\/p>\n<p style=\"text-align: justify;\"><strong><em>Temat: <span style=\"text-decoration: underline;\">Ostatnie powt\u00f3rki.<\/span> (zapisz w zeszycie)<\/em><\/strong><br \/>\n<em><strong>Cel:<\/strong> Na tej lekcji powt\u00f3rzysz wiadomo\u015bci z matematyki ze szko\u0142y podstawowej poprzez rozwi\u0105zanie przyk\u0142adowych zada\u0144 egzaminacyjnych.<\/em><\/p>\n<p style=\"text-align: justify;\">1.Wsp\u00f3lnie rozwi\u0105\u017cemy kart\u0119 pracy przes\u0142an\u0105 podczas lekcji.<br \/>\n2. Praca domowa zadania z karty pracy.<br \/>\nLekcja on-line na Messengerze godz. 10.30<\/p>\n<p style=\"text-align: justify;\">W razie jakichkolwiek problem\u00f3w prosz\u0119 o kontakt: <a href=\"mailto:edypawlik@gmail.com\">edypawlik@gmail.com<\/a>, lub przez Messenger.<\/p>\n<p><em><span style=\"text-decoration: underline;\"><strong><span style=\"color: #ff0000; text-decoration: underline;\">FIZYKA<\/span><\/strong><\/span><\/em><\/p>\n<p><em><span style=\"text-decoration: underline;\"><strong><span style=\"color: #ff0000; text-decoration: underline;\">WOS<\/span><\/strong><\/span><\/em><\/p>\n<p><strong><em>Temat: <span style=\"text-decoration: underline;\">Fakty i opinie.<\/span><\/em><\/strong><\/p>\n<p><em><strong>Cel lekcji:<\/strong> analiza sytuacji w kraju i na \u015bwiecie.<\/em><\/p>\n<p style=\"text-align: justify;\">Wykonaj w zeszycie notatk\u0119 z najwa\u017cniejszymi informacjami przedstawiaj\u0105cymi bie\u017c\u0105c\u0105 sytuacj\u0119 w kraju i na \u015bwiecie (wykorzystaj r\u00f3\u017cne \u017ar\u00f3d\u0142a informacji, notatka na minimum 1 stron\u0119). Zr\u00f3b zdj\u0119cie zeszytu z zawarto\u015bci\u0105 zapisanych informacji np. telefonem kom\u00f3rkowym i prze\u015blij na adres mailowy: <a href=\"mailto:sopris2000@interia.pl\">sopris2000@interia.pl<\/a>. W razie pyta\u0144 prosz\u0119 o kontakt przez Edziennik lub maila: <a href=\"mailto:sopris2000@interia.pl\">sopris2000@interia.pl<\/a><\/p>\n<p><em><span style=\"text-decoration: underline;\"><strong><span style=\"color: #ff0000; text-decoration: underline;\">EDB<\/span><\/strong><\/span><\/em><\/p>\n<p><strong><span style=\"text-decoration: underline;\"><em><span style=\"color: #800080; text-decoration: underline;\">KO\u0141O MATEMATYCZNE<\/span><\/em><\/span><em><br \/>\n<\/em><\/strong><\/p>\n<p><strong>Konsultacje godz. 14.00<\/strong><\/p>\n<hr \/>\n<h2 style=\"text-align: center;\"><strong><span style=\"color: #0000ff;\">PI\u0104TEK<\/span><\/strong><\/h2>\n<hr \/>\n<p><em><span style=\"text-decoration: underline;\"><strong><span style=\"color: #ff0000; text-decoration: underline;\">WD\u017b<\/span><\/strong><\/span><\/em><\/p>\n<p><strong>Lekcja na platformie Taems o godz. 8.00<\/strong><\/p>\n<p><strong>Kontakt z nauczycielem (email: <\/strong><a href=\"mailto:i_modrzew@wp.pl\">i_modrzew@wp.pl<\/a><strong>, Messenger)<\/strong><\/p>\n<p><em><span style=\"text-decoration: underline;\"><strong><span style=\"color: #ff0000; text-decoration: underline;\">J\u0118ZYK POLSKI<\/span><\/strong><\/span><\/em><\/p>\n<p><strong>Lekcja online przez Messenger. Przygotuj podr\u0119cznik, zeszyt i d\u0142ugopis. Zadbaj o wygodne miejsce do pracy.<\/strong><br \/>\n<strong> Godzina 8:50<\/strong><\/p>\n<p><strong><em>Temat: <span style=\"text-decoration: underline;\">Co m\u00f3wi\u0105 o nas nasze imiona i nazwiska?<\/span><\/em><\/strong><br \/>\n<strong><em> Cele lekcji:<\/em><\/strong><br \/>\n<em> &#8211; zapoznasz si\u0119 z histori\u0105 nadawania imion i nazwisk,<\/em><br \/>\n<em> &#8211; dowiesz si\u0119, jak prawid\u0142owo odmienia\u0107 nazwiska.<\/em><\/p>\n<p>Zapoznacie si\u0119 z informacjami dotycz\u0105cymi historii nadawania imion i nazwiska na stronach 288,291 podr\u0119cznika.<br \/>\nPoznacie zasady prawid\u0142owego odmieniania nazwisk m\u0119skich i \u017ce\u0144skich, a nast\u0119pnie dokonacie odmiany przyk\u0142adowych nazwisk.<\/p>\n<p>W razie pyta\u0144 prosz\u0119 si\u0119 ze mn\u0105 kontaktowa\u0107 przez Messenger lub pisz\u0105c na e-mail: <a href=\"mailto:m.willow@wp.pl\">m.willow@wp.pl<\/a><\/p>\n<p><em><span style=\"text-decoration: underline;\"><strong><span style=\"color: #ff0000; text-decoration: underline;\">MATEMATYKA<\/span><\/strong><\/span><\/em><\/p>\n<p style=\"text-align: justify;\"><strong><em>Temat: <span style=\"text-decoration: underline;\">Om\u00f3wienie arkusza egzaminacyjnego z matematyki.<\/span> (zapisz w zeszycie)<\/em><\/strong><br \/>\n<em><strong> Cel:<\/strong> Na tej lekcji uporz\u0105dkujesz i utrwalisz wiadomo\u015bci z matematyki poprzez analiz\u0119 arkusza egzaminacyjnego.<\/em><\/p>\n<p style=\"text-align: justify;\">1. Wsp\u00f3lnie om\u00f3wimy arkusz egzaminacyjny z matematyki.<br \/>\n<strong>Lekcja on-line na Messengerze godz. 10.30<\/strong><\/p>\n<p style=\"text-align: justify;\">W razie jakichkolwiek problem\u00f3w prosz\u0119 o kontakt: <a href=\"mailto:edypawlik@gmail.com\">edypawlik@gmail.com<\/a>, lub przez Messenger.<\/p>\n<p><em><span style=\"text-decoration: underline;\"><strong><span style=\"color: #ff0000; text-decoration: underline;\">WYCHOWANIE FIZYCZNE<\/span><\/strong><\/span><\/em><\/p>\n<p style=\"text-align: justify;\"><em><b>Temat: <span style=\"text-decoration: underline;\">\u0106wiczenia gimnastyczne w pozycji stoj\u0105cej oraz pochylonej &#8211; gimnastyka podstawowa<\/span><\/b><b><span style=\"text-decoration: underline;\">.<\/span> <\/b><\/em><\/p>\n<p style=\"text-align: justify;\"><em><b>Cel. <\/b>Praca nad w\u0142asna sylwetk\u0105 cia\u0142a.\u00a0<\/em><\/p>\n<p style=\"text-align: justify;\"><strong>Zaj\u0119cia on-line messenger (video-rozmowa)\u00a0Godzina &#8211; 11.50<\/strong><\/p>\n<p><em><span style=\"text-decoration: underline;\"><strong><span style=\"color: #ff0000; text-decoration: underline;\">J\u0118ZYK ANGIELSKI<\/span><\/strong><\/span><\/em><\/p>\n<p style=\"text-align: justify;\"><strong>Lekcja on-line na Messengerze. Przygotuj podr\u0119cznik, zeszyt i d\u0142ugopis. Zadbaj o wygodne miejsce do pracy.<\/strong><br \/>\n<strong> Godzina 12:30<\/strong><\/p>\n<p style=\"text-align: justify;\"><strong><em>Temat: <span style=\"text-decoration: underline;\">Piszemy wiadomo\u015b\u0107.<\/span><\/em><\/strong><br \/>\n<strong><em> Cele lekcji:<\/em><\/strong><br \/>\n<em> &#8211; poznasz popularne skr\u00f3ty stosowane w wiadomo\u015bciach tekstowych,<\/em><br \/>\n<em> &#8211; napiszesz wiadomo\u015b\u0107 dotycz\u0105c\u0105 wyjazdu.<\/em><\/p>\n<p style=\"text-align: justify;\">Zapoznacie si\u0119 z informacjami zawartymi na stornie 112 podr\u0119cznika. Przeczytacie przyk\u0142adowe wiadomo\u015bci tekstowe i rozszyfrujecie zastosowane w nich skr\u00f3ty.<br \/>\nWsp\u00f3lnie zredagujecie tekst wiadomo\u015bci, uwzgl\u0119dniaj\u0105c w niej elementy wymienione w \u0107wiczeniu H na stronie 113 podr\u0119cznika.<\/p>\n<p style=\"text-align: justify;\">W razie pyta\u0144 prosz\u0119 si\u0119 ze mn\u0105 kontaktowa\u0107 przez Messenger lub pisz\u0105c na e-mail: <a href=\"mailto:m.willow@wp.pl\">m.willow@wp.pl<\/a><\/p>\n<p><em><span style=\"text-decoration: underline;\"><strong><span style=\"color: #ff0000; text-decoration: underline;\">INFORMATYKA<\/span><\/strong><\/span><\/em><\/p>\n<p style=\"text-align: justify;\"><strong><em>Temat: <span style=\"text-decoration: underline;\">Tworzymy projekt \u2013 dokumentacja imprezy sportowej.<\/span> (zapisz w zeszycie)<\/em><\/strong><br \/>\n<em><strong> Cel:<\/strong> Na tej lekcji uporz\u0105dkujesz wszystkie wiadomo\u015bci dotycz\u0105ce pracy w arkuszu kalkulacyjnym.<\/em><\/p>\n<p style=\"text-align: justify;\">1. Przeczytaj str. 182, 183 podr\u0119cznik.<br \/>\n2. Wykonaj projekt.<\/p>\n<p style=\"text-align: justify;\">W razie jakichkolwiek problem\u00f3w prosz\u0119 o kontakt: <a href=\"mailto:edypawlik@gmail.com\">edypawlik@gmail.com<\/a>, lub przez Messenger.<\/p>\n","protected":false},"excerpt":{"rendered":"<p>PONIEDZIA\u0141EK HISTORIA Temat: Prelekcja nt. Narodowego Dnia Pami\u0119ci Ofiar Niemieckich Nazistowskich Oboz\u00f3w Koncentracyjnych i Oboz\u00f3w Zag\u0142ady obchodzonego 14 czerwca. Cel lekcji: poznajemy genez\u0119 i znaczenie obchodzonych wydarze\u0144 zwi\u0105zanych z ofiarami niemieckich nazistowskich oboz\u00f3w koncentracyjnych i oboz\u00f3w zag\u0142ady. Prosz\u0119 o zapoznanie &hellip; <a href=\"http:\/\/spmlodzawy.pl\/index.php\/zadania-dla-klasy-viii-na-dni-15-19-czerwca\/\">Czytaj dalej <span class=\"meta-nav\">&rarr;<\/span><\/a><\/p>\n","protected":false},"author":1,"featured_media":0,"parent":0,"menu_order":0,"comment_status":"closed","ping_status":"closed","template":"","meta":[],"_links":{"self":[{"href":"http:\/\/spmlodzawy.pl\/index.php\/wp-json\/wp\/v2\/pages\/22714"}],"collection":[{"href":"http:\/\/spmlodzawy.pl\/index.php\/wp-json\/wp\/v2\/pages"}],"about":[{"href":"http:\/\/spmlodzawy.pl\/index.php\/wp-json\/wp\/v2\/types\/page"}],"author":[{"embeddable":true,"href":"http:\/\/spmlodzawy.pl\/index.php\/wp-json\/wp\/v2\/users\/1"}],"replies":[{"embeddable":true,"href":"http:\/\/spmlodzawy.pl\/index.php\/wp-json\/wp\/v2\/comments?post=22714"}],"version-history":[{"count":15,"href":"http:\/\/spmlodzawy.pl\/index.php\/wp-json\/wp\/v2\/pages\/22714\/revisions"}],"predecessor-version":[{"id":23097,"href":"http:\/\/spmlodzawy.pl\/index.php\/wp-json\/wp\/v2\/pages\/22714\/revisions\/23097"}],"wp:attachment":[{"href":"http:\/\/spmlodzawy.pl\/index.php\/wp-json\/wp\/v2\/media?parent=22714"}],"curies":[{"name":"wp","href":"https:\/\/api.w.org\/{rel}","templated":true}]}}