{"id":22850,"date":"2020-06-01T12:03:40","date_gmt":"2020-06-01T10:03:40","guid":{"rendered":"http:\/\/spmlodzawy.pl\/?page_id=22850"},"modified":"2020-06-22T06:57:06","modified_gmt":"2020-06-22T04:57:06","slug":"zadania-dla-klasy-viii-na-dni-22-26-czerwca","status":"publish","type":"page","link":"http:\/\/spmlodzawy.pl\/index.php\/zadania-dla-klasy-viii-na-dni-22-26-czerwca\/","title":{"rendered":"ZADANIA DLA KLASY VIII NA DNI 22-26 czerwca"},"content":{"rendered":"<div class=\"entry-content\">\n<hr \/>\n<h2 style=\"text-align: center;\"><strong><span style=\"color: #0000ff;\">PONIEDZIA\u0141EK<\/span><\/strong><\/h2>\n<hr \/>\n<p><span style=\"text-decoration: underline;\"><em><strong><span style=\"color: #ff0000; text-decoration: underline;\">HISTORIA<\/span><\/strong><\/em><\/span><\/p>\n<p><strong><em>Temat: <span style=\"text-decoration: underline;\">Podsumowanie i powt\u00f3rzenie wiadomo\u015bci z klasy VIII.<\/span><\/em><\/strong><\/p>\n<p><em><strong>Cel lekcji:<\/strong> powtarzamy wiadomo\u015bci z klasy VIII.<\/em><\/p>\n<p><span style=\"text-decoration: underline;\"><em><strong><span style=\"color: #ff0000; text-decoration: underline;\">CHEMIA<\/span><\/strong><\/em><\/span><\/p>\n<p style=\"text-align: justify;\"><strong><em>Temat lekcji: <span style=\"text-decoration: underline;\">Powt\u00f3rzenie wiadomo\u015bci- Substancje o znaczeniu biologicznym.<\/span><\/em><\/strong><br \/>\n<em><strong>Cele lekcji:<\/strong> Utrwalenie i powt\u00f3rzenie wiadomo\u015bci o t\u0142uszczach, bia\u0142kach i cukrach.<\/em><\/p>\n<p><span style=\"text-decoration: underline;\"><em><strong><span style=\"color: #ff0000; text-decoration: underline;\">RELIGIA<\/span><\/strong><\/em><\/span><\/p>\n<p><strong><em>Temat 54 \u2013 <span style=\"text-decoration: underline;\">Moje obowi\u0105zki, kt\u00f3re mnie rozwijaj\u0105.<\/span><\/em><\/strong><br \/>\n<strong><em>Cele:<\/em><\/strong><br \/>\n<em>&#8211; Poznasz znaczenie pracowito\u015bci w rozwoju cz\u0142owieka i osi\u0105ganiu zamierzonych cel\u00f3w.<\/em><br \/>\n<em>&#8211; B\u0119dziesz kszta\u0142towa\u0142 postaw\u0119 pracowito\u015bci.<\/em><\/p>\n<p><strong>Zadanie:<\/strong><br \/>\nPrzeczytaj temat z podr\u0119cznika.<br \/>\nNapisz, jak rozumiesz sentencj\u0119: \u201eCo wa\u017cniejsze dla sukcesu: talent czy pracowito\u015b\u0107?<br \/>\nA co wa\u017cniejsze w rowerze: przednie czy tylne ko\u0142o?\u201d (G. B. Shaw).<br \/>\nPrace mo\u017cna przes\u0142a\u0107 na maila:<a href=\"mailto:biedor@op.pl\"> biedor@op.pl<\/a><\/p>\n<p><span style=\"text-decoration: underline;\"><em><strong><span style=\"color: #ff0000; text-decoration: underline;\">MATEMATYKA<\/span><\/strong><\/em><\/span><\/p>\n<p style=\"text-align: justify;\"><strong><em>Temat: <span style=\"text-decoration: underline;\">Powt\u00f3rzenie wiadomo\u015bci \u2013 w\u0142asno\u015bci k\u0105t\u00f3w.<\/span> (zapisz w zeszycie)<\/em><\/strong><\/p>\n<p style=\"text-align: justify;\"><em><strong>Cele:<\/strong> Na tej lekcji powt\u00f3rzysz wiadomo\u015bci dotycz\u0105ce w\u0142asno\u015bci k\u0105t\u00f3w.<\/em><\/p>\n<p style=\"text-align: justify;\">Rozwi\u0105\u017c zadania z dzisiejszego tematu na LearningApps.<\/p>\n<p style=\"text-align: justify;\">W razie jakichkolwiek problem\u00f3w prosz\u0119 o kontakt: <a href=\"mailto:edypawlik@gmail.com\">edypawlik@gmail.com<\/a>, lub przez Messenger.<\/p>\n<p><span style=\"text-decoration: underline;\"><em><strong><span style=\"color: #ff0000; text-decoration: underline;\">FIZYKA<\/span><\/strong><\/em><\/span><\/p>\n<p><span style=\"text-decoration: underline;\"><em><strong><span style=\"color: #ff0000; text-decoration: underline;\">WOS<\/span><\/strong><\/em><\/span><\/p>\n<p><strong><em>Temat: <span style=\"text-decoration: underline;\">Podsumowanie i powt\u00f3rzenie wiadomo\u015bci z klasy VIII.<\/span><\/em><\/strong><\/p>\n<p><em><strong>Cel lekcji:<\/strong> powtarzamy wiadomo\u015bci z klasy VIII.<\/em><\/p>\n<p><span style=\"text-decoration: underline;\"><em><strong><span style=\"color: #ff0000; text-decoration: underline;\">EDB<\/span><\/strong><\/em><\/span><\/p>\n<p><strong><em><span style=\"text-decoration: underline;\"><span style=\"color: #800080; text-decoration: underline;\">KO\u0141O MATEMATYCZNE<\/span><\/span><br \/>\n<\/em><\/strong><\/p>\n<p><strong><em>Temat: <span style=\"text-decoration: underline;\">Ciekawa matematyka.<\/span><\/em><\/strong><\/p>\n<p><em><strong>Cel:<\/strong> Na tej lekcji poznasz ciekawostki matematyczne zwi\u0105zane z obrazem Mona Lisa.<\/em><\/p>\n<p>Wejd\u017a na stron\u0119 podan\u0105 poni\u017cej przeczytaj i obejrzyj filmik na pewno Ci\u0119 zainteresuje.<\/p>\n<p><a href=\"http:\/\/ciekawamatematyka.pl\/uncategorized\/865\/\">http:\/\/ciekawamatematyka.pl\/uncategorized\/865\/<\/a><\/p>\n<hr \/>\n<h2 style=\"text-align: center;\"><strong><span style=\"color: #0000ff;\">WTOREK<\/span><\/strong><em><strong><br \/>\n<\/strong><\/em><\/h2>\n<hr \/>\n<p><em><span style=\"text-decoration: underline;\"><strong><span style=\"color: #ff0000; text-decoration: underline;\">BIOLOGIA<\/span><\/strong><\/span><\/em><\/p>\n<p><strong><em>TEMAT: <span style=\"text-decoration: underline;\">Sposoby ochrony przyrody.<\/span><\/em><\/strong><br \/>\n<em><strong>Celem lekcji<\/strong> jest poznanie form ochrony przyrody<\/em><\/p>\n<p>Na podstawie tekstu ze str.157-168 zapoznaj si\u0119 ze sposobami ochrony przyrody w Polsce a nast\u0119pnie odpowiedz na pytanie 1,3 i 4 ze str.168<\/p>\n<p><em><span style=\"text-decoration: underline;\"><strong><span style=\"color: #ff0000; text-decoration: underline;\">MATEMATYKA<\/span><\/strong><\/span><\/em><\/p>\n<p><strong><em>Temat: <span style=\"text-decoration: underline;\">Powt\u00f3rzenie wiadomo\u015bci \u2013 nier\u00f3wno\u015b\u0107 tr\u00f3jk\u0105ta.<\/span> (zapisz w zeszycie)<\/em><\/strong><\/p>\n<p><em><strong>Cel:<\/strong> Na tej lekcji powt\u00f3rzysz wiadomo\u015bci dotycz\u0105ce nier\u00f3wno\u015bci tr\u00f3jk\u0105ta.<\/em><\/p>\n<p>Rozwi\u0105\u017c zadania z dzisiejszego tematu na LearningApps.<\/p>\n<p>W razie jakichkolwiek problem\u00f3w prosz\u0119 o kontakt: <a href=\"mailto:edypawlik@gmail.com\">edypawlik@gmail.com<\/a>, lub przez Messenger.<\/p>\n<p><em><span style=\"text-decoration: underline;\"><strong><span style=\"color: #ff0000; text-decoration: underline;\">J\u0118ZYK ANGIELSKI<\/span><\/strong><\/span><\/em><\/p>\n<p style=\"text-align: justify;\"><strong>Lekcja on-line na Messengerze. Przygotuj podr\u0119cznik, zeszyt i d\u0142ugopis. Zadbaj o wygodne miejsce do pracy.<\/strong><br \/>\n<strong> Godzina 9:40<\/strong><\/p>\n<p style=\"text-align: justify;\"><strong><em>Temat: <span style=\"text-decoration: underline;\">Psy w \u015bwiecie ludzi. Praca z tekstem.<\/span><\/em><\/strong><br \/>\n<strong><em> Cele lekcji:<\/em><\/strong><br \/>\n<em> &#8211; przeczytasz tekst o historii ps\u00f3w w \u015bwiecie ludzi i popularnych psich zawodach,<\/em><br \/>\n<em> &#8211; udoskonalisz umiej\u0119tno\u015b\u0107 czytania i wypowiadania si\u0119 w j\u0119zyku angielskim.<\/em><\/p>\n<p style=\"text-align: justify;\">Przeczytacie tekst \u201eDogs in a human world\u201d ze strony 118 podr\u0119cznika. Wyt\u0142umaczycie nieznane s\u0142ownictwo pos\u0142uguj\u0105c si\u0119 s\u0142ownikiem internetowym. B\u0119dziecie odpowiada\u0107 na pytania dotycz\u0105ce przeczytanego tekstu.<\/p>\n<p style=\"text-align: justify;\">W razie pyta\u0144 prosz\u0119 si\u0119 ze mn\u0105 kontaktowa\u0107 przez Messenger lub pisz\u0105c na e-mail: <a href=\"mailto:m.willow@wp.pl\">m.willow@wp.pl<\/a><\/p>\n<p><em><span style=\"text-decoration: underline;\"><strong><span style=\"color: #ff0000; text-decoration: underline;\">WYCHOWANIE FIZYCZNE<\/span><\/strong><\/span><\/em><\/p>\n<p><em><b>Temat: <span style=\"text-decoration: underline;\">Skoki w formie zabaw i gier &#8211; indywidualne.<\/span> <\/b><\/em><\/p>\n<p><em><b>Cel. <\/b>Przygotowanie do samodzielnych zachowa\u0144 utylitarnych.\u00a0<\/em><\/p>\n<p><strong><span class=\"highlight\"><span class=\"colour\"><span class=\"font\"><span class=\"size\">Zaj\u0119cia on-line messenger (video-rozmowa)<\/span><\/span><\/span><\/span>. Godzina &#8211; 11.50<\/strong><\/p>\n<p><em><span style=\"text-decoration: underline;\"><strong><span style=\"color: #ff0000; text-decoration: underline;\">J\u0118ZYK NIEMIECKI<\/span><\/strong><\/span><\/em><\/p>\n<p><strong><em>Temat: <span style=\"text-decoration: underline;\">Powt\u00f3rzenie i utrwalenie wiadomo\u015bci.<\/span><\/em><\/strong><br \/>\n<em><strong>Cel lekcji:<\/strong> Utrwalenie poznanych wiadomo\u015bci<\/em><\/p>\n<p>Wykonujemy zadania utrwalaj\u0105ce z zeszytu \u0107wicze\u0144 ze strony 98 i 99<\/p>\n<p><em><span style=\"text-decoration: underline;\"><strong><span style=\"color: #ff0000; text-decoration: underline;\">J\u0118ZYK POLSKI<\/span><\/strong><\/span><\/em><\/p>\n<p style=\"text-align: justify;\"><strong>Lekcja online przez Messenger. Przygotuj podr\u0119cznik, zeszyt i d\u0142ugopis. Zadbaj o wygodne miejsce do pracy.<\/strong><br \/>\n<strong> Godzina 13:20<\/strong><\/p>\n<p style=\"text-align: justify;\"><strong><em>Temat: <span style=\"text-decoration: underline;\">Uczymy si\u0119 na b\u0142\u0119dach.<\/span><\/em><\/strong><br \/>\n<strong><em> Cele lekcji:<\/em><\/strong><br \/>\n<em> &#8211; dowiesz si\u0119, czym s\u0105 b\u0142\u0119dy j\u0119zykowe i norma j\u0119zykowa,<\/em><br \/>\n<em> &#8211; po\u0107wiczysz tworzenie poprawnych form gramatycznych wyraz\u00f3w,<\/em><br \/>\n<em> &#8211; wska\u017cesz b\u0142\u0119dy j\u0119zykowe w zdaniach i je poprawisz.<\/em><\/p>\n<p style=\"text-align: justify;\">Na pocz\u0105tku lekcji zapoznacie si\u0119 z informacjami dotycz\u0105cymi b\u0142\u0119d\u00f3w j\u0119zykowych, czytaj\u0105c wiadomo\u015bci ze strony 295 podr\u0119cznika. Wykonacie \u0107wiczenia j\u0119zykowe polegaj\u0105ce na uzupe\u0142nieniu zda\u0144 poprawna form\u0105 wskazanego wyrazu oraz wskazywaniu b\u0142\u0119d\u00f3w w zdaniach i ich poprawianiu.<\/p>\n<p style=\"text-align: justify;\">W razie pyta\u0144 prosz\u0119 si\u0119 ze mn\u0105 kontaktowa\u0107 przez Messenger lub pisz\u0105c na e-mail: <a href=\"mailto:m.willow@wp.pl\">m.willow@wp.pl<\/a><\/p>\n<hr \/>\n<h2 style=\"text-align: center;\"><strong><span style=\"color: #0000ff;\">\u015aRODA<\/span><\/strong><\/h2>\n<hr \/>\n<p><em><span style=\"text-decoration: underline;\"><strong><span style=\"color: #ff0000; text-decoration: underline;\">RE<\/span><\/strong><\/span><span style=\"text-decoration: underline;\"><strong><span style=\"color: #ff0000; text-decoration: underline;\">LIGIA<\/span><\/strong><\/span><\/em><\/p>\n<p><strong><em>Temat 55 \u2013 <span style=\"text-decoration: underline;\">Moje zainteresowania \u2013 co lubi\u0119, kim chc\u0119 zosta\u0107.<\/span><\/em><\/strong><br \/>\n<strong><em>Cele:<\/em><\/strong><br \/>\n<em>&#8211; Okre\u015blisz, kim chcesz zosta\u0107 i co chcesz robi\u0107 w doros\u0142ym \u017cyciu.<\/em><br \/>\n<em>&#8211; Podejmiesz realizacj\u0119 swojego \u017cyciowego projektu.<\/em><\/p>\n<p><strong>Zadanie:<\/strong><br \/>\nPrzeczytaj temat z podr\u0119cznika.<br \/>\nNapisz w zeszycie modlitw\u0119 o umiej\u0119tne rozwijanie swoich zainteresowa\u0144 i w\u0142a\u015bciwy wyb\u00f3r zawodu.<br \/>\nPrace mo\u017cna przes\u0142a\u0107 na maila: <a href=\"mailto:biedor@op.pl\">biedor@op.pl<\/a><\/p>\n<p><em><span style=\"text-decoration: underline;\"><strong><span style=\"color: #ff0000; text-decoration: underline;\">CHEMIA<\/span><\/strong><\/span><\/em><\/p>\n<p style=\"text-align: justify;\"><strong><em>Temat lekcji: <span style=\"text-decoration: underline;\">Powt\u00f3rzenie wiadomo\u015bci- Substancje o znaczeniu biologicznym.<\/span><\/em><\/strong><br \/>\n<em><strong>Cele lekcji:<\/strong> Utrwalenie i powt\u00f3rzenie wiadomo\u015bci o t\u0142uszczach, bia\u0142kach i cukrach.<\/em><\/p>\n<p><em><span style=\"text-decoration: underline;\"><strong><span style=\"color: #ff0000; text-decoration: underline;\">FIZYKA<\/span><\/strong><\/span><\/em><\/p>\n<p><em><span style=\"text-decoration: underline;\"><strong><span style=\"color: #ff0000; text-decoration: underline;\">J\u0118ZYK POLSKI<\/span><\/strong><\/span><\/em><\/p>\n<p style=\"text-align: justify;\"><strong>Lekcja online przez Messenger. Przygotuj zeszyt i d\u0142ugopis. Zadbaj o wygodne miejsce do pracy.<\/strong><br \/>\n<strong> Godzina 10:30<\/strong><\/p>\n<p style=\"text-align: justify;\"><strong><em>Temat: <span style=\"text-decoration: underline;\">Podsumowanie wiadomo\u015bci z rozdzia\u0142u \u201eDostrzec pi\u0119kno\u201d<\/span><\/em><\/strong><br \/>\n<strong><em> Cele lekcji:<\/em><\/strong><br \/>\n<em> &#8211; podsumujesz wiadomo\u015bci z rozdzia\u0142u.<\/em><\/p>\n<p style=\"text-align: justify;\">W trakcie lekcji przypomnicie sobie utwory omawiane w rozdziale i opowiecie w jaki spos\u00f3b zosta\u0142o w nich przedstawione zagadnienie pi\u0119kna.<br \/>\nPrzypomnicie sobie omawiane zagadnienia j\u0119zykowe.<\/p>\n<p style=\"text-align: justify;\">W razie pyta\u0144 prosz\u0119 si\u0119 ze mn\u0105 kontaktowa\u0107 przez Messenger lub pisz\u0105c na e-mail: <a href=\"mailto:m.willow@wp.pl\">m.willow@wp.pl<\/a><\/p>\n<p><em><span style=\"text-decoration: underline;\"><strong><span style=\"color: #ff0000; text-decoration: underline;\">WYCHOWANIE FIZYCZNE<\/span><\/strong><\/span><\/em><\/p>\n<p><em><b>Temat: <span style=\"text-decoration: underline;\">Wykorzystanie mo\u017cliwo\u015bci motorycznych.<\/span> <\/b><\/em><\/p>\n<p><em><b>Cel.\u00a0<\/b>Praca nad w\u0142asna sylwetk\u0105 cia\u0142a.\u00a0<\/em><\/p>\n<p><strong><span class=\"highlight\"><span class=\"colour\"><span class=\"font\"><span class=\"size\">Zaj\u0119cia on-line messenger (video-rozmowa).\u00a0Godzina &#8211; 11.40\u00a0<\/span><\/span><\/span><\/span><\/strong><\/p>\n<p><em><span style=\"text-decoration: underline;\"><strong><span style=\"color: #ff0000; text-decoration: underline;\">MATEMATYKA<\/span><\/strong><\/span><\/em><\/p>\n<p style=\"text-align: justify;\"><strong><em>Temat: <span style=\"text-decoration: underline;\">Powt\u00f3rzenie wiadomo\u015bci \u2013 figury przystaj\u0105ce.<\/span>(zapisz w zeszycie)<\/em><\/strong><\/p>\n<p style=\"text-align: justify;\"><em><strong>Cel:<\/strong> Na tej lekcji powt\u00f3rzysz wiadomo\u015bci dotycz\u0105ce figur przystaj\u0105cych.<\/em><\/p>\n<p style=\"text-align: justify;\">Rozwi\u0105\u017c zadania z dzisiejszego tematu na LearningApps.<\/p>\n<p style=\"text-align: justify;\">W razie jakichkolwiek problem\u00f3w prosz\u0119 o kontakt: <a href=\"mailto:edypawlik@gmail.com\">edypawlik@gmail.com<\/a>, lub przez Messenger.<\/p>\n<p><strong><em><span style=\"text-decoration: underline;\"><span style=\"color: #800080; text-decoration: underline;\">KO\u0141O J\u0118ZYKA\u00a0 ANGIELSKIEGO<\/span><\/span><br \/>\n<\/em><\/strong><\/p>\n<hr \/>\n<h2 style=\"text-align: center;\"><strong><span style=\"color: #0000ff;\">CZWARTEK<\/span><\/strong><\/h2>\n<hr \/>\n<p><em><span style=\"text-decoration: underline;\"><strong><span style=\"color: #ff0000; text-decoration: underline;\">WYCHOWANIE FIZYCZNE<\/span><\/strong><\/span><\/em><\/p>\n<p style=\"text-align: justify;\"><em><b>Temat:<\/b><b>\u00a0<span style=\"text-decoration: underline;\">\u0106wiczenia rytmiczne w miejscu i z przemieszczeniem si\u0119 w inne miejsca.<\/span> <\/b><\/em><\/p>\n<p style=\"text-align: justify;\"><em><b>Cel. <\/b>Praca nad w\u0142asn\u0105 sylwetk\u0105 cia\u0142a.\u00a0<\/em><\/p>\n<p style=\"text-align: justify;\"><strong>Zaj\u0119cia on-line messenger (video-rozmowa)\u00a0Godzina &#8211; 08.10<\/strong><\/p>\n<p><em><span style=\"text-decoration: underline;\"><strong><span style=\"color: #ff0000; text-decoration: underline;\">GEOGRAFIA<\/span><\/strong><\/span><\/em><\/p>\n<p style=\"text-align: justify;\"><strong><em>Temat: <span style=\"text-decoration: underline;\">Prace badawcze w Arktyce i Antarktyce.<\/span><\/em><\/strong><\/p>\n<p style=\"text-align: justify;\"><em><strong>Cele lekcji:<\/strong> Wska\u017cesz najwa\u017cniejsze zakresy bada\u0144 prowadzonych na obszarach oko\u0142obiegunowych. Poznasz wk\u0142ad Polak\u00f3w w badania obszar\u00f3w oko\u0142obiegunowych. Dowiesz si\u0119 jaki jest status prawny Antarktyki i Antarktyki.<\/em><\/p>\n<p style=\"text-align: justify;\">Prosz\u0119 przeczyta\u0107 temat z podr\u0119cznika ze stron 178 &#8211; 184 oraz zapoznaj si\u0119 materia\u0142ami zamieszczonymi pod linkami:<\/p>\n<ul style=\"text-align: justify;\">\n<li><a href=\"https:\/\/view.genial.ly\/5ec117a88e243b0d5a334c9c\/interactive-content-prace-badawcze-w-arktyce-i-antarktyce?fbclid=IwAR2em29PSFjLf5sGbEqVARVyqzL_dz7395ieglVUGMGRBeQPh7RVMURzwEA\">https:\/\/view.genial.ly\/5ec117a88e243b0d5a334c9c\/interactive-content-prace-badawcze-w-arktyce-i-antarktyce?fbclid=IwAR2em29PSFjLf5sGbEqVARVyqzL_dz7395ieglVUGMGRBeQPh7RVMURzwEA<\/a><\/li>\n<li><a href=\"https:\/\/www.youtube.com\/watch?v=2eUA94neMjQ&amp;feature=youtu.be&amp;fbclid=IwAR0bsgi57epDJnj-7ntnPFHAtbLS4ST7ZHHKI-Hrkod7nyZqwj9Bs-RZsYE\">https:\/\/www.youtube.com\/watch?v=2eUA94neMjQ&amp;feature=youtu.be&amp;fbclid=IwAR0bsgi57epDJnj-7ntnPFHAtbLS4ST7ZHHKI-Hrkod7nyZqwj9Bs-RZsYE<\/a><\/li>\n<li><a href=\"https:\/\/www.youtube.com\/watch?v=z3Cls509Q-M\">https:\/\/www.youtube.com\/watch?v=z3Cls509Q-M<\/a><\/li>\n<li><a href=\"https:\/\/www.youtube.com\/watch?v=0_IgtEnHu40\">https:\/\/www.youtube.com\/watch?v=0_IgtEnHu40<\/a><\/li>\n<\/ul>\n<p style=\"text-align: justify;\">Dla g\u0142odnych wiedzy:<\/p>\n<ul style=\"text-align: justify;\">\n<li><a href=\"https:\/\/www.dailymotion.com\/video\/x282py8?fbclid=IwAR3ffCs7maHjBeVkrhT91kQ0P81RNZaL5pKkNOrjgk2zRJ0qXnuIS0jAHaQ\">https:\/\/www.dailymotion.com\/video\/x282py8?fbclid=IwAR3ffCs7maHjBeVkrhT91kQ0P81RNZaL5pKkNOrjgk2zRJ0qXnuIS0jAHaQ<\/a><\/li>\n<li><a href=\"https:\/\/www.youtube.com\/watch?v=Dr_ep32hupQ\">https:\/\/www.youtube.com\/watch?v=Dr_ep32hupQ<\/a><\/li>\n<li><a href=\"https:\/\/www.youtube.com\/watch?v=_GsjVfofRKE\">https:\/\/www.youtube.com\/watch?v=_GsjVfofRKE<\/a><\/li>\n<li><a href=\"https:\/\/www.youtube.com\/watch?v=q_Q-M114ST0\">https:\/\/www.youtube.com\/watch?v=q_Q-M114ST0<\/a><\/li>\n<\/ul>\n<p style=\"text-align: justify;\"><strong>Zach\u0119cam do kontaktu przez grup\u0119 na Messengerze i mail <\/strong><a href=\"mailto:paniwiosna606@wp.pl\">paniwiosna606@wp.pl<\/a><\/p>\n<p><em><span style=\"text-decoration: underline;\"><strong><span style=\"color: #ff0000; text-decoration: underline;\">HISTORIA<\/span><\/strong><\/span><\/em><\/p>\n<p><strong><em>Temat: <span style=\"text-decoration: underline;\">Prelekcja nt. Narodowego Dnia Pami\u0119ci Pozna\u0144skiego Czerwca 1956 obchodzonego 28 czerwca.<\/span><\/em><\/strong><\/p>\n<p><em><strong>Cel lekcji:<\/strong> poznajemy genez\u0119 i znaczenie obchodzonych wydarze\u0144 w Polsce w czerwcu 1956 roku.<\/em><\/p>\n<p>Prosz\u0119 o zapoznanie si\u0119 z filmami zamieszczonymi pod linkami:<\/p>\n<ul>\n<li><a href=\"https:\/\/www.youtube.com\/watch?v=4DAcGQ9GHO4\">https:\/\/www.youtube.com\/watch?v=4DAcGQ9GHO4<\/a><\/li>\n<li><a href=\"https:\/\/www.youtube.com\/watch?v=wJeo81T9jco\">https:\/\/www.youtube.com\/watch?v=wJeo81T9jco<\/a><\/li>\n<li><a href=\"https:\/\/www.youtube.com\/watch?v=9-8E6jsGJww\">https:\/\/www.youtube.com\/watch?v=9-8E6jsGJww<\/a><\/li>\n<\/ul>\n<p><em><span style=\"text-decoration: underline;\"><strong><span style=\"color: #ff0000; text-decoration: underline;\">J\u0118ZYK POLSKI<\/span><\/strong><\/span><\/em><\/p>\n<p style=\"text-align: justify;\"><strong>Lekcja online przez Messenger.<\/strong><br \/>\n<strong> Godzina 10:30<\/strong><\/p>\n<p style=\"text-align: justify;\"><strong><em>Temat: <span style=\"text-decoration: underline;\">Czas na quiz!<\/span><\/em><\/strong><br \/>\n<strong><em> Cele lekcji:<\/em><\/strong><br \/>\n<em> &#8211; sprawdzisz w jakim stopniu opanowa\u0142e\u015b materia\u0142 z ca\u0142ego roku szkolnego,<\/em><br \/>\n<em> &#8211; rozwi\u0105\u017cesz quiz.<\/em><\/p>\n<p style=\"text-align: justify;\">W trakcie lekcji b\u0119dziecie rozwi\u0105zywali quiz wiedzy dtycz\u0105cy przeczytanych lektur i omawianych w \u00f3smej klasie zagadnie\u0144 j\u0119zykowych, gramatycznych, ortograficznych i kulturowych.<\/p>\n<p style=\"text-align: justify;\">We\u017amiecie udzia\u0142 w dyskusji, w kt\u00f3rej b\u0119dziecie mogli podzieli\u0107 si\u0119 z innymi swoj\u0105 opini\u0105 na temat najciekawszych tekst\u00f3w, kt\u00f3re omawiali\u015bcie na lekcjach.<\/p>\n<p style=\"text-align: justify;\">W razie pyta\u0144 prosz\u0119 si\u0119 ze mn\u0105 kontaktowa\u0107 przez Messenger lub pisz\u0105c na e-mail: <a href=\"mailto:m.willow@wp.pl\">m.willow@wp.pl<\/a><\/p>\n<p><em><span style=\"text-decoration: underline;\"><strong><span style=\"color: #ff0000; text-decoration: underline;\">WOS<\/span><\/strong><\/span><\/em><\/p>\n<p><strong><em>Temat:<span style=\"text-decoration: underline;\"> Wybory prezydenckie w Polsce 2020 okiem nastolatka.<\/span><\/em><\/strong><\/p>\n<p><em><strong>Cel lekcji:<\/strong> poznajemy kandydat\u00f3w ubiegaj\u0105cych si\u0119 na urz\u0105d prezydenta w Polsce oraz ich programy wyborcze.<\/em><\/p>\n<p style=\"text-align: justify;\">W zwi\u0105zku ze zbli\u017caj\u0105cymi si\u0119 wyborami prezydenckimi w Polsce napisz na kogo odda\u0142a\/odda\u0142 by\u015b sw\u00f3j g\u0142os w nadchodz\u0105cych wyborach. Uzasadnij swoj\u0105 decyzj\u0119 w kilku zdaniach zapisuj\u0105c j\u0105 do zeszytu (wykorzystaj r\u00f3\u017cne \u017ar\u00f3d\u0142a informacji). Zr\u00f3b zdj\u0119cie zeszytu z zawarto\u015bci\u0105 zapisanych informacji np. telefonem kom\u00f3rkowym i prze\u015blij na adres mailowy: <a href=\"mailto:sopris2000@interia.pl\">sopris2000@interia.pl<\/a> W razie pyta\u0144 prosz\u0119 o kontakt przez Edziennik lub maila: sopris2000@interia.pl<\/p>\n<p><em><span style=\"text-decoration: underline;\"><strong><span style=\"color: #ff0000; text-decoration: underline;\">J\u0118ZYK ANGIELSKI<\/span><\/strong><\/span><\/em><\/p>\n<p style=\"text-align: justify;\"><strong>Lekcja on-line przez aplikacj\u0119 Teams. Przygotuj \u0107wiczeni\u00f3wk\u0119 i d\u0142ugopis. Zadbaj o wygodne miejsce do pracy.<\/strong><br \/>\n<strong> Godzina 12:30<\/strong><\/p>\n<p style=\"text-align: justify;\"><strong><em>Temat: <span style=\"text-decoration: underline;\">Ogl\u0105damy film \u201eNajlepszy przyjaciel cz\u0142owieka\u201d<\/span><\/em><\/strong><br \/>\n<strong><em> Cele lekcji:<\/em><\/strong><br \/>\n<em> &#8211; rozwiniesz sw\u00f3j zas\u00f3b s\u0142ownictwa,<\/em><br \/>\n<em> &#8211; udoskonalisz umiej\u0119tno\u015b\u0107 s\u0142uchania i wypowiadania si\u0119 w j\u0119zyku angielskim.<\/em><\/p>\n<p style=\"text-align: justify;\">Obejrzycie film o pracuj\u0105cych psach. Odpowiecie na pytania dotycz\u0105ce obejrzanego filmu. Uzupe\u0142nicie jego streszczenie, wykorzystuj\u0105c podane s\u0142ownictwo.<\/p>\n<p style=\"text-align: justify;\">W razie pyta\u0144 prosz\u0119 si\u0119 ze mn\u0105 kontaktowa\u0107 przez Messenger lub pisz\u0105c na e-mail: <a href=\"mailto:m.willow@wp.pl\">m.willow@wp.pl<\/a><\/p>\n<p><em><span style=\"text-decoration: underline;\"><strong><span style=\"color: #ff0000; text-decoration: underline;\">J\u0118ZYK NIEMIECKI<\/span><\/strong><\/span><\/em><\/p>\n<p style=\"text-align: justify;\"><strong><em>Temat: <span style=\"text-decoration: underline;\">Czytanka &#8222;Ferienjobs&#8221;<\/span><\/em><\/strong><br \/>\n<em><strong>Cel lekcji:<\/strong> Doskonalenie umiej\u0119tno\u015bci rozumienia, tworzenia wypowiedzi.<\/em><\/p>\n<p>1. Czytamy i t\u0142umaczymy czytank\u0119 ze strony 131 w ksi\u0105\u017cce (skan na edzienniku)<br \/>\n2. Odpowiadamy na pytania pod tekstem.<br \/>\n3. Dyskutujemy o pracach wakacyjnych.<\/p>\n<hr \/>\n<h2 style=\"text-align: center;\"><strong><span style=\"color: #0000ff;\">PI\u0104TEK<\/span><\/strong><\/h2>\n<hr \/>\n<p style=\"text-align: center;\"><em><strong><span style=\"color: #0000ff;\">ZAKO\u0143CZENIE ROKU SZKOLNEGO<\/span><\/strong><\/em><\/p>\n<\/div>\n","protected":false},"excerpt":{"rendered":"<p>PONIEDZIA\u0141EK HISTORIA Temat: Podsumowanie i powt\u00f3rzenie wiadomo\u015bci z klasy VIII. Cel lekcji: powtarzamy wiadomo\u015bci z klasy VIII. CHEMIA Temat lekcji: Powt\u00f3rzenie wiadomo\u015bci- Substancje o znaczeniu biologicznym. Cele lekcji: Utrwalenie i powt\u00f3rzenie wiadomo\u015bci o t\u0142uszczach, bia\u0142kach i cukrach. RELIGIA Temat 54 &hellip; <a href=\"http:\/\/spmlodzawy.pl\/index.php\/zadania-dla-klasy-viii-na-dni-22-26-czerwca\/\">Czytaj dalej <span class=\"meta-nav\">&rarr;<\/span><\/a><\/p>\n","protected":false},"author":1,"featured_media":0,"parent":0,"menu_order":0,"comment_status":"closed","ping_status":"closed","template":"","meta":[],"_links":{"self":[{"href":"http:\/\/spmlodzawy.pl\/index.php\/wp-json\/wp\/v2\/pages\/22850"}],"collection":[{"href":"http:\/\/spmlodzawy.pl\/index.php\/wp-json\/wp\/v2\/pages"}],"about":[{"href":"http:\/\/spmlodzawy.pl\/index.php\/wp-json\/wp\/v2\/types\/page"}],"author":[{"embeddable":true,"href":"http:\/\/spmlodzawy.pl\/index.php\/wp-json\/wp\/v2\/users\/1"}],"replies":[{"embeddable":true,"href":"http:\/\/spmlodzawy.pl\/index.php\/wp-json\/wp\/v2\/comments?post=22850"}],"version-history":[{"count":20,"href":"http:\/\/spmlodzawy.pl\/index.php\/wp-json\/wp\/v2\/pages\/22850\/revisions"}],"predecessor-version":[{"id":23204,"href":"http:\/\/spmlodzawy.pl\/index.php\/wp-json\/wp\/v2\/pages\/22850\/revisions\/23204"}],"wp:attachment":[{"href":"http:\/\/spmlodzawy.pl\/index.php\/wp-json\/wp\/v2\/media?parent=22850"}],"curies":[{"name":"wp","href":"https:\/\/api.w.org\/{rel}","templated":true}]}}