{"id":22853,"date":"2020-06-01T12:05:30","date_gmt":"2020-06-01T10:05:30","guid":{"rendered":"http:\/\/spmlodzawy.pl\/?page_id=22853"},"modified":"2020-06-22T10:22:42","modified_gmt":"2020-06-22T08:22:42","slug":"zadania-dla-klasy-vii-na-dni-22-26-czerwca","status":"publish","type":"page","link":"http:\/\/spmlodzawy.pl\/index.php\/zadania-dla-klasy-vii-na-dni-22-26-czerwca\/","title":{"rendered":"ZADANIA DLA KLASY VII NA DNI 22-26 czerwca"},"content":{"rendered":"<hr \/>\n<h2 style=\"text-align: center;\"><strong><span style=\"color: #0000ff;\">PONIEDZIA\u0141EK<\/span><\/strong><\/h2>\n<hr \/>\n<p><em><span style=\"text-decoration: underline;\"><strong><span style=\"color: #ff0000; text-decoration: underline;\">CHEMIA<\/span><\/strong><\/span><\/em><\/p>\n<p style=\"text-align: justify;\"><strong><em>Temat lekcji: <span style=\"text-decoration: underline;\">Pisanie r\u00f3wna\u0144 reakcji chemicznych.<\/span><\/em><\/strong><br \/>\n<em><strong>Cele lekcji:<\/strong> zapisywanie r\u00f3wna\u0144 reakcji chemicznych za pomoc\u0105 wzor\u00f3w zwi\u0105zk\u00f3w i symboli chemicznych; dobieranie wsp\u00f3\u0142czynnik\u00f3w stechiometrycznych.<\/em><\/p>\n<p><em><span style=\"text-decoration: underline;\"><strong><span style=\"color: #ff0000; text-decoration: underline;\">J\u0118ZYK\u00a0 POLSKI<\/span><\/strong><\/span><\/em><\/p>\n<p style=\"text-align: justify;\"><strong>Lekcja online przez aplikacj\u0119 Messenger. Przygotuj podr\u0119cznik, zeszyt, d\u0142ugopis, \u0107wiczeni\u00f3wk\u0119. Zadbaj o wygodne miejsce do pracy.<\/strong><br \/>\n<strong> Godzina 8:50<\/strong><\/p>\n<p style=\"text-align: justify;\"><strong><em>Temat: <span style=\"text-decoration: underline;\">Rodzina wyraz\u00f3w.<\/span><\/em><\/strong><br \/>\n<strong><em> Cele lekcji:<\/em><\/strong><br \/>\n<em> &#8211; poznasz znaczenie poj\u0119\u0107: rodzina wyraz\u00f3w, wyraz pokrewny,<\/em><br \/>\n<em> &#8211; nauczysz si\u0119 tworzy\u0107 wykres rodziny wyraz\u00f3w<\/em><\/p>\n<p style=\"text-align: justify;\">Przeczytacie informacje o rodzinie wyraz\u00f3w na stronie 290 podr\u0119cznika, nast\u0119pnie wykonacie \u0107wiczenia j\u0119zykowe \u2013 b\u0119dziecie wskazywali wyrazy pokrewne oraz narysujecie schemat rodziny wyraz\u00f3w.<\/p>\n<p style=\"text-align: justify;\">W razie pyta\u0144 prosz\u0119 si\u0119 ze mn\u0105 kontaktowa\u0107 przez Messenger lub pisz\u0105c na e-mail: <a href=\"mailto:m.willow@wp.pl\">m.willow@wp.pl<\/a><\/p>\n<p><em><span style=\"text-decoration: underline;\"><strong><span style=\"color: #ff0000; text-decoration: underline;\">J\u0118ZYK ANGIELSKI<\/span><\/strong><\/span><\/em><\/p>\n<p style=\"text-align: justify;\"><strong>Lekcja przez Messenger. Przygotuj podr\u0119cznik, zeszyt i d\u0142ugopis. Zadbaj o wygodne miejsce do pracy.<\/strong><br \/>\n<strong> Godzina 9:40<\/strong><\/p>\n<p style=\"text-align: justify;\"><strong><em>Temat: <span style=\"text-decoration: underline;\">Powtarzamy wiadomo\u015bci o czasownikach modalnych.<\/span><\/em><\/strong><br \/>\n<strong><em> Cele lekcji:<\/em><\/strong><br \/>\n<em> &#8211; powt\u00f3rzysz i utrwalisz wiadomo\u015bci o czasownikach modalnych<\/em><br \/>\n<em> &#8211; udoskonalisz umiej\u0119tno\u015b\u0107 wypowiadania si\u0119 w j\u0119zyku angielskim.<\/em><\/p>\n<p style=\"text-align: justify;\">Na pocz\u0105tku lekcji przypomnicie sobie czasowniki modalne oraz zasady tworzenia z nimi zda\u0144. Wykonacie \u0107wiczenia gramatyczne i j\u0119zykowe. Stworzycie zbi\u00f3r zasad, kt\u00f3re powinny by\u0107 przestrzegane podczas uprawiania r\u00f3\u017cnych sport\u00f3w.<\/p>\n<p style=\"text-align: justify;\">W razie pyta\u0144 prosz\u0119 si\u0119 ze mn\u0105 kontaktowa\u0107 przez Messenger lub pisz\u0105c na e-mail: <a href=\"mailto:m.willow@wp.pl\">m.willow@wp.pl<\/a><\/p>\n<p><em><span style=\"text-decoration: underline;\"><strong><span style=\"color: #ff0000; text-decoration: underline;\">HISTORIA<\/span><\/strong><\/span><\/em><\/p>\n<p><strong><em>Temat: <span style=\"text-decoration: underline;\">Podsumowanie i powt\u00f3rzenie wiadomo\u015bci z klasy VII.<\/span><\/em><\/strong><\/p>\n<p><em><strong>Cel lekcji:<\/strong> powtarzamy wiadomo\u015bci z klasy VII.<\/em><\/p>\n<p><em><span style=\"text-decoration: underline;\"><strong><span style=\"color: #ff0000; text-decoration: underline;\">RELIGIA<\/span><\/strong><\/span><\/em><\/p>\n<p style=\"text-align: justify;\"><strong><em>Temat 50 \u2013 <span style=\"text-decoration: underline;\">Mie\u0107 autorytet od pocz\u0105tku, albo na niego zapracowa\u0107. Poszukiwanie autorytet\u00f3w.<\/span><\/em><\/strong><br \/>\n<strong><em> Cele:<\/em><\/strong><br \/>\n<em> &#8211; Poznasz rol\u0119 autorytetu w rozwoju cz\u0142owieka.<\/em><br \/>\n<em> &#8211; B\u0119dziesz si\u0119 stara\u0107 by\u0107 autorytetem dla innych.<\/em><\/p>\n<p style=\"text-align: justify;\"><strong>Zadanie:<\/strong><br \/>\nPrzeczytaj temat z podr\u0119cznika.<br \/>\nProsz\u0119 si\u0119 wcieli\u0107 w rol\u0119 producent\u00f3w film\u00f3w animowanych dla dzieci. Nast\u0119pnie dobra\u0107 przyk\u0142ady znanych postaci film\u00f3w animowanych i bajek do podanych okre\u015ble\u0144:<br \/>\n&#8211; Lider &#8211;<br \/>\n&#8211; Autorytet &#8211;<br \/>\n&#8211; Idol &#8211;<br \/>\n&#8211; Oszust &#8211;<br \/>\n&#8211; Mistrz &#8211;<br \/>\nNapisz widoczne i niewidoczne cechy autorytetu .<br \/>\n<strong>Lekcja na platformie TEAMS, g. 11:30.<\/strong><\/p>\n<p><em><span style=\"text-decoration: underline;\"><strong><span style=\"color: #ff0000; text-decoration: underline;\">FIZYKA<\/span><\/strong><\/span><\/em><\/p>\n<p><strong><em><span style=\"text-decoration: underline; color: #800080;\">KO\u0141O MATEMATYCZNE<\/span><\/em><\/strong><\/p>\n<p style=\"text-align: justify;\"><strong><em>Temat:<span style=\"text-decoration: underline;\">Obliczanie pierwiastk\u00f3w.<\/span><\/em><\/strong><\/p>\n<p style=\"text-align: justify;\"><em><strong>Cel:<\/strong> Na tej lekcji powt\u00f3rzysz wiadomo\u015bci dotycz\u0105ce pierwiastk\u00f3w.<\/em><\/p>\n<p style=\"text-align: justify;\">Wejd\u017a a stron\u0119 podan\u0105 poni\u017cej i rozwi\u0105\u017c zamieszczone tam zadania.<\/p>\n<p style=\"text-align: justify;\"><a href=\"https:\/\/szaloneliczby.pl\/obliczanie-pierwiastkow\/\">https:\/\/szaloneliczby.pl\/obliczanie-pierwiastkow\/<\/a><\/p>\n<p style=\"text-align: justify;\">W razie jakichkolwiek pyta\u0144 prosz\u0119 o kontakt: <a href=\"mailto:edypawlik@gmail.com\">edypawlik@gmail.com<\/a>, \u00a0lub przez Messenger.<\/p>\n<p><em><span style=\"text-decoration: underline;\"><strong><span style=\"color: #ff0000; text-decoration: underline;\">WD\u017b<\/span><\/strong><\/span><\/em><\/p>\n<p>Obejrzyj film <a href=\"https:\/\/www.youtube.com\/watch?v=eXFYkn3Rt20\">https:\/\/www.youtube.com\/watch?v=eXFYkn3Rt20 <\/a><\/p>\n<p>Kontakt z nauczycielem (email:<a href=\"mailto:i_modrzew@wp.pl\"> i_modrzew@wp.pl<\/a>)<\/p>\n<p><em><span style=\"text-decoration: underline;\"><strong><span style=\"color: #800080; text-decoration: underline;\">ZAJ\u0118CIA KOREKCYJNO \u2013 KOMPENSACYJNE<\/span><\/strong><\/span><\/em><\/p>\n<ul>\n<li><a href=\"http:\/\/spmlodzawy.pl\/wp-content\/uploads\/2020\/06\/Dokument2-2.pdf\"><strong><em>ZADANIA<\/em><\/strong><\/a><\/li>\n<\/ul>\n<hr \/>\n<h2 style=\"text-align: center;\"><strong><span style=\"color: #0000ff;\">WTOREK<\/span><\/strong><\/h2>\n<hr \/>\n<p><em><span style=\"text-decoration: underline;\"><strong><span style=\"color: #ff0000; text-decoration: underline;\">MATEMATYKA<\/span><\/strong><\/span><\/em><\/p>\n<p style=\"text-align: justify;\"><strong><em>Temat: <span style=\"text-decoration: underline;\">Powt\u00f3rzenie wiadomo\u015bci \u2013 Twierdzenie Pitagorasa.<\/span> (zapisz w zeszycie)<\/em><\/strong><\/p>\n<p style=\"text-align: justify;\"><em><strong>Cele:<\/strong> Na tej lekcji powt\u00f3rzysz wiadomo\u015bci dotycz\u0105ce Twierdzenia Pitagorasa.<\/em><\/p>\n<p style=\"text-align: justify;\">Rozwi\u0105\u017c zadnia z tej lekcji zamieszczone na LearningApps.<\/p>\n<p style=\"text-align: justify;\">W razie jakichkolwiek problem\u00f3w prosz\u0119 o kontakt: <a href=\"mailto:edypawlik@gmail.com\">edypawlik@gmail.com<\/a>, lub przez Messenger.<\/p>\n<p><em><span style=\"text-decoration: underline;\"><strong><span style=\"color: #ff0000; text-decoration: underline;\">BIOLOGIA<\/span><\/strong><\/span><\/em><\/p>\n<p><strong><em>TEMAT: <span style=\"text-decoration: underline;\">Higiena i choroby uk\u0142adu rozrodczego.<\/span><\/em><\/strong><br \/>\n<em><strong>Celem lekcji<\/strong> jest poznanie chor\u00f3b i zasad higieny uk\u0142adu rozrodczego<\/em><\/p>\n<p>Na podst.tekstu ze str.235-240 odpowiedz na pyt.1 ze str.240 a nast\u0119pnie po przeczytaniu podsumowania ze str.241 wykonaj samodzielnie test ze str.242<\/p>\n<p><em><span style=\"text-decoration: underline;\"><strong><span style=\"color: #ff0000; text-decoration: underline;\">GEOGRAFIA<\/span><\/strong><\/span><\/em><\/p>\n<p style=\"text-align: justify;\"><strong><em>Temat: <span style=\"text-decoration: underline;\">Moja ma\u0142a ojczyzna.<\/span><\/em><\/strong><\/p>\n<p style=\"text-align: justify;\"><em><strong>Cele lekcji:<\/strong> Zdob\u0119dziesz najwa\u017cniejsze informacje dotycz\u0105ce \u015brodowiska przyrodniczego, sytuacji demograficznej i gospodarki miejscowo\u015bci, w kt\u00f3rej mieszkasz.<\/em><\/p>\n<p style=\"text-align: justify;\">Prosz\u0119 przeczyta\u0107 temat ze stron 206 \u2013 209\u00a0 oraz zapozna\u0107 si\u0119 z prezentacj\u0105\u00a0 oraz z materia\u0142ami zamieszczonymi poni\u017cej:<\/p>\n<ul style=\"text-align: justify;\">\n<li><a href=\"https:\/\/epodreczniki.pl\/a\/gospodarka-mojego-regionu\/DNI7aOBHJ\">https:\/\/epodreczniki.pl\/a\/gospodarka-mojego-regionu\/DNI7aOBHJ<\/a><\/li>\n<li><a href=\"https:\/\/epodreczniki.pl\/a\/srodowisko-przyrodnicze-mojego-regionu\/DnttHsp0O\">https:\/\/epodreczniki.pl\/a\/srodowisko-przyrodnicze-mojego-regionu\/DnttHsp0O<\/a><\/li>\n<li><a href=\"https:\/\/epodreczniki.pl\/a\/ludnosc-w-moim-regionie\/D29WYebIf\">https:\/\/epodreczniki.pl\/a\/ludnosc-w-moim-regionie\/D29WYebIf<\/a><\/li>\n<\/ul>\n<p style=\"text-align: justify;\"><strong>Zach\u0119cam do kontaktu przez grup\u0119 na Messengerze i mail <\/strong><a href=\"mailto:paniwiosna606@wp.pl\">paniwiosna606@wp.pl<\/a><\/p>\n<p><em><span style=\"text-decoration: underline;\"><strong><span style=\"color: #ff0000; text-decoration: underline;\">J\u0118ZYK POLSKI<\/span><\/strong><\/span><\/em><\/p>\n<p style=\"text-align: justify;\"><strong>Lekcja online przez aplikacj\u0119 Messenger. Przygotuj podr\u0119cznik, zeszyt d\u0142ugopis. Zadbaj o wygodne miejsce do pracy.<\/strong><br \/>\n<strong> Godzina 10:30<\/strong><\/p>\n<p style=\"text-align: justify;\"><strong><em>Temat: <span style=\"text-decoration: underline;\">Pisownia przedrostk\u00f3w i przyrostk\u00f3w.<\/span><\/em><\/strong><br \/>\n<strong><em> Cele lekcji:<\/em><\/strong><br \/>\n<em> &#8211; poznasz zasady ortograficzne pisania formant\u00f3w s-, z-, -dztwo, -ctwo -dzki, -cki<\/em><br \/>\n<em> &#8211; wykonasz \u0107wiczenia ortograficzne utrwalaj\u0105ce zasady pisowni tych formant\u00f3w.<\/em><\/p>\n<p style=\"text-align: justify;\">Przeczytacie informacje o zasadach pisowni formant\u00f3w s-, z-, -dztwo, -ctwo -dzki, -cki na stronie 292 podr\u0119cznika, wykonacie \u0107wiczenia ortograficzne.<\/p>\n<p style=\"text-align: justify;\">W razie pyta\u0144 prosz\u0119 si\u0119 ze mn\u0105 kontaktowa\u0107 przez Messenger lub pisz\u0105c na e-mail: <a href=\"mailto:m.willow@wp.pl\">m.willow@wp.pl<\/a><\/p>\n<p><em><span style=\"text-decoration: underline;\"><strong><span style=\"color: #ff0000; text-decoration: underline;\">WYCHOWANIE FIZYCZNE<\/span><\/strong><\/span><\/em><\/p>\n<p><em><b>Temat: <span style=\"text-decoration: underline;\">Skoki w formie zabaw i gier &#8211; indywidualne.<\/span> <\/b><\/em><\/p>\n<p><em><b>Cel. <\/b>Przygotowanie do samodzielnych zachowa\u0144 utylitarnych.\u00a0<\/em><\/p>\n<p><strong><span class=\"highlight\"><span class=\"colour\"><span class=\"font\"><span class=\"size\">Zaj\u0119cia on-line messenger (video-rozmowa)<\/span><\/span><\/span><\/span>. Godzina &#8211; 11.20<\/strong><\/p>\n<p><em><span style=\"text-decoration: underline;\"><strong><span style=\"color: #ff0000; text-decoration: underline;\">J\u0118ZYK ANGIELSKI<\/span><\/strong><\/span><\/em><\/p>\n<p><strong>Lekcja on-line na Messengerze. Przygotuj zeszyt i d\u0142ugopis. Zadbaj o wygodne miejsce do pracy.<\/strong><\/p>\n<p><strong>Godzina: 12:30<\/strong><\/p>\n<p><strong><em>Temat: D<span style=\"text-decoration: underline;\">zie\u0144 sportu. Tworzymy wpis na blog.<\/span><\/em><\/strong><\/p>\n<p><strong><em>Cele lekcji:<\/em><\/strong><\/p>\n<p><em>&#8211; dowiesz si\u0119, jak prawid\u0142owo napisa\u0107 wpis na bloga,<\/em><\/p>\n<p><em>&#8211; napiszesz tekst o dniu sportu.<\/em><\/p>\n<p style=\"text-align: justify;\">Zapoznacie si\u0119 z przyk\u0142adowymi wpisami blogowymi dotycz\u0105cymi sportu oraz s\u0142ownictwem, kt\u00f3re mo\u017cecie wykorzysta\u0107 w tej formie wypowiedzi. Wsp\u00f3lnie zredagujecie wpis o dniu sportu, uwzgl\u0119dniaj\u0105c elementy wskazane w \u0107wiczeniu G na stronie 129 podr\u0119cznika.<\/p>\n<p>W razie pyta\u0144 prosz\u0119 si\u0119 ze mn\u0105 kontaktowa\u0107 przez Messenger lub pisz\u0105c na e-mail: <a href=\"mailto:m.willow@wp.pl\">m.willow@wp.pl<\/a><\/p>\n<p>&nbsp;<\/p>\n<p><em><span style=\"text-decoration: underline;\"><strong><span style=\"color: #ff0000; text-decoration: underline;\">J\u0118ZYK NIEMIECKI<\/span><\/strong><\/span><\/em><\/p>\n<p><strong><em>Temat: <span style=\"text-decoration: underline;\">Powt\u00f3rzenie i utrwalenie wiadomo\u015bci.<\/span><\/em><\/strong><br \/>\n<em><strong>Cel lekcji:<\/strong> Utrwalenie poznanych wiadomo\u015bci<\/em><\/p>\n<p>Wykonujemy zadania powt\u00f3rzeniowe ze strony 98 i 99 z zeszytu \u0107wicze\u0144.<\/p>\n<hr \/>\n<h2 style=\"text-align: center;\"><strong><span style=\"color: #0000ff;\">\u015aRODA<\/span><\/strong><\/h2>\n<hr \/>\n<p style=\"text-align: justify;\"><em><span style=\"text-decoration: underline;\"><strong><span style=\"color: #ff0000; text-decoration: underline;\">CHEMIA<\/span><\/strong><\/span><\/em><\/p>\n<p style=\"text-align: justify;\"><strong><em>Temat lekcji:<span style=\"text-decoration: underline;\"> \u0106wiczenia w uzupe\u0142nianiu r\u00f3wna\u0144 reakcji chemicznych.<\/span><\/em><\/strong><br \/>\n<em><strong>Cele lekcji:<\/strong> \u0106wiczenia w dobieraniu wsp\u00f3\u0142czynnik\u00f3w stechiometrycznych r\u00f3wna\u0144 reakcji chemicznych.<\/em><\/p>\n<p><em><span style=\"text-decoration: underline;\"><strong><span style=\"color: #ff0000; text-decoration: underline;\">BIOLOGIA<\/span><\/strong><\/span><\/em><\/p>\n<p><em><span style=\"text-decoration: underline;\"><strong><span style=\"color: #ff0000; text-decoration: underline;\">MATEMATYKA <\/span><\/strong><\/span><\/em><\/p>\n<p style=\"text-align: justify;\"><strong><em>Temat: <span style=\"text-decoration: underline;\">Powt\u00f3rzenie wiadomo\u015bci \u2013 kwadrat i jego po\u0142owa<\/span> (zapisz w zeszycie)<\/em><\/strong><\/p>\n<p style=\"text-align: justify;\"><em><strong>Cele:<\/strong> Na tej lekcji powt\u00f3rzysz wiadomo\u015bci dotycz\u0105ce kwadratu i jego po\u0142owy.<\/em><\/p>\n<p style=\"text-align: justify;\">Rozwi\u0105\u017c zadnia z tej lekcji zamieszczone na LearningApps.<\/p>\n<p style=\"text-align: justify;\">W razie jakichkolwiek problem\u00f3w prosz\u0119 o kontakt: <a href=\"mailto:edypawlik@gmail.com\">edypawlik@gmail.com<\/a>, lub przez Messenger.<\/p>\n<p><em><span style=\"text-decoration: underline;\"><strong><span style=\"color: #ff0000; text-decoration: underline;\">FIZYKA<\/span><\/strong><\/span><\/em><\/p>\n<p><em><span style=\"text-decoration: underline;\"><strong><span style=\"color: #ff0000; text-decoration: underline;\">WYCHOWANIE FIZYCZNE <\/span><\/strong><\/span><\/em><\/p>\n<p><em><b>Temat: <span style=\"text-decoration: underline;\">Wykorzystanie mo\u017cliwo\u015bci motorycznych.<\/span> <\/b><\/em><\/p>\n<p><em><b>Cel.\u00a0<\/b>Praca nad w\u0142asna sylwetk\u0105 cia\u0142a.\u00a0<\/em><\/p>\n<p><strong><span class=\"highlight\"><span class=\"colour\"><span class=\"font\"><span class=\"size\">Zaj\u0119cia on-line messenger (video-rozmowa).\u00a0Godzina &#8211; 11.10\u00a0<\/span><\/span><\/span><\/span><\/strong><\/p>\n<p><em><span style=\"text-decoration: underline;\"><strong><span style=\"color: #ff0000; text-decoration: underline;\">J\u0118ZYK POLSKI<\/span><\/strong><\/span><\/em><\/p>\n<p style=\"text-align: justify;\"><strong>Lekcja online przez aplikacj\u0119 Messenger. Przygotuj \u0107wiczeni\u00f3wk\u0119, zeszyt i d\u0142ugopis. Zadbaj o wygodne miejsce do pracy.<\/strong><br \/>\n<strong> Godzina 12:30<\/strong><\/p>\n<p style=\"text-align: justify;\"><strong><em>Temat: <span style=\"text-decoration: underline;\">Skr\u00f3ty i skr\u00f3towce.<\/span><\/em><\/strong><br \/>\n<strong><em> Cele lekcji:<\/em><\/strong><br \/>\n<em> &#8211; dowiesz si\u0119, czym s\u0105 skr\u00f3ty i skr\u00f3towce oraz jak poprawnie je zapisywa\u0107.<\/em><\/p>\n<p style=\"text-align: justify;\">Przeczytacie artyku\u0142 dotycz\u0105cy skr\u00f3t\u00f3w i skr\u00f3towc\u00f3w na stronie:<br \/>\n<a href=\"https:\/\/www.ortograf.pl\/zasady-pisowni\/skroty-i-skrotowce-zasady-pisowni-reguly-skracania\">https:\/\/www.ortograf.pl\/zasady-pisowni\/skroty-i-skrotowce-zasady-pisowni-reguly-skracania<\/a><\/p>\n<p style=\"text-align: justify;\">Wykonacie wybrane \u0107wiczenia ortograficzne w rozdziale \u201eSkr\u00f3ty i skr\u00f3towce\u201d w \u0107wiczeni\u00f3wce.<\/p>\n<p style=\"text-align: justify;\">W razie pyta\u0144 prosz\u0119 si\u0119 ze mn\u0105 kontaktowa\u0107 przez Messenger lub pisz\u0105c na e-mail: <a href=\"mailto:m.willow@wp.pl\">m.willow@wp.pl<\/a><\/p>\n<p><em><span style=\"text-decoration: underline;\"><strong><span style=\"color: #ff0000; text-decoration: underline;\">DORADZTWO ZAWODOWE<\/span><\/strong><\/span><\/em><\/p>\n<p><strong><em>Temat: <span style=\"text-decoration: underline;\">Zawody moich najbli\u017cszych.<\/span><\/em><\/strong><\/p>\n<p><em><strong>Cel:<\/strong> Na tej lekcji zapoznasz si\u0119 z zawodami jakie wykonuj\u0105 Twoi najbli\u017csi.<\/em><\/p>\n<p>Przeprowad\u017a wywiad z cz\u0142onkiem Twojej rodziny na temat zawodu jaki wykonuje.<\/p>\n<p>W razie jakichkolwiek problem\u00f3w prosz\u0119 o kontakt: <a href=\"mailto:edypawlik@gmail.com\">edypawlik@gmail.com<\/a>, lub przez Messenger<\/p>\n<p><em><span style=\"text-decoration: underline;\"><strong><span style=\"color: #ff0000; text-decoration: underline;\">RELIGIA<\/span><\/strong><\/span><\/em><\/p>\n<p style=\"text-align: justify;\"><strong><em>Temat 51 \u2013 <span style=\"text-decoration: underline;\">Jak pozwoli\u0107 innym, by do nas dotarli. Konflikty w okresie dorastania.<\/span><\/em><\/strong><br \/>\n<strong><em> Cele:<\/em><\/strong><br \/>\n<em> &#8211; Poznasz \u017ar\u00f3d\u0142a, znaczenie i sposoby rozwi\u0105zywania konflikt\u00f3w w\u0142a\u015bciwych okresowi dorastania.<\/em><br \/>\n<em> &#8211; B\u0119dziesz si\u0119 stara\u0142 pokojowo rozwi\u0105zywa\u0107 konflikty rodzinne i kole\u017ce\u0144skie.<\/em><\/p>\n<p><strong>Zadanie:<\/strong><br \/>\nPrzeczytaj temat z podr\u0119cznika.<br \/>\nNapisz w punktach jak unika\u0107 konflikt\u00f3w z rodzicami i nie tylko?<br \/>\nPrace mo\u017cna przes\u0142a\u0107 na maila: <a href=\"mailto:biedor@op.pl\">biedor@op.pl<\/a><\/p>\n<hr \/>\n<h2 style=\"text-align: center;\"><strong><span style=\"color: #0000ff;\">CZWARTEK<\/span><\/strong><\/h2>\n<hr \/>\n<p><em><span style=\"text-decoration: underline;\"><strong><span style=\"color: #ff0000; text-decoration: underline;\">WYCHOWANIE FIZYCZNE<\/span><\/strong><\/span><\/em><\/p>\n<p><em><b>Temat:<\/b><b>\u00a0<span style=\"text-decoration: underline;\">\u0106wiczenia rytmiczne w miejscu i z przemieszczeniem si\u0119 w inne miejsca.<\/span> <\/b><\/em><\/p>\n<p><em><b>Cel. <\/b>Praca nad w\u0142asn\u0105 sylwetk\u0105 cia\u0142a.\u00a0<\/em><\/p>\n<p><strong>Zaj\u0119cia on-line messenger (video-rozmowa)\u00a0Godzina &#8211; 07.40<\/strong><\/p>\n<p><em><span style=\"text-decoration: underline;\"><strong><span style=\"color: #ff0000; text-decoration: underline;\">J\u0118ZYK POLSKI<\/span><\/strong><\/span><\/em><\/p>\n<p style=\"text-align: justify;\"><strong>Lekcja online przez aplikacj\u0119 Messenger. Przygotuj podr\u0119cznik, zeszyt d\u0142ugopis. Zadbaj o wygodne miejsce do pracy.<\/strong><br \/>\n<strong> Godzina 8:50<\/strong><\/p>\n<p style=\"text-align: justify;\"><strong><em>Temat: <span style=\"text-decoration: underline;\">Sk\u0142adamy wyrazy.<\/span><\/em><\/strong><br \/>\n<strong><em> Cele lekcji:<\/em><\/strong><br \/>\n<em> &#8211; dowiesz si\u0119 czym s\u0105 wyrazy z\u0142o\u017cone i zrosty, przyporz\u0105dkujesz do tych kategorii przyk\u0142adowe wyrazy,<\/em><\/p>\n<p style=\"text-align: justify;\">Wyszukacie w Internecie informacje na temat wyraz\u00f3w z\u0142o\u017conych i zrost\u00f3w. Wykonacie \u0107wiczenia j\u0119zykowe w \u0107wiczeni\u00f3wce \u2013 b\u0119dziecie wskazywa\u0107 z\u0142o\u017cenia i zrosty w zdaniach oraz uzupe\u0142nia\u0107 luki wyrazami we w\u0142a\u015bciwej formie.<\/p>\n<p style=\"text-align: justify;\">W razie pyta\u0144 prosz\u0119 si\u0119 ze mn\u0105 kontaktowa\u0107 przez Messenger lub pisz\u0105c na e-mail: m.willow@wp.pl<\/p>\n<p><em><span style=\"text-decoration: underline;\"><strong><span style=\"color: #ff0000; text-decoration: underline;\">MATEMATYKA<\/span><\/strong><\/span><\/em><\/p>\n<p style=\"text-align: justify;\"><strong><em>Temat: <span style=\"text-decoration: underline;\">Powt\u00f3rzenie wiadomo\u015bci \u2013 odcinki w uk\u0142adzie wsp\u00f3\u0142rz\u0119dnych.<\/span> (zapisz w zeszycie)<\/em><\/strong><\/p>\n<p style=\"text-align: justify;\"><em><strong>Cele:<\/strong> Na tej lekcji powt\u00f3rzysz wiadomo\u015bci dotycz\u0105ce odcink\u00f3w w uk\u0142adzie wsp\u00f3\u0142rz\u0119dnych.<\/em><\/p>\n<p style=\"text-align: justify;\">Rozwi\u0105\u017c zadnia z tej lekcji zamieszczone na LearningApps.<\/p>\n<p style=\"text-align: justify;\">W razie jakichkolwiek problem\u00f3w prosz\u0119 o kontakt: <a href=\"mailto:edypawlik@gmail.com\">edypawlik@gmail.com<\/a>, lub przez Messenger.<\/p>\n<p><em><span style=\"text-decoration: underline;\"><strong><span style=\"color: #ff0000; text-decoration: underline;\">HISTORIA<\/span><\/strong><\/span><\/em><\/p>\n<p><strong><em>Temat: <span style=\"text-decoration: underline;\">Prelekcja nt. Narodowego Dnia Pami\u0119ci Pozna\u0144skiego Czerwca 1956 obchodzonego 28 czerwca.<\/span><\/em><\/strong><\/p>\n<p><em><strong>Cel lekcji:<\/strong> poznajemy genez\u0119 i znaczenie obchodzonych wydarze\u0144 w Polsce w czerwcu 1956 roku.<\/em><\/p>\n<p>Prosz\u0119 o zapoznanie si\u0119 z filmami zamieszczonymi pod linkami:<\/p>\n<ul>\n<li><a href=\"https:\/\/www.youtube.com\/watch?v=4DAcGQ9GHO4\">https:\/\/www.youtube.com\/watch?v=4DAcGQ9GHO4<\/a><\/li>\n<li><a href=\"https:\/\/www.youtube.com\/watch?v=wJeo81T9jco\">https:\/\/www.youtube.com\/watch?v=wJeo81T9jco<\/a><\/li>\n<li><a href=\"https:\/\/www.youtube.com\/watch?v=9-8E6jsGJww\">https:\/\/www.youtube.com\/watch?v=9-8E6jsGJww<\/a><\/li>\n<\/ul>\n<p><em><span style=\"text-decoration: underline;\"><strong><span style=\"color: #ff0000; text-decoration: underline;\">GEOGRAFIA<\/span><\/strong><\/span><\/em><\/p>\n<p><strong><em>Temat: <span style=\"text-decoration: underline;\">Projektujemy wycieczk\u0119 po regionie.<\/span><\/em><\/strong><\/p>\n<p><em><strong>Cele lekcji:<\/strong> Poznasz ciekawe i godne uwagi miejsca w twojej najbli\u017cszej okolicy, kt\u00f3re warto odwiedzi\u0107.<\/em><\/p>\n<p>Prosz\u0119 przeczyta\u0107 temat ze stron 203 \u2013 205 i 210-211\u00a0 oraz zapozna\u0107 si\u0119 z prezentacj\u0105\u00a0 oraz z materia\u0142ami zamieszczonymi poni\u017cej:<\/p>\n<ul>\n<li><a href=\"https:\/\/www.youtube.com\/watch?v=4FfCq0hx6XQ&amp;t=85s\">https:\/\/www.youtube.com\/watch?v=4FfCq0hx6XQ&amp;t=85s<\/a><\/li>\n<li><a href=\"https:\/\/www.youtube.com\/watch?v=oXQKjTyJK1s\">https:\/\/www.youtube.com\/watch?v=oXQKjTyJK1s<\/a><\/li>\n<li><a href=\"https:\/\/www.youtube.com\/watch?v=cnzDV96eVbA\">https:\/\/www.youtube.com\/watch?v=cnzDV96eVbA<\/a><\/li>\n<li><a href=\"https:\/\/www.youtube.com\/watch?v=hvuYYf9lUNc&amp;t=10s\">https:\/\/www.youtube.com\/watch?v=hvuYYf9lUNc&amp;t=10s<\/a><\/li>\n<li><a href=\"https:\/\/www.youtube.com\/watch?v=eIlv4Qu6T5Q\">https:\/\/www.youtube.com\/watch?v=eIlv4Qu6T5Q<\/a><\/li>\n<li><a href=\"https:\/\/www.youtube.com\/watch?v=8wQnA5XYEQw\">https:\/\/www.youtube.com\/watch?v=8wQnA5XYEQw<\/a><\/li>\n<li><a href=\"https:\/\/www.youtube.com\/watch?v=gJmvc6gpoqY\">https:\/\/www.youtube.com\/watch?v=gJmvc6gpoqY<\/a><\/li>\n<\/ul>\n<p><em><span style=\"text-decoration: underline;\"><strong><span style=\"color: #ff0000; text-decoration: underline;\">J\u0118ZYK NIEMIECKI<\/span><\/strong><\/span><\/em><\/p>\n<p><strong><em>Temat: Czytanka <span style=\"text-decoration: underline;\">&#8222;Uwielbiam wakacje&#8221;<\/span><\/em><\/strong><br \/>\n<em><strong>Cel lekcji:<\/strong> Doskonalenie umiej\u0119tno\u015bci rozumienia, tworzenia wypowiedzi oraz reagowania na nie.<\/em><\/p>\n<p>1. Czytamy i t\u0142umaczymy czytank\u0119 ze strony 133 w ksi\u0105\u017cce (skan na edzienniku)<br \/>\n2. Uzupe\u0142niamy \u0107wiczenie 1 pod tekstem.<br \/>\n3. Dyskutujemy o mojej ulubionej porze roku.<\/p>\n<hr \/>\n<h2 style=\"text-align: center;\"><strong><span style=\"color: #0000ff;\">PI\u0104TEK<\/span><\/strong><\/h2>\n<hr \/>\n<p style=\"text-align: center;\"><em><strong><span style=\"color: #0000ff;\">ZAKO\u0143CZENIE ROKU SZKOLNEGO<\/span><\/strong><\/em><\/p>\n","protected":false},"excerpt":{"rendered":"<p>PONIEDZIA\u0141EK CHEMIA Temat lekcji: Pisanie r\u00f3wna\u0144 reakcji chemicznych. Cele lekcji: zapisywanie r\u00f3wna\u0144 reakcji chemicznych za pomoc\u0105 wzor\u00f3w zwi\u0105zk\u00f3w i symboli chemicznych; dobieranie wsp\u00f3\u0142czynnik\u00f3w stechiometrycznych. J\u0118ZYK\u00a0 POLSKI Lekcja online przez aplikacj\u0119 Messenger. Przygotuj podr\u0119cznik, zeszyt, d\u0142ugopis, \u0107wiczeni\u00f3wk\u0119. Zadbaj o wygodne miejsce &hellip; <a href=\"http:\/\/spmlodzawy.pl\/index.php\/zadania-dla-klasy-vii-na-dni-22-26-czerwca\/\">Czytaj dalej <span class=\"meta-nav\">&rarr;<\/span><\/a><\/p>\n","protected":false},"author":1,"featured_media":0,"parent":0,"menu_order":0,"comment_status":"closed","ping_status":"closed","template":"","meta":[],"_links":{"self":[{"href":"http:\/\/spmlodzawy.pl\/index.php\/wp-json\/wp\/v2\/pages\/22853"}],"collection":[{"href":"http:\/\/spmlodzawy.pl\/index.php\/wp-json\/wp\/v2\/pages"}],"about":[{"href":"http:\/\/spmlodzawy.pl\/index.php\/wp-json\/wp\/v2\/types\/page"}],"author":[{"embeddable":true,"href":"http:\/\/spmlodzawy.pl\/index.php\/wp-json\/wp\/v2\/users\/1"}],"replies":[{"embeddable":true,"href":"http:\/\/spmlodzawy.pl\/index.php\/wp-json\/wp\/v2\/comments?post=22853"}],"version-history":[{"count":25,"href":"http:\/\/spmlodzawy.pl\/index.php\/wp-json\/wp\/v2\/pages\/22853\/revisions"}],"predecessor-version":[{"id":23214,"href":"http:\/\/spmlodzawy.pl\/index.php\/wp-json\/wp\/v2\/pages\/22853\/revisions\/23214"}],"wp:attachment":[{"href":"http:\/\/spmlodzawy.pl\/index.php\/wp-json\/wp\/v2\/media?parent=22853"}],"curies":[{"name":"wp","href":"https:\/\/api.w.org\/{rel}","templated":true}]}}