{"id":22856,"date":"2020-06-01T12:06:27","date_gmt":"2020-06-01T10:06:27","guid":{"rendered":"http:\/\/spmlodzawy.pl\/?page_id=22856"},"modified":"2020-06-22T07:01:25","modified_gmt":"2020-06-22T05:01:25","slug":"zadania-dla-klasy-vi-na-dni-22-26-czerwca","status":"publish","type":"page","link":"http:\/\/spmlodzawy.pl\/index.php\/zadania-dla-klasy-vi-na-dni-22-26-czerwca\/","title":{"rendered":"ZADANIA DLA KLASY VI NA DNI 22-26 czerwca"},"content":{"rendered":"<h2 style=\"text-align: center;\"><strong><span style=\"color: #0000ff;\">PONIEDZIA\u0141EK<\/span><\/strong><\/h2>\n<hr \/>\n<p><em><span style=\"text-decoration: underline;\"><strong><span style=\"color: #ff0000; text-decoration: underline;\">J\u0118ZYK POLSKI<\/span><\/strong><\/span><\/em><\/p>\n<p><strong><em>Temat: <span style=\"text-decoration: underline;\">Plastikowe problemy \u015bwiata. Tony \u015bmieci zalegaj\u0105 w oceanach<\/span> (fragmenty).<\/em><\/strong><br \/>\n<em><strong> Cel:<\/strong> b\u0119dziemy umieli okre\u015bli\u0107 temat artyku\u0142u; dowiemy si\u0119, jakie s\u0105 sposoby na wyeliminowanie odpad\u00f3w.<\/em><\/p>\n<p>Zapoznajcie si\u0119 z artyku\u0142em \u201eTony \u015bmieci zalegaj\u0105 w oceanach\u201d- podr. str. 321- 322<br \/>\nOdpowiedzcie w zeszycie na pytania<br \/>\n-Co jest powodem \u015bmierci zwierz\u0105t w oceanach?<br \/>\n-Jak\u0105 ilo\u015b\u0107 \u015bmieci produkuje \u015brednio cz\u0142owiek w ci\u0105gu roku?<br \/>\n-Co to jest recykling?<br \/>\n-Wyja\u015bnijcie skr\u00f3t WWF<br \/>\nNapiszcie kr\u00f3tko, jak \u2013 zgodnie z zaleceniami WWF \u2013 mo\u017cna na co dzie\u0144 ogranicza\u0107 produkowanie \u015bmieci.<\/p>\n<p><em><span style=\"text-decoration: underline;\"><strong><span style=\"color: #ff0000; text-decoration: underline;\">HISTORIA<\/span><\/strong><\/span><\/em><\/p>\n<p><strong><em>Temat: <span style=\"text-decoration: underline;\">Podsumowanie i powt\u00f3rzenie wiadomo\u015bci z klasy VI.<\/span><\/em><\/strong><\/p>\n<p><em><strong>Cel lekcji:<\/strong> powtarzamy wiadomo\u015bci z klasy VI.<\/em><\/p>\n<p><em><span style=\"text-decoration: underline;\"><strong><span style=\"color: #ff0000; text-decoration: underline;\">PLASTYKA<\/span><\/strong><\/span><\/em><\/p>\n<p style=\"text-align: justify;\"><strong><em>Temat:\u202f <span style=\"text-decoration: underline;\">Architektura mojego miasta, mojej okolicy.<\/span><\/em><\/strong><br \/>\n<em><strong> Cel:<\/strong> Potrafimy samodzielne zdobywa\u0107 wiedz\u0119 na temat sztuki regionalnej i \u015brodowiskowej, korzysta\u0107 z r\u00f3\u017cnorodnych \u017ar\u00f3de\u0142 informacji w celu rozwijania zainteresowa\u0144 plastycznych i pog\u0142\u0119biania wiedzy o sztuce, zdobywa\u0107 wiedz\u0119 na temat zabytk\u00f3w, instytucji kulturalnych oraz dzie\u0142 sztuki w najbli\u017cszym otoczeniu.<\/em><\/p>\n<p style=\"text-align: justify;\"><strong>Zadanie:<\/strong><br \/>\nW wi\u0119kszo\u015bci miast w Polsce zachowa\u0142y si\u0119 budowle zabytkowe. Dowiedz si\u0119, jakie ciekawe historyczne budowle znajduj\u0105 si\u0119 niedaleko Twojego miejsca zamieszkania. Zach\u0119cam do poznania i zg\u0142\u0119bienia tego zadania z wykorzystaniem informacji zamieszczonych w Internecie<\/p>\n<p><em><span style=\"text-decoration: underline;\"><strong><span style=\"color: #ff0000; text-decoration: underline;\">J\u0118ZYK ANGIELSKI<\/span><\/strong><\/span><\/em><\/p>\n<p style=\"text-align: justify;\"><strong>Lekcja on-line przez aplikacj\u0119 Teams. Przygotuj zeszyt, \u0107wiczeni\u00f3wk\u0119 i d\u0142ugopis. Zadbaj o wygodne miejsce do pracy.<\/strong><br \/>\n<strong> Godzina 10:30<\/strong><\/p>\n<p style=\"text-align: justify;\"><strong><em>Temat: <span style=\"text-decoration: underline;\">Tworzymy wpis na blog.<\/span><\/em><\/strong><br \/>\n<strong><em> Cele lekcji:<\/em><\/strong><br \/>\n<em> &#8211; napiszesz tekst na blog dotycz\u0105cy piel\u0119gnacji ogrodu.<\/em><\/p>\n<p style=\"text-align: justify;\">Na pocz\u0105tku lekcji wykonacie \u0107wiczenie przygotowuj\u0105ce do napisania instrukcji dotycz\u0105cej piel\u0119gnacji ogrodu. Wsp\u00f3lnie napiszecie wpis na blog zawieraj\u0105cy elementy wskazane w \u0107wiczeniu 9 na stronie 109 podr\u0119cznika.<\/p>\n<p style=\"text-align: justify;\">W razie pyta\u0144 prosz\u0119 kontaktowa\u0107 si\u0119, pisz\u0105c na e-mail na <a href=\"mailto:m.willow@wp.pl\">m.willow@wp.pl<\/a> lub poprzez Messenger.<\/p>\n<p><em><span style=\"text-decoration: underline;\"><strong><span style=\"color: #ff0000; text-decoration: underline;\">MATEMATYKA<\/span><\/strong><\/span><\/em><\/p>\n<p style=\"text-align: justify;\"><strong><em>Temat:Powt\u00f3rzenie wiadomo\u015bci \u2013 <span style=\"text-decoration: underline;\">bry\u0142y i ich obj\u0119to\u015bci.<\/span> (zapisz w zeszycie)<\/em><\/strong><\/p>\n<p style=\"text-align: justify;\"><em><strong>Cele:<\/strong> Na tej lekcji powt\u00f3rzysz wiadomo\u015bci dotycz\u0105ce obliczania obj\u0119to\u015bci graniastos\u0142up\u00f3w.<\/em><\/p>\n<p style=\"text-align: justify;\">Rozwi\u0105\u017c zadania z dzisiejszego tematu na LearningApps.<\/p>\n<p style=\"text-align: justify;\">W razie jakichkolwiek problem\u00f3w prosz\u0119 o kontakt: <a href=\"mailto:edypawlik@gmail.com\">edypawlik@gmail.com<\/a>, lub przez Messenger.<\/p>\n<p><em><span style=\"text-decoration: underline;\"><strong><span style=\"color: #ff0000; text-decoration: underline;\">INFORMATYKA GR I<\/span><\/strong><\/span><\/em><\/p>\n<p style=\"text-align: justify;\"><strong><em>Temat:<span style=\"text-decoration: underline;\">Bezpieczne wakacje w GIMP.<\/span> (zapisz w zeszycie)<\/em><\/strong><\/p>\n<p style=\"text-align: justify;\"><em><strong>Cel:<\/strong> Na tej lekcji utrwalisz wszystkie wiadomo\u015bci dotycz\u0105ce tworzenia obraz\u00f3w w programie GIMP.<\/em><\/p>\n<ol style=\"text-align: justify;\">\n<li>Narysuj w programie GIMP jak mo\u017cna bezpiecznie sp\u0119dza\u0107 wakacje.<\/li>\n<\/ol>\n<p style=\"text-align: justify;\">W razie jakichkolwiek problem\u00f3w prosz\u0119 o kontakt: <a href=\"mailto:edypawlik@gmail.com\">edypawlik@gmail.com<\/a>, lub przez Messenger.<\/p>\n<p><em><span style=\"text-decoration: underline;\"><strong><span style=\"color: #ff0000; text-decoration: underline;\">TECHNIKA<\/span><\/strong><\/span><\/em><\/p>\n<p><em><span style=\"text-decoration: underline;\"><strong><span style=\"color: #800080; text-decoration: underline;\">ZAJ\u0118CIA KOREKCYJNO \u2013 KOMPENSACYJNE<\/span><\/strong><\/span><\/em><\/p>\n<ul>\n<li><a href=\"http:\/\/spmlodzawy.pl\/wp-content\/uploads\/2020\/06\/Dokument2-2.pdf\"><strong><em>ZADANIA<\/em><\/strong><\/a><\/li>\n<\/ul>\n<hr \/>\n<h2 style=\"text-align: center;\"><strong><span style=\"color: #0000ff;\">WTOREK<\/span><\/strong><\/h2>\n<hr \/>\n<p><em><span style=\"text-decoration: underline;\"><strong><span style=\"color: #800080; text-decoration: underline;\">KO\u0141O TURYSTYCZNO \u2013 KRAJOZNAWCZE<\/span><\/strong><\/span><\/em><\/p>\n<p>Dzisiaj obejrzymy z lotu ptaka pi\u0119kno naszej Ojczyzny\u2026 ZAPRASZAM<\/p>\n<ul>\n<li><a href=\"https:\/\/www.youtube.com\/watch?v=5CS6IIJ3cLs\">https:\/\/www.youtube.com\/watch?v=5CS6IIJ3cLs<\/a><\/li>\n<li><a href=\"https:\/\/www.youtube.com\/watch?v=ekz6i58kVpI\">https:\/\/www.youtube.com\/watch?v=ekz6i58kVpI<\/a><\/li>\n<li><a href=\"https:\/\/www.youtube.com\/watch?v=Qbu_FRg8vuU&amp;t=151s\">https:\/\/www.youtube.com\/watch?v=Qbu_FRg8vuU&amp;t=151s<\/a><\/li>\n<li><a href=\"https:\/\/www.youtube.com\/watch?v=EggysQhiMFE\">https:\/\/www.youtube.com\/watch?v=EggysQhiMFE<\/a><\/li>\n<\/ul>\n<p><em><span style=\"text-decoration: underline;\"><strong><span style=\"color: #ff0000; text-decoration: underline;\">J\u0118ZYK ANGIELSKI<\/span><\/strong><\/span><\/em><\/p>\n<p style=\"text-align: justify;\"><strong>Lekcja on-line przez aplikacj\u0119 Teams Przygotuj zeszyt, \u0107wiczeniowk\u0119 i d\u0142ugopis. Zadbaj o wygodne miejsce do pracy.<\/strong><br \/>\n<strong> Godzina: 8:50<\/strong><\/p>\n<p style=\"text-align: justify;\"><strong><em>Temat: <span style=\"text-decoration: underline;\">Utrwalamy wiadomo\u015bci z rozdzia\u0142u \u201e\u015awiat natury\u201d.<\/span><\/em><\/strong><br \/>\n<strong><em> Cele lekcji:<\/em><\/strong><br \/>\n<em> &#8211; powt\u00f3rzysz i utrwalisz materia\u0142 z rozdzia\u0142u 8.<\/em><\/p>\n<p style=\"text-align: justify;\">W trakcie lekcji powt\u00f3rzycie materia\u0142 z rozdzia\u0142u 8. Wykonacie \u0107wiczenia na stronach 78-79 \u0107wiczeni\u00f3wki.<br \/>\nW razie pyta\u0144 prosz\u0119 kontaktowa\u0107 si\u0119, pisz\u0105c na e-mail na <a href=\"mailto:m.willow@wp.pl\">m.willow@wp.pl<\/a> lub poprzez Messenger.<\/p>\n<p><em><span style=\"text-decoration: underline;\"><strong><span style=\"color: #ff0000; text-decoration: underline;\">J\u0118ZYK POLSKI<\/span><\/strong><\/span><\/em><\/p>\n<p><strong><em>Temat: <span style=\"text-decoration: underline;\">Na po\u017cegnanie\u2026 Podsumowanie!<\/span><\/em><\/strong><br \/>\n<em><strong> Cel:<\/strong> Potrafimy redagowa\u0107 list oficjalny, wyja\u015bni\u0107 i zastosowa\u0107 przyswojone terminy i poj\u0119cia, oceni\u0107 swoj\u0105 wiedz\u0119 i umiej\u0119tno\u015bci.<\/em><\/p>\n<p>Drodzy Uczniowie! Czas na podsumowanie ostatniego ju\u017c dzia\u0142u. Otw\u00f3rzcie podr\u0119cznik na str. 324 i sprawd\u017acie swoj\u0105 wiedz\u0119 ( To wiem! To potrafi\u0119!)<br \/>\nDoko\u0144czcie z dania i zapiszcie je w zeszycie:<br \/>\n&#8211; Podczas realizacji dzia\u0142u,, Spotkanie z natur\u0105\u201d podoba\u0142o mi si\u0119, \u017ce\u2026\u2026\u2026..<br \/>\n-Najciekawszym tematem okaza\u0142 si\u0119 dla mnie\u2026\u2026\u2026\u2026..<br \/>\n-Zaskoczeniem dla mnie by\u0142\u2026\u2026\u2026\u2026\u2026\u2026\u2026.<br \/>\n-Najwi\u0119cej trudno\u015bci sprawi\u0142o mi nauczenie si\u0119\u2026\u2026\u2026\u2026\u2026<br \/>\nNa koniec rozwi\u0105\u017ccie test z podr\u0119cznika str.325-326 ustnie. \u0106wiczenie 11 wykonajcie pisemnie do zeszytu. Powodzenia.<\/p>\n<p><em><span style=\"text-decoration: underline;\"><strong><span style=\"color: #ff0000; text-decoration: underline;\">MATEMATYKA<\/span><\/strong><\/span><\/em><\/p>\n<p style=\"text-align: justify;\"><strong><em>Temat: <span style=\"text-decoration: underline;\">Powt\u00f3rzenie wiadomo\u015bci \u2013 pole powierzchni bry\u0142.<\/span> (zapisz w zeszycie)<\/em><\/strong><\/p>\n<p style=\"text-align: justify;\"><em><strong>Cele:<\/strong> Na tej lekcji powt\u00f3rzysz wiadomo\u015bci dotycz\u0105ce obliczania pola powierzchni bry\u0142.<\/em><\/p>\n<p style=\"text-align: justify;\">Rozwi\u0105\u017c zadania z dzisiejszego tematu na LearningApps.<\/p>\n<p style=\"text-align: justify;\">W razie jakichkolwiek problem\u00f3w prosz\u0119 o kontakt: <a href=\"mailto:edypawlik@gmail.com\">edypawlik@gmail.com<\/a>, lub przez Messenger.<\/p>\n<p><em><span style=\"text-decoration: underline;\"><strong><span style=\"color: #ff0000; text-decoration: underline;\">INFORMATYKA GR II<\/span><\/strong><\/span><\/em><\/p>\n<p style=\"text-align: justify;\"><strong><em>Temat: <span style=\"text-decoration: underline;\">Tworzymy projekt cz\u0119\u015b\u0107 2.<\/span> (zapisz w zeszycie)<\/em><\/strong><\/p>\n<p style=\"text-align: justify;\"><em><strong>Cel:<\/strong> Na tej lekcji utrwalisz wszystkie wiadomo\u015bci dotycz\u0105ce tworzenia obraz\u00f3w w programie GIMP poprzez stworzenie projektu.<\/em><\/p>\n<ol style=\"text-align: justify;\">\n<li>Doko\u0144czcie tworzenie projektu \u201eCzar szkolnych lat\u201d. Kontaktujcie si\u0119 ze sob\u0105 przez Internet. Gotowe projekty prze\u015blijcie na adres <a href=\"mailto:edypawlik@gmail.com\">edypawlik@gmail.com<\/a><\/li>\n<\/ol>\n<p style=\"text-align: justify;\">W razie jakichkolwiek problem\u00f3w prosz\u0119 o kontakt: <a href=\"mailto:edypawlik@gmail.com\">edypawlik@gmail.com<\/a>, lub przez Messenger.<\/p>\n<p><em><span style=\"text-decoration: underline;\"><strong><span style=\"color: #ff0000; text-decoration: underline;\">MUZYKA<\/span><\/strong><\/span><\/em><\/p>\n<p style=\"text-align: justify;\"><em><strong>Temat: <span style=\"text-decoration: underline;\">\u201eZabawa z ta\u0144cem\u201d<\/span><\/strong><\/em><\/p>\n<p style=\"text-align: justify;\">Obejrzyj filmik i spr\u00f3buj nauczy\u0107 si\u0119 pierwszej cz\u0119\u015bci uk\u0142adu tanecznego do piosenki Viki Gabor: <a href=\"https:\/\/www.youtube.com\/watch?v=_niF6s8tbZE\">https:\/\/www.youtube.com\/watch?v=_niF6s8tbZE<\/a>. A teraz spr\u00f3buj nauczy\u0107 si\u0119 drugiej cz\u0119\u015bci uk\u0142adu tanecznego: <a href=\"https:\/\/www.youtube.com\/watch?v=I7IvmkNZ7vs\">https:\/\/www.youtube.com\/watch?v=I7IvmkNZ7vs<\/a>. Powodzenia!<\/p>\n<p style=\"text-align: justify;\">S\u0105 to ostatnie zaj\u0119cia w tym roku szkolnym \u2013 \u017cycz\u0119 Wam \u00a0zdrowych, spokojnych i bezpiecznych wakacji.<\/p>\n<p><em><span style=\"text-decoration: underline;\"><strong><span style=\"color: #ff0000; text-decoration: underline;\">WYCHOWANIE FIZYCZNE<\/span><\/strong><\/span><\/em><\/p>\n<p><em><b>Temat: <span style=\"text-decoration: underline;\">Rzuty i przerzuty r\u00f3\u017cnymi przyborami do celu.<\/span> <\/b><\/em><\/p>\n<p><em><b>Cel. <\/b><\/em><b>Wspieranie i rozwijanie aktywno\u015bci fizycznej.\u00a0<\/b><\/p>\n<p><strong><span class=\"highlight\"><span class=\"colour\"><span class=\"font\"><span class=\"size\">Zaj\u0119cia on-line messenger (video-rozmowa)<\/span><\/span><\/span><\/span>. Godzina &#8211; 13.20 i 14.00 (klasa podzielona na grupy)<\/strong><\/p>\n<hr \/>\n<h2 style=\"text-align: center;\"><strong><span style=\"color: #0000ff;\">\u015aRODA<\/span><\/strong><\/h2>\n<hr \/>\n<p><em><span style=\"text-decoration: underline;\"><strong><span style=\"color: #ff0000; text-decoration: underline;\">BIOLOGIA<\/span><\/strong><\/span><\/em><\/p>\n<p><strong><em>TEMAT: <span style=\"text-decoration: underline;\">Powt\u00f3rzenie wiadomo\u015bci o ssakach.<\/span><\/em><\/strong><br \/>\n<em><strong>Celem lekcji<\/strong> jest utrwalenie wiadomo\u015bci o ssakach<\/em><\/p>\n<p>Przeczytaj ponownie tekst ze str.131-142 i odpowiedz na pyt.2 ze str.142<\/p>\n<p><em><span style=\"text-decoration: underline;\"><strong><span style=\"color: #ff0000; text-decoration: underline;\">WYCHOWANIE FIZYCZNE<\/span><\/strong><\/span><\/em><\/p>\n<p><em><b>Temat: <span style=\"text-decoration: underline;\">Zeskoki i przeskoki przez r\u00f3\u017cne przeszkody. <\/span><\/b><\/em><\/p>\n<p><em><b>Cel. <\/b>Praca nad w\u0142asna sylwetk\u0105.<b>\u00a0<\/b><\/em><\/p>\n<p><strong><span class=\"highlight\"><span class=\"colour\"><span class=\"font\"><span class=\"size\">Zaj\u0119cia on-line messenger (video-rozmowa).\u00a0Godzina &#8211; 08.50 i 09.40 (podzia\u0142 na grupy)<\/span><\/span><\/span><\/span><\/strong><\/p>\n<p><em><span style=\"text-decoration: underline;\"><strong><span style=\"color: #ff0000; text-decoration: underline;\">MATEMATYKA<\/span><\/strong><\/span><\/em><\/p>\n<p><strong><em>Temat: <span style=\"text-decoration: underline;\">Powt\u00f3rzenie wiadomo\u015bci \u2013 procenty.<\/span> (zapisz w zeszycie)<\/em><\/strong><\/p>\n<p><em><strong>Cel:<\/strong> Na tej lekcji powt\u00f3rzysz wiadomo\u015bci dotycz\u0105ce procent\u00f3w.<\/em><\/p>\n<p>Rozwi\u0105\u017c zadania z dzisiejszego tematu na LearningApps.<\/p>\n<p>W razie jakichkolwiek problem\u00f3w prosz\u0119 o kontakt: <a href=\"mailto:edypawlik@gmail.com\">edypawlik@gmail.com<\/a>, lub przez Messenger.<\/p>\n<p><em><span style=\"text-decoration: underline;\"><strong><span style=\"color: #ff0000; text-decoration: underline;\">J\u0118ZYK POLSKI<\/span><\/strong><\/span><\/em><\/p>\n<p><strong><em>Temat: <span style=\"text-decoration: underline;\">Moje wakacyjne plany<\/span><\/em><\/strong><br \/>\n<em><strong> Cel:<\/strong> dzielimy si\u0119 naszymi planami z innymi, doskonalimy r\u00f3\u017cne formy zapisywania informacji.<\/em><\/p>\n<p>Czy masz ju\u017c jakie\u015b plany na wakacje? Opisz je w zeszycie i podziel si\u0119 nimi z nami na Messenger.<\/p>\n<p><em><span style=\"text-decoration: underline;\"><strong><span style=\"color: #ff0000; text-decoration: underline;\">RELIGIA<\/span><\/strong><\/span><\/em><\/p>\n<p><strong><em>Temat 47 \u2013<span style=\"text-decoration: underline;\"> \u017bycie oddane za Boga i Ojczyzn\u0119.<\/span><\/em><\/strong><br \/>\n<em><strong>Cele:<\/strong> <\/em><br \/>\n<em>&#8211; Wymienisz warto\u015bci p\u0142yn\u0105ce z przynale\u017cno\u015bci do pa\u0144stwa polskiego.<\/em><br \/>\n<em>&#8211; B\u0119dziesz okazywa\u0142 szacunek wobec symboli narodowych oraz modli\u0142 si\u0119 o pok\u00f3j na \u015bwiecie.<\/em><\/p>\n<p><strong>Zadanie:<\/strong><br \/>\nPrzeczytaj temat z podr\u0119cznika.<br \/>\nWykonaj polecenia z zeszytu \u0107wicze\u0144.<br \/>\nPrace mo\u017cna przes\u0142a\u0107 na maila: <a href=\"mailto:biedor@op.pl\">biedor@op.pl<\/a><\/p>\n<hr \/>\n<h2 style=\"text-align: center;\"><strong><span style=\"color: #0000ff;\">CZWARTEK<\/span><\/strong><\/h2>\n<hr \/>\n<p><em><span style=\"text-decoration: underline;\"><strong><span style=\"color: #ff0000; text-decoration: underline;\">MATEMATYKA<\/span><\/strong><\/span><\/em><\/p>\n<p style=\"text-align: justify;\"><strong><em>Temat:<span style=\"text-decoration: underline;\">Powt\u00f3rzenie wiadomo\u015bci \u2013 korzystanie ze wzor\u00f3w.<\/span> (zapisz w zeszycie)<\/em><\/strong><\/p>\n<p style=\"text-align: justify;\"><em><strong>Cel:<\/strong> Na tej lekcji powt\u00f3rzysz wiadomo\u015bci dotycz\u0105ce korzystania ze wzor\u00f3w.<\/em><\/p>\n<p style=\"text-align: justify;\">Rozwi\u0105\u017c zadania z dzisiejszego tematu na LearningApps.<\/p>\n<p style=\"text-align: justify;\">W razie jakichkolwiek problem\u00f3w prosz\u0119 o kontakt: <a href=\"mailto:edypawlik@gmail.com\">edypawlik@gmail.com<\/a>, lub przez Messenger.<\/p>\n<p><em><span style=\"text-decoration: underline;\"><strong><span style=\"color: #ff0000; text-decoration: underline;\">HISTORIA<\/span><\/strong><\/span><\/em><\/p>\n<p><strong><em>Temat: <span style=\"text-decoration: underline;\">Prelekcja nt. Narodowego Dnia Pami\u0119ci Pozna\u0144skiego Czerwca 1956 obchodzonego 28 czerwca.<\/span><\/em><\/strong><\/p>\n<p><em><strong>Cel lekcji:<\/strong> poznajemy genez\u0119 i znaczenie obchodzonych wydarze\u0144 w Polsce w czerwcu 1956 roku.<\/em><\/p>\n<p>Prosz\u0119 o zapoznanie si\u0119 z filmami zamieszczonymi pod linkami:<\/p>\n<ul>\n<li><a href=\"https:\/\/www.youtube.com\/watch?v=4DAcGQ9GHO4\">https:\/\/www.youtube.com\/watch?v=4DAcGQ9GHO4<\/a><\/li>\n<li><a href=\"https:\/\/www.youtube.com\/watch?v=wJeo81T9jco\">https:\/\/www.youtube.com\/watch?v=wJeo81T9jco<\/a><\/li>\n<li><a href=\"https:\/\/www.youtube.com\/watch?v=9-8E6jsGJww\">https:\/\/www.youtube.com\/watch?v=9-8E6jsGJww<\/a><\/li>\n<\/ul>\n<p><em><span style=\"text-decoration: underline;\"><strong><span style=\"color: #ff0000; text-decoration: underline;\">J\u0118ZYK POLSKI<\/span><\/strong><\/span><\/em><\/p>\n<p>Temat: Dajemy dobre rady na wakacje.<br \/>\nCel: dzielimy si\u0119 dobrymi radami z innymi.<br \/>\nZapiszcie w zeszycie 10 rad jak zdrowo i bezpiecznie sp\u0119dzi\u0107 wakacje?<br \/>\n\u017bycz\u0119 Wam zdrowych, spokojnych i bezpiecznych wakacji.<\/p>\n<p><em><span style=\"text-decoration: underline;\"><strong><span style=\"color: #ff0000; text-decoration: underline;\">GEOGRAFIA<\/span><\/strong><\/span><\/em><\/p>\n<p style=\"text-align: justify;\"><strong><em>Temat: <span style=\"text-decoration: underline;\">Relacje Polski z s\u0105siadami.<\/span><\/em><\/strong><\/p>\n<p style=\"text-align: justify;\"><em><strong>Cele lekcji:<\/strong> Poznasz zarys stosunk\u00f3w Polski z s\u0105siednimi pa\u0144stwami. Dowiesz si\u0119, czym s\u0105 euroregiony i jakie euroregiony powsta\u0142y wzd\u0142u\u017c polskich granic.<\/em><\/p>\n<p style=\"text-align: justify;\">Prosz\u0119 przeczyta\u0107 temat ze stron 168 \u2013 172\u00a0 oraz zapozna\u0107 si\u0119 z materia\u0142ami zamieszczonymi poni\u017cej:<\/p>\n<p style=\"text-align: justify;\"><a href=\"https:\/\/www.youtube.com\/watch?v=GOCW-57a7oA\">https:\/\/www.youtube.com\/watch?v=GOCW-57a7oA<\/a><\/p>\n<p style=\"text-align: justify;\">Wi\u0119cej materia\u0142\u00f3w przy\u015ble przez Messengera<\/p>\n<p style=\"text-align: justify;\">Dla zainteresowanych podsy\u0142am ciekawe filmiki:<\/p>\n<ul style=\"text-align: justify;\">\n<li><a href=\"https:\/\/www.youtube.com\/watch?v=E2KfXOVftwg\">https:\/\/www.youtube.com\/watch?v=E2KfXOVftwg<\/a><\/li>\n<li><a href=\"https:\/\/www.youtube.com\/watch?v=Uq4kMAToSRs\">https:\/\/www.youtube.com\/watch?v=Uq4kMAToSRs<\/a><\/li>\n<\/ul>\n<p style=\"text-align: justify;\"><strong>Zach\u0119cam do kontaktu przez grup\u0119 na Messengerze i mail <\/strong><a href=\"mailto:paniwiosna606@wp.pl\">paniwiosna606@wp.pl<\/a><\/p>\n<p style=\"text-align: justify;\"><em><span style=\"text-decoration: underline;\"><strong><span style=\"color: #ff0000; text-decoration: underline;\">J\u0118ZYK ANGIELSKI<\/span><\/strong><\/span><\/em><\/p>\n<p style=\"text-align: justify;\"><strong>Lekcja on-line przez aplikacj\u0119 Teams. Przygotuj \u0107wiczeni\u00f3wk\u0119 i d\u0142ugopis. Zadbaj o wygodne miejsce do pracy.<\/strong><br \/>\n<strong> Godzina 11:30<\/strong><\/p>\n<p style=\"text-align: justify;\"><strong><em>Temat: <span style=\"text-decoration: underline;\">Ogl\u0105damy film o wyspie Galapagos<\/span><\/em><\/strong><br \/>\n<strong><em> Cele lekcji:<\/em><\/strong><br \/>\n<em> &#8211; poznasz ciekawostki dotycz\u0105ce historii i \u015brodowiska naturalnego Galapagos,<\/em><br \/>\n<em> &#8211; udoskonalisz umiej\u0119tno\u015b\u0107 s\u0142uchania i wypowiadania si\u0119 w j\u0119zyku angielskim,<\/em><br \/>\n<em> &#8211; rozwiniesz zas\u00f3b s\u0142ownictwa.<\/em><\/p>\n<p style=\"text-align: justify;\">Na lekcji obejrzycie kr\u00f3tki film przyrodniczy o wyspie Galapagos, nast\u0119pnie wykonacie \u0107wiczenia na 81 stronie \u0107wiczeni\u00f3wki. B\u0119dziecie odpowiadali na pytania dotycz\u0105ce obejrzanego filmu oraz uzupe\u0142niali luki w zdaniach s\u0142ownictwem, kt\u00f3re si\u0119 w nim pojawi\u0142o.<\/p>\n<p style=\"text-align: justify;\">W razie pyta\u0144 prosz\u0119 kontaktowa\u0107 si\u0119, pisz\u0105c na e-mail na <a href=\"mailto:m.willow@wp.pl\">m.willow@wp.pl <\/a>lub poprzez Messenger.<\/p>\n<hr \/>\n<h2 style=\"text-align: center;\"><strong><span style=\"color: #0000ff;\">PI\u0104TEK<\/span><\/strong><\/h2>\n<hr \/>\n<p style=\"text-align: center;\"><em><strong><span style=\"color: #0000ff;\">ZAKO\u0143CZENIE ROKU SZKOLNEGO<\/span><\/strong><\/em><\/p>\n<p>&nbsp;<\/p>\n","protected":false},"excerpt":{"rendered":"<p>PONIEDZIA\u0141EK J\u0118ZYK POLSKI Temat: Plastikowe problemy \u015bwiata. Tony \u015bmieci zalegaj\u0105 w oceanach (fragmenty). Cel: b\u0119dziemy umieli okre\u015bli\u0107 temat artyku\u0142u; dowiemy si\u0119, jakie s\u0105 sposoby na wyeliminowanie odpad\u00f3w. Zapoznajcie si\u0119 z artyku\u0142em \u201eTony \u015bmieci zalegaj\u0105 w oceanach\u201d- podr. str. 321- 322 &hellip; <a href=\"http:\/\/spmlodzawy.pl\/index.php\/zadania-dla-klasy-vi-na-dni-22-26-czerwca\/\">Czytaj dalej <span class=\"meta-nav\">&rarr;<\/span><\/a><\/p>\n","protected":false},"author":1,"featured_media":0,"parent":0,"menu_order":0,"comment_status":"closed","ping_status":"closed","template":"","meta":[],"_links":{"self":[{"href":"http:\/\/spmlodzawy.pl\/index.php\/wp-json\/wp\/v2\/pages\/22856"}],"collection":[{"href":"http:\/\/spmlodzawy.pl\/index.php\/wp-json\/wp\/v2\/pages"}],"about":[{"href":"http:\/\/spmlodzawy.pl\/index.php\/wp-json\/wp\/v2\/types\/page"}],"author":[{"embeddable":true,"href":"http:\/\/spmlodzawy.pl\/index.php\/wp-json\/wp\/v2\/users\/1"}],"replies":[{"embeddable":true,"href":"http:\/\/spmlodzawy.pl\/index.php\/wp-json\/wp\/v2\/comments?post=22856"}],"version-history":[{"count":20,"href":"http:\/\/spmlodzawy.pl\/index.php\/wp-json\/wp\/v2\/pages\/22856\/revisions"}],"predecessor-version":[{"id":23208,"href":"http:\/\/spmlodzawy.pl\/index.php\/wp-json\/wp\/v2\/pages\/22856\/revisions\/23208"}],"wp:attachment":[{"href":"http:\/\/spmlodzawy.pl\/index.php\/wp-json\/wp\/v2\/media?parent=22856"}],"curies":[{"name":"wp","href":"https:\/\/api.w.org\/{rel}","templated":true}]}}