{"id":22859,"date":"2020-06-01T12:07:30","date_gmt":"2020-06-01T10:07:30","guid":{"rendered":"http:\/\/spmlodzawy.pl\/?page_id=22859"},"modified":"2020-06-22T17:28:48","modified_gmt":"2020-06-22T15:28:48","slug":"zadania-dla-klasy-iv-na-dni-22-26-czerwca","status":"publish","type":"page","link":"http:\/\/spmlodzawy.pl\/index.php\/zadania-dla-klasy-iv-na-dni-22-26-czerwca\/","title":{"rendered":"ZADANIA DLA KLASY IV NA DNI 22-26 czerwca"},"content":{"rendered":"<div class=\"entry-content\">\n<hr \/>\n<h2 style=\"text-align: center;\"><strong><span style=\"color: #0000ff;\">PONIEDZIA\u0141EK<\/span><\/strong><\/h2>\n<hr \/>\n<p><em><span style=\"text-decoration: underline;\"><strong><span style=\"color: #ff0000; text-decoration: underline;\">RELIGIA<\/span><\/strong><\/span><\/em><\/p>\n<p><strong><em>Temat 58 &#8211; <span style=\"text-decoration: underline;\">Wadowice \u2013 tu wszystko si\u0119 zacz\u0119\u0142o.<\/span><\/em><\/strong><br \/>\n<strong><em> Cele:<\/em><\/strong><br \/>\n<em> &#8211; Poznasz rodzinne miasto papie\u017ca Jana Paw\u0142a II.<\/em><br \/>\n<em> &#8211; Wyrazisz wdzi\u0119czno\u015b\u0107 Bogu za papie\u017ca Polaka.<\/em><\/p>\n<p><strong>Zadanie:<\/strong><br \/>\nPrzeczytaj temat z podr\u0119cznika.<br \/>\nWykonaj polecenia z zeszytu \u0107wicze\u0144.<br \/>\nPrace mo\u017cna przes\u0142a\u0107 na maila: <a href=\"mailto:biedor@op.pl\">biedor@op.pl<\/a><\/p>\n<p><em><span style=\"text-decoration: underline;\"><strong><span style=\"color: #ff0000; text-decoration: underline;\">J\u0118ZYK POLSKI<\/span><\/strong><\/span><\/em><\/p>\n<p><strong><em>\u00a0Temat: <span style=\"text-decoration: underline;\">Kiedy spe\u0142niaj\u0105 si\u0119 marzenia? Jak spe\u0142nienie mniejszego marzenia pomaga w spe\u0142nieniu wi\u0119kszego?<\/span><\/em><\/strong><\/p>\n<p style=\"text-align: justify;\"><em><strong>Cel:<\/strong> Potrafimy wskaza\u0107 strof\u0119 i refren i odnale\u017a\u0107 rym w wierszu, oceni\u0107 post\u0119powanie opisanych os\u00f3b i nazwa\u0107 warto\u015bci jakimi si\u0119 kieruj\u0105.<\/em><\/p>\n<p><strong>\u00a0<\/strong>Zapoznajcie si\u0119 z tre\u015bci\u0105 piosenki \u201eMarzenia si\u0119 spe\u0142niaj\u0105\u201d na stronie 298 i wykonajcie \u0107wiczenie 1 ze strony 299.<\/p>\n<p style=\"text-align: justify;\">Podpowied\u017a:<\/p>\n<p style=\"text-align: justify;\">Rozkaz, zach\u0119ta, polecenie, namowa.<\/p>\n<p>Po ka\u017cdej zwrotce powtarza si\u0119 strofa \u201euuu \u2013 marzenia si\u0119 spe\u0142niaj\u0105!\u201d Jest to refren.<\/p>\n<p style=\"text-align: justify;\">Zapoznajcie si\u0119 z now\u0105 wiadomo\u015bci\u0105 dotycz\u0105c\u0105 refrenu str. 299.<\/p>\n<p style=\"text-align: justify;\">Nast\u0119pnie przeczytajcie tekst \u201ePolicja spe\u0142ni\u0142a marzenie chorego ch\u0142opca\u201d str. 300. Ustnie odpowiedzcie na pytania zawarte w \u0107wiczeniu 1 i 2 str.300.<\/p>\n<p><em><span style=\"text-decoration: underline;\"><strong><span style=\"color: #ff0000; text-decoration: underline;\">HISTORIA<\/span><\/strong><\/span><\/em><\/p>\n<p><strong><em>Temat: <span style=\"text-decoration: underline;\">Podsumowanie i powt\u00f3rzenie wiadomo\u015bci z klasy IV.<\/span><\/em><\/strong><\/p>\n<p><em><strong>Cel lekcji:<\/strong> powtarzamy wiadomo\u015bci z klasy IV.<\/em><\/p>\n<p><em><span style=\"text-decoration: underline;\"><strong><span style=\"color: #ff0000; text-decoration: underline;\">TECHNIKA<\/span><\/strong><\/span><\/em><\/p>\n<p><em><span style=\"text-decoration: underline;\"><strong><span style=\"color: #ff0000; text-decoration: underline;\">MATEMATYKA<\/span><\/strong><\/span><\/em><\/p>\n<p style=\"text-align: justify;\"><strong><em>TEMAT LEKCJI: <span style=\"text-decoration: underline;\">Liczby naturalne \u2013 powt\u00f3rzenie.<\/span> (zapisz w zeszycie)<\/em><\/strong><br \/>\n<em><strong>Cel lekcji:<\/strong> Na tej lekcji powt\u00f3rz\u0119 i utrwal\u0119 swoje wiadomo\u015bci i umiej\u0119tno\u015bci z dzia\u0142a\u0144 pami\u0119ciowych na liczbach naturalnych, podzielno\u015bci liczb oraz kolejno\u015bci wykonywania dzia\u0142a\u0144.<\/em><\/p>\n<p style=\"text-align: justify;\">Zaloguj si\u0119 na stronie <a href=\"https:\/\/learningapps.org\/\">learningapps.org<\/a> i wykonaj zawarte tam zadania\/\u0107wiczenia.<\/p>\n<p style=\"text-align: justify;\"><strong>Kontakt z nauczycielem (email:<\/strong> <a href=\"mailto:i_modrzew@wp.pl\">i_modrzew@wp.pl<\/a>, <strong>Skype, Messenger)<\/strong><\/p>\n<p><em><span style=\"text-decoration: underline;\"><strong><span style=\"color: #ff0000; text-decoration: underline;\">J\u0118ZYK ANGIELSKI<\/span><\/strong><\/span><\/em><\/p>\n<p style=\"text-align: justify;\"><strong>Lekcja on-line. Prosz\u0119 przygotowa\u0107 podr\u0119cznik, zeszyt, \u0107wiczeni\u00f3wk\u0119, d\u0142ugopis. Zadbaj o wygodne miejsce pracy.<\/strong><\/p>\n<p style=\"text-align: justify;\"><strong>Spotykamy si\u0119 o godzinie 12:30 na Messengerze.<\/strong><\/p>\n<p><strong><em>Temat: <span style=\"text-decoration: underline;\">M\u00f3j ulubiony sport.<\/span><\/em><\/strong><\/p>\n<p><strong><em>Cele lekcji:<\/em><\/strong><\/p>\n<ul>\n<li><em>udoskonalisz umiej\u0119tno\u015b\u0107 czytania i wypowiadania si\u0119 w j\u0119zyku angielskim,<\/em><\/li>\n<li><em>nauczysz si\u0119 opowiada\u0107 o swoim ulubionym sporcie.<\/em><\/li>\n<\/ul>\n<p style=\"text-align: justify;\">Przeczytacie dialogi na stronie 88 podr\u0119cznika i odpowiecie na pytania dotycz\u0105ce ulubionych sport\u00f3w dzieci. Zapoznacie si\u0119 z wyra\u017ceniami z tabeli \u201ePhrase book\u201d, nast\u0119pnie ka\u017cdy przygotuje kr\u00f3tk\u0105 wypowied\u017a, w kt\u00f3rej opowiecie o swoich ulubionych dyscyplinach sportu.<\/p>\n<p style=\"text-align: justify;\">Praca domowa: Przerysuj do zeszytu tabelk\u0119 z \u0107wiczenia 4 na stronie 89.<\/p>\n<p>W razie pyta\u0144 prosz\u0119 kontaktowa\u0107 si\u0119, pisz\u0105c na e-mail na <a href=\"mailto:m.willow@wp.pl\">m.willow@wp.pl<\/a> lub poprzez Messenger.<\/p>\n<p><em><span style=\"text-decoration: underline;\"><strong><span style=\"color: #800080; text-decoration: underline;\">ZAJ\u0118CIA KOREKCYJNO \u2013 KOMPENSACYJNE<\/span><\/strong><\/span><\/em><\/p>\n<ul>\n<li><a href=\"http:\/\/spmlodzawy.pl\/wp-content\/uploads\/2020\/06\/Dokument2-2.pdf\"><strong><em>ZADANIA<\/em><\/strong><\/a><\/li>\n<\/ul>\n<hr \/>\n<\/div>\n<h2 style=\"text-align: center;\"><strong><span style=\"color: #0000ff;\">WTOREK<\/span><\/strong><\/h2>\n<hr \/>\n<p><em><span style=\"text-decoration: underline;\"><strong><span style=\"color: #ff0000; text-decoration: underline;\">J\u0118ZYK ANGIELSKI<\/span><\/strong><\/span><\/em><\/p>\n<p><strong>Lekcja on-line. Prosz\u0119 przygotowa\u0107 podr\u0119cznik, zeszyt, \u0107wiczeni\u00f3wk\u0119, d\u0142ugopis. Zadbaj o wygodne miejsce pracy.<\/strong><\/p>\n<p><strong>Spotykamy si\u0119 o godzinie 8:00 na Messengerze.<\/strong><\/p>\n<p><strong><em>Temat: <span style=\"text-decoration: underline;\">Uzupe\u0142niamy formularz w klubie sportowym<\/span><\/em><\/strong><\/p>\n<p><strong><em>Cele lekcji:<\/em><\/strong><\/p>\n<ul>\n<li><em>poznasz nazwy sportowc\u00f3w<\/em><\/li>\n<li><em>uzupe\u0142nisz formularz sportowy.<\/em><\/li>\n<\/ul>\n<p style=\"text-align: justify;\">Na pocz\u0105tku lekcji poznacie nazwy sportowc\u00f3w, uzupe\u0142nicie tabelk\u0119, kt\u00f3r\u0105 w ramach pracy donowej mieli\u015bcie przerysowa\u0107 do zeszytu. Zapoznacie si\u0119 z przyk\u0142adowym formularzem, nast\u0119pnie uzupe\u0142nicie formularz sportowy wpisuj\u0105c w\u0142a\u015bciwe dane e wyznaczone miejsca.<\/p>\n<p style=\"text-align: justify;\">W razie pyta\u0144 prosz\u0119 kontaktowa\u0107 si\u0119, pisz\u0105c na e-mail na <a href=\"mailto:m.willow@wp.pl\">m.willow@wp.pl<\/a> lub poprzez Messenger.<\/p>\n<p><em><span style=\"text-decoration: underline;\"><strong><span style=\"color: #ff0000; text-decoration: underline;\">PRZYRODA<\/span><\/strong><\/span><\/em><\/p>\n<p style=\"text-align: justify;\"><strong><em>Temat:<span style=\"text-decoration: underline;\"> Na \u0142\u0105ce.<\/span><\/em><\/strong><\/p>\n<p style=\"text-align: justify;\"><em><strong>Cele lekcji:<\/strong> Poznasz przyk\u0142ady ro\u015blin i zwierz\u0105t \u0142\u0105kowych. Dowiesz si\u0119, jakie znaczenie maj\u0105 \u0142\u0105ki dla cz\u0142owieka i co im zagra\u017ca.<\/em><\/p>\n<p style=\"text-align: justify;\">Bardzo prosz\u0119 o zapoznanie si\u0119 z informacjami w podr\u0119czniku ze stron 1793\u2014197<\/p>\n<p style=\"text-align: justify;\">oraz prosz\u0119 zapozna\u0107 si\u0119 z materia\u0142ami i obejrze\u0107 filmiki:<\/p>\n<ul style=\"text-align: justify;\">\n<li><a href=\"https:\/\/www.youtube.com\/watch?v=yzlyuHLj37Y\">https:\/\/www.youtube.com\/watch?v=yzlyuHLj37Y<\/a><\/li>\n<li><a href=\"https:\/\/www.youtube.com\/watch?v=aoBIN5s3CU0\">https:\/\/www.youtube.com\/watch?v=aoBIN5s3CU0<\/a><\/li>\n<li><a href=\"https:\/\/www.youtube.com\/watch?v=d5cCeSto3rI\">https:\/\/www.youtube.com\/watch?v=d5cCeSto3rI<\/a><\/li>\n<\/ul>\n<p style=\"text-align: justify;\">Pomocne materia\u0142y i filmy dla chc\u0105cych wiedzie\u0107 wi\u0119cej:<\/p>\n<ul style=\"text-align: justify;\">\n<li><a href=\"https:\/\/epodreczniki.pl\/a\/rosliny-dookola-nas\/D1EsR3UsN\">https:\/\/epodreczniki.pl\/a\/rosliny-dookola-nas\/D1EsR3UsN<\/a><\/li>\n<li><a href=\"https:\/\/epodreczniki.pl\/a\/na-lace-i-na-polu\/DvINsU6oE\">https:\/\/epodreczniki.pl\/a\/na-lace-i-na-polu\/DvINsU6oE<\/a><\/li>\n<li><a href=\"https:\/\/www.youtube.com\/watch?v=8krnRKa9jWI\">https:\/\/www.youtube.com\/watch?v=8krnRKa9jWI<\/a><\/li>\n<\/ul>\n<p style=\"text-align: justify;\"><strong>Zach\u0119cam do kontaktu przez grup\u0119 na Messengerze i mail <\/strong><a href=\"mailto:paniwiosna606@wp.pl\">paniwiosna606@wp.pl<\/a><\/p>\n<p><em><span style=\"text-decoration: underline;\"><strong><span style=\"color: #ff0000; text-decoration: underline;\">INFORMATYKA<\/span><\/strong><\/span><\/em><\/p>\n<p><strong><em>Temat:<span style=\"text-decoration: underline;\"> Moje wakacje.<\/span>(zapisz w zeszycie)<\/em><\/strong><\/p>\n<p><em><strong>Cel:<\/strong> Na tej lekcji utrwalisz i uporz\u0105dkujesz wiadomo\u015bci dotycz\u0105ce formatowania tekstu w edytorze tekstu.<\/em><\/p>\n<p>Napisz w edytorze tekstu notatk\u0119 na temat \u201eMoje wymarzone wakacje\u201d.<\/p>\n<p>W razie jakichkolwiek problem\u00f3w prosz\u0119 o kontakt: <a href=\"mailto:edypawlik@gmail.com\">edypawlik@gmail.com<\/a>, lub przez Messenger.<\/p>\n<p class=\"entry-content\"><em><span style=\"text-decoration: underline;\"><strong><span style=\"color: #ff0000; text-decoration: underline;\">MUZYKA<\/span><\/strong><\/span><\/em><\/p>\n<p><strong><em>Temat: <span style=\"text-decoration: underline;\">Jak muzyka opowiada.<\/span><\/em> <\/strong><\/p>\n<p style=\"text-align: justify;\"><em><strong>Cel:<\/strong> utrwalamy wiadomo\u015bci na temat \u00a0podstawowych element\u00f3w dzie\u0142a muzycznego i analizowanie utwor\u00f3w muzycznych pod k\u0105tem element\u00f3w dzie\u0142a muzycznego.<\/em><\/p>\n<p style=\"text-align: justify;\">Muzyka jest sztuk\u0105, kt\u00f3ra wp\u0142ywa na nasz\u0105 psychik\u0119 za pomoc\u0105 d\u017awi\u0119k\u00f3w.<\/p>\n<p style=\"text-align: justify;\">Inspiruje, pobudza wyobra\u017ani\u0119, dlatego s\u0142uchaj\u0105c utwor\u00f3w muzycznych bardzo cz\u0119sto mo\u017cemy nada\u0107 im tytu\u0142y.<\/p>\n<p style=\"text-align: justify;\">Mo\u017cemy zainspirowa\u0107 si\u0119 kompozycjami muzycznymi i stworzy\u0107 pobudzaj\u0105c nasz\u0105 wyobra\u017ani\u0119 na przyk\u0142ad dzie\u0142o plastyczne.<\/p>\n<p style=\"text-align: justify;\">Zapoznajcie si\u0119 z zagadnieniami w e podr\u0119czniku, wys\u0142uchajcie zamieszczone w temacie kompozycje muzyczne, wykonajcie w miar\u0119 mo\u017cliwo\u015bci \u00a0zadania interaktywne <a href=\"https:\/\/epodreczniki.pl\/a\/jak-muzyka-opowiada---zajecia-plastyczno-muzyczne\/DbqQmZX0k\">https:\/\/epodreczniki.pl\/a\/jak-muzyka-opowiada&#8212;zajecia-plastyczno-muzyczne\/DbqQmZX0k<\/a><\/p>\n<p><em><span style=\"text-decoration: underline;\"><strong><span style=\"color: #ff0000; text-decoration: underline;\">J\u0118ZYK POLSKI<\/span><\/strong><\/span><\/em><\/p>\n<p style=\"text-align: justify;\"><em><strong>Temat: <span style=\"text-decoration: underline;\">Dobroczynne i zgubne skutki wynalazk\u00f3w.<\/span><\/strong><\/em><\/p>\n<p style=\"text-align: justify;\"><em><strong>Cel:<\/strong> Potrafimy om\u00f3wi\u0107 przebieg rozmowy przedstawionej w tek\u015bcie i zredagowa\u0107 notatk\u0119.<\/em><\/p>\n<ul style=\"text-align: justify;\">\n<li>Przeczytajcie tekst &#8222;W\u0119drowcy&#8221; \u00a0str. 301 &#8211; 305.<\/li>\n<li>W zeszycie wykonajcie \u0107wiczenie 1 ze str. 305.<\/li>\n<\/ul>\n<p style=\"text-align: justify;\">Podpowied\u017a: Babcia z wnukami rozmawia o pozytywnych i negatywnych skutkach r\u00f3\u017cnych wynalazk\u00f3w.<\/p>\n<ul>\n<li style=\"text-align: justify;\">Ustnie wykonajcie \u0107wiczenie 3 str. 305.<\/li>\n<li style=\"text-align: justify;\">Nauczcie si\u0119 czyta\u0107 tekst &#8222;W\u0119drowcy&#8221;.<\/li>\n<\/ul>\n<p><em><span style=\"text-decoration: underline;\"><strong><span style=\"color: #ff0000; text-decoration: underline;\">WYCHOWANIE FIZYCZNE<\/span><\/strong><\/span><\/em><\/p>\n<p><em><b>Temat: <span style=\"text-decoration: underline;\">Zabawy bie\u017cne z przechodzeniem przez r\u00f3\u017cne otwory.<\/span> <\/b><\/em><\/p>\n<p><em><b>Cel. <\/b><\/em><b>Wyzwalanie i przygotowanie do radosnych, spontanicznych zachowa\u0144 poprzez zabawy.<\/b><em><b>\u00a0<\/b><\/em><\/p>\n<p><strong><span class=\"highlight\"><span class=\"colour\"><span class=\"font\"><span class=\"size\">Zaj\u0119cia on-line messenger (video-rozmowa)<\/span><\/span><\/span><\/span>. Godzina &#8211; 12.30<\/strong><\/p>\n<hr \/>\n<h2 style=\"text-align: center;\"><strong><span style=\"color: #0000ff;\">\u015aRODA<\/span><\/strong><\/h2>\n<hr \/>\n<p><em><span style=\"text-decoration: underline;\"><strong><span style=\"color: #ff0000; text-decoration: underline;\">MATEMATYKA<\/span><\/strong><\/span><\/em><\/p>\n<p style=\"text-align: justify;\"><strong><em>TEMAT LEKCJI: <span style=\"text-decoration: underline;\">U\u0142amki zwyk\u0142e i dziesi\u0119tne \u2013 powt\u00f3rzenie.<\/span> (zapisz w zeszycie)<\/em><\/strong><br \/>\n<em><strong>Cel lekcji:<\/strong> Na tej lekcji powt\u00f3rz\u0119 i utrwal\u0119 swoje wiadomo\u015bci i umiej\u0119tno\u015bci z u\u0142amk\u00f3w zwyk\u0142ych i dziesi\u0119tnych.<\/em><\/p>\n<p style=\"text-align: justify;\">Zaloguj si\u0119 na stronie <a href=\"https:\/\/learningapps.org\/\">learningapps.org<\/a> i wykonaj zawarte tam zadania\/\u0107wiczenia.<\/p>\n<p><strong>Kontakt z nauczycielem (email:<\/strong> <a href=\"mailto:i_modrzew@wp.pl\">i_modrzew@wp.pl<\/a>,<strong> Skype, Messenger)<\/strong><\/p>\n<p><em><span style=\"text-decoration: underline;\"><strong><span style=\"color: #ff0000; text-decoration: underline;\">J\u0118ZYK ANGIELSKI <\/span><\/strong><\/span><\/em><\/p>\n<p><strong>Lekcja on-line. Prosz\u0119 przygotowa\u0107 \u0107wiczeni\u00f3wk\u0119 i d\u0142ugopis. Zadbaj o wygodne miejsce do pracy.<\/strong><\/p>\n<p><strong>Spotykamy si\u0119 o godzinie 8:50 na Messengerze.<\/strong><\/p>\n<p><strong><em>Temat: <span style=\"text-decoration: underline;\">Powtarzamy wiadomo\u015bci z rozdzia\u0142u \u201eM\u00f3j ulubiony sport\u201d<\/span><\/em><\/strong><\/p>\n<p><strong><em>Cele lekcji:<\/em><\/strong><\/p>\n<p style=\"text-align: justify;\"><em>&#8211; powt\u00f3rzysz i utrwalisz materia\u0142 z rozdzia\u0142u 7.<\/em><\/p>\n<p style=\"text-align: justify;\">Na lekcji b\u0119dziecie wykonywali \u0107wiczenia sprawdzaj\u0105ce w jakim stopniu opanowali\u015bcie s\u0142ownictwo z rozdzia\u0142u 7. Przypomnicie sobie zasady budowania zda\u0144 w czasie tera\u017aniejszym Present Simple.<\/p>\n<p style=\"text-align: justify;\">W razie pyta\u0144 prosz\u0119 kontaktowa\u0107 si\u0119, pisz\u0105c na e-mail na <a href=\"mailto:m.willow@wp.pl\">m.willow@wp.pl<\/a> lub poprzez Messenger.<\/p>\n<p><em><span style=\"text-decoration: underline;\"><strong><span style=\"color: #ff0000; text-decoration: underline;\">RELIGIA<\/span><\/strong><\/span><\/em><\/p>\n<p><strong><em>Temat 60 \u2013 <span style=\"text-decoration: underline;\">Afryka i Azja \u2013 Ewangelia na kra\u0144cach \u015bwiata.<\/span><\/em><\/strong><br \/>\n<strong><em> Cele:<\/em><\/strong><br \/>\n<em> &#8211; Poznasz warunki \u017cycia dzieci w krajach misyjnych.<\/em><br \/>\n<em> &#8211; B\u0119dziesz wspiera\u0142 misyjne dzie\u0142o Ko\u015bcio\u0142a swoj\u0105 modlitw\u0105 i ofiar\u0105.<\/em><\/p>\n<p><strong>Zadanie:<\/strong><br \/>\nPrzeczytaj temat z podr\u0119cznika.<br \/>\nWykonaj polecenia z zeszytu \u0107wicze\u0144.<br \/>\nPrace mo\u017cna przes\u0142a\u0107 na maila: <a href=\"mailto:biedor@op.pl\">biedor@op.pl<\/a><\/p>\n<p><em><span style=\"text-decoration: underline;\"><strong><span style=\"color: #ff0000; text-decoration: underline;\">J\u0118ZYK POLSKI<\/span><\/strong><\/span><\/em><\/p>\n<p><strong><em>Temat: <span style=\"text-decoration: underline;\">\u015awiat przedstawiony w komiksie &#8222;Kajko i Kokosz. Szko\u0142a latania&#8221;.<\/span><\/em><\/strong><\/p>\n<p><em><strong>Cel:<\/strong> Potrafimy odr\u00f3\u017cni\u0107 wydarzenia realistyczne i fantastyczne, uk\u0142adamy plan wydarze\u0144.<\/em><\/p>\n<p>Zapoznajcie si\u0119 z kr\u00f3tk\u0105 histori\u0105 komiksu \u00a0str. 312 \u2013 313 i\u00a0 informacj\u0105\u00a0 \u00a0str. 306.<\/p>\n<p>Przeczytajcie fragmenty komiksu ze str. 308 &#8211; 311.<\/p>\n<p>Wykonajcie samodzielnie \u0107wiczenie 7 str. 311<\/p>\n<p><em><span style=\"text-decoration: underline;\"><strong><span style=\"color: #ff0000; text-decoration: underline;\">WYCHOWANIE FIZYCZNE<\/span><\/strong><\/span><\/em><\/p>\n<p><em><b>Temat: <span style=\"text-decoration: underline;\">Biegi w miejscu z przyspieszeniem na sygna\u0142.<\/span> <\/b><\/em><\/p>\n<p><em><b>Cel. <\/b>Rozwijanie pi\u0119kna i estetyki ruchu.<b>\u00a0<\/b><\/em><\/p>\n<p><strong><span class=\"highlight\"><span class=\"colour\"><span class=\"font\"><span class=\"size\">Zaj\u0119cia on-line messenger (video-rozmowa)<\/span><\/span><\/span><\/span>. Godzina &#8211; 12.30<\/strong><\/p>\n<hr \/>\n<h2 style=\"text-align: center;\"><strong><span style=\"color: #0000ff;\">CZWARTEK<\/span><\/strong><\/h2>\n<hr \/>\n<p><em><span style=\"text-decoration: underline;\"><strong><span style=\"color: #ff0000; text-decoration: underline;\">MATEMATYKA<\/span><\/strong><\/span><\/em><\/p>\n<p style=\"text-align: justify;\"><strong><em>TEMAT LEKCJI: <span style=\"text-decoration: underline;\">Figury geometryczne \u2013 powt\u00f3rzenie.<\/span> (zapisz w zeszycie)<\/em><\/strong><br \/>\n<strong><em>Cel lekcji:<\/em><\/strong> <em>Na tej lekcji powt\u00f3rz\u0119 i utrwal\u0119 swoje wiadomo\u015bci i umiej\u0119tno\u015bci z figur geometrycznych \u2013 pola i obwody figur, jednostki d\u0142ugo\u015bci, bry\u0142y i ich obj\u0119to\u015b\u0107.<\/em><\/p>\n<p style=\"text-align: justify;\">Zaloguj si\u0119 na stronie learningapps.org i wykonaj zawarte tam zadania\/\u0107wiczenia.<\/p>\n<p style=\"text-align: justify;\"><strong>Kontakt z nauczycielem (email:<\/strong> <a href=\"mailto:i_modrzew@wp.pl\">i_modrzew@wp.pl<\/a><strong>, Skype, Messenger)<\/strong><\/p>\n<p><em><span style=\"text-decoration: underline;\"><strong><span style=\"color: #ff0000; text-decoration: underline;\">WYCHOWANIE FIZYCZNE<\/span><\/strong><\/span><\/em><\/p>\n<p style=\"text-align: justify;\"><em><b>Temat: <span style=\"text-decoration: underline;\">\u0106wiczenia si\u0142owe w formie zabawowej, \u0107wiczenia skoczno\u015bciowe oraz gibko\u015bciowe.<\/span> <\/b><\/em><\/p>\n<p><em><b>Cel.<\/b> Praca nad w\u0142asn\u0105 sylwetk\u0105 cia\u0142a.\u00a0<\/em><\/p>\n<p><strong>Zaj\u0119cia on-line messenger (video-rozmowa)\u00a0Godzina 08.50<\/strong><\/p>\n<p><em><span style=\"text-decoration: underline;\"><strong><span style=\"color: #ff0000; text-decoration: underline;\">PRZYRODA<\/span><\/strong><\/span><\/em><\/p>\n<p style=\"text-align: justify;\"><strong><em>Temat: <span style=\"text-decoration: underline;\">Na polu uprawnym.<\/span><\/em><\/strong><\/p>\n<p style=\"text-align: justify;\"><em><strong>Cele lekcji:<\/strong> Poznasz typowe organizmy ro\u015blinne i zwierz\u0119ce zamieszkuj\u0105ce pola oraz ic znaczenie dla cz\u0142owieka.<\/em><\/p>\n<p style=\"text-align: justify;\">Bardzo prosz\u0119 o zapoznanie si\u0119 z informacjami w podr\u0119czniku ze stron 198\u2014201.<\/p>\n<p style=\"text-align: justify;\">Pomocne materia\u0142y:<\/p>\n<ul style=\"text-align: justify;\">\n<li><a href=\"https:\/\/epodreczniki.pl\/a\/w-sadzie-i-na-polu\/DdvYrZ3B\">https:\/\/epodreczniki.pl\/a\/w-sadzie-i-na-polu\/DdvYrZ3B<\/a><\/li>\n<li><a href=\"https:\/\/epodreczniki.pl\/a\/na-lace-i-na-polu\/DvINsU6oE\">https:\/\/epodreczniki.pl\/a\/na-lace-i-na-polu\/DvINsU6oE<\/a><\/li>\n<li><a href=\"https:\/\/www.youtube.com\/watch?v=Yy4Leoz_ybY\">https:\/\/www.youtube.com\/watch?v=Yy4Leoz_ybY<\/a><\/li>\n<li><a href=\"https:\/\/www.youtube.com\/watch?v=hm2zD4Ozqac\">https:\/\/www.youtube.com\/watch?v=hm2zD4Ozqac<\/a><\/li>\n<\/ul>\n<p style=\"text-align: justify;\">Dla ch\u0119tnych:<\/p>\n<ul style=\"text-align: justify;\">\n<li><a href=\"https:\/\/www.youtube.com\/watch?v=Ipd3nRmr_T4\">https:\/\/www.youtube.com\/watch?v=Ipd3nRmr_T4<\/a><\/li>\n<li><a href=\"https:\/\/www.youtube.com\/watch?v=RyE7-DgqkyQ\">https:\/\/www.youtube.com\/watch?v=RyE7-DgqkyQ<\/a><\/li>\n<\/ul>\n<p style=\"text-align: justify;\"><strong>Zach\u0119cam do kontaktu przez grup\u0119 na Messengerze i mail <\/strong><a href=\"mailto:paniwiosna606@wp.pl\">paniwiosna606@wp.pl<\/a><\/p>\n<p><em><span style=\"text-decoration: underline;\"><strong><span style=\"color: #ff0000; text-decoration: underline;\">J\u0118ZYK POLSKI<\/span><\/strong><\/span><\/em><\/p>\n<p><strong><em>Temat: <span style=\"text-decoration: underline;\">Temat: Dajemy dobre rady na wakacje.<\/span><\/em><\/strong><\/p>\n<p><em><strong>Cel:<\/strong> dzielimy si\u0119 dobrymi radami z innymi.<\/em><\/p>\n<p>Zapiszcie w zeszycie 10 rad jak zdrowo i bezpiecznie sp\u0119dzi\u0107 wakacje?<\/p>\n<p>\u017bycz\u0119 Wam zdrowych, spokojnych i bezpiecznych wakacji.<\/p>\n<hr \/>\n<h2 style=\"text-align: center;\"><strong><span style=\"color: #0000ff;\">PI\u0104TEK<\/span><\/strong><\/h2>\n<hr \/>\n<p style=\"text-align: center;\"><strong><em><strong><span style=\"color: #0000ff;\">ZAKO\u0143CZENIE ROKU SZKOLNEGO<\/span><\/strong><br \/>\n<\/em><\/strong><\/p>\n","protected":false},"excerpt":{"rendered":"<p>PONIEDZIA\u0141EK RELIGIA Temat 58 &#8211; Wadowice \u2013 tu wszystko si\u0119 zacz\u0119\u0142o. Cele: &#8211; Poznasz rodzinne miasto papie\u017ca Jana Paw\u0142a II. &#8211; Wyrazisz wdzi\u0119czno\u015b\u0107 Bogu za papie\u017ca Polaka. Zadanie: Przeczytaj temat z podr\u0119cznika. Wykonaj polecenia z zeszytu \u0107wicze\u0144. Prace mo\u017cna przes\u0142a\u0107 &hellip; <a href=\"http:\/\/spmlodzawy.pl\/index.php\/zadania-dla-klasy-iv-na-dni-22-26-czerwca\/\">Czytaj dalej <span class=\"meta-nav\">&rarr;<\/span><\/a><\/p>\n","protected":false},"author":1,"featured_media":0,"parent":0,"menu_order":0,"comment_status":"closed","ping_status":"closed","template":"","meta":[],"_links":{"self":[{"href":"http:\/\/spmlodzawy.pl\/index.php\/wp-json\/wp\/v2\/pages\/22859"}],"collection":[{"href":"http:\/\/spmlodzawy.pl\/index.php\/wp-json\/wp\/v2\/pages"}],"about":[{"href":"http:\/\/spmlodzawy.pl\/index.php\/wp-json\/wp\/v2\/types\/page"}],"author":[{"embeddable":true,"href":"http:\/\/spmlodzawy.pl\/index.php\/wp-json\/wp\/v2\/users\/1"}],"replies":[{"embeddable":true,"href":"http:\/\/spmlodzawy.pl\/index.php\/wp-json\/wp\/v2\/comments?post=22859"}],"version-history":[{"count":21,"href":"http:\/\/spmlodzawy.pl\/index.php\/wp-json\/wp\/v2\/pages\/22859\/revisions"}],"predecessor-version":[{"id":23230,"href":"http:\/\/spmlodzawy.pl\/index.php\/wp-json\/wp\/v2\/pages\/22859\/revisions\/23230"}],"wp:attachment":[{"href":"http:\/\/spmlodzawy.pl\/index.php\/wp-json\/wp\/v2\/media?parent=22859"}],"curies":[{"name":"wp","href":"https:\/\/api.w.org\/{rel}","templated":true}]}}