{"id":22862,"date":"2020-06-01T12:08:24","date_gmt":"2020-06-01T10:08:24","guid":{"rendered":"http:\/\/spmlodzawy.pl\/?page_id=22862"},"modified":"2020-06-20T20:37:41","modified_gmt":"2020-06-20T18:37:41","slug":"zadania-dla-klas-i-iii-na-dni-22-26-czerwca","status":"publish","type":"page","link":"http:\/\/spmlodzawy.pl\/index.php\/zadania-dla-klas-i-iii-na-dni-22-26-czerwca\/","title":{"rendered":"ZADANIA DLA KLAS I-III NA DNI 22-26 czerwca"},"content":{"rendered":"<p>Kochani!<\/p>\n<p style=\"text-align: justify;\">Przed nami ostatni tydzie\u0144 pracy, a potem tak d\u0142ugo wyczekiwane wakacje. Na pewno cze\u015b\u0107 z Was wyjedzie, ale wiele dzieci pozostanie w domu. Pami\u0119tajcie, aby bez wzgl\u0119du na to, gdzie b\u0119dziecie wypoczywa\u0107, zadba\u0107 o bezpiecze\u0144stwo swoje i innych.<\/p>\n<p style=\"text-align: justify;\">Poni\u017cej przedstawi\u0119 kilka filmik\u00f3w, kt\u00f3re przypomn\u0105 Wam, jak nale\u017cy dba\u0107 o nasze bezpiecze\u0144stwo podczas letniego wypoczynku.<\/p>\n<ol>\n<li>&#8222;<em><strong>B\u0105d\u017amy bezpieczni podczas wakacji&#8221;.<\/strong><\/em><\/li>\n<\/ol>\n<p><iframe loading=\"lazy\" width=\"640\" height=\"480\" src=\"https:\/\/www.youtube.com\/embed\/morpUmHPl4M?feature=oembed\" frameborder=\"0\" allow=\"accelerometer; autoplay; encrypted-media; gyroscope; picture-in-picture\" allowfullscreen><\/iframe><\/p>\n<p><em><strong>2. &#8222;Bezpieczne wakacje!&#8221;.<\/strong><\/em><\/p>\n<p><iframe loading=\"lazy\" width=\"640\" height=\"480\" src=\"https:\/\/www.youtube.com\/embed\/OXijFTy5Xj0?feature=oembed\" frameborder=\"0\" allow=\"accelerometer; autoplay; encrypted-media; gyroscope; picture-in-picture\" allowfullscreen><\/iframe><\/p>\n<p><em><strong>3. &#8222;Bezpieczne zabawy na wsi&#8221;.<\/strong><\/em><\/p>\n<p><iframe loading=\"lazy\" width=\"640\" height=\"360\" src=\"https:\/\/www.youtube.com\/embed\/iW_8uy0ZNtM?feature=oembed\" frameborder=\"0\" allow=\"accelerometer; autoplay; encrypted-media; gyroscope; picture-in-picture\" allowfullscreen><\/iframe><\/p>\n<p>I jeszcze piosenka o bezpiecznych wakacjach. Pos\u0142uchajcie!<\/p>\n<p><iframe loading=\"lazy\" width=\"640\" height=\"360\" src=\"https:\/\/www.youtube.com\/embed\/W4RHyjQLfCM?feature=oembed\" frameborder=\"0\" allow=\"accelerometer; autoplay; encrypted-media; gyroscope; picture-in-picture\" allowfullscreen><\/iframe><\/p>\n<p>I na koniec troch\u0119 gimnastyki!<\/p>\n<p><strong>\u201eWF w domu.\u00a0 <\/strong><strong>\u201eAktywno\u015b\u0107 fizyczna dzieci w domu\u201d. <\/strong><\/p>\n<p><iframe loading=\"lazy\" width=\"640\" height=\"480\" src=\"https:\/\/www.youtube.com\/embed\/O3FDSNofFXI?feature=oembed\" frameborder=\"0\" allow=\"accelerometer; autoplay; encrypted-media; gyroscope; picture-in-picture\" allowfullscreen><\/iframe><\/p>\n<p><strong>\u201eWF w domu.\u00a0 Trenuj z nami na weso\u0142o \u2013 8\u201d<\/strong><\/p>\n<p><iframe loading=\"lazy\" width=\"640\" height=\"360\" src=\"https:\/\/www.youtube.com\/embed\/HfLCUrT1xxQ?feature=oembed\" frameborder=\"0\" allow=\"accelerometer; autoplay; encrypted-media; gyroscope; picture-in-picture\" allowfullscreen><\/iframe><\/p>\n<p><strong>\u201eWF w domu.\u00a0 Trenuj z nami na weso\u0142o \u2013 4\u201d<\/strong><\/p>\n<p><iframe loading=\"lazy\" width=\"640\" height=\"360\" src=\"https:\/\/www.youtube.com\/embed\/7s_bPh45Mqw?feature=oembed\" frameborder=\"0\" allow=\"accelerometer; autoplay; encrypted-media; gyroscope; picture-in-picture\" allowfullscreen><\/iframe><\/p>\n<div class=\"entry-content\">\n<p>Bie\u017c\u0105ce zadania i \u0107wiczenia nauczyciele ustalaj\u0105 z rodzicami i uczniami przez Messengera, telefonicznie, b\u0105d\u017a na adres e-mail:<br \/>\n<em>wychowawca klasy I e-mail: <a href=\"mailto:tomcug@poczta.fm\">tomcug@poczta.fm<\/a><\/em><br \/>\n<em> wychowawca klasy II e-mail: <a href=\"mailto:agroaga@o2.pl\">agroaga@o2.pl<\/a><\/em><br \/>\n<em> wychowawca klasy III e-mail: <a href=\"mailto:renata.basag@gmail.com\">renata.basag@gmail.com<\/a><\/em><br \/>\n<em> nauczyciel j\u0119zyka angielskiego e-mail: <a href=\"mailto:m.willow@wp.pl\">m.willow@wp.pl<\/a><\/em><br \/>\n<em> nauczyciel religii e-mail: <a href=\"mailto:biedor@op.pl\">biedor@op.pl<\/a><\/em><\/p>\n<p style=\"text-align: justify;\"><em><strong><span style=\"color: #0000ff;\">KOCHANI! PODAM JESZCZE LINK DO ZAJ\u0118\u0106 KOREKCYJNO \u2013 KOMPENSACYJNYCH. TO ZADANIE NA BIE\u017b\u0104CY TYDZIE\u0143 PRZYGOTOWA\u0141A DLA WAS PANI IZA!\u00a0 <a href=\"http:\/\/spmlodzawy.pl\/wp-content\/uploads\/2020\/06\/Zadania-dla-uczni\u00f3w-22-26.06.pdf\">ZADANIE<\/a><\/span><\/strong><\/em><\/p>\n<p>Poni\u017cej przedstawiamy zadania z j\u0119zyka angielskiego i religii na nadchodz\u0105ce dni<\/p>\n<hr \/>\n<h2 style=\"text-align: center;\"><strong><span style=\"color: #0000ff;\">KLASA I<\/span><\/strong><\/h2>\n<hr \/>\n<h2 style=\"text-align: center;\"><strong><span style=\"color: #0b540b;\">PONIEDZIA\u0141EK<\/span><\/strong><\/h2>\n<p><em><span style=\"text-decoration: underline;\"><strong><span style=\"color: #ff0000; text-decoration: underline;\">RELIGIA<\/span><\/strong><\/span><\/em><\/p>\n<p><strong><em>Temat 56 <span style=\"text-decoration: underline;\">Wakacje z Panem Jezusem.<\/span><\/em><\/strong><br \/>\n<strong><em> Cele:<\/em><\/strong><br \/>\n<em> &#8211; Poznasz, co to s\u0105 \u201ewakacje z Bogiem\u201d<\/em><br \/>\n<em> &#8211; B\u0119dziesz wyra\u017ca\u0107 rado\u015b\u0107 z powodu prze\u017cywania wakacji z Bogiem.<\/em><\/p>\n<p><strong>Zadanie:<\/strong><br \/>\nWykonaj polecenia z zeszytu \u0107wicze\u0144.<br \/>\nPrace mo\u017cna przes\u0142a\u0107 na maila: <a href=\"mailto:biedor@op.pl\">biedor@op.pl<\/a><\/p>\n<h2 style=\"text-align: center;\"><strong><span style=\"color: #0b540b;\"> WTOREK<\/span><\/strong><\/h2>\n<p><em><span style=\"text-decoration: underline;\"><strong><span style=\"color: #ff0000; text-decoration: underline;\">J\u0118ZYK ANGIELSKI<\/span><\/strong><\/span><\/em><\/p>\n<p style=\"text-align: justify;\"><strong><em>Cele lekcji:<\/em><\/strong><\/p>\n<p style=\"text-align: justify;\"><em>&#8211; powt\u00f3rzysz i utrwalisz wiadomo\u015bci z rozdzia\u0142u 8.<\/em><\/p>\n<p style=\"text-align: justify;\">Przypomnij sobie, jakich s\u0142\u00f3w uczy\u0142e\u015b\/a\u015b si\u0119 w rozdziale 8. Wykonaj \u0107wiczenia na 122 stronie \u0107wiczeni\u00f3wki. Uzupe\u0142nij s\u0142owniczek na stronie 123.<\/p>\n<p style=\"text-align: justify;\">W razie pyta\u0144 prosz\u0119 si\u0119 ze mn\u0105 kontaktowa\u0107 przez Messenger lub pisz\u0105c na e-mail: <a href=\"mailto:m.willow@wp.pl\">m.willow@wp.pl<\/a><\/p>\n<hr \/>\n<h2 style=\"text-align: center;\"><strong><span style=\"color: #0000ff;\">KLASA II<\/span><\/strong><\/h2>\n<hr \/>\n<h2 style=\"text-align: center;\"><strong><span style=\"color: #0b540b;\">PONIEDZIA\u0141EK<\/span><\/strong><\/h2>\n<p><em><span style=\"text-decoration: underline;\"><strong><span style=\"color: #ff0000; text-decoration: underline;\">J\u0118ZYK ANGIELSKI<\/span><\/strong><\/span><\/em><\/p>\n<p><strong><em>Cele lekcji:<\/em><\/strong><\/p>\n<ul>\n<li><em>poznasz nowe s\u0142owa zwi\u0105zane z uprawianiem sportu<\/em><\/li>\n<li><em>pos\u0142uchasz historyjki o dzieciach.<\/em><\/li>\n<\/ul>\n<p>Otw\u00f3rz podr\u0119cznik na stronie 96. Przepisz do zeszyty i przet\u0142umacz s\u0142\u00f3wka z ramki u g\u00f3ry strony z pomoc\u0105 s\u0142owniczka na ko\u0144cu ksi\u0105\u017cki.<\/p>\n<ul>\n<li style=\"text-align: justify;\">Pos\u0142uchaj nagrania, by nauczy\u0107 si\u0119 w\u0142a\u015bciwej wymowy wyraz\u00f3w: <a href=\"https:\/\/drive.google.com\/file\/d\/1a_2717kI1oGkpPqVKDWD-bs5Sv-6khlj\/view?usp=sharing\">https:\/\/drive.google.com\/file\/d\/1a_2717kI1oGkpPqVKDWD-bs5Sv-6khlj\/view?usp=sharing<\/a><\/li>\n<li style=\"text-align: justify;\">Pos\u0142uchaj historyjki z \u0107wiczenia 1. Nast\u0119pnie samodzielnie przeczytaj zdania z ksi\u0105\u017cki<\/li>\n<\/ul>\n<p>Nagranie:<\/p>\n<p><a href=\"https:\/\/drive.google.com\/file\/d\/1MSXgJogu6h9LO4471jl5_G3tM1g9vNw2\/view?usp=sharing\">https:\/\/drive.google.com\/file\/d\/1MSXgJogu6h9LO4471jl5_G3tM1g9vNw2\/view?usp=sharing<\/a><\/p>\n<p>T\u0142umaczenie tekstu:<\/p>\n<p><a href=\"https:\/\/drive.google.com\/file\/d\/1o8oo8tV5R2aPgWZnbDqTS8KGMxQljDej\/view?usp=sharing\">https:\/\/drive.google.com\/file\/d\/1o8oo8tV5R2aPgWZnbDqTS8KGMxQljDej\/view?usp=sharing<\/a><\/p>\n<p style=\"text-align: justify;\">W razie pyta\u0144 prosz\u0119 kontaktowa\u0107 si\u0119 przez Messenger lub pisz\u0105c na e-mail: <a href=\"mailto:m.willow@wp.pl\">m.willow@wp.pl<\/a><\/p>\n<p><em><span style=\"text-decoration: underline;\"><strong><span style=\"color: #ff0000; text-decoration: underline;\">RELIGIA<\/span><\/strong><\/span><\/em><\/p>\n<p><strong><em>Temat 50 \u2013 <span style=\"text-decoration: underline;\">Dobre serce Jezusa otwarte dla nas.<\/span><\/em><\/strong><br \/>\n<strong><em> Cele:<\/em><\/strong><br \/>\n<em> &#8211; Dowiesz si\u0119, \u017ce w czerwcu oddajemy cze\u015b\u0107 Naj\u015bwi\u0119tszemu Sercu Pana Jezusa.<\/em><br \/>\n<em> &#8211; Wyrazisz wdzi\u0119czno\u015b\u0107 Jezusowi za Jego mi\u0142o\u015b\u0107.<\/em><\/p>\n<p>Zadanie:<br \/>\nWykonaj polecenia z zeszytu \u0107wicze\u0144.<br \/>\nPrace mo\u017cna przes\u0142a\u0107 na maila: <a href=\"mailto:biedor@op.pl\">biedor@op.pl<\/a><\/p>\n<h2 style=\"text-align: center;\"><strong><span style=\"color: #0b540b;\">\u015aRODA<\/span><\/strong><\/h2>\n<p><em><span style=\"text-decoration: underline;\"><strong><span style=\"color: #ff0000; text-decoration: underline;\">RELIGIA<\/span><\/strong><\/span><\/em><\/p>\n<p><strong><em>Temat 51 \u2013 <span style=\"text-decoration: underline;\">Nasze wakacje z Bogiem.<\/span><\/em><\/strong><br \/>\n<strong><em> Cele:<\/em><\/strong><br \/>\n<em> &#8211; B\u0119dziesz wiedzia\u0142, \u017ce w czasie odpoczynku nale\u017cy chwali\u0107 Boga.<\/em><br \/>\n<em> &#8211; B\u0119dziesz ch\u0119tnie wypoczywa\u0142 z rodzin\u0105 i pami\u0119ta\u0142 w czasie wakacji o Bogu.<\/em><\/p>\n<p><strong>Zadanie:<\/strong><br \/>\nWykonaj polecenia z zeszytu \u0107wicze\u0144.<br \/>\nPrace mo\u017cna przes\u0142a\u0107 na maila: <a href=\"mailto:biedor@op.pl\">biedor@op.pl<\/a><\/p>\n<h2 style=\"text-align: center;\"><strong><span style=\"color: #0b540b;\">CZWARTEK<\/span><\/strong><\/h2>\n<p><em><span style=\"text-decoration: underline;\"><strong><span style=\"color: #ff0000; text-decoration: underline;\">J\u0118ZYK ANGIELSKI<\/span><\/strong><\/span><\/em><\/p>\n<p><strong><em>Cele lekcji:<\/em><\/strong><\/p>\n<p style=\"text-align: justify;\"><em>&#8211; powt\u00f3rzysz i utrwalisz wiadomo\u015bci z rozdzia\u0142u \u201eJak si\u0119 czujesz?\u201d.<\/em><\/p>\n<p style=\"text-align: justify;\">Przypomnij sobie, czego uczy\u0142e\u015b\/a\u015b si\u0119 w rozdziale 8. Powt\u00f3rz s\u0142ownictwo.<\/p>\n<p style=\"text-align: justify;\">Wykonaj \u0107wiczenie 1 i 2 na stronie 122 \u0107wiczeni\u00f3wki . Uzupe\u0142nij s\u0142ownik ze strony 123 \u0107wiczeni\u00f3wki, po\u0142\u0105cz wyraz z w\u0142a\u015bciwym obrazkiem, a nast\u0119pnie przyklej w\u0142a\u015bciw\u0105 naklej\u0119.<\/p>\n<p style=\"text-align: justify;\">Zdj\u0119cia wykonanych \u0107wicze\u0144 prosz\u0119 przes\u0142a\u0107 przez Messenger lub pisz\u0105c na e-mail: <a href=\"mailto:m.willow@wp.pl\">m.willow@wp.pl<\/a><\/p>\n<hr \/>\n<h2 style=\"text-align: center;\"><strong><span style=\"color: #0000ff;\">KLASA III<\/span><\/strong><\/h2>\n<hr \/>\n<h2 style=\"text-align: center;\"><strong><span style=\"color: #0b540b;\">PONIEDZIA\u0141EK<\/span><\/strong><\/h2>\n<p><em><span style=\"text-decoration: underline;\"><strong><span style=\"color: #ff0000; text-decoration: underline;\">J\u0118ZYK ANGIELSKI<\/span><\/strong><\/span><\/em><\/p>\n<p><strong><em>Cele lekcji:<\/em><\/strong><\/p>\n<ul>\n<li><em>poznasz nazwy przedmiot\u00f3w szkolnych<\/em><\/li>\n<li><em>przeczytasz historyjk\u0119 o zako\u0144czeniu roku szkolnego.<\/em><\/li>\n<\/ul>\n<p style=\"text-align: justify;\">Przeczytaj i powt\u00f3rz s\u0142\u00f3wka z ramki na stronie 92 podr\u0119cznika. Naucz si\u0119 ich.<\/p>\n<p>Pos\u0142uchaj nagrania, by pozna\u0107 w\u0142a\u015bciw\u0105 wymow\u0119:<\/p>\n<p><a href=\"https:\/\/drive.google.com\/file\/d\/14pZmwaRbK6LTBEPvoO9maO1ow4KRtt50\/view?usp=sharing\">https:\/\/drive.google.com\/file\/d\/14pZmwaRbK6LTBEPvoO9maO1ow4KRtt50\/view?usp=sharing<\/a><\/p>\n<p>Przeczytaj dialog z \u0107wiczenia 1 na stronie 84. Pos\u0142uchaj nagrania, by nauczy\u0107 si\u0119 w\u0142a\u015bciwej wymowy zda\u0144:<\/p>\n<p><a href=\"https:\/\/drive.google.com\/file\/d\/1BFfbUkC0YBb3jybtMhcACe0qtQV0rm1y\/view?usp=sharing\">https:\/\/drive.google.com\/file\/d\/1BFfbUkC0YBb3jybtMhcACe0qtQV0rm1y\/view?usp=sharing<\/a><\/p>\n<p>T\u0142umaczenie tekstu:<\/p>\n<p><a href=\"https:\/\/drive.google.com\/file\/d\/1Ob_v32P-PvuRAaQhurEk6EPBCq-IOTSA\/view?usp=sharing\"> https:\/\/drive.google.com\/file\/d\/1Ob_v32P-PvuRAaQhurEk6EPBCq-IOTSA\/view?usp=sharing<\/a><\/p>\n<p style=\"text-align: justify;\">W razie pyta\u0144 prosz\u0119 kontaktowa\u0107 si\u0119 przez Messenger lub pisz\u0105c na e-mail: <a href=\"mailto:m.willow@wp.pl\">m.willow@wp.pl<\/a><\/p>\n<h2 style=\"text-align: center;\"><strong><span style=\"color: #0b540b;\">\u015aRODA<\/span><\/strong><\/h2>\n<p><em><span style=\"text-decoration: underline;\"><strong><span style=\"color: #ff0000; text-decoration: underline;\">J\u0118ZYK ANGIELSKI<\/span><\/strong><\/span><\/em><\/p>\n<p style=\"text-align: justify;\"><strong><em>Cele lekcji:<\/em><\/strong><\/p>\n<p style=\"text-align: justify;\"><em>&#8211; nauczysz si\u0119 piosenki o przyj\u0119ciu na zako\u0144czenie roku szkolnego.<\/em><\/p>\n<p>Pos\u0142uchaj piosenki i j\u0105 za\u015bpiewaj:<\/p>\n<p><a href=\"https:\/\/drive.google.com\/file\/d\/1XcgiaiEvN1IMoHo5obKPK4anZF82s0mJ\/view?usp=sharing\">https:\/\/drive.google.com\/file\/d\/1XcgiaiEvN1IMoHo5obKPK4anZF82s0mJ\/view?usp=sharing<\/a><\/p>\n<p>Tekst i t\u0142umaczenie:<\/p>\n<p><a href=\"https:\/\/drive.google.com\/file\/d\/1n5LL_voXvPx6ceOO7OuzolcbJlzA9SPd\/view?usp=sharing\">https:\/\/drive.google.com\/file\/d\/1n5LL_voXvPx6ceOO7OuzolcbJlzA9SPd\/view?usp=sharing\u00a0\u00a0\u00a0\u00a0\u00a0\u00a0\u00a0\u00a0\u00a0\u00a0\u00a0\u00a0\u00a0\u00a0\u00a0\u00a0\u00a0\u00a0<\/a><\/p>\n<p style=\"text-align: justify;\">W razie pyta\u0144 prosz\u0119 kontaktowa\u0107 si\u0119 przez Messenger lub pisz\u0105c na e-mail: <a href=\"mailto:m.willow@wp.pl\">m.willow@wp.pl<\/a><\/p>\n<p style=\"text-align: justify;\"><em><span style=\"text-decoration: underline;\"><strong><span style=\"color: #ff0000; text-decoration: underline;\">RELIGIA<\/span><\/strong><\/span><\/em><br \/>\n<strong><em>Temat 57 \u2013 <span style=\"text-decoration: underline;\">Jezus i ja na wakacjach.<\/span><\/em><\/strong><br \/>\n<strong><em> Cele:<\/em><\/strong><br \/>\n<em> &#8211; B\u0119dziesz pami\u0119ta\u0142, aby wakacje sp\u0119dza\u0107 razem z Panem Jezusem, praktykuj\u0105c pierwsze pi\u0105tki miesi\u0105ca.<\/em><br \/>\n<em> &#8211; B\u0119dziesz przyjmowa\u0142 Komuni\u0119 \u015bw. w czasie wakacji.<\/em><\/p>\n<p style=\"text-align: justify;\"><strong>Zadanie:<\/strong><br \/>\nPrzeczytaj temat z podr\u0119cznika.<br \/>\nWykonaj polecenia z zeszytu \u0107wicze\u0144.<br \/>\nPrace mo\u017cna przes\u0142a\u0107 na maila: <a href=\"mailto:biedor@op.pl\">biedor@op.pl<\/a><\/p>\n<\/div>\n","protected":false},"excerpt":{"rendered":"<p>Kochani! Przed nami ostatni tydzie\u0144 pracy, a potem tak d\u0142ugo wyczekiwane wakacje. Na pewno cze\u015b\u0107 z Was wyjedzie, ale wiele dzieci pozostanie w domu. Pami\u0119tajcie, aby bez wzgl\u0119du na to, gdzie b\u0119dziecie wypoczywa\u0107, zadba\u0107 o bezpiecze\u0144stwo swoje i innych. Poni\u017cej &hellip; <a href=\"http:\/\/spmlodzawy.pl\/index.php\/zadania-dla-klas-i-iii-na-dni-22-26-czerwca\/\">Czytaj dalej <span class=\"meta-nav\">&rarr;<\/span><\/a><\/p>\n","protected":false},"author":1,"featured_media":0,"parent":0,"menu_order":0,"comment_status":"closed","ping_status":"closed","template":"","meta":[],"_links":{"self":[{"href":"http:\/\/spmlodzawy.pl\/index.php\/wp-json\/wp\/v2\/pages\/22862"}],"collection":[{"href":"http:\/\/spmlodzawy.pl\/index.php\/wp-json\/wp\/v2\/pages"}],"about":[{"href":"http:\/\/spmlodzawy.pl\/index.php\/wp-json\/wp\/v2\/types\/page"}],"author":[{"embeddable":true,"href":"http:\/\/spmlodzawy.pl\/index.php\/wp-json\/wp\/v2\/users\/1"}],"replies":[{"embeddable":true,"href":"http:\/\/spmlodzawy.pl\/index.php\/wp-json\/wp\/v2\/comments?post=22862"}],"version-history":[{"count":18,"href":"http:\/\/spmlodzawy.pl\/index.php\/wp-json\/wp\/v2\/pages\/22862\/revisions"}],"predecessor-version":[{"id":23180,"href":"http:\/\/spmlodzawy.pl\/index.php\/wp-json\/wp\/v2\/pages\/22862\/revisions\/23180"}],"wp:attachment":[{"href":"http:\/\/spmlodzawy.pl\/index.php\/wp-json\/wp\/v2\/media?parent=22862"}],"curies":[{"name":"wp","href":"https:\/\/api.w.org\/{rel}","templated":true}]}}