{"id":22865,"date":"2020-06-01T12:09:18","date_gmt":"2020-06-01T10:09:18","guid":{"rendered":"http:\/\/spmlodzawy.pl\/?page_id=22865"},"modified":"2020-06-20T20:44:13","modified_gmt":"2020-06-20T18:44:13","slug":"zabawy-i-zadania-zadania-na-dni-22-26-czerwca","status":"publish","type":"page","link":"http:\/\/spmlodzawy.pl\/index.php\/zabawy-i-zadania-zadania-na-dni-22-26-czerwca\/","title":{"rendered":"ZABAWY I ZADANIA ZADANIA NA DNI 22-26 czerwca"},"content":{"rendered":"<p><span style=\"text-decoration: underline;\"><strong><em><span style=\"color: #ff0000; text-decoration: underline;\">\u00a0J\u0118ZYK ANGIELSKI<\/span><\/em><\/strong><\/span><\/p>\n<p>Ju\u017c nied\u0142ugo wakacje! Pos\u0142uchaj piosenki o najgor\u0119tszej porze roku &#8211; lecie.<\/p>\n<p><iframe loading=\"lazy\" width=\"640\" height=\"360\" src=\"https:\/\/www.youtube.com\/embed\/yaLQWURCntE?feature=oembed\" frameborder=\"0\" allow=\"accelerometer; autoplay; encrypted-media; gyroscope; picture-in-picture\" allowfullscreen><\/iframe><\/p>\n<p>Pos\u0142uchaj piosenki o tym, co lubi\u0105 robi\u0107 zwierz\u0105tka latem.<\/p>\n<p><iframe loading=\"lazy\" width=\"640\" height=\"360\" src=\"https:\/\/www.youtube.com\/embed\/mVhh0oATqBI?feature=oembed\" frameborder=\"0\" allow=\"accelerometer; autoplay; encrypted-media; gyroscope; picture-in-picture\" allowfullscreen><\/iframe><\/p>\n<p>A co ty lubisz robi\u0107 w wakacje? Narysuj to na kartce z bloku.<\/p>\n<p>Na zako\u0144czenie wsp\u00f3lnej przygody z j\u0119zykiem angielskim w tym roku szkolnym \u017cegnam Was piosenk\u0105.<\/p>\n<p><iframe loading=\"lazy\" width=\"640\" height=\"360\" src=\"https:\/\/www.youtube.com\/embed\/STMl4yjPpoM?feature=oembed\" frameborder=\"0\" allow=\"accelerometer; autoplay; encrypted-media; gyroscope; picture-in-picture\" allowfullscreen><\/iframe><\/p>\n<div class=\"entry-content\">\n<p><span style=\"text-decoration: underline;\"><strong><em><span style=\"color: #ff0000; text-decoration: underline;\">RELIGIA<\/span><\/em><\/strong><\/span><\/p>\n<p>Prosz\u0119 wykona\u0107 polecenia z tematu 56.<br \/>\nMo\u017cna skorzysta\u0107 ze strony:<br \/>\n<a href=\"https:\/\/drive.google.com\/file\/d\/1xauEM2_cvVwud9sViYe0haQTcH8deu87\/view?usp=sharing\">https:\/\/drive.google.com\/file\/d\/1xauEM2_cvVwud9sViYe0haQTcH8deu87\/view?usp=sharing<\/a><\/p>\n<p>Prace mo\u017cna przes\u0142a\u0107 na maila: <a href=\"mailto:biedor@op.pl\">biedor@op.pl<\/a><\/p>\n<p><span style=\"text-decoration: underline;\"><strong><em><span style=\"color: #ff0000; text-decoration: underline;\">ZABAWY RUCHOWE<\/span><\/em><\/strong><\/span><\/p>\n<\/div>\n","protected":false},"excerpt":{"rendered":"<p>\u00a0J\u0118ZYK ANGIELSKI Ju\u017c nied\u0142ugo wakacje! Pos\u0142uchaj piosenki o najgor\u0119tszej porze roku &#8211; lecie. Pos\u0142uchaj piosenki o tym, co lubi\u0105 robi\u0107 zwierz\u0105tka latem. A co ty lubisz robi\u0107 w wakacje? Narysuj to na kartce z bloku. Na zako\u0144czenie wsp\u00f3lnej przygody z &hellip; <a href=\"http:\/\/spmlodzawy.pl\/index.php\/zabawy-i-zadania-zadania-na-dni-22-26-czerwca\/\">Czytaj dalej <span class=\"meta-nav\">&rarr;<\/span><\/a><\/p>\n","protected":false},"author":1,"featured_media":0,"parent":0,"menu_order":0,"comment_status":"closed","ping_status":"closed","template":"","meta":[],"_links":{"self":[{"href":"http:\/\/spmlodzawy.pl\/index.php\/wp-json\/wp\/v2\/pages\/22865"}],"collection":[{"href":"http:\/\/spmlodzawy.pl\/index.php\/wp-json\/wp\/v2\/pages"}],"about":[{"href":"http:\/\/spmlodzawy.pl\/index.php\/wp-json\/wp\/v2\/types\/page"}],"author":[{"embeddable":true,"href":"http:\/\/spmlodzawy.pl\/index.php\/wp-json\/wp\/v2\/users\/1"}],"replies":[{"embeddable":true,"href":"http:\/\/spmlodzawy.pl\/index.php\/wp-json\/wp\/v2\/comments?post=22865"}],"version-history":[{"count":6,"href":"http:\/\/spmlodzawy.pl\/index.php\/wp-json\/wp\/v2\/pages\/22865\/revisions"}],"predecessor-version":[{"id":23187,"href":"http:\/\/spmlodzawy.pl\/index.php\/wp-json\/wp\/v2\/pages\/22865\/revisions\/23187"}],"wp:attachment":[{"href":"http:\/\/spmlodzawy.pl\/index.php\/wp-json\/wp\/v2\/media?parent=22865"}],"curies":[{"name":"wp","href":"https:\/\/api.w.org\/{rel}","templated":true}]}}