{"id":23367,"date":"2020-09-01T12:01:27","date_gmt":"2020-09-01T10:01:27","guid":{"rendered":"http:\/\/spmlodzawy.pl\/?page_id=23367"},"modified":"2021-05-13T14:55:48","modified_gmt":"2021-05-13T12:55:48","slug":"civid-19","status":"publish","type":"page","link":"http:\/\/spmlodzawy.pl\/index.php\/civid-19\/","title":{"rendered":"COVID-19"},"content":{"rendered":"<p style=\"text-align: justify;\"><a href=\"http:\/\/spmlodzawy.pl\/wp-content\/uploads\/2021\/05\/Regulamin-funkcjonowania-Szko\u0142y-Podstawowej-w-M\u0142odzawach-w-okrsie-pandemii-COVID-19_Aktualizacja_17_05..pdf\"><span style=\"color: #000000;\"><strong>Regulamin funkcjonowania SP w M\u0142odzawach w okresie pandemii COVID-19<\/strong><\/span><\/a><\/p>\n<p style=\"text-align: justify;\"><a href=\"http:\/\/spmlodzawy.pl\/wp-content\/uploads\/2021\/04\/Procedury-organizacji-opieki-w-Przedszkolu_2.pdf\"><span style=\"color: #000000;\"><strong>PROCEDURA <\/strong><strong>organizacji opieki w Przedszkolu w M\u0142odzawach od dnia 14 .09. 2020 r. do odwo\u0142ania<\/strong><\/span><\/a><\/p>\n<p style=\"text-align: justify;\"><a href=\"http:\/\/spmlodzawy.pl\/wp-content\/uploads\/2020\/09\/Zasady-przyprowadzania-i-odbierania-dzieci_przedszkole.docx.pdf\"><span style=\"color: #000000;\"><strong>Zasady przyprowadzania i odbierania dzieci <\/strong><strong>DO i Z PRZEDSZKOLA W M\u0141ODZAWACH <\/strong><strong>podczas trwania pandemii COVID- 19<\/strong><\/span><\/a><\/p>\n","protected":false},"excerpt":{"rendered":"<p>Regulamin funkcjonowania SP w M\u0142odzawach w okresie pandemii COVID-19 PROCEDURA organizacji opieki w Przedszkolu w M\u0142odzawach od dnia 14 .09. 2020 r. do odwo\u0142ania Zasady przyprowadzania i odbierania dzieci DO i Z PRZEDSZKOLA W M\u0141ODZAWACH podczas trwania pandemii COVID- 19<\/p>\n","protected":false},"author":1,"featured_media":0,"parent":0,"menu_order":0,"comment_status":"closed","ping_status":"closed","template":"","meta":[],"_links":{"self":[{"href":"http:\/\/spmlodzawy.pl\/index.php\/wp-json\/wp\/v2\/pages\/23367"}],"collection":[{"href":"http:\/\/spmlodzawy.pl\/index.php\/wp-json\/wp\/v2\/pages"}],"about":[{"href":"http:\/\/spmlodzawy.pl\/index.php\/wp-json\/wp\/v2\/types\/page"}],"author":[{"embeddable":true,"href":"http:\/\/spmlodzawy.pl\/index.php\/wp-json\/wp\/v2\/users\/1"}],"replies":[{"embeddable":true,"href":"http:\/\/spmlodzawy.pl\/index.php\/wp-json\/wp\/v2\/comments?post=23367"}],"version-history":[{"count":10,"href":"http:\/\/spmlodzawy.pl\/index.php\/wp-json\/wp\/v2\/pages\/23367\/revisions"}],"predecessor-version":[{"id":27016,"href":"http:\/\/spmlodzawy.pl\/index.php\/wp-json\/wp\/v2\/pages\/23367\/revisions\/27016"}],"wp:attachment":[{"href":"http:\/\/spmlodzawy.pl\/index.php\/wp-json\/wp\/v2\/media?parent=23367"}],"curies":[{"name":"wp","href":"https:\/\/api.w.org\/{rel}","templated":true}]}}