{"id":23819,"date":"2020-09-27T11:22:15","date_gmt":"2020-09-27T09:22:15","guid":{"rendered":"http:\/\/spmlodzawy.pl\/?page_id=23819"},"modified":"2022-11-21T18:34:39","modified_gmt":"2022-11-21T17:34:39","slug":"uczymy-dzieci-programowac-4","status":"publish","type":"page","link":"http:\/\/spmlodzawy.pl\/index.php\/uczymy-dzieci-programowac-4\/","title":{"rendered":"UCZYMY DZIECI PROGRAMOWA\u0106"},"content":{"rendered":"<p style=\"text-align: justify;\"><img decoding=\"async\" loading=\"lazy\" class=\"wp-image-39865 alignleft\" src=\"http:\/\/spmlodzawy.pl\/wp-content\/uploads\/2022\/11\/logotyp-program-uczymy-dzieci-programowac-tile-640x427-1-640x427-1-300x200.jpg\" alt=\"\" width=\"156\" height=\"104\" \/>Og\u00f3lnopolski program edukacyjny <em><strong>,,Uczymy Dzieci Programowa\u0107\u201d<\/strong><\/em> to inicjatywa maj\u0105ca na celu propagowanie nauki programowania w\u015br\u00f3d dzieci. Logiczne, algorytmiczne my\u015blenie, zadaniowe podej\u015bcie do stawianych problem\u00f3w, szukanie r\u00f3\u017cnych rozwi\u0105za\u0144, analizowanie ich i wybieranie tych najbardziej optymalnych to umiej\u0119tno\u015bci, kt\u00f3re warto kszta\u0142ci\u0107 ju\u017c od najm\u0142odszych lat. Ich uniwersalno\u015b\u0107 sprawia, \u017ce przydadz\u0105 si\u0119 naszym dzieciom na ka\u017cdym etapie ich \u017cycia.<\/p>\n<p style=\"text-align: justify;\">Chcemy pokaza\u0107, \u017ce programowania mo\u017cna uczy\u0107 odpowiedzialnie, wplataj\u0105c je do codziennych aktywno\u015bci dydaktycznych, niezale\u017cnie od realizowanych aktualnie tre\u015bci.<\/p>\n<p style=\"text-align: justify;\"><strong>Adresatami programu s\u0105 <\/strong>nauczyciele i ich podopieczni w przedszkolach, szko\u0142ach i innych plac\u00f3wkach o charakterze edukacyjnym oraz rodzice. W naszej szkole po raz kolejny do programu przyst\u0105pi\u0105 uczniowie klas I-III.<\/p>\n<p style=\"text-align: justify;\"><strong>Celem projektu jest <\/strong>\u015bwiadome, merytoryczne i metodyczne wprowadzanie element\u00f3w programowania i robotyki do zaj\u0119\u0107 dydaktycznych na r\u00f3\u017cnych etapach edukacji (edukacja przedszkolna, edukacja wczesnoszkolna, szko\u0142a podstawowa dla klas 4-8).<\/p>\n","protected":false},"excerpt":{"rendered":"<p>Og\u00f3lnopolski program edukacyjny ,,Uczymy Dzieci Programowa\u0107\u201d to inicjatywa maj\u0105ca na celu propagowanie nauki programowania w\u015br\u00f3d dzieci. Logiczne, algorytmiczne my\u015blenie, zadaniowe podej\u015bcie do stawianych problem\u00f3w, szukanie r\u00f3\u017cnych rozwi\u0105za\u0144, analizowanie ich i wybieranie tych najbardziej optymalnych to umiej\u0119tno\u015bci, kt\u00f3re warto kszta\u0142ci\u0107 ju\u017c &hellip; <a href=\"http:\/\/spmlodzawy.pl\/index.php\/uczymy-dzieci-programowac-4\/\">Czytaj dalej <span class=\"meta-nav\">&rarr;<\/span><\/a><\/p>\n","protected":false},"author":1,"featured_media":0,"parent":0,"menu_order":0,"comment_status":"closed","ping_status":"closed","template":"","meta":[],"_links":{"self":[{"href":"http:\/\/spmlodzawy.pl\/index.php\/wp-json\/wp\/v2\/pages\/23819"}],"collection":[{"href":"http:\/\/spmlodzawy.pl\/index.php\/wp-json\/wp\/v2\/pages"}],"about":[{"href":"http:\/\/spmlodzawy.pl\/index.php\/wp-json\/wp\/v2\/types\/page"}],"author":[{"embeddable":true,"href":"http:\/\/spmlodzawy.pl\/index.php\/wp-json\/wp\/v2\/users\/1"}],"replies":[{"embeddable":true,"href":"http:\/\/spmlodzawy.pl\/index.php\/wp-json\/wp\/v2\/comments?post=23819"}],"version-history":[{"count":4,"href":"http:\/\/spmlodzawy.pl\/index.php\/wp-json\/wp\/v2\/pages\/23819\/revisions"}],"predecessor-version":[{"id":40240,"href":"http:\/\/spmlodzawy.pl\/index.php\/wp-json\/wp\/v2\/pages\/23819\/revisions\/40240"}],"wp:attachment":[{"href":"http:\/\/spmlodzawy.pl\/index.php\/wp-json\/wp\/v2\/media?parent=23819"}],"curies":[{"name":"wp","href":"https:\/\/api.w.org\/{rel}","templated":true}]}}