{"id":24068,"date":"2020-10-01T17:03:13","date_gmt":"2020-10-01T15:03:13","guid":{"rendered":"http:\/\/spmlodzawy.pl\/?page_id=24068"},"modified":"2020-10-02T01:53:23","modified_gmt":"2020-10-01T23:53:23","slug":"superkoderzy-3","status":"publish","type":"page","link":"http:\/\/spmlodzawy.pl\/index.php\/superkoderzy-3\/","title":{"rendered":"#SUPERKODERZY"},"content":{"rendered":"<p style=\"text-align: justify;\"><em><strong><img decoding=\"async\" loading=\"lazy\" class=\" wp-image-23122 alignleft\" src=\"http:\/\/spmlodzawy.pl\/wp-content\/uploads\/2020\/06\/FO_post_FB_4-300x300.png\" sizes=\"(max-width: 126px) 100vw, 126px\" srcset=\"http:\/\/spmlodzawy.pl\/wp-content\/uploads\/2020\/06\/FO_post_FB_4-300x300.png 300w, http:\/\/spmlodzawy.pl\/wp-content\/uploads\/2020\/06\/FO_post_FB_4-150x150.png 150w, http:\/\/spmlodzawy.pl\/wp-content\/uploads\/2020\/06\/FO_post_FB_4-768x768.png 768w, http:\/\/spmlodzawy.pl\/wp-content\/uploads\/2020\/06\/FO_post_FB_4-1024x1024.png 1024w, http:\/\/spmlodzawy.pl\/wp-content\/uploads\/2020\/06\/FO_post_FB_4.png 1080w\" alt=\"\" width=\"155\" height=\"155\" \/>#SuperKoderzy to og\u00f3lnopolski program edukacyjny Fundacji Orange, <\/strong><\/em>kt\u00f3rego kluczowym elementem jest nauka programowania. Adresowany jest do szk\u00f3\u0142 podstawowych oraz uczni\u00f3w w wieku 9\u201314 lat. W czasie trwania programu dzieci ucz\u0105 si\u0119 programowania, podstaw robotyki i poznaj\u0105 \u015bwiat nowych technologii nie tylko na informatyce, ale r\u00f3wnie\u017c na lekcjach przyrody, historii, j\u0119zyka polskiego czy muzyki.<\/p>\n<p style=\"text-align: justify;\">Szko\u0142y uczestnicz\u0105ce w #SuperKoderach maj\u0105 do wyboru jedn\u0105 z dwunastu \u015bcie\u017cek tematycznych, z kt\u00f3rych ka\u017cda zawiera materia\u0142y dydaktyczne na co najmniej dwana\u015bcie lekcji przygotowanych zgodnie z podstaw\u0105 programow\u0105. Podczas spotka\u0144 przyszli #SuperKoderzy ucz\u0105 si\u0119 programowania w praktyce i pog\u0142\u0119biaj\u0105 wiedz\u0119 z danego przedmiotu. Rozwijaj\u0105 te\u017c kreatywno\u015b\u0107, umiej\u0119tno\u015b\u0107 logicznego my\u015blenia i pracy w zespole. By\u0107 mo\u017ce w m\u0142odych programistach rozbudz\u0105 si\u0119 przysz\u0142e zainteresowania zawodowe. Programista to przecie\u017c zaw\u00f3d przysz\u0142o\u015bci!<\/p>\n<p style=\"text-align: justify;\"><em><strong>W roku szkolnym 2020\/2021 nasza szko\u0142a przyst\u0119puje do projektu po raz trzeci.\u00a0 SuperKoderzy zapoznaj\u0105 si\u0119 ze \u015bcie\u017ck\u0105 &#8222;Dziennikarze Przysz\u0142o\u015bci&#8221;.<\/strong><\/em><\/p>\n","protected":false},"excerpt":{"rendered":"<p>#SuperKoderzy to og\u00f3lnopolski program edukacyjny Fundacji Orange, kt\u00f3rego kluczowym elementem jest nauka programowania. Adresowany jest do szk\u00f3\u0142 podstawowych oraz uczni\u00f3w w wieku 9\u201314 lat. W czasie trwania programu dzieci ucz\u0105 si\u0119 programowania, podstaw robotyki i poznaj\u0105 \u015bwiat nowych technologii nie &hellip; <a href=\"http:\/\/spmlodzawy.pl\/index.php\/superkoderzy-3\/\">Czytaj dalej <span class=\"meta-nav\">&rarr;<\/span><\/a><\/p>\n","protected":false},"author":1,"featured_media":0,"parent":0,"menu_order":0,"comment_status":"closed","ping_status":"closed","template":"","meta":[],"_links":{"self":[{"href":"http:\/\/spmlodzawy.pl\/index.php\/wp-json\/wp\/v2\/pages\/24068"}],"collection":[{"href":"http:\/\/spmlodzawy.pl\/index.php\/wp-json\/wp\/v2\/pages"}],"about":[{"href":"http:\/\/spmlodzawy.pl\/index.php\/wp-json\/wp\/v2\/types\/page"}],"author":[{"embeddable":true,"href":"http:\/\/spmlodzawy.pl\/index.php\/wp-json\/wp\/v2\/users\/1"}],"replies":[{"embeddable":true,"href":"http:\/\/spmlodzawy.pl\/index.php\/wp-json\/wp\/v2\/comments?post=24068"}],"version-history":[{"count":4,"href":"http:\/\/spmlodzawy.pl\/index.php\/wp-json\/wp\/v2\/pages\/24068\/revisions"}],"predecessor-version":[{"id":24095,"href":"http:\/\/spmlodzawy.pl\/index.php\/wp-json\/wp\/v2\/pages\/24068\/revisions\/24095"}],"wp:attachment":[{"href":"http:\/\/spmlodzawy.pl\/index.php\/wp-json\/wp\/v2\/media?parent=24068"}],"curies":[{"name":"wp","href":"https:\/\/api.w.org\/{rel}","templated":true}]}}