{"id":2578,"date":"2018-01-14T00:03:53","date_gmt":"2018-01-13T23:03:53","guid":{"rendered":"http:\/\/spmlodzawy.pl\/?page_id=2578"},"modified":"2018-07-13T19:34:18","modified_gmt":"2018-07-13T17:34:18","slug":"od-grosika-do-zlotowki","status":"publish","type":"page","link":"http:\/\/spmlodzawy.pl\/index.php\/od-grosika-do-zlotowki\/","title":{"rendered":"Od grosika do z\u0142ot\u00f3wki"},"content":{"rendered":"<p style=\"text-align: center;\">[swf:http:\/\/spmlodzawy.pl\/wp-content\/uploads\/2018\/01\/baner3.swf 240 147]<\/p>\n<p style=\"text-align: justify;\"><em><span style=\"color: #000000;\">\u00a0\u00a0\u00a0 <img decoding=\"async\" loading=\"lazy\" class=\"wp-image-2579 alignleft\" src=\"http:\/\/spmlodzawy.pl\/wp-content\/uploads\/2018\/01\/logo.gif\" alt=\"\" width=\"322\" height=\"149\" \/><\/span><\/em><span style=\"color: #000000;\">W latach 2017\/2018 i 2018\/2019 w naszej szkole po raz pierwszy realizujemy program<em><strong>\u00a0 &#8222;Od grosika do z\u0142ot\u00f3wki&#8221;<\/strong><\/em>. Bior\u0105 w nim udzia\u0142 uczniowie<strong> <em>klasy II (kontynuacja w klasie III) <\/em><\/strong>pod kierunkiem wychowawczyni p. Moniki Cugowskiej. Jest to partnerski projekt edukacyjny <strong>Fundacji <span style=\"color: #000000;\">M\u0142odzie\u017cowej Przedsi\u0119biorczo\u015bci oraz Fundacji Warszawski Instytut Bankowo\u015bci i Union Investment TFI<\/span><\/strong>, realizowany we wsp\u00f3\u0142pracy z <strong>LSCDN.<\/strong><\/span><\/p>\n<p style=\"text-align: justify;\"><span style=\"color: #000000;\"><strong><em>Wszystkie dzia\u0142ania podejmowane w ramach realizacji projektu b\u0119d\u0105 systematycznie i na bie\u017c\u0105co opisywane na naszej stronie.<\/em><br \/>\n<\/strong><\/span><\/p>\n<p style=\"text-align: justify;\"><span style=\"color: #000000;\">Tematyka projektu koncentruje si\u0119 wok\u00f3\u0142 podstawowych poj\u0119\u0107\u00a0dotycz\u0105cych finans\u00f3w i przedsi\u0119biorczo\u015bci (pieni\u0105dze, zarabianie, racjonalne wydawanie pieni\u0119dzy, oszcz\u0119dzanie, inwestowanie). Dotyczy tak\u017ce szeroko poj\u0119tego bezpiecze\u0144stwa, trafnego przewidywania\u00a0i sposob\u00f3w unikania r\u00f3\u017cnych ryzyk.<\/span><\/p>\n<p style=\"text-align: justify;\"><span style=\"color: #000000;\">G\u0142\u00f3wne cele programu:<\/span><\/p>\n<ul>\n<li style=\"text-align: justify;\"><span style=\"color: #000000;\">nabycie przez dzieci umiej\u0119tno\u015bci gospodarowania pieni\u0119dzmi, ustalania priorytet\u00f3w przy ich wydawaniu lub oszcz\u0119dzaniu,nabycie przez uczni\u00f3w wiedzy o finansowych aspektach niebezpiecznych zdarze\u0144 ze szczeg\u00f3lnym uwzgl\u0119dnieniem ryzyka i bezpiecznych zachowa\u0144.<\/span><\/li>\n<li style=\"text-align: justify;\"><span style=\"color: #000000;\">Propozycje zawarte w programie stanowi\u0105 unikaln\u0105 na polskim rynku edukacyjnym ofert\u0119 wzbogacaj\u0105c\u0105 do\u015bwiadczenia dzieci o wiedz\u0119 i umiej\u0119tno\u015bci z zakresu bezpiecze\u0144stwa a tak\u017ce przydatne we wsp\u00f3\u0142czesnym \u015bwiecie jako pocz\u0105tek edukacji najm\u0142odszych.<\/span><\/li>\n<\/ul>\n<p style=\"text-align: justify;\"><span style=\"color: #000000;\"><strong>Rola nauczyciela<\/strong><\/span><\/p>\n<p style=\"text-align: justify;\"><span style=\"color: #000000;\">Program wdra\u017cany jest podczas obowi\u0105zkowych zaj\u0119\u0107 szkolnych. Poniewa\u017c w zaj\u0119ciach edukacyjnych klas drugich i trzecich szko\u0142y podstawowej nie ma wyodr\u0119bnionych przedmiot\u00f3w nauczania, nauczyciel dostosowuje czas zaj\u0119\u0107 do aktywno\u015bci uczni\u00f3w.<\/span><\/p>\n<p style=\"text-align: justify;\"><span style=\"color: #000000;\">Dob\u00f3r tematyki, na podstawie kt\u00f3rej nauczyciel realizuje zadania w du\u017cym stopniu jest pozostawiony do jego dyspozycji. Bloki tematyczne pozwalaj\u0105 nauczycielowi na w\u0142\u0105czenie ich w cykl kszta\u0142cenia zintegrowanego. Nauczyciel mo\u017ce kontynuowa\u0107 realizacj\u0119 programu z ca\u0142\u0105 klas\u0105 na zaj\u0119ciach dodatkowych.<\/span><\/p>\n<p style=\"text-align: justify;\"><span style=\"color: #000000;\">Istotnym elementem edukacji finansowej jest wsp\u00f3\u0142praca z rodzicami. Zaj\u0119cia dydaktyczne anga\u017cuj\u0105 bowiem tak\u017ce rodzic\u00f3w. Nauczyciel przygotowuje ich do pracy z uczniami podczas spotkania, w ramach kt\u00f3rego wprowadzaj\u0105 w tematyk\u0119 zaj\u0119\u0107. Rodzice znaj\u0105c za\u0142o\u017cenia i przebieg projektu, pe\u0142ni\u0105 funkcj\u0119 konsultant\u00f3w oraz aktywnie w\u0142\u0105czaj\u0105 si\u0119 na ka\u017cdym etapie projektu w prac\u0119 swoich dzieci. Mog\u0105 to uczyni\u0107 np. poprzez wykonywanie wsp\u00f3lnie z nimi zada\u0144 domowych, polegaj\u0105cych w cz\u0119\u015bci\u00a0na rozmowie na temat realizowanych w danym dniu tre\u015bci, czy wype\u0142nianie Karty oszcz\u0119dzania.<\/span><\/p>\n","protected":false},"excerpt":{"rendered":"<p>[swf:http:\/\/spmlodzawy.pl\/wp-content\/uploads\/2018\/01\/baner3.swf 240 147] \u00a0\u00a0\u00a0 W latach 2017\/2018 i 2018\/2019 w naszej szkole po raz pierwszy realizujemy program\u00a0 &#8222;Od grosika do z\u0142ot\u00f3wki&#8221;. Bior\u0105 w nim udzia\u0142 uczniowie klasy II (kontynuacja w klasie III) pod kierunkiem wychowawczyni p. Moniki Cugowskiej. Jest to &hellip; <a href=\"http:\/\/spmlodzawy.pl\/index.php\/od-grosika-do-zlotowki\/\">Czytaj dalej <span class=\"meta-nav\">&rarr;<\/span><\/a><\/p>\n","protected":false},"author":1,"featured_media":0,"parent":0,"menu_order":0,"comment_status":"closed","ping_status":"closed","template":"","meta":[],"_links":{"self":[{"href":"http:\/\/spmlodzawy.pl\/index.php\/wp-json\/wp\/v2\/pages\/2578"}],"collection":[{"href":"http:\/\/spmlodzawy.pl\/index.php\/wp-json\/wp\/v2\/pages"}],"about":[{"href":"http:\/\/spmlodzawy.pl\/index.php\/wp-json\/wp\/v2\/types\/page"}],"author":[{"embeddable":true,"href":"http:\/\/spmlodzawy.pl\/index.php\/wp-json\/wp\/v2\/users\/1"}],"replies":[{"embeddable":true,"href":"http:\/\/spmlodzawy.pl\/index.php\/wp-json\/wp\/v2\/comments?post=2578"}],"version-history":[{"count":23,"href":"http:\/\/spmlodzawy.pl\/index.php\/wp-json\/wp\/v2\/pages\/2578\/revisions"}],"predecessor-version":[{"id":5660,"href":"http:\/\/spmlodzawy.pl\/index.php\/wp-json\/wp\/v2\/pages\/2578\/revisions\/5660"}],"wp:attachment":[{"href":"http:\/\/spmlodzawy.pl\/index.php\/wp-json\/wp\/v2\/media?parent=2578"}],"curies":[{"name":"wp","href":"https:\/\/api.w.org\/{rel}","templated":true}]}}