{"id":30124,"date":"2021-10-07T06:32:56","date_gmt":"2021-10-07T04:32:56","guid":{"rendered":"http:\/\/spmlodzawy.pl\/?page_id=30124"},"modified":"2021-10-07T06:34:53","modified_gmt":"2021-10-07T04:34:53","slug":"projekt-mfundacji-otoczeni-matematyka","status":"publish","type":"page","link":"http:\/\/spmlodzawy.pl\/index.php\/projekt-mfundacji-otoczeni-matematyka\/","title":{"rendered":"Projekt mFundacji &#8222;OTOCZENI MATEMATYK\u0104&#8221;"},"content":{"rendered":"<p style=\"text-align: justify;\"><img decoding=\"async\" loading=\"lazy\" class=\"alignnone size-medium wp-image-29075 alignleft\" src=\"http:\/\/spmlodzawy.pl\/wp-content\/uploads\/2021\/06\/mBank_logo_fundacja_RGB-300x86.jpg\" sizes=\"(max-width: 300px) 100vw, 300px\" srcset=\"http:\/\/spmlodzawy.pl\/wp-content\/uploads\/2021\/06\/mBank_logo_fundacja_RGB-300x86.jpg 300w, http:\/\/spmlodzawy.pl\/wp-content\/uploads\/2021\/06\/mBank_logo_fundacja_RGB-768x219.jpg 768w, http:\/\/spmlodzawy.pl\/wp-content\/uploads\/2021\/06\/mBank_logo_fundacja_RGB-1024x292.jpg 1024w\" alt=\"\" width=\"300\" height=\"86\" \/><strong><em>Projekt matematyczny<\/em><em> \u201eOTOCZENI MATEMATYK\u0104\u201d, VIII edycji programu mPot\u0119ga, dofinansowany przez mBank.<\/em><\/strong><\/p>\n<p style=\"text-align: justify;\">W ramach projektu b\u0119d\u0105 organizowane warsztaty matematyczne, a w nich spotkanie z dietetykiem, przygotowywanie pizzy, wykonywanie zdj\u0119\u0107, filmik\u00f3w pokazuj\u0105cych obecno\u015b\u0107 matematyki w \u017cyciu codziennym. Zorganizowane zostan\u0105 r\u00f3wnie\u017c podchody matematyczne oraz gra terenowa z nagrodami.<\/p>\n<p style=\"text-align: justify;\">Nie zabranie tak\u017ce wieczornego spotkania z matematyk\u0105, podczas kt\u00f3rego uczniowie przygotuj\u0105 posi\u0142ek z wcze\u015bniej wyliczonych, zakupionych i przygotowanych produkt\u00f3w oraz wezm\u0105 udzia\u0142 w grach matematycznych.<\/p>\n<p style=\"text-align: justify;\">Efekty naszej pracy czyli kola\u017ce zdj\u0119\u0107 i film, zostan\u0105 przedstawione podczas fina\u0142u. W niekt\u00f3rych zadaniach uczniom towarzyszy\u0107 b\u0119d\u0105 ich rodzice.<\/p>\n","protected":false},"excerpt":{"rendered":"<p>Projekt matematyczny \u201eOTOCZENI MATEMATYK\u0104\u201d, VIII edycji programu mPot\u0119ga, dofinansowany przez mBank. W ramach projektu b\u0119d\u0105 organizowane warsztaty matematyczne, a w nich spotkanie z dietetykiem, przygotowywanie pizzy, wykonywanie zdj\u0119\u0107, filmik\u00f3w pokazuj\u0105cych obecno\u015b\u0107 matematyki w \u017cyciu codziennym. Zorganizowane zostan\u0105 r\u00f3wnie\u017c podchody matematyczne &hellip; <a href=\"http:\/\/spmlodzawy.pl\/index.php\/projekt-mfundacji-otoczeni-matematyka\/\">Czytaj dalej <span class=\"meta-nav\">&rarr;<\/span><\/a><\/p>\n","protected":false},"author":1,"featured_media":0,"parent":0,"menu_order":0,"comment_status":"closed","ping_status":"closed","template":"","meta":[],"_links":{"self":[{"href":"http:\/\/spmlodzawy.pl\/index.php\/wp-json\/wp\/v2\/pages\/30124"}],"collection":[{"href":"http:\/\/spmlodzawy.pl\/index.php\/wp-json\/wp\/v2\/pages"}],"about":[{"href":"http:\/\/spmlodzawy.pl\/index.php\/wp-json\/wp\/v2\/types\/page"}],"author":[{"embeddable":true,"href":"http:\/\/spmlodzawy.pl\/index.php\/wp-json\/wp\/v2\/users\/1"}],"replies":[{"embeddable":true,"href":"http:\/\/spmlodzawy.pl\/index.php\/wp-json\/wp\/v2\/comments?post=30124"}],"version-history":[{"count":4,"href":"http:\/\/spmlodzawy.pl\/index.php\/wp-json\/wp\/v2\/pages\/30124\/revisions"}],"predecessor-version":[{"id":30130,"href":"http:\/\/spmlodzawy.pl\/index.php\/wp-json\/wp\/v2\/pages\/30124\/revisions\/30130"}],"wp:attachment":[{"href":"http:\/\/spmlodzawy.pl\/index.php\/wp-json\/wp\/v2\/media?parent=30124"}],"curies":[{"name":"wp","href":"https:\/\/api.w.org\/{rel}","templated":true}]}}