{"id":31309,"date":"2021-11-11T17:02:27","date_gmt":"2021-11-11T16:02:27","guid":{"rendered":"http:\/\/spmlodzawy.pl\/?page_id=31309"},"modified":"2021-11-11T17:04:12","modified_gmt":"2021-11-11T16:04:12","slug":"swieto-niepodleglosci-w-przedszkolu","status":"publish","type":"page","link":"http:\/\/spmlodzawy.pl\/index.php\/swieto-niepodleglosci-w-przedszkolu\/","title":{"rendered":"\u015awi\u0119to niepodleg\u0142o\u015bci w przedszkolu"},"content":{"rendered":"Gallery with ID 981 doesn't exist.\n","protected":false},"excerpt":{"rendered":"","protected":false},"author":1,"featured_media":0,"parent":0,"menu_order":0,"comment_status":"closed","ping_status":"closed","template":"","meta":[],"_links":{"self":[{"href":"http:\/\/spmlodzawy.pl\/index.php\/wp-json\/wp\/v2\/pages\/31309"}],"collection":[{"href":"http:\/\/spmlodzawy.pl\/index.php\/wp-json\/wp\/v2\/pages"}],"about":[{"href":"http:\/\/spmlodzawy.pl\/index.php\/wp-json\/wp\/v2\/types\/page"}],"author":[{"embeddable":true,"href":"http:\/\/spmlodzawy.pl\/index.php\/wp-json\/wp\/v2\/users\/1"}],"replies":[{"embeddable":true,"href":"http:\/\/spmlodzawy.pl\/index.php\/wp-json\/wp\/v2\/comments?post=31309"}],"version-history":[{"count":1,"href":"http:\/\/spmlodzawy.pl\/index.php\/wp-json\/wp\/v2\/pages\/31309\/revisions"}],"predecessor-version":[{"id":31310,"href":"http:\/\/spmlodzawy.pl\/index.php\/wp-json\/wp\/v2\/pages\/31309\/revisions\/31310"}],"wp:attachment":[{"href":"http:\/\/spmlodzawy.pl\/index.php\/wp-json\/wp\/v2\/media?parent=31309"}],"curies":[{"name":"wp","href":"https:\/\/api.w.org\/{rel}","templated":true}]}}