{"id":32831,"date":"2022-01-18T19:37:16","date_gmt":"2022-01-18T18:37:16","guid":{"rendered":"http:\/\/spmlodzawy.pl\/?page_id=32831"},"modified":"2022-03-22T19:28:14","modified_gmt":"2022-03-22T18:28:14","slug":"projekt-pzu-z-kultura-wsrod-slawnych-polakow","status":"publish","type":"page","link":"http:\/\/spmlodzawy.pl\/index.php\/projekt-pzu-z-kultura-wsrod-slawnych-polakow\/","title":{"rendered":"Projekt Fundacji PZU \u201eZ KULTUR\u0104 W\u015aR\u00d3D S\u0141AWNYCH POLAK\u00d3W\u201d"},"content":{"rendered":"<p style=\"text-align: justify;\"><img decoding=\"async\" loading=\"lazy\" class=\"wp-image-34399 alignleft\" src=\"http:\/\/spmlodzawy.pl\/wp-content\/uploads\/2018\/10\/p_293_52354_1.jpg\" alt=\"\" width=\"220\" height=\"118\" \/>W roku szkolnym 2021\/2022 b\u0119dziemy\u00a0 realizowa\u0107 projekt w ramach konkursu dotacyjnego <em><strong>PZU z Kultur\u0105\u00a0 przy wsp\u00f3\u0142pracy i dofinansowaniu z Fundacji PZU.<\/strong><\/em><\/p>\n<p style=\"text-align: justify;\">G\u0142\u00f3wnym celem projektu pt. \u201eZ KULTUR\u0104 W\u015aR\u00d3D S\u0141AWNYCH POLAK\u00d3W\u201d jest zainteresowanie dzieci i m\u0142odzie\u017cy szeroko rozumian\u0105 kultur\u0105. Harmonogram projektu przedstawiamy poni\u017cej. Pami\u0119tajmy jednak, \u017ce jeste\u015bmy obecnie w trudnej sytuacji epidemiologicznej, zatem realizacja poszczeg\u00f3lnych dzia\u0142a\u0144 mo\u017ce ulec zmianie ?<\/p>\n<p style=\"text-align: center;\"><em><strong><a href=\"http:\/\/spmlodzawy.pl\/wp-content\/uploads\/2021\/10\/PLAKAT_Z-KULTUR%C4%84-W%C5%9AR%C3%93D-S%C5%81AWNYCH-POLAK%C3%93W.pdf\">HARMONOGRAM PROJEKTU<\/a><\/strong><\/em><\/p>\n","protected":false},"excerpt":{"rendered":"<p>W roku szkolnym 2021\/2022 b\u0119dziemy\u00a0 realizowa\u0107 projekt w ramach konkursu dotacyjnego PZU z Kultur\u0105\u00a0 przy wsp\u00f3\u0142pracy i dofinansowaniu z Fundacji PZU. G\u0142\u00f3wnym celem projektu pt. \u201eZ KULTUR\u0104 W\u015aR\u00d3D S\u0141AWNYCH POLAK\u00d3W\u201d jest zainteresowanie dzieci i m\u0142odzie\u017cy szeroko rozumian\u0105 kultur\u0105. Harmonogram projektu &hellip; <a href=\"http:\/\/spmlodzawy.pl\/index.php\/projekt-pzu-z-kultura-wsrod-slawnych-polakow\/\">Czytaj dalej <span class=\"meta-nav\">&rarr;<\/span><\/a><\/p>\n","protected":false},"author":1,"featured_media":0,"parent":0,"menu_order":0,"comment_status":"closed","ping_status":"closed","template":"","meta":[],"_links":{"self":[{"href":"http:\/\/spmlodzawy.pl\/index.php\/wp-json\/wp\/v2\/pages\/32831"}],"collection":[{"href":"http:\/\/spmlodzawy.pl\/index.php\/wp-json\/wp\/v2\/pages"}],"about":[{"href":"http:\/\/spmlodzawy.pl\/index.php\/wp-json\/wp\/v2\/types\/page"}],"author":[{"embeddable":true,"href":"http:\/\/spmlodzawy.pl\/index.php\/wp-json\/wp\/v2\/users\/1"}],"replies":[{"embeddable":true,"href":"http:\/\/spmlodzawy.pl\/index.php\/wp-json\/wp\/v2\/comments?post=32831"}],"version-history":[{"count":3,"href":"http:\/\/spmlodzawy.pl\/index.php\/wp-json\/wp\/v2\/pages\/32831\/revisions"}],"predecessor-version":[{"id":34407,"href":"http:\/\/spmlodzawy.pl\/index.php\/wp-json\/wp\/v2\/pages\/32831\/revisions\/34407"}],"wp:attachment":[{"href":"http:\/\/spmlodzawy.pl\/index.php\/wp-json\/wp\/v2\/media?parent=32831"}],"curies":[{"name":"wp","href":"https:\/\/api.w.org\/{rel}","templated":true}]}}