{"id":32841,"date":"2022-01-19T11:45:16","date_gmt":"2022-01-19T10:45:16","guid":{"rendered":"http:\/\/spmlodzawy.pl\/?page_id=32841"},"modified":"2022-01-19T11:46:00","modified_gmt":"2022-01-19T10:46:00","slug":"natalka-i-antek-w-swiecie-wielkiej-matematyki-2022","status":"publish","type":"page","link":"http:\/\/spmlodzawy.pl\/index.php\/natalka-i-antek-w-swiecie-wielkiej-matematyki-2022\/","title":{"rendered":"NATALKA I ANTEK W \u015aWIECIE WIELKIEJ MATEMATYKI 2022"},"content":{"rendered":"<p style=\"text-align: justify;\"><img decoding=\"async\" loading=\"lazy\" class=\"alignleft\" title=\"logo (5).png\" src=\"https:\/\/www.mac.pl\/uploads\/media\/default\/0001\/16\/87c5950dde62145ac3259d16b46ada733b078b8b.png\" alt=\"logo (5).png\" width=\"155\" height=\"137\" \/><em><strong>\u201eNatalka i Antek w \u015bwiecie wielkiej matematyki\u201d to projekt matematyczny wydawnictwa MAC<\/strong><\/em>, realizowany od lutego do maja 2022 roku. Przyst\u0105pili do niego uczniowie klasy III. Projekt sk\u0142ada si\u0119 z czterech modu\u0142\u00f3w, ka\u017cdy jest realizowany przez miesi\u0105c.<\/p>\n<p style=\"text-align: justify;\">Poprzez udzia\u0142 w zaj\u0119ciach odkryjemy, jak matematyka mo\u017ce przyda\u0107 si\u0119 w kuchni, sprawdzimy, czy architekci korzystaj\u0105 z kalkulator\u00f3w i czy za pieni\u0105dze ze skarbonki mo\u017cna kupi\u0107 ca\u0142y sklep.<\/p>\n","protected":false},"excerpt":{"rendered":"<p>\u201eNatalka i Antek w \u015bwiecie wielkiej matematyki\u201d to projekt matematyczny wydawnictwa MAC, realizowany od lutego do maja 2022 roku. Przyst\u0105pili do niego uczniowie klasy III. Projekt sk\u0142ada si\u0119 z czterech modu\u0142\u00f3w, ka\u017cdy jest realizowany przez miesi\u0105c. Poprzez udzia\u0142 w zaj\u0119ciach &hellip; <a href=\"http:\/\/spmlodzawy.pl\/index.php\/natalka-i-antek-w-swiecie-wielkiej-matematyki-2022\/\">Czytaj dalej <span class=\"meta-nav\">&rarr;<\/span><\/a><\/p>\n","protected":false},"author":1,"featured_media":0,"parent":0,"menu_order":0,"comment_status":"closed","ping_status":"closed","template":"","meta":[],"_links":{"self":[{"href":"http:\/\/spmlodzawy.pl\/index.php\/wp-json\/wp\/v2\/pages\/32841"}],"collection":[{"href":"http:\/\/spmlodzawy.pl\/index.php\/wp-json\/wp\/v2\/pages"}],"about":[{"href":"http:\/\/spmlodzawy.pl\/index.php\/wp-json\/wp\/v2\/types\/page"}],"author":[{"embeddable":true,"href":"http:\/\/spmlodzawy.pl\/index.php\/wp-json\/wp\/v2\/users\/1"}],"replies":[{"embeddable":true,"href":"http:\/\/spmlodzawy.pl\/index.php\/wp-json\/wp\/v2\/comments?post=32841"}],"version-history":[{"count":1,"href":"http:\/\/spmlodzawy.pl\/index.php\/wp-json\/wp\/v2\/pages\/32841\/revisions"}],"predecessor-version":[{"id":32842,"href":"http:\/\/spmlodzawy.pl\/index.php\/wp-json\/wp\/v2\/pages\/32841\/revisions\/32842"}],"wp:attachment":[{"href":"http:\/\/spmlodzawy.pl\/index.php\/wp-json\/wp\/v2\/media?parent=32841"}],"curies":[{"name":"wp","href":"https:\/\/api.w.org\/{rel}","templated":true}]}}