{"id":37046,"date":"2022-06-30T18:15:28","date_gmt":"2022-06-30T16:15:28","guid":{"rendered":"http:\/\/spmlodzawy.pl\/?page_id=37046"},"modified":"2022-06-30T18:18:53","modified_gmt":"2022-06-30T16:18:53","slug":"poznaj-polske-2022","status":"publish","type":"page","link":"http:\/\/spmlodzawy.pl\/index.php\/poznaj-polske-2022\/","title":{"rendered":"POZNAJ POLSK\u0118 2022"},"content":{"rendered":"<p style=\"text-align: justify;\"><b><img decoding=\"async\" loading=\"lazy\" class=\" wp-image-35752 alignleft\" src=\"http:\/\/spmlodzawy.pl\/wp-content\/uploads\/2022\/05\/aHR0cHM6Ly93d3cuZ21pbmFqYXNsby5wbC9maWxlcy9aZGplY2lhXzIwMjEvaW5uZV96ZGplY2lhL3Bvem5hal9wb2xza2VfbWVpbi5wbmc-300x84.png\" sizes=\"(max-width: 279px) 100vw, 279px\" srcset=\"http:\/\/spmlodzawy.pl\/wp-content\/uploads\/2022\/05\/aHR0cHM6Ly93d3cuZ21pbmFqYXNsby5wbC9maWxlcy9aZGplY2lhXzIwMjEvaW5uZV96ZGplY2lhL3Bvem5hal9wb2xza2VfbWVpbi5wbmc-300x84.png 300w, http:\/\/spmlodzawy.pl\/wp-content\/uploads\/2022\/05\/aHR0cHM6Ly93d3cuZ21pbmFqYXNsby5wbC9maWxlcy9aZGplY2lhXzIwMjEvaW5uZV96ZGplY2lhL3Bvem5hal9wb2xza2VfbWVpbi5wbmc-768x215.png 768w, http:\/\/spmlodzawy.pl\/wp-content\/uploads\/2022\/05\/aHR0cHM6Ly93d3cuZ21pbmFqYXNsby5wbC9maWxlcy9aZGplY2lhXzIwMjEvaW5uZV96ZGplY2lhL3Bvem5hal9wb2xza2VfbWVpbi5wbmc.png 898w\" alt=\"\" width=\"279\" height=\"78\" \/>\u201ePoznaj Polsk\u0119\u201d to projekt Ministerstwo Edukacji i Nauki. <\/b>Przyznawane przez Ministra w formie dotacji celowej \u015brodki finansowe przeznaczane s\u0105 na dofinansowanie wycieczek szkolnych zwi\u0105zanych z priorytetowymi obszarami edukacyjnymi wskazanymi przez Ministra.<\/p>\n<p style=\"text-align: justify;\">Przedmiotem przedsi\u0119wzi\u0119cia jest wsparcie organ\u00f3w prowadz\u0105cych publiczne i niepubliczne szko\u0142y dla dzieci i m\u0142odzie\u017cy w realizacji zada\u0144 maj\u0105cych na celu uatrakcyjnienie procesu edukacyjnego dzieci i m\u0142odzie\u017cy poprzez umo\u017cliwienie im poznawania Polski, jej \u015brodowiska przyrodniczego, tradycji, zabytk\u00f3w kultury i historii oraz osi\u0105gni\u0119\u0107 polskiej nauki.<\/p>\n<p style=\"text-align: justify;\">Przedsi\u0119wzi\u0119cie ma wspom\u00f3c realizacj\u0119 podstaw programowych, pozwoli urozmaici\u0107 zaj\u0119cia lekcyjne, dzi\u0119ki czemu nauka nabierze praktycznego wymiaru. Uczenie si\u0119 oparte na praktycznym odkrywaniu \u015blad\u00f3w historii, czy te\u017c eksperymentowaniu w centrach nauki stworzy uczniom warunki do zdobywania nowych umiej\u0119tno\u015bci w niepowtarzalnym \u015brodowisku edukacyjnym.<\/p>\n<p style=\"text-align: justify;\">W ramach projektu dla m\u0142odszych uczni\u00f3w z klas I-III zaplanowano jednodniowy wyjazd edukacyjny\u00a0 do \u0106mielowa, Opatowa i w G\u00f3ry \u015awi\u0119tokrzyskie. Uczniowie klas IV-VIII b\u0119d\u0105 mieli okazj\u0119 uczestniczy\u0107 w trzydniowym wyje\u017adzie w Sudety.<\/p>\n<p>Termin realizacji przedsi\u0119wzi\u0119cia: 04 kwietnia &#8211; 24 czerwca 2022 roku.<\/p>\n<p>&nbsp;<\/p>\n","protected":false},"excerpt":{"rendered":"<p>\u201ePoznaj Polsk\u0119\u201d to projekt Ministerstwo Edukacji i Nauki. Przyznawane przez Ministra w formie dotacji celowej \u015brodki finansowe przeznaczane s\u0105 na dofinansowanie wycieczek szkolnych zwi\u0105zanych z priorytetowymi obszarami edukacyjnymi wskazanymi przez Ministra. Przedmiotem przedsi\u0119wzi\u0119cia jest wsparcie organ\u00f3w prowadz\u0105cych publiczne i niepubliczne &hellip; <a href=\"http:\/\/spmlodzawy.pl\/index.php\/poznaj-polske-2022\/\">Czytaj dalej <span class=\"meta-nav\">&rarr;<\/span><\/a><\/p>\n","protected":false},"author":1,"featured_media":0,"parent":0,"menu_order":0,"comment_status":"closed","ping_status":"closed","template":"","meta":[],"_links":{"self":[{"href":"http:\/\/spmlodzawy.pl\/index.php\/wp-json\/wp\/v2\/pages\/37046"}],"collection":[{"href":"http:\/\/spmlodzawy.pl\/index.php\/wp-json\/wp\/v2\/pages"}],"about":[{"href":"http:\/\/spmlodzawy.pl\/index.php\/wp-json\/wp\/v2\/types\/page"}],"author":[{"embeddable":true,"href":"http:\/\/spmlodzawy.pl\/index.php\/wp-json\/wp\/v2\/users\/1"}],"replies":[{"embeddable":true,"href":"http:\/\/spmlodzawy.pl\/index.php\/wp-json\/wp\/v2\/comments?post=37046"}],"version-history":[{"count":4,"href":"http:\/\/spmlodzawy.pl\/index.php\/wp-json\/wp\/v2\/pages\/37046\/revisions"}],"predecessor-version":[{"id":37051,"href":"http:\/\/spmlodzawy.pl\/index.php\/wp-json\/wp\/v2\/pages\/37046\/revisions\/37051"}],"wp:attachment":[{"href":"http:\/\/spmlodzawy.pl\/index.php\/wp-json\/wp\/v2\/media?parent=37046"}],"curies":[{"name":"wp","href":"https:\/\/api.w.org\/{rel}","templated":true}]}}