{"id":37053,"date":"2022-06-30T18:31:07","date_gmt":"2022-06-30T16:31:07","guid":{"rendered":"http:\/\/spmlodzawy.pl\/?page_id=37053"},"modified":"2022-06-30T18:47:25","modified_gmt":"2022-06-30T16:47:25","slug":"laboratoria-przyszlosci","status":"publish","type":"page","link":"http:\/\/spmlodzawy.pl\/index.php\/laboratoria-przyszlosci\/","title":{"rendered":"LABORATORIA PRZYSZ\u0141O\u015aCI"},"content":{"rendered":"<p style=\"text-align: justify;\"><em><strong><img decoding=\"async\" loading=\"lazy\" class=\"wp-image-37054 alignleft\" src=\"http:\/\/spmlodzawy.pl\/wp-content\/uploads\/2022\/06\/labolatoria-przyszlosci-pghzvu64uj9zjfjuxrnv5jykm52okj6tty0a0d541k-300x180.jpg\" alt=\"\" width=\"181\" height=\"109\" srcset=\"http:\/\/spmlodzawy.pl\/wp-content\/uploads\/2022\/06\/labolatoria-przyszlosci-pghzvu64uj9zjfjuxrnv5jykm52okj6tty0a0d541k-300x180.jpg 300w, http:\/\/spmlodzawy.pl\/wp-content\/uploads\/2022\/06\/labolatoria-przyszlosci-pghzvu64uj9zjfjuxrnv5jykm52okj6tty0a0d541k.jpg 500w\" sizes=\"(max-width: 181px) 100vw, 181px\" \/>Laboratoria Przysz\u0142o\u015bci to inicjatywa edukacyjna realizowana przez Ministerstwo Edukacji i Nauki we wsp\u00f3\u0142pracy z Centrum GovTech w Kancelarii Prezesa Rady Ministr\u00f3w.<\/strong><\/em> Nasz\u0105 wsp\u00f3ln\u0105 misj\u0105 jest stworzenie nowoczesnej szko\u0142y, w kt\u00f3rej zaj\u0119cia b\u0119d\u0105 prowadzone w spos\u00f3b ciekawy, anga\u017cuj\u0105cy uczni\u00f3w oraz sprzyjaj\u0105cy odkrywaniu ich talent\u00f3w i rozwijaniu zainteresowa\u0144.<\/p>\n<p style=\"text-align: justify;\">Celem inicjatywy jest wsparcie wszystkich szk\u00f3\u0142 podstawowych w budowaniu w\u015br\u00f3d uczni\u00f3w kompetencji przysz\u0142o\u015bci z tzw. kierunk\u00f3w STEAM (nauka, technologia, in\u017cynieria, sztuka oraz matematyka). W ramach Laboratori\u00f3w Przysz\u0142o\u015bci organy prowadz\u0105ce szko\u0142y otrzymaj\u0105 od pa\u0144stwa wsparcie finansowe warte ponad miliard z\u0142otych, dzi\u0119ki kt\u00f3remu miliony polskich uczni\u00f3w b\u0119d\u0105 mog\u0142y uczy\u0107 si\u0119 poprzez eksperymentowanie i zdobywa\u0107 w ten spos\u00f3b praktyczne umiej\u0119tno\u015bci. Wsparcie b\u0119dzie przekazane w ca\u0142o\u015bci z g\u00f3ry &#8211; bez konieczno\u015bci wniesienia wk\u0142adu w\u0142asnego.<\/p>\n<p style=\"text-align: justify;\">W ramach projektu nasza szko\u0142a uzyska\u0142a wsparcie finansowe na zakup nowoczesnego\u00a0 wyposa\u017cenia technicznego potrzebnego w\u202fkszta\u0142towaniu i\u202frozwijaniu umiej\u0119tno\u015bci manualnych i technicznych, umiej\u0119tno\u015bci samodzielnego i krytycznego my\u015blenia, zdolno\u015bci my\u015blenia matematycznego oraz umiej\u0119tno\u015bci w zakresie nauk przyrodniczych, technologii i in\u017cynierii, stosowania technologii informacyjno-komunikacyjnych, jak r\u00f3wnie\u017c pracy zespo\u0142owej, dobrej organizacji i dbania o\u202fporz\u0105dek na stanowisku pracy oraz radzenia sobie w \u017cyciu codziennym.<\/p>\n","protected":false},"excerpt":{"rendered":"<p>Laboratoria Przysz\u0142o\u015bci to inicjatywa edukacyjna realizowana przez Ministerstwo Edukacji i Nauki we wsp\u00f3\u0142pracy z Centrum GovTech w Kancelarii Prezesa Rady Ministr\u00f3w. Nasz\u0105 wsp\u00f3ln\u0105 misj\u0105 jest stworzenie nowoczesnej szko\u0142y, w kt\u00f3rej zaj\u0119cia b\u0119d\u0105 prowadzone w spos\u00f3b ciekawy, anga\u017cuj\u0105cy uczni\u00f3w oraz sprzyjaj\u0105cy &hellip; <a href=\"http:\/\/spmlodzawy.pl\/index.php\/laboratoria-przyszlosci\/\">Czytaj dalej <span class=\"meta-nav\">&rarr;<\/span><\/a><\/p>\n","protected":false},"author":1,"featured_media":0,"parent":0,"menu_order":0,"comment_status":"closed","ping_status":"closed","template":"","meta":[],"_links":{"self":[{"href":"http:\/\/spmlodzawy.pl\/index.php\/wp-json\/wp\/v2\/pages\/37053"}],"collection":[{"href":"http:\/\/spmlodzawy.pl\/index.php\/wp-json\/wp\/v2\/pages"}],"about":[{"href":"http:\/\/spmlodzawy.pl\/index.php\/wp-json\/wp\/v2\/types\/page"}],"author":[{"embeddable":true,"href":"http:\/\/spmlodzawy.pl\/index.php\/wp-json\/wp\/v2\/users\/1"}],"replies":[{"embeddable":true,"href":"http:\/\/spmlodzawy.pl\/index.php\/wp-json\/wp\/v2\/comments?post=37053"}],"version-history":[{"count":3,"href":"http:\/\/spmlodzawy.pl\/index.php\/wp-json\/wp\/v2\/pages\/37053\/revisions"}],"predecessor-version":[{"id":37058,"href":"http:\/\/spmlodzawy.pl\/index.php\/wp-json\/wp\/v2\/pages\/37053\/revisions\/37058"}],"wp:attachment":[{"href":"http:\/\/spmlodzawy.pl\/index.php\/wp-json\/wp\/v2\/media?parent=37053"}],"curies":[{"name":"wp","href":"https:\/\/api.w.org\/{rel}","templated":true}]}}