{"id":38391,"date":"2022-09-23T05:58:03","date_gmt":"2022-09-23T03:58:03","guid":{"rendered":"http:\/\/spmlodzawy.pl\/?page_id=38391"},"modified":"2022-09-24T10:36:04","modified_gmt":"2022-09-24T08:36:04","slug":"38391-2","status":"publish","type":"page","link":"http:\/\/spmlodzawy.pl\/index.php\/38391-2\/","title":{"rendered":"\u201eNatalka i Antek w \u015bwiecie wielkiej matematyki 2023\u201d"},"content":{"rendered":"<p style=\"text-align: justify;\"><em><strong><img decoding=\"async\" loading=\"lazy\" class=\"alignleft\" src=\"https:\/\/www.mac.pl\/uploads\/media\/default\/0001\/17\/c97d1296923d8c47dac0d8dfd8a0058c9a7b3b0a.png\" alt=\"logo (5).png\" width=\"140\" height=\"123\" \/>\u201eNatalka i Antek w \u015bwiecie wielkiej matematyki\u201d to kolejna edycja projektu matematycznego wydawnictwa MAC<\/strong><\/em>, tym razem realizowanego od pa\u017adziernika do maja 2023 roku. <strong>Przyst\u0105pili do niego uczniowie klasy I.<\/strong><\/p>\n<p style=\"text-align: justify;\">G\u0142\u00f3wnym celem projektu jest zaprzyja\u017anienie dzieci z matematyk\u0105. Budowanie \u015bwiadomo\u015bci, \u017ce jest ona obecna we wszystkich dziedzinach \u017cycia, otacza nas na co dzie\u0144. Natalka i Antek zach\u0119c\u0105 dzieci do poznawania matematyki poprzez wykonywanie zada\u0144, ale nie tych z podr\u0119cznika. Nauczyciel krok po kroku wprowadza ich w \u015bwiat wielkiej matematyki.<\/p>\n<p style=\"text-align: justify;\">Projekt sk\u0142ada si\u0119 z o\u015bmiu modu\u0142\u00f3w o r\u00f3\u017cnorodnej tematyce, ka\u017cdy realizowany jest przez miesi\u0105c. S\u0105 to nast\u0119puj\u0105ce modu\u0142y:<br \/>\n&#8211; Matematyka na drodze,<br \/>\n&#8211; Matematyka u krawca,<br \/>\n&#8211; Matematyka na \u015bwi\u0119ta,<br \/>\n&#8211; Matematyka w muzyce,<br \/>\n&#8211; Matematyka w architekturze,<br \/>\n&#8211; Matematyka w kinie,<br \/>\n&#8211; Matematyka w ZOO,<br \/>\n&#8211; Matematyka w parku.<\/p>\n<p>&nbsp;<\/p>\n","protected":false},"excerpt":{"rendered":"<p>\u201eNatalka i Antek w \u015bwiecie wielkiej matematyki\u201d to kolejna edycja projektu matematycznego wydawnictwa MAC, tym razem realizowanego od pa\u017adziernika do maja 2023 roku. Przyst\u0105pili do niego uczniowie klasy I. G\u0142\u00f3wnym celem projektu jest zaprzyja\u017anienie dzieci z matematyk\u0105. Budowanie \u015bwiadomo\u015bci, \u017ce &hellip; <a href=\"http:\/\/spmlodzawy.pl\/index.php\/38391-2\/\">Czytaj dalej <span class=\"meta-nav\">&rarr;<\/span><\/a><\/p>\n","protected":false},"author":1,"featured_media":0,"parent":0,"menu_order":0,"comment_status":"closed","ping_status":"closed","template":"","meta":[],"_links":{"self":[{"href":"http:\/\/spmlodzawy.pl\/index.php\/wp-json\/wp\/v2\/pages\/38391"}],"collection":[{"href":"http:\/\/spmlodzawy.pl\/index.php\/wp-json\/wp\/v2\/pages"}],"about":[{"href":"http:\/\/spmlodzawy.pl\/index.php\/wp-json\/wp\/v2\/types\/page"}],"author":[{"embeddable":true,"href":"http:\/\/spmlodzawy.pl\/index.php\/wp-json\/wp\/v2\/users\/1"}],"replies":[{"embeddable":true,"href":"http:\/\/spmlodzawy.pl\/index.php\/wp-json\/wp\/v2\/comments?post=38391"}],"version-history":[{"count":16,"href":"http:\/\/spmlodzawy.pl\/index.php\/wp-json\/wp\/v2\/pages\/38391\/revisions"}],"predecessor-version":[{"id":38416,"href":"http:\/\/spmlodzawy.pl\/index.php\/wp-json\/wp\/v2\/pages\/38391\/revisions\/38416"}],"wp:attachment":[{"href":"http:\/\/spmlodzawy.pl\/index.php\/wp-json\/wp\/v2\/media?parent=38391"}],"curies":[{"name":"wp","href":"https:\/\/api.w.org\/{rel}","templated":true}]}}