{"id":38408,"date":"2022-09-23T07:55:05","date_gmt":"2022-09-23T05:55:05","guid":{"rendered":"http:\/\/spmlodzawy.pl\/?page_id=38408"},"modified":"2022-09-24T10:40:25","modified_gmt":"2022-09-24T08:40:25","slug":"lapbookowa-nauka-cztery-pory-roku","status":"publish","type":"page","link":"http:\/\/spmlodzawy.pl\/index.php\/lapbookowa-nauka-cztery-pory-roku\/","title":{"rendered":"LAPBOOKOWA NAUKA \u2013 CZTERY PORY ROKU"},"content":{"rendered":"<p style=\"text-align: justify;\"><img decoding=\"async\" loading=\"lazy\" class=\"wp-image-38417 alignleft\" src=\"http:\/\/spmlodzawy.pl\/wp-content\/uploads\/2022\/09\/53.png\" alt=\"\" width=\"111\" height=\"111\" srcset=\"http:\/\/spmlodzawy.pl\/wp-content\/uploads\/2022\/09\/53.png 250w, http:\/\/spmlodzawy.pl\/wp-content\/uploads\/2022\/09\/53-150x150.png 150w\" sizes=\"(max-width: 111px) 100vw, 111px\" \/> Innowacja ma zapewni\u0107 wysok\u0105 jako\u015b\u0107 kszta\u0142cenia z uwzgl\u0119dnieniem zr\u00f3\u017cnicowanych potrzeb edukacyjnych uczni\u00f3w. G\u0142\u00f3wnym celem wprowadzanej innowacji jest uporz\u0105dkowanie, systematyzowanie i utrwalania wiadomo\u015bci o porach roku.<\/p>\n<p style=\"text-align: justify;\">Lapbook to \u00a0rodzaj teczki tematycznej i obrazkowej mapy my\u015bli, w kt\u00f3rej\u00a0 umieszcza si\u0119 informacje, ciekawostki, zadania i zagadki na wybrany temat. To wszystko jest przedstawione w ciekawej formie graficznej: przegr\u00f3dek, kieszonek, zak\u0142adek , harmonijek czy \u00a0mini-ksi\u0105\u017ceczek.<\/p>\n<p style=\"text-align: justify;\"><strong>Cele innowacji:<\/strong><\/p>\n<ul>\n<li style=\"text-align: justify;\">uatrakcyjnienie zaj\u0119\u0107 edukacyjnych,<\/li>\n<li style=\"text-align: justify;\">poszerzenie wiedzy o porach roku,<\/li>\n<li style=\"text-align: justify;\">zwi\u0119kszenie motywacji uczni\u00f3w do samodzielnej nauki,<\/li>\n<li style=\"text-align: justify;\">rozwijanie umiej\u0119tno\u015bci atrakcyjnego sposobu przedstawianie zdobytej wiedzy,<\/li>\n<li>powt\u00f3rki materia\u0142u,<\/li>\n<li>wdra\u017canie do staranno\u015bci,<\/li>\n<li>rozwijanie motoryki r\u0119ki,<\/li>\n<li>rozwijanie kreatywno\u015bci,<\/li>\n<li>nauka organizacji pracy.<\/li>\n<\/ul>\n<p>W bie\u017c\u0105cym roku szkolnym innowacja b\u0119dzie wprowadzona w klasie I.<\/p>\n","protected":false},"excerpt":{"rendered":"<p>Innowacja ma zapewni\u0107 wysok\u0105 jako\u015b\u0107 kszta\u0142cenia z uwzgl\u0119dnieniem zr\u00f3\u017cnicowanych potrzeb edukacyjnych uczni\u00f3w. G\u0142\u00f3wnym celem wprowadzanej innowacji jest uporz\u0105dkowanie, systematyzowanie i utrwalania wiadomo\u015bci o porach roku. Lapbook to \u00a0rodzaj teczki tematycznej i obrazkowej mapy my\u015bli, w kt\u00f3rej\u00a0 umieszcza si\u0119 informacje, ciekawostki, &hellip; <a href=\"http:\/\/spmlodzawy.pl\/index.php\/lapbookowa-nauka-cztery-pory-roku\/\">Czytaj dalej <span class=\"meta-nav\">&rarr;<\/span><\/a><\/p>\n","protected":false},"author":1,"featured_media":0,"parent":0,"menu_order":0,"comment_status":"closed","ping_status":"closed","template":"","meta":[],"_links":{"self":[{"href":"http:\/\/spmlodzawy.pl\/index.php\/wp-json\/wp\/v2\/pages\/38408"}],"collection":[{"href":"http:\/\/spmlodzawy.pl\/index.php\/wp-json\/wp\/v2\/pages"}],"about":[{"href":"http:\/\/spmlodzawy.pl\/index.php\/wp-json\/wp\/v2\/types\/page"}],"author":[{"embeddable":true,"href":"http:\/\/spmlodzawy.pl\/index.php\/wp-json\/wp\/v2\/users\/1"}],"replies":[{"embeddable":true,"href":"http:\/\/spmlodzawy.pl\/index.php\/wp-json\/wp\/v2\/comments?post=38408"}],"version-history":[{"count":2,"href":"http:\/\/spmlodzawy.pl\/index.php\/wp-json\/wp\/v2\/pages\/38408\/revisions"}],"predecessor-version":[{"id":38421,"href":"http:\/\/spmlodzawy.pl\/index.php\/wp-json\/wp\/v2\/pages\/38408\/revisions\/38421"}],"wp:attachment":[{"href":"http:\/\/spmlodzawy.pl\/index.php\/wp-json\/wp\/v2\/media?parent=38408"}],"curies":[{"name":"wp","href":"https:\/\/api.w.org\/{rel}","templated":true}]}}