{"id":38714,"date":"2022-10-01T11:56:46","date_gmt":"2022-10-01T09:56:46","guid":{"rendered":"http:\/\/spmlodzawy.pl\/?page_id=38714"},"modified":"2022-10-01T12:01:40","modified_gmt":"2022-10-01T10:01:40","slug":"czytam-z-klasa-lekturki-spod-chmurki-iv-edycja","status":"publish","type":"page","link":"http:\/\/spmlodzawy.pl\/index.php\/czytam-z-klasa-lekturki-spod-chmurki-iv-edycja\/","title":{"rendered":"\u201eCZYTAM Z KLAS\u0104 \u2013 lekturki spod chmurki\u201d &#8211; IV Edycja"},"content":{"rendered":"<div class=\"entry-content\">\n<p style=\"text-align: justify;\"><strong><img decoding=\"async\" loading=\"lazy\" class=\"wp-image-38719 alignleft\" src=\"http:\/\/spmlodzawy.pl\/wp-content\/uploads\/2022\/10\/logo_czytam_z_klasa_2-300x300.png\" alt=\"\" width=\"131\" height=\"131\" srcset=\"http:\/\/spmlodzawy.pl\/wp-content\/uploads\/2022\/10\/logo_czytam_z_klasa_2-300x300.png 300w, http:\/\/spmlodzawy.pl\/wp-content\/uploads\/2022\/10\/logo_czytam_z_klasa_2-150x150.png 150w, http:\/\/spmlodzawy.pl\/wp-content\/uploads\/2022\/10\/logo_czytam_z_klasa_2-768x768.png 768w, http:\/\/spmlodzawy.pl\/wp-content\/uploads\/2022\/10\/logo_czytam_z_klasa_2-1024x1024.png 1024w, http:\/\/spmlodzawy.pl\/wp-content\/uploads\/2022\/10\/logo_czytam_z_klasa_2.png 1200w\" sizes=\"(max-width: 131px) 100vw, 131px\" \/>UCZESTNIKAMI <\/strong>projektu s\u0105 uczniowie klas I-III szk\u00f3\u0142 podstawowych z terenu ca\u0142ego kraju oraz zagranicznych szk\u00f3\u0142 polonijnych. Za uczestnika uznaje si\u0119 jeden zesp\u00f3\u0142 klasowy lub grup\u0119 \u015bwietlicow\u0105.<\/p>\n<p><strong>CELE PROJEKTU:<\/strong><\/p>\n<ul>\n<li>rozbudzanie u uczni\u00f3w ciekawo\u015bci literackiej,<\/li>\n<li>rozwijanie aktywno\u015bci czytelniczej,<\/li>\n<li>doskonalenie czytania ze zrozumieniem oraz aktywnego s\u0142uchania,<\/li>\n<li>zach\u0119canie rodzic\u00f3w do czytania dzieciom,<\/li>\n<li>integracja zespo\u0142u klasowego,<\/li>\n<li>wsp\u00f3\u0142praca plac\u00f3wek o\u015bwiatowych z terenu ca\u0142ego kraju i zagranicznych szk\u00f3\u0142 polonijnych.<\/li>\n<\/ul>\n<p style=\"text-align: justify;\">W bie\u017c\u0105cym roku szkolnym do projektu przyst\u0119puj\u0105 uczniowie klas II i III.<\/p>\n<\/div>\n","protected":false},"excerpt":{"rendered":"<p>UCZESTNIKAMI projektu s\u0105 uczniowie klas I-III szk\u00f3\u0142 podstawowych z terenu ca\u0142ego kraju oraz zagranicznych szk\u00f3\u0142 polonijnych. Za uczestnika uznaje si\u0119 jeden zesp\u00f3\u0142 klasowy lub grup\u0119 \u015bwietlicow\u0105. CELE PROJEKTU: rozbudzanie u uczni\u00f3w ciekawo\u015bci literackiej, rozwijanie aktywno\u015bci czytelniczej, doskonalenie czytania ze zrozumieniem &hellip; <a href=\"http:\/\/spmlodzawy.pl\/index.php\/czytam-z-klasa-lekturki-spod-chmurki-iv-edycja\/\">Czytaj dalej <span class=\"meta-nav\">&rarr;<\/span><\/a><\/p>\n","protected":false},"author":1,"featured_media":0,"parent":0,"menu_order":0,"comment_status":"closed","ping_status":"closed","template":"","meta":[],"_links":{"self":[{"href":"http:\/\/spmlodzawy.pl\/index.php\/wp-json\/wp\/v2\/pages\/38714"}],"collection":[{"href":"http:\/\/spmlodzawy.pl\/index.php\/wp-json\/wp\/v2\/pages"}],"about":[{"href":"http:\/\/spmlodzawy.pl\/index.php\/wp-json\/wp\/v2\/types\/page"}],"author":[{"embeddable":true,"href":"http:\/\/spmlodzawy.pl\/index.php\/wp-json\/wp\/v2\/users\/1"}],"replies":[{"embeddable":true,"href":"http:\/\/spmlodzawy.pl\/index.php\/wp-json\/wp\/v2\/comments?post=38714"}],"version-history":[{"count":4,"href":"http:\/\/spmlodzawy.pl\/index.php\/wp-json\/wp\/v2\/pages\/38714\/revisions"}],"predecessor-version":[{"id":38720,"href":"http:\/\/spmlodzawy.pl\/index.php\/wp-json\/wp\/v2\/pages\/38714\/revisions\/38720"}],"wp:attachment":[{"href":"http:\/\/spmlodzawy.pl\/index.php\/wp-json\/wp\/v2\/media?parent=38714"}],"curies":[{"name":"wp","href":"https:\/\/api.w.org\/{rel}","templated":true}]}}